{"id":20741,"date":"2020-06-30T08:27:06","date_gmt":"2020-06-30T06:27:06","guid":{"rendered":"https:\/\/saksavorst.ee\/product\/garsvielas-cepsanai-spiessbraten-svs-1-kg-iepakojums\/"},"modified":"2025-09-15T13:03:24","modified_gmt":"2025-09-15T11:03:24","slug":"garsvielu-maisijums-steikiem-spiessbraten-1kg","status":"publish","type":"product","link":"https:\/\/saksavorst.ee\/lv\/produkts\/garsvielu-maisijums-steikiem-spiessbraten-1kg\/","title":{"rendered":"Gar\u0161vielu mais\u012bjums steikiem SPIESSBRATEN 1kg"},"content":{"rendered":"<h4><strong>SPIESSBRATEN SVS<\/strong><\/h4>\n<h4><strong>Sast\u0101vda\u013cas:<\/strong><\/h4>\n<p>Jod\u0113ts s\u0101ls, gar\u0161vielas (paprika), s\u012bpoli, cukurs, hidroliz\u0113ts augu prote\u012bns (HVP), piln\u012bb\u0101 hidrogen\u0113ta saulespu\u0137u e\u013c\u013ca, p\u0113ters\u012b\u013ci, gar\u0161vielu ekstrakti<\/p>\n<p>Daudzums: 1 kg<\/p>\n<p>Ieteicam\u0101 deva: 15\u201320 g\/kg vai p\u0113c v\u0113l\u0113\u0161an\u0101s<\/p>\n<p>Uzglab\u0101t v\u0113s\u0101 (11\u201325 \u00b0C), saus\u0101 un tum\u0161\u0101 viet\u0101<\/p>\n<p>Ieteicams l\u012bdz: skat\u012bt uz iepakojuma<\/p>\n<h4><strong>Uzturv\u0113rt\u012bba \u2013 100 g produkta satur:<\/strong><\/h4>\n<p>Ener\u0123\u0113tisk\u0101 v\u0113rt\u012bba 960 kJ \/ 229 kcal<br \/>\nTauki 8,4 g<br \/>\nno tiem pies\u0101tin\u0101tie tauki 6,4 g<br \/>\nOg\u013chidr\u0101ti 27 g<br \/>\nno tiem cukuri 16 g<br \/>\nOlbaltumvielas 6,7 g<br \/>\nS\u0101ls 41,2 g<\/p>\n<p>Ra\u017eots: V\u0101cij\u0101<\/p>\n<p>Ra\u017eot\u0101js: RAPS GmbH &amp; Co. KG<\/p>\n","protected":false},"excerpt":{"rendered":"<p>Gar\u0161vielas cep\u0161anai cepe\u0161kr\u0101sn\u012b ceptu un citu ga\u013cas veidu aromatiz\u0113\u0161anai.<\/p>\n","protected":false},"featured_media":23292,"template":"","meta":{"_acf_changed":false},"product_brand":[],"product_cat":[373,375,367],"product_tag":[],"class_list":{"0":"post-20741","1":"product","2":"type-product","3":"status-publish","4":"has-post-thumbnail","6":"product_cat-maltas-galas-izstradajumiem","7":"product_cat-garsvielas-garsvielas","8":"product_cat-garsvielas","10":"first","11":"instock","12":"taxable","13":"shipping-taxable","14":"purchasable","15":"product-type-simple"},"acf":[],"yoast_head":"<!-- This site is optimized with the Yoast SEO plugin v27.3 - https:\/\/yoast.com\/product\/yoast-seo-wordpress\/ -->\n<title>Gar\u0161vielu mais\u012bjums steikiem SPIESSBRATEN 1kg - Saksavorst<\/title>\n<meta name=\"robots\" content=\"index, follow, max-snippet:-1, max-image-preview:large, max-video-preview:-1\" \/>\n<link rel=\"canonical\" href=\"https:\/\/saksavorst.ee\/lv\/produkts\/garsvielu-maisijums-steikiem-spiessbraten-1kg\/\" \/>\n<meta property=\"og:locale\" content=\"lv_LV\" \/>\n<meta property=\"og:type\" content=\"article\" \/>\n<meta property=\"og:title\" content=\"Gar\u0161vielu mais\u012bjums steikiem SPIESSBRATEN 1kg - Saksavorst\" \/>\n<meta property=\"og:description\" content=\"Gar\u0161vielas cep\u0161anai cepe\u0161kr\u0101sn\u012b ceptu un citu ga\u013cas veidu aromatiz\u0113\u0161anai.\" \/>\n<meta property=\"og:url\" content=\"https:\/\/saksavorst.ee\/lv\/produkts\/garsvielu-maisijums-steikiem-spiessbraten-1kg\/\" \/>\n<meta property=\"og:site_name\" content=\"Saksavorst\" \/>\n<meta property=\"article:publisher\" content=\"https:\/\/www.facebook.com\/Veikand\" \/>\n<meta property=\"article:modified_time\" content=\"2025-09-15T11:03:24+00:00\" \/>\n<meta property=\"og:image\" content=\"https:\/\/saksavorst.ee\/wp-content\/uploads\/2020\/06\/Maitseainesegu-praadidele-SPIESSBRATEN.png\" \/>\n\t<meta property=\"og:image:width\" content=\"800\" \/>\n\t<meta property=\"og:image:height\" content=\"800\" \/>\n\t<meta property=\"og:image:type\" content=\"image\/png\" \/>\n<meta name=\"twitter:card\" content=\"summary_large_image\" \/>\n<meta name=\"twitter:label1\" content=\"Est. reading time\" \/>\n\t<meta name=\"twitter:data1\" content=\"1 minute\" \/>\n<script type=\"application\/ld+json\" class=\"yoast-schema-graph\">{\"@context\":\"https:\\\/\\\/schema.org\",\"@graph\":[{\"@type\":\"WebPage\",\"@id\":\"https:\\\/\\\/saksavorst.ee\\\/lv\\\/produkts\\\/garsvielu-maisijums-steikiem-spiessbraten-1kg\\\/\",\"url\":\"https:\\\/\\\/saksavorst.ee\\\/lv\\\/produkts\\\/garsvielu-maisijums-steikiem-spiessbraten-1kg\\\/\",\"name\":\"Gar\u0161vielu mais\u012bjums steikiem SPIESSBRATEN 1kg - Saksavorst\",\"isPartOf\":{\"@id\":\"https:\\\/\\\/saksavorst.ee\\\/lv\\\/#website\"},\"primaryImageOfPage\":{\"@id\":\"https:\\\/\\\/saksavorst.ee\\\/lv\\\/produkts\\\/garsvielu-maisijums-steikiem-spiessbraten-1kg\\\/#primaryimage\"},\"image\":{\"@id\":\"https:\\\/\\\/saksavorst.ee\\\/lv\\\/produkts\\\/garsvielu-maisijums-steikiem-spiessbraten-1kg\\\/#primaryimage\"},\"thumbnailUrl\":\"https:\\\/\\\/saksavorst.ee\\\/wp-content\\\/uploads\\\/2020\\\/06\\\/Maitseainesegu-praadidele-SPIESSBRATEN.png\",\"datePublished\":\"2020-06-30T06:27:06+00:00\",\"dateModified\":\"2025-09-15T11:03:24+00:00\",\"breadcrumb\":{\"@id\":\"https:\\\/\\\/saksavorst.ee\\\/lv\\\/produkts\\\/garsvielu-maisijums-steikiem-spiessbraten-1kg\\\/#breadcrumb\"},\"inLanguage\":\"lv-LV\",\"potentialAction\":[{\"@type\":\"ReadAction\",\"target\":[\"https:\\\/\\\/saksavorst.ee\\\/lv\\\/produkts\\\/garsvielu-maisijums-steikiem-spiessbraten-1kg\\\/\"]}]},{\"@type\":\"ImageObject\",\"inLanguage\":\"lv-LV\",\"@id\":\"https:\\\/\\\/saksavorst.ee\\\/lv\\\/produkts\\\/garsvielu-maisijums-steikiem-spiessbraten-1kg\\\/#primaryimage\",\"url\":\"https:\\\/\\\/saksavorst.ee\\\/wp-content\\\/uploads\\\/2020\\\/06\\\/Maitseainesegu-praadidele-SPIESSBRATEN.png\",\"contentUrl\":\"https:\\\/\\\/saksavorst.ee\\\/wp-content\\\/uploads\\\/2020\\\/06\\\/Maitseainesegu-praadidele-SPIESSBRATEN.png\",\"width\":800,\"height\":800},{\"@type\":\"BreadcrumbList\",\"@id\":\"https:\\\/\\\/saksavorst.ee\\\/lv\\\/produkts\\\/garsvielu-maisijums-steikiem-spiessbraten-1kg\\\/#breadcrumb\",\"itemListElement\":[{\"@type\":\"ListItem\",\"position\":1,\"name\":\"Home\",\"item\":\"https:\\\/\\\/saksavorst.ee\\\/lv\\\/\"},{\"@type\":\"ListItem\",\"position\":2,\"name\":\"Veikals\",\"item\":\"https:\\\/\\\/saksavorst.ee\\\/lv\\\/veikals\\\/\"},{\"@type\":\"ListItem\",\"position\":3,\"name\":\"Gar\u0161vielu mais\u012bjums steikiem SPIESSBRATEN 1kg\"}]},{\"@type\":\"WebSite\",\"@id\":\"https:\\\/\\\/saksavorst.ee\\\/lv\\\/#website\",\"url\":\"https:\\\/\\\/saksavorst.ee\\\/lv\\\/\",\"name\":\"Saksavorst\",\"description\":\"Feel the taste of emotions\",\"publisher\":{\"@id\":\"https:\\\/\\\/saksavorst.ee\\\/lv\\\/#organization\"},\"alternateName\":\"Veikand\",\"potentialAction\":[{\"@type\":\"SearchAction\",\"target\":{\"@type\":\"EntryPoint\",\"urlTemplate\":\"https:\\\/\\\/saksavorst.ee\\\/lv\\\/?s={search_term_string}\"},\"query-input\":{\"@type\":\"PropertyValueSpecification\",\"valueRequired\":true,\"valueName\":\"search_term_string\"}}],\"inLanguage\":\"lv-LV\"},{\"@type\":\"Organization\",\"@id\":\"https:\\\/\\\/saksavorst.ee\\\/lv\\\/#organization\",\"name\":\"Saksavorst\",\"alternateName\":\"Veikand\",\"url\":\"https:\\\/\\\/saksavorst.ee\\\/lv\\\/\",\"logo\":{\"@type\":\"ImageObject\",\"inLanguage\":\"lv-LV\",\"@id\":\"https:\\\/\\\/saksavorst.ee\\\/lv\\\/#\\\/schema\\\/logo\\\/image\\\/\",\"url\":\"https:\\\/\\\/saksavorst.ee\\\/wp-content\\\/uploads\\\/2023\\\/05\\\/veikand-logo.jpg\",\"contentUrl\":\"https:\\\/\\\/saksavorst.ee\\\/wp-content\\\/uploads\\\/2023\\\/05\\\/veikand-logo.jpg\",\"width\":217,\"height\":217,\"caption\":\"Saksavorst\"},\"image\":{\"@id\":\"https:\\\/\\\/saksavorst.ee\\\/lv\\\/#\\\/schema\\\/logo\\\/image\\\/\"},\"sameAs\":[\"https:\\\/\\\/www.facebook.com\\\/Veikand\"]}]}<\/script>\n<!-- \/ Yoast SEO plugin. -->","yoast_head_json":{"title":"Gar\u0161vielu mais\u012bjums steikiem SPIESSBRATEN 1kg - Saksavorst","robots":{"index":"index","follow":"follow","max-snippet":"max-snippet:-1","max-image-preview":"max-image-preview:large","max-video-preview":"max-video-preview:-1"},"canonical":"https:\/\/saksavorst.ee\/lv\/produkts\/garsvielu-maisijums-steikiem-spiessbraten-1kg\/","og_locale":"lv_LV","og_type":"article","og_title":"Gar\u0161vielu mais\u012bjums steikiem SPIESSBRATEN 1kg - Saksavorst","og_description":"Gar\u0161vielas cep\u0161anai cepe\u0161kr\u0101sn\u012b ceptu un citu ga\u013cas veidu aromatiz\u0113\u0161anai.","og_url":"https:\/\/saksavorst.ee\/lv\/produkts\/garsvielu-maisijums-steikiem-spiessbraten-1kg\/","og_site_name":"Saksavorst","article_publisher":"https:\/\/www.facebook.com\/Veikand","article_modified_time":"2025-09-15T11:03:24+00:00","og_image":[{"width":800,"height":800,"url":"https:\/\/saksavorst.ee\/wp-content\/uploads\/2020\/06\/Maitseainesegu-praadidele-SPIESSBRATEN.png","type":"image\/png"}],"twitter_card":"summary_large_image","twitter_misc":{"Est. reading time":"1 minute"},"schema":{"@context":"https:\/\/schema.org","@graph":[{"@type":"WebPage","@id":"https:\/\/saksavorst.ee\/lv\/produkts\/garsvielu-maisijums-steikiem-spiessbraten-1kg\/","url":"https:\/\/saksavorst.ee\/lv\/produkts\/garsvielu-maisijums-steikiem-spiessbraten-1kg\/","name":"Gar\u0161vielu mais\u012bjums steikiem SPIESSBRATEN 1kg - Saksavorst","isPartOf":{"@id":"https:\/\/saksavorst.ee\/lv\/#website"},"primaryImageOfPage":{"@id":"https:\/\/saksavorst.ee\/lv\/produkts\/garsvielu-maisijums-steikiem-spiessbraten-1kg\/#primaryimage"},"image":{"@id":"https:\/\/saksavorst.ee\/lv\/produkts\/garsvielu-maisijums-steikiem-spiessbraten-1kg\/#primaryimage"},"thumbnailUrl":"https:\/\/saksavorst.ee\/wp-content\/uploads\/2020\/06\/Maitseainesegu-praadidele-SPIESSBRATEN.png","datePublished":"2020-06-30T06:27:06+00:00","dateModified":"2025-09-15T11:03:24+00:00","breadcrumb":{"@id":"https:\/\/saksavorst.ee\/lv\/produkts\/garsvielu-maisijums-steikiem-spiessbraten-1kg\/#breadcrumb"},"inLanguage":"lv-LV","potentialAction":[{"@type":"ReadAction","target":["https:\/\/saksavorst.ee\/lv\/produkts\/garsvielu-maisijums-steikiem-spiessbraten-1kg\/"]}]},{"@type":"ImageObject","inLanguage":"lv-LV","@id":"https:\/\/saksavorst.ee\/lv\/produkts\/garsvielu-maisijums-steikiem-spiessbraten-1kg\/#primaryimage","url":"https:\/\/saksavorst.ee\/wp-content\/uploads\/2020\/06\/Maitseainesegu-praadidele-SPIESSBRATEN.png","contentUrl":"https:\/\/saksavorst.ee\/wp-content\/uploads\/2020\/06\/Maitseainesegu-praadidele-SPIESSBRATEN.png","width":800,"height":800},{"@type":"BreadcrumbList","@id":"https:\/\/saksavorst.ee\/lv\/produkts\/garsvielu-maisijums-steikiem-spiessbraten-1kg\/#breadcrumb","itemListElement":[{"@type":"ListItem","position":1,"name":"Home","item":"https:\/\/saksavorst.ee\/lv\/"},{"@type":"ListItem","position":2,"name":"Veikals","item":"https:\/\/saksavorst.ee\/lv\/veikals\/"},{"@type":"ListItem","position":3,"name":"Gar\u0161vielu mais\u012bjums steikiem SPIESSBRATEN 1kg"}]},{"@type":"WebSite","@id":"https:\/\/saksavorst.ee\/lv\/#website","url":"https:\/\/saksavorst.ee\/lv\/","name":"Saksavorst","description":"Feel the taste of emotions","publisher":{"@id":"https:\/\/saksavorst.ee\/lv\/#organization"},"alternateName":"Veikand","potentialAction":[{"@type":"SearchAction","target":{"@type":"EntryPoint","urlTemplate":"https:\/\/saksavorst.ee\/lv\/?s={search_term_string}"},"query-input":{"@type":"PropertyValueSpecification","valueRequired":true,"valueName":"search_term_string"}}],"inLanguage":"lv-LV"},{"@type":"Organization","@id":"https:\/\/saksavorst.ee\/lv\/#organization","name":"Saksavorst","alternateName":"Veikand","url":"https:\/\/saksavorst.ee\/lv\/","logo":{"@type":"ImageObject","inLanguage":"lv-LV","@id":"https:\/\/saksavorst.ee\/lv\/#\/schema\/logo\/image\/","url":"https:\/\/saksavorst.ee\/wp-content\/uploads\/2023\/05\/veikand-logo.jpg","contentUrl":"https:\/\/saksavorst.ee\/wp-content\/uploads\/2023\/05\/veikand-logo.jpg","width":217,"height":217,"caption":"Saksavorst"},"image":{"@id":"https:\/\/saksavorst.ee\/lv\/#\/schema\/logo\/image\/"},"sameAs":["https:\/\/www.facebook.com\/Veikand"]}]}},"_links":{"self":[{"href":"https:\/\/saksavorst.ee\/lv\/wp-json\/wp\/v2\/product\/20741","targetHints":{"allow":["GET"]}}],"collection":[{"href":"https:\/\/saksavorst.ee\/lv\/wp-json\/wp\/v2\/product"}],"about":[{"href":"https:\/\/saksavorst.ee\/lv\/wp-json\/wp\/v2\/types\/product"}],"version-history":[{"count":1,"href":"https:\/\/saksavorst.ee\/lv\/wp-json\/wp\/v2\/product\/20741\/revisions"}],"predecessor-version":[{"id":45587,"href":"https:\/\/saksavorst.ee\/lv\/wp-json\/wp\/v2\/product\/20741\/revisions\/45587"}],"wp:featuredmedia":[{"embeddable":true,"href":"https:\/\/saksavorst.ee\/lv\/wp-json\/wp\/v2\/media\/23292"}],"wp:attachment":[{"href":"https:\/\/saksavorst.ee\/lv\/wp-json\/wp\/v2\/media?parent=20741"}],"wp:term":[{"taxonomy":"product_brand","embeddable":true,"href":"https:\/\/saksavorst.ee\/lv\/wp-json\/wp\/v2\/product_brand?post=20741"},{"taxonomy":"product_cat","embeddable":true,"href":"https:\/\/saksavorst.ee\/lv\/wp-json\/wp\/v2\/product_cat?post=20741"},{"taxonomy":"product_tag","embeddable":true,"href":"https:\/\/saksavorst.ee\/lv\/wp-json\/wp\/v2\/product_tag?post=20741"}],"curies":[{"name":"wp","href":"https:\/\/api.w.org\/{rel}","templated":true}]}}