{"id":20684,"date":"2020-12-09T08:59:38","date_gmt":"2020-12-09T06:59:38","guid":{"rendered":"https:\/\/saksavorst.ee\/product\/galas-griezejs-skeles-250-mm\/"},"modified":"2025-08-08T14:54:53","modified_gmt":"2025-08-08T12:54:53","slug":"galas-griezejs-skeles-250mm","status":"publish","type":"product","link":"https:\/\/saksavorst.ee\/lv\/produkts\/galas-griezejs-skeles-250mm\/","title":{"rendered":"Ga\u013cas griez\u0113js (\u0161\u0137\u0113l\u0113s) 250mm"},"content":{"rendered":"<h4><strong>APRAKSTS<\/strong><\/h4>\n<div class=\"product-page\">\n<div class=\"product-specs right\">\n<div class=\"product-markused\">&#8211; Profesion\u0101lais griez\u0113js \u0113din\u0101\u0161anas uz\u0146\u0113mumos<br \/>\n&#8211; Iztur\u012bga alum\u012bnija konstrukcija<br \/>\n&#8211; R\u016bd\u012bta ner\u016bs\u0113jo\u0161\u0101 t\u0113rauda dobj\u0161 sl\u012bp\u0113ts asmens<br \/>\n&#8211; Iek\u013cauts stiprin\u0101jums asin\u0101\u0161anai<br \/>\n&#8211; Noliekts izk\u0101rtojums \u0113rtai grie\u0161anai<br \/>\n&#8211; Piem\u0113rots sieram ar izv\u0113les teflona nazi<br \/>\n&#8211; \u013boti klusa ma\u0161\u012bna<br \/>\n&#8211; Viegli t\u012br\u0101ms<br \/>\n&#8211; St\u0101v uz \u010detr\u0101m gumijas k\u0101j\u0101m<\/div>\n<\/div>\n<\/div>\n<div><\/div>\n<div class=\"product-page\">\n<div class=\"product-specs right\">\n<div class=\"product-markused\">Ra\u017eot\u0101js: Maxima<\/div>\n<\/div>\n<\/div>\n<div><\/div>\n<div class=\"product-page\">\n<div class=\"product-specs right\">\n<div class=\"product-markused\">\u0100trums: 300 apgr.\/min.<\/div>\n<\/div>\n<\/div>\n<div class=\"product-page\">\n<div class=\"product-specs right\">\n<div><\/div>\n<div class=\"product-markused\">Ratu izm\u0113ri: 180 x 230 mm<\/div>\n<\/div>\n<\/div>\n<div class=\"product-page\">\n<div class=\"product-specs right\">\n<div><\/div>\n<div class=\"product-markused\">Izm\u0113ri: 380 x 470 x 280 mm<\/div>\n<\/div>\n<div><\/div>\n<div class=\"product-specs right\">\n<div class=\"product-markused\">230 V \/ 50 Hz \/ 1 f\u0101ze 150 W<\/div>\n<\/div>\n<div><\/div>\n<div class=\"product-specs right\">\n<div class=\"product-markused\">M\u0113r\u012b\u0161ana: \u00d8 250 mm<\/div>\n<\/div>\n<div><\/div>\n<div class=\"product-specs right\">\n<div class=\"product-markused\">Griezuma biezums: 1 ~ 12 mm<\/div>\n<\/div>\n<div><\/div>\n<div class=\"product-specs right\">\n<div class=\"product-markused\">Svars: 16 kg<\/div>\n<\/div>\n<\/div>\n","protected":false},"excerpt":{"rendered":"<p>\u0160ai profesion\u0101lajai ga\u013cas grie\u0161anas ma\u0161\u012bnai ir iztur\u012bga alum\u012bnija konstrukcija un r\u016bd\u012bta ner\u016bs\u0113jo\u0161\u0101 t\u0113rauda nazis ar diametru 250 mm. Ga\u013cas grie\u0161anas ma\u0161\u012bna ir \u013coti klusa iek\u0101rta un piem\u0113rota lieto\u0161anai telp\u0101s, kur var apkalpot ar\u012b klientus.<\/p>\n","protected":false},"featured_media":15572,"template":"","meta":{"_acf_changed":false},"product_brand":[],"product_cat":[334,333],"product_tag":[],"class_list":{"0":"post-20684","1":"product","2":"type-product","3":"status-publish","4":"has-post-thumbnail","6":"product_cat-visi-produkti","7":"product_cat-aprikojums","8":"product_shipping_class-neder-pakomatam","10":"first","11":"instock","12":"taxable","13":"shipping-taxable","14":"purchasable","15":"product-type-simple"},"acf":[],"yoast_head":"<!-- This site is optimized with the Yoast SEO plugin v27.3 - https:\/\/yoast.com\/product\/yoast-seo-wordpress\/ -->\n<title>Ga\u013cas griez\u0113js (\u0161\u0137\u0113l\u0113s) 250mm - Saksavorst<\/title>\n<meta name=\"robots\" content=\"index, follow, max-snippet:-1, max-image-preview:large, max-video-preview:-1\" \/>\n<link rel=\"canonical\" href=\"https:\/\/saksavorst.ee\/lv\/produkts\/galas-griezejs-skeles-250mm\/\" \/>\n<meta property=\"og:locale\" content=\"lv_LV\" \/>\n<meta property=\"og:type\" content=\"article\" \/>\n<meta property=\"og:title\" content=\"Ga\u013cas griez\u0113js (\u0161\u0137\u0113l\u0113s) 250mm - Saksavorst\" \/>\n<meta property=\"og:description\" content=\"\u0160ai profesion\u0101lajai ga\u013cas grie\u0161anas ma\u0161\u012bnai ir iztur\u012bga alum\u012bnija konstrukcija un r\u016bd\u012bta ner\u016bs\u0113jo\u0161\u0101 t\u0113rauda nazis ar diametru 250 mm. Ga\u013cas grie\u0161anas ma\u0161\u012bna ir \u013coti klusa iek\u0101rta un piem\u0113rota lieto\u0161anai telp\u0101s, kur var apkalpot ar\u012b klientus.\" \/>\n<meta property=\"og:url\" content=\"https:\/\/saksavorst.ee\/lv\/produkts\/galas-griezejs-skeles-250mm\/\" \/>\n<meta property=\"og:site_name\" content=\"Saksavorst\" \/>\n<meta property=\"article:publisher\" content=\"https:\/\/www.facebook.com\/Veikand\" \/>\n<meta property=\"article:modified_time\" content=\"2025-08-08T12:54:53+00:00\" \/>\n<meta property=\"og:image\" content=\"https:\/\/saksavorst.ee\/wp-content\/uploads\/2023\/02\/Lihaviilutaja-250mm-1-1.png\" \/>\n\t<meta property=\"og:image:width\" content=\"800\" \/>\n\t<meta property=\"og:image:height\" content=\"800\" \/>\n\t<meta property=\"og:image:type\" content=\"image\/png\" \/>\n<meta name=\"twitter:card\" content=\"summary_large_image\" \/>\n<meta name=\"twitter:label1\" content=\"Est. reading time\" \/>\n\t<meta name=\"twitter:data1\" content=\"1 minute\" \/>\n<script type=\"application\/ld+json\" class=\"yoast-schema-graph\">{\"@context\":\"https:\\\/\\\/schema.org\",\"@graph\":[{\"@type\":\"WebPage\",\"@id\":\"https:\\\/\\\/saksavorst.ee\\\/lv\\\/produkts\\\/galas-griezejs-skeles-250mm\\\/\",\"url\":\"https:\\\/\\\/saksavorst.ee\\\/lv\\\/produkts\\\/galas-griezejs-skeles-250mm\\\/\",\"name\":\"Ga\u013cas griez\u0113js (\u0161\u0137\u0113l\u0113s) 250mm - Saksavorst\",\"isPartOf\":{\"@id\":\"https:\\\/\\\/saksavorst.ee\\\/lv\\\/#website\"},\"primaryImageOfPage\":{\"@id\":\"https:\\\/\\\/saksavorst.ee\\\/lv\\\/produkts\\\/galas-griezejs-skeles-250mm\\\/#primaryimage\"},\"image\":{\"@id\":\"https:\\\/\\\/saksavorst.ee\\\/lv\\\/produkts\\\/galas-griezejs-skeles-250mm\\\/#primaryimage\"},\"thumbnailUrl\":\"https:\\\/\\\/saksavorst.ee\\\/wp-content\\\/uploads\\\/2023\\\/02\\\/Lihaviilutaja-250mm-1-1.png\",\"datePublished\":\"2020-12-09T06:59:38+00:00\",\"dateModified\":\"2025-08-08T12:54:53+00:00\",\"breadcrumb\":{\"@id\":\"https:\\\/\\\/saksavorst.ee\\\/lv\\\/produkts\\\/galas-griezejs-skeles-250mm\\\/#breadcrumb\"},\"inLanguage\":\"lv-LV\",\"potentialAction\":[{\"@type\":\"ReadAction\",\"target\":[\"https:\\\/\\\/saksavorst.ee\\\/lv\\\/produkts\\\/galas-griezejs-skeles-250mm\\\/\"]}]},{\"@type\":\"ImageObject\",\"inLanguage\":\"lv-LV\",\"@id\":\"https:\\\/\\\/saksavorst.ee\\\/lv\\\/produkts\\\/galas-griezejs-skeles-250mm\\\/#primaryimage\",\"url\":\"https:\\\/\\\/saksavorst.ee\\\/wp-content\\\/uploads\\\/2023\\\/02\\\/Lihaviilutaja-250mm-1-1.png\",\"contentUrl\":\"https:\\\/\\\/saksavorst.ee\\\/wp-content\\\/uploads\\\/2023\\\/02\\\/Lihaviilutaja-250mm-1-1.png\",\"width\":800,\"height\":800},{\"@type\":\"BreadcrumbList\",\"@id\":\"https:\\\/\\\/saksavorst.ee\\\/lv\\\/produkts\\\/galas-griezejs-skeles-250mm\\\/#breadcrumb\",\"itemListElement\":[{\"@type\":\"ListItem\",\"position\":1,\"name\":\"Home\",\"item\":\"https:\\\/\\\/saksavorst.ee\\\/lv\\\/\"},{\"@type\":\"ListItem\",\"position\":2,\"name\":\"Veikals\",\"item\":\"https:\\\/\\\/saksavorst.ee\\\/lv\\\/veikals\\\/\"},{\"@type\":\"ListItem\",\"position\":3,\"name\":\"Ga\u013cas griez\u0113js (\u0161\u0137\u0113l\u0113s) 250mm\"}]},{\"@type\":\"WebSite\",\"@id\":\"https:\\\/\\\/saksavorst.ee\\\/lv\\\/#website\",\"url\":\"https:\\\/\\\/saksavorst.ee\\\/lv\\\/\",\"name\":\"Saksavorst\",\"description\":\"Feel the taste of emotions\",\"publisher\":{\"@id\":\"https:\\\/\\\/saksavorst.ee\\\/lv\\\/#organization\"},\"alternateName\":\"Veikand\",\"potentialAction\":[{\"@type\":\"SearchAction\",\"target\":{\"@type\":\"EntryPoint\",\"urlTemplate\":\"https:\\\/\\\/saksavorst.ee\\\/lv\\\/?s={search_term_string}\"},\"query-input\":{\"@type\":\"PropertyValueSpecification\",\"valueRequired\":true,\"valueName\":\"search_term_string\"}}],\"inLanguage\":\"lv-LV\"},{\"@type\":\"Organization\",\"@id\":\"https:\\\/\\\/saksavorst.ee\\\/lv\\\/#organization\",\"name\":\"Saksavorst\",\"alternateName\":\"Veikand\",\"url\":\"https:\\\/\\\/saksavorst.ee\\\/lv\\\/\",\"logo\":{\"@type\":\"ImageObject\",\"inLanguage\":\"lv-LV\",\"@id\":\"https:\\\/\\\/saksavorst.ee\\\/lv\\\/#\\\/schema\\\/logo\\\/image\\\/\",\"url\":\"https:\\\/\\\/saksavorst.ee\\\/wp-content\\\/uploads\\\/2023\\\/05\\\/veikand-logo.jpg\",\"contentUrl\":\"https:\\\/\\\/saksavorst.ee\\\/wp-content\\\/uploads\\\/2023\\\/05\\\/veikand-logo.jpg\",\"width\":217,\"height\":217,\"caption\":\"Saksavorst\"},\"image\":{\"@id\":\"https:\\\/\\\/saksavorst.ee\\\/lv\\\/#\\\/schema\\\/logo\\\/image\\\/\"},\"sameAs\":[\"https:\\\/\\\/www.facebook.com\\\/Veikand\"]}]}<\/script>\n<!-- \/ Yoast SEO plugin. -->","yoast_head_json":{"title":"Ga\u013cas griez\u0113js (\u0161\u0137\u0113l\u0113s) 250mm - Saksavorst","robots":{"index":"index","follow":"follow","max-snippet":"max-snippet:-1","max-image-preview":"max-image-preview:large","max-video-preview":"max-video-preview:-1"},"canonical":"https:\/\/saksavorst.ee\/lv\/produkts\/galas-griezejs-skeles-250mm\/","og_locale":"lv_LV","og_type":"article","og_title":"Ga\u013cas griez\u0113js (\u0161\u0137\u0113l\u0113s) 250mm - Saksavorst","og_description":"\u0160ai profesion\u0101lajai ga\u013cas grie\u0161anas ma\u0161\u012bnai ir iztur\u012bga alum\u012bnija konstrukcija un r\u016bd\u012bta ner\u016bs\u0113jo\u0161\u0101 t\u0113rauda nazis ar diametru 250 mm. Ga\u013cas grie\u0161anas ma\u0161\u012bna ir \u013coti klusa iek\u0101rta un piem\u0113rota lieto\u0161anai telp\u0101s, kur var apkalpot ar\u012b klientus.","og_url":"https:\/\/saksavorst.ee\/lv\/produkts\/galas-griezejs-skeles-250mm\/","og_site_name":"Saksavorst","article_publisher":"https:\/\/www.facebook.com\/Veikand","article_modified_time":"2025-08-08T12:54:53+00:00","og_image":[{"width":800,"height":800,"url":"https:\/\/saksavorst.ee\/wp-content\/uploads\/2023\/02\/Lihaviilutaja-250mm-1-1.png","type":"image\/png"}],"twitter_card":"summary_large_image","twitter_misc":{"Est. reading time":"1 minute"},"schema":{"@context":"https:\/\/schema.org","@graph":[{"@type":"WebPage","@id":"https:\/\/saksavorst.ee\/lv\/produkts\/galas-griezejs-skeles-250mm\/","url":"https:\/\/saksavorst.ee\/lv\/produkts\/galas-griezejs-skeles-250mm\/","name":"Ga\u013cas griez\u0113js (\u0161\u0137\u0113l\u0113s) 250mm - Saksavorst","isPartOf":{"@id":"https:\/\/saksavorst.ee\/lv\/#website"},"primaryImageOfPage":{"@id":"https:\/\/saksavorst.ee\/lv\/produkts\/galas-griezejs-skeles-250mm\/#primaryimage"},"image":{"@id":"https:\/\/saksavorst.ee\/lv\/produkts\/galas-griezejs-skeles-250mm\/#primaryimage"},"thumbnailUrl":"https:\/\/saksavorst.ee\/wp-content\/uploads\/2023\/02\/Lihaviilutaja-250mm-1-1.png","datePublished":"2020-12-09T06:59:38+00:00","dateModified":"2025-08-08T12:54:53+00:00","breadcrumb":{"@id":"https:\/\/saksavorst.ee\/lv\/produkts\/galas-griezejs-skeles-250mm\/#breadcrumb"},"inLanguage":"lv-LV","potentialAction":[{"@type":"ReadAction","target":["https:\/\/saksavorst.ee\/lv\/produkts\/galas-griezejs-skeles-250mm\/"]}]},{"@type":"ImageObject","inLanguage":"lv-LV","@id":"https:\/\/saksavorst.ee\/lv\/produkts\/galas-griezejs-skeles-250mm\/#primaryimage","url":"https:\/\/saksavorst.ee\/wp-content\/uploads\/2023\/02\/Lihaviilutaja-250mm-1-1.png","contentUrl":"https:\/\/saksavorst.ee\/wp-content\/uploads\/2023\/02\/Lihaviilutaja-250mm-1-1.png","width":800,"height":800},{"@type":"BreadcrumbList","@id":"https:\/\/saksavorst.ee\/lv\/produkts\/galas-griezejs-skeles-250mm\/#breadcrumb","itemListElement":[{"@type":"ListItem","position":1,"name":"Home","item":"https:\/\/saksavorst.ee\/lv\/"},{"@type":"ListItem","position":2,"name":"Veikals","item":"https:\/\/saksavorst.ee\/lv\/veikals\/"},{"@type":"ListItem","position":3,"name":"Ga\u013cas griez\u0113js (\u0161\u0137\u0113l\u0113s) 250mm"}]},{"@type":"WebSite","@id":"https:\/\/saksavorst.ee\/lv\/#website","url":"https:\/\/saksavorst.ee\/lv\/","name":"Saksavorst","description":"Feel the taste of emotions","publisher":{"@id":"https:\/\/saksavorst.ee\/lv\/#organization"},"alternateName":"Veikand","potentialAction":[{"@type":"SearchAction","target":{"@type":"EntryPoint","urlTemplate":"https:\/\/saksavorst.ee\/lv\/?s={search_term_string}"},"query-input":{"@type":"PropertyValueSpecification","valueRequired":true,"valueName":"search_term_string"}}],"inLanguage":"lv-LV"},{"@type":"Organization","@id":"https:\/\/saksavorst.ee\/lv\/#organization","name":"Saksavorst","alternateName":"Veikand","url":"https:\/\/saksavorst.ee\/lv\/","logo":{"@type":"ImageObject","inLanguage":"lv-LV","@id":"https:\/\/saksavorst.ee\/lv\/#\/schema\/logo\/image\/","url":"https:\/\/saksavorst.ee\/wp-content\/uploads\/2023\/05\/veikand-logo.jpg","contentUrl":"https:\/\/saksavorst.ee\/wp-content\/uploads\/2023\/05\/veikand-logo.jpg","width":217,"height":217,"caption":"Saksavorst"},"image":{"@id":"https:\/\/saksavorst.ee\/lv\/#\/schema\/logo\/image\/"},"sameAs":["https:\/\/www.facebook.com\/Veikand"]}]}},"_links":{"self":[{"href":"https:\/\/saksavorst.ee\/lv\/wp-json\/wp\/v2\/product\/20684","targetHints":{"allow":["GET"]}}],"collection":[{"href":"https:\/\/saksavorst.ee\/lv\/wp-json\/wp\/v2\/product"}],"about":[{"href":"https:\/\/saksavorst.ee\/lv\/wp-json\/wp\/v2\/types\/product"}],"version-history":[{"count":1,"href":"https:\/\/saksavorst.ee\/lv\/wp-json\/wp\/v2\/product\/20684\/revisions"}],"predecessor-version":[{"id":45117,"href":"https:\/\/saksavorst.ee\/lv\/wp-json\/wp\/v2\/product\/20684\/revisions\/45117"}],"wp:featuredmedia":[{"embeddable":true,"href":"https:\/\/saksavorst.ee\/lv\/wp-json\/wp\/v2\/media\/15572"}],"wp:attachment":[{"href":"https:\/\/saksavorst.ee\/lv\/wp-json\/wp\/v2\/media?parent=20684"}],"wp:term":[{"taxonomy":"product_brand","embeddable":true,"href":"https:\/\/saksavorst.ee\/lv\/wp-json\/wp\/v2\/product_brand?post=20684"},{"taxonomy":"product_cat","embeddable":true,"href":"https:\/\/saksavorst.ee\/lv\/wp-json\/wp\/v2\/product_cat?post=20684"},{"taxonomy":"product_tag","embeddable":true,"href":"https:\/\/saksavorst.ee\/lv\/wp-json\/wp\/v2\/product_tag?post=20684"}],"curies":[{"name":"wp","href":"https:\/\/api.w.org\/{rel}","templated":true}]}}