{"id":20680,"date":"2020-12-14T12:42:20","date_gmt":"2020-12-14T12:42:20","guid":{"rendered":"https:\/\/saksavorst.ee\/product\/elektriskais-desu-pilditajs-10l\/"},"modified":"2025-08-08T14:39:03","modified_gmt":"2025-08-08T12:39:03","slug":"elektriskais-desu-pilditajs-10l","status":"publish","type":"product","link":"https:\/\/saksavorst.ee\/lv\/produkts\/elektriskais-desu-pilditajs-10l\/","title":{"rendered":"Elektriskais desu pild\u012bt\u0101js 10L"},"content":{"rendered":"<p>Liela ietilp\u012bba: ner\u016bs\u0113jo\u0161\u0101 t\u0113rauda elektrisk\u0101 desu pild\u012bjuma tilpums ir 10 litri. Tas noz\u012bm\u0113, ka vien\u0101 pieg\u0101jien\u0101 var pagatavot lielu daudzumu desas, ietaupot laiku un p\u016bles.<\/p>\n<p>Main\u012bga \u0101truma kontrole: pild\u012bjumam ir main\u012bga \u0101truma kontrole, kas \u013cauj piel\u0101got \u0101trumu no l\u0113na uz \u0101tru. \u0160\u012b funkcija nodro\u0161ina, ka varat pagatavot desu sev vispiem\u0113rot\u0101kaj\u0101 temp\u0101, padarot procesu efekt\u012bv\u0101ku.<\/p>\n<p>Iztur\u012bga konstrukcija: \u0161is pild\u012bjums ir izgatavots no 304.\u00a0tipa ner\u016bs\u0113jo\u0161\u0101 t\u0113rauda, materi\u0101la, kas ir slavens ar savu iztur\u012bbu. Turkl\u0101t no\u0146emam\u0101 ner\u016bs\u0113jo\u0161\u0101 t\u0113rauda izvelkam\u0101 tvertne padara pild\u012bjuma t\u012br\u012b\u0161anu \u0101tru un vienk\u0101r\u0161u.<\/p>\n<p>Vair\u0101ki cauru\u013cu stiprin\u0101jumi: pild\u012bjumam ir \u010detras da\u017e\u0101das ner\u016bs\u0113jo\u0161\u0101 t\u0113rauda piltuves 16 mm 22 mm 32 mm 38 mm. Tas \u013cauj izgatavot da\u017e\u0101du izm\u0113ru un formu desu, nodro\u0161inot, ka varat apmierin\u0101t klientu vajadz\u012bbas.<\/p>\n<p>Viegli lietojams: pild\u012bjumam ir vienk\u0101r\u0161s un saprotams dizains, kas padara to viegli lietojamu. Tas ir lieliski piem\u0113rots gan ies\u0101c\u0113jiem, gan pieredz\u0113ju\u0161iem desu gatavot\u0101jiem, jo neprasa nek\u0101das \u012bpa\u0161as prasmes vai zin\u0101\u0161anas.<\/p>\n<p>&nbsp;<\/p>\n<p>Ner\u016bs\u0113jo\u0161ais<\/p>\n<p>Komplekt\u0101 4 da\u017e\u0101da kalibra ner\u016bs\u0113jo\u0161\u0101s caurules: 16, 22, 32 un 38 mm diametr\u0101<\/p>\n<p>Piltuves tilpums: 10 L<\/p>\n<p>\u0100r\u0113jie izm\u0113ri G x Pl x A: 720 x 480 x 375 mm<\/p>\n<p>Cilindra izm\u0113ri: \u00d8219 x 270 mm<\/p>\n<p>Svars: 29 kg<\/p>\n<p>240V \/ 50Hz \/ 1Phase 50 Watt<\/p>\n","protected":false},"excerpt":{"rendered":"<p>Piem\u0113rots medniekiem un m\u0101jas desu gatavot\u0101jiem.<\/p>\n<p>Ja radu\u0161ies papildu jaut\u0101jumi, l\u016bdzu, sazinieties ar p\u0101rdo\u0161anas vad\u012bt\u0101ju M\u0113lisu Pajumanu (<i>Meelis Pajuman<\/i>), t\u0101lrunis: +372 502 0377 vai e-pasts: meelis.pajuman@veikand.ee<\/p>\n","protected":false},"featured_media":32896,"template":"","meta":{"_acf_changed":false},"product_brand":[],"product_cat":[333,334,342],"product_tag":[],"class_list":{"0":"post-20680","1":"product","2":"type-product","3":"status-publish","4":"has-post-thumbnail","6":"product_cat-aprikojums","7":"product_cat-visi-produkti","8":"product_cat-desu-pildvielas","9":"product_shipping_class-neder-pakomatam","11":"first","12":"instock","13":"sold-individually","14":"taxable","15":"shipping-taxable","16":"purchasable","17":"product-type-simple"},"acf":[],"yoast_head":"<!-- This site is optimized with the Yoast SEO plugin v27.3 - https:\/\/yoast.com\/product\/yoast-seo-wordpress\/ -->\n<title>Elektriskais desu pild\u012bt\u0101js 10L - Saksavorst<\/title>\n<meta name=\"robots\" content=\"index, follow, max-snippet:-1, max-image-preview:large, max-video-preview:-1\" \/>\n<link rel=\"canonical\" href=\"https:\/\/saksavorst.ee\/lv\/produkts\/elektriskais-desu-pilditajs-10l\/\" \/>\n<meta property=\"og:locale\" content=\"lv_LV\" \/>\n<meta property=\"og:type\" content=\"article\" \/>\n<meta property=\"og:title\" content=\"Elektriskais desu pild\u012bt\u0101js 10L - Saksavorst\" \/>\n<meta property=\"og:description\" content=\"Piem\u0113rots medniekiem un m\u0101jas desu gatavot\u0101jiem.  Ja radu\u0161ies papildu jaut\u0101jumi, l\u016bdzu, sazinieties ar p\u0101rdo\u0161anas vad\u012bt\u0101ju M\u0113lisu Pajumanu (Meelis Pajuman), t\u0101lrunis: +372 502 0377 vai e-pasts: meelis.pajuman@veikand.ee\" \/>\n<meta property=\"og:url\" content=\"https:\/\/saksavorst.ee\/lv\/produkts\/elektriskais-desu-pilditajs-10l\/\" \/>\n<meta property=\"og:site_name\" content=\"Saksavorst\" \/>\n<meta property=\"article:publisher\" content=\"https:\/\/www.facebook.com\/Veikand\" \/>\n<meta property=\"article:modified_time\" content=\"2025-08-08T12:39:03+00:00\" \/>\n<meta property=\"og:image\" content=\"https:\/\/saksavorst.ee\/wp-content\/uploads\/2020\/12\/elektriline-vorstiprits-10l-1-1.png\" \/>\n\t<meta property=\"og:image:width\" content=\"900\" \/>\n\t<meta property=\"og:image:height\" content=\"900\" \/>\n\t<meta property=\"og:image:type\" content=\"image\/png\" \/>\n<meta name=\"twitter:card\" content=\"summary_large_image\" \/>\n<meta name=\"twitter:label1\" content=\"Est. reading time\" \/>\n\t<meta name=\"twitter:data1\" content=\"2 minutes\" \/>\n<script type=\"application\/ld+json\" class=\"yoast-schema-graph\">{\"@context\":\"https:\\\/\\\/schema.org\",\"@graph\":[{\"@type\":\"WebPage\",\"@id\":\"https:\\\/\\\/saksavorst.ee\\\/lv\\\/produkts\\\/elektriskais-desu-pilditajs-10l\\\/\",\"url\":\"https:\\\/\\\/saksavorst.ee\\\/lv\\\/produkts\\\/elektriskais-desu-pilditajs-10l\\\/\",\"name\":\"Elektriskais desu pild\u012bt\u0101js 10L - Saksavorst\",\"isPartOf\":{\"@id\":\"https:\\\/\\\/saksavorst.ee\\\/lv\\\/#website\"},\"primaryImageOfPage\":{\"@id\":\"https:\\\/\\\/saksavorst.ee\\\/lv\\\/produkts\\\/elektriskais-desu-pilditajs-10l\\\/#primaryimage\"},\"image\":{\"@id\":\"https:\\\/\\\/saksavorst.ee\\\/lv\\\/produkts\\\/elektriskais-desu-pilditajs-10l\\\/#primaryimage\"},\"thumbnailUrl\":\"https:\\\/\\\/saksavorst.ee\\\/wp-content\\\/uploads\\\/2020\\\/12\\\/elektriline-vorstiprits-10l-1-1.png\",\"datePublished\":\"2020-12-14T12:42:20+00:00\",\"dateModified\":\"2025-08-08T12:39:03+00:00\",\"breadcrumb\":{\"@id\":\"https:\\\/\\\/saksavorst.ee\\\/lv\\\/produkts\\\/elektriskais-desu-pilditajs-10l\\\/#breadcrumb\"},\"inLanguage\":\"lv-LV\",\"potentialAction\":[{\"@type\":\"ReadAction\",\"target\":[\"https:\\\/\\\/saksavorst.ee\\\/lv\\\/produkts\\\/elektriskais-desu-pilditajs-10l\\\/\"]}]},{\"@type\":\"ImageObject\",\"inLanguage\":\"lv-LV\",\"@id\":\"https:\\\/\\\/saksavorst.ee\\\/lv\\\/produkts\\\/elektriskais-desu-pilditajs-10l\\\/#primaryimage\",\"url\":\"https:\\\/\\\/saksavorst.ee\\\/wp-content\\\/uploads\\\/2020\\\/12\\\/elektriline-vorstiprits-10l-1-1.png\",\"contentUrl\":\"https:\\\/\\\/saksavorst.ee\\\/wp-content\\\/uploads\\\/2020\\\/12\\\/elektriline-vorstiprits-10l-1-1.png\",\"width\":900,\"height\":900},{\"@type\":\"BreadcrumbList\",\"@id\":\"https:\\\/\\\/saksavorst.ee\\\/lv\\\/produkts\\\/elektriskais-desu-pilditajs-10l\\\/#breadcrumb\",\"itemListElement\":[{\"@type\":\"ListItem\",\"position\":1,\"name\":\"Home\",\"item\":\"https:\\\/\\\/saksavorst.ee\\\/lv\\\/\"},{\"@type\":\"ListItem\",\"position\":2,\"name\":\"Veikals\",\"item\":\"https:\\\/\\\/saksavorst.ee\\\/lv\\\/veikals\\\/\"},{\"@type\":\"ListItem\",\"position\":3,\"name\":\"Elektriskais desu pild\u012bt\u0101js 10L\"}]},{\"@type\":\"WebSite\",\"@id\":\"https:\\\/\\\/saksavorst.ee\\\/lv\\\/#website\",\"url\":\"https:\\\/\\\/saksavorst.ee\\\/lv\\\/\",\"name\":\"Saksavorst\",\"description\":\"Feel the taste of emotions\",\"publisher\":{\"@id\":\"https:\\\/\\\/saksavorst.ee\\\/lv\\\/#organization\"},\"alternateName\":\"Veikand\",\"potentialAction\":[{\"@type\":\"SearchAction\",\"target\":{\"@type\":\"EntryPoint\",\"urlTemplate\":\"https:\\\/\\\/saksavorst.ee\\\/lv\\\/?s={search_term_string}\"},\"query-input\":{\"@type\":\"PropertyValueSpecification\",\"valueRequired\":true,\"valueName\":\"search_term_string\"}}],\"inLanguage\":\"lv-LV\"},{\"@type\":\"Organization\",\"@id\":\"https:\\\/\\\/saksavorst.ee\\\/lv\\\/#organization\",\"name\":\"Saksavorst\",\"alternateName\":\"Veikand\",\"url\":\"https:\\\/\\\/saksavorst.ee\\\/lv\\\/\",\"logo\":{\"@type\":\"ImageObject\",\"inLanguage\":\"lv-LV\",\"@id\":\"https:\\\/\\\/saksavorst.ee\\\/lv\\\/#\\\/schema\\\/logo\\\/image\\\/\",\"url\":\"https:\\\/\\\/saksavorst.ee\\\/wp-content\\\/uploads\\\/2023\\\/05\\\/veikand-logo.jpg\",\"contentUrl\":\"https:\\\/\\\/saksavorst.ee\\\/wp-content\\\/uploads\\\/2023\\\/05\\\/veikand-logo.jpg\",\"width\":217,\"height\":217,\"caption\":\"Saksavorst\"},\"image\":{\"@id\":\"https:\\\/\\\/saksavorst.ee\\\/lv\\\/#\\\/schema\\\/logo\\\/image\\\/\"},\"sameAs\":[\"https:\\\/\\\/www.facebook.com\\\/Veikand\"]}]}<\/script>\n<!-- \/ Yoast SEO plugin. -->","yoast_head_json":{"title":"Elektriskais desu pild\u012bt\u0101js 10L - Saksavorst","robots":{"index":"index","follow":"follow","max-snippet":"max-snippet:-1","max-image-preview":"max-image-preview:large","max-video-preview":"max-video-preview:-1"},"canonical":"https:\/\/saksavorst.ee\/lv\/produkts\/elektriskais-desu-pilditajs-10l\/","og_locale":"lv_LV","og_type":"article","og_title":"Elektriskais desu pild\u012bt\u0101js 10L - Saksavorst","og_description":"Piem\u0113rots medniekiem un m\u0101jas desu gatavot\u0101jiem.  Ja radu\u0161ies papildu jaut\u0101jumi, l\u016bdzu, sazinieties ar p\u0101rdo\u0161anas vad\u012bt\u0101ju M\u0113lisu Pajumanu (Meelis Pajuman), t\u0101lrunis: +372 502 0377 vai e-pasts: meelis.pajuman@veikand.ee","og_url":"https:\/\/saksavorst.ee\/lv\/produkts\/elektriskais-desu-pilditajs-10l\/","og_site_name":"Saksavorst","article_publisher":"https:\/\/www.facebook.com\/Veikand","article_modified_time":"2025-08-08T12:39:03+00:00","og_image":[{"width":900,"height":900,"url":"https:\/\/saksavorst.ee\/wp-content\/uploads\/2020\/12\/elektriline-vorstiprits-10l-1-1.png","type":"image\/png"}],"twitter_card":"summary_large_image","twitter_misc":{"Est. reading time":"2 minutes"},"schema":{"@context":"https:\/\/schema.org","@graph":[{"@type":"WebPage","@id":"https:\/\/saksavorst.ee\/lv\/produkts\/elektriskais-desu-pilditajs-10l\/","url":"https:\/\/saksavorst.ee\/lv\/produkts\/elektriskais-desu-pilditajs-10l\/","name":"Elektriskais desu pild\u012bt\u0101js 10L - Saksavorst","isPartOf":{"@id":"https:\/\/saksavorst.ee\/lv\/#website"},"primaryImageOfPage":{"@id":"https:\/\/saksavorst.ee\/lv\/produkts\/elektriskais-desu-pilditajs-10l\/#primaryimage"},"image":{"@id":"https:\/\/saksavorst.ee\/lv\/produkts\/elektriskais-desu-pilditajs-10l\/#primaryimage"},"thumbnailUrl":"https:\/\/saksavorst.ee\/wp-content\/uploads\/2020\/12\/elektriline-vorstiprits-10l-1-1.png","datePublished":"2020-12-14T12:42:20+00:00","dateModified":"2025-08-08T12:39:03+00:00","breadcrumb":{"@id":"https:\/\/saksavorst.ee\/lv\/produkts\/elektriskais-desu-pilditajs-10l\/#breadcrumb"},"inLanguage":"lv-LV","potentialAction":[{"@type":"ReadAction","target":["https:\/\/saksavorst.ee\/lv\/produkts\/elektriskais-desu-pilditajs-10l\/"]}]},{"@type":"ImageObject","inLanguage":"lv-LV","@id":"https:\/\/saksavorst.ee\/lv\/produkts\/elektriskais-desu-pilditajs-10l\/#primaryimage","url":"https:\/\/saksavorst.ee\/wp-content\/uploads\/2020\/12\/elektriline-vorstiprits-10l-1-1.png","contentUrl":"https:\/\/saksavorst.ee\/wp-content\/uploads\/2020\/12\/elektriline-vorstiprits-10l-1-1.png","width":900,"height":900},{"@type":"BreadcrumbList","@id":"https:\/\/saksavorst.ee\/lv\/produkts\/elektriskais-desu-pilditajs-10l\/#breadcrumb","itemListElement":[{"@type":"ListItem","position":1,"name":"Home","item":"https:\/\/saksavorst.ee\/lv\/"},{"@type":"ListItem","position":2,"name":"Veikals","item":"https:\/\/saksavorst.ee\/lv\/veikals\/"},{"@type":"ListItem","position":3,"name":"Elektriskais desu pild\u012bt\u0101js 10L"}]},{"@type":"WebSite","@id":"https:\/\/saksavorst.ee\/lv\/#website","url":"https:\/\/saksavorst.ee\/lv\/","name":"Saksavorst","description":"Feel the taste of emotions","publisher":{"@id":"https:\/\/saksavorst.ee\/lv\/#organization"},"alternateName":"Veikand","potentialAction":[{"@type":"SearchAction","target":{"@type":"EntryPoint","urlTemplate":"https:\/\/saksavorst.ee\/lv\/?s={search_term_string}"},"query-input":{"@type":"PropertyValueSpecification","valueRequired":true,"valueName":"search_term_string"}}],"inLanguage":"lv-LV"},{"@type":"Organization","@id":"https:\/\/saksavorst.ee\/lv\/#organization","name":"Saksavorst","alternateName":"Veikand","url":"https:\/\/saksavorst.ee\/lv\/","logo":{"@type":"ImageObject","inLanguage":"lv-LV","@id":"https:\/\/saksavorst.ee\/lv\/#\/schema\/logo\/image\/","url":"https:\/\/saksavorst.ee\/wp-content\/uploads\/2023\/05\/veikand-logo.jpg","contentUrl":"https:\/\/saksavorst.ee\/wp-content\/uploads\/2023\/05\/veikand-logo.jpg","width":217,"height":217,"caption":"Saksavorst"},"image":{"@id":"https:\/\/saksavorst.ee\/lv\/#\/schema\/logo\/image\/"},"sameAs":["https:\/\/www.facebook.com\/Veikand"]}]}},"_links":{"self":[{"href":"https:\/\/saksavorst.ee\/lv\/wp-json\/wp\/v2\/product\/20680","targetHints":{"allow":["GET"]}}],"collection":[{"href":"https:\/\/saksavorst.ee\/lv\/wp-json\/wp\/v2\/product"}],"about":[{"href":"https:\/\/saksavorst.ee\/lv\/wp-json\/wp\/v2\/types\/product"}],"version-history":[{"count":1,"href":"https:\/\/saksavorst.ee\/lv\/wp-json\/wp\/v2\/product\/20680\/revisions"}],"predecessor-version":[{"id":45107,"href":"https:\/\/saksavorst.ee\/lv\/wp-json\/wp\/v2\/product\/20680\/revisions\/45107"}],"wp:featuredmedia":[{"embeddable":true,"href":"https:\/\/saksavorst.ee\/lv\/wp-json\/wp\/v2\/media\/32896"}],"wp:attachment":[{"href":"https:\/\/saksavorst.ee\/lv\/wp-json\/wp\/v2\/media?parent=20680"}],"wp:term":[{"taxonomy":"product_brand","embeddable":true,"href":"https:\/\/saksavorst.ee\/lv\/wp-json\/wp\/v2\/product_brand?post=20680"},{"taxonomy":"product_cat","embeddable":true,"href":"https:\/\/saksavorst.ee\/lv\/wp-json\/wp\/v2\/product_cat?post=20680"},{"taxonomy":"product_tag","embeddable":true,"href":"https:\/\/saksavorst.ee\/lv\/wp-json\/wp\/v2\/product_tag?post=20680"}],"curies":[{"name":"wp","href":"https:\/\/api.w.org\/{rel}","templated":true}]}}