{"id":20643,"date":"2021-02-18T13:39:17","date_gmt":"2021-02-18T11:39:17","guid":{"rendered":"https:\/\/saksavorst.ee\/product\/galas-proteins-vepro-gel-100-pc-2-kg-iepakojums\/"},"modified":"2025-08-08T13:01:14","modified_gmt":"2025-08-08T11:01:14","slug":"galas-proteins-vepro-gel-100-pc-2kg","status":"publish","type":"product","link":"https:\/\/saksavorst.ee\/lv\/produkts\/galas-proteins-vepro-gel-100-pc-2kg\/","title":{"rendered":"Ga\u013cas prote\u012bns VEPRO-GEL 100 PC 2kg"},"content":{"rendered":"<h4><strong>VEPRO-GEL 100 PC<\/strong><\/h4>\n<h4><strong>Sast\u0101vda\u013cas:<\/strong><\/h4>\n<p>Vepro-Gel 100 PC ir augstas funkcionalit\u0101tes prote\u012bns, kas izgatavots no p\u0101rtikas izejviel\u0101m<\/p>\n<p>Daudzums: 2 kg<\/p>\n<p>Ieteicam\u0101 deva: p\u0113c gar\u0161as<\/p>\n<p>Uzglab\u0101t v\u0113s\u0101 (11\u201325 \u00b0C), saus\u0101 un tum\u0161\u0101 viet\u0101<\/p>\n<p>Ieteicams l\u012bdz: skat\u012bt uz iepakojuma<\/p>\n<h4><strong>Uzturv\u0113rt\u012bba \u2013 100 g produkta satur:<\/strong><\/h4>\n<p>Ener\u0123\u0113tisk\u0101 v\u0113rt\u012bba 2060 kJ \/ 490 kcal<br \/>\nTauki 14 g<br \/>\nno tiem pies\u0101tin\u0101tie 4,8 g<br \/>\nOg\u013chidr\u0101ti &lt; 0,2 g<br \/>\nno tiem cukuri &lt; 0,2 g<br \/>\nOlbaltumvielas 91 g<br \/>\nS\u0101ls 1 g<\/p>\n<p>Ra\u017eots: Be\u013c\u0123ij\u0101<\/p>\n<p>Ra\u017eot\u0101js: Veos<\/p>\n","protected":false},"excerpt":{"rendered":"<p>Prote\u012bnam, kas nesatur alerg\u0113nus, piem\u012bt lieliskas \u016bdens un tauku saist\u012b\u0161anas \u012bpa\u0161\u012bbas, kas veicina gatav\u0101 produkta kop\u0113jo tekst\u016bru. Neitr\u0101l\u0101s gar\u0161as d\u0113\u013c var izmantot visda\u017e\u0101d\u0101kaj\u0101s emul\u0123\u0113taj\u0101s ga\u013c\u0101s, \u0146emot v\u0113r\u0101 t\u0101s funkcion\u0101l\u0101s un anal\u012btisk\u0101s \u012bpa\u0161\u012bbas.<\/p>\n","protected":false},"featured_media":15813,"template":"","meta":{"_acf_changed":false},"product_brand":[],"product_cat":[367,368,375],"product_tag":[],"class_list":{"0":"post-20643","1":"product","2":"type-product","3":"status-publish","4":"has-post-thumbnail","6":"product_cat-garsvielas","7":"product_cat-piedevas","8":"product_cat-garsvielas-garsvielas","10":"first","11":"instock","12":"taxable","13":"shipping-taxable","14":"purchasable","15":"product-type-simple"},"acf":[],"yoast_head":"<!-- This site is optimized with the Yoast SEO plugin v27.3 - https:\/\/yoast.com\/product\/yoast-seo-wordpress\/ -->\n<title>Ga\u013cas prote\u012bns VEPRO-GEL 100 PC 2kg - Saksavorst<\/title>\n<meta name=\"robots\" content=\"index, follow, max-snippet:-1, max-image-preview:large, max-video-preview:-1\" \/>\n<link rel=\"canonical\" href=\"https:\/\/saksavorst.ee\/lv\/produkts\/galas-proteins-vepro-gel-100-pc-2kg\/\" \/>\n<meta property=\"og:locale\" content=\"lv_LV\" \/>\n<meta property=\"og:type\" content=\"article\" \/>\n<meta property=\"og:title\" content=\"Ga\u013cas prote\u012bns VEPRO-GEL 100 PC 2kg - Saksavorst\" \/>\n<meta property=\"og:description\" content=\"Prote\u012bnam, kas nesatur alerg\u0113nus, piem\u012bt lieliskas \u016bdens un tauku saist\u012b\u0161anas \u012bpa\u0161\u012bbas, kas veicina gatav\u0101 produkta kop\u0113jo tekst\u016bru. Neitr\u0101l\u0101s gar\u0161as d\u0113\u013c var izmantot visda\u017e\u0101d\u0101kaj\u0101s emul\u0123\u0113taj\u0101s ga\u013c\u0101s, \u0146emot v\u0113r\u0101 t\u0101s funkcion\u0101l\u0101s un anal\u012btisk\u0101s \u012bpa\u0161\u012bbas.\" \/>\n<meta property=\"og:url\" content=\"https:\/\/saksavorst.ee\/lv\/produkts\/galas-proteins-vepro-gel-100-pc-2kg\/\" \/>\n<meta property=\"og:site_name\" content=\"Saksavorst\" \/>\n<meta property=\"article:publisher\" content=\"https:\/\/www.facebook.com\/Veikand\" \/>\n<meta property=\"article:modified_time\" content=\"2025-08-08T11:01:14+00:00\" \/>\n<meta property=\"og:image\" content=\"https:\/\/saksavorst.ee\/wp-content\/uploads\/2023\/02\/Lihavalk-VEPRO-GEL-100PC-2kg-1.png\" \/>\n\t<meta property=\"og:image:width\" content=\"800\" \/>\n\t<meta property=\"og:image:height\" content=\"800\" \/>\n\t<meta property=\"og:image:type\" content=\"image\/png\" \/>\n<meta name=\"twitter:card\" content=\"summary_large_image\" \/>\n<meta name=\"twitter:label1\" content=\"Est. reading time\" \/>\n\t<meta name=\"twitter:data1\" content=\"1 minute\" \/>\n<script type=\"application\/ld+json\" class=\"yoast-schema-graph\">{\"@context\":\"https:\\\/\\\/schema.org\",\"@graph\":[{\"@type\":\"WebPage\",\"@id\":\"https:\\\/\\\/saksavorst.ee\\\/lv\\\/produkts\\\/galas-proteins-vepro-gel-100-pc-2kg\\\/\",\"url\":\"https:\\\/\\\/saksavorst.ee\\\/lv\\\/produkts\\\/galas-proteins-vepro-gel-100-pc-2kg\\\/\",\"name\":\"Ga\u013cas prote\u012bns VEPRO-GEL 100 PC 2kg - Saksavorst\",\"isPartOf\":{\"@id\":\"https:\\\/\\\/saksavorst.ee\\\/lv\\\/#website\"},\"primaryImageOfPage\":{\"@id\":\"https:\\\/\\\/saksavorst.ee\\\/lv\\\/produkts\\\/galas-proteins-vepro-gel-100-pc-2kg\\\/#primaryimage\"},\"image\":{\"@id\":\"https:\\\/\\\/saksavorst.ee\\\/lv\\\/produkts\\\/galas-proteins-vepro-gel-100-pc-2kg\\\/#primaryimage\"},\"thumbnailUrl\":\"https:\\\/\\\/saksavorst.ee\\\/wp-content\\\/uploads\\\/2023\\\/02\\\/Lihavalk-VEPRO-GEL-100PC-2kg-1.png\",\"datePublished\":\"2021-02-18T11:39:17+00:00\",\"dateModified\":\"2025-08-08T11:01:14+00:00\",\"breadcrumb\":{\"@id\":\"https:\\\/\\\/saksavorst.ee\\\/lv\\\/produkts\\\/galas-proteins-vepro-gel-100-pc-2kg\\\/#breadcrumb\"},\"inLanguage\":\"lv-LV\",\"potentialAction\":[{\"@type\":\"ReadAction\",\"target\":[\"https:\\\/\\\/saksavorst.ee\\\/lv\\\/produkts\\\/galas-proteins-vepro-gel-100-pc-2kg\\\/\"]}]},{\"@type\":\"ImageObject\",\"inLanguage\":\"lv-LV\",\"@id\":\"https:\\\/\\\/saksavorst.ee\\\/lv\\\/produkts\\\/galas-proteins-vepro-gel-100-pc-2kg\\\/#primaryimage\",\"url\":\"https:\\\/\\\/saksavorst.ee\\\/wp-content\\\/uploads\\\/2023\\\/02\\\/Lihavalk-VEPRO-GEL-100PC-2kg-1.png\",\"contentUrl\":\"https:\\\/\\\/saksavorst.ee\\\/wp-content\\\/uploads\\\/2023\\\/02\\\/Lihavalk-VEPRO-GEL-100PC-2kg-1.png\",\"width\":800,\"height\":800},{\"@type\":\"BreadcrumbList\",\"@id\":\"https:\\\/\\\/saksavorst.ee\\\/lv\\\/produkts\\\/galas-proteins-vepro-gel-100-pc-2kg\\\/#breadcrumb\",\"itemListElement\":[{\"@type\":\"ListItem\",\"position\":1,\"name\":\"Home\",\"item\":\"https:\\\/\\\/saksavorst.ee\\\/lv\\\/\"},{\"@type\":\"ListItem\",\"position\":2,\"name\":\"Veikals\",\"item\":\"https:\\\/\\\/saksavorst.ee\\\/lv\\\/veikals\\\/\"},{\"@type\":\"ListItem\",\"position\":3,\"name\":\"Ga\u013cas prote\u012bns VEPRO-GEL 100 PC 2kg\"}]},{\"@type\":\"WebSite\",\"@id\":\"https:\\\/\\\/saksavorst.ee\\\/lv\\\/#website\",\"url\":\"https:\\\/\\\/saksavorst.ee\\\/lv\\\/\",\"name\":\"Saksavorst\",\"description\":\"Feel the taste of emotions\",\"publisher\":{\"@id\":\"https:\\\/\\\/saksavorst.ee\\\/lv\\\/#organization\"},\"alternateName\":\"Veikand\",\"potentialAction\":[{\"@type\":\"SearchAction\",\"target\":{\"@type\":\"EntryPoint\",\"urlTemplate\":\"https:\\\/\\\/saksavorst.ee\\\/lv\\\/?s={search_term_string}\"},\"query-input\":{\"@type\":\"PropertyValueSpecification\",\"valueRequired\":true,\"valueName\":\"search_term_string\"}}],\"inLanguage\":\"lv-LV\"},{\"@type\":\"Organization\",\"@id\":\"https:\\\/\\\/saksavorst.ee\\\/lv\\\/#organization\",\"name\":\"Saksavorst\",\"alternateName\":\"Veikand\",\"url\":\"https:\\\/\\\/saksavorst.ee\\\/lv\\\/\",\"logo\":{\"@type\":\"ImageObject\",\"inLanguage\":\"lv-LV\",\"@id\":\"https:\\\/\\\/saksavorst.ee\\\/lv\\\/#\\\/schema\\\/logo\\\/image\\\/\",\"url\":\"https:\\\/\\\/saksavorst.ee\\\/wp-content\\\/uploads\\\/2023\\\/05\\\/veikand-logo.jpg\",\"contentUrl\":\"https:\\\/\\\/saksavorst.ee\\\/wp-content\\\/uploads\\\/2023\\\/05\\\/veikand-logo.jpg\",\"width\":217,\"height\":217,\"caption\":\"Saksavorst\"},\"image\":{\"@id\":\"https:\\\/\\\/saksavorst.ee\\\/lv\\\/#\\\/schema\\\/logo\\\/image\\\/\"},\"sameAs\":[\"https:\\\/\\\/www.facebook.com\\\/Veikand\"]}]}<\/script>\n<!-- \/ Yoast SEO plugin. -->","yoast_head_json":{"title":"Ga\u013cas prote\u012bns VEPRO-GEL 100 PC 2kg - Saksavorst","robots":{"index":"index","follow":"follow","max-snippet":"max-snippet:-1","max-image-preview":"max-image-preview:large","max-video-preview":"max-video-preview:-1"},"canonical":"https:\/\/saksavorst.ee\/lv\/produkts\/galas-proteins-vepro-gel-100-pc-2kg\/","og_locale":"lv_LV","og_type":"article","og_title":"Ga\u013cas prote\u012bns VEPRO-GEL 100 PC 2kg - Saksavorst","og_description":"Prote\u012bnam, kas nesatur alerg\u0113nus, piem\u012bt lieliskas \u016bdens un tauku saist\u012b\u0161anas \u012bpa\u0161\u012bbas, kas veicina gatav\u0101 produkta kop\u0113jo tekst\u016bru. Neitr\u0101l\u0101s gar\u0161as d\u0113\u013c var izmantot visda\u017e\u0101d\u0101kaj\u0101s emul\u0123\u0113taj\u0101s ga\u013c\u0101s, \u0146emot v\u0113r\u0101 t\u0101s funkcion\u0101l\u0101s un anal\u012btisk\u0101s \u012bpa\u0161\u012bbas.","og_url":"https:\/\/saksavorst.ee\/lv\/produkts\/galas-proteins-vepro-gel-100-pc-2kg\/","og_site_name":"Saksavorst","article_publisher":"https:\/\/www.facebook.com\/Veikand","article_modified_time":"2025-08-08T11:01:14+00:00","og_image":[{"width":800,"height":800,"url":"https:\/\/saksavorst.ee\/wp-content\/uploads\/2023\/02\/Lihavalk-VEPRO-GEL-100PC-2kg-1.png","type":"image\/png"}],"twitter_card":"summary_large_image","twitter_misc":{"Est. reading time":"1 minute"},"schema":{"@context":"https:\/\/schema.org","@graph":[{"@type":"WebPage","@id":"https:\/\/saksavorst.ee\/lv\/produkts\/galas-proteins-vepro-gel-100-pc-2kg\/","url":"https:\/\/saksavorst.ee\/lv\/produkts\/galas-proteins-vepro-gel-100-pc-2kg\/","name":"Ga\u013cas prote\u012bns VEPRO-GEL 100 PC 2kg - Saksavorst","isPartOf":{"@id":"https:\/\/saksavorst.ee\/lv\/#website"},"primaryImageOfPage":{"@id":"https:\/\/saksavorst.ee\/lv\/produkts\/galas-proteins-vepro-gel-100-pc-2kg\/#primaryimage"},"image":{"@id":"https:\/\/saksavorst.ee\/lv\/produkts\/galas-proteins-vepro-gel-100-pc-2kg\/#primaryimage"},"thumbnailUrl":"https:\/\/saksavorst.ee\/wp-content\/uploads\/2023\/02\/Lihavalk-VEPRO-GEL-100PC-2kg-1.png","datePublished":"2021-02-18T11:39:17+00:00","dateModified":"2025-08-08T11:01:14+00:00","breadcrumb":{"@id":"https:\/\/saksavorst.ee\/lv\/produkts\/galas-proteins-vepro-gel-100-pc-2kg\/#breadcrumb"},"inLanguage":"lv-LV","potentialAction":[{"@type":"ReadAction","target":["https:\/\/saksavorst.ee\/lv\/produkts\/galas-proteins-vepro-gel-100-pc-2kg\/"]}]},{"@type":"ImageObject","inLanguage":"lv-LV","@id":"https:\/\/saksavorst.ee\/lv\/produkts\/galas-proteins-vepro-gel-100-pc-2kg\/#primaryimage","url":"https:\/\/saksavorst.ee\/wp-content\/uploads\/2023\/02\/Lihavalk-VEPRO-GEL-100PC-2kg-1.png","contentUrl":"https:\/\/saksavorst.ee\/wp-content\/uploads\/2023\/02\/Lihavalk-VEPRO-GEL-100PC-2kg-1.png","width":800,"height":800},{"@type":"BreadcrumbList","@id":"https:\/\/saksavorst.ee\/lv\/produkts\/galas-proteins-vepro-gel-100-pc-2kg\/#breadcrumb","itemListElement":[{"@type":"ListItem","position":1,"name":"Home","item":"https:\/\/saksavorst.ee\/lv\/"},{"@type":"ListItem","position":2,"name":"Veikals","item":"https:\/\/saksavorst.ee\/lv\/veikals\/"},{"@type":"ListItem","position":3,"name":"Ga\u013cas prote\u012bns VEPRO-GEL 100 PC 2kg"}]},{"@type":"WebSite","@id":"https:\/\/saksavorst.ee\/lv\/#website","url":"https:\/\/saksavorst.ee\/lv\/","name":"Saksavorst","description":"Feel the taste of emotions","publisher":{"@id":"https:\/\/saksavorst.ee\/lv\/#organization"},"alternateName":"Veikand","potentialAction":[{"@type":"SearchAction","target":{"@type":"EntryPoint","urlTemplate":"https:\/\/saksavorst.ee\/lv\/?s={search_term_string}"},"query-input":{"@type":"PropertyValueSpecification","valueRequired":true,"valueName":"search_term_string"}}],"inLanguage":"lv-LV"},{"@type":"Organization","@id":"https:\/\/saksavorst.ee\/lv\/#organization","name":"Saksavorst","alternateName":"Veikand","url":"https:\/\/saksavorst.ee\/lv\/","logo":{"@type":"ImageObject","inLanguage":"lv-LV","@id":"https:\/\/saksavorst.ee\/lv\/#\/schema\/logo\/image\/","url":"https:\/\/saksavorst.ee\/wp-content\/uploads\/2023\/05\/veikand-logo.jpg","contentUrl":"https:\/\/saksavorst.ee\/wp-content\/uploads\/2023\/05\/veikand-logo.jpg","width":217,"height":217,"caption":"Saksavorst"},"image":{"@id":"https:\/\/saksavorst.ee\/lv\/#\/schema\/logo\/image\/"},"sameAs":["https:\/\/www.facebook.com\/Veikand"]}]}},"_links":{"self":[{"href":"https:\/\/saksavorst.ee\/lv\/wp-json\/wp\/v2\/product\/20643","targetHints":{"allow":["GET"]}}],"collection":[{"href":"https:\/\/saksavorst.ee\/lv\/wp-json\/wp\/v2\/product"}],"about":[{"href":"https:\/\/saksavorst.ee\/lv\/wp-json\/wp\/v2\/types\/product"}],"version-history":[{"count":1,"href":"https:\/\/saksavorst.ee\/lv\/wp-json\/wp\/v2\/product\/20643\/revisions"}],"predecessor-version":[{"id":45042,"href":"https:\/\/saksavorst.ee\/lv\/wp-json\/wp\/v2\/product\/20643\/revisions\/45042"}],"wp:featuredmedia":[{"embeddable":true,"href":"https:\/\/saksavorst.ee\/lv\/wp-json\/wp\/v2\/media\/15813"}],"wp:attachment":[{"href":"https:\/\/saksavorst.ee\/lv\/wp-json\/wp\/v2\/media?parent=20643"}],"wp:term":[{"taxonomy":"product_brand","embeddable":true,"href":"https:\/\/saksavorst.ee\/lv\/wp-json\/wp\/v2\/product_brand?post=20643"},{"taxonomy":"product_cat","embeddable":true,"href":"https:\/\/saksavorst.ee\/lv\/wp-json\/wp\/v2\/product_cat?post=20643"},{"taxonomy":"product_tag","embeddable":true,"href":"https:\/\/saksavorst.ee\/lv\/wp-json\/wp\/v2\/product_tag?post=20643"}],"curies":[{"name":"wp","href":"https:\/\/api.w.org\/{rel}","templated":true}]}}