{"id":20631,"date":"2021-02-25T13:04:39","date_gmt":"2021-02-25T11:04:39","guid":{"rendered":"https:\/\/saksavorst.ee\/product\/aizsargcimds-niroflex-bluecut-pro-xl-izmers\/"},"modified":"2025-08-08T11:14:52","modified_gmt":"2025-08-08T09:14:52","slug":"aizsargcimds-niroflex-bluecut-pro-xl-izmers","status":"publish","type":"product","link":"https:\/\/saksavorst.ee\/lv\/produkts\/aizsargcimds-niroflex-bluecut-pro-xl-izmers\/","title":{"rendered":"Aizsargcimds NIROFLEX BlueCut pro, XL izm\u0113rs"},"content":{"rendered":"<p>Ad\u012bts cimds no ner\u016bs\u0113jo\u0161\u0101 t\u0113rauda, kas aizsarg\u0101 pret iegriezumiem<\/p>\n<p>Zila kr\u0101sa vieglai \u0161\u0137iedru identific\u0113\u0161anai<\/p>\n<p>Galvenais materi\u0101ls: Brinix A8C \u00ae, poliesters, ner\u016bs\u0113jo\u0161ais t\u0113rauds<\/p>\n<p>Augst\u0101k\u0101 grie\u0161anas iztur\u012bbas klase \u2013 5. klase<\/p>\n<p>Mazg\u0101jams trauku mazg\u0101jam\u0101 ma\u0161\u012bn\u0101, iztur l\u012bdz 85\u00b0C<\/p>\n<p>Daudzums: 1 gab.<\/p>\n<p>Cimda garums: 28,5 cm<\/p>\n<p>Cimda platums: 14 cm<\/p>\n","protected":false},"excerpt":{"rendered":"<p>Ad\u012bts aizsargcimds, kas efekt\u012bvi aizsarg\u0101 pret griezumiem.<\/p>\n","protected":false},"featured_media":15895,"template":"","meta":{"_acf_changed":false},"product_brand":[],"product_cat":[346,347],"product_tag":[],"class_list":{"0":"post-20631","1":"product","2":"type-product","3":"status-publish","4":"has-post-thumbnail","6":"product_cat-nazi-un-aksesuari","7":"product_cat-paliglidzekli-nazi-un-piederumi","9":"first","10":"instock","11":"taxable","12":"shipping-taxable","13":"purchasable","14":"product-type-simple"},"acf":[],"yoast_head":"<!-- This site is optimized with the Yoast SEO plugin v27.3 - https:\/\/yoast.com\/product\/yoast-seo-wordpress\/ -->\n<title>Aizsargcimds NIROFLEX BlueCut pro, XL izm\u0113rs - Saksavorst<\/title>\n<meta name=\"robots\" content=\"index, follow, max-snippet:-1, max-image-preview:large, max-video-preview:-1\" \/>\n<link rel=\"canonical\" href=\"https:\/\/saksavorst.ee\/lv\/produkts\/aizsargcimds-niroflex-bluecut-pro-xl-izmers\/\" \/>\n<meta property=\"og:locale\" content=\"lv_LV\" \/>\n<meta property=\"og:type\" content=\"article\" \/>\n<meta property=\"og:title\" content=\"Aizsargcimds NIROFLEX BlueCut pro, XL izm\u0113rs - Saksavorst\" \/>\n<meta property=\"og:description\" content=\"Ad\u012bts aizsargcimds, kas efekt\u012bvi aizsarg\u0101 pret griezumiem.\" \/>\n<meta property=\"og:url\" content=\"https:\/\/saksavorst.ee\/lv\/produkts\/aizsargcimds-niroflex-bluecut-pro-xl-izmers\/\" \/>\n<meta property=\"og:site_name\" content=\"Saksavorst\" \/>\n<meta property=\"article:publisher\" content=\"https:\/\/www.facebook.com\/Veikand\" \/>\n<meta property=\"article:modified_time\" content=\"2025-08-08T09:14:52+00:00\" \/>\n<meta property=\"og:image\" content=\"https:\/\/saksavorst.ee\/wp-content\/uploads\/2023\/02\/Turvakinnas-NIROFLEX-BlueCut-pro-XL-suurus-1-1.png\" \/>\n\t<meta property=\"og:image:width\" content=\"800\" \/>\n\t<meta property=\"og:image:height\" content=\"800\" \/>\n\t<meta property=\"og:image:type\" content=\"image\/png\" \/>\n<meta name=\"twitter:card\" content=\"summary_large_image\" \/>\n<meta name=\"twitter:label1\" content=\"Est. reading time\" \/>\n\t<meta name=\"twitter:data1\" content=\"1 minute\" \/>\n<script type=\"application\/ld+json\" class=\"yoast-schema-graph\">{\"@context\":\"https:\\\/\\\/schema.org\",\"@graph\":[{\"@type\":\"WebPage\",\"@id\":\"https:\\\/\\\/saksavorst.ee\\\/lv\\\/produkts\\\/aizsargcimds-niroflex-bluecut-pro-xl-izmers\\\/\",\"url\":\"https:\\\/\\\/saksavorst.ee\\\/lv\\\/produkts\\\/aizsargcimds-niroflex-bluecut-pro-xl-izmers\\\/\",\"name\":\"Aizsargcimds NIROFLEX BlueCut pro, XL izm\u0113rs - Saksavorst\",\"isPartOf\":{\"@id\":\"https:\\\/\\\/saksavorst.ee\\\/lv\\\/#website\"},\"primaryImageOfPage\":{\"@id\":\"https:\\\/\\\/saksavorst.ee\\\/lv\\\/produkts\\\/aizsargcimds-niroflex-bluecut-pro-xl-izmers\\\/#primaryimage\"},\"image\":{\"@id\":\"https:\\\/\\\/saksavorst.ee\\\/lv\\\/produkts\\\/aizsargcimds-niroflex-bluecut-pro-xl-izmers\\\/#primaryimage\"},\"thumbnailUrl\":\"https:\\\/\\\/saksavorst.ee\\\/wp-content\\\/uploads\\\/2023\\\/02\\\/Turvakinnas-NIROFLEX-BlueCut-pro-XL-suurus-1-1.png\",\"datePublished\":\"2021-02-25T11:04:39+00:00\",\"dateModified\":\"2025-08-08T09:14:52+00:00\",\"breadcrumb\":{\"@id\":\"https:\\\/\\\/saksavorst.ee\\\/lv\\\/produkts\\\/aizsargcimds-niroflex-bluecut-pro-xl-izmers\\\/#breadcrumb\"},\"inLanguage\":\"lv-LV\",\"potentialAction\":[{\"@type\":\"ReadAction\",\"target\":[\"https:\\\/\\\/saksavorst.ee\\\/lv\\\/produkts\\\/aizsargcimds-niroflex-bluecut-pro-xl-izmers\\\/\"]}]},{\"@type\":\"ImageObject\",\"inLanguage\":\"lv-LV\",\"@id\":\"https:\\\/\\\/saksavorst.ee\\\/lv\\\/produkts\\\/aizsargcimds-niroflex-bluecut-pro-xl-izmers\\\/#primaryimage\",\"url\":\"https:\\\/\\\/saksavorst.ee\\\/wp-content\\\/uploads\\\/2023\\\/02\\\/Turvakinnas-NIROFLEX-BlueCut-pro-XL-suurus-1-1.png\",\"contentUrl\":\"https:\\\/\\\/saksavorst.ee\\\/wp-content\\\/uploads\\\/2023\\\/02\\\/Turvakinnas-NIROFLEX-BlueCut-pro-XL-suurus-1-1.png\",\"width\":800,\"height\":800},{\"@type\":\"BreadcrumbList\",\"@id\":\"https:\\\/\\\/saksavorst.ee\\\/lv\\\/produkts\\\/aizsargcimds-niroflex-bluecut-pro-xl-izmers\\\/#breadcrumb\",\"itemListElement\":[{\"@type\":\"ListItem\",\"position\":1,\"name\":\"Home\",\"item\":\"https:\\\/\\\/saksavorst.ee\\\/lv\\\/\"},{\"@type\":\"ListItem\",\"position\":2,\"name\":\"Veikals\",\"item\":\"https:\\\/\\\/saksavorst.ee\\\/lv\\\/veikals\\\/\"},{\"@type\":\"ListItem\",\"position\":3,\"name\":\"Aizsargcimds NIROFLEX BlueCut pro, XL izm\u0113rs\"}]},{\"@type\":\"WebSite\",\"@id\":\"https:\\\/\\\/saksavorst.ee\\\/lv\\\/#website\",\"url\":\"https:\\\/\\\/saksavorst.ee\\\/lv\\\/\",\"name\":\"Saksavorst\",\"description\":\"Feel the taste of emotions\",\"publisher\":{\"@id\":\"https:\\\/\\\/saksavorst.ee\\\/lv\\\/#organization\"},\"alternateName\":\"Veikand\",\"potentialAction\":[{\"@type\":\"SearchAction\",\"target\":{\"@type\":\"EntryPoint\",\"urlTemplate\":\"https:\\\/\\\/saksavorst.ee\\\/lv\\\/?s={search_term_string}\"},\"query-input\":{\"@type\":\"PropertyValueSpecification\",\"valueRequired\":true,\"valueName\":\"search_term_string\"}}],\"inLanguage\":\"lv-LV\"},{\"@type\":\"Organization\",\"@id\":\"https:\\\/\\\/saksavorst.ee\\\/lv\\\/#organization\",\"name\":\"Saksavorst\",\"alternateName\":\"Veikand\",\"url\":\"https:\\\/\\\/saksavorst.ee\\\/lv\\\/\",\"logo\":{\"@type\":\"ImageObject\",\"inLanguage\":\"lv-LV\",\"@id\":\"https:\\\/\\\/saksavorst.ee\\\/lv\\\/#\\\/schema\\\/logo\\\/image\\\/\",\"url\":\"https:\\\/\\\/saksavorst.ee\\\/wp-content\\\/uploads\\\/2023\\\/05\\\/veikand-logo.jpg\",\"contentUrl\":\"https:\\\/\\\/saksavorst.ee\\\/wp-content\\\/uploads\\\/2023\\\/05\\\/veikand-logo.jpg\",\"width\":217,\"height\":217,\"caption\":\"Saksavorst\"},\"image\":{\"@id\":\"https:\\\/\\\/saksavorst.ee\\\/lv\\\/#\\\/schema\\\/logo\\\/image\\\/\"},\"sameAs\":[\"https:\\\/\\\/www.facebook.com\\\/Veikand\"]}]}<\/script>\n<!-- \/ Yoast SEO plugin. -->","yoast_head_json":{"title":"Aizsargcimds NIROFLEX BlueCut pro, XL izm\u0113rs - Saksavorst","robots":{"index":"index","follow":"follow","max-snippet":"max-snippet:-1","max-image-preview":"max-image-preview:large","max-video-preview":"max-video-preview:-1"},"canonical":"https:\/\/saksavorst.ee\/lv\/produkts\/aizsargcimds-niroflex-bluecut-pro-xl-izmers\/","og_locale":"lv_LV","og_type":"article","og_title":"Aizsargcimds NIROFLEX BlueCut pro, XL izm\u0113rs - Saksavorst","og_description":"Ad\u012bts aizsargcimds, kas efekt\u012bvi aizsarg\u0101 pret griezumiem.","og_url":"https:\/\/saksavorst.ee\/lv\/produkts\/aizsargcimds-niroflex-bluecut-pro-xl-izmers\/","og_site_name":"Saksavorst","article_publisher":"https:\/\/www.facebook.com\/Veikand","article_modified_time":"2025-08-08T09:14:52+00:00","og_image":[{"width":800,"height":800,"url":"https:\/\/saksavorst.ee\/wp-content\/uploads\/2023\/02\/Turvakinnas-NIROFLEX-BlueCut-pro-XL-suurus-1-1.png","type":"image\/png"}],"twitter_card":"summary_large_image","twitter_misc":{"Est. reading time":"1 minute"},"schema":{"@context":"https:\/\/schema.org","@graph":[{"@type":"WebPage","@id":"https:\/\/saksavorst.ee\/lv\/produkts\/aizsargcimds-niroflex-bluecut-pro-xl-izmers\/","url":"https:\/\/saksavorst.ee\/lv\/produkts\/aizsargcimds-niroflex-bluecut-pro-xl-izmers\/","name":"Aizsargcimds NIROFLEX BlueCut pro, XL izm\u0113rs - Saksavorst","isPartOf":{"@id":"https:\/\/saksavorst.ee\/lv\/#website"},"primaryImageOfPage":{"@id":"https:\/\/saksavorst.ee\/lv\/produkts\/aizsargcimds-niroflex-bluecut-pro-xl-izmers\/#primaryimage"},"image":{"@id":"https:\/\/saksavorst.ee\/lv\/produkts\/aizsargcimds-niroflex-bluecut-pro-xl-izmers\/#primaryimage"},"thumbnailUrl":"https:\/\/saksavorst.ee\/wp-content\/uploads\/2023\/02\/Turvakinnas-NIROFLEX-BlueCut-pro-XL-suurus-1-1.png","datePublished":"2021-02-25T11:04:39+00:00","dateModified":"2025-08-08T09:14:52+00:00","breadcrumb":{"@id":"https:\/\/saksavorst.ee\/lv\/produkts\/aizsargcimds-niroflex-bluecut-pro-xl-izmers\/#breadcrumb"},"inLanguage":"lv-LV","potentialAction":[{"@type":"ReadAction","target":["https:\/\/saksavorst.ee\/lv\/produkts\/aizsargcimds-niroflex-bluecut-pro-xl-izmers\/"]}]},{"@type":"ImageObject","inLanguage":"lv-LV","@id":"https:\/\/saksavorst.ee\/lv\/produkts\/aizsargcimds-niroflex-bluecut-pro-xl-izmers\/#primaryimage","url":"https:\/\/saksavorst.ee\/wp-content\/uploads\/2023\/02\/Turvakinnas-NIROFLEX-BlueCut-pro-XL-suurus-1-1.png","contentUrl":"https:\/\/saksavorst.ee\/wp-content\/uploads\/2023\/02\/Turvakinnas-NIROFLEX-BlueCut-pro-XL-suurus-1-1.png","width":800,"height":800},{"@type":"BreadcrumbList","@id":"https:\/\/saksavorst.ee\/lv\/produkts\/aizsargcimds-niroflex-bluecut-pro-xl-izmers\/#breadcrumb","itemListElement":[{"@type":"ListItem","position":1,"name":"Home","item":"https:\/\/saksavorst.ee\/lv\/"},{"@type":"ListItem","position":2,"name":"Veikals","item":"https:\/\/saksavorst.ee\/lv\/veikals\/"},{"@type":"ListItem","position":3,"name":"Aizsargcimds NIROFLEX BlueCut pro, XL izm\u0113rs"}]},{"@type":"WebSite","@id":"https:\/\/saksavorst.ee\/lv\/#website","url":"https:\/\/saksavorst.ee\/lv\/","name":"Saksavorst","description":"Feel the taste of emotions","publisher":{"@id":"https:\/\/saksavorst.ee\/lv\/#organization"},"alternateName":"Veikand","potentialAction":[{"@type":"SearchAction","target":{"@type":"EntryPoint","urlTemplate":"https:\/\/saksavorst.ee\/lv\/?s={search_term_string}"},"query-input":{"@type":"PropertyValueSpecification","valueRequired":true,"valueName":"search_term_string"}}],"inLanguage":"lv-LV"},{"@type":"Organization","@id":"https:\/\/saksavorst.ee\/lv\/#organization","name":"Saksavorst","alternateName":"Veikand","url":"https:\/\/saksavorst.ee\/lv\/","logo":{"@type":"ImageObject","inLanguage":"lv-LV","@id":"https:\/\/saksavorst.ee\/lv\/#\/schema\/logo\/image\/","url":"https:\/\/saksavorst.ee\/wp-content\/uploads\/2023\/05\/veikand-logo.jpg","contentUrl":"https:\/\/saksavorst.ee\/wp-content\/uploads\/2023\/05\/veikand-logo.jpg","width":217,"height":217,"caption":"Saksavorst"},"image":{"@id":"https:\/\/saksavorst.ee\/lv\/#\/schema\/logo\/image\/"},"sameAs":["https:\/\/www.facebook.com\/Veikand"]}]}},"_links":{"self":[{"href":"https:\/\/saksavorst.ee\/lv\/wp-json\/wp\/v2\/product\/20631","targetHints":{"allow":["GET"]}}],"collection":[{"href":"https:\/\/saksavorst.ee\/lv\/wp-json\/wp\/v2\/product"}],"about":[{"href":"https:\/\/saksavorst.ee\/lv\/wp-json\/wp\/v2\/types\/product"}],"version-history":[{"count":1,"href":"https:\/\/saksavorst.ee\/lv\/wp-json\/wp\/v2\/product\/20631\/revisions"}],"predecessor-version":[{"id":44993,"href":"https:\/\/saksavorst.ee\/lv\/wp-json\/wp\/v2\/product\/20631\/revisions\/44993"}],"wp:featuredmedia":[{"embeddable":true,"href":"https:\/\/saksavorst.ee\/lv\/wp-json\/wp\/v2\/media\/15895"}],"wp:attachment":[{"href":"https:\/\/saksavorst.ee\/lv\/wp-json\/wp\/v2\/media?parent=20631"}],"wp:term":[{"taxonomy":"product_brand","embeddable":true,"href":"https:\/\/saksavorst.ee\/lv\/wp-json\/wp\/v2\/product_brand?post=20631"},{"taxonomy":"product_cat","embeddable":true,"href":"https:\/\/saksavorst.ee\/lv\/wp-json\/wp\/v2\/product_cat?post=20631"},{"taxonomy":"product_tag","embeddable":true,"href":"https:\/\/saksavorst.ee\/lv\/wp-json\/wp\/v2\/product_tag?post=20631"}],"curies":[{"name":"wp","href":"https:\/\/api.w.org\/{rel}","templated":true}]}}