{"id":20617,"date":"2021-03-10T12:04:35","date_gmt":"2021-03-10T12:04:35","guid":{"rendered":"https:\/\/saksavorst.ee\/product\/glabasanas-ieraugs-holdbac-lc-lyo-100-dcu\/"},"modified":"2026-04-01T12:25:05","modified_gmt":"2026-04-01T10:25:05","slug":"glabasanas-ieraugs-holdbac-lc-lyo-100-dcu","status":"publish","type":"product","link":"https:\/\/saksavorst.ee\/lv\/produkts\/glabasanas-ieraugs-holdbac-lc-lyo-100-dcu\/","title":{"rendered":"Glab\u0101\u0161anas ieraugs HOLDBAC LC LYO 100 DCU SALE"},"content":{"rendered":"<p><strong>Sast\u0101v\u0101:<\/strong> <em>Lactobacillus rhamnosus<\/em><\/p>\n<p><strong>\u012apa\u0161\u012bbas: <\/strong>Ieraugs piena produktiem. \u013boti l\u0113ns un ar nelielu sk\u0101b\u0161anu, veidojot nelielu daudzumu L(+) tipa piensk\u0101bes, neliel\u0101 m\u0113r\u0101 atdala no citr\u0101ta diacetilu un aceto\u012bnu. \u013boti iztur\u012bgs pret s\u0101ls saturu.<\/p>\n<p>HOLDBAC LC LYO 100 DCU tiek pievienots kop\u0101 ar ieraugu. Tas pozit\u012bvi ietekm\u0113 sk\u0101b\u0113to produktu tekst\u016bru un\/vai gar\u0161u, saglab\u0101jot produktiem rakstur\u012bg\u0101s organoleptisk\u0101s \u012bpa\u0161\u012bbas.<\/p>\n<p>Izmanto sieros un augu izcelsmes produktos.<\/p>\n<p>HOLDBAC LC LYO 100 DCU pal\u012bdz saglab\u0101t produktu svaigumu uzglab\u0101\u0161anas laik\u0101, k\u0101 ar\u012b pal\u012bdz nov\u0113rst da\u017eu blakusgar\u0161u veido\u0161anos uzglab\u0101\u0161anas un transport\u0113\u0161anas laik\u0101.<\/p>\n<p>HOLDBAC LC LYO 100 DCU kav\u0113 nev\u0113lamu mikroorganismu att\u012bst\u012bbu biolo\u0123isk\u0101 veid\u0101 \u2013 piem. leikonostoku un heterofermentat\u012bvo piensk\u0101bes bakt\u0113riju, un enterokoku.<\/p>\n<p>Efektivit\u0101te ir atkar\u012bga no mikroorganismu celmiem un sug\u0101m, kas izrais\u012bja pies\u0101r\u0146ojumu.<\/p>\n<p><strong>Lieto\u0161ana: <\/strong> Puscietie sieri: Ieteicam\u0101 deva: 5 \u2013 20 DCU \/ uz 100 l piena<\/p>\n<p>Emental sieri 5 \u2013 20 DCU \/ uz 100 l piena<\/p>\n<p>Sk\u0101b\u0113ti augu produkti 10 \u2013 20 DCU \/ uz 100 l piena<\/p>\n<p>Doz\u0113jamais daudzums sniegts ieteikumu veid\u0101. Faktisko doz\u0113jamo daudzumu var b\u016bt nepiecie\u0161ams papildin\u0101t atkar\u012bb\u0101 no tehnolo\u0123ijas, tauku satura un v\u0113lamaj\u0101m produkta \u012bpa\u0161\u012bb\u0101m.<\/p>\n<p><strong>Lieto\u0161anas pam\u0101c\u012bba: <\/strong>Pirms iepakojuma atv\u0113r\u0161anas dezinfic\u0113t iepakojumu ar dezinfekcijas l\u012bdzekli (ja nepiecie\u0161ams, nosusin\u0101t). No atv\u0113rt\u0101 iepakojuma uzglab\u0101\u0161anas ieraugu kop\u0101 ar sk\u0101b\u0113\u0161anas ieraugu pievieno tie\u0161i pasteriz\u0113tam un sk\u0101b\u0113\u0161anas temperat\u016br\u0101 eso\u0161am pienam. Mais\u012bt l\u0113n\u0101m ~5\u202610 min.<\/p>\n<p>HOLDBAC LC LYO 100 DCU tiek izmantots k\u0101 papildu ieraugs kop\u0101 ar sk\u0101b\u0113\u0161anas ieraugu.<\/p>\n<p><strong>Uzglab\u0101\u0161ana: <\/strong>Liofiliz\u0113to ieraugu uzglab\u0101\u0161ana istabas temperat\u016br\u0101 maks. 2 ned\u0113\u013cas neietekm\u0113 der\u012bguma termi\u0146u. P\u0113c pieg\u0101des uzglab\u0101t 18 m\u0113ne\u0161us no izgatavo\u0161anas datuma \u201318 \u00b0C temperat\u016br\u0101.<\/p>\n<p><strong>Ra\u017eots: <\/strong>DuPont Danisco Nieb\u00fcll, V\u0101cija<\/p>\n<p>Halal un Kosher sertifik\u0101ts<\/p>\n","protected":false},"excerpt":{"rendered":"<p>Cena ar atlaidi produktiem sakar\u0101 ar der\u012bguma termi\u0146u, visi produkti ir sl\u0113gt\u0101 iepakojum\u0101 un nav atv\u0113rti!<\/p>\n<p>Ieraugs ir speci\u0101li atlas\u012bts vienas sugas liofiliz\u0113ts, pulverveida ieraugs, kas pievienojams tie\u0161i produktam kop\u0101 ar sk\u0101b\u0113\u0161anas ieraugu.<\/p>\n","protected":false},"featured_media":15967,"template":"","meta":{"_acf_changed":false},"product_brand":[],"product_cat":[327,351,326],"product_tag":[],"class_list":{"0":"post-20617","1":"product","2":"type-product","3":"status-publish","4":"has-post-thumbnail","6":"product_cat-siers","7":"product_cat-piedavajumi","8":"product_cat-skabais","10":"first","11":"instock","12":"sale","13":"taxable","14":"shipping-taxable","15":"purchasable","16":"product-type-simple"},"acf":[],"yoast_head":"<!-- This site is optimized with the Yoast SEO plugin v27.3 - https:\/\/yoast.com\/product\/yoast-seo-wordpress\/ -->\n<title>Glab\u0101\u0161anas ieraugs HOLDBAC LC LYO 100 DCU SALE - Saksavorst<\/title>\n<meta name=\"robots\" content=\"index, follow, max-snippet:-1, max-image-preview:large, max-video-preview:-1\" \/>\n<link rel=\"canonical\" href=\"https:\/\/saksavorst.ee\/lv\/produkts\/glabasanas-ieraugs-holdbac-lc-lyo-100-dcu\/\" \/>\n<meta property=\"og:locale\" content=\"lv_LV\" \/>\n<meta property=\"og:type\" content=\"article\" \/>\n<meta property=\"og:title\" content=\"Glab\u0101\u0161anas ieraugs HOLDBAC LC LYO 100 DCU SALE - Saksavorst\" \/>\n<meta property=\"og:description\" content=\"Cena ar atlaidi produktiem sakar\u0101 ar der\u012bguma termi\u0146u, visi produkti ir sl\u0113gt\u0101 iepakojum\u0101 un nav atv\u0113rti!  Ieraugs ir speci\u0101li atlas\u012bts vienas sugas liofiliz\u0113ts, pulverveida ieraugs, kas pievienojams tie\u0161i produktam kop\u0101 ar sk\u0101b\u0113\u0161anas ieraugu.\" \/>\n<meta property=\"og:url\" content=\"https:\/\/saksavorst.ee\/lv\/produkts\/glabasanas-ieraugs-holdbac-lc-lyo-100-dcu\/\" \/>\n<meta property=\"og:site_name\" content=\"Saksavorst\" \/>\n<meta property=\"article:publisher\" content=\"https:\/\/www.facebook.com\/Veikand\" \/>\n<meta property=\"article:modified_time\" content=\"2026-04-01T10:25:05+00:00\" \/>\n<meta property=\"og:image\" content=\"https:\/\/saksavorst.ee\/wp-content\/uploads\/2023\/02\/Sailejuuretis-HOLDBAC-LC-LYO-100-DCU-1.png\" \/>\n\t<meta property=\"og:image:width\" content=\"800\" \/>\n\t<meta property=\"og:image:height\" content=\"800\" \/>\n\t<meta property=\"og:image:type\" content=\"image\/png\" \/>\n<meta name=\"twitter:card\" content=\"summary_large_image\" \/>\n<meta name=\"twitter:label1\" content=\"Est. reading time\" \/>\n\t<meta name=\"twitter:data1\" content=\"2 minutes\" \/>\n<script type=\"application\/ld+json\" class=\"yoast-schema-graph\">{\"@context\":\"https:\\\/\\\/schema.org\",\"@graph\":[{\"@type\":\"WebPage\",\"@id\":\"https:\\\/\\\/saksavorst.ee\\\/lv\\\/produkts\\\/glabasanas-ieraugs-holdbac-lc-lyo-100-dcu\\\/\",\"url\":\"https:\\\/\\\/saksavorst.ee\\\/lv\\\/produkts\\\/glabasanas-ieraugs-holdbac-lc-lyo-100-dcu\\\/\",\"name\":\"Glab\u0101\u0161anas ieraugs HOLDBAC LC LYO 100 DCU SALE - Saksavorst\",\"isPartOf\":{\"@id\":\"https:\\\/\\\/saksavorst.ee\\\/lv\\\/#website\"},\"primaryImageOfPage\":{\"@id\":\"https:\\\/\\\/saksavorst.ee\\\/lv\\\/produkts\\\/glabasanas-ieraugs-holdbac-lc-lyo-100-dcu\\\/#primaryimage\"},\"image\":{\"@id\":\"https:\\\/\\\/saksavorst.ee\\\/lv\\\/produkts\\\/glabasanas-ieraugs-holdbac-lc-lyo-100-dcu\\\/#primaryimage\"},\"thumbnailUrl\":\"https:\\\/\\\/saksavorst.ee\\\/wp-content\\\/uploads\\\/2023\\\/02\\\/Sailejuuretis-HOLDBAC-LC-LYO-100-DCU-1.png\",\"datePublished\":\"2021-03-10T12:04:35+00:00\",\"dateModified\":\"2026-04-01T10:25:05+00:00\",\"breadcrumb\":{\"@id\":\"https:\\\/\\\/saksavorst.ee\\\/lv\\\/produkts\\\/glabasanas-ieraugs-holdbac-lc-lyo-100-dcu\\\/#breadcrumb\"},\"inLanguage\":\"lv-LV\",\"potentialAction\":[{\"@type\":\"ReadAction\",\"target\":[\"https:\\\/\\\/saksavorst.ee\\\/lv\\\/produkts\\\/glabasanas-ieraugs-holdbac-lc-lyo-100-dcu\\\/\"]}]},{\"@type\":\"ImageObject\",\"inLanguage\":\"lv-LV\",\"@id\":\"https:\\\/\\\/saksavorst.ee\\\/lv\\\/produkts\\\/glabasanas-ieraugs-holdbac-lc-lyo-100-dcu\\\/#primaryimage\",\"url\":\"https:\\\/\\\/saksavorst.ee\\\/wp-content\\\/uploads\\\/2023\\\/02\\\/Sailejuuretis-HOLDBAC-LC-LYO-100-DCU-1.png\",\"contentUrl\":\"https:\\\/\\\/saksavorst.ee\\\/wp-content\\\/uploads\\\/2023\\\/02\\\/Sailejuuretis-HOLDBAC-LC-LYO-100-DCU-1.png\",\"width\":800,\"height\":800},{\"@type\":\"BreadcrumbList\",\"@id\":\"https:\\\/\\\/saksavorst.ee\\\/lv\\\/produkts\\\/glabasanas-ieraugs-holdbac-lc-lyo-100-dcu\\\/#breadcrumb\",\"itemListElement\":[{\"@type\":\"ListItem\",\"position\":1,\"name\":\"Home\",\"item\":\"https:\\\/\\\/saksavorst.ee\\\/lv\\\/\"},{\"@type\":\"ListItem\",\"position\":2,\"name\":\"Veikals\",\"item\":\"https:\\\/\\\/saksavorst.ee\\\/lv\\\/veikals\\\/\"},{\"@type\":\"ListItem\",\"position\":3,\"name\":\"Rokas z\u0101\u0123is 52 cm 80.727.00 b\u0113\u0161s\",\"item\":\"https:\\\/\\\/saksavorst.ee\\\/lv\\\/produkts\\\/rokas-zagis-52cm-80-727-00-bess\\\/\"},{\"@type\":\"ListItem\",\"position\":4,\"name\":\"Glab\u0101\u0161anas ieraugs HOLDBAC LC LYO 100 DCU SALE\"}]},{\"@type\":\"WebSite\",\"@id\":\"https:\\\/\\\/saksavorst.ee\\\/lv\\\/#website\",\"url\":\"https:\\\/\\\/saksavorst.ee\\\/lv\\\/\",\"name\":\"Saksavorst\",\"description\":\"Feel the taste of emotions\",\"publisher\":{\"@id\":\"https:\\\/\\\/saksavorst.ee\\\/lv\\\/#organization\"},\"alternateName\":\"Veikand\",\"potentialAction\":[{\"@type\":\"SearchAction\",\"target\":{\"@type\":\"EntryPoint\",\"urlTemplate\":\"https:\\\/\\\/saksavorst.ee\\\/lv\\\/?s={search_term_string}\"},\"query-input\":{\"@type\":\"PropertyValueSpecification\",\"valueRequired\":true,\"valueName\":\"search_term_string\"}}],\"inLanguage\":\"lv-LV\"},{\"@type\":\"Organization\",\"@id\":\"https:\\\/\\\/saksavorst.ee\\\/lv\\\/#organization\",\"name\":\"Saksavorst\",\"alternateName\":\"Veikand\",\"url\":\"https:\\\/\\\/saksavorst.ee\\\/lv\\\/\",\"logo\":{\"@type\":\"ImageObject\",\"inLanguage\":\"lv-LV\",\"@id\":\"https:\\\/\\\/saksavorst.ee\\\/lv\\\/#\\\/schema\\\/logo\\\/image\\\/\",\"url\":\"https:\\\/\\\/saksavorst.ee\\\/wp-content\\\/uploads\\\/2023\\\/05\\\/veikand-logo.jpg\",\"contentUrl\":\"https:\\\/\\\/saksavorst.ee\\\/wp-content\\\/uploads\\\/2023\\\/05\\\/veikand-logo.jpg\",\"width\":217,\"height\":217,\"caption\":\"Saksavorst\"},\"image\":{\"@id\":\"https:\\\/\\\/saksavorst.ee\\\/lv\\\/#\\\/schema\\\/logo\\\/image\\\/\"},\"sameAs\":[\"https:\\\/\\\/www.facebook.com\\\/Veikand\"]}]}<\/script>\n<!-- \/ Yoast SEO plugin. -->","yoast_head_json":{"title":"Glab\u0101\u0161anas ieraugs HOLDBAC LC LYO 100 DCU SALE - Saksavorst","robots":{"index":"index","follow":"follow","max-snippet":"max-snippet:-1","max-image-preview":"max-image-preview:large","max-video-preview":"max-video-preview:-1"},"canonical":"https:\/\/saksavorst.ee\/lv\/produkts\/glabasanas-ieraugs-holdbac-lc-lyo-100-dcu\/","og_locale":"lv_LV","og_type":"article","og_title":"Glab\u0101\u0161anas ieraugs HOLDBAC LC LYO 100 DCU SALE - Saksavorst","og_description":"Cena ar atlaidi produktiem sakar\u0101 ar der\u012bguma termi\u0146u, visi produkti ir sl\u0113gt\u0101 iepakojum\u0101 un nav atv\u0113rti!  Ieraugs ir speci\u0101li atlas\u012bts vienas sugas liofiliz\u0113ts, pulverveida ieraugs, kas pievienojams tie\u0161i produktam kop\u0101 ar sk\u0101b\u0113\u0161anas ieraugu.","og_url":"https:\/\/saksavorst.ee\/lv\/produkts\/glabasanas-ieraugs-holdbac-lc-lyo-100-dcu\/","og_site_name":"Saksavorst","article_publisher":"https:\/\/www.facebook.com\/Veikand","article_modified_time":"2026-04-01T10:25:05+00:00","og_image":[{"width":800,"height":800,"url":"https:\/\/saksavorst.ee\/wp-content\/uploads\/2023\/02\/Sailejuuretis-HOLDBAC-LC-LYO-100-DCU-1.png","type":"image\/png"}],"twitter_card":"summary_large_image","twitter_misc":{"Est. reading time":"2 minutes"},"schema":{"@context":"https:\/\/schema.org","@graph":[{"@type":"WebPage","@id":"https:\/\/saksavorst.ee\/lv\/produkts\/glabasanas-ieraugs-holdbac-lc-lyo-100-dcu\/","url":"https:\/\/saksavorst.ee\/lv\/produkts\/glabasanas-ieraugs-holdbac-lc-lyo-100-dcu\/","name":"Glab\u0101\u0161anas ieraugs HOLDBAC LC LYO 100 DCU SALE - Saksavorst","isPartOf":{"@id":"https:\/\/saksavorst.ee\/lv\/#website"},"primaryImageOfPage":{"@id":"https:\/\/saksavorst.ee\/lv\/produkts\/glabasanas-ieraugs-holdbac-lc-lyo-100-dcu\/#primaryimage"},"image":{"@id":"https:\/\/saksavorst.ee\/lv\/produkts\/glabasanas-ieraugs-holdbac-lc-lyo-100-dcu\/#primaryimage"},"thumbnailUrl":"https:\/\/saksavorst.ee\/wp-content\/uploads\/2023\/02\/Sailejuuretis-HOLDBAC-LC-LYO-100-DCU-1.png","datePublished":"2021-03-10T12:04:35+00:00","dateModified":"2026-04-01T10:25:05+00:00","breadcrumb":{"@id":"https:\/\/saksavorst.ee\/lv\/produkts\/glabasanas-ieraugs-holdbac-lc-lyo-100-dcu\/#breadcrumb"},"inLanguage":"lv-LV","potentialAction":[{"@type":"ReadAction","target":["https:\/\/saksavorst.ee\/lv\/produkts\/glabasanas-ieraugs-holdbac-lc-lyo-100-dcu\/"]}]},{"@type":"ImageObject","inLanguage":"lv-LV","@id":"https:\/\/saksavorst.ee\/lv\/produkts\/glabasanas-ieraugs-holdbac-lc-lyo-100-dcu\/#primaryimage","url":"https:\/\/saksavorst.ee\/wp-content\/uploads\/2023\/02\/Sailejuuretis-HOLDBAC-LC-LYO-100-DCU-1.png","contentUrl":"https:\/\/saksavorst.ee\/wp-content\/uploads\/2023\/02\/Sailejuuretis-HOLDBAC-LC-LYO-100-DCU-1.png","width":800,"height":800},{"@type":"BreadcrumbList","@id":"https:\/\/saksavorst.ee\/lv\/produkts\/glabasanas-ieraugs-holdbac-lc-lyo-100-dcu\/#breadcrumb","itemListElement":[{"@type":"ListItem","position":1,"name":"Home","item":"https:\/\/saksavorst.ee\/lv\/"},{"@type":"ListItem","position":2,"name":"Veikals","item":"https:\/\/saksavorst.ee\/lv\/veikals\/"},{"@type":"ListItem","position":3,"name":"Rokas z\u0101\u0123is 52 cm 80.727.00 b\u0113\u0161s","item":"https:\/\/saksavorst.ee\/lv\/produkts\/rokas-zagis-52cm-80-727-00-bess\/"},{"@type":"ListItem","position":4,"name":"Glab\u0101\u0161anas ieraugs HOLDBAC LC LYO 100 DCU SALE"}]},{"@type":"WebSite","@id":"https:\/\/saksavorst.ee\/lv\/#website","url":"https:\/\/saksavorst.ee\/lv\/","name":"Saksavorst","description":"Feel the taste of emotions","publisher":{"@id":"https:\/\/saksavorst.ee\/lv\/#organization"},"alternateName":"Veikand","potentialAction":[{"@type":"SearchAction","target":{"@type":"EntryPoint","urlTemplate":"https:\/\/saksavorst.ee\/lv\/?s={search_term_string}"},"query-input":{"@type":"PropertyValueSpecification","valueRequired":true,"valueName":"search_term_string"}}],"inLanguage":"lv-LV"},{"@type":"Organization","@id":"https:\/\/saksavorst.ee\/lv\/#organization","name":"Saksavorst","alternateName":"Veikand","url":"https:\/\/saksavorst.ee\/lv\/","logo":{"@type":"ImageObject","inLanguage":"lv-LV","@id":"https:\/\/saksavorst.ee\/lv\/#\/schema\/logo\/image\/","url":"https:\/\/saksavorst.ee\/wp-content\/uploads\/2023\/05\/veikand-logo.jpg","contentUrl":"https:\/\/saksavorst.ee\/wp-content\/uploads\/2023\/05\/veikand-logo.jpg","width":217,"height":217,"caption":"Saksavorst"},"image":{"@id":"https:\/\/saksavorst.ee\/lv\/#\/schema\/logo\/image\/"},"sameAs":["https:\/\/www.facebook.com\/Veikand"]}]}},"_links":{"self":[{"href":"https:\/\/saksavorst.ee\/lv\/wp-json\/wp\/v2\/product\/20617","targetHints":{"allow":["GET"]}}],"collection":[{"href":"https:\/\/saksavorst.ee\/lv\/wp-json\/wp\/v2\/product"}],"about":[{"href":"https:\/\/saksavorst.ee\/lv\/wp-json\/wp\/v2\/types\/product"}],"version-history":[{"count":2,"href":"https:\/\/saksavorst.ee\/lv\/wp-json\/wp\/v2\/product\/20617\/revisions"}],"predecessor-version":[{"id":50161,"href":"https:\/\/saksavorst.ee\/lv\/wp-json\/wp\/v2\/product\/20617\/revisions\/50161"}],"wp:featuredmedia":[{"embeddable":true,"href":"https:\/\/saksavorst.ee\/lv\/wp-json\/wp\/v2\/media\/15967"}],"wp:attachment":[{"href":"https:\/\/saksavorst.ee\/lv\/wp-json\/wp\/v2\/media?parent=20617"}],"wp:term":[{"taxonomy":"product_brand","embeddable":true,"href":"https:\/\/saksavorst.ee\/lv\/wp-json\/wp\/v2\/product_brand?post=20617"},{"taxonomy":"product_cat","embeddable":true,"href":"https:\/\/saksavorst.ee\/lv\/wp-json\/wp\/v2\/product_cat?post=20617"},{"taxonomy":"product_tag","embeddable":true,"href":"https:\/\/saksavorst.ee\/lv\/wp-json\/wp\/v2\/product_tag?post=20617"}],"curies":[{"name":"wp","href":"https:\/\/api.w.org\/{rel}","templated":true}]}}