{"id":20611,"date":"2021-03-15T11:32:14","date_gmt":"2021-03-15T09:32:14","guid":{"rendered":"https:\/\/saksavorst.ee\/product\/glabasanas-ieraugs-holdbac-ym-b-lyo-100-dcu\/"},"modified":"2025-08-08T09:37:49","modified_gmt":"2025-08-08T07:37:49","slug":"glabasanas-ieraugs-holdbac-ym-b-lyo-100-dcu","status":"publish","type":"product","link":"https:\/\/saksavorst.ee\/lv\/produkts\/glabasanas-ieraugs-holdbac-ym-b-lyo-100-dcu\/","title":{"rendered":"Glab\u0101\u0161anas ieraugs HOLDBAC YM-B LYO 100 DCU"},"content":{"rendered":"<p><strong>Sast\u0101v\u0101:<\/strong> <em>Lactobacillus rhamnosus<\/em>, <em>Propionibacterium freudenreichii subsp. shermanii<\/em><\/p>\n<p><strong>\u012apa\u0161\u012bbas: <\/strong>Ieraugs piena produktiem. \u013boti l\u0113ns un ar nelielu sk\u0101b\u0161anu, veidojot nelielu daudzumu L(+) tipa piensk\u0101bes, eti\u0137sk\u0101bes un propionsk\u0101bes. \u013boti neliel\u0101 m\u0113r\u0101 veido citas sk\u0101bes, k\u0101 ar\u012b diacetilu.<\/p>\n<p>HOLDBAC YM-B LYO 100 DCU tiek pievienots kop\u0101 ar ieraugu. Tas pozit\u012bvi ietekm\u0113 sk\u0101b\u0113to produktu tekst\u016bru un\/vai gar\u0161u, saglab\u0101jot produktiem rakstur\u012bg\u0101s organoleptisk\u0101s \u012bpa\u0161\u012bbas. Izmanto svaigos sk\u0101b\u0113tos produktos un sieros.<\/p>\n<p>HOLDBAC YM-C LYO 100 DCU pal\u012bdz saglab\u0101t produktu svaigumu uzglab\u0101\u0161anas laik\u0101, k\u0101 ar\u012b pal\u012bdz nov\u0113rst da\u017eu blakusgar\u0161u veido\u0161anos uzglab\u0101\u0161anas un transport\u0113\u0161anas laik\u0101.<\/p>\n<p>HOLDBAC YM-B LYO 100 DCU kav\u0113 nev\u0113lamu mikroorganismu att\u012bst\u012bbu biolo\u0123isk\u0101 veid\u0101 \u2013 piem. raugu, pel\u0113jumu un heterofermentat\u012bvo piensk\u0101bes bakt\u0113riju.<\/p>\n<p>Efektivit\u0101te ir atkar\u012bga no mikroorganismu celmiem un sug\u0101m, kas izrais\u012bja pies\u0101r\u0146ojumu.<\/p>\n<p>HOLDBAC YM-B LYO 100 DCU nav paredz\u0113ts caurumu veido\u0161anai sieros.<\/p>\n<p><strong>Lieto\u0161ana: <\/strong> Pask\u0101bin\u0101ti produkti:<br \/>\nIeteicam\u0101 deva: 10 \u2013 15 DCU \/ 100 kg gala produkta (piem\u0113ram, jogurta, r\u016bgu\u0161piena, sk\u0101ba kr\u0113juma utt.)<\/p>\n<p>Feta un fetas tipa sieri 5 \u2013 20 DCU \/ 100 l piena<\/p>\n<p>*atkar\u012bgs no tehnolo\u0123ijas (sk\u0101b\u0113\u0161anas temperat\u016bras, doz\u0113jam\u0101 daudzuma)Doz\u0113jamais daudzums sniegts ieteikumu veid\u0101. Faktisko doz\u0113jamo daudzumu var b\u016bt nepiecie\u0161ams papildin\u0101t atkar\u012bb\u0101 no tehnolo\u0123ijas, tauku satura un v\u0113lamaj\u0101m produkta \u012bpa\u0161\u012bb\u0101m.<\/p>\n<p>Anal\u012bzes ieteicams veikt vis\u0101m pre\u010du grup\u0101m, kas satur kr\u0101svielas, kr\u0101sas izmai\u0146as var rasties ar sint\u0113tisk\u0101m kr\u0101sviel\u0101m \u2013 saulrieta dzelteno, s\u0101rtin\u0101to, ma\u0123isko sarkano (RED 40), spilgti sarkano 4 R un briljanta zilo.<\/p>\n<p><strong>Lieto\u0161anas pam\u0101c\u012bba: <\/strong>Pirms iepakojuma atv\u0113r\u0161anas dezinfic\u0113t iepakojumu ar dezinfekcijas l\u012bdzekli (ja nepiecie\u0161ams, nosusin\u0101t). No atv\u0113rt\u0101 iepakojuma uzglab\u0101\u0161anas ieraugu kop\u0101 ar sk\u0101b\u0113\u0161anas ieraugu pievieno tie\u0161i pasteriz\u0113tam un sk\u0101b\u0113\u0161anas temperat\u016br\u0101 eso\u0161am pienam. Mais\u012bt l\u0113n\u0101m ~5\u202610 min.<\/p>\n<p><strong>Papildu inform\u0101cija: <\/strong>Holdbac YM ieraugi tiek izstr\u0101d\u0101ti, p\u0101rbaud\u012bti un tirgoti, pamatojoties uz to aizsarg\u0101jo\u0161aj\u0101m \u012bpa\u0161\u012bb\u0101m. Klienti, kuri izmanto \u0161os ieraugus cit\u0101s produktu grup\u0101s, to dara uz savu atbild\u012bbu.<\/p>\n<p>HOLDBAC YM-B LYO 100 DCU tiek izmantots k\u0101 papildu ieraugs kop\u0101 ar sk\u0101b\u0113\u0161anas ieraugu.<\/p>\n<p><strong>Uzglab\u0101\u0161ana: <\/strong>Liofiliz\u0113to ieraugu uzglab\u0101\u0161ana istabas temperat\u016br\u0101 maks. 2 ned\u0113\u013cas neietekm\u0113 der\u012bguma termi\u0146u. P\u0113c pieg\u0101des uzglab\u0101t 12 m\u0113ne\u0161us no izgatavo\u0161anas datuma \u201318 \u00b0C temperat\u016br\u0101.<\/p>\n<p><strong>Ra\u017eots: <\/strong>DuPont Danisco Nieb\u00fcll, V\u0101cija<\/p>\n<p>Halal un Kosher sertifik\u0101ts<\/p>\n","protected":false},"excerpt":{"rendered":"<p>Ieraugs ir speci\u0101li atlas\u012bts vienas sugas liofiliz\u0113ts, pulverveida ieraugs, kas pievienojams tie\u0161i produktam kop\u0101 ar sk\u0101b\u0113\u0161anas ieraugu.<\/p>\n","protected":false},"featured_media":16008,"template":"","meta":{"_acf_changed":false},"product_brand":[],"product_cat":[332,326,327,328,329,330,331],"product_tag":[],"class_list":{"0":"post-20611","1":"product","2":"type-product","3":"status-publish","4":"has-post-thumbnail","6":"product_cat-jogurts","7":"product_cat-skabais","8":"product_cat-siers","9":"product_cat-biezpiens","10":"product_cat-kefirs","11":"product_cat-skabais-krejums","12":"product_cat-skabpiens","14":"first","15":"instock","16":"taxable","17":"shipping-taxable","18":"purchasable","19":"product-type-simple"},"acf":[],"yoast_head":"<!-- This site is optimized with the Yoast SEO plugin v27.3 - https:\/\/yoast.com\/product\/yoast-seo-wordpress\/ -->\n<title>Glab\u0101\u0161anas ieraugs HOLDBAC YM-B LYO 100 DCU - Saksavorst<\/title>\n<meta name=\"robots\" content=\"index, follow, max-snippet:-1, max-image-preview:large, max-video-preview:-1\" \/>\n<link rel=\"canonical\" href=\"https:\/\/saksavorst.ee\/lv\/produkts\/glabasanas-ieraugs-holdbac-ym-b-lyo-100-dcu\/\" \/>\n<meta property=\"og:locale\" content=\"lv_LV\" \/>\n<meta property=\"og:type\" content=\"article\" \/>\n<meta property=\"og:title\" content=\"Glab\u0101\u0161anas ieraugs HOLDBAC YM-B LYO 100 DCU - Saksavorst\" \/>\n<meta property=\"og:description\" content=\"Ieraugs ir speci\u0101li atlas\u012bts vienas sugas liofiliz\u0113ts, pulverveida ieraugs, kas pievienojams tie\u0161i produktam kop\u0101 ar sk\u0101b\u0113\u0161anas ieraugu.\" \/>\n<meta property=\"og:url\" content=\"https:\/\/saksavorst.ee\/lv\/produkts\/glabasanas-ieraugs-holdbac-ym-b-lyo-100-dcu\/\" \/>\n<meta property=\"og:site_name\" content=\"Saksavorst\" \/>\n<meta property=\"article:publisher\" content=\"https:\/\/www.facebook.com\/Veikand\" \/>\n<meta property=\"article:modified_time\" content=\"2025-08-08T07:37:49+00:00\" \/>\n<meta property=\"og:image\" content=\"https:\/\/saksavorst.ee\/wp-content\/uploads\/2023\/02\/Sailejuuretis-HOLDBAC-YM-B-LYO-100-DCU-1.png\" \/>\n\t<meta property=\"og:image:width\" content=\"800\" \/>\n\t<meta property=\"og:image:height\" content=\"800\" \/>\n\t<meta property=\"og:image:type\" content=\"image\/png\" \/>\n<meta name=\"twitter:card\" content=\"summary_large_image\" \/>\n<meta name=\"twitter:label1\" content=\"Est. reading time\" \/>\n\t<meta name=\"twitter:data1\" content=\"2 minutes\" \/>\n<script type=\"application\/ld+json\" class=\"yoast-schema-graph\">{\"@context\":\"https:\\\/\\\/schema.org\",\"@graph\":[{\"@type\":\"WebPage\",\"@id\":\"https:\\\/\\\/saksavorst.ee\\\/lv\\\/produkts\\\/glabasanas-ieraugs-holdbac-ym-b-lyo-100-dcu\\\/\",\"url\":\"https:\\\/\\\/saksavorst.ee\\\/lv\\\/produkts\\\/glabasanas-ieraugs-holdbac-ym-b-lyo-100-dcu\\\/\",\"name\":\"Glab\u0101\u0161anas ieraugs HOLDBAC YM-B LYO 100 DCU - Saksavorst\",\"isPartOf\":{\"@id\":\"https:\\\/\\\/saksavorst.ee\\\/lv\\\/#website\"},\"primaryImageOfPage\":{\"@id\":\"https:\\\/\\\/saksavorst.ee\\\/lv\\\/produkts\\\/glabasanas-ieraugs-holdbac-ym-b-lyo-100-dcu\\\/#primaryimage\"},\"image\":{\"@id\":\"https:\\\/\\\/saksavorst.ee\\\/lv\\\/produkts\\\/glabasanas-ieraugs-holdbac-ym-b-lyo-100-dcu\\\/#primaryimage\"},\"thumbnailUrl\":\"https:\\\/\\\/saksavorst.ee\\\/wp-content\\\/uploads\\\/2023\\\/02\\\/Sailejuuretis-HOLDBAC-YM-B-LYO-100-DCU-1.png\",\"datePublished\":\"2021-03-15T09:32:14+00:00\",\"dateModified\":\"2025-08-08T07:37:49+00:00\",\"breadcrumb\":{\"@id\":\"https:\\\/\\\/saksavorst.ee\\\/lv\\\/produkts\\\/glabasanas-ieraugs-holdbac-ym-b-lyo-100-dcu\\\/#breadcrumb\"},\"inLanguage\":\"lv-LV\",\"potentialAction\":[{\"@type\":\"ReadAction\",\"target\":[\"https:\\\/\\\/saksavorst.ee\\\/lv\\\/produkts\\\/glabasanas-ieraugs-holdbac-ym-b-lyo-100-dcu\\\/\"]}]},{\"@type\":\"ImageObject\",\"inLanguage\":\"lv-LV\",\"@id\":\"https:\\\/\\\/saksavorst.ee\\\/lv\\\/produkts\\\/glabasanas-ieraugs-holdbac-ym-b-lyo-100-dcu\\\/#primaryimage\",\"url\":\"https:\\\/\\\/saksavorst.ee\\\/wp-content\\\/uploads\\\/2023\\\/02\\\/Sailejuuretis-HOLDBAC-YM-B-LYO-100-DCU-1.png\",\"contentUrl\":\"https:\\\/\\\/saksavorst.ee\\\/wp-content\\\/uploads\\\/2023\\\/02\\\/Sailejuuretis-HOLDBAC-YM-B-LYO-100-DCU-1.png\",\"width\":800,\"height\":800},{\"@type\":\"BreadcrumbList\",\"@id\":\"https:\\\/\\\/saksavorst.ee\\\/lv\\\/produkts\\\/glabasanas-ieraugs-holdbac-ym-b-lyo-100-dcu\\\/#breadcrumb\",\"itemListElement\":[{\"@type\":\"ListItem\",\"position\":1,\"name\":\"Home\",\"item\":\"https:\\\/\\\/saksavorst.ee\\\/lv\\\/\"},{\"@type\":\"ListItem\",\"position\":2,\"name\":\"Veikals\",\"item\":\"https:\\\/\\\/saksavorst.ee\\\/lv\\\/veikals\\\/\"},{\"@type\":\"ListItem\",\"position\":3,\"name\":\"Glab\u0101\u0161anas ieraugs HOLDBAC YM-B LYO 100 DCU\"}]},{\"@type\":\"WebSite\",\"@id\":\"https:\\\/\\\/saksavorst.ee\\\/lv\\\/#website\",\"url\":\"https:\\\/\\\/saksavorst.ee\\\/lv\\\/\",\"name\":\"Saksavorst\",\"description\":\"Feel the taste of emotions\",\"publisher\":{\"@id\":\"https:\\\/\\\/saksavorst.ee\\\/lv\\\/#organization\"},\"alternateName\":\"Veikand\",\"potentialAction\":[{\"@type\":\"SearchAction\",\"target\":{\"@type\":\"EntryPoint\",\"urlTemplate\":\"https:\\\/\\\/saksavorst.ee\\\/lv\\\/?s={search_term_string}\"},\"query-input\":{\"@type\":\"PropertyValueSpecification\",\"valueRequired\":true,\"valueName\":\"search_term_string\"}}],\"inLanguage\":\"lv-LV\"},{\"@type\":\"Organization\",\"@id\":\"https:\\\/\\\/saksavorst.ee\\\/lv\\\/#organization\",\"name\":\"Saksavorst\",\"alternateName\":\"Veikand\",\"url\":\"https:\\\/\\\/saksavorst.ee\\\/lv\\\/\",\"logo\":{\"@type\":\"ImageObject\",\"inLanguage\":\"lv-LV\",\"@id\":\"https:\\\/\\\/saksavorst.ee\\\/lv\\\/#\\\/schema\\\/logo\\\/image\\\/\",\"url\":\"https:\\\/\\\/saksavorst.ee\\\/wp-content\\\/uploads\\\/2023\\\/05\\\/veikand-logo.jpg\",\"contentUrl\":\"https:\\\/\\\/saksavorst.ee\\\/wp-content\\\/uploads\\\/2023\\\/05\\\/veikand-logo.jpg\",\"width\":217,\"height\":217,\"caption\":\"Saksavorst\"},\"image\":{\"@id\":\"https:\\\/\\\/saksavorst.ee\\\/lv\\\/#\\\/schema\\\/logo\\\/image\\\/\"},\"sameAs\":[\"https:\\\/\\\/www.facebook.com\\\/Veikand\"]}]}<\/script>\n<!-- \/ Yoast SEO plugin. -->","yoast_head_json":{"title":"Glab\u0101\u0161anas ieraugs HOLDBAC YM-B LYO 100 DCU - Saksavorst","robots":{"index":"index","follow":"follow","max-snippet":"max-snippet:-1","max-image-preview":"max-image-preview:large","max-video-preview":"max-video-preview:-1"},"canonical":"https:\/\/saksavorst.ee\/lv\/produkts\/glabasanas-ieraugs-holdbac-ym-b-lyo-100-dcu\/","og_locale":"lv_LV","og_type":"article","og_title":"Glab\u0101\u0161anas ieraugs HOLDBAC YM-B LYO 100 DCU - Saksavorst","og_description":"Ieraugs ir speci\u0101li atlas\u012bts vienas sugas liofiliz\u0113ts, pulverveida ieraugs, kas pievienojams tie\u0161i produktam kop\u0101 ar sk\u0101b\u0113\u0161anas ieraugu.","og_url":"https:\/\/saksavorst.ee\/lv\/produkts\/glabasanas-ieraugs-holdbac-ym-b-lyo-100-dcu\/","og_site_name":"Saksavorst","article_publisher":"https:\/\/www.facebook.com\/Veikand","article_modified_time":"2025-08-08T07:37:49+00:00","og_image":[{"width":800,"height":800,"url":"https:\/\/saksavorst.ee\/wp-content\/uploads\/2023\/02\/Sailejuuretis-HOLDBAC-YM-B-LYO-100-DCU-1.png","type":"image\/png"}],"twitter_card":"summary_large_image","twitter_misc":{"Est. reading time":"2 minutes"},"schema":{"@context":"https:\/\/schema.org","@graph":[{"@type":"WebPage","@id":"https:\/\/saksavorst.ee\/lv\/produkts\/glabasanas-ieraugs-holdbac-ym-b-lyo-100-dcu\/","url":"https:\/\/saksavorst.ee\/lv\/produkts\/glabasanas-ieraugs-holdbac-ym-b-lyo-100-dcu\/","name":"Glab\u0101\u0161anas ieraugs HOLDBAC YM-B LYO 100 DCU - Saksavorst","isPartOf":{"@id":"https:\/\/saksavorst.ee\/lv\/#website"},"primaryImageOfPage":{"@id":"https:\/\/saksavorst.ee\/lv\/produkts\/glabasanas-ieraugs-holdbac-ym-b-lyo-100-dcu\/#primaryimage"},"image":{"@id":"https:\/\/saksavorst.ee\/lv\/produkts\/glabasanas-ieraugs-holdbac-ym-b-lyo-100-dcu\/#primaryimage"},"thumbnailUrl":"https:\/\/saksavorst.ee\/wp-content\/uploads\/2023\/02\/Sailejuuretis-HOLDBAC-YM-B-LYO-100-DCU-1.png","datePublished":"2021-03-15T09:32:14+00:00","dateModified":"2025-08-08T07:37:49+00:00","breadcrumb":{"@id":"https:\/\/saksavorst.ee\/lv\/produkts\/glabasanas-ieraugs-holdbac-ym-b-lyo-100-dcu\/#breadcrumb"},"inLanguage":"lv-LV","potentialAction":[{"@type":"ReadAction","target":["https:\/\/saksavorst.ee\/lv\/produkts\/glabasanas-ieraugs-holdbac-ym-b-lyo-100-dcu\/"]}]},{"@type":"ImageObject","inLanguage":"lv-LV","@id":"https:\/\/saksavorst.ee\/lv\/produkts\/glabasanas-ieraugs-holdbac-ym-b-lyo-100-dcu\/#primaryimage","url":"https:\/\/saksavorst.ee\/wp-content\/uploads\/2023\/02\/Sailejuuretis-HOLDBAC-YM-B-LYO-100-DCU-1.png","contentUrl":"https:\/\/saksavorst.ee\/wp-content\/uploads\/2023\/02\/Sailejuuretis-HOLDBAC-YM-B-LYO-100-DCU-1.png","width":800,"height":800},{"@type":"BreadcrumbList","@id":"https:\/\/saksavorst.ee\/lv\/produkts\/glabasanas-ieraugs-holdbac-ym-b-lyo-100-dcu\/#breadcrumb","itemListElement":[{"@type":"ListItem","position":1,"name":"Home","item":"https:\/\/saksavorst.ee\/lv\/"},{"@type":"ListItem","position":2,"name":"Veikals","item":"https:\/\/saksavorst.ee\/lv\/veikals\/"},{"@type":"ListItem","position":3,"name":"Glab\u0101\u0161anas ieraugs HOLDBAC YM-B LYO 100 DCU"}]},{"@type":"WebSite","@id":"https:\/\/saksavorst.ee\/lv\/#website","url":"https:\/\/saksavorst.ee\/lv\/","name":"Saksavorst","description":"Feel the taste of emotions","publisher":{"@id":"https:\/\/saksavorst.ee\/lv\/#organization"},"alternateName":"Veikand","potentialAction":[{"@type":"SearchAction","target":{"@type":"EntryPoint","urlTemplate":"https:\/\/saksavorst.ee\/lv\/?s={search_term_string}"},"query-input":{"@type":"PropertyValueSpecification","valueRequired":true,"valueName":"search_term_string"}}],"inLanguage":"lv-LV"},{"@type":"Organization","@id":"https:\/\/saksavorst.ee\/lv\/#organization","name":"Saksavorst","alternateName":"Veikand","url":"https:\/\/saksavorst.ee\/lv\/","logo":{"@type":"ImageObject","inLanguage":"lv-LV","@id":"https:\/\/saksavorst.ee\/lv\/#\/schema\/logo\/image\/","url":"https:\/\/saksavorst.ee\/wp-content\/uploads\/2023\/05\/veikand-logo.jpg","contentUrl":"https:\/\/saksavorst.ee\/wp-content\/uploads\/2023\/05\/veikand-logo.jpg","width":217,"height":217,"caption":"Saksavorst"},"image":{"@id":"https:\/\/saksavorst.ee\/lv\/#\/schema\/logo\/image\/"},"sameAs":["https:\/\/www.facebook.com\/Veikand"]}]}},"_links":{"self":[{"href":"https:\/\/saksavorst.ee\/lv\/wp-json\/wp\/v2\/product\/20611","targetHints":{"allow":["GET"]}}],"collection":[{"href":"https:\/\/saksavorst.ee\/lv\/wp-json\/wp\/v2\/product"}],"about":[{"href":"https:\/\/saksavorst.ee\/lv\/wp-json\/wp\/v2\/types\/product"}],"version-history":[{"count":1,"href":"https:\/\/saksavorst.ee\/lv\/wp-json\/wp\/v2\/product\/20611\/revisions"}],"predecessor-version":[{"id":44948,"href":"https:\/\/saksavorst.ee\/lv\/wp-json\/wp\/v2\/product\/20611\/revisions\/44948"}],"wp:featuredmedia":[{"embeddable":true,"href":"https:\/\/saksavorst.ee\/lv\/wp-json\/wp\/v2\/media\/16008"}],"wp:attachment":[{"href":"https:\/\/saksavorst.ee\/lv\/wp-json\/wp\/v2\/media?parent=20611"}],"wp:term":[{"taxonomy":"product_brand","embeddable":true,"href":"https:\/\/saksavorst.ee\/lv\/wp-json\/wp\/v2\/product_brand?post=20611"},{"taxonomy":"product_cat","embeddable":true,"href":"https:\/\/saksavorst.ee\/lv\/wp-json\/wp\/v2\/product_cat?post=20611"},{"taxonomy":"product_tag","embeddable":true,"href":"https:\/\/saksavorst.ee\/lv\/wp-json\/wp\/v2\/product_tag?post=20611"}],"curies":[{"name":"wp","href":"https:\/\/api.w.org\/{rel}","templated":true}]}}