{"id":20550,"date":"2021-12-02T09:31:31","date_gmt":"2021-12-02T07:31:31","guid":{"rendered":"https:\/\/saksavorst.ee\/product\/saldetava-hn-80\/"},"modified":"2025-08-07T09:55:41","modified_gmt":"2025-08-07T07:55:41","slug":"saldetava-hn-80","status":"publish","type":"product","link":"https:\/\/saksavorst.ee\/lv\/produkts\/saldetava-hn-80\/","title":{"rendered":"Sald\u0113tava HN 80"},"content":{"rendered":"<p>Ietilp\u012bba: 65 l<\/p>\n<p>Svars: 20 kg<\/p>\n<p>Ener\u0123ijas pat\u0113ri\u0146\u0161: 1,64 Kw \/ 24h<\/p>\n<p>\u0100r\u0113jais dzi\u013cums: 569 mm<\/p>\n<p>\u0100r\u0113jais augstums: 849 mm<\/p>\n<p>\u0100r\u0113jais platums: 569 mm<\/p>\n<p>Iek\u0161\u0113jais dzi\u013cums: 458 mm<\/p>\n<p>Iek\u0161\u0113jais augstums: 460 mm<\/p>\n<p>Iek\u0161\u0113jais platums: 450 mm<\/p>\n<p>Neto svars: 29 kg<\/p>\n<p>Trok\u0161\u0146a l\u012bmenis: 0 dB(A)<\/p>\n<p>Jauda: 100\u00a0W \/ 0,6\u00a0A \/ 220\/240\u00a0V \/ 50\u00a0Hz<\/p>\n<p>Temperat\u016bra: \u201318 \u00b0C<\/p>\n","protected":false},"excerpt":{"rendered":"<p>Praktiska, uzticama un iztur\u012bga sald\u0113tava ar cilindrisku formu un stikla virsmu ir paredz\u0113ta produktu uzglab\u0101\u0161anai un apritei. Modelis HN 80 ar statisko dzes\u0113\u0161anas sist\u0113mu, rokturi uz stikla r\u0101mja, iek\u0161\u0113jo starpliku ir ar\u012b viegli p\u0101rvietojams, pateicoties 3 groz\u0101miem rite\u0146iem.<\/p>\n","protected":false},"featured_media":16371,"template":"","meta":{"_acf_changed":false},"product_brand":[],"product_cat":[334,333],"product_tag":[],"class_list":{"0":"post-20550","1":"product","2":"type-product","3":"status-publish","4":"has-post-thumbnail","6":"product_cat-visi-produkti","7":"product_cat-aprikojums","8":"product_shipping_class-neder-pakomatam","10":"first","11":"instock","12":"taxable","13":"shipping-taxable","14":"purchasable","15":"product-type-simple"},"acf":[],"yoast_head":"<!-- This site is optimized with the Yoast SEO plugin v27.3 - https:\/\/yoast.com\/product\/yoast-seo-wordpress\/ -->\n<title>Sald\u0113tava HN 80 - Saksavorst<\/title>\n<meta name=\"robots\" content=\"index, follow, max-snippet:-1, max-image-preview:large, max-video-preview:-1\" \/>\n<link rel=\"canonical\" href=\"https:\/\/saksavorst.ee\/lv\/produkts\/saldetava-hn-80\/\" \/>\n<meta property=\"og:locale\" content=\"lv_LV\" \/>\n<meta property=\"og:type\" content=\"article\" \/>\n<meta property=\"og:title\" content=\"Sald\u0113tava HN 80 - Saksavorst\" \/>\n<meta property=\"og:description\" content=\"Praktiska, uzticama un iztur\u012bga sald\u0113tava ar cilindrisku formu un stikla virsmu ir paredz\u0113ta produktu uzglab\u0101\u0161anai un apritei. Modelis HN 80 ar statisko dzes\u0113\u0161anas sist\u0113mu, rokturi uz stikla r\u0101mja, iek\u0161\u0113jo starpliku ir ar\u012b viegli p\u0101rvietojams, pateicoties 3 groz\u0101miem rite\u0146iem.\" \/>\n<meta property=\"og:url\" content=\"https:\/\/saksavorst.ee\/lv\/produkts\/saldetava-hn-80\/\" \/>\n<meta property=\"og:site_name\" content=\"Saksavorst\" \/>\n<meta property=\"article:publisher\" content=\"https:\/\/www.facebook.com\/Veikand\" \/>\n<meta property=\"article:modified_time\" content=\"2025-08-07T07:55:41+00:00\" \/>\n<meta property=\"og:image\" content=\"https:\/\/saksavorst.ee\/wp-content\/uploads\/2023\/02\/Sugavkulmik-HN-80-1-1.png\" \/>\n\t<meta property=\"og:image:width\" content=\"800\" \/>\n\t<meta property=\"og:image:height\" content=\"800\" \/>\n\t<meta property=\"og:image:type\" content=\"image\/png\" \/>\n<meta name=\"twitter:card\" content=\"summary_large_image\" \/>\n<meta name=\"twitter:label1\" content=\"Est. reading time\" \/>\n\t<meta name=\"twitter:data1\" content=\"1 minute\" \/>\n<script type=\"application\/ld+json\" class=\"yoast-schema-graph\">{\"@context\":\"https:\\\/\\\/schema.org\",\"@graph\":[{\"@type\":\"WebPage\",\"@id\":\"https:\\\/\\\/saksavorst.ee\\\/lv\\\/produkts\\\/saldetava-hn-80\\\/\",\"url\":\"https:\\\/\\\/saksavorst.ee\\\/lv\\\/produkts\\\/saldetava-hn-80\\\/\",\"name\":\"Sald\u0113tava HN 80 - Saksavorst\",\"isPartOf\":{\"@id\":\"https:\\\/\\\/saksavorst.ee\\\/lv\\\/#website\"},\"primaryImageOfPage\":{\"@id\":\"https:\\\/\\\/saksavorst.ee\\\/lv\\\/produkts\\\/saldetava-hn-80\\\/#primaryimage\"},\"image\":{\"@id\":\"https:\\\/\\\/saksavorst.ee\\\/lv\\\/produkts\\\/saldetava-hn-80\\\/#primaryimage\"},\"thumbnailUrl\":\"https:\\\/\\\/saksavorst.ee\\\/wp-content\\\/uploads\\\/2023\\\/02\\\/Sugavkulmik-HN-80-1-1.png\",\"datePublished\":\"2021-12-02T07:31:31+00:00\",\"dateModified\":\"2025-08-07T07:55:41+00:00\",\"breadcrumb\":{\"@id\":\"https:\\\/\\\/saksavorst.ee\\\/lv\\\/produkts\\\/saldetava-hn-80\\\/#breadcrumb\"},\"inLanguage\":\"lv-LV\",\"potentialAction\":[{\"@type\":\"ReadAction\",\"target\":[\"https:\\\/\\\/saksavorst.ee\\\/lv\\\/produkts\\\/saldetava-hn-80\\\/\"]}]},{\"@type\":\"ImageObject\",\"inLanguage\":\"lv-LV\",\"@id\":\"https:\\\/\\\/saksavorst.ee\\\/lv\\\/produkts\\\/saldetava-hn-80\\\/#primaryimage\",\"url\":\"https:\\\/\\\/saksavorst.ee\\\/wp-content\\\/uploads\\\/2023\\\/02\\\/Sugavkulmik-HN-80-1-1.png\",\"contentUrl\":\"https:\\\/\\\/saksavorst.ee\\\/wp-content\\\/uploads\\\/2023\\\/02\\\/Sugavkulmik-HN-80-1-1.png\",\"width\":800,\"height\":800},{\"@type\":\"BreadcrumbList\",\"@id\":\"https:\\\/\\\/saksavorst.ee\\\/lv\\\/produkts\\\/saldetava-hn-80\\\/#breadcrumb\",\"itemListElement\":[{\"@type\":\"ListItem\",\"position\":1,\"name\":\"Home\",\"item\":\"https:\\\/\\\/saksavorst.ee\\\/lv\\\/\"},{\"@type\":\"ListItem\",\"position\":2,\"name\":\"Veikals\",\"item\":\"https:\\\/\\\/saksavorst.ee\\\/lv\\\/veikals\\\/\"},{\"@type\":\"ListItem\",\"position\":3,\"name\":\"Sald\u0113tava HN 80\"}]},{\"@type\":\"WebSite\",\"@id\":\"https:\\\/\\\/saksavorst.ee\\\/lv\\\/#website\",\"url\":\"https:\\\/\\\/saksavorst.ee\\\/lv\\\/\",\"name\":\"Saksavorst\",\"description\":\"Feel the taste of emotions\",\"publisher\":{\"@id\":\"https:\\\/\\\/saksavorst.ee\\\/lv\\\/#organization\"},\"alternateName\":\"Veikand\",\"potentialAction\":[{\"@type\":\"SearchAction\",\"target\":{\"@type\":\"EntryPoint\",\"urlTemplate\":\"https:\\\/\\\/saksavorst.ee\\\/lv\\\/?s={search_term_string}\"},\"query-input\":{\"@type\":\"PropertyValueSpecification\",\"valueRequired\":true,\"valueName\":\"search_term_string\"}}],\"inLanguage\":\"lv-LV\"},{\"@type\":\"Organization\",\"@id\":\"https:\\\/\\\/saksavorst.ee\\\/lv\\\/#organization\",\"name\":\"Saksavorst\",\"alternateName\":\"Veikand\",\"url\":\"https:\\\/\\\/saksavorst.ee\\\/lv\\\/\",\"logo\":{\"@type\":\"ImageObject\",\"inLanguage\":\"lv-LV\",\"@id\":\"https:\\\/\\\/saksavorst.ee\\\/lv\\\/#\\\/schema\\\/logo\\\/image\\\/\",\"url\":\"https:\\\/\\\/saksavorst.ee\\\/wp-content\\\/uploads\\\/2023\\\/05\\\/veikand-logo.jpg\",\"contentUrl\":\"https:\\\/\\\/saksavorst.ee\\\/wp-content\\\/uploads\\\/2023\\\/05\\\/veikand-logo.jpg\",\"width\":217,\"height\":217,\"caption\":\"Saksavorst\"},\"image\":{\"@id\":\"https:\\\/\\\/saksavorst.ee\\\/lv\\\/#\\\/schema\\\/logo\\\/image\\\/\"},\"sameAs\":[\"https:\\\/\\\/www.facebook.com\\\/Veikand\"]}]}<\/script>\n<!-- \/ Yoast SEO plugin. -->","yoast_head_json":{"title":"Sald\u0113tava HN 80 - Saksavorst","robots":{"index":"index","follow":"follow","max-snippet":"max-snippet:-1","max-image-preview":"max-image-preview:large","max-video-preview":"max-video-preview:-1"},"canonical":"https:\/\/saksavorst.ee\/lv\/produkts\/saldetava-hn-80\/","og_locale":"lv_LV","og_type":"article","og_title":"Sald\u0113tava HN 80 - Saksavorst","og_description":"Praktiska, uzticama un iztur\u012bga sald\u0113tava ar cilindrisku formu un stikla virsmu ir paredz\u0113ta produktu uzglab\u0101\u0161anai un apritei. Modelis HN 80 ar statisko dzes\u0113\u0161anas sist\u0113mu, rokturi uz stikla r\u0101mja, iek\u0161\u0113jo starpliku ir ar\u012b viegli p\u0101rvietojams, pateicoties 3 groz\u0101miem rite\u0146iem.","og_url":"https:\/\/saksavorst.ee\/lv\/produkts\/saldetava-hn-80\/","og_site_name":"Saksavorst","article_publisher":"https:\/\/www.facebook.com\/Veikand","article_modified_time":"2025-08-07T07:55:41+00:00","og_image":[{"width":800,"height":800,"url":"https:\/\/saksavorst.ee\/wp-content\/uploads\/2023\/02\/Sugavkulmik-HN-80-1-1.png","type":"image\/png"}],"twitter_card":"summary_large_image","twitter_misc":{"Est. reading time":"1 minute"},"schema":{"@context":"https:\/\/schema.org","@graph":[{"@type":"WebPage","@id":"https:\/\/saksavorst.ee\/lv\/produkts\/saldetava-hn-80\/","url":"https:\/\/saksavorst.ee\/lv\/produkts\/saldetava-hn-80\/","name":"Sald\u0113tava HN 80 - Saksavorst","isPartOf":{"@id":"https:\/\/saksavorst.ee\/lv\/#website"},"primaryImageOfPage":{"@id":"https:\/\/saksavorst.ee\/lv\/produkts\/saldetava-hn-80\/#primaryimage"},"image":{"@id":"https:\/\/saksavorst.ee\/lv\/produkts\/saldetava-hn-80\/#primaryimage"},"thumbnailUrl":"https:\/\/saksavorst.ee\/wp-content\/uploads\/2023\/02\/Sugavkulmik-HN-80-1-1.png","datePublished":"2021-12-02T07:31:31+00:00","dateModified":"2025-08-07T07:55:41+00:00","breadcrumb":{"@id":"https:\/\/saksavorst.ee\/lv\/produkts\/saldetava-hn-80\/#breadcrumb"},"inLanguage":"lv-LV","potentialAction":[{"@type":"ReadAction","target":["https:\/\/saksavorst.ee\/lv\/produkts\/saldetava-hn-80\/"]}]},{"@type":"ImageObject","inLanguage":"lv-LV","@id":"https:\/\/saksavorst.ee\/lv\/produkts\/saldetava-hn-80\/#primaryimage","url":"https:\/\/saksavorst.ee\/wp-content\/uploads\/2023\/02\/Sugavkulmik-HN-80-1-1.png","contentUrl":"https:\/\/saksavorst.ee\/wp-content\/uploads\/2023\/02\/Sugavkulmik-HN-80-1-1.png","width":800,"height":800},{"@type":"BreadcrumbList","@id":"https:\/\/saksavorst.ee\/lv\/produkts\/saldetava-hn-80\/#breadcrumb","itemListElement":[{"@type":"ListItem","position":1,"name":"Home","item":"https:\/\/saksavorst.ee\/lv\/"},{"@type":"ListItem","position":2,"name":"Veikals","item":"https:\/\/saksavorst.ee\/lv\/veikals\/"},{"@type":"ListItem","position":3,"name":"Sald\u0113tava HN 80"}]},{"@type":"WebSite","@id":"https:\/\/saksavorst.ee\/lv\/#website","url":"https:\/\/saksavorst.ee\/lv\/","name":"Saksavorst","description":"Feel the taste of emotions","publisher":{"@id":"https:\/\/saksavorst.ee\/lv\/#organization"},"alternateName":"Veikand","potentialAction":[{"@type":"SearchAction","target":{"@type":"EntryPoint","urlTemplate":"https:\/\/saksavorst.ee\/lv\/?s={search_term_string}"},"query-input":{"@type":"PropertyValueSpecification","valueRequired":true,"valueName":"search_term_string"}}],"inLanguage":"lv-LV"},{"@type":"Organization","@id":"https:\/\/saksavorst.ee\/lv\/#organization","name":"Saksavorst","alternateName":"Veikand","url":"https:\/\/saksavorst.ee\/lv\/","logo":{"@type":"ImageObject","inLanguage":"lv-LV","@id":"https:\/\/saksavorst.ee\/lv\/#\/schema\/logo\/image\/","url":"https:\/\/saksavorst.ee\/wp-content\/uploads\/2023\/05\/veikand-logo.jpg","contentUrl":"https:\/\/saksavorst.ee\/wp-content\/uploads\/2023\/05\/veikand-logo.jpg","width":217,"height":217,"caption":"Saksavorst"},"image":{"@id":"https:\/\/saksavorst.ee\/lv\/#\/schema\/logo\/image\/"},"sameAs":["https:\/\/www.facebook.com\/Veikand"]}]}},"_links":{"self":[{"href":"https:\/\/saksavorst.ee\/lv\/wp-json\/wp\/v2\/product\/20550","targetHints":{"allow":["GET"]}}],"collection":[{"href":"https:\/\/saksavorst.ee\/lv\/wp-json\/wp\/v2\/product"}],"about":[{"href":"https:\/\/saksavorst.ee\/lv\/wp-json\/wp\/v2\/types\/product"}],"version-history":[{"count":1,"href":"https:\/\/saksavorst.ee\/lv\/wp-json\/wp\/v2\/product\/20550\/revisions"}],"predecessor-version":[{"id":44733,"href":"https:\/\/saksavorst.ee\/lv\/wp-json\/wp\/v2\/product\/20550\/revisions\/44733"}],"wp:featuredmedia":[{"embeddable":true,"href":"https:\/\/saksavorst.ee\/lv\/wp-json\/wp\/v2\/media\/16371"}],"wp:attachment":[{"href":"https:\/\/saksavorst.ee\/lv\/wp-json\/wp\/v2\/media?parent=20550"}],"wp:term":[{"taxonomy":"product_brand","embeddable":true,"href":"https:\/\/saksavorst.ee\/lv\/wp-json\/wp\/v2\/product_brand?post=20550"},{"taxonomy":"product_cat","embeddable":true,"href":"https:\/\/saksavorst.ee\/lv\/wp-json\/wp\/v2\/product_cat?post=20550"},{"taxonomy":"product_tag","embeddable":true,"href":"https:\/\/saksavorst.ee\/lv\/wp-json\/wp\/v2\/product_tag?post=20550"}],"curies":[{"name":"wp","href":"https:\/\/api.w.org\/{rel}","templated":true}]}}