{"id":20545,"date":"2022-02-15T08:25:03","date_gmt":"2022-02-15T06:25:03","guid":{"rendered":"https:\/\/saksavorst.ee\/product\/ieraugs-choozit-eyes2-lyo-2-d\/"},"modified":"2025-08-07T09:08:05","modified_gmt":"2025-08-07T07:08:05","slug":"ieraugs-choozit-eyes2-lyo-2-d","status":"publish","type":"product","link":"https:\/\/saksavorst.ee\/lv\/produkts\/ieraugs-choozit-eyes2-lyo-2-d\/","title":{"rendered":"Ieraugs CHOOZIT EYES2 LYO 2 D"},"content":{"rendered":"<p><strong>Sast\u0101v\u0101: <\/strong><em>Propionibacterium freudenreichii subsp. shermanii.<\/em><\/p>\n<p><strong>Lieto\u0161ana: <\/strong>Ieteicam\u0101 deva:<\/p>\n<p>Cietie sieri \/ Emmental \/ Baby Swiss: 0,02 \u2013 0,2 D \/ uz 100 l piena<\/p>\n<p>Amerikas \u0160veices tipa sieri: 0,01 \u2013 0,02 D \/ uz 100 l piena<\/p>\n<p>Puscietie Maasdammer tipa sieri (\u0101tri nogatavoju\u0161ies sieri ar lieliem caurumiem: 0,1 \u2013 0,3 D \/ uz 100 l piena<\/p>\n<p>*Doz\u0113jamie daudzumi sniegti ieteikumu veid\u0101. Doz\u0113jamais daudzums ir atkar\u012bgs no izmantot\u0101s tehnolo\u0123ijas, produkta tauku satura un v\u0113lam\u0101 galaprodukta \u012bpa\u0161\u012bb\u0101m.<\/p>\n<p><strong>Lieto\u0161anas pam\u0101c\u012bba: <\/strong>Pirms iepakojuma atv\u0113r\u0161anas dezinfic\u0113t iepakojumu ar dezinfekcijas l\u012bdzekli (ja nepiecie\u0161ams, nosusin\u0101t). No atv\u0113rt\u0101 iepakojuma uzglab\u0101\u0161anas ieraugu kop\u0101 ar sk\u0101b\u0113\u0161anas ieraugu pievieno tie\u0161i pasteriz\u0113tam un sk\u0101b\u0113\u0161anas temperat\u016br\u0101 eso\u0161am pienam. Mais\u012bt l\u0113n\u0101m ~5\u202610 min.<\/p>\n<p><strong>Uzglab\u0101\u0161ana: <\/strong>Liofiliz\u0113to ieraugu uzglab\u0101\u0161ana istabas temperat\u016br\u0101 maks. 2 ned\u0113\u013cas neietekm\u0113 der\u012bguma termi\u0146u. P\u0113c pieg\u0101des uzglab\u0101t 12 m\u0113ne\u0161us no izgatavo\u0161anas datuma \u201318 \u00b0C temperat\u016br\u0101<\/p>\n<p><strong>Izgatavots: <\/strong>Danisco Nieb\u00fcll, V\u0101cija<\/p>\n<p>Halal un Kosher sertifik\u0101ts<\/p>\n","protected":false},"excerpt":{"rendered":"<p>Ieraugs pusciet\u0101 un ciet\u0101 siera pagatavo\u0161anai. \u00a0Ieraugs ir 100% <em>Propionibacterium freudenreichii <\/em>ssp. <em>Shermanii<\/em>, ko izmanto \u0160veices tipa un sieru ar lieliem caurumiem pagatavo\u0161anai. Ieraugs veido sieram rakstur\u012bgos caurumus un gar\u0161u. Propionsk\u0101bi un CO2 ra\u017eo no piensk\u0101bes, kas ieg\u016bta, ferment\u0113jot ieraugus, galvenok\u0101rt <em>Streptococcus thermophilus <\/em>un <em>Lactobacillus bulgaricus,<\/em> \u0160veices tipa sier\u0101.<\/p>\n","protected":false},"featured_media":16411,"template":"","meta":{"_acf_changed":false},"product_brand":[],"product_cat":[326,327],"product_tag":[],"class_list":{"0":"post-20545","1":"product","2":"type-product","3":"status-publish","4":"has-post-thumbnail","6":"product_cat-skabais","7":"product_cat-siers","9":"first","10":"instock","11":"taxable","12":"shipping-taxable","13":"purchasable","14":"product-type-simple"},"acf":[],"yoast_head":"<!-- This site is optimized with the Yoast SEO plugin v27.3 - https:\/\/yoast.com\/product\/yoast-seo-wordpress\/ -->\n<title>Ieraugs CHOOZIT EYES2 LYO 2 D - Saksavorst<\/title>\n<meta name=\"robots\" content=\"index, follow, max-snippet:-1, max-image-preview:large, max-video-preview:-1\" \/>\n<link rel=\"canonical\" href=\"https:\/\/saksavorst.ee\/lv\/produkts\/ieraugs-choozit-eyes2-lyo-2-d\/\" \/>\n<meta property=\"og:locale\" content=\"lv_LV\" \/>\n<meta property=\"og:type\" content=\"article\" \/>\n<meta property=\"og:title\" content=\"Ieraugs CHOOZIT EYES2 LYO 2 D - Saksavorst\" \/>\n<meta property=\"og:description\" content=\"Ieraugs pusciet\u0101 un ciet\u0101 siera pagatavo\u0161anai. \u00a0Ieraugs ir 100% Propionibacterium freudenreichii ssp. Shermanii, ko izmanto \u0160veices tipa un sieru ar lieliem caurumiem pagatavo\u0161anai. Ieraugs veido sieram rakstur\u012bgos caurumus un gar\u0161u. Propionsk\u0101bi un CO2 ra\u017eo no piensk\u0101bes, kas ieg\u016bta, ferment\u0113jot ieraugus, galvenok\u0101rt Streptococcus thermophilus un Lactobacillus bulgaricus, \u0160veices tipa sier\u0101.\" \/>\n<meta property=\"og:url\" content=\"https:\/\/saksavorst.ee\/lv\/produkts\/ieraugs-choozit-eyes2-lyo-2-d\/\" \/>\n<meta property=\"og:site_name\" content=\"Saksavorst\" \/>\n<meta property=\"article:publisher\" content=\"https:\/\/www.facebook.com\/Veikand\" \/>\n<meta property=\"article:modified_time\" content=\"2025-08-07T07:08:05+00:00\" \/>\n<meta property=\"og:image\" content=\"https:\/\/saksavorst.ee\/wp-content\/uploads\/2023\/02\/Juuretis-CHOOZIT-EYES2-LYO-2-D-1.png\" \/>\n\t<meta property=\"og:image:width\" content=\"800\" \/>\n\t<meta property=\"og:image:height\" content=\"800\" \/>\n\t<meta property=\"og:image:type\" content=\"image\/png\" \/>\n<meta name=\"twitter:card\" content=\"summary_large_image\" \/>\n<meta name=\"twitter:label1\" content=\"Est. reading time\" \/>\n\t<meta name=\"twitter:data1\" content=\"1 minute\" \/>\n<script type=\"application\/ld+json\" class=\"yoast-schema-graph\">{\"@context\":\"https:\\\/\\\/schema.org\",\"@graph\":[{\"@type\":\"WebPage\",\"@id\":\"https:\\\/\\\/saksavorst.ee\\\/lv\\\/produkts\\\/ieraugs-choozit-eyes2-lyo-2-d\\\/\",\"url\":\"https:\\\/\\\/saksavorst.ee\\\/lv\\\/produkts\\\/ieraugs-choozit-eyes2-lyo-2-d\\\/\",\"name\":\"Ieraugs CHOOZIT EYES2 LYO 2 D - Saksavorst\",\"isPartOf\":{\"@id\":\"https:\\\/\\\/saksavorst.ee\\\/lv\\\/#website\"},\"primaryImageOfPage\":{\"@id\":\"https:\\\/\\\/saksavorst.ee\\\/lv\\\/produkts\\\/ieraugs-choozit-eyes2-lyo-2-d\\\/#primaryimage\"},\"image\":{\"@id\":\"https:\\\/\\\/saksavorst.ee\\\/lv\\\/produkts\\\/ieraugs-choozit-eyes2-lyo-2-d\\\/#primaryimage\"},\"thumbnailUrl\":\"https:\\\/\\\/saksavorst.ee\\\/wp-content\\\/uploads\\\/2023\\\/02\\\/Juuretis-CHOOZIT-EYES2-LYO-2-D-1.png\",\"datePublished\":\"2022-02-15T06:25:03+00:00\",\"dateModified\":\"2025-08-07T07:08:05+00:00\",\"breadcrumb\":{\"@id\":\"https:\\\/\\\/saksavorst.ee\\\/lv\\\/produkts\\\/ieraugs-choozit-eyes2-lyo-2-d\\\/#breadcrumb\"},\"inLanguage\":\"lv-LV\",\"potentialAction\":[{\"@type\":\"ReadAction\",\"target\":[\"https:\\\/\\\/saksavorst.ee\\\/lv\\\/produkts\\\/ieraugs-choozit-eyes2-lyo-2-d\\\/\"]}]},{\"@type\":\"ImageObject\",\"inLanguage\":\"lv-LV\",\"@id\":\"https:\\\/\\\/saksavorst.ee\\\/lv\\\/produkts\\\/ieraugs-choozit-eyes2-lyo-2-d\\\/#primaryimage\",\"url\":\"https:\\\/\\\/saksavorst.ee\\\/wp-content\\\/uploads\\\/2023\\\/02\\\/Juuretis-CHOOZIT-EYES2-LYO-2-D-1.png\",\"contentUrl\":\"https:\\\/\\\/saksavorst.ee\\\/wp-content\\\/uploads\\\/2023\\\/02\\\/Juuretis-CHOOZIT-EYES2-LYO-2-D-1.png\",\"width\":800,\"height\":800},{\"@type\":\"BreadcrumbList\",\"@id\":\"https:\\\/\\\/saksavorst.ee\\\/lv\\\/produkts\\\/ieraugs-choozit-eyes2-lyo-2-d\\\/#breadcrumb\",\"itemListElement\":[{\"@type\":\"ListItem\",\"position\":1,\"name\":\"Home\",\"item\":\"https:\\\/\\\/saksavorst.ee\\\/lv\\\/\"},{\"@type\":\"ListItem\",\"position\":2,\"name\":\"Veikals\",\"item\":\"https:\\\/\\\/saksavorst.ee\\\/lv\\\/veikals\\\/\"},{\"@type\":\"ListItem\",\"position\":3,\"name\":\"Ieraugs CHOOZIT EYES2 LYO 2 D\"}]},{\"@type\":\"WebSite\",\"@id\":\"https:\\\/\\\/saksavorst.ee\\\/lv\\\/#website\",\"url\":\"https:\\\/\\\/saksavorst.ee\\\/lv\\\/\",\"name\":\"Saksavorst\",\"description\":\"Feel the taste of emotions\",\"publisher\":{\"@id\":\"https:\\\/\\\/saksavorst.ee\\\/lv\\\/#organization\"},\"alternateName\":\"Veikand\",\"potentialAction\":[{\"@type\":\"SearchAction\",\"target\":{\"@type\":\"EntryPoint\",\"urlTemplate\":\"https:\\\/\\\/saksavorst.ee\\\/lv\\\/?s={search_term_string}\"},\"query-input\":{\"@type\":\"PropertyValueSpecification\",\"valueRequired\":true,\"valueName\":\"search_term_string\"}}],\"inLanguage\":\"lv-LV\"},{\"@type\":\"Organization\",\"@id\":\"https:\\\/\\\/saksavorst.ee\\\/lv\\\/#organization\",\"name\":\"Saksavorst\",\"alternateName\":\"Veikand\",\"url\":\"https:\\\/\\\/saksavorst.ee\\\/lv\\\/\",\"logo\":{\"@type\":\"ImageObject\",\"inLanguage\":\"lv-LV\",\"@id\":\"https:\\\/\\\/saksavorst.ee\\\/lv\\\/#\\\/schema\\\/logo\\\/image\\\/\",\"url\":\"https:\\\/\\\/saksavorst.ee\\\/wp-content\\\/uploads\\\/2023\\\/05\\\/veikand-logo.jpg\",\"contentUrl\":\"https:\\\/\\\/saksavorst.ee\\\/wp-content\\\/uploads\\\/2023\\\/05\\\/veikand-logo.jpg\",\"width\":217,\"height\":217,\"caption\":\"Saksavorst\"},\"image\":{\"@id\":\"https:\\\/\\\/saksavorst.ee\\\/lv\\\/#\\\/schema\\\/logo\\\/image\\\/\"},\"sameAs\":[\"https:\\\/\\\/www.facebook.com\\\/Veikand\"]}]}<\/script>\n<!-- \/ Yoast SEO plugin. -->","yoast_head_json":{"title":"Ieraugs CHOOZIT EYES2 LYO 2 D - Saksavorst","robots":{"index":"index","follow":"follow","max-snippet":"max-snippet:-1","max-image-preview":"max-image-preview:large","max-video-preview":"max-video-preview:-1"},"canonical":"https:\/\/saksavorst.ee\/lv\/produkts\/ieraugs-choozit-eyes2-lyo-2-d\/","og_locale":"lv_LV","og_type":"article","og_title":"Ieraugs CHOOZIT EYES2 LYO 2 D - Saksavorst","og_description":"Ieraugs pusciet\u0101 un ciet\u0101 siera pagatavo\u0161anai. \u00a0Ieraugs ir 100% Propionibacterium freudenreichii ssp. Shermanii, ko izmanto \u0160veices tipa un sieru ar lieliem caurumiem pagatavo\u0161anai. Ieraugs veido sieram rakstur\u012bgos caurumus un gar\u0161u. Propionsk\u0101bi un CO2 ra\u017eo no piensk\u0101bes, kas ieg\u016bta, ferment\u0113jot ieraugus, galvenok\u0101rt Streptococcus thermophilus un Lactobacillus bulgaricus, \u0160veices tipa sier\u0101.","og_url":"https:\/\/saksavorst.ee\/lv\/produkts\/ieraugs-choozit-eyes2-lyo-2-d\/","og_site_name":"Saksavorst","article_publisher":"https:\/\/www.facebook.com\/Veikand","article_modified_time":"2025-08-07T07:08:05+00:00","og_image":[{"width":800,"height":800,"url":"https:\/\/saksavorst.ee\/wp-content\/uploads\/2023\/02\/Juuretis-CHOOZIT-EYES2-LYO-2-D-1.png","type":"image\/png"}],"twitter_card":"summary_large_image","twitter_misc":{"Est. reading time":"1 minute"},"schema":{"@context":"https:\/\/schema.org","@graph":[{"@type":"WebPage","@id":"https:\/\/saksavorst.ee\/lv\/produkts\/ieraugs-choozit-eyes2-lyo-2-d\/","url":"https:\/\/saksavorst.ee\/lv\/produkts\/ieraugs-choozit-eyes2-lyo-2-d\/","name":"Ieraugs CHOOZIT EYES2 LYO 2 D - Saksavorst","isPartOf":{"@id":"https:\/\/saksavorst.ee\/lv\/#website"},"primaryImageOfPage":{"@id":"https:\/\/saksavorst.ee\/lv\/produkts\/ieraugs-choozit-eyes2-lyo-2-d\/#primaryimage"},"image":{"@id":"https:\/\/saksavorst.ee\/lv\/produkts\/ieraugs-choozit-eyes2-lyo-2-d\/#primaryimage"},"thumbnailUrl":"https:\/\/saksavorst.ee\/wp-content\/uploads\/2023\/02\/Juuretis-CHOOZIT-EYES2-LYO-2-D-1.png","datePublished":"2022-02-15T06:25:03+00:00","dateModified":"2025-08-07T07:08:05+00:00","breadcrumb":{"@id":"https:\/\/saksavorst.ee\/lv\/produkts\/ieraugs-choozit-eyes2-lyo-2-d\/#breadcrumb"},"inLanguage":"lv-LV","potentialAction":[{"@type":"ReadAction","target":["https:\/\/saksavorst.ee\/lv\/produkts\/ieraugs-choozit-eyes2-lyo-2-d\/"]}]},{"@type":"ImageObject","inLanguage":"lv-LV","@id":"https:\/\/saksavorst.ee\/lv\/produkts\/ieraugs-choozit-eyes2-lyo-2-d\/#primaryimage","url":"https:\/\/saksavorst.ee\/wp-content\/uploads\/2023\/02\/Juuretis-CHOOZIT-EYES2-LYO-2-D-1.png","contentUrl":"https:\/\/saksavorst.ee\/wp-content\/uploads\/2023\/02\/Juuretis-CHOOZIT-EYES2-LYO-2-D-1.png","width":800,"height":800},{"@type":"BreadcrumbList","@id":"https:\/\/saksavorst.ee\/lv\/produkts\/ieraugs-choozit-eyes2-lyo-2-d\/#breadcrumb","itemListElement":[{"@type":"ListItem","position":1,"name":"Home","item":"https:\/\/saksavorst.ee\/lv\/"},{"@type":"ListItem","position":2,"name":"Veikals","item":"https:\/\/saksavorst.ee\/lv\/veikals\/"},{"@type":"ListItem","position":3,"name":"Ieraugs CHOOZIT EYES2 LYO 2 D"}]},{"@type":"WebSite","@id":"https:\/\/saksavorst.ee\/lv\/#website","url":"https:\/\/saksavorst.ee\/lv\/","name":"Saksavorst","description":"Feel the taste of emotions","publisher":{"@id":"https:\/\/saksavorst.ee\/lv\/#organization"},"alternateName":"Veikand","potentialAction":[{"@type":"SearchAction","target":{"@type":"EntryPoint","urlTemplate":"https:\/\/saksavorst.ee\/lv\/?s={search_term_string}"},"query-input":{"@type":"PropertyValueSpecification","valueRequired":true,"valueName":"search_term_string"}}],"inLanguage":"lv-LV"},{"@type":"Organization","@id":"https:\/\/saksavorst.ee\/lv\/#organization","name":"Saksavorst","alternateName":"Veikand","url":"https:\/\/saksavorst.ee\/lv\/","logo":{"@type":"ImageObject","inLanguage":"lv-LV","@id":"https:\/\/saksavorst.ee\/lv\/#\/schema\/logo\/image\/","url":"https:\/\/saksavorst.ee\/wp-content\/uploads\/2023\/05\/veikand-logo.jpg","contentUrl":"https:\/\/saksavorst.ee\/wp-content\/uploads\/2023\/05\/veikand-logo.jpg","width":217,"height":217,"caption":"Saksavorst"},"image":{"@id":"https:\/\/saksavorst.ee\/lv\/#\/schema\/logo\/image\/"},"sameAs":["https:\/\/www.facebook.com\/Veikand"]}]}},"_links":{"self":[{"href":"https:\/\/saksavorst.ee\/lv\/wp-json\/wp\/v2\/product\/20545","targetHints":{"allow":["GET"]}}],"collection":[{"href":"https:\/\/saksavorst.ee\/lv\/wp-json\/wp\/v2\/product"}],"about":[{"href":"https:\/\/saksavorst.ee\/lv\/wp-json\/wp\/v2\/types\/product"}],"version-history":[{"count":1,"href":"https:\/\/saksavorst.ee\/lv\/wp-json\/wp\/v2\/product\/20545\/revisions"}],"predecessor-version":[{"id":44721,"href":"https:\/\/saksavorst.ee\/lv\/wp-json\/wp\/v2\/product\/20545\/revisions\/44721"}],"wp:featuredmedia":[{"embeddable":true,"href":"https:\/\/saksavorst.ee\/lv\/wp-json\/wp\/v2\/media\/16411"}],"wp:attachment":[{"href":"https:\/\/saksavorst.ee\/lv\/wp-json\/wp\/v2\/media?parent=20545"}],"wp:term":[{"taxonomy":"product_brand","embeddable":true,"href":"https:\/\/saksavorst.ee\/lv\/wp-json\/wp\/v2\/product_brand?post=20545"},{"taxonomy":"product_cat","embeddable":true,"href":"https:\/\/saksavorst.ee\/lv\/wp-json\/wp\/v2\/product_cat?post=20545"},{"taxonomy":"product_tag","embeddable":true,"href":"https:\/\/saksavorst.ee\/lv\/wp-json\/wp\/v2\/product_tag?post=20545"}],"curies":[{"name":"wp","href":"https:\/\/api.w.org\/{rel}","templated":true}]}}