{"id":20544,"date":"2022-02-22T14:02:56","date_gmt":"2022-02-22T12:02:56","guid":{"rendered":"https:\/\/saksavorst.ee\/product\/bbq-marinade-ribinam-maripur-spare-ribs-55-kg-spainis\/"},"modified":"2026-03-06T19:02:33","modified_gmt":"2026-03-06T17:02:33","slug":"bbq-marinade-ribinam-maripur-spare-ribs-55kg","status":"publish","type":"product","link":"https:\/\/saksavorst.ee\/lv\/produkts\/bbq-marinade-ribinam-maripur-spare-ribs-55kg\/","title":{"rendered":"BBQ marin\u0101de ribi\u0146\u0101m MARIPUR SPARE RIBS 5,5kg"},"content":{"rendered":"<h4><strong>MARIPUR SPARE RIBS<\/strong><\/h4>\n<h4><strong>Sast\u0101vda\u013cas:<\/strong><\/h4>\n<p>Tom\u0101tu biezenis, medus, glikozes s\u012brups, spirts\/v\u012bna eti\u0137is, cukurs, sojas m\u0113rce (\u016bdens, sojas pupi\u0146as, kvie\u0161i, s\u0101ls), s\u0101ls, gar\u0161vielas (ieskaitot sinepju miltus), \u016bdens, sk\u0101be: citronsk\u0101be E 330, biezin\u0101t\u0101js: ksant\u0101na sve\u0137i E 415, konservants: k\u0101lija sorb\u0101ts E 202, dab\u012bgs bekona aromatiz\u0113t\u0101js, \u0137iploki<\/p>\n<p>Daudzums: 5,5 kg = 4,1 l<\/p>\n<p>Ieteicam\u0101 deva: 150 g\/kg<\/p>\n<p>Uzglab\u0101t v\u0113s\u0101 (11\u201325 \u00b0C), saus\u0101 un tum\u0161\u0101 viet\u0101<\/p>\n<p>Ieteicams l\u012bdz: skat\u012bt uz iepakojuma<\/p>\n<h4><strong>Uzturv\u0113rt\u012bba \u2013 100 g produkta satur:<\/strong><\/h4>\n<p>Ener\u0123\u0113tisk\u0101 v\u0113rt\u012bba 789 kJ \/ 188 kcal<br \/>\nTauki 0 g<br \/>\nno tiem pies\u0101tin\u0101tie 0 g<br \/>\nOg\u013chidr\u0101ti 40 g<br \/>\nno tiem cukuri 35 g<br \/>\nOlbaltumvielas 2,2 g<br \/>\nS\u0101ls 5,4 g<\/p>\n<p>Ra\u017eots: V\u0101cij\u0101<\/p>\n<p>Ra\u017eot\u0101js: RAPS GmbH &amp; Co. KG<\/p>\n","protected":false},"excerpt":{"rendered":"<p>BBQ marin\u0101de ribi\u0146\u0101m, piem\u0113rota saut\u0113jumu un da\u017e\u0101du ga\u013cu marin\u0113\u0161anai.<\/p>\n","protected":false},"featured_media":22843,"template":"","meta":{"_acf_changed":false},"product_brand":[],"product_cat":[350],"product_tag":[],"class_list":{"0":"post-20544","1":"product","2":"type-product","3":"status-publish","4":"has-post-thumbnail","6":"product_cat-marinades","8":"first","9":"instock","10":"taxable","11":"shipping-taxable","12":"purchasable","13":"product-type-simple"},"acf":[],"yoast_head":"<!-- This site is optimized with the Yoast SEO plugin v27.3 - https:\/\/yoast.com\/product\/yoast-seo-wordpress\/ -->\n<title>BBQ marin\u0101de ribi\u0146\u0101m MARIPUR SPARE RIBS 5,5kg - Saksavorst<\/title>\n<meta name=\"robots\" content=\"index, follow, max-snippet:-1, max-image-preview:large, max-video-preview:-1\" \/>\n<link rel=\"canonical\" href=\"https:\/\/saksavorst.ee\/lv\/produkts\/bbq-marinade-ribinam-maripur-spare-ribs-55kg\/\" \/>\n<meta property=\"og:locale\" content=\"lv_LV\" \/>\n<meta property=\"og:type\" content=\"article\" \/>\n<meta property=\"og:title\" content=\"BBQ marin\u0101de ribi\u0146\u0101m MARIPUR SPARE RIBS 5,5kg - Saksavorst\" \/>\n<meta property=\"og:description\" content=\"BBQ marin\u0101de ribi\u0146\u0101m, piem\u0113rota saut\u0113jumu un da\u017e\u0101du ga\u013cu marin\u0113\u0161anai.\" \/>\n<meta property=\"og:url\" content=\"https:\/\/saksavorst.ee\/lv\/produkts\/bbq-marinade-ribinam-maripur-spare-ribs-55kg\/\" \/>\n<meta property=\"og:site_name\" content=\"Saksavorst\" \/>\n<meta property=\"article:publisher\" content=\"https:\/\/www.facebook.com\/Veikand\" \/>\n<meta property=\"article:modified_time\" content=\"2026-03-06T17:02:33+00:00\" \/>\n<meta property=\"og:image\" content=\"https:\/\/saksavorst.ee\/wp-content\/uploads\/2022\/02\/BBQ-ribimarinaad-MARIPUR-SPARE-RIBS-55kg.png\" \/>\n\t<meta property=\"og:image:width\" content=\"800\" \/>\n\t<meta property=\"og:image:height\" content=\"800\" \/>\n\t<meta property=\"og:image:type\" content=\"image\/png\" \/>\n<meta name=\"twitter:card\" content=\"summary_large_image\" \/>\n<meta name=\"twitter:label1\" content=\"Est. reading time\" \/>\n\t<meta name=\"twitter:data1\" content=\"1 minute\" \/>\n<script type=\"application\/ld+json\" class=\"yoast-schema-graph\">{\"@context\":\"https:\\\/\\\/schema.org\",\"@graph\":[{\"@type\":\"WebPage\",\"@id\":\"https:\\\/\\\/saksavorst.ee\\\/lv\\\/produkts\\\/bbq-marinade-ribinam-maripur-spare-ribs-55kg\\\/\",\"url\":\"https:\\\/\\\/saksavorst.ee\\\/lv\\\/produkts\\\/bbq-marinade-ribinam-maripur-spare-ribs-55kg\\\/\",\"name\":\"BBQ marin\u0101de ribi\u0146\u0101m MARIPUR SPARE RIBS 5,5kg - Saksavorst\",\"isPartOf\":{\"@id\":\"https:\\\/\\\/saksavorst.ee\\\/lv\\\/#website\"},\"primaryImageOfPage\":{\"@id\":\"https:\\\/\\\/saksavorst.ee\\\/lv\\\/produkts\\\/bbq-marinade-ribinam-maripur-spare-ribs-55kg\\\/#primaryimage\"},\"image\":{\"@id\":\"https:\\\/\\\/saksavorst.ee\\\/lv\\\/produkts\\\/bbq-marinade-ribinam-maripur-spare-ribs-55kg\\\/#primaryimage\"},\"thumbnailUrl\":\"https:\\\/\\\/saksavorst.ee\\\/wp-content\\\/uploads\\\/2022\\\/02\\\/BBQ-ribimarinaad-MARIPUR-SPARE-RIBS-55kg.png\",\"datePublished\":\"2022-02-22T12:02:56+00:00\",\"dateModified\":\"2026-03-06T17:02:33+00:00\",\"breadcrumb\":{\"@id\":\"https:\\\/\\\/saksavorst.ee\\\/lv\\\/produkts\\\/bbq-marinade-ribinam-maripur-spare-ribs-55kg\\\/#breadcrumb\"},\"inLanguage\":\"lv-LV\",\"potentialAction\":[{\"@type\":\"ReadAction\",\"target\":[\"https:\\\/\\\/saksavorst.ee\\\/lv\\\/produkts\\\/bbq-marinade-ribinam-maripur-spare-ribs-55kg\\\/\"]}]},{\"@type\":\"ImageObject\",\"inLanguage\":\"lv-LV\",\"@id\":\"https:\\\/\\\/saksavorst.ee\\\/lv\\\/produkts\\\/bbq-marinade-ribinam-maripur-spare-ribs-55kg\\\/#primaryimage\",\"url\":\"https:\\\/\\\/saksavorst.ee\\\/wp-content\\\/uploads\\\/2022\\\/02\\\/BBQ-ribimarinaad-MARIPUR-SPARE-RIBS-55kg.png\",\"contentUrl\":\"https:\\\/\\\/saksavorst.ee\\\/wp-content\\\/uploads\\\/2022\\\/02\\\/BBQ-ribimarinaad-MARIPUR-SPARE-RIBS-55kg.png\",\"width\":800,\"height\":800},{\"@type\":\"BreadcrumbList\",\"@id\":\"https:\\\/\\\/saksavorst.ee\\\/lv\\\/produkts\\\/bbq-marinade-ribinam-maripur-spare-ribs-55kg\\\/#breadcrumb\",\"itemListElement\":[{\"@type\":\"ListItem\",\"position\":1,\"name\":\"Home\",\"item\":\"https:\\\/\\\/saksavorst.ee\\\/lv\\\/\"},{\"@type\":\"ListItem\",\"position\":2,\"name\":\"Veikals\",\"item\":\"https:\\\/\\\/saksavorst.ee\\\/lv\\\/veikals\\\/\"},{\"@type\":\"ListItem\",\"position\":3,\"name\":\"BBQ marin\u0101de ribi\u0146\u0101m MARIPUR SPARE RIBS 5,5kg\"}]},{\"@type\":\"WebSite\",\"@id\":\"https:\\\/\\\/saksavorst.ee\\\/lv\\\/#website\",\"url\":\"https:\\\/\\\/saksavorst.ee\\\/lv\\\/\",\"name\":\"Saksavorst\",\"description\":\"Feel the taste of emotions\",\"publisher\":{\"@id\":\"https:\\\/\\\/saksavorst.ee\\\/lv\\\/#organization\"},\"alternateName\":\"Veikand\",\"potentialAction\":[{\"@type\":\"SearchAction\",\"target\":{\"@type\":\"EntryPoint\",\"urlTemplate\":\"https:\\\/\\\/saksavorst.ee\\\/lv\\\/?s={search_term_string}\"},\"query-input\":{\"@type\":\"PropertyValueSpecification\",\"valueRequired\":true,\"valueName\":\"search_term_string\"}}],\"inLanguage\":\"lv-LV\"},{\"@type\":\"Organization\",\"@id\":\"https:\\\/\\\/saksavorst.ee\\\/lv\\\/#organization\",\"name\":\"Saksavorst\",\"alternateName\":\"Veikand\",\"url\":\"https:\\\/\\\/saksavorst.ee\\\/lv\\\/\",\"logo\":{\"@type\":\"ImageObject\",\"inLanguage\":\"lv-LV\",\"@id\":\"https:\\\/\\\/saksavorst.ee\\\/lv\\\/#\\\/schema\\\/logo\\\/image\\\/\",\"url\":\"https:\\\/\\\/saksavorst.ee\\\/wp-content\\\/uploads\\\/2023\\\/05\\\/veikand-logo.jpg\",\"contentUrl\":\"https:\\\/\\\/saksavorst.ee\\\/wp-content\\\/uploads\\\/2023\\\/05\\\/veikand-logo.jpg\",\"width\":217,\"height\":217,\"caption\":\"Saksavorst\"},\"image\":{\"@id\":\"https:\\\/\\\/saksavorst.ee\\\/lv\\\/#\\\/schema\\\/logo\\\/image\\\/\"},\"sameAs\":[\"https:\\\/\\\/www.facebook.com\\\/Veikand\"]}]}<\/script>\n<!-- \/ Yoast SEO plugin. -->","yoast_head_json":{"title":"BBQ marin\u0101de ribi\u0146\u0101m MARIPUR SPARE RIBS 5,5kg - Saksavorst","robots":{"index":"index","follow":"follow","max-snippet":"max-snippet:-1","max-image-preview":"max-image-preview:large","max-video-preview":"max-video-preview:-1"},"canonical":"https:\/\/saksavorst.ee\/lv\/produkts\/bbq-marinade-ribinam-maripur-spare-ribs-55kg\/","og_locale":"lv_LV","og_type":"article","og_title":"BBQ marin\u0101de ribi\u0146\u0101m MARIPUR SPARE RIBS 5,5kg - Saksavorst","og_description":"BBQ marin\u0101de ribi\u0146\u0101m, piem\u0113rota saut\u0113jumu un da\u017e\u0101du ga\u013cu marin\u0113\u0161anai.","og_url":"https:\/\/saksavorst.ee\/lv\/produkts\/bbq-marinade-ribinam-maripur-spare-ribs-55kg\/","og_site_name":"Saksavorst","article_publisher":"https:\/\/www.facebook.com\/Veikand","article_modified_time":"2026-03-06T17:02:33+00:00","og_image":[{"width":800,"height":800,"url":"https:\/\/saksavorst.ee\/wp-content\/uploads\/2022\/02\/BBQ-ribimarinaad-MARIPUR-SPARE-RIBS-55kg.png","type":"image\/png"}],"twitter_card":"summary_large_image","twitter_misc":{"Est. reading time":"1 minute"},"schema":{"@context":"https:\/\/schema.org","@graph":[{"@type":"WebPage","@id":"https:\/\/saksavorst.ee\/lv\/produkts\/bbq-marinade-ribinam-maripur-spare-ribs-55kg\/","url":"https:\/\/saksavorst.ee\/lv\/produkts\/bbq-marinade-ribinam-maripur-spare-ribs-55kg\/","name":"BBQ marin\u0101de ribi\u0146\u0101m MARIPUR SPARE RIBS 5,5kg - Saksavorst","isPartOf":{"@id":"https:\/\/saksavorst.ee\/lv\/#website"},"primaryImageOfPage":{"@id":"https:\/\/saksavorst.ee\/lv\/produkts\/bbq-marinade-ribinam-maripur-spare-ribs-55kg\/#primaryimage"},"image":{"@id":"https:\/\/saksavorst.ee\/lv\/produkts\/bbq-marinade-ribinam-maripur-spare-ribs-55kg\/#primaryimage"},"thumbnailUrl":"https:\/\/saksavorst.ee\/wp-content\/uploads\/2022\/02\/BBQ-ribimarinaad-MARIPUR-SPARE-RIBS-55kg.png","datePublished":"2022-02-22T12:02:56+00:00","dateModified":"2026-03-06T17:02:33+00:00","breadcrumb":{"@id":"https:\/\/saksavorst.ee\/lv\/produkts\/bbq-marinade-ribinam-maripur-spare-ribs-55kg\/#breadcrumb"},"inLanguage":"lv-LV","potentialAction":[{"@type":"ReadAction","target":["https:\/\/saksavorst.ee\/lv\/produkts\/bbq-marinade-ribinam-maripur-spare-ribs-55kg\/"]}]},{"@type":"ImageObject","inLanguage":"lv-LV","@id":"https:\/\/saksavorst.ee\/lv\/produkts\/bbq-marinade-ribinam-maripur-spare-ribs-55kg\/#primaryimage","url":"https:\/\/saksavorst.ee\/wp-content\/uploads\/2022\/02\/BBQ-ribimarinaad-MARIPUR-SPARE-RIBS-55kg.png","contentUrl":"https:\/\/saksavorst.ee\/wp-content\/uploads\/2022\/02\/BBQ-ribimarinaad-MARIPUR-SPARE-RIBS-55kg.png","width":800,"height":800},{"@type":"BreadcrumbList","@id":"https:\/\/saksavorst.ee\/lv\/produkts\/bbq-marinade-ribinam-maripur-spare-ribs-55kg\/#breadcrumb","itemListElement":[{"@type":"ListItem","position":1,"name":"Home","item":"https:\/\/saksavorst.ee\/lv\/"},{"@type":"ListItem","position":2,"name":"Veikals","item":"https:\/\/saksavorst.ee\/lv\/veikals\/"},{"@type":"ListItem","position":3,"name":"BBQ marin\u0101de ribi\u0146\u0101m MARIPUR SPARE RIBS 5,5kg"}]},{"@type":"WebSite","@id":"https:\/\/saksavorst.ee\/lv\/#website","url":"https:\/\/saksavorst.ee\/lv\/","name":"Saksavorst","description":"Feel the taste of emotions","publisher":{"@id":"https:\/\/saksavorst.ee\/lv\/#organization"},"alternateName":"Veikand","potentialAction":[{"@type":"SearchAction","target":{"@type":"EntryPoint","urlTemplate":"https:\/\/saksavorst.ee\/lv\/?s={search_term_string}"},"query-input":{"@type":"PropertyValueSpecification","valueRequired":true,"valueName":"search_term_string"}}],"inLanguage":"lv-LV"},{"@type":"Organization","@id":"https:\/\/saksavorst.ee\/lv\/#organization","name":"Saksavorst","alternateName":"Veikand","url":"https:\/\/saksavorst.ee\/lv\/","logo":{"@type":"ImageObject","inLanguage":"lv-LV","@id":"https:\/\/saksavorst.ee\/lv\/#\/schema\/logo\/image\/","url":"https:\/\/saksavorst.ee\/wp-content\/uploads\/2023\/05\/veikand-logo.jpg","contentUrl":"https:\/\/saksavorst.ee\/wp-content\/uploads\/2023\/05\/veikand-logo.jpg","width":217,"height":217,"caption":"Saksavorst"},"image":{"@id":"https:\/\/saksavorst.ee\/lv\/#\/schema\/logo\/image\/"},"sameAs":["https:\/\/www.facebook.com\/Veikand"]}]}},"_links":{"self":[{"href":"https:\/\/saksavorst.ee\/lv\/wp-json\/wp\/v2\/product\/20544","targetHints":{"allow":["GET"]}}],"collection":[{"href":"https:\/\/saksavorst.ee\/lv\/wp-json\/wp\/v2\/product"}],"about":[{"href":"https:\/\/saksavorst.ee\/lv\/wp-json\/wp\/v2\/types\/product"}],"version-history":[{"count":1,"href":"https:\/\/saksavorst.ee\/lv\/wp-json\/wp\/v2\/product\/20544\/revisions"}],"predecessor-version":[{"id":44708,"href":"https:\/\/saksavorst.ee\/lv\/wp-json\/wp\/v2\/product\/20544\/revisions\/44708"}],"wp:featuredmedia":[{"embeddable":true,"href":"https:\/\/saksavorst.ee\/lv\/wp-json\/wp\/v2\/media\/22843"}],"wp:attachment":[{"href":"https:\/\/saksavorst.ee\/lv\/wp-json\/wp\/v2\/media?parent=20544"}],"wp:term":[{"taxonomy":"product_brand","embeddable":true,"href":"https:\/\/saksavorst.ee\/lv\/wp-json\/wp\/v2\/product_brand?post=20544"},{"taxonomy":"product_cat","embeddable":true,"href":"https:\/\/saksavorst.ee\/lv\/wp-json\/wp\/v2\/product_cat?post=20544"},{"taxonomy":"product_tag","embeddable":true,"href":"https:\/\/saksavorst.ee\/lv\/wp-json\/wp\/v2\/product_tag?post=20544"}],"curies":[{"name":"wp","href":"https:\/\/api.w.org\/{rel}","templated":true}]}}