{"id":19676,"date":"2023-01-12T12:30:06","date_gmt":"2023-01-12T12:30:06","guid":{"rendered":"https:\/\/saksavorst.ee\/konfidencialitates-politika\/"},"modified":"2023-03-23T13:49:39","modified_gmt":"2023-03-23T13:49:39","slug":"konfidencialitates-politika","status":"publish","type":"page","link":"https:\/\/saksavorst.ee\/lv\/konfidencialitates-politika\/","title":{"rendered":"Konfidencialit\u0101tes politika"},"content":{"rendered":"\t\t<div data-elementor-type=\"wp-page\" data-elementor-id=\"19676\" class=\"elementor elementor-19676 elementor-8798\" data-elementor-post-type=\"page\">\n\t\t\t\t\t\t<section class=\"wd-negative-gap elementor-section elementor-top-section elementor-element elementor-element-2ed78808 wd-section-stretch elementor-section-boxed elementor-section-height-default elementor-section-height-default\" data-id=\"2ed78808\" data-element_type=\"section\" data-e-type=\"section\">\n\t\t\t\t\t\t<div class=\"elementor-container elementor-column-gap-default\">\n\t\t\t\t\t<div class=\"elementor-column elementor-col-100 elementor-top-column elementor-element elementor-element-432605d9\" data-id=\"432605d9\" data-element_type=\"column\" data-e-type=\"column\">\n\t\t\t<div class=\"elementor-widget-wrap elementor-element-populated\">\n\t\t\t\t\t\t<div class=\"elementor-element elementor-element-8aa9e64 elementor-invisible elementor-widget elementor-widget-heading\" data-id=\"8aa9e64\" data-element_type=\"widget\" data-e-type=\"widget\" data-settings=\"{&quot;_animation&quot;:&quot;fadeInUp&quot;}\" data-widget_type=\"heading.default\">\n\t\t\t\t<div class=\"elementor-widget-container\">\n\t\t\t\t\t<h1 class=\"elementor-heading-title elementor-size-default\">Konfidencialit\u0101tes politika<\/h1>\t\t\t\t<\/div>\n\t\t\t\t<\/div>\n\t\t\t\t<div class=\"elementor-element elementor-element-6db45c8 color-scheme-inherit text-left elementor-invisible elementor-widget elementor-widget-text-editor\" data-id=\"6db45c8\" data-element_type=\"widget\" data-e-type=\"widget\" data-settings=\"{&quot;_animation&quot;:&quot;fadeIn&quot;}\" data-widget_type=\"text-editor.default\">\n\t\t\t\t<div class=\"elementor-widget-container\">\n\t\t\t\t\t\t\t\t\t<p>AS Veikand v\u0113las, lai j\u016bs zin\u0101tu, k\u0101 m\u0113s (AS Veikand) v\u0101cam, izmantojam un izpau\u017eam personas datus. Pamatojoties uz to, m\u0113s esam sagatavoju\u0161i \u0161o priv\u0101tuma politiku, kas nosaka principus, kas reglament\u0113 klientu datu v\u0101k\u0161anu, izmanto\u0161anu, public\u0113\u0161anu, nos\u016bt\u012b\u0161anu un p\u0101rs\u016bt\u012b\u0161anu. M\u016bsu darb\u012bba atbilst vis\u0101m attiec\u012bgaj\u0101m darb\u012bb\u0101m un Eiropas Savien\u012bbas ties\u012bbu aktiem un Igaunijas Republikas likumiem.<\/p>\n\t\t\t\t\t\t\t\t<\/div>\n\t\t\t\t<\/div>\n\t\t\t\t<div class=\"elementor-element elementor-element-f84ecc0 elementor-absolute elementor-invisible elementor-widget elementor-widget-image\" data-id=\"f84ecc0\" data-element_type=\"widget\" data-e-type=\"widget\" data-settings=\"{&quot;_position&quot;:&quot;absolute&quot;,&quot;_animation&quot;:&quot;fadeInRight&quot;}\" data-widget_type=\"image.default\">\n\t\t\t\t<div class=\"elementor-widget-container\">\n\t\t\t\t\t\t\t\t\t\t\t\t\t\t\t<img decoding=\"async\" width=\"154\" height=\"125\" src=\"https:\/\/saksavorst.ee\/wp-content\/uploads\/2023\/01\/Group-11.png\" class=\"attachment-large size-large wp-image-12444\" alt=\"\" srcset=\"https:\/\/saksavorst.ee\/wp-content\/uploads\/2023\/01\/Group-11.png 154w, https:\/\/saksavorst.ee\/wp-content\/uploads\/2023\/01\/Group-11-150x122.png 150w\" sizes=\"(max-width: 154px) 100vw, 154px\" \/>\t\t\t\t\t\t\t\t\t\t\t\t\t\t\t<\/div>\n\t\t\t\t<\/div>\n\t\t\t\t<div class=\"elementor-element elementor-element-031f9ab elementor-absolute elementor-invisible elementor-widget elementor-widget-image\" data-id=\"031f9ab\" data-element_type=\"widget\" data-e-type=\"widget\" data-settings=\"{&quot;_position&quot;:&quot;absolute&quot;,&quot;_animation&quot;:&quot;fadeInLeft&quot;}\" data-widget_type=\"image.default\">\n\t\t\t\t<div class=\"elementor-widget-container\">\n\t\t\t\t\t\t\t\t\t\t\t\t\t\t\t<img decoding=\"async\" width=\"88\" height=\"48\" src=\"https:\/\/saksavorst.ee\/wp-content\/uploads\/2023\/01\/Group-10.png\" class=\"attachment-large size-large wp-image-12443\" alt=\"\" \/>\t\t\t\t\t\t\t\t\t\t\t\t\t\t\t<\/div>\n\t\t\t\t<\/div>\n\t\t\t\t<div class=\"elementor-element elementor-element-e394c2d elementor-invisible elementor-widget elementor-widget-heading\" data-id=\"e394c2d\" data-element_type=\"widget\" data-e-type=\"widget\" data-settings=\"{&quot;_animation&quot;:&quot;fadeIn&quot;}\" data-widget_type=\"heading.default\">\n\t\t\t\t<div class=\"elementor-widget-container\">\n\t\t\t\t\t<h2 class=\"elementor-heading-title elementor-size-default\">Personas datu apstr\u0101d\u0101t\u0101js<\/h2>\t\t\t\t<\/div>\n\t\t\t\t<\/div>\n\t\t\t\t<div class=\"elementor-element elementor-element-2cdc943a color-scheme-inherit text-left elementor-invisible elementor-widget elementor-widget-text-editor\" data-id=\"2cdc943a\" data-element_type=\"widget\" data-e-type=\"widget\" data-settings=\"{&quot;_animation&quot;:&quot;fadeIn&quot;}\" data-widget_type=\"text-editor.default\">\n\t\t\t\t<div class=\"elementor-widget-container\">\n\t\t\t\t\t\t\t\t\t<p>AS Veikand<br \/>V\u00e4lja 7, P\u0113rnava 80010<br \/>E-pasts: veikand@veikand.ee<\/p>\n<p>AS Veikand ir galvenais personas datu apstr\u0101d\u0101t\u0101js, AS Veikand p\u0101rs\u016bta nepiecie\u0161amos personas datus pilnvarotajam apstr\u0101d\u0101t\u0101jam Montonio Finance O\u00dc un PayPal.<\/p>\n\t\t\t\t\t\t\t\t<\/div>\n\t\t\t\t<\/div>\n\t\t\t\t<div class=\"elementor-element elementor-element-a8c3f0d elementor-invisible elementor-widget elementor-widget-heading\" data-id=\"a8c3f0d\" data-element_type=\"widget\" data-e-type=\"widget\" data-settings=\"{&quot;_animation&quot;:&quot;fadeIn&quot;}\" data-widget_type=\"heading.default\">\n\t\t\t\t<div class=\"elementor-widget-container\">\n\t\t\t\t\t<h2 class=\"elementor-heading-title elementor-size-default\">Personas datu v\u0101k\u0161ana un izmanto\u0161ana<\/h2>\t\t\t\t<\/div>\n\t\t\t\t<\/div>\n\t\t\t\t<div class=\"elementor-element elementor-element-5195426 color-scheme-inherit text-left elementor-invisible elementor-widget elementor-widget-text-editor\" data-id=\"5195426\" data-element_type=\"widget\" data-e-type=\"widget\" data-settings=\"{&quot;_animation&quot;:&quot;fadeIn&quot;}\" data-widget_type=\"text-editor.default\">\n\t\t\t\t<div class=\"elementor-widget-container\">\n\t\t\t\t\t\t\t\t\t<p>Personas dati ir dati, ar kuriem j\u016bs k\u0101 klients esat konkr\u0113ti vai netie\u0161i saist\u012bts AS Veikand apkopo un apstr\u0101d\u0101 pirkuma pas\u016bt\u012bjumu vai l\u012bgumu, lai izpild\u012btu l\u012bgumu ar klientu un izpild\u012btu savas juridisk\u0101s saist\u012bbas.<\/p>\n<p>Tie\u0161saistes pirc\u0113ju personas datu v\u0101k\u0161ana var notikt \u0161\u0101dos veidos:<br \/>&#8211; Ievadot kontaktinform\u0101ciju (v\u0101rdu un uzv\u0101rdu, pasta adresi, t\u0101lru\u0146a numuru, e-pasta adresi, t\u0101lru\u0146a numuru, e-pasta adresi)<br \/>adrese);<br \/>&#8211; Bankas konta numurs;<br \/>&#8211; No regul\u0101ro klientu konta inform\u0101cijas.<\/p>\n\t\t\t\t\t\t\t\t<\/div>\n\t\t\t\t<\/div>\n\t\t\t\t<div class=\"elementor-element elementor-element-d46de8b elementor-invisible elementor-widget elementor-widget-heading\" data-id=\"d46de8b\" data-element_type=\"widget\" data-e-type=\"widget\" data-settings=\"{&quot;_animation&quot;:&quot;fadeIn&quot;}\" data-widget_type=\"heading.default\">\n\t\t\t\t<div class=\"elementor-widget-container\">\n\t\t\t\t\t<h2 class=\"elementor-heading-title elementor-size-default\">Sav\u0101kto personas datu izmanto\u0161ana un glab\u0101\u0161ana<\/h2>\t\t\t\t<\/div>\n\t\t\t\t<\/div>\n\t\t\t\t<div class=\"elementor-element elementor-element-133e470 color-scheme-inherit text-left elementor-invisible elementor-widget elementor-widget-text-editor\" data-id=\"133e470\" data-element_type=\"widget\" data-e-type=\"widget\" data-settings=\"{&quot;_animation&quot;:&quot;fadeIn&quot;}\" data-widget_type=\"text-editor.default\">\n\t\t\t\t<div class=\"elementor-widget-container\">\n\t\t\t\t\t\t\t\t\t<p>Sav\u0101ktie personas dati tiek izmantoti, lai pieg\u0101d\u0101tu preces klientam un izpild\u012btu klienta saist\u012bbas.<\/p>\n<p>Citos nol\u016bkos j\u016bsu personas datus izmantosim tikai ar j\u016bsu iepriek\u0161\u0113ju piekri\u0161anu.<\/p>\n<p>Piekr\u012btot visp\u0101r\u012bgajiem noteikumiem un lieto\u0161anas noteikumiem, klients dod mums piekri\u0161anu autom\u0101tiski apstr\u0101d\u0101t vi\u0146a datus. Vienm\u0113r varat atsaukt savu piekri\u0161anu, izmantojot m\u016bsu t\u012bmek\u013ca vietni vai iesniedzot rakstisku pieteikumu. Piekri\u0161anas piem\u0113ro\u0161anai vai atsauk\u0161anai nav atpaka\u013cejo\u0161a sp\u0113ka.<\/p>\n<p>Lai lab\u0101k apkalpotu klientus, AS Veikand var izpaust inform\u0101ciju par lietot\u0101jiem tre\u0161ajai pusei, kas sniedz mums pakalpojumus un kurai ir l\u012bgumsaist\u012bbas saglab\u0101t kop\u012bgoto inform\u0101ciju konfidenci\u0101lu (iz\u0146emot valsts iest\u0101des un valsts a\u0123ent\u016bras).<\/p>\n<p>Tre\u0161\u0101 puse var b\u016bt, piem\u0113ram, m\u016bsu transporta partneri.<\/p>\n<p>Turkl\u0101t m\u0113s varam izpaust inform\u0101ciju valsts iest\u0101d\u0113m un valsts a\u0123ent\u016br\u0101m (piem\u0113ram, policijai, ties\u0101m, trauksmes centram, Datu aizsardz\u012bbas inspekcijai): m\u0113s nodosim j\u016bsu datus tikai tad, ja mums to pieprasa likums.<\/p>\n<p>M\u0113s glab\u0101sim klienta personas datus l\u012bdz lojalit\u0101tes l\u012bguma izbeig\u0161anai. M\u0113s glab\u0101jam datus, kas mums ir j\u0101glab\u0101 saska\u0146\u0101 ar ties\u012bbu aktiem (piem\u0113ram, gr\u0101matved\u012bbas datus), atbilsto\u0161i ties\u012bbu aktos noteiktaj\u0101m pras\u012bb\u0101m.<\/p>\n\t\t\t\t\t\t\t\t<\/div>\n\t\t\t\t<\/div>\n\t\t\t\t<div class=\"elementor-element elementor-element-c5b3240 elementor-invisible elementor-widget elementor-widget-heading\" data-id=\"c5b3240\" data-element_type=\"widget\" data-e-type=\"widget\" data-settings=\"{&quot;_animation&quot;:&quot;fadeIn&quot;}\" data-widget_type=\"heading.default\">\n\t\t\t\t<div class=\"elementor-widget-container\">\n\t\t\t\t\t<h2 class=\"elementor-heading-title elementor-size-default\">Sav\u0101kto datu modific\u0113\u0161ana<\/h2>\t\t\t\t<\/div>\n\t\t\t\t<\/div>\n\t\t\t\t<div class=\"elementor-element elementor-element-f57c9c8 color-scheme-inherit text-left elementor-invisible elementor-widget elementor-widget-text-editor\" data-id=\"f57c9c8\" data-element_type=\"widget\" data-e-type=\"widget\" data-settings=\"{&quot;_animation&quot;:&quot;fadeIn&quot;}\" data-widget_type=\"text-editor.default\">\n\t\t\t\t<div class=\"elementor-widget-container\">\n\t\t\t\t\t\t\t\t\t<p>Personas datus, kas sav\u0101kti, lai identific\u0113tu klientu un sazin\u0101tos ar vi\u0146u, klients var apskat\u012bt, main\u012bt un papildin\u0101t m\u016bsu e-veikala sada\u013c\u0101 &#8220;Mans konts&#8221;.<\/p>\n\t\t\t\t\t\t\t\t<\/div>\n\t\t\t\t<\/div>\n\t\t\t\t<div class=\"elementor-element elementor-element-ae4f28f elementor-invisible elementor-widget elementor-widget-heading\" data-id=\"ae4f28f\" data-element_type=\"widget\" data-e-type=\"widget\" data-settings=\"{&quot;_animation&quot;:&quot;fadeIn&quot;}\" data-widget_type=\"heading.default\">\n\t\t\t\t<div class=\"elementor-widget-container\">\n\t\t\t\t\t<h2 class=\"elementor-heading-title elementor-size-default\">Personas datu aizsardz\u012bba<\/h2>\t\t\t\t<\/div>\n\t\t\t\t<\/div>\n\t\t\t\t<div class=\"elementor-element elementor-element-4cb2543 color-scheme-inherit text-left elementor-invisible elementor-widget elementor-widget-text-editor\" data-id=\"4cb2543\" data-element_type=\"widget\" data-e-type=\"widget\" data-settings=\"{&quot;_animation&quot;:&quot;fadeIn&quot;}\" data-widget_type=\"text-editor.default\">\n\t\t\t\t<div class=\"elementor-widget-container\">\n\t\t\t\t\t\t\t\t\t<p>AS Veikand veiks visus piesardz\u012bbas pas\u0101kumus (tostarp administrat\u012bvus, tehniskus un fiziskus pas\u0101kumus), lai aizsarg\u0101tu klienta personas datus. Piek\u013cuve klientu datiem ir tikai tiem darbiniekiem, kuriem \u0161ie dati ir nepiecie\u0161ami darba uzdevumu veik\u0161anai (piem\u0113ram, pas\u016bt\u012bjumu izpildei).<\/p>\n<p>Klientam ir visas ties\u012bbas, kas aprakst\u012btas Personas datu aizsardz\u012bbas likum\u0101.<\/p>\n<p>Klientam ir ties\u012bbas piepras\u012bt, lai tiktu p\u0101rtraukta vi\u0146a datu apstr\u0101de, sniegta inform\u0101cija par datu izmanto\u0161anu un datu nodo\u0161anu vi\u0146am pa\u0161am vai tre\u0161ai personai publiski pieejam\u0101 form\u0101t\u0101.<\/p>\n<p>Piepras\u012bjumu p\u0101rtraukt datu apstr\u0101di m\u0113s uzskat\u0101m par pazi\u0146ojumu par lojalit\u0101tes l\u012bguma izbeig\u0161anu.<\/p>\n\t\t\t\t\t\t\t\t<\/div>\n\t\t\t\t<\/div>\n\t\t\t\t<div class=\"elementor-element elementor-element-2cc51f2 elementor-invisible elementor-widget elementor-widget-heading\" data-id=\"2cc51f2\" data-element_type=\"widget\" data-e-type=\"widget\" data-settings=\"{&quot;_animation&quot;:&quot;fadeIn&quot;}\" data-widget_type=\"heading.default\">\n\t\t\t\t<div class=\"elementor-widget-container\">\n\t\t\t\t\t<h2 class=\"elementor-heading-title elementor-size-default\">Dro\u0161\u012bba<\/h2>\t\t\t\t<\/div>\n\t\t\t\t<\/div>\n\t\t\t\t<div class=\"elementor-element elementor-element-d301049 color-scheme-inherit text-left elementor-invisible elementor-widget elementor-widget-text-editor\" data-id=\"d301049\" data-element_type=\"widget\" data-e-type=\"widget\" data-settings=\"{&quot;_animation&quot;:&quot;fadeIn&quot;}\" data-widget_type=\"text-editor.default\">\n\t\t\t\t<div class=\"elementor-widget-container\">\n\t\t\t\t\t\t\t\t\t<p>Visi to klientu personas dati, kuri ir apmekl\u0113ju\u0161i AS e-veikalu vai veiku\u0161i pirkumus taj\u0101.<br \/>Veikand tiek uzskat\u012bta par konfidenci\u0101lu inform\u0101ciju. \u0160ifr\u0113ti datu sazi\u0146as kan\u0101li ar bank\u0101m nodro\u0161ina pirc\u0113ja personas datu un bankas inform\u0101cijas dro\u0161\u012bbu.<\/p>\n\t\t\t\t\t\t\t\t<\/div>\n\t\t\t\t<\/div>\n\t\t\t\t<div class=\"elementor-element elementor-element-261512e elementor-invisible elementor-widget elementor-widget-heading\" data-id=\"261512e\" data-element_type=\"widget\" data-e-type=\"widget\" data-settings=\"{&quot;_animation&quot;:&quot;fadeIn&quot;}\" data-widget_type=\"heading.default\">\n\t\t\t\t<div class=\"elementor-widget-container\">\n\t\t\t\t\t<h2 class=\"elementor-heading-title elementor-size-default\">Konfidencialit\u0101tes politikas noteikumi un izmai\u0146as<\/h2>\t\t\t\t<\/div>\n\t\t\t\t<\/div>\n\t\t\t\t<div class=\"elementor-element elementor-element-8eec77c color-scheme-inherit text-left elementor-invisible elementor-widget elementor-widget-text-editor\" data-id=\"8eec77c\" data-element_type=\"widget\" data-e-type=\"widget\" data-settings=\"{&quot;_animation&quot;:&quot;fadeIn&quot;}\" data-widget_type=\"text-editor.default\">\n\t\t\t\t<div class=\"elementor-widget-container\">\n\t\t\t\t\t\t\t\t\t<p>Izmantojot m\u016bsu e-veikalu vai k\u013c\u016bstot par m\u016bsu past\u0101v\u012bgo klientu, j\u016bs esat izlas\u012bjis un piekritis \u0161iem principiem un nosac\u012bjumiem. M\u0113s paturam ties\u012bbas nepiecie\u0161am\u012bbas gad\u012bjum\u0101 main\u012bt priv\u0101tuma politikas visp\u0101r\u012bgos noteikumus un nosac\u012bjumus, par to pazi\u0146ojot visiem m\u016bsu past\u0101v\u012bgajiem klientiem, ta\u010du m\u0113s dar\u012bsim visu iesp\u0113jamo, lai m\u016bsu priv\u0101tuma politika b\u016btu atjaunin\u0101ta un pieejama jums m\u016bsu vietn\u0113.<\/p>\n<p>Ja jums ir k\u0101di jaut\u0101jumi vai ba\u017eas par \u0161o konfidencialit\u0101tes politiku vai datu apstr\u0101di, l\u016bdzu, sazinieties ar netipood@veikand.ee.<\/p>\n<p>Jums vienm\u0113r ir ties\u012bbas v\u0113rsties Datu aizsardz\u012bbas inspekcij\u0101 vai ties\u0101, lai aizsarg\u0101tu savus datus. Datu aizsardz\u012bbas inspekcija ir valsts a\u0123ent\u016bra, kas ar\u012b pal\u012bdz\u0113s jums ar padomu vai pal\u012bdz\u012bbu personas datu aizsardz\u012bbas jaut\u0101jumos.<\/p>\n\t\t\t\t\t\t\t\t<\/div>\n\t\t\t\t<\/div>\n\t\t\t\t\t<\/div>\n\t\t<\/div>\n\t\t\t\t\t<\/div>\n\t\t<\/section>\n\t\t\t\t<\/div>\n\t\t","protected":false},"excerpt":{"rendered":"<p>AS Veikand v\u0113las, lai j\u016bs zin\u0101tu, k\u0101 m\u0113s (AS Veikand) v\u0101cam, izmantojam un izpau\u017eam personas datus. Pamatojoties uz to, m\u0113s<\/p>\n","protected":false},"author":1,"featured_media":0,"parent":0,"menu_order":0,"comment_status":"closed","ping_status":"closed","template":"elementor_header_footer","meta":{"_acf_changed":false,"footnotes":""},"class_list":["post-19676","page","type-page","status-publish","hentry"],"acf":[],"yoast_head":"<!-- This site is optimized with the Yoast SEO plugin v27.3 - https:\/\/yoast.com\/product\/yoast-seo-wordpress\/ -->\n<title>Konfidencialit\u0101tes politika - Saksavorst<\/title>\n<meta name=\"robots\" content=\"index, follow, max-snippet:-1, max-image-preview:large, max-video-preview:-1\" \/>\n<link rel=\"canonical\" href=\"https:\/\/saksavorst.ee\/lv\/konfidencialitates-politika\/\" \/>\n<meta property=\"og:locale\" content=\"lv_LV\" \/>\n<meta property=\"og:type\" content=\"article\" \/>\n<meta property=\"og:title\" content=\"Konfidencialit\u0101tes politika - Saksavorst\" \/>\n<meta property=\"og:description\" content=\"AS Veikand v\u0113las, lai j\u016bs zin\u0101tu, k\u0101 m\u0113s (AS Veikand) v\u0101cam, izmantojam un izpau\u017eam personas datus. Pamatojoties uz to, m\u0113s\" \/>\n<meta property=\"og:url\" content=\"https:\/\/saksavorst.ee\/lv\/konfidencialitates-politika\/\" \/>\n<meta property=\"og:site_name\" content=\"Saksavorst\" \/>\n<meta property=\"article:publisher\" content=\"https:\/\/www.facebook.com\/Veikand\" \/>\n<meta property=\"article:modified_time\" content=\"2023-03-23T13:49:39+00:00\" \/>\n<meta property=\"og:image\" content=\"https:\/\/saksavorst.ee\/wp-content\/uploads\/2023\/01\/Group-11.png\" \/>\n\t<meta property=\"og:image:width\" content=\"154\" \/>\n\t<meta property=\"og:image:height\" content=\"125\" \/>\n\t<meta property=\"og:image:type\" content=\"image\/png\" \/>\n<meta name=\"twitter:card\" content=\"summary_large_image\" \/>\n<meta name=\"twitter:label1\" content=\"Est. reading time\" \/>\n\t<meta name=\"twitter:data1\" content=\"4 minutes\" \/>\n<script type=\"application\/ld+json\" class=\"yoast-schema-graph\">{\"@context\":\"https:\\\/\\\/schema.org\",\"@graph\":[{\"@type\":\"WebPage\",\"@id\":\"https:\\\/\\\/saksavorst.ee\\\/lv\\\/konfidencialitates-politika\\\/\",\"url\":\"https:\\\/\\\/saksavorst.ee\\\/lv\\\/konfidencialitates-politika\\\/\",\"name\":\"Konfidencialit\u0101tes politika - Saksavorst\",\"isPartOf\":{\"@id\":\"https:\\\/\\\/saksavorst.ee\\\/lv\\\/#website\"},\"primaryImageOfPage\":{\"@id\":\"https:\\\/\\\/saksavorst.ee\\\/lv\\\/konfidencialitates-politika\\\/#primaryimage\"},\"image\":{\"@id\":\"https:\\\/\\\/saksavorst.ee\\\/lv\\\/konfidencialitates-politika\\\/#primaryimage\"},\"thumbnailUrl\":\"https:\\\/\\\/saksavorst.ee\\\/wp-content\\\/uploads\\\/2023\\\/01\\\/Group-11.png\",\"datePublished\":\"2023-01-12T12:30:06+00:00\",\"dateModified\":\"2023-03-23T13:49:39+00:00\",\"breadcrumb\":{\"@id\":\"https:\\\/\\\/saksavorst.ee\\\/lv\\\/konfidencialitates-politika\\\/#breadcrumb\"},\"inLanguage\":\"lv-LV\",\"potentialAction\":[{\"@type\":\"ReadAction\",\"target\":[\"https:\\\/\\\/saksavorst.ee\\\/lv\\\/konfidencialitates-politika\\\/\"]}]},{\"@type\":\"ImageObject\",\"inLanguage\":\"lv-LV\",\"@id\":\"https:\\\/\\\/saksavorst.ee\\\/lv\\\/konfidencialitates-politika\\\/#primaryimage\",\"url\":\"https:\\\/\\\/saksavorst.ee\\\/wp-content\\\/uploads\\\/2023\\\/01\\\/Group-11.png\",\"contentUrl\":\"https:\\\/\\\/saksavorst.ee\\\/wp-content\\\/uploads\\\/2023\\\/01\\\/Group-11.png\"},{\"@type\":\"BreadcrumbList\",\"@id\":\"https:\\\/\\\/saksavorst.ee\\\/lv\\\/konfidencialitates-politika\\\/#breadcrumb\",\"itemListElement\":[{\"@type\":\"ListItem\",\"position\":1,\"name\":\"Home\",\"item\":\"https:\\\/\\\/saksavorst.ee\\\/lv\\\/\"},{\"@type\":\"ListItem\",\"position\":2,\"name\":\"Konfidencialit\u0101tes politika\"}]},{\"@type\":\"WebSite\",\"@id\":\"https:\\\/\\\/saksavorst.ee\\\/lv\\\/#website\",\"url\":\"https:\\\/\\\/saksavorst.ee\\\/lv\\\/\",\"name\":\"Saksavorst\",\"description\":\"Feel the taste of emotions\",\"publisher\":{\"@id\":\"https:\\\/\\\/saksavorst.ee\\\/lv\\\/#organization\"},\"alternateName\":\"Veikand\",\"potentialAction\":[{\"@type\":\"SearchAction\",\"target\":{\"@type\":\"EntryPoint\",\"urlTemplate\":\"https:\\\/\\\/saksavorst.ee\\\/lv\\\/?s={search_term_string}\"},\"query-input\":{\"@type\":\"PropertyValueSpecification\",\"valueRequired\":true,\"valueName\":\"search_term_string\"}}],\"inLanguage\":\"lv-LV\"},{\"@type\":\"Organization\",\"@id\":\"https:\\\/\\\/saksavorst.ee\\\/lv\\\/#organization\",\"name\":\"Saksavorst\",\"alternateName\":\"Veikand\",\"url\":\"https:\\\/\\\/saksavorst.ee\\\/lv\\\/\",\"logo\":{\"@type\":\"ImageObject\",\"inLanguage\":\"lv-LV\",\"@id\":\"https:\\\/\\\/saksavorst.ee\\\/lv\\\/#\\\/schema\\\/logo\\\/image\\\/\",\"url\":\"https:\\\/\\\/saksavorst.ee\\\/wp-content\\\/uploads\\\/2023\\\/05\\\/veikand-logo.jpg\",\"contentUrl\":\"https:\\\/\\\/saksavorst.ee\\\/wp-content\\\/uploads\\\/2023\\\/05\\\/veikand-logo.jpg\",\"width\":217,\"height\":217,\"caption\":\"Saksavorst\"},\"image\":{\"@id\":\"https:\\\/\\\/saksavorst.ee\\\/lv\\\/#\\\/schema\\\/logo\\\/image\\\/\"},\"sameAs\":[\"https:\\\/\\\/www.facebook.com\\\/Veikand\"]}]}<\/script>\n<!-- \/ Yoast SEO plugin. -->","yoast_head_json":{"title":"Konfidencialit\u0101tes politika - Saksavorst","robots":{"index":"index","follow":"follow","max-snippet":"max-snippet:-1","max-image-preview":"max-image-preview:large","max-video-preview":"max-video-preview:-1"},"canonical":"https:\/\/saksavorst.ee\/lv\/konfidencialitates-politika\/","og_locale":"lv_LV","og_type":"article","og_title":"Konfidencialit\u0101tes politika - Saksavorst","og_description":"AS Veikand v\u0113las, lai j\u016bs zin\u0101tu, k\u0101 m\u0113s (AS Veikand) v\u0101cam, izmantojam un izpau\u017eam personas datus. Pamatojoties uz to, m\u0113s","og_url":"https:\/\/saksavorst.ee\/lv\/konfidencialitates-politika\/","og_site_name":"Saksavorst","article_publisher":"https:\/\/www.facebook.com\/Veikand","article_modified_time":"2023-03-23T13:49:39+00:00","og_image":[{"width":154,"height":125,"url":"https:\/\/saksavorst.ee\/wp-content\/uploads\/2023\/01\/Group-11.png","type":"image\/png"}],"twitter_card":"summary_large_image","twitter_misc":{"Est. reading time":"4 minutes"},"schema":{"@context":"https:\/\/schema.org","@graph":[{"@type":"WebPage","@id":"https:\/\/saksavorst.ee\/lv\/konfidencialitates-politika\/","url":"https:\/\/saksavorst.ee\/lv\/konfidencialitates-politika\/","name":"Konfidencialit\u0101tes politika - Saksavorst","isPartOf":{"@id":"https:\/\/saksavorst.ee\/lv\/#website"},"primaryImageOfPage":{"@id":"https:\/\/saksavorst.ee\/lv\/konfidencialitates-politika\/#primaryimage"},"image":{"@id":"https:\/\/saksavorst.ee\/lv\/konfidencialitates-politika\/#primaryimage"},"thumbnailUrl":"https:\/\/saksavorst.ee\/wp-content\/uploads\/2023\/01\/Group-11.png","datePublished":"2023-01-12T12:30:06+00:00","dateModified":"2023-03-23T13:49:39+00:00","breadcrumb":{"@id":"https:\/\/saksavorst.ee\/lv\/konfidencialitates-politika\/#breadcrumb"},"inLanguage":"lv-LV","potentialAction":[{"@type":"ReadAction","target":["https:\/\/saksavorst.ee\/lv\/konfidencialitates-politika\/"]}]},{"@type":"ImageObject","inLanguage":"lv-LV","@id":"https:\/\/saksavorst.ee\/lv\/konfidencialitates-politika\/#primaryimage","url":"https:\/\/saksavorst.ee\/wp-content\/uploads\/2023\/01\/Group-11.png","contentUrl":"https:\/\/saksavorst.ee\/wp-content\/uploads\/2023\/01\/Group-11.png"},{"@type":"BreadcrumbList","@id":"https:\/\/saksavorst.ee\/lv\/konfidencialitates-politika\/#breadcrumb","itemListElement":[{"@type":"ListItem","position":1,"name":"Home","item":"https:\/\/saksavorst.ee\/lv\/"},{"@type":"ListItem","position":2,"name":"Konfidencialit\u0101tes politika"}]},{"@type":"WebSite","@id":"https:\/\/saksavorst.ee\/lv\/#website","url":"https:\/\/saksavorst.ee\/lv\/","name":"Saksavorst","description":"Feel the taste of emotions","publisher":{"@id":"https:\/\/saksavorst.ee\/lv\/#organization"},"alternateName":"Veikand","potentialAction":[{"@type":"SearchAction","target":{"@type":"EntryPoint","urlTemplate":"https:\/\/saksavorst.ee\/lv\/?s={search_term_string}"},"query-input":{"@type":"PropertyValueSpecification","valueRequired":true,"valueName":"search_term_string"}}],"inLanguage":"lv-LV"},{"@type":"Organization","@id":"https:\/\/saksavorst.ee\/lv\/#organization","name":"Saksavorst","alternateName":"Veikand","url":"https:\/\/saksavorst.ee\/lv\/","logo":{"@type":"ImageObject","inLanguage":"lv-LV","@id":"https:\/\/saksavorst.ee\/lv\/#\/schema\/logo\/image\/","url":"https:\/\/saksavorst.ee\/wp-content\/uploads\/2023\/05\/veikand-logo.jpg","contentUrl":"https:\/\/saksavorst.ee\/wp-content\/uploads\/2023\/05\/veikand-logo.jpg","width":217,"height":217,"caption":"Saksavorst"},"image":{"@id":"https:\/\/saksavorst.ee\/lv\/#\/schema\/logo\/image\/"},"sameAs":["https:\/\/www.facebook.com\/Veikand"]}]}},"_links":{"self":[{"href":"https:\/\/saksavorst.ee\/lv\/wp-json\/wp\/v2\/pages\/19676","targetHints":{"allow":["GET"]}}],"collection":[{"href":"https:\/\/saksavorst.ee\/lv\/wp-json\/wp\/v2\/pages"}],"about":[{"href":"https:\/\/saksavorst.ee\/lv\/wp-json\/wp\/v2\/types\/page"}],"author":[{"embeddable":true,"href":"https:\/\/saksavorst.ee\/lv\/wp-json\/wp\/v2\/users\/1"}],"replies":[{"embeddable":true,"href":"https:\/\/saksavorst.ee\/lv\/wp-json\/wp\/v2\/comments?post=19676"}],"version-history":[{"count":0,"href":"https:\/\/saksavorst.ee\/lv\/wp-json\/wp\/v2\/pages\/19676\/revisions"}],"wp:attachment":[{"href":"https:\/\/saksavorst.ee\/lv\/wp-json\/wp\/v2\/media?parent=19676"}],"curies":[{"name":"wp","href":"https:\/\/api.w.org\/{rel}","templated":true}]}}