{"id":19664,"date":"2023-02-13T13:46:35","date_gmt":"2023-02-13T13:46:35","guid":{"rendered":"https:\/\/saksavorst.ee\/liguma-atcelsana\/"},"modified":"2023-03-23T13:49:52","modified_gmt":"2023-03-23T13:49:52","slug":"liguma-atcelsana","status":"publish","type":"page","link":"https:\/\/saksavorst.ee\/lv\/liguma-atcelsana\/","title":{"rendered":"L\u012bguma atcel\u0161ana"},"content":{"rendered":"\t\t<div data-elementor-type=\"wp-page\" data-elementor-id=\"19664\" class=\"elementor elementor-19664 elementor-10763\" data-elementor-post-type=\"page\">\n\t\t\t\t\t\t<section class=\"wd-negative-gap elementor-section elementor-top-section elementor-element elementor-element-2ed78808 wd-section-stretch elementor-section-boxed elementor-section-height-default elementor-section-height-default\" data-id=\"2ed78808\" data-element_type=\"section\" data-e-type=\"section\">\n\t\t\t\t\t\t<div class=\"elementor-container elementor-column-gap-default\">\n\t\t\t\t\t<div class=\"elementor-column elementor-col-100 elementor-top-column elementor-element elementor-element-432605d9\" data-id=\"432605d9\" data-element_type=\"column\" data-e-type=\"column\">\n\t\t\t<div class=\"elementor-widget-wrap elementor-element-populated\">\n\t\t\t\t\t\t<div class=\"elementor-element elementor-element-8aa9e64 elementor-invisible elementor-widget elementor-widget-heading\" data-id=\"8aa9e64\" data-element_type=\"widget\" data-e-type=\"widget\" data-settings=\"{&quot;_animation&quot;:&quot;fadeInUp&quot;}\" data-widget_type=\"heading.default\">\n\t\t\t\t<div class=\"elementor-widget-container\">\n\t\t\t\t\t<h1 class=\"elementor-heading-title elementor-size-default\">L\u012bguma atcel\u0161ana<\/h1>\t\t\t\t<\/div>\n\t\t\t\t<\/div>\n\t\t\t\t<div class=\"elementor-element elementor-element-686862d elementor-absolute elementor-invisible elementor-widget elementor-widget-image\" data-id=\"686862d\" data-element_type=\"widget\" data-e-type=\"widget\" data-settings=\"{&quot;_position&quot;:&quot;absolute&quot;,&quot;_animation&quot;:&quot;fadeInRight&quot;}\" data-widget_type=\"image.default\">\n\t\t\t\t<div class=\"elementor-widget-container\">\n\t\t\t\t\t\t\t\t\t\t\t\t\t\t\t<img decoding=\"async\" width=\"154\" height=\"125\" src=\"https:\/\/saksavorst.ee\/wp-content\/uploads\/2023\/01\/Group-11.png\" class=\"attachment-large size-large wp-image-12444\" alt=\"\" srcset=\"https:\/\/saksavorst.ee\/wp-content\/uploads\/2023\/01\/Group-11.png 154w, https:\/\/saksavorst.ee\/wp-content\/uploads\/2023\/01\/Group-11-150x122.png 150w\" sizes=\"(max-width: 154px) 100vw, 154px\" \/>\t\t\t\t\t\t\t\t\t\t\t\t\t\t\t<\/div>\n\t\t\t\t<\/div>\n\t\t\t\t<div class=\"elementor-element elementor-element-0bcfe39 elementor-absolute elementor-invisible elementor-widget elementor-widget-image\" data-id=\"0bcfe39\" data-element_type=\"widget\" data-e-type=\"widget\" data-settings=\"{&quot;_position&quot;:&quot;absolute&quot;,&quot;_animation&quot;:&quot;fadeInLeft&quot;}\" data-widget_type=\"image.default\">\n\t\t\t\t<div class=\"elementor-widget-container\">\n\t\t\t\t\t\t\t\t\t\t\t\t\t\t\t<img decoding=\"async\" width=\"88\" height=\"48\" src=\"https:\/\/saksavorst.ee\/wp-content\/uploads\/2023\/01\/Group-10.png\" class=\"attachment-large size-large wp-image-12443\" alt=\"\" \/>\t\t\t\t\t\t\t\t\t\t\t\t\t\t\t<\/div>\n\t\t\t\t<\/div>\n\t\t\t\t<div class=\"elementor-element elementor-element-e394c2d elementor-invisible elementor-widget elementor-widget-heading\" data-id=\"e394c2d\" data-element_type=\"widget\" data-e-type=\"widget\" data-settings=\"{&quot;_animation&quot;:&quot;fadeIn&quot;}\" data-widget_type=\"heading.default\">\n\t\t\t\t<div class=\"elementor-widget-container\">\n\t\t\t\t\t<h2 class=\"elementor-heading-title elementor-size-default\">Ce\u013cvedis pat\u0113r\u0113t\u0101jiem par to, k\u0101 atcelt distances l\u012bgumu\n<\/h2>\t\t\t\t<\/div>\n\t\t\t\t<\/div>\n\t\t\t\t<div class=\"elementor-element elementor-element-966dea9 elementor-widget-divider--view-line elementor-widget elementor-widget-divider\" data-id=\"966dea9\" data-element_type=\"widget\" data-e-type=\"widget\" data-widget_type=\"divider.default\">\n\t\t\t\t<div class=\"elementor-widget-container\">\n\t\t\t\t\t\t\t<div class=\"elementor-divider\">\n\t\t\t<span class=\"elementor-divider-separator\">\n\t\t\t\t\t\t<\/span>\n\t\t<\/div>\n\t\t\t\t\t\t<\/div>\n\t\t\t\t<\/div>\n\t\t\t\t<div class=\"elementor-element elementor-element-a8c3f0d elementor-invisible elementor-widget elementor-widget-heading\" data-id=\"a8c3f0d\" data-element_type=\"widget\" data-e-type=\"widget\" data-settings=\"{&quot;_animation&quot;:&quot;fadeIn&quot;}\" data-widget_type=\"heading.default\">\n\t\t\t\t<div class=\"elementor-widget-container\">\n\t\t\t\t\t<h3 class=\"elementor-heading-title elementor-size-default\">Ties\u012bbas atcelt\n<\/h3>\t\t\t\t<\/div>\n\t\t\t\t<\/div>\n\t\t\t\t<div class=\"elementor-element elementor-element-2cdc943a color-scheme-inherit text-left elementor-invisible elementor-widget elementor-widget-text-editor\" data-id=\"2cdc943a\" data-element_type=\"widget\" data-e-type=\"widget\" data-settings=\"{&quot;_animation&quot;:&quot;fadeIn&quot;}\" data-widget_type=\"text-editor.default\">\n\t\t\t\t<div class=\"elementor-widget-container\">\n\t\t\t\t\t\t\t\t\t<p>Jums ir ties\u012bbas atteikties no Distances l\u012bguma 14 dienu laik\u0101, nenor\u0101dot iemeslu. Atteikuma periods beidzas p\u0113c 14 dien\u0101m no dienas, kad j\u016bs ieg\u016bstat vai tre\u0161\u0101 persona, kas nav p\u0101rvad\u0101t\u0101js un ko j\u016bs nor\u0101d\u0101t, ieg\u016bst preces fizisk\u0101 vald\u012bjum\u0101. Lai izmantotu ties\u012bbas atcelt l\u012bgumu, jums ir j\u0101inform\u0113 m\u016bs par savu l\u0113mumu atcelt \u0161o l\u012bgumu ar skaidru pazi\u0146ojumu (piem\u0113ram, v\u0113stuli, kas nos\u016bt\u012bta pa pastu, faksu vai e-pastu). J\u016bs varat izmantot pievienoto anul\u0113\u0161anas veidlapas paraugu, ta\u010du tas nav oblig\u0101ti.<\/p>\n<p>M\u016bsu kontaktinform\u0101cija:<\/p>\n<p>AS Veikand<br \/>Adrese: Adrese: V\u00e4lja tn. 7, 80010 P\u0113rnava<br \/>E-pasts: <a href=\"mailto:%20netipood@veikand.ee\">netipood@veikand.ee<\/a> vai <a href=\"mailto:%20veikand@veikand.ee\">veikand@veikand.ee<br \/><\/a>T\u0101lrunis: +372 44 64 930<\/p>\n<p>Lai iev\u0113rotu atcel\u0161anas termi\u0146u, ir pietiekami, ja J\u016bs nos\u016bt\u0101t pazi\u0146ojumu par savu ties\u012bbu uz atcel\u0161anu izmanto\u0161anu pirms atcel\u0161anas termi\u0146a beig\u0101m.<\/p>\n\t\t\t\t\t\t\t\t<\/div>\n\t\t\t\t<\/div>\n\t\t\t\t<div class=\"elementor-element elementor-element-d46de8b elementor-invisible elementor-widget elementor-widget-heading\" data-id=\"d46de8b\" data-element_type=\"widget\" data-e-type=\"widget\" data-settings=\"{&quot;_animation&quot;:&quot;fadeIn&quot;}\" data-widget_type=\"heading.default\">\n\t\t\t\t<div class=\"elementor-widget-container\">\n\t\t\t\t\t<h2 class=\"elementor-heading-title elementor-size-default\">Anul\u0113\u0161anas ietekme\n<\/h2>\t\t\t\t<\/div>\n\t\t\t\t<\/div>\n\t\t\t\t<div class=\"elementor-element elementor-element-133e470 color-scheme-inherit text-left elementor-invisible elementor-widget elementor-widget-text-editor\" data-id=\"133e470\" data-element_type=\"widget\" data-e-type=\"widget\" data-settings=\"{&quot;_animation&quot;:&quot;fadeIn&quot;}\" data-widget_type=\"text-editor.default\">\n\t\t\t\t<div class=\"elementor-widget-container\">\n\t\t\t\t\t\t\t\t\t<p>Ja j\u016bs atce\u013cat \u0161o l\u012bgumu, m\u0113s atmaks\u0101sim jums visus no jums sa\u0146emtos maks\u0101jumus, tostarp pieg\u0101des izmaksas (iz\u0146emot papildu izmaksas, kas rodas, ja j\u016bs izv\u0113laties pieg\u0101des veidu, kas nav m\u016bsu pied\u0101v\u0101tais l\u0113t\u0101kais standarta pieg\u0101des veids). M\u0113s varam atskait\u012bt no atl\u012bdz\u012bbas summu par pieg\u0101d\u0101to pre\u010du v\u0113rt\u012bbas samazin\u0101\u0161anos, ja zaud\u0113jumi radu\u0161ies j\u016bsu nevajadz\u012bgas apstr\u0101des rezult\u0101t\u0101. M\u0113s veiksim atmaksu bez nepamatotas kav\u0113\u0161an\u0101s un ne v\u0113l\u0101k k\u0101 14 dienu laik\u0101 no dienas, kad esam inform\u0113ti par j\u016bsu l\u0113mumu atcelt \u0161o l\u012bgumu. M\u0113s veiksim atmaksu, izmantojot tos pa\u0161us maks\u0101\u0161anas l\u012bdzek\u013cus, kurus j\u016bs izmantoj\u0101t s\u0101kotn\u0113j\u0101 dar\u012bjum\u0101, ja vien j\u016bs neesat skaidri vienojies cit\u0101di; jebkur\u0101 gad\u012bjum\u0101 atmaks\u0101\u0161anas rezult\u0101t\u0101 jums netiks piem\u0113rota nek\u0101da maksa.<\/p>\n<p>M\u0113s varam aiztur\u0113t atmaksu l\u012bdz br\u012bdim, kad esam sa\u0146\u0113mu\u0161i preces atpaka\u013c vai J\u016bs esat iesniedzis pier\u0101d\u012bjumus par pre\u010du nos\u016bt\u012b\u0161anu atpaka\u013c, atkar\u012bb\u0101 no t\u0101, kas notiek \u0101tr\u0101k.<\/p>\n<p>Atgrieztaj\u0101m Prec\u0113m j\u0101b\u016bt komplekt\u0113t\u0101m ar vis\u0101m to sast\u0101vda\u013c\u0101m un ori\u0123in\u0101laj\u0101 iepakojum\u0101.<\/p>\n<p>Jums ir j\u0101nos\u016bta atpaka\u013c preces vai j\u0101nodod t\u0101s AS Veikand bez nepamatotas kav\u0113\u0161an\u0101s un jebkur\u0101 gad\u012bjum\u0101 ne v\u0113l\u0101k k\u0101 14 dienu laik\u0101 no dienas, kad j\u016bs mums pazi\u0146ojat par atteik\u0161anos no \u0161\u012b l\u012bguma. Termi\u0146\u0161 ir iev\u0113rots, ja j\u016bs nos\u016bt\u0101t preces atpaka\u013c pirms 14 dienu termi\u0146a beig\u0101m.<\/p>\n<p>Jums b\u016bs j\u0101sedz tie\u0161ie pre\u010du atgrie\u0161anas izdevumi.<\/p>\n<p>J\u016bs esat atbild\u012bgs tikai par jebk\u0101du pre\u010du v\u0113rt\u012bbas samazin\u0101\u0161anos, kas radusies pre\u010du apstr\u0101des rezult\u0101t\u0101, iz\u0146emot to, kas ir nepiecie\u0161ama, lai noteiktu pre\u010du veidu, \u012bpa\u0161\u012bbas un darb\u012bbu. Lai p\u0101rliecin\u0101tos par izstr\u0101d\u0101juma b\u016bt\u012bbu, \u012bpa\u0161\u012bb\u0101m un funkcij\u0101m, ar izstr\u0101d\u0101jumu j\u0101r\u012bkojas un tas j\u0101lieto t\u0101, k\u0101 tas parasti tiek lietots veikal\u0101.<\/p>\n<p>Mums ir ties\u012bbas iesniegt pretenzijas sakar\u0101 ar v\u0113rt\u012bbas samazin\u0101\u0161anos ne v\u0113l\u0101k k\u0101 vienu m\u0113nesi p\u0113c tam, kad<br \/>preces atgrie\u0161ana.<\/p>\n<p>Atteikuma ties\u012bbas neattiecas uz l\u012bgumiem, kas attiecas uz:<br \/>&#8211; preces, kuras nav piem\u0113rotas atgrie\u0161anai vesel\u012bbas vai higi\u0113nas apsv\u0113rumu d\u0113\u013c, un<br \/>ja prece ir atv\u0113rta uzreiz p\u0113c pieg\u0101des<br \/>&#8211; citi likum\u0101 noteiktie iemesli.<\/p>\n<p>Lejupiel\u0101d\u0113t: <span style=\"text-decoration: underline;\"><br \/>\n  <a href=\"\/wp-content\/uploads\/2023\/02\/Lepingust-taganemise-avaldus-ENG-1.pdf\">L\u012bguma atcel\u0161ana<\/a><br \/>\n<\/span><\/p>\n\t\t\t\t\t\t\t\t<\/div>\n\t\t\t\t<\/div>\n\t\t\t\t\t<\/div>\n\t\t<\/div>\n\t\t\t\t\t<\/div>\n\t\t<\/section>\n\t\t\t\t<\/div>\n\t\t","protected":false},"excerpt":{"rendered":"<p>Ce\u013cvedis pat\u0113r\u0113t\u0101jiem par to, k\u0101 atcelt distances l\u012bgumu Ties\u012bbas atcelt Jums ir ties\u012bbas atteikties no Distances l\u012bguma 14 dienu laik\u0101,<\/p>\n","protected":false},"author":1,"featured_media":0,"parent":0,"menu_order":0,"comment_status":"closed","ping_status":"closed","template":"elementor_header_footer","meta":{"_acf_changed":false,"footnotes":""},"class_list":["post-19664","page","type-page","status-publish","hentry"],"acf":[],"yoast_head":"<!-- This site is optimized with the Yoast SEO plugin v27.3 - https:\/\/yoast.com\/product\/yoast-seo-wordpress\/ -->\n<title>L\u012bguma atcel\u0161ana - Saksavorst<\/title>\n<meta name=\"robots\" content=\"index, follow, max-snippet:-1, max-image-preview:large, max-video-preview:-1\" \/>\n<link rel=\"canonical\" href=\"https:\/\/saksavorst.ee\/lv\/liguma-atcelsana\/\" \/>\n<meta property=\"og:locale\" content=\"lv_LV\" \/>\n<meta property=\"og:type\" content=\"article\" \/>\n<meta property=\"og:title\" content=\"L\u012bguma atcel\u0161ana - Saksavorst\" \/>\n<meta property=\"og:description\" content=\"Ce\u013cvedis pat\u0113r\u0113t\u0101jiem par to, k\u0101 atcelt distances l\u012bgumu Ties\u012bbas atcelt Jums ir ties\u012bbas atteikties no Distances l\u012bguma 14 dienu laik\u0101,\" \/>\n<meta property=\"og:url\" content=\"https:\/\/saksavorst.ee\/lv\/liguma-atcelsana\/\" \/>\n<meta property=\"og:site_name\" content=\"Saksavorst\" \/>\n<meta property=\"article:publisher\" content=\"https:\/\/www.facebook.com\/Veikand\" \/>\n<meta property=\"article:modified_time\" content=\"2023-03-23T13:49:52+00:00\" \/>\n<meta property=\"og:image\" content=\"https:\/\/saksavorst.ee\/wp-content\/uploads\/2023\/01\/Group-11.png\" \/>\n\t<meta property=\"og:image:width\" content=\"154\" \/>\n\t<meta property=\"og:image:height\" content=\"125\" \/>\n\t<meta property=\"og:image:type\" content=\"image\/png\" \/>\n<meta name=\"twitter:card\" content=\"summary_large_image\" \/>\n<meta name=\"twitter:label1\" content=\"Est. reading time\" \/>\n\t<meta name=\"twitter:data1\" content=\"3 minutes\" \/>\n<script type=\"application\/ld+json\" class=\"yoast-schema-graph\">{\"@context\":\"https:\\\/\\\/schema.org\",\"@graph\":[{\"@type\":\"WebPage\",\"@id\":\"https:\\\/\\\/saksavorst.ee\\\/lv\\\/liguma-atcelsana\\\/\",\"url\":\"https:\\\/\\\/saksavorst.ee\\\/lv\\\/liguma-atcelsana\\\/\",\"name\":\"L\u012bguma atcel\u0161ana - Saksavorst\",\"isPartOf\":{\"@id\":\"https:\\\/\\\/saksavorst.ee\\\/lv\\\/#website\"},\"primaryImageOfPage\":{\"@id\":\"https:\\\/\\\/saksavorst.ee\\\/lv\\\/liguma-atcelsana\\\/#primaryimage\"},\"image\":{\"@id\":\"https:\\\/\\\/saksavorst.ee\\\/lv\\\/liguma-atcelsana\\\/#primaryimage\"},\"thumbnailUrl\":\"https:\\\/\\\/saksavorst.ee\\\/wp-content\\\/uploads\\\/2023\\\/01\\\/Group-11.png\",\"datePublished\":\"2023-02-13T13:46:35+00:00\",\"dateModified\":\"2023-03-23T13:49:52+00:00\",\"breadcrumb\":{\"@id\":\"https:\\\/\\\/saksavorst.ee\\\/lv\\\/liguma-atcelsana\\\/#breadcrumb\"},\"inLanguage\":\"lv-LV\",\"potentialAction\":[{\"@type\":\"ReadAction\",\"target\":[\"https:\\\/\\\/saksavorst.ee\\\/lv\\\/liguma-atcelsana\\\/\"]}]},{\"@type\":\"ImageObject\",\"inLanguage\":\"lv-LV\",\"@id\":\"https:\\\/\\\/saksavorst.ee\\\/lv\\\/liguma-atcelsana\\\/#primaryimage\",\"url\":\"https:\\\/\\\/saksavorst.ee\\\/wp-content\\\/uploads\\\/2023\\\/01\\\/Group-11.png\",\"contentUrl\":\"https:\\\/\\\/saksavorst.ee\\\/wp-content\\\/uploads\\\/2023\\\/01\\\/Group-11.png\"},{\"@type\":\"BreadcrumbList\",\"@id\":\"https:\\\/\\\/saksavorst.ee\\\/lv\\\/liguma-atcelsana\\\/#breadcrumb\",\"itemListElement\":[{\"@type\":\"ListItem\",\"position\":1,\"name\":\"Home\",\"item\":\"https:\\\/\\\/saksavorst.ee\\\/lv\\\/\"},{\"@type\":\"ListItem\",\"position\":2,\"name\":\"L\u012bguma atcel\u0161ana\"}]},{\"@type\":\"WebSite\",\"@id\":\"https:\\\/\\\/saksavorst.ee\\\/lv\\\/#website\",\"url\":\"https:\\\/\\\/saksavorst.ee\\\/lv\\\/\",\"name\":\"Saksavorst\",\"description\":\"Feel the taste of emotions\",\"publisher\":{\"@id\":\"https:\\\/\\\/saksavorst.ee\\\/lv\\\/#organization\"},\"alternateName\":\"Veikand\",\"potentialAction\":[{\"@type\":\"SearchAction\",\"target\":{\"@type\":\"EntryPoint\",\"urlTemplate\":\"https:\\\/\\\/saksavorst.ee\\\/lv\\\/?s={search_term_string}\"},\"query-input\":{\"@type\":\"PropertyValueSpecification\",\"valueRequired\":true,\"valueName\":\"search_term_string\"}}],\"inLanguage\":\"lv-LV\"},{\"@type\":\"Organization\",\"@id\":\"https:\\\/\\\/saksavorst.ee\\\/lv\\\/#organization\",\"name\":\"Saksavorst\",\"alternateName\":\"Veikand\",\"url\":\"https:\\\/\\\/saksavorst.ee\\\/lv\\\/\",\"logo\":{\"@type\":\"ImageObject\",\"inLanguage\":\"lv-LV\",\"@id\":\"https:\\\/\\\/saksavorst.ee\\\/lv\\\/#\\\/schema\\\/logo\\\/image\\\/\",\"url\":\"https:\\\/\\\/saksavorst.ee\\\/wp-content\\\/uploads\\\/2023\\\/05\\\/veikand-logo.jpg\",\"contentUrl\":\"https:\\\/\\\/saksavorst.ee\\\/wp-content\\\/uploads\\\/2023\\\/05\\\/veikand-logo.jpg\",\"width\":217,\"height\":217,\"caption\":\"Saksavorst\"},\"image\":{\"@id\":\"https:\\\/\\\/saksavorst.ee\\\/lv\\\/#\\\/schema\\\/logo\\\/image\\\/\"},\"sameAs\":[\"https:\\\/\\\/www.facebook.com\\\/Veikand\"]}]}<\/script>\n<!-- \/ Yoast SEO plugin. -->","yoast_head_json":{"title":"L\u012bguma atcel\u0161ana - Saksavorst","robots":{"index":"index","follow":"follow","max-snippet":"max-snippet:-1","max-image-preview":"max-image-preview:large","max-video-preview":"max-video-preview:-1"},"canonical":"https:\/\/saksavorst.ee\/lv\/liguma-atcelsana\/","og_locale":"lv_LV","og_type":"article","og_title":"L\u012bguma atcel\u0161ana - Saksavorst","og_description":"Ce\u013cvedis pat\u0113r\u0113t\u0101jiem par to, k\u0101 atcelt distances l\u012bgumu Ties\u012bbas atcelt Jums ir ties\u012bbas atteikties no Distances l\u012bguma 14 dienu laik\u0101,","og_url":"https:\/\/saksavorst.ee\/lv\/liguma-atcelsana\/","og_site_name":"Saksavorst","article_publisher":"https:\/\/www.facebook.com\/Veikand","article_modified_time":"2023-03-23T13:49:52+00:00","og_image":[{"width":154,"height":125,"url":"https:\/\/saksavorst.ee\/wp-content\/uploads\/2023\/01\/Group-11.png","type":"image\/png"}],"twitter_card":"summary_large_image","twitter_misc":{"Est. reading time":"3 minutes"},"schema":{"@context":"https:\/\/schema.org","@graph":[{"@type":"WebPage","@id":"https:\/\/saksavorst.ee\/lv\/liguma-atcelsana\/","url":"https:\/\/saksavorst.ee\/lv\/liguma-atcelsana\/","name":"L\u012bguma atcel\u0161ana - Saksavorst","isPartOf":{"@id":"https:\/\/saksavorst.ee\/lv\/#website"},"primaryImageOfPage":{"@id":"https:\/\/saksavorst.ee\/lv\/liguma-atcelsana\/#primaryimage"},"image":{"@id":"https:\/\/saksavorst.ee\/lv\/liguma-atcelsana\/#primaryimage"},"thumbnailUrl":"https:\/\/saksavorst.ee\/wp-content\/uploads\/2023\/01\/Group-11.png","datePublished":"2023-02-13T13:46:35+00:00","dateModified":"2023-03-23T13:49:52+00:00","breadcrumb":{"@id":"https:\/\/saksavorst.ee\/lv\/liguma-atcelsana\/#breadcrumb"},"inLanguage":"lv-LV","potentialAction":[{"@type":"ReadAction","target":["https:\/\/saksavorst.ee\/lv\/liguma-atcelsana\/"]}]},{"@type":"ImageObject","inLanguage":"lv-LV","@id":"https:\/\/saksavorst.ee\/lv\/liguma-atcelsana\/#primaryimage","url":"https:\/\/saksavorst.ee\/wp-content\/uploads\/2023\/01\/Group-11.png","contentUrl":"https:\/\/saksavorst.ee\/wp-content\/uploads\/2023\/01\/Group-11.png"},{"@type":"BreadcrumbList","@id":"https:\/\/saksavorst.ee\/lv\/liguma-atcelsana\/#breadcrumb","itemListElement":[{"@type":"ListItem","position":1,"name":"Home","item":"https:\/\/saksavorst.ee\/lv\/"},{"@type":"ListItem","position":2,"name":"L\u012bguma atcel\u0161ana"}]},{"@type":"WebSite","@id":"https:\/\/saksavorst.ee\/lv\/#website","url":"https:\/\/saksavorst.ee\/lv\/","name":"Saksavorst","description":"Feel the taste of emotions","publisher":{"@id":"https:\/\/saksavorst.ee\/lv\/#organization"},"alternateName":"Veikand","potentialAction":[{"@type":"SearchAction","target":{"@type":"EntryPoint","urlTemplate":"https:\/\/saksavorst.ee\/lv\/?s={search_term_string}"},"query-input":{"@type":"PropertyValueSpecification","valueRequired":true,"valueName":"search_term_string"}}],"inLanguage":"lv-LV"},{"@type":"Organization","@id":"https:\/\/saksavorst.ee\/lv\/#organization","name":"Saksavorst","alternateName":"Veikand","url":"https:\/\/saksavorst.ee\/lv\/","logo":{"@type":"ImageObject","inLanguage":"lv-LV","@id":"https:\/\/saksavorst.ee\/lv\/#\/schema\/logo\/image\/","url":"https:\/\/saksavorst.ee\/wp-content\/uploads\/2023\/05\/veikand-logo.jpg","contentUrl":"https:\/\/saksavorst.ee\/wp-content\/uploads\/2023\/05\/veikand-logo.jpg","width":217,"height":217,"caption":"Saksavorst"},"image":{"@id":"https:\/\/saksavorst.ee\/lv\/#\/schema\/logo\/image\/"},"sameAs":["https:\/\/www.facebook.com\/Veikand"]}]}},"_links":{"self":[{"href":"https:\/\/saksavorst.ee\/lv\/wp-json\/wp\/v2\/pages\/19664","targetHints":{"allow":["GET"]}}],"collection":[{"href":"https:\/\/saksavorst.ee\/lv\/wp-json\/wp\/v2\/pages"}],"about":[{"href":"https:\/\/saksavorst.ee\/lv\/wp-json\/wp\/v2\/types\/page"}],"author":[{"embeddable":true,"href":"https:\/\/saksavorst.ee\/lv\/wp-json\/wp\/v2\/users\/1"}],"replies":[{"embeddable":true,"href":"https:\/\/saksavorst.ee\/lv\/wp-json\/wp\/v2\/comments?post=19664"}],"version-history":[{"count":0,"href":"https:\/\/saksavorst.ee\/lv\/wp-json\/wp\/v2\/pages\/19664\/revisions"}],"wp:attachment":[{"href":"https:\/\/saksavorst.ee\/lv\/wp-json\/wp\/v2\/media?parent=19664"}],"curies":[{"name":"wp","href":"https:\/\/api.w.org\/{rel}","templated":true}]}}