{"id":19602,"date":"2022-12-27T14:09:24","date_gmt":"2022-12-27T14:09:24","guid":{"rendered":"https:\/\/saksavorst.ee\/musu-stasts\/"},"modified":"2023-09-20T13:43:39","modified_gmt":"2023-09-20T13:43:39","slug":"musu-stasts","status":"publish","type":"page","link":"https:\/\/saksavorst.ee\/lv\/musu-stasts\/","title":{"rendered":"M\u016bsu st\u0101sts"},"content":{"rendered":"\t\t<div data-elementor-type=\"wp-page\" data-elementor-id=\"19602\" class=\"elementor elementor-19602 elementor-8613\" data-elementor-post-type=\"page\">\n\t\t\t\t\t\t<section class=\"elementor-section elementor-top-section elementor-element elementor-element-eb19358 elementor-section-height-min-height wd-section-stretch elementor-section-boxed elementor-section-height-default elementor-section-items-middle\" data-id=\"eb19358\" data-element_type=\"section\" data-e-type=\"section\" data-settings=\"{&quot;background_background&quot;:&quot;video&quot;,&quot;background_video_link&quot;:&quot;\\\/wp-content\\\/uploads\\\/2022\\\/12\\\/pexels-miguel-a-padrinan-6772135.mp4&quot;,&quot;background_play_on_mobile&quot;:&quot;yes&quot;}\">\n\t\t\t\t\t\t\t\t<div class=\"elementor-background-video-container\">\n\t\t\t\t\t\t\t\t\t\t\t\t\t<video class=\"elementor-background-video-hosted\" role=\"presentation\" autoplay muted playsinline loop><\/video>\n\t\t\t\t\t\t\t\t\t\t\t<\/div>\n\t\t\t\t\t\t\t\t\t<div class=\"elementor-background-overlay\"><\/div>\n\t\t\t\t\t\t\t<div class=\"elementor-container elementor-column-gap-default\">\n\t\t\t\t\t<div class=\"elementor-column elementor-col-100 elementor-top-column elementor-element elementor-element-bdf22d0\" data-id=\"bdf22d0\" data-element_type=\"column\" data-e-type=\"column\">\n\t\t\t<div class=\"elementor-widget-wrap elementor-element-populated\">\n\t\t\t\t\t\t<div class=\"elementor-element elementor-element-b8ed43d elementor-invisible elementor-widget elementor-widget-heading\" data-id=\"b8ed43d\" data-element_type=\"widget\" data-e-type=\"widget\" data-settings=\"{&quot;_animation&quot;:&quot;fadeInUp&quot;}\" data-widget_type=\"heading.default\">\n\t\t\t\t<div class=\"elementor-widget-container\">\n\t\t\t\t\t<h2 class=\"elementor-heading-title elementor-size-default\">M\u016bsu st\u0101sts<\/h2>\t\t\t\t<\/div>\n\t\t\t\t<\/div>\n\t\t\t\t<div class=\"elementor-element elementor-element-ccc07b9 elementor-invisible elementor-widget elementor-widget-image\" data-id=\"ccc07b9\" data-element_type=\"widget\" data-e-type=\"widget\" data-settings=\"{&quot;_animation&quot;:&quot;fadeInDown&quot;}\" data-widget_type=\"image.default\">\n\t\t\t\t<div class=\"elementor-widget-container\">\n\t\t\t\t\t\t\t\t\t\t\t\t\t\t\t<img decoding=\"async\" width=\"1\" height=\"98\" src=\"https:\/\/saksavorst.ee\/wp-content\/uploads\/2022\/12\/Rectangle-Copy-4-1.svg\" class=\"attachment-large size-large wp-image-12369\" alt=\"\" \/>\t\t\t\t\t\t\t\t\t\t\t\t\t\t\t<\/div>\n\t\t\t\t<\/div>\n\t\t\t\t<div class=\"elementor-element elementor-element-51c970e elementor-invisible elementor-widget elementor-widget-image\" data-id=\"51c970e\" data-element_type=\"widget\" data-e-type=\"widget\" data-settings=\"{&quot;_animation&quot;:&quot;fadeIn&quot;}\" data-widget_type=\"image.default\">\n\t\t\t\t<div class=\"elementor-widget-container\">\n\t\t\t\t\t\t\t\t\t\t\t\t\t\t\t<img decoding=\"async\" width=\"1222\" height=\"550\" src=\"https:\/\/saksavorst.ee\/wp-content\/uploads\/2022\/12\/Rectangle-547-1.jpg\" class=\"attachment-large size-large wp-image-12390\" alt=\"\" srcset=\"https:\/\/saksavorst.ee\/wp-content\/uploads\/2022\/12\/Rectangle-547-1.jpg 1222w, https:\/\/saksavorst.ee\/wp-content\/uploads\/2022\/12\/Rectangle-547-1-430x194.jpg 430w, https:\/\/saksavorst.ee\/wp-content\/uploads\/2022\/12\/Rectangle-547-1-150x68.jpg 150w, https:\/\/saksavorst.ee\/wp-content\/uploads\/2022\/12\/Rectangle-547-1-700x315.jpg 700w, https:\/\/saksavorst.ee\/wp-content\/uploads\/2022\/12\/Rectangle-547-1-400x180.jpg 400w, https:\/\/saksavorst.ee\/wp-content\/uploads\/2022\/12\/Rectangle-547-1-768x346.jpg 768w, https:\/\/saksavorst.ee\/wp-content\/uploads\/2022\/12\/Rectangle-547-1-860x387.jpg 860w\" sizes=\"(max-width: 1222px) 100vw, 1222px\" \/>\t\t\t\t\t\t\t\t\t\t\t\t\t\t\t<\/div>\n\t\t\t\t<\/div>\n\t\t\t\t<section class=\"wd-negative-gap elementor-section elementor-inner-section elementor-element elementor-element-2191092 elementor-section-boxed elementor-section-height-default elementor-section-height-default\" data-id=\"2191092\" data-element_type=\"section\" data-e-type=\"section\">\n\t\t\t\t\t\t<div class=\"elementor-container elementor-column-gap-default\">\n\t\t\t\t\t<div class=\"elementor-column elementor-col-50 elementor-inner-column elementor-element elementor-element-13c0003\" data-id=\"13c0003\" data-element_type=\"column\" data-e-type=\"column\">\n\t\t\t<div class=\"elementor-widget-wrap elementor-element-populated\">\n\t\t\t\t\t\t<div class=\"elementor-element elementor-element-2b706cd color-scheme-inherit text-left elementor-invisible elementor-widget elementor-widget-text-editor\" data-id=\"2b706cd\" data-element_type=\"widget\" data-e-type=\"widget\" data-settings=\"{&quot;_animation&quot;:&quot;fadeIn&quot;}\" data-widget_type=\"text-editor.default\">\n\t\t\t\t<div class=\"elementor-widget-container\">\n\t\t\t\t\t\t\t\t\t<p>M\u016bsu uz\u0146\u0113mums jau gandr\u012bz 20 gadus pieg\u0101d\u0101 materi\u0101lus, piedevas un iek\u0101rtas Igaunijas p\u0101rtikas r\u016bpniec\u012bbai. P\u0113d\u0113jos gados arvien vair\u0101k interesentu v\u0113las pam\u0113\u0123in\u0101t m\u0101j\u0101s gatavot maizi, sieru, jogurtu, asinsdesas utt.<\/p>\n\t\t\t\t\t\t\t\t<\/div>\n\t\t\t\t<\/div>\n\t\t\t\t\t<\/div>\n\t\t<\/div>\n\t\t\t\t<div class=\"elementor-column elementor-col-50 elementor-inner-column elementor-element elementor-element-ebb1faf\" data-id=\"ebb1faf\" data-element_type=\"column\" data-e-type=\"column\">\n\t\t\t<div class=\"elementor-widget-wrap\">\n\t\t\t\t\t\t\t<\/div>\n\t\t<\/div>\n\t\t\t\t\t<\/div>\n\t\t<\/section>\n\t\t\t\t<section class=\"wd-negative-gap elementor-section elementor-inner-section elementor-element elementor-element-817a53f elementor-section-boxed elementor-section-height-default elementor-section-height-default\" data-id=\"817a53f\" data-element_type=\"section\" data-e-type=\"section\">\n\t\t\t\t\t\t<div class=\"elementor-container elementor-column-gap-default\">\n\t\t\t\t\t<div class=\"elementor-column elementor-col-50 elementor-inner-column elementor-element elementor-element-5b9aa0f\" data-id=\"5b9aa0f\" data-element_type=\"column\" data-e-type=\"column\">\n\t\t\t<div class=\"elementor-widget-wrap elementor-element-populated\">\n\t\t\t\t\t\t<div class=\"elementor-element elementor-element-a44b324 elementor-invisible elementor-widget elementor-widget-image\" data-id=\"a44b324\" data-element_type=\"widget\" data-e-type=\"widget\" data-settings=\"{&quot;_animation&quot;:&quot;fadeIn&quot;}\" data-widget_type=\"image.default\">\n\t\t\t\t<div class=\"elementor-widget-container\">\n\t\t\t\t\t\t\t\t\t\t\t\t\t\t\t<img decoding=\"async\" width=\"596\" height=\"394\" src=\"https:\/\/saksavorst.ee\/wp-content\/uploads\/2022\/12\/Rectangle-548-1.jpg\" class=\"attachment-large size-large wp-image-12391\" alt=\"\" srcset=\"https:\/\/saksavorst.ee\/wp-content\/uploads\/2022\/12\/Rectangle-548-1.jpg 596w, https:\/\/saksavorst.ee\/wp-content\/uploads\/2022\/12\/Rectangle-548-1-430x284.jpg 430w, https:\/\/saksavorst.ee\/wp-content\/uploads\/2022\/12\/Rectangle-548-1-150x99.jpg 150w, https:\/\/saksavorst.ee\/wp-content\/uploads\/2022\/12\/Rectangle-548-1-400x264.jpg 400w\" sizes=\"(max-width: 596px) 100vw, 596px\" \/>\t\t\t\t\t\t\t\t\t\t\t\t\t\t\t<\/div>\n\t\t\t\t<\/div>\n\t\t\t\t\t<\/div>\n\t\t<\/div>\n\t\t\t\t<div class=\"elementor-column elementor-col-50 elementor-inner-column elementor-element elementor-element-3d266cf\" data-id=\"3d266cf\" data-element_type=\"column\" data-e-type=\"column\">\n\t\t\t<div class=\"elementor-widget-wrap elementor-element-populated\">\n\t\t\t\t\t\t<div class=\"elementor-element elementor-element-1da3a54 color-scheme-inherit text-left elementor-invisible elementor-widget elementor-widget-text-editor\" data-id=\"1da3a54\" data-element_type=\"widget\" data-e-type=\"widget\" data-settings=\"{&quot;_animation&quot;:&quot;fadeIn&quot;}\" data-widget_type=\"text-editor.default\">\n\t\t\t\t<div class=\"elementor-widget-container\">\n\t\t\t\t\t\t\t\t\t<p>T\u0101 k\u0101 m\u016bsu eso\u0161\u0101 liela apjoma pre\u010du noliktava nesp\u0113ja apkalpot \u0161os klientus, m\u0113s nol\u0113m\u0101m pied\u0101v\u0101t piem\u0113rotus produktus, izmantojot tie\u0161saistes veikalu. Tagad HoReCa uz\u0146\u0113mumi, lauksaimnieki, mednieki, m\u0101jsaimnieces, hobiju pav\u0101ri un visi p\u0101r\u0113jie var \u0113rti ieg\u0101d\u0101ties m\u016bsu produktus. Tehnolo\u0123isko atbalstu, receptes, lieto\u0161anas instrukcijas un ieteikumus joproj\u0101m varat sa\u0146emt no m\u016bsu speci\u0101listiem, kuru kontaktinform\u0101cija atrodama vietn\u0113 <span style=\"text-decoration: underline;\">www.veikand.ee<\/span>.<\/p>\n\t\t\t\t\t\t\t\t<\/div>\n\t\t\t\t<\/div>\n\t\t\t\t\t<\/div>\n\t\t<\/div>\n\t\t\t\t\t<\/div>\n\t\t<\/section>\n\t\t\t\t<section class=\"wd-negative-gap elementor-section elementor-inner-section elementor-element elementor-element-8f7875f elementor-reverse-tablet elementor-reverse-mobile elementor-section-boxed elementor-section-height-default elementor-section-height-default\" data-id=\"8f7875f\" data-element_type=\"section\" data-e-type=\"section\">\n\t\t\t\t\t\t<div class=\"elementor-container elementor-column-gap-default\">\n\t\t\t\t\t<div class=\"elementor-column elementor-col-50 elementor-inner-column elementor-element elementor-element-3e44963\" data-id=\"3e44963\" data-element_type=\"column\" data-e-type=\"column\">\n\t\t\t<div class=\"elementor-widget-wrap elementor-element-populated\">\n\t\t\t\t\t\t<div class=\"elementor-element elementor-element-e876d73 color-scheme-inherit text-left elementor-invisible elementor-widget elementor-widget-text-editor\" data-id=\"e876d73\" data-element_type=\"widget\" data-e-type=\"widget\" data-settings=\"{&quot;_animation&quot;:&quot;fadeIn&quot;}\" data-widget_type=\"text-editor.default\">\n\t\t\t\t<div class=\"elementor-widget-container\">\n\t\t\t\t\t\t\t\t\t<p>Iepirk\u0161an\u0101s m\u016bsu interneta veikal\u0101 ir dro\u0161a, visas pied\u0101v\u0101t\u0101s preces ir noliktav\u0101 un \u0101tri pieejamas. No m\u016bsu noliktavas V\u00e4lja tn 7, P\u0113rnav\u0101, j\u016bs varat sa\u0146emt preces uzreiz p\u0113c apmaksas, ja t\u0101s sa\u0146emat pats. \u0160\u0101d\u0101 veid\u0101 j\u016bs ietaup\u012bsiet ar\u012b uz s\u016bt\u012b\u0161anas izmaks\u0101m.<\/p>\n\t\t\t\t\t\t\t\t<\/div>\n\t\t\t\t<\/div>\n\t\t\t\t\t<\/div>\n\t\t<\/div>\n\t\t\t\t<div class=\"elementor-column elementor-col-50 elementor-inner-column elementor-element elementor-element-6acd73c\" data-id=\"6acd73c\" data-element_type=\"column\" data-e-type=\"column\">\n\t\t\t<div class=\"elementor-widget-wrap elementor-element-populated\">\n\t\t\t\t\t\t<div class=\"elementor-element elementor-element-4ba14f5 elementor-widget__width-initial elementor-invisible elementor-widget elementor-widget-image\" data-id=\"4ba14f5\" data-element_type=\"widget\" data-e-type=\"widget\" data-settings=\"{&quot;_animation&quot;:&quot;fadeIn&quot;}\" data-widget_type=\"image.default\">\n\t\t\t\t<div class=\"elementor-widget-container\">\n\t\t\t\t\t\t\t\t\t\t\t\t\t\t\t<img decoding=\"async\" width=\"204\" height=\"204\" src=\"https:\/\/saksavorst.ee\/wp-content\/uploads\/2022\/12\/Rectangle-550-2.jpg\" class=\"attachment-large size-large wp-image-12392\" alt=\"\" srcset=\"https:\/\/saksavorst.ee\/wp-content\/uploads\/2022\/12\/Rectangle-550-2.jpg 204w, https:\/\/saksavorst.ee\/wp-content\/uploads\/2022\/12\/Rectangle-550-2-150x150.jpg 150w\" sizes=\"(max-width: 204px) 100vw, 204px\" \/>\t\t\t\t\t\t\t\t\t\t\t\t\t\t\t<\/div>\n\t\t\t\t<\/div>\n\t\t\t\t<div class=\"elementor-element elementor-element-3487300 elementor-widget__width-initial elementor-invisible elementor-widget elementor-widget-image\" data-id=\"3487300\" data-element_type=\"widget\" data-e-type=\"widget\" data-settings=\"{&quot;_animation&quot;:&quot;fadeIn&quot;}\" data-widget_type=\"image.default\">\n\t\t\t\t<div class=\"elementor-widget-container\">\n\t\t\t\t\t\t\t\t\t\t\t\t\t\t\t<img decoding=\"async\" width=\"358\" height=\"358\" src=\"https:\/\/saksavorst.ee\/wp-content\/uploads\/2022\/12\/Rectangle-549-1.jpg\" class=\"attachment-large size-large wp-image-12393\" alt=\"\" srcset=\"https:\/\/saksavorst.ee\/wp-content\/uploads\/2022\/12\/Rectangle-549-1.jpg 358w, https:\/\/saksavorst.ee\/wp-content\/uploads\/2022\/12\/Rectangle-549-1-150x150.jpg 150w, https:\/\/saksavorst.ee\/wp-content\/uploads\/2022\/12\/Rectangle-549-1-300x300.jpg 300w\" sizes=\"(max-width: 358px) 100vw, 358px\" \/>\t\t\t\t\t\t\t\t\t\t\t\t\t\t\t<\/div>\n\t\t\t\t<\/div>\n\t\t\t\t\t<\/div>\n\t\t<\/div>\n\t\t\t\t\t<\/div>\n\t\t<\/section>\n\t\t\t\t\t<\/div>\n\t\t<\/div>\n\t\t\t\t\t<\/div>\n\t\t<\/section>\n\t\t\t\t<section class=\"elementor-section elementor-top-section elementor-element elementor-element-5a9d9ff wd-section-stretch elementor-section-height-min-height elementor-hidden-mobile elementor-section-boxed elementor-section-height-default elementor-section-items-middle\" data-id=\"5a9d9ff\" data-element_type=\"section\" data-e-type=\"section\" data-settings=\"{&quot;background_background&quot;:&quot;video&quot;,&quot;background_video_link&quot;:&quot;https:\\\/\\\/youtu.be\\\/Pb4AFTwSpG4&quot;}\">\n\t\t\t\t\t\t\t\t<div class=\"elementor-background-video-container elementor-hidden-mobile\">\n\t\t\t\t\t\t\t\t\t\t\t\t\t<div class=\"elementor-background-video-embed\" role=\"presentation\"><\/div>\n\t\t\t\t\t\t\t\t\t\t\t\t<\/div>\n\t\t\t\t\t\t\t\t\t<div class=\"elementor-background-overlay\"><\/div>\n\t\t\t\t\t\t\t<div class=\"elementor-container elementor-column-gap-default\">\n\t\t\t\t\t<div class=\"elementor-column elementor-col-50 elementor-top-column elementor-element elementor-element-af28ac3\" data-id=\"af28ac3\" data-element_type=\"column\" data-e-type=\"column\">\n\t\t\t<div class=\"elementor-widget-wrap\">\n\t\t\t\t\t\t\t<\/div>\n\t\t<\/div>\n\t\t\t\t<div class=\"elementor-column elementor-col-50 elementor-top-column elementor-element elementor-element-80d5b72\" data-id=\"80d5b72\" data-element_type=\"column\" data-e-type=\"column\">\n\t\t\t<div class=\"elementor-widget-wrap\">\n\t\t\t\t\t\t\t<\/div>\n\t\t<\/div>\n\t\t\t\t\t<\/div>\n\t\t<\/section>\n\t\t\t\t<\/div>\n\t\t","protected":false},"excerpt":{"rendered":"<p>M\u016bsu uz\u0146\u0113mums jau gandr\u012bz 20 gadus pieg\u0101d\u0101 materi\u0101lus, piedevas un iek\u0101rtas Igaunijas p\u0101rtikas r\u016bpniec\u012bbai. P\u0113d\u0113jos gados arvien vair\u0101k interesentu v\u0113las<\/p>\n","protected":false},"author":1,"featured_media":0,"parent":0,"menu_order":0,"comment_status":"closed","ping_status":"closed","template":"elementor_header_footer","meta":{"_acf_changed":false,"footnotes":""},"class_list":["post-19602","page","type-page","status-publish","hentry"],"acf":[],"yoast_head":"<!-- This site is optimized with the Yoast SEO plugin v27.3 - https:\/\/yoast.com\/product\/yoast-seo-wordpress\/ -->\n<title>M\u016bsu st\u0101sts - Saksavorst<\/title>\n<meta name=\"robots\" content=\"index, follow, max-snippet:-1, max-image-preview:large, max-video-preview:-1\" \/>\n<link rel=\"canonical\" href=\"https:\/\/saksavorst.ee\/lv\/musu-stasts\/\" \/>\n<meta property=\"og:locale\" content=\"lv_LV\" \/>\n<meta property=\"og:type\" content=\"article\" \/>\n<meta property=\"og:title\" content=\"M\u016bsu st\u0101sts - Saksavorst\" \/>\n<meta property=\"og:description\" content=\"M\u016bsu uz\u0146\u0113mums jau gandr\u012bz 20 gadus pieg\u0101d\u0101 materi\u0101lus, piedevas un iek\u0101rtas Igaunijas p\u0101rtikas r\u016bpniec\u012bbai. P\u0113d\u0113jos gados arvien vair\u0101k interesentu v\u0113las\" \/>\n<meta property=\"og:url\" content=\"https:\/\/saksavorst.ee\/lv\/musu-stasts\/\" \/>\n<meta property=\"og:site_name\" content=\"Saksavorst\" \/>\n<meta property=\"article:publisher\" content=\"https:\/\/www.facebook.com\/Veikand\" \/>\n<meta property=\"article:modified_time\" content=\"2023-09-20T13:43:39+00:00\" \/>\n<meta property=\"og:image\" content=\"https:\/\/saksavorst.ee\/wp-content\/uploads\/2022\/12\/Rectangle-Copy-4-1.svg\" \/>\n<meta name=\"twitter:card\" content=\"summary_large_image\" \/>\n<meta name=\"twitter:label1\" content=\"Est. reading time\" \/>\n\t<meta name=\"twitter:data1\" content=\"2 minutes\" \/>\n<script type=\"application\/ld+json\" class=\"yoast-schema-graph\">{\"@context\":\"https:\\\/\\\/schema.org\",\"@graph\":[{\"@type\":\"WebPage\",\"@id\":\"https:\\\/\\\/saksavorst.ee\\\/lv\\\/musu-stasts\\\/\",\"url\":\"https:\\\/\\\/saksavorst.ee\\\/lv\\\/musu-stasts\\\/\",\"name\":\"M\u016bsu st\u0101sts - Saksavorst\",\"isPartOf\":{\"@id\":\"https:\\\/\\\/saksavorst.ee\\\/lv\\\/#website\"},\"primaryImageOfPage\":{\"@id\":\"https:\\\/\\\/saksavorst.ee\\\/lv\\\/musu-stasts\\\/#primaryimage\"},\"image\":{\"@id\":\"https:\\\/\\\/saksavorst.ee\\\/lv\\\/musu-stasts\\\/#primaryimage\"},\"thumbnailUrl\":\"https:\\\/\\\/saksavorst.ee\\\/wp-content\\\/uploads\\\/2022\\\/12\\\/Rectangle-Copy-4-1.svg\",\"datePublished\":\"2022-12-27T14:09:24+00:00\",\"dateModified\":\"2023-09-20T13:43:39+00:00\",\"breadcrumb\":{\"@id\":\"https:\\\/\\\/saksavorst.ee\\\/lv\\\/musu-stasts\\\/#breadcrumb\"},\"inLanguage\":\"lv-LV\",\"potentialAction\":[{\"@type\":\"ReadAction\",\"target\":[\"https:\\\/\\\/saksavorst.ee\\\/lv\\\/musu-stasts\\\/\"]}]},{\"@type\":\"ImageObject\",\"inLanguage\":\"lv-LV\",\"@id\":\"https:\\\/\\\/saksavorst.ee\\\/lv\\\/musu-stasts\\\/#primaryimage\",\"url\":\"https:\\\/\\\/saksavorst.ee\\\/wp-content\\\/uploads\\\/2022\\\/12\\\/Rectangle-Copy-4-1.svg\",\"contentUrl\":\"https:\\\/\\\/saksavorst.ee\\\/wp-content\\\/uploads\\\/2022\\\/12\\\/Rectangle-Copy-4-1.svg\"},{\"@type\":\"BreadcrumbList\",\"@id\":\"https:\\\/\\\/saksavorst.ee\\\/lv\\\/musu-stasts\\\/#breadcrumb\",\"itemListElement\":[{\"@type\":\"ListItem\",\"position\":1,\"name\":\"Home\",\"item\":\"https:\\\/\\\/saksavorst.ee\\\/lv\\\/\"},{\"@type\":\"ListItem\",\"position\":2,\"name\":\"M\u016bsu st\u0101sts\"}]},{\"@type\":\"WebSite\",\"@id\":\"https:\\\/\\\/saksavorst.ee\\\/lv\\\/#website\",\"url\":\"https:\\\/\\\/saksavorst.ee\\\/lv\\\/\",\"name\":\"Saksavorst\",\"description\":\"Feel the taste of emotions\",\"publisher\":{\"@id\":\"https:\\\/\\\/saksavorst.ee\\\/lv\\\/#organization\"},\"alternateName\":\"Veikand\",\"potentialAction\":[{\"@type\":\"SearchAction\",\"target\":{\"@type\":\"EntryPoint\",\"urlTemplate\":\"https:\\\/\\\/saksavorst.ee\\\/lv\\\/?s={search_term_string}\"},\"query-input\":{\"@type\":\"PropertyValueSpecification\",\"valueRequired\":true,\"valueName\":\"search_term_string\"}}],\"inLanguage\":\"lv-LV\"},{\"@type\":\"Organization\",\"@id\":\"https:\\\/\\\/saksavorst.ee\\\/lv\\\/#organization\",\"name\":\"Saksavorst\",\"alternateName\":\"Veikand\",\"url\":\"https:\\\/\\\/saksavorst.ee\\\/lv\\\/\",\"logo\":{\"@type\":\"ImageObject\",\"inLanguage\":\"lv-LV\",\"@id\":\"https:\\\/\\\/saksavorst.ee\\\/lv\\\/#\\\/schema\\\/logo\\\/image\\\/\",\"url\":\"https:\\\/\\\/saksavorst.ee\\\/wp-content\\\/uploads\\\/2023\\\/05\\\/veikand-logo.jpg\",\"contentUrl\":\"https:\\\/\\\/saksavorst.ee\\\/wp-content\\\/uploads\\\/2023\\\/05\\\/veikand-logo.jpg\",\"width\":217,\"height\":217,\"caption\":\"Saksavorst\"},\"image\":{\"@id\":\"https:\\\/\\\/saksavorst.ee\\\/lv\\\/#\\\/schema\\\/logo\\\/image\\\/\"},\"sameAs\":[\"https:\\\/\\\/www.facebook.com\\\/Veikand\"]}]}<\/script>\n<!-- \/ Yoast SEO plugin. -->","yoast_head_json":{"title":"M\u016bsu st\u0101sts - Saksavorst","robots":{"index":"index","follow":"follow","max-snippet":"max-snippet:-1","max-image-preview":"max-image-preview:large","max-video-preview":"max-video-preview:-1"},"canonical":"https:\/\/saksavorst.ee\/lv\/musu-stasts\/","og_locale":"lv_LV","og_type":"article","og_title":"M\u016bsu st\u0101sts - Saksavorst","og_description":"M\u016bsu uz\u0146\u0113mums jau gandr\u012bz 20 gadus pieg\u0101d\u0101 materi\u0101lus, piedevas un iek\u0101rtas Igaunijas p\u0101rtikas r\u016bpniec\u012bbai. P\u0113d\u0113jos gados arvien vair\u0101k interesentu v\u0113las","og_url":"https:\/\/saksavorst.ee\/lv\/musu-stasts\/","og_site_name":"Saksavorst","article_publisher":"https:\/\/www.facebook.com\/Veikand","article_modified_time":"2023-09-20T13:43:39+00:00","og_image":[{"url":"https:\/\/saksavorst.ee\/wp-content\/uploads\/2022\/12\/Rectangle-Copy-4-1.svg","type":"","width":"","height":""}],"twitter_card":"summary_large_image","twitter_misc":{"Est. reading time":"2 minutes"},"schema":{"@context":"https:\/\/schema.org","@graph":[{"@type":"WebPage","@id":"https:\/\/saksavorst.ee\/lv\/musu-stasts\/","url":"https:\/\/saksavorst.ee\/lv\/musu-stasts\/","name":"M\u016bsu st\u0101sts - Saksavorst","isPartOf":{"@id":"https:\/\/saksavorst.ee\/lv\/#website"},"primaryImageOfPage":{"@id":"https:\/\/saksavorst.ee\/lv\/musu-stasts\/#primaryimage"},"image":{"@id":"https:\/\/saksavorst.ee\/lv\/musu-stasts\/#primaryimage"},"thumbnailUrl":"https:\/\/saksavorst.ee\/wp-content\/uploads\/2022\/12\/Rectangle-Copy-4-1.svg","datePublished":"2022-12-27T14:09:24+00:00","dateModified":"2023-09-20T13:43:39+00:00","breadcrumb":{"@id":"https:\/\/saksavorst.ee\/lv\/musu-stasts\/#breadcrumb"},"inLanguage":"lv-LV","potentialAction":[{"@type":"ReadAction","target":["https:\/\/saksavorst.ee\/lv\/musu-stasts\/"]}]},{"@type":"ImageObject","inLanguage":"lv-LV","@id":"https:\/\/saksavorst.ee\/lv\/musu-stasts\/#primaryimage","url":"https:\/\/saksavorst.ee\/wp-content\/uploads\/2022\/12\/Rectangle-Copy-4-1.svg","contentUrl":"https:\/\/saksavorst.ee\/wp-content\/uploads\/2022\/12\/Rectangle-Copy-4-1.svg"},{"@type":"BreadcrumbList","@id":"https:\/\/saksavorst.ee\/lv\/musu-stasts\/#breadcrumb","itemListElement":[{"@type":"ListItem","position":1,"name":"Home","item":"https:\/\/saksavorst.ee\/lv\/"},{"@type":"ListItem","position":2,"name":"M\u016bsu st\u0101sts"}]},{"@type":"WebSite","@id":"https:\/\/saksavorst.ee\/lv\/#website","url":"https:\/\/saksavorst.ee\/lv\/","name":"Saksavorst","description":"Feel the taste of emotions","publisher":{"@id":"https:\/\/saksavorst.ee\/lv\/#organization"},"alternateName":"Veikand","potentialAction":[{"@type":"SearchAction","target":{"@type":"EntryPoint","urlTemplate":"https:\/\/saksavorst.ee\/lv\/?s={search_term_string}"},"query-input":{"@type":"PropertyValueSpecification","valueRequired":true,"valueName":"search_term_string"}}],"inLanguage":"lv-LV"},{"@type":"Organization","@id":"https:\/\/saksavorst.ee\/lv\/#organization","name":"Saksavorst","alternateName":"Veikand","url":"https:\/\/saksavorst.ee\/lv\/","logo":{"@type":"ImageObject","inLanguage":"lv-LV","@id":"https:\/\/saksavorst.ee\/lv\/#\/schema\/logo\/image\/","url":"https:\/\/saksavorst.ee\/wp-content\/uploads\/2023\/05\/veikand-logo.jpg","contentUrl":"https:\/\/saksavorst.ee\/wp-content\/uploads\/2023\/05\/veikand-logo.jpg","width":217,"height":217,"caption":"Saksavorst"},"image":{"@id":"https:\/\/saksavorst.ee\/lv\/#\/schema\/logo\/image\/"},"sameAs":["https:\/\/www.facebook.com\/Veikand"]}]}},"_links":{"self":[{"href":"https:\/\/saksavorst.ee\/lv\/wp-json\/wp\/v2\/pages\/19602","targetHints":{"allow":["GET"]}}],"collection":[{"href":"https:\/\/saksavorst.ee\/lv\/wp-json\/wp\/v2\/pages"}],"about":[{"href":"https:\/\/saksavorst.ee\/lv\/wp-json\/wp\/v2\/types\/page"}],"author":[{"embeddable":true,"href":"https:\/\/saksavorst.ee\/lv\/wp-json\/wp\/v2\/users\/1"}],"replies":[{"embeddable":true,"href":"https:\/\/saksavorst.ee\/lv\/wp-json\/wp\/v2\/comments?post=19602"}],"version-history":[{"count":0,"href":"https:\/\/saksavorst.ee\/lv\/wp-json\/wp\/v2\/pages\/19602\/revisions"}],"wp:attachment":[{"href":"https:\/\/saksavorst.ee\/lv\/wp-json\/wp\/v2\/media?parent=19602"}],"curies":[{"name":"wp","href":"https:\/\/api.w.org\/{rel}","templated":true}]}}