{"id":50470,"date":"2026-04-14T11:56:59","date_gmt":"2026-04-14T09:56:59","guid":{"rendered":"https:\/\/saksavorst.ee\/?post_type=product&#038;p=50470"},"modified":"2026-04-14T12:04:07","modified_gmt":"2026-04-14T10:04:07","slug":"pakastekuivattu-viljelma-choozit-alp-d-lyo-100-dcu","status":"publish","type":"product","link":"https:\/\/saksavorst.ee\/fi\/tuote\/pakastekuivattu-viljelma-choozit-alp-d-lyo-100-dcu\/","title":{"rendered":"Pakastekuivattu viljelm\u00e4 CHOOZIT ALP D LYO 100 DCU"},"content":{"rendered":"<p><strong>Sis\u00e4lt\u00e4\u00e4: <\/strong><em>Lactococcus lactis <\/em>subsp. <em>lactis, Lactococcus lactis <\/em>subsp. <em>cremoris, Lactococcus lactis <\/em>subsp. lactis biovar<em>. diacetylactis, Streptococccus termophilus, Lactobacillus helveticus, lactobacillus lactis<\/em><\/p>\n<p>CHOOZIT ALP D LYO 100 DCU on keskivahvasti tai nopeasti hapatettava, v\u00e4h\u00e4n sitraattia sis\u00e4lt\u00e4v\u00e4 viljelm\u00e4 puolikovien ja kovien juustojen tuotantoon.<\/p>\n<p>CHOOZIT ALP D LYO 100 DCU:lla on korkeampi proteolyyttinen aktiivisuus kuin puhtaasti mesofiilisell\u00e4 viljelm\u00e4ll\u00e4, koska siihen on lis\u00e4tty Lb. helveticus- ja Lb. lactis -bakteeria, mik\u00e4 parantaa puolikovien ja kovien juustojen makua.<\/p>\n<p><strong>K\u00e4ytt\u00f6:<\/strong><\/p>\n<p>Puolikova juusto: 10-15 DCU \/ 100 l maitoa<\/p>\n<p>Kova juusto: 7-10 DCU \/ 100 l maitoa<\/p>\n<p>*riippuen tekniikasta (k\u00e4ymisl\u00e4mp\u00f6tila, siirrostuksen m\u00e4\u00e4r\u00e4)<br \/>\nIlmoitettuja inokulaatiom\u00e4\u00e4ri\u00e4 on pidett\u00e4v\u00e4 ohjeina. Lis\u00e4viljelmi\u00e4 voidaan tarvita riippuen tekniikasta, rasvapitoisuudesta ja halutuista tuotteen ominaisuuksista. Emme ota vastuuta aiheettomista hakemuksista.<\/p>\n<p><strong>K\u00e4ytt\u00f6ohje: <\/strong>Desinfioi pussi sopivalla desinfiointiaineella ennen avaamista (kuivaa paperipyyhkeell\u00e4, se on v\u00e4ltt\u00e4m\u00e4t\u00f6nt\u00e4 paakkuuntumisen est\u00e4miseksi pussin aukon ymp\u00e4rille). Kun pussi on avattu, lis\u00e4\u00e4 viljelm\u00e4 suoraan happamoittavalla viljelm\u00e4ll\u00e4 past\u00f6roituun maitoon. Sekoita n. 5\u202610 minuuttia alhaisella nopeudella.<\/p>\n<p><strong>S\u00e4ilytys: <\/strong>Pakastekuivatun viljelm\u00e4n pit\u00e4minen huoneenl\u00e4mm\u00f6ss\u00e4 enint\u00e4\u00e4n 2 viikkoa ei vaikuta parasta ennen -p\u00e4iv\u00e4m\u00e4\u00e4r\u00e4\u00e4n. S\u00e4ilyt\u00e4 viljelm\u00e4\u00e4 saapumisen j\u00e4lkeen -18 \u00b0C:ssa 18 kuukautta valmistusp\u00e4iv\u00e4st\u00e4.<\/p>\n<p><strong>Valmistaja: <\/strong>DuPont Danisco Nieb\u00fcll, Saksa<\/p>\n<p>Halal- ja koshersertifioitu<\/p>\n","protected":false},"excerpt":{"rendered":"<p>Tiivistetty, pakastekuivattu CHOOZIT ALP D LYO 100 DCU -viljelm\u00e4 puolikovien ja kovien juustojen tuotantoon. Viljelm\u00e4 on erityisesti valittu, useita lajeja sis\u00e4lt\u00e4v\u00e4 pakastekuivattu jauhe suoraan astiaan inokulointia varten.<\/p>\n","protected":false},"featured_media":50475,"template":"","meta":{"_acf_changed":false},"product_brand":[],"product_cat":[258,261],"product_tag":[],"class_list":{"0":"post-50470","1":"product","2":"type-product","3":"status-publish","4":"has-post-thumbnail","6":"product_cat-hapatteet","7":"product_cat-juusto","9":"first","10":"instock","11":"taxable","12":"shipping-taxable","13":"purchasable","14":"product-type-simple"},"acf":[],"yoast_head":"<!-- This site is optimized with the Yoast SEO plugin v27.3 - https:\/\/yoast.com\/product\/yoast-seo-wordpress\/ -->\n<title>Pakastekuivattu viljelm\u00e4 CHOOZIT ALP D LYO 100 DCU - Saksavorst<\/title>\n<meta name=\"robots\" content=\"index, follow, max-snippet:-1, max-image-preview:large, max-video-preview:-1\" \/>\n<link rel=\"canonical\" href=\"https:\/\/saksavorst.ee\/fi\/tuote\/pakastekuivattu-viljelma-choozit-alp-d-lyo-100-dcu\/\" \/>\n<meta property=\"og:locale\" content=\"fi_FI\" \/>\n<meta property=\"og:type\" content=\"article\" \/>\n<meta property=\"og:title\" content=\"Pakastekuivattu viljelm\u00e4 CHOOZIT ALP D LYO 100 DCU - Saksavorst\" \/>\n<meta property=\"og:description\" content=\"Tiivistetty, pakastekuivattu CHOOZIT ALP D LYO 100 DCU -viljelm\u00e4 puolikovien ja kovien juustojen tuotantoon. Viljelm\u00e4 on erityisesti valittu, useita lajeja sis\u00e4lt\u00e4v\u00e4 pakastekuivattu jauhe suoraan astiaan inokulointia varten.\" \/>\n<meta property=\"og:url\" content=\"https:\/\/saksavorst.ee\/fi\/tuote\/pakastekuivattu-viljelma-choozit-alp-d-lyo-100-dcu\/\" \/>\n<meta property=\"og:site_name\" content=\"Saksavorst\" \/>\n<meta property=\"article:publisher\" content=\"https:\/\/www.facebook.com\/Veikand\" \/>\n<meta property=\"article:modified_time\" content=\"2026-04-14T10:04:07+00:00\" \/>\n<meta property=\"og:image\" content=\"https:\/\/saksavorst.ee\/wp-content\/uploads\/2026\/04\/juuretis-choozit-alp-d-lyo-100-dcu.png\" \/>\n\t<meta property=\"og:image:width\" content=\"800\" \/>\n\t<meta property=\"og:image:height\" content=\"800\" \/>\n\t<meta property=\"og:image:type\" content=\"image\/png\" \/>\n<meta name=\"twitter:card\" content=\"summary_large_image\" \/>\n<meta name=\"twitter:label1\" content=\"Arvioitu lukuaika\" \/>\n\t<meta name=\"twitter:data1\" content=\"2 minuuttia\" \/>\n<script type=\"application\/ld+json\" class=\"yoast-schema-graph\">{\"@context\":\"https:\\\/\\\/schema.org\",\"@graph\":[{\"@type\":\"WebPage\",\"@id\":\"https:\\\/\\\/saksavorst.ee\\\/fi\\\/tuote\\\/pakastekuivattu-viljelma-choozit-alp-d-lyo-100-dcu\\\/\",\"url\":\"https:\\\/\\\/saksavorst.ee\\\/fi\\\/tuote\\\/pakastekuivattu-viljelma-choozit-alp-d-lyo-100-dcu\\\/\",\"name\":\"Pakastekuivattu viljelm\u00e4 CHOOZIT ALP D LYO 100 DCU - Saksavorst\",\"isPartOf\":{\"@id\":\"https:\\\/\\\/saksavorst.ee\\\/fi\\\/#website\"},\"primaryImageOfPage\":{\"@id\":\"https:\\\/\\\/saksavorst.ee\\\/fi\\\/tuote\\\/pakastekuivattu-viljelma-choozit-alp-d-lyo-100-dcu\\\/#primaryimage\"},\"image\":{\"@id\":\"https:\\\/\\\/saksavorst.ee\\\/fi\\\/tuote\\\/pakastekuivattu-viljelma-choozit-alp-d-lyo-100-dcu\\\/#primaryimage\"},\"thumbnailUrl\":\"https:\\\/\\\/saksavorst.ee\\\/wp-content\\\/uploads\\\/2026\\\/04\\\/juuretis-choozit-alp-d-lyo-100-dcu.png\",\"datePublished\":\"2026-04-14T09:56:59+00:00\",\"dateModified\":\"2026-04-14T10:04:07+00:00\",\"breadcrumb\":{\"@id\":\"https:\\\/\\\/saksavorst.ee\\\/fi\\\/tuote\\\/pakastekuivattu-viljelma-choozit-alp-d-lyo-100-dcu\\\/#breadcrumb\"},\"inLanguage\":\"fi\",\"potentialAction\":[{\"@type\":\"ReadAction\",\"target\":[\"https:\\\/\\\/saksavorst.ee\\\/fi\\\/tuote\\\/pakastekuivattu-viljelma-choozit-alp-d-lyo-100-dcu\\\/\"]}]},{\"@type\":\"ImageObject\",\"inLanguage\":\"fi\",\"@id\":\"https:\\\/\\\/saksavorst.ee\\\/fi\\\/tuote\\\/pakastekuivattu-viljelma-choozit-alp-d-lyo-100-dcu\\\/#primaryimage\",\"url\":\"https:\\\/\\\/saksavorst.ee\\\/wp-content\\\/uploads\\\/2026\\\/04\\\/juuretis-choozit-alp-d-lyo-100-dcu.png\",\"contentUrl\":\"https:\\\/\\\/saksavorst.ee\\\/wp-content\\\/uploads\\\/2026\\\/04\\\/juuretis-choozit-alp-d-lyo-100-dcu.png\",\"width\":800,\"height\":800},{\"@type\":\"BreadcrumbList\",\"@id\":\"https:\\\/\\\/saksavorst.ee\\\/fi\\\/tuote\\\/pakastekuivattu-viljelma-choozit-alp-d-lyo-100-dcu\\\/#breadcrumb\",\"itemListElement\":[{\"@type\":\"ListItem\",\"position\":1,\"name\":\"Home\",\"item\":\"https:\\\/\\\/saksavorst.ee\\\/fi\\\/\"},{\"@type\":\"ListItem\",\"position\":2,\"name\":\"Kauppa\",\"item\":\"https:\\\/\\\/saksavorst.ee\\\/fi\\\/kauppa\\\/\"},{\"@type\":\"ListItem\",\"position\":3,\"name\":\"Pakastekuivattu viljelm\u00e4 CHOOZIT ALP D LYO 100 DCU\"}]},{\"@type\":\"WebSite\",\"@id\":\"https:\\\/\\\/saksavorst.ee\\\/fi\\\/#website\",\"url\":\"https:\\\/\\\/saksavorst.ee\\\/fi\\\/\",\"name\":\"Saksavorst\",\"description\":\"Feel the taste of emotions\",\"publisher\":{\"@id\":\"https:\\\/\\\/saksavorst.ee\\\/fi\\\/#organization\"},\"alternateName\":\"Veikand\",\"potentialAction\":[{\"@type\":\"SearchAction\",\"target\":{\"@type\":\"EntryPoint\",\"urlTemplate\":\"https:\\\/\\\/saksavorst.ee\\\/fi\\\/?s={search_term_string}\"},\"query-input\":{\"@type\":\"PropertyValueSpecification\",\"valueRequired\":true,\"valueName\":\"search_term_string\"}}],\"inLanguage\":\"fi\"},{\"@type\":\"Organization\",\"@id\":\"https:\\\/\\\/saksavorst.ee\\\/fi\\\/#organization\",\"name\":\"Saksavorst\",\"alternateName\":\"Veikand\",\"url\":\"https:\\\/\\\/saksavorst.ee\\\/fi\\\/\",\"logo\":{\"@type\":\"ImageObject\",\"inLanguage\":\"fi\",\"@id\":\"https:\\\/\\\/saksavorst.ee\\\/fi\\\/#\\\/schema\\\/logo\\\/image\\\/\",\"url\":\"https:\\\/\\\/saksavorst.ee\\\/wp-content\\\/uploads\\\/2023\\\/05\\\/veikand-logo.jpg\",\"contentUrl\":\"https:\\\/\\\/saksavorst.ee\\\/wp-content\\\/uploads\\\/2023\\\/05\\\/veikand-logo.jpg\",\"width\":217,\"height\":217,\"caption\":\"Saksavorst\"},\"image\":{\"@id\":\"https:\\\/\\\/saksavorst.ee\\\/fi\\\/#\\\/schema\\\/logo\\\/image\\\/\"},\"sameAs\":[\"https:\\\/\\\/www.facebook.com\\\/Veikand\"]}]}<\/script>\n<!-- \/ Yoast SEO plugin. -->","yoast_head_json":{"title":"Pakastekuivattu viljelm\u00e4 CHOOZIT ALP D LYO 100 DCU - Saksavorst","robots":{"index":"index","follow":"follow","max-snippet":"max-snippet:-1","max-image-preview":"max-image-preview:large","max-video-preview":"max-video-preview:-1"},"canonical":"https:\/\/saksavorst.ee\/fi\/tuote\/pakastekuivattu-viljelma-choozit-alp-d-lyo-100-dcu\/","og_locale":"fi_FI","og_type":"article","og_title":"Pakastekuivattu viljelm\u00e4 CHOOZIT ALP D LYO 100 DCU - Saksavorst","og_description":"Tiivistetty, pakastekuivattu CHOOZIT ALP D LYO 100 DCU -viljelm\u00e4 puolikovien ja kovien juustojen tuotantoon. Viljelm\u00e4 on erityisesti valittu, useita lajeja sis\u00e4lt\u00e4v\u00e4 pakastekuivattu jauhe suoraan astiaan inokulointia varten.","og_url":"https:\/\/saksavorst.ee\/fi\/tuote\/pakastekuivattu-viljelma-choozit-alp-d-lyo-100-dcu\/","og_site_name":"Saksavorst","article_publisher":"https:\/\/www.facebook.com\/Veikand","article_modified_time":"2026-04-14T10:04:07+00:00","og_image":[{"width":800,"height":800,"url":"https:\/\/saksavorst.ee\/wp-content\/uploads\/2026\/04\/juuretis-choozit-alp-d-lyo-100-dcu.png","type":"image\/png"}],"twitter_card":"summary_large_image","twitter_misc":{"Arvioitu lukuaika":"2 minuuttia"},"schema":{"@context":"https:\/\/schema.org","@graph":[{"@type":"WebPage","@id":"https:\/\/saksavorst.ee\/fi\/tuote\/pakastekuivattu-viljelma-choozit-alp-d-lyo-100-dcu\/","url":"https:\/\/saksavorst.ee\/fi\/tuote\/pakastekuivattu-viljelma-choozit-alp-d-lyo-100-dcu\/","name":"Pakastekuivattu viljelm\u00e4 CHOOZIT ALP D LYO 100 DCU - Saksavorst","isPartOf":{"@id":"https:\/\/saksavorst.ee\/fi\/#website"},"primaryImageOfPage":{"@id":"https:\/\/saksavorst.ee\/fi\/tuote\/pakastekuivattu-viljelma-choozit-alp-d-lyo-100-dcu\/#primaryimage"},"image":{"@id":"https:\/\/saksavorst.ee\/fi\/tuote\/pakastekuivattu-viljelma-choozit-alp-d-lyo-100-dcu\/#primaryimage"},"thumbnailUrl":"https:\/\/saksavorst.ee\/wp-content\/uploads\/2026\/04\/juuretis-choozit-alp-d-lyo-100-dcu.png","datePublished":"2026-04-14T09:56:59+00:00","dateModified":"2026-04-14T10:04:07+00:00","breadcrumb":{"@id":"https:\/\/saksavorst.ee\/fi\/tuote\/pakastekuivattu-viljelma-choozit-alp-d-lyo-100-dcu\/#breadcrumb"},"inLanguage":"fi","potentialAction":[{"@type":"ReadAction","target":["https:\/\/saksavorst.ee\/fi\/tuote\/pakastekuivattu-viljelma-choozit-alp-d-lyo-100-dcu\/"]}]},{"@type":"ImageObject","inLanguage":"fi","@id":"https:\/\/saksavorst.ee\/fi\/tuote\/pakastekuivattu-viljelma-choozit-alp-d-lyo-100-dcu\/#primaryimage","url":"https:\/\/saksavorst.ee\/wp-content\/uploads\/2026\/04\/juuretis-choozit-alp-d-lyo-100-dcu.png","contentUrl":"https:\/\/saksavorst.ee\/wp-content\/uploads\/2026\/04\/juuretis-choozit-alp-d-lyo-100-dcu.png","width":800,"height":800},{"@type":"BreadcrumbList","@id":"https:\/\/saksavorst.ee\/fi\/tuote\/pakastekuivattu-viljelma-choozit-alp-d-lyo-100-dcu\/#breadcrumb","itemListElement":[{"@type":"ListItem","position":1,"name":"Home","item":"https:\/\/saksavorst.ee\/fi\/"},{"@type":"ListItem","position":2,"name":"Kauppa","item":"https:\/\/saksavorst.ee\/fi\/kauppa\/"},{"@type":"ListItem","position":3,"name":"Pakastekuivattu viljelm\u00e4 CHOOZIT ALP D LYO 100 DCU"}]},{"@type":"WebSite","@id":"https:\/\/saksavorst.ee\/fi\/#website","url":"https:\/\/saksavorst.ee\/fi\/","name":"Saksavorst","description":"Feel the taste of emotions","publisher":{"@id":"https:\/\/saksavorst.ee\/fi\/#organization"},"alternateName":"Veikand","potentialAction":[{"@type":"SearchAction","target":{"@type":"EntryPoint","urlTemplate":"https:\/\/saksavorst.ee\/fi\/?s={search_term_string}"},"query-input":{"@type":"PropertyValueSpecification","valueRequired":true,"valueName":"search_term_string"}}],"inLanguage":"fi"},{"@type":"Organization","@id":"https:\/\/saksavorst.ee\/fi\/#organization","name":"Saksavorst","alternateName":"Veikand","url":"https:\/\/saksavorst.ee\/fi\/","logo":{"@type":"ImageObject","inLanguage":"fi","@id":"https:\/\/saksavorst.ee\/fi\/#\/schema\/logo\/image\/","url":"https:\/\/saksavorst.ee\/wp-content\/uploads\/2023\/05\/veikand-logo.jpg","contentUrl":"https:\/\/saksavorst.ee\/wp-content\/uploads\/2023\/05\/veikand-logo.jpg","width":217,"height":217,"caption":"Saksavorst"},"image":{"@id":"https:\/\/saksavorst.ee\/fi\/#\/schema\/logo\/image\/"},"sameAs":["https:\/\/www.facebook.com\/Veikand"]}]}},"_links":{"self":[{"href":"https:\/\/saksavorst.ee\/fi\/wp-json\/wp\/v2\/product\/50470","targetHints":{"allow":["GET"]}}],"collection":[{"href":"https:\/\/saksavorst.ee\/fi\/wp-json\/wp\/v2\/product"}],"about":[{"href":"https:\/\/saksavorst.ee\/fi\/wp-json\/wp\/v2\/types\/product"}],"version-history":[{"count":1,"href":"https:\/\/saksavorst.ee\/fi\/wp-json\/wp\/v2\/product\/50470\/revisions"}],"predecessor-version":[{"id":50480,"href":"https:\/\/saksavorst.ee\/fi\/wp-json\/wp\/v2\/product\/50470\/revisions\/50480"}],"wp:featuredmedia":[{"embeddable":true,"href":"https:\/\/saksavorst.ee\/fi\/wp-json\/wp\/v2\/media\/50475"}],"wp:attachment":[{"href":"https:\/\/saksavorst.ee\/fi\/wp-json\/wp\/v2\/media?parent=50470"}],"wp:term":[{"taxonomy":"product_brand","embeddable":true,"href":"https:\/\/saksavorst.ee\/fi\/wp-json\/wp\/v2\/product_brand?post=50470"},{"taxonomy":"product_cat","embeddable":true,"href":"https:\/\/saksavorst.ee\/fi\/wp-json\/wp\/v2\/product_cat?post=50470"},{"taxonomy":"product_tag","embeddable":true,"href":"https:\/\/saksavorst.ee\/fi\/wp-json\/wp\/v2\/product_tag?post=50470"}],"curies":[{"name":"wp","href":"https:\/\/api.w.org\/{rel}","templated":true}]}}