{"id":50306,"date":"2026-04-07T09:41:32","date_gmt":"2026-04-07T07:41:32","guid":{"rendered":"https:\/\/saksavorst.ee\/?post_type=product&#038;p=50306"},"modified":"2026-04-07T10:51:19","modified_gmt":"2026-04-07T08:51:19","slug":"30-litran-manuaalinen-lihasekoitin-kallistettava","status":"publish","type":"product","link":"https:\/\/saksavorst.ee\/fi\/tuote\/30-litran-manuaalinen-lihasekoitin-kallistettava\/","title":{"rendered":"30 litran manuaalinen lihasekoitin kallistettava"},"content":{"rendered":"<p>Valmistaja: Hakka Brothers<\/p>\n<p>Ruostumaton ter\u00e4s<\/p>\n<p>Vispil\u00e4t<\/p>\n<p>Tilavuus: 30 L \/ enint\u00e4\u00e4n ~25 kg<\/p>\n<p>Ulkomitat P x L x K:\u00a0 300 x 500 x 400 mm<\/p>\n<p>Paino: 16 kg<\/p>\n<p>Manuaalinen <a href=\"https:\/\/saksavorst.ee\/wp-content\/uploads\/2024\/03\/meat-mixer-manual.pdf\">Meat mixer manual<\/a><\/p>\n<p>S\u00e4ili\u00f6 k\u00e4\u00e4ntyy t\u00e4yteen 90 asteen kulmaan, joten voit kaataa raaka-aineet suoraan s\u00e4ili\u00f6\u00f6n ja siirt\u00e4\u00e4 valmiit seokset tehokkaasti astioihin tai makkarant\u00e4ytteisiin ilman toistuvaa manuaalista kauhomista tai raskaiden esineiden nostamista.<\/p>\n<p>&nbsp;<\/p>\n<div style=\"width: 854px;\" class=\"wp-video\"><video class=\"wp-video-shortcode\" id=\"video-50306-1\" width=\"854\" height=\"480\" preload=\"metadata\" controls=\"controls\"><source type=\"video\/mp4\" src=\"https:\/\/saksavorst.ee\/wp-content\/uploads\/2023\/12\/lauapealne-kasisegaja.mp4?_=1\" \/><a href=\"https:\/\/saksavorst.ee\/wp-content\/uploads\/2023\/12\/lauapealne-kasisegaja.mp4\">https:\/\/saksavorst.ee\/wp-content\/uploads\/2023\/12\/lauapealne-kasisegaja.mp4<\/a><\/video><\/div>\n","protected":false},"excerpt":{"rendered":"<p>Makkaraseoksen ja mausteiden sekoittamiseen. Sopii sek\u00e4 mets\u00e4st\u00e4jille ett\u00e4 kotik\u00e4ytt\u00f6\u00f6n.<\/p>\n","protected":false},"featured_media":50316,"template":"","meta":{"_acf_changed":false},"product_brand":[],"product_cat":[221,237,325],"product_tag":[],"class_list":{"0":"post-50306","1":"product","2":"type-product","3":"status-publish","4":"has-post-thumbnail","6":"product_cat-kaikki-tuotteet","7":"product_cat-sekoittimet-leikkurit","8":"product_cat-laitteet","9":"product_shipping_class-ei-mahdu-pakettiautomaattiin","11":"first","12":"instock","13":"taxable","14":"shipping-taxable","15":"purchasable","16":"product-type-simple"},"acf":[],"yoast_head":"<!-- This site is optimized with the Yoast SEO plugin v27.3 - https:\/\/yoast.com\/product\/yoast-seo-wordpress\/ -->\n<title>30 litran manuaalinen lihasekoitin kallistettava - Saksavorst<\/title>\n<meta name=\"robots\" content=\"index, follow, max-snippet:-1, max-image-preview:large, max-video-preview:-1\" \/>\n<link rel=\"canonical\" href=\"https:\/\/saksavorst.ee\/fi\/tuote\/30-litran-manuaalinen-lihasekoitin-kallistettava\/\" \/>\n<meta property=\"og:locale\" content=\"fi_FI\" \/>\n<meta property=\"og:type\" content=\"article\" \/>\n<meta property=\"og:title\" content=\"30 litran manuaalinen lihasekoitin kallistettava - Saksavorst\" \/>\n<meta property=\"og:description\" content=\"Makkaraseoksen ja mausteiden sekoittamiseen. Sopii sek\u00e4 mets\u00e4st\u00e4jille ett\u00e4 kotik\u00e4ytt\u00f6\u00f6n.\" \/>\n<meta property=\"og:url\" content=\"https:\/\/saksavorst.ee\/fi\/tuote\/30-litran-manuaalinen-lihasekoitin-kallistettava\/\" \/>\n<meta property=\"og:site_name\" content=\"Saksavorst\" \/>\n<meta property=\"article:publisher\" content=\"https:\/\/www.facebook.com\/Veikand\" \/>\n<meta property=\"article:modified_time\" content=\"2026-04-07T08:51:19+00:00\" \/>\n<meta property=\"og:image\" content=\"https:\/\/saksavorst.ee\/wp-content\/uploads\/2026\/04\/lauapealne-kasisegaja-1-segamisvolliga-30l-kallutatav-1.png\" \/>\n\t<meta property=\"og:image:width\" content=\"800\" \/>\n\t<meta property=\"og:image:height\" content=\"800\" \/>\n\t<meta property=\"og:image:type\" content=\"image\/png\" \/>\n<meta name=\"twitter:card\" content=\"summary_large_image\" \/>\n<meta name=\"twitter:label1\" content=\"Arvioitu lukuaika\" \/>\n\t<meta name=\"twitter:data1\" content=\"1 minuutti\" \/>\n<script type=\"application\/ld+json\" class=\"yoast-schema-graph\">{\"@context\":\"https:\\\/\\\/schema.org\",\"@graph\":[{\"@type\":\"WebPage\",\"@id\":\"https:\\\/\\\/saksavorst.ee\\\/fi\\\/tuote\\\/30-litran-manuaalinen-lihasekoitin-kallistettava\\\/\",\"url\":\"https:\\\/\\\/saksavorst.ee\\\/fi\\\/tuote\\\/30-litran-manuaalinen-lihasekoitin-kallistettava\\\/\",\"name\":\"30 litran manuaalinen lihasekoitin kallistettava - Saksavorst\",\"isPartOf\":{\"@id\":\"https:\\\/\\\/saksavorst.ee\\\/fi\\\/#website\"},\"primaryImageOfPage\":{\"@id\":\"https:\\\/\\\/saksavorst.ee\\\/fi\\\/tuote\\\/30-litran-manuaalinen-lihasekoitin-kallistettava\\\/#primaryimage\"},\"image\":{\"@id\":\"https:\\\/\\\/saksavorst.ee\\\/fi\\\/tuote\\\/30-litran-manuaalinen-lihasekoitin-kallistettava\\\/#primaryimage\"},\"thumbnailUrl\":\"https:\\\/\\\/saksavorst.ee\\\/wp-content\\\/uploads\\\/2026\\\/04\\\/lauapealne-kasisegaja-1-segamisvolliga-30l-kallutatav-1.png\",\"datePublished\":\"2026-04-07T07:41:32+00:00\",\"dateModified\":\"2026-04-07T08:51:19+00:00\",\"breadcrumb\":{\"@id\":\"https:\\\/\\\/saksavorst.ee\\\/fi\\\/tuote\\\/30-litran-manuaalinen-lihasekoitin-kallistettava\\\/#breadcrumb\"},\"inLanguage\":\"fi\",\"potentialAction\":[{\"@type\":\"ReadAction\",\"target\":[\"https:\\\/\\\/saksavorst.ee\\\/fi\\\/tuote\\\/30-litran-manuaalinen-lihasekoitin-kallistettava\\\/\"]}]},{\"@type\":\"ImageObject\",\"inLanguage\":\"fi\",\"@id\":\"https:\\\/\\\/saksavorst.ee\\\/fi\\\/tuote\\\/30-litran-manuaalinen-lihasekoitin-kallistettava\\\/#primaryimage\",\"url\":\"https:\\\/\\\/saksavorst.ee\\\/wp-content\\\/uploads\\\/2026\\\/04\\\/lauapealne-kasisegaja-1-segamisvolliga-30l-kallutatav-1.png\",\"contentUrl\":\"https:\\\/\\\/saksavorst.ee\\\/wp-content\\\/uploads\\\/2026\\\/04\\\/lauapealne-kasisegaja-1-segamisvolliga-30l-kallutatav-1.png\",\"width\":800,\"height\":800},{\"@type\":\"BreadcrumbList\",\"@id\":\"https:\\\/\\\/saksavorst.ee\\\/fi\\\/tuote\\\/30-litran-manuaalinen-lihasekoitin-kallistettava\\\/#breadcrumb\",\"itemListElement\":[{\"@type\":\"ListItem\",\"position\":1,\"name\":\"Home\",\"item\":\"https:\\\/\\\/saksavorst.ee\\\/fi\\\/\"},{\"@type\":\"ListItem\",\"position\":2,\"name\":\"Kauppa\",\"item\":\"https:\\\/\\\/saksavorst.ee\\\/fi\\\/kauppa\\\/\"},{\"@type\":\"ListItem\",\"position\":3,\"name\":\"30 litran manuaalinen lihasekoitin kallistettava\"}]},{\"@type\":\"WebSite\",\"@id\":\"https:\\\/\\\/saksavorst.ee\\\/fi\\\/#website\",\"url\":\"https:\\\/\\\/saksavorst.ee\\\/fi\\\/\",\"name\":\"Saksavorst\",\"description\":\"Feel the taste of emotions\",\"publisher\":{\"@id\":\"https:\\\/\\\/saksavorst.ee\\\/fi\\\/#organization\"},\"alternateName\":\"Veikand\",\"potentialAction\":[{\"@type\":\"SearchAction\",\"target\":{\"@type\":\"EntryPoint\",\"urlTemplate\":\"https:\\\/\\\/saksavorst.ee\\\/fi\\\/?s={search_term_string}\"},\"query-input\":{\"@type\":\"PropertyValueSpecification\",\"valueRequired\":true,\"valueName\":\"search_term_string\"}}],\"inLanguage\":\"fi\"},{\"@type\":\"Organization\",\"@id\":\"https:\\\/\\\/saksavorst.ee\\\/fi\\\/#organization\",\"name\":\"Saksavorst\",\"alternateName\":\"Veikand\",\"url\":\"https:\\\/\\\/saksavorst.ee\\\/fi\\\/\",\"logo\":{\"@type\":\"ImageObject\",\"inLanguage\":\"fi\",\"@id\":\"https:\\\/\\\/saksavorst.ee\\\/fi\\\/#\\\/schema\\\/logo\\\/image\\\/\",\"url\":\"https:\\\/\\\/saksavorst.ee\\\/wp-content\\\/uploads\\\/2023\\\/05\\\/veikand-logo.jpg\",\"contentUrl\":\"https:\\\/\\\/saksavorst.ee\\\/wp-content\\\/uploads\\\/2023\\\/05\\\/veikand-logo.jpg\",\"width\":217,\"height\":217,\"caption\":\"Saksavorst\"},\"image\":{\"@id\":\"https:\\\/\\\/saksavorst.ee\\\/fi\\\/#\\\/schema\\\/logo\\\/image\\\/\"},\"sameAs\":[\"https:\\\/\\\/www.facebook.com\\\/Veikand\"]}]}<\/script>\n<!-- \/ Yoast SEO plugin. -->","yoast_head_json":{"title":"30 litran manuaalinen lihasekoitin kallistettava - Saksavorst","robots":{"index":"index","follow":"follow","max-snippet":"max-snippet:-1","max-image-preview":"max-image-preview:large","max-video-preview":"max-video-preview:-1"},"canonical":"https:\/\/saksavorst.ee\/fi\/tuote\/30-litran-manuaalinen-lihasekoitin-kallistettava\/","og_locale":"fi_FI","og_type":"article","og_title":"30 litran manuaalinen lihasekoitin kallistettava - Saksavorst","og_description":"Makkaraseoksen ja mausteiden sekoittamiseen. Sopii sek\u00e4 mets\u00e4st\u00e4jille ett\u00e4 kotik\u00e4ytt\u00f6\u00f6n.","og_url":"https:\/\/saksavorst.ee\/fi\/tuote\/30-litran-manuaalinen-lihasekoitin-kallistettava\/","og_site_name":"Saksavorst","article_publisher":"https:\/\/www.facebook.com\/Veikand","article_modified_time":"2026-04-07T08:51:19+00:00","og_image":[{"width":800,"height":800,"url":"https:\/\/saksavorst.ee\/wp-content\/uploads\/2026\/04\/lauapealne-kasisegaja-1-segamisvolliga-30l-kallutatav-1.png","type":"image\/png"}],"twitter_card":"summary_large_image","twitter_misc":{"Arvioitu lukuaika":"1 minuutti"},"schema":{"@context":"https:\/\/schema.org","@graph":[{"@type":"WebPage","@id":"https:\/\/saksavorst.ee\/fi\/tuote\/30-litran-manuaalinen-lihasekoitin-kallistettava\/","url":"https:\/\/saksavorst.ee\/fi\/tuote\/30-litran-manuaalinen-lihasekoitin-kallistettava\/","name":"30 litran manuaalinen lihasekoitin kallistettava - Saksavorst","isPartOf":{"@id":"https:\/\/saksavorst.ee\/fi\/#website"},"primaryImageOfPage":{"@id":"https:\/\/saksavorst.ee\/fi\/tuote\/30-litran-manuaalinen-lihasekoitin-kallistettava\/#primaryimage"},"image":{"@id":"https:\/\/saksavorst.ee\/fi\/tuote\/30-litran-manuaalinen-lihasekoitin-kallistettava\/#primaryimage"},"thumbnailUrl":"https:\/\/saksavorst.ee\/wp-content\/uploads\/2026\/04\/lauapealne-kasisegaja-1-segamisvolliga-30l-kallutatav-1.png","datePublished":"2026-04-07T07:41:32+00:00","dateModified":"2026-04-07T08:51:19+00:00","breadcrumb":{"@id":"https:\/\/saksavorst.ee\/fi\/tuote\/30-litran-manuaalinen-lihasekoitin-kallistettava\/#breadcrumb"},"inLanguage":"fi","potentialAction":[{"@type":"ReadAction","target":["https:\/\/saksavorst.ee\/fi\/tuote\/30-litran-manuaalinen-lihasekoitin-kallistettava\/"]}]},{"@type":"ImageObject","inLanguage":"fi","@id":"https:\/\/saksavorst.ee\/fi\/tuote\/30-litran-manuaalinen-lihasekoitin-kallistettava\/#primaryimage","url":"https:\/\/saksavorst.ee\/wp-content\/uploads\/2026\/04\/lauapealne-kasisegaja-1-segamisvolliga-30l-kallutatav-1.png","contentUrl":"https:\/\/saksavorst.ee\/wp-content\/uploads\/2026\/04\/lauapealne-kasisegaja-1-segamisvolliga-30l-kallutatav-1.png","width":800,"height":800},{"@type":"BreadcrumbList","@id":"https:\/\/saksavorst.ee\/fi\/tuote\/30-litran-manuaalinen-lihasekoitin-kallistettava\/#breadcrumb","itemListElement":[{"@type":"ListItem","position":1,"name":"Home","item":"https:\/\/saksavorst.ee\/fi\/"},{"@type":"ListItem","position":2,"name":"Kauppa","item":"https:\/\/saksavorst.ee\/fi\/kauppa\/"},{"@type":"ListItem","position":3,"name":"30 litran manuaalinen lihasekoitin kallistettava"}]},{"@type":"WebSite","@id":"https:\/\/saksavorst.ee\/fi\/#website","url":"https:\/\/saksavorst.ee\/fi\/","name":"Saksavorst","description":"Feel the taste of emotions","publisher":{"@id":"https:\/\/saksavorst.ee\/fi\/#organization"},"alternateName":"Veikand","potentialAction":[{"@type":"SearchAction","target":{"@type":"EntryPoint","urlTemplate":"https:\/\/saksavorst.ee\/fi\/?s={search_term_string}"},"query-input":{"@type":"PropertyValueSpecification","valueRequired":true,"valueName":"search_term_string"}}],"inLanguage":"fi"},{"@type":"Organization","@id":"https:\/\/saksavorst.ee\/fi\/#organization","name":"Saksavorst","alternateName":"Veikand","url":"https:\/\/saksavorst.ee\/fi\/","logo":{"@type":"ImageObject","inLanguage":"fi","@id":"https:\/\/saksavorst.ee\/fi\/#\/schema\/logo\/image\/","url":"https:\/\/saksavorst.ee\/wp-content\/uploads\/2023\/05\/veikand-logo.jpg","contentUrl":"https:\/\/saksavorst.ee\/wp-content\/uploads\/2023\/05\/veikand-logo.jpg","width":217,"height":217,"caption":"Saksavorst"},"image":{"@id":"https:\/\/saksavorst.ee\/fi\/#\/schema\/logo\/image\/"},"sameAs":["https:\/\/www.facebook.com\/Veikand"]}]}},"_links":{"self":[{"href":"https:\/\/saksavorst.ee\/fi\/wp-json\/wp\/v2\/product\/50306","targetHints":{"allow":["GET"]}}],"collection":[{"href":"https:\/\/saksavorst.ee\/fi\/wp-json\/wp\/v2\/product"}],"about":[{"href":"https:\/\/saksavorst.ee\/fi\/wp-json\/wp\/v2\/types\/product"}],"version-history":[{"count":2,"href":"https:\/\/saksavorst.ee\/fi\/wp-json\/wp\/v2\/product\/50306\/revisions"}],"predecessor-version":[{"id":50335,"href":"https:\/\/saksavorst.ee\/fi\/wp-json\/wp\/v2\/product\/50306\/revisions\/50335"}],"wp:featuredmedia":[{"embeddable":true,"href":"https:\/\/saksavorst.ee\/fi\/wp-json\/wp\/v2\/media\/50316"}],"wp:attachment":[{"href":"https:\/\/saksavorst.ee\/fi\/wp-json\/wp\/v2\/media?parent=50306"}],"wp:term":[{"taxonomy":"product_brand","embeddable":true,"href":"https:\/\/saksavorst.ee\/fi\/wp-json\/wp\/v2\/product_brand?post=50306"},{"taxonomy":"product_cat","embeddable":true,"href":"https:\/\/saksavorst.ee\/fi\/wp-json\/wp\/v2\/product_cat?post=50306"},{"taxonomy":"product_tag","embeddable":true,"href":"https:\/\/saksavorst.ee\/fi\/wp-json\/wp\/v2\/product_tag?post=50306"}],"curies":[{"name":"wp","href":"https:\/\/api.w.org\/{rel}","templated":true}]}}