{"id":49391,"date":"2026-02-05T15:55:41","date_gmt":"2026-02-05T13:55:41","guid":{"rendered":"https:\/\/saksavorst.ee\/?post_type=product&#038;p=49391"},"modified":"2026-03-11T14:45:26","modified_gmt":"2026-03-11T12:45:26","slug":"siansuolet-32-34-putkea-6m-2-nippua","status":"publish","type":"product","link":"https:\/\/saksavorst.ee\/fi\/tuote\/siansuolet-32-34-putkea-6m-2-nippua\/","title":{"rendered":"Siansuolet 32\/34 putkea 6m+ (2 nippua)"},"content":{"rendered":"<h4><strong>KUVAUS:<\/strong><\/h4>\n<p>M\u00e4\u00e4r\u00e4: 2 nippua = 182 m<\/p>\n<p>Pituus: 6 m+<\/p>\n<p>Menekki: 182 metrist\u00e4 riitt\u00e4\u00e4 noin 100 kg:lle makkaraa<\/p>\n<p>S\u00e4ilytet\u00e4\u00e4n viile\u00e4ss\u00e4 (0-10 \u00b0C), kuivassa ja valolta suojattuna<\/p>\n<p>Parasta ennen: katso pakkauksesta<\/p>\n<p>Valmistettu Saksassa<\/p>\n<p>Pakattu Virossa<\/p>\n<p>Valmistaja: CDS Hackner GmbH<\/p>\n<h4><strong>K\u00c4YTT\u00d6OHJE:<\/strong><\/h4>\n<p>Liota ennen k\u00e4ytt\u00f6\u00e4 35\u02daC vedess\u00e4 tunnin ajan, kunnes suolet ovat joustavia.<\/p>\n","protected":false},"excerpt":{"rendered":"<p>Luonnolliset suolatut siansuolet koossa 32\/34 sopivat erinomaisesti erilaisten makkaroiden valmistukseen.<\/p>\n","protected":false},"featured_media":49396,"template":"","meta":{"_acf_changed":false},"product_brand":[],"product_cat":[241,242],"product_tag":[],"class_list":{"0":"post-49391","1":"product","2":"type-product","3":"status-publish","4":"has-post-thumbnail","6":"product_cat-makkaran-kuoret-ja-tarvikkeet","7":"product_cat-luonnonsuolet","9":"first","10":"instock","11":"taxable","12":"shipping-taxable","13":"purchasable","14":"product-type-simple"},"acf":[],"yoast_head":"<!-- This site is optimized with the Yoast SEO plugin v27.3 - https:\/\/yoast.com\/product\/yoast-seo-wordpress\/ -->\n<title>Siansuolet 32\/34 putkea 6m+ (2 nippua) - Saksavorst<\/title>\n<meta name=\"robots\" content=\"index, follow, max-snippet:-1, max-image-preview:large, max-video-preview:-1\" \/>\n<link rel=\"canonical\" href=\"https:\/\/saksavorst.ee\/fi\/tuote\/siansuolet-32-34-putkea-6m-2-nippua\/\" \/>\n<meta property=\"og:locale\" content=\"fi_FI\" \/>\n<meta property=\"og:type\" content=\"article\" \/>\n<meta property=\"og:title\" content=\"Siansuolet 32\/34 putkea 6m+ (2 nippua) - Saksavorst\" \/>\n<meta property=\"og:description\" content=\"Luonnolliset suolatut siansuolet koossa 32\/34 sopivat erinomaisesti erilaisten makkaroiden valmistukseen.\" \/>\n<meta property=\"og:url\" content=\"https:\/\/saksavorst.ee\/fi\/tuote\/siansuolet-32-34-putkea-6m-2-nippua\/\" \/>\n<meta property=\"og:site_name\" content=\"Saksavorst\" \/>\n<meta property=\"article:publisher\" content=\"https:\/\/www.facebook.com\/Veikand\" \/>\n<meta property=\"article:modified_time\" content=\"2026-03-11T12:45:26+00:00\" \/>\n<meta property=\"og:image\" content=\"https:\/\/saksavorst.ee\/wp-content\/uploads\/2026\/02\/seasooled-32-34-tuubitud-6m-2.png\" \/>\n\t<meta property=\"og:image:width\" content=\"800\" \/>\n\t<meta property=\"og:image:height\" content=\"800\" \/>\n\t<meta property=\"og:image:type\" content=\"image\/png\" \/>\n<meta name=\"twitter:card\" content=\"summary_large_image\" \/>\n<meta name=\"twitter:label1\" content=\"Arvioitu lukuaika\" \/>\n\t<meta name=\"twitter:data1\" content=\"1 minuutti\" \/>\n<script type=\"application\/ld+json\" class=\"yoast-schema-graph\">{\"@context\":\"https:\\\/\\\/schema.org\",\"@graph\":[{\"@type\":\"WebPage\",\"@id\":\"https:\\\/\\\/saksavorst.ee\\\/fi\\\/tuote\\\/siansuolet-32-34-putkea-6m-2-nippua\\\/\",\"url\":\"https:\\\/\\\/saksavorst.ee\\\/fi\\\/tuote\\\/siansuolet-32-34-putkea-6m-2-nippua\\\/\",\"name\":\"Siansuolet 32\\\/34 putkea 6m+ (2 nippua) - Saksavorst\",\"isPartOf\":{\"@id\":\"https:\\\/\\\/saksavorst.ee\\\/fi\\\/#website\"},\"primaryImageOfPage\":{\"@id\":\"https:\\\/\\\/saksavorst.ee\\\/fi\\\/tuote\\\/siansuolet-32-34-putkea-6m-2-nippua\\\/#primaryimage\"},\"image\":{\"@id\":\"https:\\\/\\\/saksavorst.ee\\\/fi\\\/tuote\\\/siansuolet-32-34-putkea-6m-2-nippua\\\/#primaryimage\"},\"thumbnailUrl\":\"https:\\\/\\\/saksavorst.ee\\\/wp-content\\\/uploads\\\/2026\\\/02\\\/seasooled-32-34-tuubitud-6m-2.png\",\"datePublished\":\"2026-02-05T13:55:41+00:00\",\"dateModified\":\"2026-03-11T12:45:26+00:00\",\"breadcrumb\":{\"@id\":\"https:\\\/\\\/saksavorst.ee\\\/fi\\\/tuote\\\/siansuolet-32-34-putkea-6m-2-nippua\\\/#breadcrumb\"},\"inLanguage\":\"fi\",\"potentialAction\":[{\"@type\":\"ReadAction\",\"target\":[\"https:\\\/\\\/saksavorst.ee\\\/fi\\\/tuote\\\/siansuolet-32-34-putkea-6m-2-nippua\\\/\"]}]},{\"@type\":\"ImageObject\",\"inLanguage\":\"fi\",\"@id\":\"https:\\\/\\\/saksavorst.ee\\\/fi\\\/tuote\\\/siansuolet-32-34-putkea-6m-2-nippua\\\/#primaryimage\",\"url\":\"https:\\\/\\\/saksavorst.ee\\\/wp-content\\\/uploads\\\/2026\\\/02\\\/seasooled-32-34-tuubitud-6m-2.png\",\"contentUrl\":\"https:\\\/\\\/saksavorst.ee\\\/wp-content\\\/uploads\\\/2026\\\/02\\\/seasooled-32-34-tuubitud-6m-2.png\",\"width\":800,\"height\":800},{\"@type\":\"BreadcrumbList\",\"@id\":\"https:\\\/\\\/saksavorst.ee\\\/fi\\\/tuote\\\/siansuolet-32-34-putkea-6m-2-nippua\\\/#breadcrumb\",\"itemListElement\":[{\"@type\":\"ListItem\",\"position\":1,\"name\":\"Home\",\"item\":\"https:\\\/\\\/saksavorst.ee\\\/fi\\\/\"},{\"@type\":\"ListItem\",\"position\":2,\"name\":\"Kauppa\",\"item\":\"https:\\\/\\\/saksavorst.ee\\\/fi\\\/kauppa\\\/\"},{\"@type\":\"ListItem\",\"position\":3,\"name\":\"Siansuolet 32\\\/34 putkea 6m+ (2 nippua)\"}]},{\"@type\":\"WebSite\",\"@id\":\"https:\\\/\\\/saksavorst.ee\\\/fi\\\/#website\",\"url\":\"https:\\\/\\\/saksavorst.ee\\\/fi\\\/\",\"name\":\"Saksavorst\",\"description\":\"Feel the taste of emotions\",\"publisher\":{\"@id\":\"https:\\\/\\\/saksavorst.ee\\\/fi\\\/#organization\"},\"alternateName\":\"Veikand\",\"potentialAction\":[{\"@type\":\"SearchAction\",\"target\":{\"@type\":\"EntryPoint\",\"urlTemplate\":\"https:\\\/\\\/saksavorst.ee\\\/fi\\\/?s={search_term_string}\"},\"query-input\":{\"@type\":\"PropertyValueSpecification\",\"valueRequired\":true,\"valueName\":\"search_term_string\"}}],\"inLanguage\":\"fi\"},{\"@type\":\"Organization\",\"@id\":\"https:\\\/\\\/saksavorst.ee\\\/fi\\\/#organization\",\"name\":\"Saksavorst\",\"alternateName\":\"Veikand\",\"url\":\"https:\\\/\\\/saksavorst.ee\\\/fi\\\/\",\"logo\":{\"@type\":\"ImageObject\",\"inLanguage\":\"fi\",\"@id\":\"https:\\\/\\\/saksavorst.ee\\\/fi\\\/#\\\/schema\\\/logo\\\/image\\\/\",\"url\":\"https:\\\/\\\/saksavorst.ee\\\/wp-content\\\/uploads\\\/2023\\\/05\\\/veikand-logo.jpg\",\"contentUrl\":\"https:\\\/\\\/saksavorst.ee\\\/wp-content\\\/uploads\\\/2023\\\/05\\\/veikand-logo.jpg\",\"width\":217,\"height\":217,\"caption\":\"Saksavorst\"},\"image\":{\"@id\":\"https:\\\/\\\/saksavorst.ee\\\/fi\\\/#\\\/schema\\\/logo\\\/image\\\/\"},\"sameAs\":[\"https:\\\/\\\/www.facebook.com\\\/Veikand\"]}]}<\/script>\n<!-- \/ Yoast SEO plugin. -->","yoast_head_json":{"title":"Siansuolet 32\/34 putkea 6m+ (2 nippua) - Saksavorst","robots":{"index":"index","follow":"follow","max-snippet":"max-snippet:-1","max-image-preview":"max-image-preview:large","max-video-preview":"max-video-preview:-1"},"canonical":"https:\/\/saksavorst.ee\/fi\/tuote\/siansuolet-32-34-putkea-6m-2-nippua\/","og_locale":"fi_FI","og_type":"article","og_title":"Siansuolet 32\/34 putkea 6m+ (2 nippua) - Saksavorst","og_description":"Luonnolliset suolatut siansuolet koossa 32\/34 sopivat erinomaisesti erilaisten makkaroiden valmistukseen.","og_url":"https:\/\/saksavorst.ee\/fi\/tuote\/siansuolet-32-34-putkea-6m-2-nippua\/","og_site_name":"Saksavorst","article_publisher":"https:\/\/www.facebook.com\/Veikand","article_modified_time":"2026-03-11T12:45:26+00:00","og_image":[{"width":800,"height":800,"url":"https:\/\/saksavorst.ee\/wp-content\/uploads\/2026\/02\/seasooled-32-34-tuubitud-6m-2.png","type":"image\/png"}],"twitter_card":"summary_large_image","twitter_misc":{"Arvioitu lukuaika":"1 minuutti"},"schema":{"@context":"https:\/\/schema.org","@graph":[{"@type":"WebPage","@id":"https:\/\/saksavorst.ee\/fi\/tuote\/siansuolet-32-34-putkea-6m-2-nippua\/","url":"https:\/\/saksavorst.ee\/fi\/tuote\/siansuolet-32-34-putkea-6m-2-nippua\/","name":"Siansuolet 32\/34 putkea 6m+ (2 nippua) - Saksavorst","isPartOf":{"@id":"https:\/\/saksavorst.ee\/fi\/#website"},"primaryImageOfPage":{"@id":"https:\/\/saksavorst.ee\/fi\/tuote\/siansuolet-32-34-putkea-6m-2-nippua\/#primaryimage"},"image":{"@id":"https:\/\/saksavorst.ee\/fi\/tuote\/siansuolet-32-34-putkea-6m-2-nippua\/#primaryimage"},"thumbnailUrl":"https:\/\/saksavorst.ee\/wp-content\/uploads\/2026\/02\/seasooled-32-34-tuubitud-6m-2.png","datePublished":"2026-02-05T13:55:41+00:00","dateModified":"2026-03-11T12:45:26+00:00","breadcrumb":{"@id":"https:\/\/saksavorst.ee\/fi\/tuote\/siansuolet-32-34-putkea-6m-2-nippua\/#breadcrumb"},"inLanguage":"fi","potentialAction":[{"@type":"ReadAction","target":["https:\/\/saksavorst.ee\/fi\/tuote\/siansuolet-32-34-putkea-6m-2-nippua\/"]}]},{"@type":"ImageObject","inLanguage":"fi","@id":"https:\/\/saksavorst.ee\/fi\/tuote\/siansuolet-32-34-putkea-6m-2-nippua\/#primaryimage","url":"https:\/\/saksavorst.ee\/wp-content\/uploads\/2026\/02\/seasooled-32-34-tuubitud-6m-2.png","contentUrl":"https:\/\/saksavorst.ee\/wp-content\/uploads\/2026\/02\/seasooled-32-34-tuubitud-6m-2.png","width":800,"height":800},{"@type":"BreadcrumbList","@id":"https:\/\/saksavorst.ee\/fi\/tuote\/siansuolet-32-34-putkea-6m-2-nippua\/#breadcrumb","itemListElement":[{"@type":"ListItem","position":1,"name":"Home","item":"https:\/\/saksavorst.ee\/fi\/"},{"@type":"ListItem","position":2,"name":"Kauppa","item":"https:\/\/saksavorst.ee\/fi\/kauppa\/"},{"@type":"ListItem","position":3,"name":"Siansuolet 32\/34 putkea 6m+ (2 nippua)"}]},{"@type":"WebSite","@id":"https:\/\/saksavorst.ee\/fi\/#website","url":"https:\/\/saksavorst.ee\/fi\/","name":"Saksavorst","description":"Feel the taste of emotions","publisher":{"@id":"https:\/\/saksavorst.ee\/fi\/#organization"},"alternateName":"Veikand","potentialAction":[{"@type":"SearchAction","target":{"@type":"EntryPoint","urlTemplate":"https:\/\/saksavorst.ee\/fi\/?s={search_term_string}"},"query-input":{"@type":"PropertyValueSpecification","valueRequired":true,"valueName":"search_term_string"}}],"inLanguage":"fi"},{"@type":"Organization","@id":"https:\/\/saksavorst.ee\/fi\/#organization","name":"Saksavorst","alternateName":"Veikand","url":"https:\/\/saksavorst.ee\/fi\/","logo":{"@type":"ImageObject","inLanguage":"fi","@id":"https:\/\/saksavorst.ee\/fi\/#\/schema\/logo\/image\/","url":"https:\/\/saksavorst.ee\/wp-content\/uploads\/2023\/05\/veikand-logo.jpg","contentUrl":"https:\/\/saksavorst.ee\/wp-content\/uploads\/2023\/05\/veikand-logo.jpg","width":217,"height":217,"caption":"Saksavorst"},"image":{"@id":"https:\/\/saksavorst.ee\/fi\/#\/schema\/logo\/image\/"},"sameAs":["https:\/\/www.facebook.com\/Veikand"]}]}},"_links":{"self":[{"href":"https:\/\/saksavorst.ee\/fi\/wp-json\/wp\/v2\/product\/49391","targetHints":{"allow":["GET"]}}],"collection":[{"href":"https:\/\/saksavorst.ee\/fi\/wp-json\/wp\/v2\/product"}],"about":[{"href":"https:\/\/saksavorst.ee\/fi\/wp-json\/wp\/v2\/types\/product"}],"version-history":[{"count":2,"href":"https:\/\/saksavorst.ee\/fi\/wp-json\/wp\/v2\/product\/49391\/revisions"}],"predecessor-version":[{"id":49861,"href":"https:\/\/saksavorst.ee\/fi\/wp-json\/wp\/v2\/product\/49391\/revisions\/49861"}],"wp:featuredmedia":[{"embeddable":true,"href":"https:\/\/saksavorst.ee\/fi\/wp-json\/wp\/v2\/media\/49396"}],"wp:attachment":[{"href":"https:\/\/saksavorst.ee\/fi\/wp-json\/wp\/v2\/media?parent=49391"}],"wp:term":[{"taxonomy":"product_brand","embeddable":true,"href":"https:\/\/saksavorst.ee\/fi\/wp-json\/wp\/v2\/product_brand?post=49391"},{"taxonomy":"product_cat","embeddable":true,"href":"https:\/\/saksavorst.ee\/fi\/wp-json\/wp\/v2\/product_cat?post=49391"},{"taxonomy":"product_tag","embeddable":true,"href":"https:\/\/saksavorst.ee\/fi\/wp-json\/wp\/v2\/product_tag?post=49391"}],"curies":[{"name":"wp","href":"https:\/\/api.w.org\/{rel}","templated":true}]}}