{"id":49264,"date":"2026-01-27T13:56:06","date_gmt":"2026-01-27T11:56:06","guid":{"rendered":"https:\/\/saksavorst.ee\/?post_type=product&#038;p=49264"},"modified":"2026-01-27T14:12:58","modified_gmt":"2026-01-27T12:12:58","slug":"makkaraleikkuri-bartscher","status":"publish","type":"product","link":"https:\/\/saksavorst.ee\/fi\/tuote\/makkaraleikkuri-bartscher\/","title":{"rendered":"Makkaraleikkuri BARTSCHER"},"content":{"rendered":"<p>Valmistaja: Bartscher GmbH<\/p>\n<p>Malli: 120579<\/p>\n<p>Ruostumaton ter\u00e4s<\/p>\n<p>K\u00e4ytt\u00f6leveys: 210 mm<\/p>\n<p>Veitsi\u00e4: 10 kpl<\/p>\n<p>Syvyys: 115 mm<\/p>\n<p>Ulkomitat P x L x K: 300 x 115 x 210 mm<\/p>\n<p>Paino: 2,3 kg<\/p>\n","protected":false},"excerpt":{"rendered":"<p>Currymakkaraleikkuri on tarkoitettu makkaroiden viipalointiin.<\/p>\n<p>Sijoittaminen<br \/>\n1. Aseta laite tasaiselle alustalle, jonka kantavuus on riitt\u00e4v\u00e4 laitteen painolle ja joka on riitt\u00e4v\u00e4n vakaa.<br \/>\n2. \u00c4l\u00e4 koskaan aseta laitetta reunalle tai reunalle.<br \/>\n3. Ennen k\u00e4ytt\u00f6\u00e4 varmista, ett\u00e4 kumijalat ovat tukevasti kiinni ty\u00f6tasossa ja ett\u00e4 laite on turvallisesti paikallaan.<br \/>\n4. Aseta laite siten, ett\u00e4 suppiloaukko on edess\u00e4.<\/p>\n<p>K\u00e4ytt\u00f6<br \/>\n1. Aseta lautanen pohjalevylle suppilon aukon alle.<br \/>\n2. Aseta sitten makkara suppilon aukkoon oikeanpuoleisilla pihteill\u00e4.<br \/>\n3. Ty\u00f6nn\u00e4 k\u00e4ytt\u00f6vipua poisp\u00e4in itsest\u00e4si.<br \/>\n4. Makkaranpalat putoavat lautaselle.<\/p>\n","protected":false},"featured_media":49269,"template":"","meta":{"_acf_changed":false},"product_brand":[],"product_cat":[219,221,325],"product_tag":[],"class_list":{"0":"post-49264","1":"product","2":"type-product","3":"status-publish","4":"has-post-thumbnail","6":"product_cat-alennetut-tuotteet","7":"product_cat-kaikki-tuotteet","8":"product_cat-laitteet","10":"first","11":"instock","12":"sale","13":"sold-individually","14":"taxable","15":"shipping-taxable","16":"purchasable","17":"product-type-simple"},"acf":[],"yoast_head":"<!-- This site is optimized with the Yoast SEO plugin v27.3 - https:\/\/yoast.com\/product\/yoast-seo-wordpress\/ -->\n<title>Makkaraleikkuri BARTSCHER - Saksavorst<\/title>\n<meta name=\"robots\" content=\"index, follow, max-snippet:-1, max-image-preview:large, max-video-preview:-1\" \/>\n<link rel=\"canonical\" href=\"https:\/\/saksavorst.ee\/fi\/tuote\/makkaraleikkuri-bartscher\/\" \/>\n<meta property=\"og:locale\" content=\"fi_FI\" \/>\n<meta property=\"og:type\" content=\"article\" \/>\n<meta property=\"og:title\" content=\"Makkaraleikkuri BARTSCHER - Saksavorst\" \/>\n<meta property=\"og:description\" content=\"Currymakkaraleikkuri on tarkoitettu makkaroiden viipalointiin.  Sijoittaminen 1. Aseta laite tasaiselle alustalle, jonka kantavuus on riitt\u00e4v\u00e4 laitteen painolle ja joka on riitt\u00e4v\u00e4n vakaa. 2. \u00c4l\u00e4 koskaan aseta laitetta reunalle tai reunalle. 3. Ennen k\u00e4ytt\u00f6\u00e4 varmista, ett\u00e4 kumijalat ovat tukevasti kiinni ty\u00f6tasossa ja ett\u00e4 laite on turvallisesti paikallaan. 4. Aseta laite siten, ett\u00e4 suppiloaukko on edess\u00e4.  K\u00e4ytt\u00f6 1. Aseta lautanen pohjalevylle suppilon aukon alle. 2. Aseta sitten makkara suppilon aukkoon oikeanpuoleisilla pihteill\u00e4. 3. Ty\u00f6nn\u00e4 k\u00e4ytt\u00f6vipua poisp\u00e4in itsest\u00e4si. 4. Makkaranpalat putoavat lautaselle.\" \/>\n<meta property=\"og:url\" content=\"https:\/\/saksavorst.ee\/fi\/tuote\/makkaraleikkuri-bartscher\/\" \/>\n<meta property=\"og:site_name\" content=\"Saksavorst\" \/>\n<meta property=\"article:publisher\" content=\"https:\/\/www.facebook.com\/Veikand\" \/>\n<meta property=\"article:modified_time\" content=\"2026-01-27T12:12:58+00:00\" \/>\n<meta property=\"og:image\" content=\"https:\/\/saksavorst.ee\/wp-content\/uploads\/2026\/01\/vorstiloikur-bartscher-1.jpg\" \/>\n\t<meta property=\"og:image:width\" content=\"800\" \/>\n\t<meta property=\"og:image:height\" content=\"800\" \/>\n\t<meta property=\"og:image:type\" content=\"image\/jpeg\" \/>\n<meta name=\"twitter:card\" content=\"summary_large_image\" \/>\n<meta name=\"twitter:label1\" content=\"Arvioitu lukuaika\" \/>\n\t<meta name=\"twitter:data1\" content=\"1 minuutti\" \/>\n<script type=\"application\/ld+json\" class=\"yoast-schema-graph\">{\"@context\":\"https:\\\/\\\/schema.org\",\"@graph\":[{\"@type\":\"WebPage\",\"@id\":\"https:\\\/\\\/saksavorst.ee\\\/fi\\\/tuote\\\/makkaraleikkuri-bartscher\\\/\",\"url\":\"https:\\\/\\\/saksavorst.ee\\\/fi\\\/tuote\\\/makkaraleikkuri-bartscher\\\/\",\"name\":\"Makkaraleikkuri BARTSCHER - Saksavorst\",\"isPartOf\":{\"@id\":\"https:\\\/\\\/saksavorst.ee\\\/fi\\\/#website\"},\"primaryImageOfPage\":{\"@id\":\"https:\\\/\\\/saksavorst.ee\\\/fi\\\/tuote\\\/makkaraleikkuri-bartscher\\\/#primaryimage\"},\"image\":{\"@id\":\"https:\\\/\\\/saksavorst.ee\\\/fi\\\/tuote\\\/makkaraleikkuri-bartscher\\\/#primaryimage\"},\"thumbnailUrl\":\"https:\\\/\\\/saksavorst.ee\\\/wp-content\\\/uploads\\\/2026\\\/01\\\/vorstiloikur-bartscher-1.jpg\",\"datePublished\":\"2026-01-27T11:56:06+00:00\",\"dateModified\":\"2026-01-27T12:12:58+00:00\",\"breadcrumb\":{\"@id\":\"https:\\\/\\\/saksavorst.ee\\\/fi\\\/tuote\\\/makkaraleikkuri-bartscher\\\/#breadcrumb\"},\"inLanguage\":\"fi\",\"potentialAction\":[{\"@type\":\"ReadAction\",\"target\":[\"https:\\\/\\\/saksavorst.ee\\\/fi\\\/tuote\\\/makkaraleikkuri-bartscher\\\/\"]}]},{\"@type\":\"ImageObject\",\"inLanguage\":\"fi\",\"@id\":\"https:\\\/\\\/saksavorst.ee\\\/fi\\\/tuote\\\/makkaraleikkuri-bartscher\\\/#primaryimage\",\"url\":\"https:\\\/\\\/saksavorst.ee\\\/wp-content\\\/uploads\\\/2026\\\/01\\\/vorstiloikur-bartscher-1.jpg\",\"contentUrl\":\"https:\\\/\\\/saksavorst.ee\\\/wp-content\\\/uploads\\\/2026\\\/01\\\/vorstiloikur-bartscher-1.jpg\",\"width\":800,\"height\":800},{\"@type\":\"BreadcrumbList\",\"@id\":\"https:\\\/\\\/saksavorst.ee\\\/fi\\\/tuote\\\/makkaraleikkuri-bartscher\\\/#breadcrumb\",\"itemListElement\":[{\"@type\":\"ListItem\",\"position\":1,\"name\":\"Home\",\"item\":\"https:\\\/\\\/saksavorst.ee\\\/fi\\\/\"},{\"@type\":\"ListItem\",\"position\":2,\"name\":\"Kauppa\",\"item\":\"https:\\\/\\\/saksavorst.ee\\\/fi\\\/kauppa\\\/\"},{\"@type\":\"ListItem\",\"position\":3,\"name\":\"Makkaraleikkuri BARTSCHER\"}]},{\"@type\":\"WebSite\",\"@id\":\"https:\\\/\\\/saksavorst.ee\\\/fi\\\/#website\",\"url\":\"https:\\\/\\\/saksavorst.ee\\\/fi\\\/\",\"name\":\"Saksavorst\",\"description\":\"Feel the taste of emotions\",\"publisher\":{\"@id\":\"https:\\\/\\\/saksavorst.ee\\\/fi\\\/#organization\"},\"alternateName\":\"Veikand\",\"potentialAction\":[{\"@type\":\"SearchAction\",\"target\":{\"@type\":\"EntryPoint\",\"urlTemplate\":\"https:\\\/\\\/saksavorst.ee\\\/fi\\\/?s={search_term_string}\"},\"query-input\":{\"@type\":\"PropertyValueSpecification\",\"valueRequired\":true,\"valueName\":\"search_term_string\"}}],\"inLanguage\":\"fi\"},{\"@type\":\"Organization\",\"@id\":\"https:\\\/\\\/saksavorst.ee\\\/fi\\\/#organization\",\"name\":\"Saksavorst\",\"alternateName\":\"Veikand\",\"url\":\"https:\\\/\\\/saksavorst.ee\\\/fi\\\/\",\"logo\":{\"@type\":\"ImageObject\",\"inLanguage\":\"fi\",\"@id\":\"https:\\\/\\\/saksavorst.ee\\\/fi\\\/#\\\/schema\\\/logo\\\/image\\\/\",\"url\":\"https:\\\/\\\/saksavorst.ee\\\/wp-content\\\/uploads\\\/2023\\\/05\\\/veikand-logo.jpg\",\"contentUrl\":\"https:\\\/\\\/saksavorst.ee\\\/wp-content\\\/uploads\\\/2023\\\/05\\\/veikand-logo.jpg\",\"width\":217,\"height\":217,\"caption\":\"Saksavorst\"},\"image\":{\"@id\":\"https:\\\/\\\/saksavorst.ee\\\/fi\\\/#\\\/schema\\\/logo\\\/image\\\/\"},\"sameAs\":[\"https:\\\/\\\/www.facebook.com\\\/Veikand\"]}]}<\/script>\n<!-- \/ Yoast SEO plugin. -->","yoast_head_json":{"title":"Makkaraleikkuri BARTSCHER - Saksavorst","robots":{"index":"index","follow":"follow","max-snippet":"max-snippet:-1","max-image-preview":"max-image-preview:large","max-video-preview":"max-video-preview:-1"},"canonical":"https:\/\/saksavorst.ee\/fi\/tuote\/makkaraleikkuri-bartscher\/","og_locale":"fi_FI","og_type":"article","og_title":"Makkaraleikkuri BARTSCHER - Saksavorst","og_description":"Currymakkaraleikkuri on tarkoitettu makkaroiden viipalointiin.  Sijoittaminen 1. Aseta laite tasaiselle alustalle, jonka kantavuus on riitt\u00e4v\u00e4 laitteen painolle ja joka on riitt\u00e4v\u00e4n vakaa. 2. \u00c4l\u00e4 koskaan aseta laitetta reunalle tai reunalle. 3. Ennen k\u00e4ytt\u00f6\u00e4 varmista, ett\u00e4 kumijalat ovat tukevasti kiinni ty\u00f6tasossa ja ett\u00e4 laite on turvallisesti paikallaan. 4. Aseta laite siten, ett\u00e4 suppiloaukko on edess\u00e4.  K\u00e4ytt\u00f6 1. Aseta lautanen pohjalevylle suppilon aukon alle. 2. Aseta sitten makkara suppilon aukkoon oikeanpuoleisilla pihteill\u00e4. 3. Ty\u00f6nn\u00e4 k\u00e4ytt\u00f6vipua poisp\u00e4in itsest\u00e4si. 4. Makkaranpalat putoavat lautaselle.","og_url":"https:\/\/saksavorst.ee\/fi\/tuote\/makkaraleikkuri-bartscher\/","og_site_name":"Saksavorst","article_publisher":"https:\/\/www.facebook.com\/Veikand","article_modified_time":"2026-01-27T12:12:58+00:00","og_image":[{"width":800,"height":800,"url":"https:\/\/saksavorst.ee\/wp-content\/uploads\/2026\/01\/vorstiloikur-bartscher-1.jpg","type":"image\/jpeg"}],"twitter_card":"summary_large_image","twitter_misc":{"Arvioitu lukuaika":"1 minuutti"},"schema":{"@context":"https:\/\/schema.org","@graph":[{"@type":"WebPage","@id":"https:\/\/saksavorst.ee\/fi\/tuote\/makkaraleikkuri-bartscher\/","url":"https:\/\/saksavorst.ee\/fi\/tuote\/makkaraleikkuri-bartscher\/","name":"Makkaraleikkuri BARTSCHER - Saksavorst","isPartOf":{"@id":"https:\/\/saksavorst.ee\/fi\/#website"},"primaryImageOfPage":{"@id":"https:\/\/saksavorst.ee\/fi\/tuote\/makkaraleikkuri-bartscher\/#primaryimage"},"image":{"@id":"https:\/\/saksavorst.ee\/fi\/tuote\/makkaraleikkuri-bartscher\/#primaryimage"},"thumbnailUrl":"https:\/\/saksavorst.ee\/wp-content\/uploads\/2026\/01\/vorstiloikur-bartscher-1.jpg","datePublished":"2026-01-27T11:56:06+00:00","dateModified":"2026-01-27T12:12:58+00:00","breadcrumb":{"@id":"https:\/\/saksavorst.ee\/fi\/tuote\/makkaraleikkuri-bartscher\/#breadcrumb"},"inLanguage":"fi","potentialAction":[{"@type":"ReadAction","target":["https:\/\/saksavorst.ee\/fi\/tuote\/makkaraleikkuri-bartscher\/"]}]},{"@type":"ImageObject","inLanguage":"fi","@id":"https:\/\/saksavorst.ee\/fi\/tuote\/makkaraleikkuri-bartscher\/#primaryimage","url":"https:\/\/saksavorst.ee\/wp-content\/uploads\/2026\/01\/vorstiloikur-bartscher-1.jpg","contentUrl":"https:\/\/saksavorst.ee\/wp-content\/uploads\/2026\/01\/vorstiloikur-bartscher-1.jpg","width":800,"height":800},{"@type":"BreadcrumbList","@id":"https:\/\/saksavorst.ee\/fi\/tuote\/makkaraleikkuri-bartscher\/#breadcrumb","itemListElement":[{"@type":"ListItem","position":1,"name":"Home","item":"https:\/\/saksavorst.ee\/fi\/"},{"@type":"ListItem","position":2,"name":"Kauppa","item":"https:\/\/saksavorst.ee\/fi\/kauppa\/"},{"@type":"ListItem","position":3,"name":"Makkaraleikkuri BARTSCHER"}]},{"@type":"WebSite","@id":"https:\/\/saksavorst.ee\/fi\/#website","url":"https:\/\/saksavorst.ee\/fi\/","name":"Saksavorst","description":"Feel the taste of emotions","publisher":{"@id":"https:\/\/saksavorst.ee\/fi\/#organization"},"alternateName":"Veikand","potentialAction":[{"@type":"SearchAction","target":{"@type":"EntryPoint","urlTemplate":"https:\/\/saksavorst.ee\/fi\/?s={search_term_string}"},"query-input":{"@type":"PropertyValueSpecification","valueRequired":true,"valueName":"search_term_string"}}],"inLanguage":"fi"},{"@type":"Organization","@id":"https:\/\/saksavorst.ee\/fi\/#organization","name":"Saksavorst","alternateName":"Veikand","url":"https:\/\/saksavorst.ee\/fi\/","logo":{"@type":"ImageObject","inLanguage":"fi","@id":"https:\/\/saksavorst.ee\/fi\/#\/schema\/logo\/image\/","url":"https:\/\/saksavorst.ee\/wp-content\/uploads\/2023\/05\/veikand-logo.jpg","contentUrl":"https:\/\/saksavorst.ee\/wp-content\/uploads\/2023\/05\/veikand-logo.jpg","width":217,"height":217,"caption":"Saksavorst"},"image":{"@id":"https:\/\/saksavorst.ee\/fi\/#\/schema\/logo\/image\/"},"sameAs":["https:\/\/www.facebook.com\/Veikand"]}]}},"_links":{"self":[{"href":"https:\/\/saksavorst.ee\/fi\/wp-json\/wp\/v2\/product\/49264","targetHints":{"allow":["GET"]}}],"collection":[{"href":"https:\/\/saksavorst.ee\/fi\/wp-json\/wp\/v2\/product"}],"about":[{"href":"https:\/\/saksavorst.ee\/fi\/wp-json\/wp\/v2\/types\/product"}],"version-history":[{"count":1,"href":"https:\/\/saksavorst.ee\/fi\/wp-json\/wp\/v2\/product\/49264\/revisions"}],"predecessor-version":[{"id":49274,"href":"https:\/\/saksavorst.ee\/fi\/wp-json\/wp\/v2\/product\/49264\/revisions\/49274"}],"wp:featuredmedia":[{"embeddable":true,"href":"https:\/\/saksavorst.ee\/fi\/wp-json\/wp\/v2\/media\/49269"}],"wp:attachment":[{"href":"https:\/\/saksavorst.ee\/fi\/wp-json\/wp\/v2\/media?parent=49264"}],"wp:term":[{"taxonomy":"product_brand","embeddable":true,"href":"https:\/\/saksavorst.ee\/fi\/wp-json\/wp\/v2\/product_brand?post=49264"},{"taxonomy":"product_cat","embeddable":true,"href":"https:\/\/saksavorst.ee\/fi\/wp-json\/wp\/v2\/product_cat?post=49264"},{"taxonomy":"product_tag","embeddable":true,"href":"https:\/\/saksavorst.ee\/fi\/wp-json\/wp\/v2\/product_tag?post=49264"}],"curies":[{"name":"wp","href":"https:\/\/api.w.org\/{rel}","templated":true}]}}