{"id":49020,"date":"2026-01-19T12:59:44","date_gmt":"2026-01-19T10:59:44","guid":{"rendered":"https:\/\/saksavorst.ee\/?post_type=product&#038;p=49020"},"modified":"2026-01-19T13:55:31","modified_gmt":"2026-01-19T11:55:31","slug":"artisokan-sydamet-didilo-290g-165g","status":"publish","type":"product","link":"https:\/\/saksavorst.ee\/fi\/tuote\/artisokan-sydamet-didilo-290g-165g\/","title":{"rendered":"Artisokan syd\u00e4met DIDILO 290g\/165g"},"content":{"rendered":"<h4>CORAZONES DE ALCACHOFA<\/h4>\n<h4><strong>Ainesosat:<\/strong><\/h4>\n<p>Artisokan syd\u00e4met, vesi, suola, happo E-330, antioksidantti E-330<\/p>\n<p>M\u00e4\u00e4r\u00e4: brutto 290 g, netto 165 g<\/p>\n<p>Suositeltu annostus: maun mukaan<\/p>\n<p>S\u00e4ilytet\u00e4\u00e4n viile\u00e4ss\u00e4 (11-25 \u00b0C), kuivassa ja valolta suojattuna<\/p>\n<p>Parasta ennen: katso pakkauksesta<\/p>\n<p>Avattuna s\u00e4ilyy j\u00e4\u00e4kaapissa 5 p\u00e4iv\u00e4\u00e4<\/p>\n<h4><strong>Ravintoarvo 100 g tuotetta kohden:<\/strong><\/h4>\n<p>Energiasis\u00e4lt\u00f6 167 kJ \/ 40 kcal<br \/>\nRasvoja 0 g<br \/>\njosta tyydyttyneit\u00e4 0 g<br \/>\nHiilihydraatteja 6 g<br \/>\njosta sokereita 1,3 g<br \/>\nProteiinia 1,7 g<br \/>\nSuolaa 0,78 g<\/p>\n<p>Valmistusmaa: Espanja<\/p>\n<p>Valmistaja: Aceites Malaga S.L.<\/p>\n","protected":false},"excerpt":{"rendered":"<p>T\u00e4m\u00e4 korkealaatuinen tuote on valmistettu tuoreista ja vastapoimituista artisokista, joista k\u00e4ytet\u00e4\u00e4n vain parasta osaa \u2013 artisokan syd\u00e4nt\u00e4. Se tunnetaan ravintoarvoistaan \u200b\u200bja mineraalisuoloistaan, ja se sis\u00e4lt\u00e4\u00e4 monia hy\u00f6dyllisi\u00e4 ominaisuuksia. \u00d6ljyss\u00e4 s\u00e4ilyv\u00e4t artisokan syd\u00e4met sopivat k\u00e4ytett\u00e4v\u00e4ksi antipastojen osana tai lis\u00e4\u00e4m\u00e4\u00e4n j\u00e4nnitt\u00e4vi\u00e4 makuvivahteita salaatteihin.<\/p>\n","protected":false},"featured_media":49025,"template":"","meta":{"_acf_changed":false},"product_brand":[],"product_cat":[484,219,489],"product_tag":[],"class_list":{"0":"post-49020","1":"product","2":"type-product","3":"status-publish","4":"has-post-thumbnail","6":"product_cat-kausittaiset-suosikit","7":"product_cat-alennetut-tuotteet","8":"product_cat-elintarvikkeet","10":"first","11":"instock","12":"sale","13":"taxable","14":"shipping-taxable","15":"purchasable","16":"product-type-simple"},"acf":[],"yoast_head":"<!-- This site is optimized with the Yoast SEO plugin v27.3 - https:\/\/yoast.com\/product\/yoast-seo-wordpress\/ -->\n<title>Artisokan syd\u00e4met DIDILO 290g\/165g - Saksavorst<\/title>\n<meta name=\"robots\" content=\"index, follow, max-snippet:-1, max-image-preview:large, max-video-preview:-1\" \/>\n<link rel=\"canonical\" href=\"https:\/\/saksavorst.ee\/fi\/tuote\/artisokan-sydamet-didilo-290g-165g\/\" \/>\n<meta property=\"og:locale\" content=\"fi_FI\" \/>\n<meta property=\"og:type\" content=\"article\" \/>\n<meta property=\"og:title\" content=\"Artisokan syd\u00e4met DIDILO 290g\/165g - Saksavorst\" \/>\n<meta property=\"og:description\" content=\"T\u00e4m\u00e4 korkealaatuinen tuote on valmistettu tuoreista ja vastapoimituista artisokista, joista k\u00e4ytet\u00e4\u00e4n vain parasta osaa \u2013 artisokan syd\u00e4nt\u00e4. Se tunnetaan ravintoarvoistaan \u200b\u200bja mineraalisuoloistaan, ja se sis\u00e4lt\u00e4\u00e4 monia hy\u00f6dyllisi\u00e4 ominaisuuksia. \u00d6ljyss\u00e4 s\u00e4ilyv\u00e4t artisokan syd\u00e4met sopivat k\u00e4ytett\u00e4v\u00e4ksi antipastojen osana tai lis\u00e4\u00e4m\u00e4\u00e4n j\u00e4nnitt\u00e4vi\u00e4 makuvivahteita salaatteihin.\" \/>\n<meta property=\"og:url\" content=\"https:\/\/saksavorst.ee\/fi\/tuote\/artisokan-sydamet-didilo-290g-165g\/\" \/>\n<meta property=\"og:site_name\" content=\"Saksavorst\" \/>\n<meta property=\"article:publisher\" content=\"https:\/\/www.facebook.com\/Veikand\" \/>\n<meta property=\"article:modified_time\" content=\"2026-01-19T11:55:31+00:00\" \/>\n<meta property=\"og:image\" content=\"https:\/\/saksavorst.ee\/wp-content\/uploads\/2026\/01\/artisoki-sudamed-290g-165g.jpg\" \/>\n\t<meta property=\"og:image:width\" content=\"800\" \/>\n\t<meta property=\"og:image:height\" content=\"800\" \/>\n\t<meta property=\"og:image:type\" content=\"image\/jpeg\" \/>\n<meta name=\"twitter:card\" content=\"summary_large_image\" \/>\n<meta name=\"twitter:label1\" content=\"Arvioitu lukuaika\" \/>\n\t<meta name=\"twitter:data1\" content=\"1 minuutti\" \/>\n<script type=\"application\/ld+json\" class=\"yoast-schema-graph\">{\"@context\":\"https:\\\/\\\/schema.org\",\"@graph\":[{\"@type\":\"WebPage\",\"@id\":\"https:\\\/\\\/saksavorst.ee\\\/fi\\\/tuote\\\/artisokan-sydamet-didilo-290g-165g\\\/\",\"url\":\"https:\\\/\\\/saksavorst.ee\\\/fi\\\/tuote\\\/artisokan-sydamet-didilo-290g-165g\\\/\",\"name\":\"Artisokan syd\u00e4met DIDILO 290g\\\/165g - Saksavorst\",\"isPartOf\":{\"@id\":\"https:\\\/\\\/saksavorst.ee\\\/fi\\\/#website\"},\"primaryImageOfPage\":{\"@id\":\"https:\\\/\\\/saksavorst.ee\\\/fi\\\/tuote\\\/artisokan-sydamet-didilo-290g-165g\\\/#primaryimage\"},\"image\":{\"@id\":\"https:\\\/\\\/saksavorst.ee\\\/fi\\\/tuote\\\/artisokan-sydamet-didilo-290g-165g\\\/#primaryimage\"},\"thumbnailUrl\":\"https:\\\/\\\/saksavorst.ee\\\/wp-content\\\/uploads\\\/2026\\\/01\\\/artisoki-sudamed-290g-165g.jpg\",\"datePublished\":\"2026-01-19T10:59:44+00:00\",\"dateModified\":\"2026-01-19T11:55:31+00:00\",\"breadcrumb\":{\"@id\":\"https:\\\/\\\/saksavorst.ee\\\/fi\\\/tuote\\\/artisokan-sydamet-didilo-290g-165g\\\/#breadcrumb\"},\"inLanguage\":\"fi\",\"potentialAction\":[{\"@type\":\"ReadAction\",\"target\":[\"https:\\\/\\\/saksavorst.ee\\\/fi\\\/tuote\\\/artisokan-sydamet-didilo-290g-165g\\\/\"]}]},{\"@type\":\"ImageObject\",\"inLanguage\":\"fi\",\"@id\":\"https:\\\/\\\/saksavorst.ee\\\/fi\\\/tuote\\\/artisokan-sydamet-didilo-290g-165g\\\/#primaryimage\",\"url\":\"https:\\\/\\\/saksavorst.ee\\\/wp-content\\\/uploads\\\/2026\\\/01\\\/artisoki-sudamed-290g-165g.jpg\",\"contentUrl\":\"https:\\\/\\\/saksavorst.ee\\\/wp-content\\\/uploads\\\/2026\\\/01\\\/artisoki-sudamed-290g-165g.jpg\",\"width\":800,\"height\":800},{\"@type\":\"BreadcrumbList\",\"@id\":\"https:\\\/\\\/saksavorst.ee\\\/fi\\\/tuote\\\/artisokan-sydamet-didilo-290g-165g\\\/#breadcrumb\",\"itemListElement\":[{\"@type\":\"ListItem\",\"position\":1,\"name\":\"Home\",\"item\":\"https:\\\/\\\/saksavorst.ee\\\/fi\\\/\"},{\"@type\":\"ListItem\",\"position\":2,\"name\":\"Kauppa\",\"item\":\"https:\\\/\\\/saksavorst.ee\\\/fi\\\/kauppa\\\/\"},{\"@type\":\"ListItem\",\"position\":3,\"name\":\"Artisokan syd\u00e4met DIDILO 290g\\\/165g\"}]},{\"@type\":\"WebSite\",\"@id\":\"https:\\\/\\\/saksavorst.ee\\\/fi\\\/#website\",\"url\":\"https:\\\/\\\/saksavorst.ee\\\/fi\\\/\",\"name\":\"Saksavorst\",\"description\":\"Feel the taste of emotions\",\"publisher\":{\"@id\":\"https:\\\/\\\/saksavorst.ee\\\/fi\\\/#organization\"},\"alternateName\":\"Veikand\",\"potentialAction\":[{\"@type\":\"SearchAction\",\"target\":{\"@type\":\"EntryPoint\",\"urlTemplate\":\"https:\\\/\\\/saksavorst.ee\\\/fi\\\/?s={search_term_string}\"},\"query-input\":{\"@type\":\"PropertyValueSpecification\",\"valueRequired\":true,\"valueName\":\"search_term_string\"}}],\"inLanguage\":\"fi\"},{\"@type\":\"Organization\",\"@id\":\"https:\\\/\\\/saksavorst.ee\\\/fi\\\/#organization\",\"name\":\"Saksavorst\",\"alternateName\":\"Veikand\",\"url\":\"https:\\\/\\\/saksavorst.ee\\\/fi\\\/\",\"logo\":{\"@type\":\"ImageObject\",\"inLanguage\":\"fi\",\"@id\":\"https:\\\/\\\/saksavorst.ee\\\/fi\\\/#\\\/schema\\\/logo\\\/image\\\/\",\"url\":\"https:\\\/\\\/saksavorst.ee\\\/wp-content\\\/uploads\\\/2023\\\/05\\\/veikand-logo.jpg\",\"contentUrl\":\"https:\\\/\\\/saksavorst.ee\\\/wp-content\\\/uploads\\\/2023\\\/05\\\/veikand-logo.jpg\",\"width\":217,\"height\":217,\"caption\":\"Saksavorst\"},\"image\":{\"@id\":\"https:\\\/\\\/saksavorst.ee\\\/fi\\\/#\\\/schema\\\/logo\\\/image\\\/\"},\"sameAs\":[\"https:\\\/\\\/www.facebook.com\\\/Veikand\"]}]}<\/script>\n<!-- \/ Yoast SEO plugin. -->","yoast_head_json":{"title":"Artisokan syd\u00e4met DIDILO 290g\/165g - Saksavorst","robots":{"index":"index","follow":"follow","max-snippet":"max-snippet:-1","max-image-preview":"max-image-preview:large","max-video-preview":"max-video-preview:-1"},"canonical":"https:\/\/saksavorst.ee\/fi\/tuote\/artisokan-sydamet-didilo-290g-165g\/","og_locale":"fi_FI","og_type":"article","og_title":"Artisokan syd\u00e4met DIDILO 290g\/165g - Saksavorst","og_description":"T\u00e4m\u00e4 korkealaatuinen tuote on valmistettu tuoreista ja vastapoimituista artisokista, joista k\u00e4ytet\u00e4\u00e4n vain parasta osaa \u2013 artisokan syd\u00e4nt\u00e4. Se tunnetaan ravintoarvoistaan \u200b\u200bja mineraalisuoloistaan, ja se sis\u00e4lt\u00e4\u00e4 monia hy\u00f6dyllisi\u00e4 ominaisuuksia. \u00d6ljyss\u00e4 s\u00e4ilyv\u00e4t artisokan syd\u00e4met sopivat k\u00e4ytett\u00e4v\u00e4ksi antipastojen osana tai lis\u00e4\u00e4m\u00e4\u00e4n j\u00e4nnitt\u00e4vi\u00e4 makuvivahteita salaatteihin.","og_url":"https:\/\/saksavorst.ee\/fi\/tuote\/artisokan-sydamet-didilo-290g-165g\/","og_site_name":"Saksavorst","article_publisher":"https:\/\/www.facebook.com\/Veikand","article_modified_time":"2026-01-19T11:55:31+00:00","og_image":[{"width":800,"height":800,"url":"https:\/\/saksavorst.ee\/wp-content\/uploads\/2026\/01\/artisoki-sudamed-290g-165g.jpg","type":"image\/jpeg"}],"twitter_card":"summary_large_image","twitter_misc":{"Arvioitu lukuaika":"1 minuutti"},"schema":{"@context":"https:\/\/schema.org","@graph":[{"@type":"WebPage","@id":"https:\/\/saksavorst.ee\/fi\/tuote\/artisokan-sydamet-didilo-290g-165g\/","url":"https:\/\/saksavorst.ee\/fi\/tuote\/artisokan-sydamet-didilo-290g-165g\/","name":"Artisokan syd\u00e4met DIDILO 290g\/165g - Saksavorst","isPartOf":{"@id":"https:\/\/saksavorst.ee\/fi\/#website"},"primaryImageOfPage":{"@id":"https:\/\/saksavorst.ee\/fi\/tuote\/artisokan-sydamet-didilo-290g-165g\/#primaryimage"},"image":{"@id":"https:\/\/saksavorst.ee\/fi\/tuote\/artisokan-sydamet-didilo-290g-165g\/#primaryimage"},"thumbnailUrl":"https:\/\/saksavorst.ee\/wp-content\/uploads\/2026\/01\/artisoki-sudamed-290g-165g.jpg","datePublished":"2026-01-19T10:59:44+00:00","dateModified":"2026-01-19T11:55:31+00:00","breadcrumb":{"@id":"https:\/\/saksavorst.ee\/fi\/tuote\/artisokan-sydamet-didilo-290g-165g\/#breadcrumb"},"inLanguage":"fi","potentialAction":[{"@type":"ReadAction","target":["https:\/\/saksavorst.ee\/fi\/tuote\/artisokan-sydamet-didilo-290g-165g\/"]}]},{"@type":"ImageObject","inLanguage":"fi","@id":"https:\/\/saksavorst.ee\/fi\/tuote\/artisokan-sydamet-didilo-290g-165g\/#primaryimage","url":"https:\/\/saksavorst.ee\/wp-content\/uploads\/2026\/01\/artisoki-sudamed-290g-165g.jpg","contentUrl":"https:\/\/saksavorst.ee\/wp-content\/uploads\/2026\/01\/artisoki-sudamed-290g-165g.jpg","width":800,"height":800},{"@type":"BreadcrumbList","@id":"https:\/\/saksavorst.ee\/fi\/tuote\/artisokan-sydamet-didilo-290g-165g\/#breadcrumb","itemListElement":[{"@type":"ListItem","position":1,"name":"Home","item":"https:\/\/saksavorst.ee\/fi\/"},{"@type":"ListItem","position":2,"name":"Kauppa","item":"https:\/\/saksavorst.ee\/fi\/kauppa\/"},{"@type":"ListItem","position":3,"name":"Artisokan syd\u00e4met DIDILO 290g\/165g"}]},{"@type":"WebSite","@id":"https:\/\/saksavorst.ee\/fi\/#website","url":"https:\/\/saksavorst.ee\/fi\/","name":"Saksavorst","description":"Feel the taste of emotions","publisher":{"@id":"https:\/\/saksavorst.ee\/fi\/#organization"},"alternateName":"Veikand","potentialAction":[{"@type":"SearchAction","target":{"@type":"EntryPoint","urlTemplate":"https:\/\/saksavorst.ee\/fi\/?s={search_term_string}"},"query-input":{"@type":"PropertyValueSpecification","valueRequired":true,"valueName":"search_term_string"}}],"inLanguage":"fi"},{"@type":"Organization","@id":"https:\/\/saksavorst.ee\/fi\/#organization","name":"Saksavorst","alternateName":"Veikand","url":"https:\/\/saksavorst.ee\/fi\/","logo":{"@type":"ImageObject","inLanguage":"fi","@id":"https:\/\/saksavorst.ee\/fi\/#\/schema\/logo\/image\/","url":"https:\/\/saksavorst.ee\/wp-content\/uploads\/2023\/05\/veikand-logo.jpg","contentUrl":"https:\/\/saksavorst.ee\/wp-content\/uploads\/2023\/05\/veikand-logo.jpg","width":217,"height":217,"caption":"Saksavorst"},"image":{"@id":"https:\/\/saksavorst.ee\/fi\/#\/schema\/logo\/image\/"},"sameAs":["https:\/\/www.facebook.com\/Veikand"]}]}},"_links":{"self":[{"href":"https:\/\/saksavorst.ee\/fi\/wp-json\/wp\/v2\/product\/49020","targetHints":{"allow":["GET"]}}],"collection":[{"href":"https:\/\/saksavorst.ee\/fi\/wp-json\/wp\/v2\/product"}],"about":[{"href":"https:\/\/saksavorst.ee\/fi\/wp-json\/wp\/v2\/types\/product"}],"version-history":[{"count":3,"href":"https:\/\/saksavorst.ee\/fi\/wp-json\/wp\/v2\/product\/49020\/revisions"}],"predecessor-version":[{"id":49045,"href":"https:\/\/saksavorst.ee\/fi\/wp-json\/wp\/v2\/product\/49020\/revisions\/49045"}],"wp:featuredmedia":[{"embeddable":true,"href":"https:\/\/saksavorst.ee\/fi\/wp-json\/wp\/v2\/media\/49025"}],"wp:attachment":[{"href":"https:\/\/saksavorst.ee\/fi\/wp-json\/wp\/v2\/media?parent=49020"}],"wp:term":[{"taxonomy":"product_brand","embeddable":true,"href":"https:\/\/saksavorst.ee\/fi\/wp-json\/wp\/v2\/product_brand?post=49020"},{"taxonomy":"product_cat","embeddable":true,"href":"https:\/\/saksavorst.ee\/fi\/wp-json\/wp\/v2\/product_cat?post=49020"},{"taxonomy":"product_tag","embeddable":true,"href":"https:\/\/saksavorst.ee\/fi\/wp-json\/wp\/v2\/product_tag?post=49020"}],"curies":[{"name":"wp","href":"https:\/\/api.w.org\/{rel}","templated":true}]}}