{"id":48748,"date":"2025-12-22T15:36:20","date_gmt":"2025-12-22T13:36:20","guid":{"rendered":"https:\/\/saksavorst.ee\/?post_type=product&#038;p=48748"},"modified":"2025-12-22T15:42:21","modified_gmt":"2025-12-22T13:42:21","slug":"luonnonsuolahiutaleet-escamas-de-sal-marina-natural-125g","status":"publish","type":"product","link":"https:\/\/saksavorst.ee\/fi\/tuote\/luonnonsuolahiutaleet-escamas-de-sal-marina-natural-125g\/","title":{"rendered":"Luonnonsuolahiutaleet ESCAMAS DE SAL MARINA NATURAL 125g"},"content":{"rendered":"<h4>ESCAMAS DE SAL MARINA NATURAL<\/h4>\n<h4><strong>Ainesosat:<\/strong><\/h4>\n<p>100% luonnollinen kristallisuola<\/p>\n<p>M\u00e4\u00e4r\u00e4: 125 g<\/p>\n<p>Suositeltu annostus: maun mukaan<\/p>\n<p>S\u00e4ilytet\u00e4\u00e4n viile\u00e4ss\u00e4 (11-25 \u00b0C), kuivassa ja valolta suojattuna<\/p>\n<p>Parasta ennen: katso pakkauksesta<\/p>\n<h4><strong>Ravintoarvo 100 g tuotetta kohden:<\/strong><\/h4>\n<p>Energiasis\u00e4lt\u00f6 0 kJ \/ 0 kcal<br \/>\nRasvoja 0 g<br \/>\njosta tyydyttyneit\u00e4 0 g<br \/>\nHiilihydraatteja 0 g<br \/>\njosta sokereita 0 g<br \/>\nProteiinia 0 g<br \/>\nSuolaa 97,8 g<\/p>\n<p>Valmistusmaa: Espanja<\/p>\n<p>Valmistaja: Aceites Malaga S.L.<\/p>\n","protected":false},"excerpt":{"rendered":"<p>Rapean ja herk\u00e4n koostumuksensa ansiosta luonnonsuolahiutaleita k\u00e4ytet\u00e4\u00e4n ensisijaisesti viimeistelysuolana, jota ripotellaan ruokien p\u00e4\u00e4lle juuri ennen tarjoilua. Ne sopivat t\u00e4ydellisesti grillattujen lihojen, kalan, salaattien, paahdettujen vihannesten ja jopa j\u00e4lkiruokien, kuten suklaan tai karamellin, maustamiseen. Suolahiutaleita arvostetaan suuresti gourmet-ruoanlaitossa, koska ne voivat lis\u00e4t\u00e4 kontrastia koostumukseen ja makuun peitt\u00e4m\u00e4tt\u00e4 kuitenkaan ruokien ulkon\u00e4k\u00f6\u00e4. Lis\u00e4ksi niit\u00e4 k\u00e4ytet\u00e4\u00e4n usein lautasten koristeluun, sill\u00e4 niiden ep\u00e4s\u00e4\u00e4nn\u00f6lliset kiteet antavat miellytt\u00e4v\u00e4n visuaalisen ilmeen.<\/p>\n","protected":false},"featured_media":48753,"template":"","meta":{"_acf_changed":false},"product_brand":[],"product_cat":[229,484,219,240,227],"product_tag":[],"class_list":{"0":"post-48748","1":"product","2":"type-product","3":"status-publish","4":"has-post-thumbnail","6":"product_cat-mausteet-mausteet","7":"product_cat-kausittaiset-suosikit","8":"product_cat-alennetut-tuotteet","9":"product_cat-lisaaineet","10":"product_cat-mausteet","12":"first","13":"instock","14":"sale","15":"taxable","16":"shipping-taxable","17":"purchasable","18":"product-type-simple"},"acf":[],"yoast_head":"<!-- This site is optimized with the Yoast SEO plugin v27.3 - https:\/\/yoast.com\/product\/yoast-seo-wordpress\/ -->\n<title>Luonnonsuolahiutaleet ESCAMAS DE SAL MARINA NATURAL 125g - Saksavorst<\/title>\n<meta name=\"robots\" content=\"index, follow, max-snippet:-1, max-image-preview:large, max-video-preview:-1\" \/>\n<link rel=\"canonical\" href=\"https:\/\/saksavorst.ee\/fi\/tuote\/luonnonsuolahiutaleet-escamas-de-sal-marina-natural-125g\/\" \/>\n<meta property=\"og:locale\" content=\"fi_FI\" \/>\n<meta property=\"og:type\" content=\"article\" \/>\n<meta property=\"og:title\" content=\"Luonnonsuolahiutaleet ESCAMAS DE SAL MARINA NATURAL 125g - Saksavorst\" \/>\n<meta property=\"og:description\" content=\"Rapean ja herk\u00e4n koostumuksensa ansiosta luonnonsuolahiutaleita k\u00e4ytet\u00e4\u00e4n ensisijaisesti viimeistelysuolana, jota ripotellaan ruokien p\u00e4\u00e4lle juuri ennen tarjoilua. Ne sopivat t\u00e4ydellisesti grillattujen lihojen, kalan, salaattien, paahdettujen vihannesten ja jopa j\u00e4lkiruokien, kuten suklaan tai karamellin, maustamiseen. Suolahiutaleita arvostetaan suuresti gourmet-ruoanlaitossa, koska ne voivat lis\u00e4t\u00e4 kontrastia koostumukseen ja makuun peitt\u00e4m\u00e4tt\u00e4 kuitenkaan ruokien ulkon\u00e4k\u00f6\u00e4. Lis\u00e4ksi niit\u00e4 k\u00e4ytet\u00e4\u00e4n usein lautasten koristeluun, sill\u00e4 niiden ep\u00e4s\u00e4\u00e4nn\u00f6lliset kiteet antavat miellytt\u00e4v\u00e4n visuaalisen ilmeen.\" \/>\n<meta property=\"og:url\" content=\"https:\/\/saksavorst.ee\/fi\/tuote\/luonnonsuolahiutaleet-escamas-de-sal-marina-natural-125g\/\" \/>\n<meta property=\"og:site_name\" content=\"Saksavorst\" \/>\n<meta property=\"article:publisher\" content=\"https:\/\/www.facebook.com\/Veikand\" \/>\n<meta property=\"article:modified_time\" content=\"2025-12-22T13:42:21+00:00\" \/>\n<meta property=\"og:image\" content=\"https:\/\/saksavorst.ee\/wp-content\/uploads\/2025\/12\/helvessool-escamas-de-sal-marina-natural-125g.png\" \/>\n\t<meta property=\"og:image:width\" content=\"800\" \/>\n\t<meta property=\"og:image:height\" content=\"800\" \/>\n\t<meta property=\"og:image:type\" content=\"image\/png\" \/>\n<meta name=\"twitter:card\" content=\"summary_large_image\" \/>\n<meta name=\"twitter:label1\" content=\"Arvioitu lukuaika\" \/>\n\t<meta name=\"twitter:data1\" content=\"1 minuutti\" \/>\n<script type=\"application\/ld+json\" class=\"yoast-schema-graph\">{\"@context\":\"https:\\\/\\\/schema.org\",\"@graph\":[{\"@type\":\"WebPage\",\"@id\":\"https:\\\/\\\/saksavorst.ee\\\/fi\\\/tuote\\\/luonnonsuolahiutaleet-escamas-de-sal-marina-natural-125g\\\/\",\"url\":\"https:\\\/\\\/saksavorst.ee\\\/fi\\\/tuote\\\/luonnonsuolahiutaleet-escamas-de-sal-marina-natural-125g\\\/\",\"name\":\"Luonnonsuolahiutaleet ESCAMAS DE SAL MARINA NATURAL 125g - Saksavorst\",\"isPartOf\":{\"@id\":\"https:\\\/\\\/saksavorst.ee\\\/fi\\\/#website\"},\"primaryImageOfPage\":{\"@id\":\"https:\\\/\\\/saksavorst.ee\\\/fi\\\/tuote\\\/luonnonsuolahiutaleet-escamas-de-sal-marina-natural-125g\\\/#primaryimage\"},\"image\":{\"@id\":\"https:\\\/\\\/saksavorst.ee\\\/fi\\\/tuote\\\/luonnonsuolahiutaleet-escamas-de-sal-marina-natural-125g\\\/#primaryimage\"},\"thumbnailUrl\":\"https:\\\/\\\/saksavorst.ee\\\/wp-content\\\/uploads\\\/2025\\\/12\\\/helvessool-escamas-de-sal-marina-natural-125g.png\",\"datePublished\":\"2025-12-22T13:36:20+00:00\",\"dateModified\":\"2025-12-22T13:42:21+00:00\",\"breadcrumb\":{\"@id\":\"https:\\\/\\\/saksavorst.ee\\\/fi\\\/tuote\\\/luonnonsuolahiutaleet-escamas-de-sal-marina-natural-125g\\\/#breadcrumb\"},\"inLanguage\":\"fi\",\"potentialAction\":[{\"@type\":\"ReadAction\",\"target\":[\"https:\\\/\\\/saksavorst.ee\\\/fi\\\/tuote\\\/luonnonsuolahiutaleet-escamas-de-sal-marina-natural-125g\\\/\"]}]},{\"@type\":\"ImageObject\",\"inLanguage\":\"fi\",\"@id\":\"https:\\\/\\\/saksavorst.ee\\\/fi\\\/tuote\\\/luonnonsuolahiutaleet-escamas-de-sal-marina-natural-125g\\\/#primaryimage\",\"url\":\"https:\\\/\\\/saksavorst.ee\\\/wp-content\\\/uploads\\\/2025\\\/12\\\/helvessool-escamas-de-sal-marina-natural-125g.png\",\"contentUrl\":\"https:\\\/\\\/saksavorst.ee\\\/wp-content\\\/uploads\\\/2025\\\/12\\\/helvessool-escamas-de-sal-marina-natural-125g.png\",\"width\":800,\"height\":800},{\"@type\":\"BreadcrumbList\",\"@id\":\"https:\\\/\\\/saksavorst.ee\\\/fi\\\/tuote\\\/luonnonsuolahiutaleet-escamas-de-sal-marina-natural-125g\\\/#breadcrumb\",\"itemListElement\":[{\"@type\":\"ListItem\",\"position\":1,\"name\":\"Home\",\"item\":\"https:\\\/\\\/saksavorst.ee\\\/fi\\\/\"},{\"@type\":\"ListItem\",\"position\":2,\"name\":\"Kauppa\",\"item\":\"https:\\\/\\\/saksavorst.ee\\\/fi\\\/kauppa\\\/\"},{\"@type\":\"ListItem\",\"position\":3,\"name\":\"Luonnonsuolahiutaleet ESCAMAS DE SAL MARINA NATURAL 125g\"}]},{\"@type\":\"WebSite\",\"@id\":\"https:\\\/\\\/saksavorst.ee\\\/fi\\\/#website\",\"url\":\"https:\\\/\\\/saksavorst.ee\\\/fi\\\/\",\"name\":\"Saksavorst\",\"description\":\"Feel the taste of emotions\",\"publisher\":{\"@id\":\"https:\\\/\\\/saksavorst.ee\\\/fi\\\/#organization\"},\"alternateName\":\"Veikand\",\"potentialAction\":[{\"@type\":\"SearchAction\",\"target\":{\"@type\":\"EntryPoint\",\"urlTemplate\":\"https:\\\/\\\/saksavorst.ee\\\/fi\\\/?s={search_term_string}\"},\"query-input\":{\"@type\":\"PropertyValueSpecification\",\"valueRequired\":true,\"valueName\":\"search_term_string\"}}],\"inLanguage\":\"fi\"},{\"@type\":\"Organization\",\"@id\":\"https:\\\/\\\/saksavorst.ee\\\/fi\\\/#organization\",\"name\":\"Saksavorst\",\"alternateName\":\"Veikand\",\"url\":\"https:\\\/\\\/saksavorst.ee\\\/fi\\\/\",\"logo\":{\"@type\":\"ImageObject\",\"inLanguage\":\"fi\",\"@id\":\"https:\\\/\\\/saksavorst.ee\\\/fi\\\/#\\\/schema\\\/logo\\\/image\\\/\",\"url\":\"https:\\\/\\\/saksavorst.ee\\\/wp-content\\\/uploads\\\/2023\\\/05\\\/veikand-logo.jpg\",\"contentUrl\":\"https:\\\/\\\/saksavorst.ee\\\/wp-content\\\/uploads\\\/2023\\\/05\\\/veikand-logo.jpg\",\"width\":217,\"height\":217,\"caption\":\"Saksavorst\"},\"image\":{\"@id\":\"https:\\\/\\\/saksavorst.ee\\\/fi\\\/#\\\/schema\\\/logo\\\/image\\\/\"},\"sameAs\":[\"https:\\\/\\\/www.facebook.com\\\/Veikand\"]}]}<\/script>\n<!-- \/ Yoast SEO plugin. -->","yoast_head_json":{"title":"Luonnonsuolahiutaleet ESCAMAS DE SAL MARINA NATURAL 125g - Saksavorst","robots":{"index":"index","follow":"follow","max-snippet":"max-snippet:-1","max-image-preview":"max-image-preview:large","max-video-preview":"max-video-preview:-1"},"canonical":"https:\/\/saksavorst.ee\/fi\/tuote\/luonnonsuolahiutaleet-escamas-de-sal-marina-natural-125g\/","og_locale":"fi_FI","og_type":"article","og_title":"Luonnonsuolahiutaleet ESCAMAS DE SAL MARINA NATURAL 125g - Saksavorst","og_description":"Rapean ja herk\u00e4n koostumuksensa ansiosta luonnonsuolahiutaleita k\u00e4ytet\u00e4\u00e4n ensisijaisesti viimeistelysuolana, jota ripotellaan ruokien p\u00e4\u00e4lle juuri ennen tarjoilua. Ne sopivat t\u00e4ydellisesti grillattujen lihojen, kalan, salaattien, paahdettujen vihannesten ja jopa j\u00e4lkiruokien, kuten suklaan tai karamellin, maustamiseen. Suolahiutaleita arvostetaan suuresti gourmet-ruoanlaitossa, koska ne voivat lis\u00e4t\u00e4 kontrastia koostumukseen ja makuun peitt\u00e4m\u00e4tt\u00e4 kuitenkaan ruokien ulkon\u00e4k\u00f6\u00e4. Lis\u00e4ksi niit\u00e4 k\u00e4ytet\u00e4\u00e4n usein lautasten koristeluun, sill\u00e4 niiden ep\u00e4s\u00e4\u00e4nn\u00f6lliset kiteet antavat miellytt\u00e4v\u00e4n visuaalisen ilmeen.","og_url":"https:\/\/saksavorst.ee\/fi\/tuote\/luonnonsuolahiutaleet-escamas-de-sal-marina-natural-125g\/","og_site_name":"Saksavorst","article_publisher":"https:\/\/www.facebook.com\/Veikand","article_modified_time":"2025-12-22T13:42:21+00:00","og_image":[{"width":800,"height":800,"url":"https:\/\/saksavorst.ee\/wp-content\/uploads\/2025\/12\/helvessool-escamas-de-sal-marina-natural-125g.png","type":"image\/png"}],"twitter_card":"summary_large_image","twitter_misc":{"Arvioitu lukuaika":"1 minuutti"},"schema":{"@context":"https:\/\/schema.org","@graph":[{"@type":"WebPage","@id":"https:\/\/saksavorst.ee\/fi\/tuote\/luonnonsuolahiutaleet-escamas-de-sal-marina-natural-125g\/","url":"https:\/\/saksavorst.ee\/fi\/tuote\/luonnonsuolahiutaleet-escamas-de-sal-marina-natural-125g\/","name":"Luonnonsuolahiutaleet ESCAMAS DE SAL MARINA NATURAL 125g - Saksavorst","isPartOf":{"@id":"https:\/\/saksavorst.ee\/fi\/#website"},"primaryImageOfPage":{"@id":"https:\/\/saksavorst.ee\/fi\/tuote\/luonnonsuolahiutaleet-escamas-de-sal-marina-natural-125g\/#primaryimage"},"image":{"@id":"https:\/\/saksavorst.ee\/fi\/tuote\/luonnonsuolahiutaleet-escamas-de-sal-marina-natural-125g\/#primaryimage"},"thumbnailUrl":"https:\/\/saksavorst.ee\/wp-content\/uploads\/2025\/12\/helvessool-escamas-de-sal-marina-natural-125g.png","datePublished":"2025-12-22T13:36:20+00:00","dateModified":"2025-12-22T13:42:21+00:00","breadcrumb":{"@id":"https:\/\/saksavorst.ee\/fi\/tuote\/luonnonsuolahiutaleet-escamas-de-sal-marina-natural-125g\/#breadcrumb"},"inLanguage":"fi","potentialAction":[{"@type":"ReadAction","target":["https:\/\/saksavorst.ee\/fi\/tuote\/luonnonsuolahiutaleet-escamas-de-sal-marina-natural-125g\/"]}]},{"@type":"ImageObject","inLanguage":"fi","@id":"https:\/\/saksavorst.ee\/fi\/tuote\/luonnonsuolahiutaleet-escamas-de-sal-marina-natural-125g\/#primaryimage","url":"https:\/\/saksavorst.ee\/wp-content\/uploads\/2025\/12\/helvessool-escamas-de-sal-marina-natural-125g.png","contentUrl":"https:\/\/saksavorst.ee\/wp-content\/uploads\/2025\/12\/helvessool-escamas-de-sal-marina-natural-125g.png","width":800,"height":800},{"@type":"BreadcrumbList","@id":"https:\/\/saksavorst.ee\/fi\/tuote\/luonnonsuolahiutaleet-escamas-de-sal-marina-natural-125g\/#breadcrumb","itemListElement":[{"@type":"ListItem","position":1,"name":"Home","item":"https:\/\/saksavorst.ee\/fi\/"},{"@type":"ListItem","position":2,"name":"Kauppa","item":"https:\/\/saksavorst.ee\/fi\/kauppa\/"},{"@type":"ListItem","position":3,"name":"Luonnonsuolahiutaleet ESCAMAS DE SAL MARINA NATURAL 125g"}]},{"@type":"WebSite","@id":"https:\/\/saksavorst.ee\/fi\/#website","url":"https:\/\/saksavorst.ee\/fi\/","name":"Saksavorst","description":"Feel the taste of emotions","publisher":{"@id":"https:\/\/saksavorst.ee\/fi\/#organization"},"alternateName":"Veikand","potentialAction":[{"@type":"SearchAction","target":{"@type":"EntryPoint","urlTemplate":"https:\/\/saksavorst.ee\/fi\/?s={search_term_string}"},"query-input":{"@type":"PropertyValueSpecification","valueRequired":true,"valueName":"search_term_string"}}],"inLanguage":"fi"},{"@type":"Organization","@id":"https:\/\/saksavorst.ee\/fi\/#organization","name":"Saksavorst","alternateName":"Veikand","url":"https:\/\/saksavorst.ee\/fi\/","logo":{"@type":"ImageObject","inLanguage":"fi","@id":"https:\/\/saksavorst.ee\/fi\/#\/schema\/logo\/image\/","url":"https:\/\/saksavorst.ee\/wp-content\/uploads\/2023\/05\/veikand-logo.jpg","contentUrl":"https:\/\/saksavorst.ee\/wp-content\/uploads\/2023\/05\/veikand-logo.jpg","width":217,"height":217,"caption":"Saksavorst"},"image":{"@id":"https:\/\/saksavorst.ee\/fi\/#\/schema\/logo\/image\/"},"sameAs":["https:\/\/www.facebook.com\/Veikand"]}]}},"_links":{"self":[{"href":"https:\/\/saksavorst.ee\/fi\/wp-json\/wp\/v2\/product\/48748","targetHints":{"allow":["GET"]}}],"collection":[{"href":"https:\/\/saksavorst.ee\/fi\/wp-json\/wp\/v2\/product"}],"about":[{"href":"https:\/\/saksavorst.ee\/fi\/wp-json\/wp\/v2\/types\/product"}],"version-history":[{"count":1,"href":"https:\/\/saksavorst.ee\/fi\/wp-json\/wp\/v2\/product\/48748\/revisions"}],"predecessor-version":[{"id":48768,"href":"https:\/\/saksavorst.ee\/fi\/wp-json\/wp\/v2\/product\/48748\/revisions\/48768"}],"wp:featuredmedia":[{"embeddable":true,"href":"https:\/\/saksavorst.ee\/fi\/wp-json\/wp\/v2\/media\/48753"}],"wp:attachment":[{"href":"https:\/\/saksavorst.ee\/fi\/wp-json\/wp\/v2\/media?parent=48748"}],"wp:term":[{"taxonomy":"product_brand","embeddable":true,"href":"https:\/\/saksavorst.ee\/fi\/wp-json\/wp\/v2\/product_brand?post=48748"},{"taxonomy":"product_cat","embeddable":true,"href":"https:\/\/saksavorst.ee\/fi\/wp-json\/wp\/v2\/product_cat?post=48748"},{"taxonomy":"product_tag","embeddable":true,"href":"https:\/\/saksavorst.ee\/fi\/wp-json\/wp\/v2\/product_tag?post=48748"}],"curies":[{"name":"wp","href":"https:\/\/api.w.org\/{rel}","templated":true}]}}