{"id":48619,"date":"2025-12-18T15:44:55","date_gmt":"2025-12-18T13:44:55","guid":{"rendered":"https:\/\/saksavorst.ee\/?post_type=product&#038;p=48619"},"modified":"2025-12-18T16:08:33","modified_gmt":"2025-12-18T14:08:33","slug":"himalajan-kristallisuola-sal-rosa-del-himalaya-370g","status":"publish","type":"product","link":"https:\/\/saksavorst.ee\/fi\/tuote\/himalajan-kristallisuola-sal-rosa-del-himalaya-370g\/","title":{"rendered":"Himalajan kristallisuola SAL ROSA DEL HIMALAYA 370g"},"content":{"rendered":"<h4>SAL ROSA DEL HIMALAYA<\/h4>\n<h4><strong>Ainesosat:<\/strong><\/h4>\n<p>100% luonnollinen kristallisuola<\/p>\n<p>M\u00e4\u00e4r\u00e4: 370 g<\/p>\n<p>Suositeltu annostus: maun mukaan<\/p>\n<p>S\u00e4ilytet\u00e4\u00e4n viile\u00e4ss\u00e4 (11-25 \u00b0C), kuivassa ja valolta suojattuna<\/p>\n<p>Parasta ennen: katso pakkauksesta<\/p>\n<h4><strong>Ravintoarvo 100 g tuotetta kohden:<\/strong><\/h4>\n<p>Energiasis\u00e4lt\u00f6 0 kJ \/ 0 kcal<br \/>\nRasvoja 0 g<br \/>\njosta tyydyttyneit\u00e4 0 g<br \/>\nHiilihydraatteja 0 g<br \/>\njosta sokereita 0 g<br \/>\nProteiinia 0 g<br \/>\nSuolaa 97,8 g<\/p>\n<p>Valmistusmaa: Espanja<\/p>\n<p>Valmistaja: Aceites Malaga S.L.<\/p>\n","protected":false},"excerpt":{"rendered":"<p>Se on t\u00e4ydellinen lis\u00e4 mihin tahansa keitti\u00f6\u00f6n, antaen hienovaraisen maun mihin tahansa ruokaan. Se on t\u00e4ysin luonnollinen ja s\u00e4il\u00f6nt\u00e4aineeton, mik\u00e4 auttaa yll\u00e4pit\u00e4m\u00e4\u00e4n tervett\u00e4 tasapainoa. Sopii sek\u00e4 ruoanlaittoon ett\u00e4 luonnolliseksi kuorinta-aineeksi. Se on eritt\u00e4in hy\u00f6dyllinen terveydelle, tasapainottaa kehon pH-tasoa, edist\u00e4\u00e4 ruoansulatusta ja sis\u00e4lt\u00e4\u00e4 noin 84 mineraalia ja hivenainetta, mukaan lukien kalsiumia, magnesiumia, kaliumia, rautaa ja kuparia.<\/p>\n","protected":false},"featured_media":48624,"template":"","meta":{"_acf_changed":false},"product_brand":[],"product_cat":[219,227,229,240],"product_tag":[],"class_list":{"0":"post-48619","1":"product","2":"type-product","3":"status-publish","4":"has-post-thumbnail","6":"product_cat-alennetut-tuotteet","7":"product_cat-mausteet","8":"product_cat-mausteet-mausteet","9":"product_cat-lisaaineet","11":"first","12":"instock","13":"sale","14":"taxable","15":"shipping-taxable","16":"purchasable","17":"product-type-simple"},"acf":[],"yoast_head":"<!-- This site is optimized with the Yoast SEO plugin v27.3 - https:\/\/yoast.com\/product\/yoast-seo-wordpress\/ -->\n<title>Himalajan kristallisuola SAL ROSA DEL HIMALAYA 370g - Saksavorst<\/title>\n<meta name=\"robots\" content=\"index, follow, max-snippet:-1, max-image-preview:large, max-video-preview:-1\" \/>\n<link rel=\"canonical\" href=\"https:\/\/saksavorst.ee\/fi\/tuote\/himalajan-kristallisuola-sal-rosa-del-himalaya-370g\/\" \/>\n<meta property=\"og:locale\" content=\"fi_FI\" \/>\n<meta property=\"og:type\" content=\"article\" \/>\n<meta property=\"og:title\" content=\"Himalajan kristallisuola SAL ROSA DEL HIMALAYA 370g - Saksavorst\" \/>\n<meta property=\"og:description\" content=\"Se on t\u00e4ydellinen lis\u00e4 mihin tahansa keitti\u00f6\u00f6n, antaen hienovaraisen maun mihin tahansa ruokaan. Se on t\u00e4ysin luonnollinen ja s\u00e4il\u00f6nt\u00e4aineeton, mik\u00e4 auttaa yll\u00e4pit\u00e4m\u00e4\u00e4n tervett\u00e4 tasapainoa. Sopii sek\u00e4 ruoanlaittoon ett\u00e4 luonnolliseksi kuorinta-aineeksi. Se on eritt\u00e4in hy\u00f6dyllinen terveydelle, tasapainottaa kehon pH-tasoa, edist\u00e4\u00e4 ruoansulatusta ja sis\u00e4lt\u00e4\u00e4 noin 84 mineraalia ja hivenainetta, mukaan lukien kalsiumia, magnesiumia, kaliumia, rautaa ja kuparia.\" \/>\n<meta property=\"og:url\" content=\"https:\/\/saksavorst.ee\/fi\/tuote\/himalajan-kristallisuola-sal-rosa-del-himalaya-370g\/\" \/>\n<meta property=\"og:site_name\" content=\"Saksavorst\" \/>\n<meta property=\"article:publisher\" content=\"https:\/\/www.facebook.com\/Veikand\" \/>\n<meta property=\"article:modified_time\" content=\"2025-12-18T14:08:33+00:00\" \/>\n<meta property=\"og:image\" content=\"https:\/\/saksavorst.ee\/wp-content\/uploads\/2025\/12\/himaalaja-kristallsool-sal-rosa-del-himalaya-370g.png\" \/>\n\t<meta property=\"og:image:width\" content=\"800\" \/>\n\t<meta property=\"og:image:height\" content=\"800\" \/>\n\t<meta property=\"og:image:type\" content=\"image\/png\" \/>\n<meta name=\"twitter:card\" content=\"summary_large_image\" \/>\n<meta name=\"twitter:label1\" content=\"Arvioitu lukuaika\" \/>\n\t<meta name=\"twitter:data1\" content=\"1 minuutti\" \/>\n<script type=\"application\/ld+json\" class=\"yoast-schema-graph\">{\"@context\":\"https:\\\/\\\/schema.org\",\"@graph\":[{\"@type\":\"WebPage\",\"@id\":\"https:\\\/\\\/saksavorst.ee\\\/fi\\\/tuote\\\/himalajan-kristallisuola-sal-rosa-del-himalaya-370g\\\/\",\"url\":\"https:\\\/\\\/saksavorst.ee\\\/fi\\\/tuote\\\/himalajan-kristallisuola-sal-rosa-del-himalaya-370g\\\/\",\"name\":\"Himalajan kristallisuola SAL ROSA DEL HIMALAYA 370g - Saksavorst\",\"isPartOf\":{\"@id\":\"https:\\\/\\\/saksavorst.ee\\\/fi\\\/#website\"},\"primaryImageOfPage\":{\"@id\":\"https:\\\/\\\/saksavorst.ee\\\/fi\\\/tuote\\\/himalajan-kristallisuola-sal-rosa-del-himalaya-370g\\\/#primaryimage\"},\"image\":{\"@id\":\"https:\\\/\\\/saksavorst.ee\\\/fi\\\/tuote\\\/himalajan-kristallisuola-sal-rosa-del-himalaya-370g\\\/#primaryimage\"},\"thumbnailUrl\":\"https:\\\/\\\/saksavorst.ee\\\/wp-content\\\/uploads\\\/2025\\\/12\\\/himaalaja-kristallsool-sal-rosa-del-himalaya-370g.png\",\"datePublished\":\"2025-12-18T13:44:55+00:00\",\"dateModified\":\"2025-12-18T14:08:33+00:00\",\"breadcrumb\":{\"@id\":\"https:\\\/\\\/saksavorst.ee\\\/fi\\\/tuote\\\/himalajan-kristallisuola-sal-rosa-del-himalaya-370g\\\/#breadcrumb\"},\"inLanguage\":\"fi\",\"potentialAction\":[{\"@type\":\"ReadAction\",\"target\":[\"https:\\\/\\\/saksavorst.ee\\\/fi\\\/tuote\\\/himalajan-kristallisuola-sal-rosa-del-himalaya-370g\\\/\"]}]},{\"@type\":\"ImageObject\",\"inLanguage\":\"fi\",\"@id\":\"https:\\\/\\\/saksavorst.ee\\\/fi\\\/tuote\\\/himalajan-kristallisuola-sal-rosa-del-himalaya-370g\\\/#primaryimage\",\"url\":\"https:\\\/\\\/saksavorst.ee\\\/wp-content\\\/uploads\\\/2025\\\/12\\\/himaalaja-kristallsool-sal-rosa-del-himalaya-370g.png\",\"contentUrl\":\"https:\\\/\\\/saksavorst.ee\\\/wp-content\\\/uploads\\\/2025\\\/12\\\/himaalaja-kristallsool-sal-rosa-del-himalaya-370g.png\",\"width\":800,\"height\":800},{\"@type\":\"BreadcrumbList\",\"@id\":\"https:\\\/\\\/saksavorst.ee\\\/fi\\\/tuote\\\/himalajan-kristallisuola-sal-rosa-del-himalaya-370g\\\/#breadcrumb\",\"itemListElement\":[{\"@type\":\"ListItem\",\"position\":1,\"name\":\"Home\",\"item\":\"https:\\\/\\\/saksavorst.ee\\\/fi\\\/\"},{\"@type\":\"ListItem\",\"position\":2,\"name\":\"Kauppa\",\"item\":\"https:\\\/\\\/saksavorst.ee\\\/fi\\\/kauppa\\\/\"},{\"@type\":\"ListItem\",\"position\":3,\"name\":\"Himalajan kristallisuola SAL ROSA DEL HIMALAYA 370g\"}]},{\"@type\":\"WebSite\",\"@id\":\"https:\\\/\\\/saksavorst.ee\\\/fi\\\/#website\",\"url\":\"https:\\\/\\\/saksavorst.ee\\\/fi\\\/\",\"name\":\"Saksavorst\",\"description\":\"Feel the taste of emotions\",\"publisher\":{\"@id\":\"https:\\\/\\\/saksavorst.ee\\\/fi\\\/#organization\"},\"alternateName\":\"Veikand\",\"potentialAction\":[{\"@type\":\"SearchAction\",\"target\":{\"@type\":\"EntryPoint\",\"urlTemplate\":\"https:\\\/\\\/saksavorst.ee\\\/fi\\\/?s={search_term_string}\"},\"query-input\":{\"@type\":\"PropertyValueSpecification\",\"valueRequired\":true,\"valueName\":\"search_term_string\"}}],\"inLanguage\":\"fi\"},{\"@type\":\"Organization\",\"@id\":\"https:\\\/\\\/saksavorst.ee\\\/fi\\\/#organization\",\"name\":\"Saksavorst\",\"alternateName\":\"Veikand\",\"url\":\"https:\\\/\\\/saksavorst.ee\\\/fi\\\/\",\"logo\":{\"@type\":\"ImageObject\",\"inLanguage\":\"fi\",\"@id\":\"https:\\\/\\\/saksavorst.ee\\\/fi\\\/#\\\/schema\\\/logo\\\/image\\\/\",\"url\":\"https:\\\/\\\/saksavorst.ee\\\/wp-content\\\/uploads\\\/2023\\\/05\\\/veikand-logo.jpg\",\"contentUrl\":\"https:\\\/\\\/saksavorst.ee\\\/wp-content\\\/uploads\\\/2023\\\/05\\\/veikand-logo.jpg\",\"width\":217,\"height\":217,\"caption\":\"Saksavorst\"},\"image\":{\"@id\":\"https:\\\/\\\/saksavorst.ee\\\/fi\\\/#\\\/schema\\\/logo\\\/image\\\/\"},\"sameAs\":[\"https:\\\/\\\/www.facebook.com\\\/Veikand\"]}]}<\/script>\n<!-- \/ Yoast SEO plugin. -->","yoast_head_json":{"title":"Himalajan kristallisuola SAL ROSA DEL HIMALAYA 370g - Saksavorst","robots":{"index":"index","follow":"follow","max-snippet":"max-snippet:-1","max-image-preview":"max-image-preview:large","max-video-preview":"max-video-preview:-1"},"canonical":"https:\/\/saksavorst.ee\/fi\/tuote\/himalajan-kristallisuola-sal-rosa-del-himalaya-370g\/","og_locale":"fi_FI","og_type":"article","og_title":"Himalajan kristallisuola SAL ROSA DEL HIMALAYA 370g - Saksavorst","og_description":"Se on t\u00e4ydellinen lis\u00e4 mihin tahansa keitti\u00f6\u00f6n, antaen hienovaraisen maun mihin tahansa ruokaan. Se on t\u00e4ysin luonnollinen ja s\u00e4il\u00f6nt\u00e4aineeton, mik\u00e4 auttaa yll\u00e4pit\u00e4m\u00e4\u00e4n tervett\u00e4 tasapainoa. Sopii sek\u00e4 ruoanlaittoon ett\u00e4 luonnolliseksi kuorinta-aineeksi. Se on eritt\u00e4in hy\u00f6dyllinen terveydelle, tasapainottaa kehon pH-tasoa, edist\u00e4\u00e4 ruoansulatusta ja sis\u00e4lt\u00e4\u00e4 noin 84 mineraalia ja hivenainetta, mukaan lukien kalsiumia, magnesiumia, kaliumia, rautaa ja kuparia.","og_url":"https:\/\/saksavorst.ee\/fi\/tuote\/himalajan-kristallisuola-sal-rosa-del-himalaya-370g\/","og_site_name":"Saksavorst","article_publisher":"https:\/\/www.facebook.com\/Veikand","article_modified_time":"2025-12-18T14:08:33+00:00","og_image":[{"width":800,"height":800,"url":"https:\/\/saksavorst.ee\/wp-content\/uploads\/2025\/12\/himaalaja-kristallsool-sal-rosa-del-himalaya-370g.png","type":"image\/png"}],"twitter_card":"summary_large_image","twitter_misc":{"Arvioitu lukuaika":"1 minuutti"},"schema":{"@context":"https:\/\/schema.org","@graph":[{"@type":"WebPage","@id":"https:\/\/saksavorst.ee\/fi\/tuote\/himalajan-kristallisuola-sal-rosa-del-himalaya-370g\/","url":"https:\/\/saksavorst.ee\/fi\/tuote\/himalajan-kristallisuola-sal-rosa-del-himalaya-370g\/","name":"Himalajan kristallisuola SAL ROSA DEL HIMALAYA 370g - Saksavorst","isPartOf":{"@id":"https:\/\/saksavorst.ee\/fi\/#website"},"primaryImageOfPage":{"@id":"https:\/\/saksavorst.ee\/fi\/tuote\/himalajan-kristallisuola-sal-rosa-del-himalaya-370g\/#primaryimage"},"image":{"@id":"https:\/\/saksavorst.ee\/fi\/tuote\/himalajan-kristallisuola-sal-rosa-del-himalaya-370g\/#primaryimage"},"thumbnailUrl":"https:\/\/saksavorst.ee\/wp-content\/uploads\/2025\/12\/himaalaja-kristallsool-sal-rosa-del-himalaya-370g.png","datePublished":"2025-12-18T13:44:55+00:00","dateModified":"2025-12-18T14:08:33+00:00","breadcrumb":{"@id":"https:\/\/saksavorst.ee\/fi\/tuote\/himalajan-kristallisuola-sal-rosa-del-himalaya-370g\/#breadcrumb"},"inLanguage":"fi","potentialAction":[{"@type":"ReadAction","target":["https:\/\/saksavorst.ee\/fi\/tuote\/himalajan-kristallisuola-sal-rosa-del-himalaya-370g\/"]}]},{"@type":"ImageObject","inLanguage":"fi","@id":"https:\/\/saksavorst.ee\/fi\/tuote\/himalajan-kristallisuola-sal-rosa-del-himalaya-370g\/#primaryimage","url":"https:\/\/saksavorst.ee\/wp-content\/uploads\/2025\/12\/himaalaja-kristallsool-sal-rosa-del-himalaya-370g.png","contentUrl":"https:\/\/saksavorst.ee\/wp-content\/uploads\/2025\/12\/himaalaja-kristallsool-sal-rosa-del-himalaya-370g.png","width":800,"height":800},{"@type":"BreadcrumbList","@id":"https:\/\/saksavorst.ee\/fi\/tuote\/himalajan-kristallisuola-sal-rosa-del-himalaya-370g\/#breadcrumb","itemListElement":[{"@type":"ListItem","position":1,"name":"Home","item":"https:\/\/saksavorst.ee\/fi\/"},{"@type":"ListItem","position":2,"name":"Kauppa","item":"https:\/\/saksavorst.ee\/fi\/kauppa\/"},{"@type":"ListItem","position":3,"name":"Himalajan kristallisuola SAL ROSA DEL HIMALAYA 370g"}]},{"@type":"WebSite","@id":"https:\/\/saksavorst.ee\/fi\/#website","url":"https:\/\/saksavorst.ee\/fi\/","name":"Saksavorst","description":"Feel the taste of emotions","publisher":{"@id":"https:\/\/saksavorst.ee\/fi\/#organization"},"alternateName":"Veikand","potentialAction":[{"@type":"SearchAction","target":{"@type":"EntryPoint","urlTemplate":"https:\/\/saksavorst.ee\/fi\/?s={search_term_string}"},"query-input":{"@type":"PropertyValueSpecification","valueRequired":true,"valueName":"search_term_string"}}],"inLanguage":"fi"},{"@type":"Organization","@id":"https:\/\/saksavorst.ee\/fi\/#organization","name":"Saksavorst","alternateName":"Veikand","url":"https:\/\/saksavorst.ee\/fi\/","logo":{"@type":"ImageObject","inLanguage":"fi","@id":"https:\/\/saksavorst.ee\/fi\/#\/schema\/logo\/image\/","url":"https:\/\/saksavorst.ee\/wp-content\/uploads\/2023\/05\/veikand-logo.jpg","contentUrl":"https:\/\/saksavorst.ee\/wp-content\/uploads\/2023\/05\/veikand-logo.jpg","width":217,"height":217,"caption":"Saksavorst"},"image":{"@id":"https:\/\/saksavorst.ee\/fi\/#\/schema\/logo\/image\/"},"sameAs":["https:\/\/www.facebook.com\/Veikand"]}]}},"_links":{"self":[{"href":"https:\/\/saksavorst.ee\/fi\/wp-json\/wp\/v2\/product\/48619","targetHints":{"allow":["GET"]}}],"collection":[{"href":"https:\/\/saksavorst.ee\/fi\/wp-json\/wp\/v2\/product"}],"about":[{"href":"https:\/\/saksavorst.ee\/fi\/wp-json\/wp\/v2\/types\/product"}],"version-history":[{"count":2,"href":"https:\/\/saksavorst.ee\/fi\/wp-json\/wp\/v2\/product\/48619\/revisions"}],"predecessor-version":[{"id":48637,"href":"https:\/\/saksavorst.ee\/fi\/wp-json\/wp\/v2\/product\/48619\/revisions\/48637"}],"wp:featuredmedia":[{"embeddable":true,"href":"https:\/\/saksavorst.ee\/fi\/wp-json\/wp\/v2\/media\/48624"}],"wp:attachment":[{"href":"https:\/\/saksavorst.ee\/fi\/wp-json\/wp\/v2\/media?parent=48619"}],"wp:term":[{"taxonomy":"product_brand","embeddable":true,"href":"https:\/\/saksavorst.ee\/fi\/wp-json\/wp\/v2\/product_brand?post=48619"},{"taxonomy":"product_cat","embeddable":true,"href":"https:\/\/saksavorst.ee\/fi\/wp-json\/wp\/v2\/product_cat?post=48619"},{"taxonomy":"product_tag","embeddable":true,"href":"https:\/\/saksavorst.ee\/fi\/wp-json\/wp\/v2\/product_tag?post=48619"}],"curies":[{"name":"wp","href":"https:\/\/api.w.org\/{rel}","templated":true}]}}