{"id":48498,"date":"2025-12-17T15:14:02","date_gmt":"2025-12-17T13:14:02","guid":{"rendered":"https:\/\/saksavorst.ee\/?post_type=product&#038;p=48498"},"modified":"2025-12-17T16:33:05","modified_gmt":"2025-12-17T14:33:05","slug":"balsamiviinietikkakerma-crema-balsamica-de-vinagre-de-modena-i-g-p-500ml","status":"publish","type":"product","link":"https:\/\/saksavorst.ee\/fi\/tuote\/balsamiviinietikkakerma-crema-balsamica-de-vinagre-de-modena-i-g-p-500ml\/","title":{"rendered":"Balsamiviinietikkakerma CREMA BALSAMICA DE VINAGRE DE MODENA I.G.P 500ml"},"content":{"rendered":"<h4>CREMA BALSAMICA DE VINAGRE DE MODENA I.G.P<\/h4>\n<h4><strong>Ainesosat:<\/strong><\/h4>\n<p>Balsamiviinietikkaa (42 %) (viinietikka, tiivistetty ryp\u00e4lemehu, v\u00e4ri: karamelli E150d), glukoosi-fruktoosisiirappi, sokeri, muunnettu maissit\u00e4rkkelys ja s\u00e4il\u00f6nt\u00e4aine (kaliumsorbaatti). Sis\u00e4lt\u00e4\u00e4 sulfiitteja.<\/p>\n<p>M\u00e4\u00e4r\u00e4: 500 ml<\/p>\n<p>Suositeltu annostus: maun mukaan<\/p>\n<p>S\u00e4ilytet\u00e4\u00e4n viile\u00e4ss\u00e4 (11-25 \u00b0C), kuivassa ja pime\u00e4ss\u00e4<\/p>\n<p>Parasta ennen: katso pakkauksesta<\/p>\n<h4><strong>Ravintoarvo 100 g tuotetta kohden:<\/strong><\/h4>\n<p>Energiapitoisuus 897 kJ \/ 213 kcal<br \/>\nRasvoja 0 g<br \/>\njosta tyydyttyneit\u00e4 0 g<br \/>\nHiilihydraatteja 53 g<br \/>\njosta sokereita 43 g<br \/>\nProteiinia 0 g<br \/>\nSuolaa 00 g<\/p>\n<p>Valmistusmaa: Espanja<\/p>\n<p>Valmistaja: Aceites Malaga S.L.<\/p>\n","protected":false},"excerpt":{"rendered":"<p>Klassinen kermainen balsamiviinietikan maku, joka koristaa, t\u00e4ydent\u00e4\u00e4 ja rikastuttaa ruokiasi. Makujen r\u00e4j\u00e4hdys, joka tekee vaikutuksen kaikkiin.<\/p>\n<p>Makea ja tasapainoinen maku.<br \/>\nIhanteellinen lihalle, salaateille ja luoville resepteille.<\/p>\n","protected":false},"featured_media":48505,"template":"","meta":{"_acf_changed":false},"product_brand":[],"product_cat":[219,489],"product_tag":[],"class_list":{"0":"post-48498","1":"product","2":"type-product","3":"status-publish","4":"has-post-thumbnail","6":"product_cat-alennetut-tuotteet","7":"product_cat-elintarvikkeet","9":"first","10":"instock","11":"sale","12":"taxable","13":"shipping-taxable","14":"purchasable","15":"product-type-simple"},"acf":[],"yoast_head":"<!-- This site is optimized with the Yoast SEO plugin v27.3 - https:\/\/yoast.com\/product\/yoast-seo-wordpress\/ -->\n<title>Balsamiviinietikkakerma CREMA BALSAMICA DE VINAGRE DE MODENA I.G.P 500ml - Saksavorst<\/title>\n<meta name=\"robots\" content=\"index, follow, max-snippet:-1, max-image-preview:large, max-video-preview:-1\" \/>\n<link rel=\"canonical\" href=\"https:\/\/saksavorst.ee\/fi\/tuote\/balsamiviinietikkakerma-crema-balsamica-de-vinagre-de-modena-i-g-p-500ml\/\" \/>\n<meta property=\"og:locale\" content=\"fi_FI\" \/>\n<meta property=\"og:type\" content=\"article\" \/>\n<meta property=\"og:title\" content=\"Balsamiviinietikkakerma CREMA BALSAMICA DE VINAGRE DE MODENA I.G.P 500ml - Saksavorst\" \/>\n<meta property=\"og:description\" content=\"Klassinen kermainen balsamiviinietikan maku, joka koristaa, t\u00e4ydent\u00e4\u00e4 ja rikastuttaa ruokiasi. Makujen r\u00e4j\u00e4hdys, joka tekee vaikutuksen kaikkiin.  Makea ja tasapainoinen maku. Ihanteellinen lihalle, salaateille ja luoville resepteille.\" \/>\n<meta property=\"og:url\" content=\"https:\/\/saksavorst.ee\/fi\/tuote\/balsamiviinietikkakerma-crema-balsamica-de-vinagre-de-modena-i-g-p-500ml\/\" \/>\n<meta property=\"og:site_name\" content=\"Saksavorst\" \/>\n<meta property=\"article:publisher\" content=\"https:\/\/www.facebook.com\/Veikand\" \/>\n<meta property=\"article:modified_time\" content=\"2025-12-17T14:33:05+00:00\" \/>\n<meta property=\"og:image\" content=\"https:\/\/saksavorst.ee\/wp-content\/uploads\/2025\/12\/palsamiaadikakreem-crema-balsamica-de-vinagre-de-modena-i.g.p-500ml-pudel.png\" \/>\n\t<meta property=\"og:image:width\" content=\"800\" \/>\n\t<meta property=\"og:image:height\" content=\"800\" \/>\n\t<meta property=\"og:image:type\" content=\"image\/png\" \/>\n<meta name=\"twitter:card\" content=\"summary_large_image\" \/>\n<meta name=\"twitter:label1\" content=\"Arvioitu lukuaika\" \/>\n\t<meta name=\"twitter:data1\" content=\"1 minuutti\" \/>\n<script type=\"application\/ld+json\" class=\"yoast-schema-graph\">{\"@context\":\"https:\\\/\\\/schema.org\",\"@graph\":[{\"@type\":\"WebPage\",\"@id\":\"https:\\\/\\\/saksavorst.ee\\\/fi\\\/tuote\\\/balsamiviinietikkakerma-crema-balsamica-de-vinagre-de-modena-i-g-p-500ml\\\/\",\"url\":\"https:\\\/\\\/saksavorst.ee\\\/fi\\\/tuote\\\/balsamiviinietikkakerma-crema-balsamica-de-vinagre-de-modena-i-g-p-500ml\\\/\",\"name\":\"Balsamiviinietikkakerma CREMA BALSAMICA DE VINAGRE DE MODENA I.G.P 500ml - Saksavorst\",\"isPartOf\":{\"@id\":\"https:\\\/\\\/saksavorst.ee\\\/fi\\\/#website\"},\"primaryImageOfPage\":{\"@id\":\"https:\\\/\\\/saksavorst.ee\\\/fi\\\/tuote\\\/balsamiviinietikkakerma-crema-balsamica-de-vinagre-de-modena-i-g-p-500ml\\\/#primaryimage\"},\"image\":{\"@id\":\"https:\\\/\\\/saksavorst.ee\\\/fi\\\/tuote\\\/balsamiviinietikkakerma-crema-balsamica-de-vinagre-de-modena-i-g-p-500ml\\\/#primaryimage\"},\"thumbnailUrl\":\"https:\\\/\\\/saksavorst.ee\\\/wp-content\\\/uploads\\\/2025\\\/12\\\/palsamiaadikakreem-crema-balsamica-de-vinagre-de-modena-i.g.p-500ml-pudel.png\",\"datePublished\":\"2025-12-17T13:14:02+00:00\",\"dateModified\":\"2025-12-17T14:33:05+00:00\",\"breadcrumb\":{\"@id\":\"https:\\\/\\\/saksavorst.ee\\\/fi\\\/tuote\\\/balsamiviinietikkakerma-crema-balsamica-de-vinagre-de-modena-i-g-p-500ml\\\/#breadcrumb\"},\"inLanguage\":\"fi\",\"potentialAction\":[{\"@type\":\"ReadAction\",\"target\":[\"https:\\\/\\\/saksavorst.ee\\\/fi\\\/tuote\\\/balsamiviinietikkakerma-crema-balsamica-de-vinagre-de-modena-i-g-p-500ml\\\/\"]}]},{\"@type\":\"ImageObject\",\"inLanguage\":\"fi\",\"@id\":\"https:\\\/\\\/saksavorst.ee\\\/fi\\\/tuote\\\/balsamiviinietikkakerma-crema-balsamica-de-vinagre-de-modena-i-g-p-500ml\\\/#primaryimage\",\"url\":\"https:\\\/\\\/saksavorst.ee\\\/wp-content\\\/uploads\\\/2025\\\/12\\\/palsamiaadikakreem-crema-balsamica-de-vinagre-de-modena-i.g.p-500ml-pudel.png\",\"contentUrl\":\"https:\\\/\\\/saksavorst.ee\\\/wp-content\\\/uploads\\\/2025\\\/12\\\/palsamiaadikakreem-crema-balsamica-de-vinagre-de-modena-i.g.p-500ml-pudel.png\",\"width\":800,\"height\":800},{\"@type\":\"BreadcrumbList\",\"@id\":\"https:\\\/\\\/saksavorst.ee\\\/fi\\\/tuote\\\/balsamiviinietikkakerma-crema-balsamica-de-vinagre-de-modena-i-g-p-500ml\\\/#breadcrumb\",\"itemListElement\":[{\"@type\":\"ListItem\",\"position\":1,\"name\":\"Home\",\"item\":\"https:\\\/\\\/saksavorst.ee\\\/fi\\\/\"},{\"@type\":\"ListItem\",\"position\":2,\"name\":\"Kauppa\",\"item\":\"https:\\\/\\\/saksavorst.ee\\\/fi\\\/kauppa\\\/\"},{\"@type\":\"ListItem\",\"position\":3,\"name\":\"Balsamiviinietikkakerma CREMA BALSAMICA DE VINAGRE DE MODENA I.G.P 500ml\"}]},{\"@type\":\"WebSite\",\"@id\":\"https:\\\/\\\/saksavorst.ee\\\/fi\\\/#website\",\"url\":\"https:\\\/\\\/saksavorst.ee\\\/fi\\\/\",\"name\":\"Saksavorst\",\"description\":\"Feel the taste of emotions\",\"publisher\":{\"@id\":\"https:\\\/\\\/saksavorst.ee\\\/fi\\\/#organization\"},\"alternateName\":\"Veikand\",\"potentialAction\":[{\"@type\":\"SearchAction\",\"target\":{\"@type\":\"EntryPoint\",\"urlTemplate\":\"https:\\\/\\\/saksavorst.ee\\\/fi\\\/?s={search_term_string}\"},\"query-input\":{\"@type\":\"PropertyValueSpecification\",\"valueRequired\":true,\"valueName\":\"search_term_string\"}}],\"inLanguage\":\"fi\"},{\"@type\":\"Organization\",\"@id\":\"https:\\\/\\\/saksavorst.ee\\\/fi\\\/#organization\",\"name\":\"Saksavorst\",\"alternateName\":\"Veikand\",\"url\":\"https:\\\/\\\/saksavorst.ee\\\/fi\\\/\",\"logo\":{\"@type\":\"ImageObject\",\"inLanguage\":\"fi\",\"@id\":\"https:\\\/\\\/saksavorst.ee\\\/fi\\\/#\\\/schema\\\/logo\\\/image\\\/\",\"url\":\"https:\\\/\\\/saksavorst.ee\\\/wp-content\\\/uploads\\\/2023\\\/05\\\/veikand-logo.jpg\",\"contentUrl\":\"https:\\\/\\\/saksavorst.ee\\\/wp-content\\\/uploads\\\/2023\\\/05\\\/veikand-logo.jpg\",\"width\":217,\"height\":217,\"caption\":\"Saksavorst\"},\"image\":{\"@id\":\"https:\\\/\\\/saksavorst.ee\\\/fi\\\/#\\\/schema\\\/logo\\\/image\\\/\"},\"sameAs\":[\"https:\\\/\\\/www.facebook.com\\\/Veikand\"]}]}<\/script>\n<!-- \/ Yoast SEO plugin. -->","yoast_head_json":{"title":"Balsamiviinietikkakerma CREMA BALSAMICA DE VINAGRE DE MODENA I.G.P 500ml - Saksavorst","robots":{"index":"index","follow":"follow","max-snippet":"max-snippet:-1","max-image-preview":"max-image-preview:large","max-video-preview":"max-video-preview:-1"},"canonical":"https:\/\/saksavorst.ee\/fi\/tuote\/balsamiviinietikkakerma-crema-balsamica-de-vinagre-de-modena-i-g-p-500ml\/","og_locale":"fi_FI","og_type":"article","og_title":"Balsamiviinietikkakerma CREMA BALSAMICA DE VINAGRE DE MODENA I.G.P 500ml - Saksavorst","og_description":"Klassinen kermainen balsamiviinietikan maku, joka koristaa, t\u00e4ydent\u00e4\u00e4 ja rikastuttaa ruokiasi. Makujen r\u00e4j\u00e4hdys, joka tekee vaikutuksen kaikkiin.  Makea ja tasapainoinen maku. Ihanteellinen lihalle, salaateille ja luoville resepteille.","og_url":"https:\/\/saksavorst.ee\/fi\/tuote\/balsamiviinietikkakerma-crema-balsamica-de-vinagre-de-modena-i-g-p-500ml\/","og_site_name":"Saksavorst","article_publisher":"https:\/\/www.facebook.com\/Veikand","article_modified_time":"2025-12-17T14:33:05+00:00","og_image":[{"width":800,"height":800,"url":"https:\/\/saksavorst.ee\/wp-content\/uploads\/2025\/12\/palsamiaadikakreem-crema-balsamica-de-vinagre-de-modena-i.g.p-500ml-pudel.png","type":"image\/png"}],"twitter_card":"summary_large_image","twitter_misc":{"Arvioitu lukuaika":"1 minuutti"},"schema":{"@context":"https:\/\/schema.org","@graph":[{"@type":"WebPage","@id":"https:\/\/saksavorst.ee\/fi\/tuote\/balsamiviinietikkakerma-crema-balsamica-de-vinagre-de-modena-i-g-p-500ml\/","url":"https:\/\/saksavorst.ee\/fi\/tuote\/balsamiviinietikkakerma-crema-balsamica-de-vinagre-de-modena-i-g-p-500ml\/","name":"Balsamiviinietikkakerma CREMA BALSAMICA DE VINAGRE DE MODENA I.G.P 500ml - Saksavorst","isPartOf":{"@id":"https:\/\/saksavorst.ee\/fi\/#website"},"primaryImageOfPage":{"@id":"https:\/\/saksavorst.ee\/fi\/tuote\/balsamiviinietikkakerma-crema-balsamica-de-vinagre-de-modena-i-g-p-500ml\/#primaryimage"},"image":{"@id":"https:\/\/saksavorst.ee\/fi\/tuote\/balsamiviinietikkakerma-crema-balsamica-de-vinagre-de-modena-i-g-p-500ml\/#primaryimage"},"thumbnailUrl":"https:\/\/saksavorst.ee\/wp-content\/uploads\/2025\/12\/palsamiaadikakreem-crema-balsamica-de-vinagre-de-modena-i.g.p-500ml-pudel.png","datePublished":"2025-12-17T13:14:02+00:00","dateModified":"2025-12-17T14:33:05+00:00","breadcrumb":{"@id":"https:\/\/saksavorst.ee\/fi\/tuote\/balsamiviinietikkakerma-crema-balsamica-de-vinagre-de-modena-i-g-p-500ml\/#breadcrumb"},"inLanguage":"fi","potentialAction":[{"@type":"ReadAction","target":["https:\/\/saksavorst.ee\/fi\/tuote\/balsamiviinietikkakerma-crema-balsamica-de-vinagre-de-modena-i-g-p-500ml\/"]}]},{"@type":"ImageObject","inLanguage":"fi","@id":"https:\/\/saksavorst.ee\/fi\/tuote\/balsamiviinietikkakerma-crema-balsamica-de-vinagre-de-modena-i-g-p-500ml\/#primaryimage","url":"https:\/\/saksavorst.ee\/wp-content\/uploads\/2025\/12\/palsamiaadikakreem-crema-balsamica-de-vinagre-de-modena-i.g.p-500ml-pudel.png","contentUrl":"https:\/\/saksavorst.ee\/wp-content\/uploads\/2025\/12\/palsamiaadikakreem-crema-balsamica-de-vinagre-de-modena-i.g.p-500ml-pudel.png","width":800,"height":800},{"@type":"BreadcrumbList","@id":"https:\/\/saksavorst.ee\/fi\/tuote\/balsamiviinietikkakerma-crema-balsamica-de-vinagre-de-modena-i-g-p-500ml\/#breadcrumb","itemListElement":[{"@type":"ListItem","position":1,"name":"Home","item":"https:\/\/saksavorst.ee\/fi\/"},{"@type":"ListItem","position":2,"name":"Kauppa","item":"https:\/\/saksavorst.ee\/fi\/kauppa\/"},{"@type":"ListItem","position":3,"name":"Balsamiviinietikkakerma CREMA BALSAMICA DE VINAGRE DE MODENA I.G.P 500ml"}]},{"@type":"WebSite","@id":"https:\/\/saksavorst.ee\/fi\/#website","url":"https:\/\/saksavorst.ee\/fi\/","name":"Saksavorst","description":"Feel the taste of emotions","publisher":{"@id":"https:\/\/saksavorst.ee\/fi\/#organization"},"alternateName":"Veikand","potentialAction":[{"@type":"SearchAction","target":{"@type":"EntryPoint","urlTemplate":"https:\/\/saksavorst.ee\/fi\/?s={search_term_string}"},"query-input":{"@type":"PropertyValueSpecification","valueRequired":true,"valueName":"search_term_string"}}],"inLanguage":"fi"},{"@type":"Organization","@id":"https:\/\/saksavorst.ee\/fi\/#organization","name":"Saksavorst","alternateName":"Veikand","url":"https:\/\/saksavorst.ee\/fi\/","logo":{"@type":"ImageObject","inLanguage":"fi","@id":"https:\/\/saksavorst.ee\/fi\/#\/schema\/logo\/image\/","url":"https:\/\/saksavorst.ee\/wp-content\/uploads\/2023\/05\/veikand-logo.jpg","contentUrl":"https:\/\/saksavorst.ee\/wp-content\/uploads\/2023\/05\/veikand-logo.jpg","width":217,"height":217,"caption":"Saksavorst"},"image":{"@id":"https:\/\/saksavorst.ee\/fi\/#\/schema\/logo\/image\/"},"sameAs":["https:\/\/www.facebook.com\/Veikand"]}]}},"_links":{"self":[{"href":"https:\/\/saksavorst.ee\/fi\/wp-json\/wp\/v2\/product\/48498","targetHints":{"allow":["GET"]}}],"collection":[{"href":"https:\/\/saksavorst.ee\/fi\/wp-json\/wp\/v2\/product"}],"about":[{"href":"https:\/\/saksavorst.ee\/fi\/wp-json\/wp\/v2\/types\/product"}],"version-history":[{"count":1,"href":"https:\/\/saksavorst.ee\/fi\/wp-json\/wp\/v2\/product\/48498\/revisions"}],"predecessor-version":[{"id":48510,"href":"https:\/\/saksavorst.ee\/fi\/wp-json\/wp\/v2\/product\/48498\/revisions\/48510"}],"wp:featuredmedia":[{"embeddable":true,"href":"https:\/\/saksavorst.ee\/fi\/wp-json\/wp\/v2\/media\/48505"}],"wp:attachment":[{"href":"https:\/\/saksavorst.ee\/fi\/wp-json\/wp\/v2\/media?parent=48498"}],"wp:term":[{"taxonomy":"product_brand","embeddable":true,"href":"https:\/\/saksavorst.ee\/fi\/wp-json\/wp\/v2\/product_brand?post=48498"},{"taxonomy":"product_cat","embeddable":true,"href":"https:\/\/saksavorst.ee\/fi\/wp-json\/wp\/v2\/product_cat?post=48498"},{"taxonomy":"product_tag","embeddable":true,"href":"https:\/\/saksavorst.ee\/fi\/wp-json\/wp\/v2\/product_tag?post=48498"}],"curies":[{"name":"wp","href":"https:\/\/api.w.org\/{rel}","templated":true}]}}