{"id":48481,"date":"2025-12-17T14:46:32","date_gmt":"2025-12-17T12:46:32","guid":{"rendered":"https:\/\/saksavorst.ee\/?post_type=product&#038;p=48481"},"modified":"2025-12-17T17:10:34","modified_gmt":"2025-12-17T15:10:34","slug":"ekstra-neitsytoliivioljya-ja-oreganoa-oregano-250ml","status":"publish","type":"product","link":"https:\/\/saksavorst.ee\/fi\/tuote\/ekstra-neitsytoliivioljya-ja-oreganoa-oregano-250ml\/","title":{"rendered":"Ekstra-neitsytoliivi\u00f6ljy\u00e4 ja oreganoa OREGANO 250ml"},"content":{"rendered":"<h4>OREGANO<\/h4>\n<h4><strong>Ainesosat:<\/strong><\/h4>\n<p>Ekstra-neitsytoliivi\u00f6ljy\u00e4 ja oreganon eteerist\u00e4 \u00f6ljy\u00e4<\/p>\n<p>M\u00e4\u00e4r\u00e4: 250 ml<\/p>\n<p>Suositeltu annostus: maun mukaan<\/p>\n<p>S\u00e4ilytet\u00e4\u00e4n viile\u00e4ss\u00e4 (11-25 \u00b0C), kuivassa ja pime\u00e4ss\u00e4<\/p>\n<p>Parasta ennen: katso pakkauksesta<\/p>\n<h4><strong>Ravintoarvo 100 g tuotetta kohden:<\/strong><\/h4>\n<p>Energiapitoisuus 3700 kJ \/ 900 kcal<br \/>\nRasvoja 100 g<br \/>\njosta tyydyttyneit\u00e4 15 g<br \/>\nHiilihydraatteja 0 g<br \/>\njosta sokereita 0 g<br \/>\nProteiinia 0 g<br \/>\nSuolaa 0,01 g<\/p>\n<p>Valmistusmaa: Espanja<\/p>\n<p>Valmistaja: Aceites Malaga S.L.<\/p>\n","protected":false},"excerpt":{"rendered":"<p>T\u00e4m\u00e4 on t\u00e4ydellinen niille, jotka arvostavat oreganon raikasta, luonnollista makua. Sen yrttinen vivahde muuttaa jokaisen ruokalajin V\u00e4limeren kokemukseksi. Ihanteellinen lis\u00e4\u00e4m\u00e4\u00e4n aromaattista vivahdetta pizzoihin, salaatteihin ja pastaan \u200b\u200btai maustamaan suosikkiruokiasi tuoreiden yrttien aidolla maulla.<\/p>\n<p>100% espanjalaista alkuper\u00e4\u00e4, valmistettu Malagassa.<br \/>\nSaatavana luomu- ja halal-sertifioitu.<br \/>\nIhanteellinen jokap\u00e4iv\u00e4iseen k\u00e4ytt\u00f6\u00f6n tai gourmet-ruoanlaittoon.<\/p>\n","protected":false},"featured_media":48486,"template":"","meta":{"_acf_changed":false},"product_brand":[],"product_cat":[219,489],"product_tag":[],"class_list":{"0":"post-48481","1":"product","2":"type-product","3":"status-publish","4":"has-post-thumbnail","6":"product_cat-alennetut-tuotteet","7":"product_cat-elintarvikkeet","9":"first","10":"instock","11":"sale","12":"taxable","13":"shipping-taxable","14":"purchasable","15":"product-type-simple"},"acf":[],"yoast_head":"<!-- This site is optimized with the Yoast SEO plugin v27.3 - https:\/\/yoast.com\/product\/yoast-seo-wordpress\/ -->\n<title>Ekstra-neitsytoliivi\u00f6ljy\u00e4 ja oreganoa OREGANO 250ml - Saksavorst<\/title>\n<meta name=\"robots\" content=\"index, follow, max-snippet:-1, max-image-preview:large, max-video-preview:-1\" \/>\n<link rel=\"canonical\" href=\"https:\/\/saksavorst.ee\/fi\/tuote\/ekstra-neitsytoliivioljya-ja-oreganoa-oregano-250ml\/\" \/>\n<meta property=\"og:locale\" content=\"fi_FI\" \/>\n<meta property=\"og:type\" content=\"article\" \/>\n<meta property=\"og:title\" content=\"Ekstra-neitsytoliivi\u00f6ljy\u00e4 ja oreganoa OREGANO 250ml - Saksavorst\" \/>\n<meta property=\"og:description\" content=\"T\u00e4m\u00e4 on t\u00e4ydellinen niille, jotka arvostavat oreganon raikasta, luonnollista makua. Sen yrttinen vivahde muuttaa jokaisen ruokalajin V\u00e4limeren kokemukseksi. Ihanteellinen lis\u00e4\u00e4m\u00e4\u00e4n aromaattista vivahdetta pizzoihin, salaatteihin ja pastaan \u200b\u200btai maustamaan suosikkiruokiasi tuoreiden yrttien aidolla maulla.  100% espanjalaista alkuper\u00e4\u00e4, valmistettu Malagassa. Saatavana luomu- ja halal-sertifioitu. Ihanteellinen jokap\u00e4iv\u00e4iseen k\u00e4ytt\u00f6\u00f6n tai gourmet-ruoanlaittoon.\" \/>\n<meta property=\"og:url\" content=\"https:\/\/saksavorst.ee\/fi\/tuote\/ekstra-neitsytoliivioljya-ja-oreganoa-oregano-250ml\/\" \/>\n<meta property=\"og:site_name\" content=\"Saksavorst\" \/>\n<meta property=\"article:publisher\" content=\"https:\/\/www.facebook.com\/Veikand\" \/>\n<meta property=\"article:modified_time\" content=\"2025-12-17T15:10:34+00:00\" \/>\n<meta property=\"og:image\" content=\"https:\/\/saksavorst.ee\/wp-content\/uploads\/2025\/12\/ekstra-vaarisoliivioli-oreganoga-oregano-250ml.png\" \/>\n\t<meta property=\"og:image:width\" content=\"800\" \/>\n\t<meta property=\"og:image:height\" content=\"800\" \/>\n\t<meta property=\"og:image:type\" content=\"image\/png\" \/>\n<meta name=\"twitter:card\" content=\"summary_large_image\" \/>\n<meta name=\"twitter:label1\" content=\"Arvioitu lukuaika\" \/>\n\t<meta name=\"twitter:data1\" content=\"1 minuutti\" \/>\n<script type=\"application\/ld+json\" class=\"yoast-schema-graph\">{\"@context\":\"https:\\\/\\\/schema.org\",\"@graph\":[{\"@type\":\"WebPage\",\"@id\":\"https:\\\/\\\/saksavorst.ee\\\/fi\\\/tuote\\\/ekstra-neitsytoliivioljya-ja-oreganoa-oregano-250ml\\\/\",\"url\":\"https:\\\/\\\/saksavorst.ee\\\/fi\\\/tuote\\\/ekstra-neitsytoliivioljya-ja-oreganoa-oregano-250ml\\\/\",\"name\":\"Ekstra-neitsytoliivi\u00f6ljy\u00e4 ja oreganoa OREGANO 250ml - Saksavorst\",\"isPartOf\":{\"@id\":\"https:\\\/\\\/saksavorst.ee\\\/fi\\\/#website\"},\"primaryImageOfPage\":{\"@id\":\"https:\\\/\\\/saksavorst.ee\\\/fi\\\/tuote\\\/ekstra-neitsytoliivioljya-ja-oreganoa-oregano-250ml\\\/#primaryimage\"},\"image\":{\"@id\":\"https:\\\/\\\/saksavorst.ee\\\/fi\\\/tuote\\\/ekstra-neitsytoliivioljya-ja-oreganoa-oregano-250ml\\\/#primaryimage\"},\"thumbnailUrl\":\"https:\\\/\\\/saksavorst.ee\\\/wp-content\\\/uploads\\\/2025\\\/12\\\/ekstra-vaarisoliivioli-oreganoga-oregano-250ml.png\",\"datePublished\":\"2025-12-17T12:46:32+00:00\",\"dateModified\":\"2025-12-17T15:10:34+00:00\",\"breadcrumb\":{\"@id\":\"https:\\\/\\\/saksavorst.ee\\\/fi\\\/tuote\\\/ekstra-neitsytoliivioljya-ja-oreganoa-oregano-250ml\\\/#breadcrumb\"},\"inLanguage\":\"fi\",\"potentialAction\":[{\"@type\":\"ReadAction\",\"target\":[\"https:\\\/\\\/saksavorst.ee\\\/fi\\\/tuote\\\/ekstra-neitsytoliivioljya-ja-oreganoa-oregano-250ml\\\/\"]}]},{\"@type\":\"ImageObject\",\"inLanguage\":\"fi\",\"@id\":\"https:\\\/\\\/saksavorst.ee\\\/fi\\\/tuote\\\/ekstra-neitsytoliivioljya-ja-oreganoa-oregano-250ml\\\/#primaryimage\",\"url\":\"https:\\\/\\\/saksavorst.ee\\\/wp-content\\\/uploads\\\/2025\\\/12\\\/ekstra-vaarisoliivioli-oreganoga-oregano-250ml.png\",\"contentUrl\":\"https:\\\/\\\/saksavorst.ee\\\/wp-content\\\/uploads\\\/2025\\\/12\\\/ekstra-vaarisoliivioli-oreganoga-oregano-250ml.png\",\"width\":800,\"height\":800},{\"@type\":\"BreadcrumbList\",\"@id\":\"https:\\\/\\\/saksavorst.ee\\\/fi\\\/tuote\\\/ekstra-neitsytoliivioljya-ja-oreganoa-oregano-250ml\\\/#breadcrumb\",\"itemListElement\":[{\"@type\":\"ListItem\",\"position\":1,\"name\":\"Home\",\"item\":\"https:\\\/\\\/saksavorst.ee\\\/fi\\\/\"},{\"@type\":\"ListItem\",\"position\":2,\"name\":\"Kauppa\",\"item\":\"https:\\\/\\\/saksavorst.ee\\\/fi\\\/kauppa\\\/\"},{\"@type\":\"ListItem\",\"position\":3,\"name\":\"Ekstra-neitsytoliivi\u00f6ljy\u00e4 ja oreganoa OREGANO 250ml\"}]},{\"@type\":\"WebSite\",\"@id\":\"https:\\\/\\\/saksavorst.ee\\\/fi\\\/#website\",\"url\":\"https:\\\/\\\/saksavorst.ee\\\/fi\\\/\",\"name\":\"Saksavorst\",\"description\":\"Feel the taste of emotions\",\"publisher\":{\"@id\":\"https:\\\/\\\/saksavorst.ee\\\/fi\\\/#organization\"},\"alternateName\":\"Veikand\",\"potentialAction\":[{\"@type\":\"SearchAction\",\"target\":{\"@type\":\"EntryPoint\",\"urlTemplate\":\"https:\\\/\\\/saksavorst.ee\\\/fi\\\/?s={search_term_string}\"},\"query-input\":{\"@type\":\"PropertyValueSpecification\",\"valueRequired\":true,\"valueName\":\"search_term_string\"}}],\"inLanguage\":\"fi\"},{\"@type\":\"Organization\",\"@id\":\"https:\\\/\\\/saksavorst.ee\\\/fi\\\/#organization\",\"name\":\"Saksavorst\",\"alternateName\":\"Veikand\",\"url\":\"https:\\\/\\\/saksavorst.ee\\\/fi\\\/\",\"logo\":{\"@type\":\"ImageObject\",\"inLanguage\":\"fi\",\"@id\":\"https:\\\/\\\/saksavorst.ee\\\/fi\\\/#\\\/schema\\\/logo\\\/image\\\/\",\"url\":\"https:\\\/\\\/saksavorst.ee\\\/wp-content\\\/uploads\\\/2023\\\/05\\\/veikand-logo.jpg\",\"contentUrl\":\"https:\\\/\\\/saksavorst.ee\\\/wp-content\\\/uploads\\\/2023\\\/05\\\/veikand-logo.jpg\",\"width\":217,\"height\":217,\"caption\":\"Saksavorst\"},\"image\":{\"@id\":\"https:\\\/\\\/saksavorst.ee\\\/fi\\\/#\\\/schema\\\/logo\\\/image\\\/\"},\"sameAs\":[\"https:\\\/\\\/www.facebook.com\\\/Veikand\"]}]}<\/script>\n<!-- \/ Yoast SEO plugin. -->","yoast_head_json":{"title":"Ekstra-neitsytoliivi\u00f6ljy\u00e4 ja oreganoa OREGANO 250ml - Saksavorst","robots":{"index":"index","follow":"follow","max-snippet":"max-snippet:-1","max-image-preview":"max-image-preview:large","max-video-preview":"max-video-preview:-1"},"canonical":"https:\/\/saksavorst.ee\/fi\/tuote\/ekstra-neitsytoliivioljya-ja-oreganoa-oregano-250ml\/","og_locale":"fi_FI","og_type":"article","og_title":"Ekstra-neitsytoliivi\u00f6ljy\u00e4 ja oreganoa OREGANO 250ml - Saksavorst","og_description":"T\u00e4m\u00e4 on t\u00e4ydellinen niille, jotka arvostavat oreganon raikasta, luonnollista makua. Sen yrttinen vivahde muuttaa jokaisen ruokalajin V\u00e4limeren kokemukseksi. Ihanteellinen lis\u00e4\u00e4m\u00e4\u00e4n aromaattista vivahdetta pizzoihin, salaatteihin ja pastaan \u200b\u200btai maustamaan suosikkiruokiasi tuoreiden yrttien aidolla maulla.  100% espanjalaista alkuper\u00e4\u00e4, valmistettu Malagassa. Saatavana luomu- ja halal-sertifioitu. Ihanteellinen jokap\u00e4iv\u00e4iseen k\u00e4ytt\u00f6\u00f6n tai gourmet-ruoanlaittoon.","og_url":"https:\/\/saksavorst.ee\/fi\/tuote\/ekstra-neitsytoliivioljya-ja-oreganoa-oregano-250ml\/","og_site_name":"Saksavorst","article_publisher":"https:\/\/www.facebook.com\/Veikand","article_modified_time":"2025-12-17T15:10:34+00:00","og_image":[{"width":800,"height":800,"url":"https:\/\/saksavorst.ee\/wp-content\/uploads\/2025\/12\/ekstra-vaarisoliivioli-oreganoga-oregano-250ml.png","type":"image\/png"}],"twitter_card":"summary_large_image","twitter_misc":{"Arvioitu lukuaika":"1 minuutti"},"schema":{"@context":"https:\/\/schema.org","@graph":[{"@type":"WebPage","@id":"https:\/\/saksavorst.ee\/fi\/tuote\/ekstra-neitsytoliivioljya-ja-oreganoa-oregano-250ml\/","url":"https:\/\/saksavorst.ee\/fi\/tuote\/ekstra-neitsytoliivioljya-ja-oreganoa-oregano-250ml\/","name":"Ekstra-neitsytoliivi\u00f6ljy\u00e4 ja oreganoa OREGANO 250ml - Saksavorst","isPartOf":{"@id":"https:\/\/saksavorst.ee\/fi\/#website"},"primaryImageOfPage":{"@id":"https:\/\/saksavorst.ee\/fi\/tuote\/ekstra-neitsytoliivioljya-ja-oreganoa-oregano-250ml\/#primaryimage"},"image":{"@id":"https:\/\/saksavorst.ee\/fi\/tuote\/ekstra-neitsytoliivioljya-ja-oreganoa-oregano-250ml\/#primaryimage"},"thumbnailUrl":"https:\/\/saksavorst.ee\/wp-content\/uploads\/2025\/12\/ekstra-vaarisoliivioli-oreganoga-oregano-250ml.png","datePublished":"2025-12-17T12:46:32+00:00","dateModified":"2025-12-17T15:10:34+00:00","breadcrumb":{"@id":"https:\/\/saksavorst.ee\/fi\/tuote\/ekstra-neitsytoliivioljya-ja-oreganoa-oregano-250ml\/#breadcrumb"},"inLanguage":"fi","potentialAction":[{"@type":"ReadAction","target":["https:\/\/saksavorst.ee\/fi\/tuote\/ekstra-neitsytoliivioljya-ja-oreganoa-oregano-250ml\/"]}]},{"@type":"ImageObject","inLanguage":"fi","@id":"https:\/\/saksavorst.ee\/fi\/tuote\/ekstra-neitsytoliivioljya-ja-oreganoa-oregano-250ml\/#primaryimage","url":"https:\/\/saksavorst.ee\/wp-content\/uploads\/2025\/12\/ekstra-vaarisoliivioli-oreganoga-oregano-250ml.png","contentUrl":"https:\/\/saksavorst.ee\/wp-content\/uploads\/2025\/12\/ekstra-vaarisoliivioli-oreganoga-oregano-250ml.png","width":800,"height":800},{"@type":"BreadcrumbList","@id":"https:\/\/saksavorst.ee\/fi\/tuote\/ekstra-neitsytoliivioljya-ja-oreganoa-oregano-250ml\/#breadcrumb","itemListElement":[{"@type":"ListItem","position":1,"name":"Home","item":"https:\/\/saksavorst.ee\/fi\/"},{"@type":"ListItem","position":2,"name":"Kauppa","item":"https:\/\/saksavorst.ee\/fi\/kauppa\/"},{"@type":"ListItem","position":3,"name":"Ekstra-neitsytoliivi\u00f6ljy\u00e4 ja oreganoa OREGANO 250ml"}]},{"@type":"WebSite","@id":"https:\/\/saksavorst.ee\/fi\/#website","url":"https:\/\/saksavorst.ee\/fi\/","name":"Saksavorst","description":"Feel the taste of emotions","publisher":{"@id":"https:\/\/saksavorst.ee\/fi\/#organization"},"alternateName":"Veikand","potentialAction":[{"@type":"SearchAction","target":{"@type":"EntryPoint","urlTemplate":"https:\/\/saksavorst.ee\/fi\/?s={search_term_string}"},"query-input":{"@type":"PropertyValueSpecification","valueRequired":true,"valueName":"search_term_string"}}],"inLanguage":"fi"},{"@type":"Organization","@id":"https:\/\/saksavorst.ee\/fi\/#organization","name":"Saksavorst","alternateName":"Veikand","url":"https:\/\/saksavorst.ee\/fi\/","logo":{"@type":"ImageObject","inLanguage":"fi","@id":"https:\/\/saksavorst.ee\/fi\/#\/schema\/logo\/image\/","url":"https:\/\/saksavorst.ee\/wp-content\/uploads\/2023\/05\/veikand-logo.jpg","contentUrl":"https:\/\/saksavorst.ee\/wp-content\/uploads\/2023\/05\/veikand-logo.jpg","width":217,"height":217,"caption":"Saksavorst"},"image":{"@id":"https:\/\/saksavorst.ee\/fi\/#\/schema\/logo\/image\/"},"sameAs":["https:\/\/www.facebook.com\/Veikand"]}]}},"_links":{"self":[{"href":"https:\/\/saksavorst.ee\/fi\/wp-json\/wp\/v2\/product\/48481","targetHints":{"allow":["GET"]}}],"collection":[{"href":"https:\/\/saksavorst.ee\/fi\/wp-json\/wp\/v2\/product"}],"about":[{"href":"https:\/\/saksavorst.ee\/fi\/wp-json\/wp\/v2\/types\/product"}],"version-history":[{"count":3,"href":"https:\/\/saksavorst.ee\/fi\/wp-json\/wp\/v2\/product\/48481\/revisions"}],"predecessor-version":[{"id":48540,"href":"https:\/\/saksavorst.ee\/fi\/wp-json\/wp\/v2\/product\/48481\/revisions\/48540"}],"wp:featuredmedia":[{"embeddable":true,"href":"https:\/\/saksavorst.ee\/fi\/wp-json\/wp\/v2\/media\/48486"}],"wp:attachment":[{"href":"https:\/\/saksavorst.ee\/fi\/wp-json\/wp\/v2\/media?parent=48481"}],"wp:term":[{"taxonomy":"product_brand","embeddable":true,"href":"https:\/\/saksavorst.ee\/fi\/wp-json\/wp\/v2\/product_brand?post=48481"},{"taxonomy":"product_cat","embeddable":true,"href":"https:\/\/saksavorst.ee\/fi\/wp-json\/wp\/v2\/product_cat?post=48481"},{"taxonomy":"product_tag","embeddable":true,"href":"https:\/\/saksavorst.ee\/fi\/wp-json\/wp\/v2\/product_tag?post=48481"}],"curies":[{"name":"wp","href":"https:\/\/api.w.org\/{rel}","templated":true}]}}