{"id":46373,"date":"2025-10-10T12:03:01","date_gmt":"2025-10-10T10:03:01","guid":{"rendered":"https:\/\/saksavorst.ee\/?post_type=product&#038;p=46373"},"modified":"2025-10-16T13:26:56","modified_gmt":"2025-10-16T11:26:56","slug":"valkoiset-muovitarjottimet-80kpl","status":"publish","type":"product","link":"https:\/\/saksavorst.ee\/fi\/tuote\/valkoiset-muovitarjottimet-80kpl\/","title":{"rendered":"Valkoiset muovitarjottimet 80kpl"},"content":{"rendered":"<p><strong>Mitat:<\/strong><\/p>\n<p>Pituus: 150 mm<\/p>\n<p>Leveys: 230 mm<\/p>\n<p>Korkeus: 20 mm<\/p>\n<p>Materiaali: muovi<\/p>\n<p>K\u00e4ytt\u00f6:\u00a0vihanness\u00e4ilykkeet, marinoidut vihannekset, salaatit, hedelm\u00e4t, tomaattikastike, s\u00e4il\u00f6tyt hedelm\u00e4t ja marjat (hillot, s\u00e4ilykkeet, luumuhillot), sinappi, majoneesi, j\u00e4\u00e4tel\u00f6t, marinoitu kala, valmiit kalatuotteet, suolakala, karamelli, siirappi, kuiva-aineet, kuivatut vihannekset, jauhot, maitotuotteet, kasvirasvat ja el\u00e4inper\u00e4iset rasvat, makeiset, (maa)p\u00e4hkin\u00e4t, el\u00e4inrehut yms.<\/p>\n<p><strong>S\u00e4ilytysolosuhteet:<\/strong><\/p>\n<p>L\u00e4mp\u00f6tila 5-35<sup>o<\/sup>C.<\/p>\n<p>Suhteellinen ilmankosteus: suoraa auringonvaloa on v\u00e4ltett\u00e4v\u00e4.<\/p>\n","protected":false},"excerpt":{"rendered":"<p>Mitat: Pituus: 150 mm Leveys: 230 mm Korkeus: 20 mm Materiaali: muovi K\u00e4ytt\u00f6:\u00a0vihanness\u00e4ilykkeet, marinoidut vihannekset, salaatit, hedelm\u00e4t, tomaattikastike, s\u00e4il\u00f6tyt hedelm\u00e4t<\/p>\n","protected":false},"featured_media":46384,"template":"","meta":{"_acf_changed":false},"product_brand":[],"product_cat":[221,222,248,325,484,489],"product_tag":[],"class_list":{"0":"post-46373","1":"product","2":"type-product","3":"status-publish","4":"has-post-thumbnail","6":"product_cat-kaikki-tuotteet","7":"product_cat-varuosat","8":"product_cat-pakkaukset","9":"product_cat-laitteet","10":"product_cat-kausittaiset-suosikit","11":"product_cat-elintarvikkeet","13":"first","14":"instock","15":"taxable","16":"shipping-taxable","17":"purchasable","18":"product-type-simple"},"acf":[],"yoast_head":"<!-- This site is optimized with the Yoast SEO plugin v27.3 - https:\/\/yoast.com\/product\/yoast-seo-wordpress\/ -->\n<title>Valkoiset muovitarjottimet 80kpl - Saksavorst<\/title>\n<meta name=\"robots\" content=\"index, follow, max-snippet:-1, max-image-preview:large, max-video-preview:-1\" \/>\n<link rel=\"canonical\" href=\"https:\/\/saksavorst.ee\/fi\/tuote\/valkoiset-muovitarjottimet-80kpl\/\" \/>\n<meta property=\"og:locale\" content=\"fi_FI\" \/>\n<meta property=\"og:type\" content=\"article\" \/>\n<meta property=\"og:title\" content=\"Valkoiset muovitarjottimet 80kpl - Saksavorst\" \/>\n<meta property=\"og:description\" content=\"Mitat: Pituus: 150 mm Leveys: 230 mm Korkeus: 20 mm Materiaali: muovi K\u00e4ytt\u00f6:\u00a0vihanness\u00e4ilykkeet, marinoidut vihannekset, salaatit, hedelm\u00e4t, tomaattikastike, s\u00e4il\u00f6tyt hedelm\u00e4t\" \/>\n<meta property=\"og:url\" content=\"https:\/\/saksavorst.ee\/fi\/tuote\/valkoiset-muovitarjottimet-80kpl\/\" \/>\n<meta property=\"og:site_name\" content=\"Saksavorst\" \/>\n<meta property=\"article:publisher\" content=\"https:\/\/www.facebook.com\/Veikand\" \/>\n<meta property=\"article:modified_time\" content=\"2025-10-16T11:26:56+00:00\" \/>\n<meta property=\"og:image\" content=\"https:\/\/saksavorst.ee\/wp-content\/uploads\/2025\/10\/valged-plastikalused-80tk-1.png\" \/>\n\t<meta property=\"og:image:width\" content=\"800\" \/>\n\t<meta property=\"og:image:height\" content=\"800\" \/>\n\t<meta property=\"og:image:type\" content=\"image\/png\" \/>\n<meta name=\"twitter:card\" content=\"summary_large_image\" \/>\n<meta name=\"twitter:label1\" content=\"Arvioitu lukuaika\" \/>\n\t<meta name=\"twitter:data1\" content=\"1 minuutti\" \/>\n<script type=\"application\/ld+json\" class=\"yoast-schema-graph\">{\"@context\":\"https:\\\/\\\/schema.org\",\"@graph\":[{\"@type\":\"WebPage\",\"@id\":\"https:\\\/\\\/saksavorst.ee\\\/fi\\\/tuote\\\/valkoiset-muovitarjottimet-80kpl\\\/\",\"url\":\"https:\\\/\\\/saksavorst.ee\\\/fi\\\/tuote\\\/valkoiset-muovitarjottimet-80kpl\\\/\",\"name\":\"Valkoiset muovitarjottimet 80kpl - Saksavorst\",\"isPartOf\":{\"@id\":\"https:\\\/\\\/saksavorst.ee\\\/fi\\\/#website\"},\"primaryImageOfPage\":{\"@id\":\"https:\\\/\\\/saksavorst.ee\\\/fi\\\/tuote\\\/valkoiset-muovitarjottimet-80kpl\\\/#primaryimage\"},\"image\":{\"@id\":\"https:\\\/\\\/saksavorst.ee\\\/fi\\\/tuote\\\/valkoiset-muovitarjottimet-80kpl\\\/#primaryimage\"},\"thumbnailUrl\":\"https:\\\/\\\/saksavorst.ee\\\/wp-content\\\/uploads\\\/2025\\\/10\\\/valged-plastikalused-80tk-1.png\",\"datePublished\":\"2025-10-10T10:03:01+00:00\",\"dateModified\":\"2025-10-16T11:26:56+00:00\",\"breadcrumb\":{\"@id\":\"https:\\\/\\\/saksavorst.ee\\\/fi\\\/tuote\\\/valkoiset-muovitarjottimet-80kpl\\\/#breadcrumb\"},\"inLanguage\":\"fi\",\"potentialAction\":[{\"@type\":\"ReadAction\",\"target\":[\"https:\\\/\\\/saksavorst.ee\\\/fi\\\/tuote\\\/valkoiset-muovitarjottimet-80kpl\\\/\"]}]},{\"@type\":\"ImageObject\",\"inLanguage\":\"fi\",\"@id\":\"https:\\\/\\\/saksavorst.ee\\\/fi\\\/tuote\\\/valkoiset-muovitarjottimet-80kpl\\\/#primaryimage\",\"url\":\"https:\\\/\\\/saksavorst.ee\\\/wp-content\\\/uploads\\\/2025\\\/10\\\/valged-plastikalused-80tk-1.png\",\"contentUrl\":\"https:\\\/\\\/saksavorst.ee\\\/wp-content\\\/uploads\\\/2025\\\/10\\\/valged-plastikalused-80tk-1.png\",\"width\":800,\"height\":800},{\"@type\":\"BreadcrumbList\",\"@id\":\"https:\\\/\\\/saksavorst.ee\\\/fi\\\/tuote\\\/valkoiset-muovitarjottimet-80kpl\\\/#breadcrumb\",\"itemListElement\":[{\"@type\":\"ListItem\",\"position\":1,\"name\":\"Home\",\"item\":\"https:\\\/\\\/saksavorst.ee\\\/fi\\\/\"},{\"@type\":\"ListItem\",\"position\":2,\"name\":\"Kauppa\",\"item\":\"https:\\\/\\\/saksavorst.ee\\\/fi\\\/kauppa\\\/\"},{\"@type\":\"ListItem\",\"position\":3,\"name\":\"Valkoiset muovitarjottimet 80kpl\"}]},{\"@type\":\"WebSite\",\"@id\":\"https:\\\/\\\/saksavorst.ee\\\/fi\\\/#website\",\"url\":\"https:\\\/\\\/saksavorst.ee\\\/fi\\\/\",\"name\":\"Saksavorst\",\"description\":\"Feel the taste of emotions\",\"publisher\":{\"@id\":\"https:\\\/\\\/saksavorst.ee\\\/fi\\\/#organization\"},\"alternateName\":\"Veikand\",\"potentialAction\":[{\"@type\":\"SearchAction\",\"target\":{\"@type\":\"EntryPoint\",\"urlTemplate\":\"https:\\\/\\\/saksavorst.ee\\\/fi\\\/?s={search_term_string}\"},\"query-input\":{\"@type\":\"PropertyValueSpecification\",\"valueRequired\":true,\"valueName\":\"search_term_string\"}}],\"inLanguage\":\"fi\"},{\"@type\":\"Organization\",\"@id\":\"https:\\\/\\\/saksavorst.ee\\\/fi\\\/#organization\",\"name\":\"Saksavorst\",\"alternateName\":\"Veikand\",\"url\":\"https:\\\/\\\/saksavorst.ee\\\/fi\\\/\",\"logo\":{\"@type\":\"ImageObject\",\"inLanguage\":\"fi\",\"@id\":\"https:\\\/\\\/saksavorst.ee\\\/fi\\\/#\\\/schema\\\/logo\\\/image\\\/\",\"url\":\"https:\\\/\\\/saksavorst.ee\\\/wp-content\\\/uploads\\\/2023\\\/05\\\/veikand-logo.jpg\",\"contentUrl\":\"https:\\\/\\\/saksavorst.ee\\\/wp-content\\\/uploads\\\/2023\\\/05\\\/veikand-logo.jpg\",\"width\":217,\"height\":217,\"caption\":\"Saksavorst\"},\"image\":{\"@id\":\"https:\\\/\\\/saksavorst.ee\\\/fi\\\/#\\\/schema\\\/logo\\\/image\\\/\"},\"sameAs\":[\"https:\\\/\\\/www.facebook.com\\\/Veikand\"]}]}<\/script>\n<!-- \/ Yoast SEO plugin. -->","yoast_head_json":{"title":"Valkoiset muovitarjottimet 80kpl - Saksavorst","robots":{"index":"index","follow":"follow","max-snippet":"max-snippet:-1","max-image-preview":"max-image-preview:large","max-video-preview":"max-video-preview:-1"},"canonical":"https:\/\/saksavorst.ee\/fi\/tuote\/valkoiset-muovitarjottimet-80kpl\/","og_locale":"fi_FI","og_type":"article","og_title":"Valkoiset muovitarjottimet 80kpl - Saksavorst","og_description":"Mitat: Pituus: 150 mm Leveys: 230 mm Korkeus: 20 mm Materiaali: muovi K\u00e4ytt\u00f6:\u00a0vihanness\u00e4ilykkeet, marinoidut vihannekset, salaatit, hedelm\u00e4t, tomaattikastike, s\u00e4il\u00f6tyt hedelm\u00e4t","og_url":"https:\/\/saksavorst.ee\/fi\/tuote\/valkoiset-muovitarjottimet-80kpl\/","og_site_name":"Saksavorst","article_publisher":"https:\/\/www.facebook.com\/Veikand","article_modified_time":"2025-10-16T11:26:56+00:00","og_image":[{"width":800,"height":800,"url":"https:\/\/saksavorst.ee\/wp-content\/uploads\/2025\/10\/valged-plastikalused-80tk-1.png","type":"image\/png"}],"twitter_card":"summary_large_image","twitter_misc":{"Arvioitu lukuaika":"1 minuutti"},"schema":{"@context":"https:\/\/schema.org","@graph":[{"@type":"WebPage","@id":"https:\/\/saksavorst.ee\/fi\/tuote\/valkoiset-muovitarjottimet-80kpl\/","url":"https:\/\/saksavorst.ee\/fi\/tuote\/valkoiset-muovitarjottimet-80kpl\/","name":"Valkoiset muovitarjottimet 80kpl - Saksavorst","isPartOf":{"@id":"https:\/\/saksavorst.ee\/fi\/#website"},"primaryImageOfPage":{"@id":"https:\/\/saksavorst.ee\/fi\/tuote\/valkoiset-muovitarjottimet-80kpl\/#primaryimage"},"image":{"@id":"https:\/\/saksavorst.ee\/fi\/tuote\/valkoiset-muovitarjottimet-80kpl\/#primaryimage"},"thumbnailUrl":"https:\/\/saksavorst.ee\/wp-content\/uploads\/2025\/10\/valged-plastikalused-80tk-1.png","datePublished":"2025-10-10T10:03:01+00:00","dateModified":"2025-10-16T11:26:56+00:00","breadcrumb":{"@id":"https:\/\/saksavorst.ee\/fi\/tuote\/valkoiset-muovitarjottimet-80kpl\/#breadcrumb"},"inLanguage":"fi","potentialAction":[{"@type":"ReadAction","target":["https:\/\/saksavorst.ee\/fi\/tuote\/valkoiset-muovitarjottimet-80kpl\/"]}]},{"@type":"ImageObject","inLanguage":"fi","@id":"https:\/\/saksavorst.ee\/fi\/tuote\/valkoiset-muovitarjottimet-80kpl\/#primaryimage","url":"https:\/\/saksavorst.ee\/wp-content\/uploads\/2025\/10\/valged-plastikalused-80tk-1.png","contentUrl":"https:\/\/saksavorst.ee\/wp-content\/uploads\/2025\/10\/valged-plastikalused-80tk-1.png","width":800,"height":800},{"@type":"BreadcrumbList","@id":"https:\/\/saksavorst.ee\/fi\/tuote\/valkoiset-muovitarjottimet-80kpl\/#breadcrumb","itemListElement":[{"@type":"ListItem","position":1,"name":"Home","item":"https:\/\/saksavorst.ee\/fi\/"},{"@type":"ListItem","position":2,"name":"Kauppa","item":"https:\/\/saksavorst.ee\/fi\/kauppa\/"},{"@type":"ListItem","position":3,"name":"Valkoiset muovitarjottimet 80kpl"}]},{"@type":"WebSite","@id":"https:\/\/saksavorst.ee\/fi\/#website","url":"https:\/\/saksavorst.ee\/fi\/","name":"Saksavorst","description":"Feel the taste of emotions","publisher":{"@id":"https:\/\/saksavorst.ee\/fi\/#organization"},"alternateName":"Veikand","potentialAction":[{"@type":"SearchAction","target":{"@type":"EntryPoint","urlTemplate":"https:\/\/saksavorst.ee\/fi\/?s={search_term_string}"},"query-input":{"@type":"PropertyValueSpecification","valueRequired":true,"valueName":"search_term_string"}}],"inLanguage":"fi"},{"@type":"Organization","@id":"https:\/\/saksavorst.ee\/fi\/#organization","name":"Saksavorst","alternateName":"Veikand","url":"https:\/\/saksavorst.ee\/fi\/","logo":{"@type":"ImageObject","inLanguage":"fi","@id":"https:\/\/saksavorst.ee\/fi\/#\/schema\/logo\/image\/","url":"https:\/\/saksavorst.ee\/wp-content\/uploads\/2023\/05\/veikand-logo.jpg","contentUrl":"https:\/\/saksavorst.ee\/wp-content\/uploads\/2023\/05\/veikand-logo.jpg","width":217,"height":217,"caption":"Saksavorst"},"image":{"@id":"https:\/\/saksavorst.ee\/fi\/#\/schema\/logo\/image\/"},"sameAs":["https:\/\/www.facebook.com\/Veikand"]}]}},"_links":{"self":[{"href":"https:\/\/saksavorst.ee\/fi\/wp-json\/wp\/v2\/product\/46373","targetHints":{"allow":["GET"]}}],"collection":[{"href":"https:\/\/saksavorst.ee\/fi\/wp-json\/wp\/v2\/product"}],"about":[{"href":"https:\/\/saksavorst.ee\/fi\/wp-json\/wp\/v2\/types\/product"}],"version-history":[{"count":1,"href":"https:\/\/saksavorst.ee\/fi\/wp-json\/wp\/v2\/product\/46373\/revisions"}],"predecessor-version":[{"id":46394,"href":"https:\/\/saksavorst.ee\/fi\/wp-json\/wp\/v2\/product\/46373\/revisions\/46394"}],"wp:featuredmedia":[{"embeddable":true,"href":"https:\/\/saksavorst.ee\/fi\/wp-json\/wp\/v2\/media\/46384"}],"wp:attachment":[{"href":"https:\/\/saksavorst.ee\/fi\/wp-json\/wp\/v2\/media?parent=46373"}],"wp:term":[{"taxonomy":"product_brand","embeddable":true,"href":"https:\/\/saksavorst.ee\/fi\/wp-json\/wp\/v2\/product_brand?post=46373"},{"taxonomy":"product_cat","embeddable":true,"href":"https:\/\/saksavorst.ee\/fi\/wp-json\/wp\/v2\/product_cat?post=46373"},{"taxonomy":"product_tag","embeddable":true,"href":"https:\/\/saksavorst.ee\/fi\/wp-json\/wp\/v2\/product_tag?post=46373"}],"curies":[{"name":"wp","href":"https:\/\/api.w.org\/{rel}","templated":true}]}}