{"id":43943,"date":"2025-07-15T10:12:51","date_gmt":"2025-07-15T08:12:51","guid":{"rendered":"https:\/\/saksavorst.ee\/?post_type=product&#038;p=43943"},"modified":"2025-10-23T10:24:12","modified_gmt":"2025-10-23T08:24:12","slug":"oliivioljy-extra-virgin-coosur-arbequina-1l","status":"publish","type":"product","link":"https:\/\/saksavorst.ee\/fi\/tuote\/oliivioljy-extra-virgin-coosur-arbequina-1l\/","title":{"rendered":"Oliivi\u00f6ljy extra virgin COOSUR ARBEQUINA 1L"},"content":{"rendered":"<h4>COOSUR ARBEQUINA<\/h4>\n<h4><strong>Ainesosat:<\/strong><\/h4>\n<p>Extra virgin oliivi\u00f6ljy<\/p>\n<p>M\u00e4\u00e4r\u00e4: 1 l<\/p>\n<p>Suositeltu annostus: maun mukaan<\/p>\n<p>S\u00e4ilytet\u00e4\u00e4n viile\u00e4ss\u00e4 (11-25 \u00b0C), kuivassa ja pime\u00e4ss\u00e4<\/p>\n<p>Parasta ennen: katso pakkauksesta<\/p>\n<h4><strong>Ravintoarvo 100 g tuotetta kohden:<\/strong><\/h4>\n<p>Energiapitoisuus 3381 kJ \/ 882 kcal<br \/>\nRasvoja 91 g<br \/>\njosta tyydyttyneit\u00e4 12 g<br \/>\nHiilihydraatteja 0 g<br \/>\njosta sokereita 0 g<br \/>\nProteiinia 0 g<br \/>\nSuolaa 0 g<\/p>\n<p>Valmistusmaa: Espanja<\/p>\n<p>Valmistaja: Aceites del Sur-Coosur S.A.<\/p>\n<p>&nbsp;<\/p>\n<p><iframe loading=\"lazy\" title=\"Tarta de Turr\u00f3n y Galletas SIN HORNO \ud83e\udd6e Postres CASEROS\" width=\"500\" height=\"281\" src=\"https:\/\/www.youtube.com\/embed\/59DHwNqZE-E?feature=oembed\" frameborder=\"0\" allow=\"accelerometer; autoplay; clipboard-write; encrypted-media; gyroscope; picture-in-picture; web-share\" referrerpolicy=\"strict-origin-when-cross-origin\" allowfullscreen><\/iframe><\/p>\n","protected":false},"excerpt":{"rendered":"<p>T\u00e4m\u00e4 \u00f6ljylajike on eritt\u00e4in monipuolinen keitti\u00f6ss\u00e4; se sopii hyvin yhteen kermien tai riisiruokien kanssa ja sit\u00e4 voidaan k\u00e4ytt\u00e4\u00e4 jopa leivonnassa. Miedon makunsa ansiosta se sopii erinomaisesti herkullisten salaattien valmistukseen ja my\u00f6s kotitekoisten kastikkeiden, kuten majoneesin, valmistukseen sek\u00e4 lihan tai kalan marinointiin. Siksi Arbequina-\u00f6ljyn avulla voit nauttia monenlaisista resepteist\u00e4, yksinkertaisemmista ja nopeammista ruoista monimutkaisempiin valmisteisiin.<\/p>\n","protected":false},"featured_media":43953,"template":"","meta":{"_acf_changed":false},"product_brand":[],"product_cat":[484,489],"product_tag":[],"class_list":{"0":"post-43943","1":"product","2":"type-product","3":"status-publish","4":"has-post-thumbnail","6":"product_cat-kausittaiset-suosikit","7":"product_cat-elintarvikkeet","9":"first","10":"instock","11":"taxable","12":"shipping-taxable","13":"purchasable","14":"product-type-simple"},"acf":[],"yoast_head":"<!-- This site is optimized with the Yoast SEO plugin v27.3 - https:\/\/yoast.com\/product\/yoast-seo-wordpress\/ -->\n<title>Oliivi\u00f6ljy extra virgin COOSUR ARBEQUINA 1L - Saksavorst<\/title>\n<meta name=\"robots\" content=\"index, follow, max-snippet:-1, max-image-preview:large, max-video-preview:-1\" \/>\n<link rel=\"canonical\" href=\"https:\/\/saksavorst.ee\/fi\/tuote\/oliivioljy-extra-virgin-coosur-arbequina-1l\/\" \/>\n<meta property=\"og:locale\" content=\"fi_FI\" \/>\n<meta property=\"og:type\" content=\"article\" \/>\n<meta property=\"og:title\" content=\"Oliivi\u00f6ljy extra virgin COOSUR ARBEQUINA 1L - Saksavorst\" \/>\n<meta property=\"og:description\" content=\"T\u00e4m\u00e4 \u00f6ljylajike on eritt\u00e4in monipuolinen keitti\u00f6ss\u00e4; se sopii hyvin yhteen kermien tai riisiruokien kanssa ja sit\u00e4 voidaan k\u00e4ytt\u00e4\u00e4 jopa leivonnassa. Miedon makunsa ansiosta se sopii erinomaisesti herkullisten salaattien valmistukseen ja my\u00f6s kotitekoisten kastikkeiden, kuten majoneesin, valmistukseen sek\u00e4 lihan tai kalan marinointiin. Siksi Arbequina-\u00f6ljyn avulla voit nauttia monenlaisista resepteist\u00e4, yksinkertaisemmista ja nopeammista ruoista monimutkaisempiin valmisteisiin.\" \/>\n<meta property=\"og:url\" content=\"https:\/\/saksavorst.ee\/fi\/tuote\/oliivioljy-extra-virgin-coosur-arbequina-1l\/\" \/>\n<meta property=\"og:site_name\" content=\"Saksavorst\" \/>\n<meta property=\"article:publisher\" content=\"https:\/\/www.facebook.com\/Veikand\" \/>\n<meta property=\"article:modified_time\" content=\"2025-10-23T08:24:12+00:00\" \/>\n<meta property=\"og:image\" content=\"https:\/\/saksavorst.ee\/wp-content\/uploads\/2025\/07\/oliivioli-extra-virgin-coosur-arbequina-1l.png\" \/>\n\t<meta property=\"og:image:width\" content=\"800\" \/>\n\t<meta property=\"og:image:height\" content=\"800\" \/>\n\t<meta property=\"og:image:type\" content=\"image\/png\" \/>\n<meta name=\"twitter:card\" content=\"summary_large_image\" \/>\n<meta name=\"twitter:label1\" content=\"Arvioitu lukuaika\" \/>\n\t<meta name=\"twitter:data1\" content=\"1 minuutti\" \/>\n<script type=\"application\/ld+json\" class=\"yoast-schema-graph\">{\"@context\":\"https:\\\/\\\/schema.org\",\"@graph\":[{\"@type\":\"WebPage\",\"@id\":\"https:\\\/\\\/saksavorst.ee\\\/fi\\\/tuote\\\/oliivioljy-extra-virgin-coosur-arbequina-1l\\\/\",\"url\":\"https:\\\/\\\/saksavorst.ee\\\/fi\\\/tuote\\\/oliivioljy-extra-virgin-coosur-arbequina-1l\\\/\",\"name\":\"Oliivi\u00f6ljy extra virgin COOSUR ARBEQUINA 1L - Saksavorst\",\"isPartOf\":{\"@id\":\"https:\\\/\\\/saksavorst.ee\\\/fi\\\/#website\"},\"primaryImageOfPage\":{\"@id\":\"https:\\\/\\\/saksavorst.ee\\\/fi\\\/tuote\\\/oliivioljy-extra-virgin-coosur-arbequina-1l\\\/#primaryimage\"},\"image\":{\"@id\":\"https:\\\/\\\/saksavorst.ee\\\/fi\\\/tuote\\\/oliivioljy-extra-virgin-coosur-arbequina-1l\\\/#primaryimage\"},\"thumbnailUrl\":\"https:\\\/\\\/saksavorst.ee\\\/wp-content\\\/uploads\\\/2025\\\/07\\\/oliivioli-extra-virgin-coosur-arbequina-1l-pudel.png\",\"datePublished\":\"2025-07-15T08:12:51+00:00\",\"dateModified\":\"2025-10-23T08:24:12+00:00\",\"breadcrumb\":{\"@id\":\"https:\\\/\\\/saksavorst.ee\\\/fi\\\/tuote\\\/oliivioljy-extra-virgin-coosur-arbequina-1l\\\/#breadcrumb\"},\"inLanguage\":\"fi\",\"potentialAction\":[{\"@type\":\"ReadAction\",\"target\":[\"https:\\\/\\\/saksavorst.ee\\\/fi\\\/tuote\\\/oliivioljy-extra-virgin-coosur-arbequina-1l\\\/\"]}]},{\"@type\":\"ImageObject\",\"inLanguage\":\"fi\",\"@id\":\"https:\\\/\\\/saksavorst.ee\\\/fi\\\/tuote\\\/oliivioljy-extra-virgin-coosur-arbequina-1l\\\/#primaryimage\",\"url\":\"https:\\\/\\\/saksavorst.ee\\\/wp-content\\\/uploads\\\/2025\\\/07\\\/oliivioli-extra-virgin-coosur-arbequina-1l-pudel.png\",\"contentUrl\":\"https:\\\/\\\/saksavorst.ee\\\/wp-content\\\/uploads\\\/2025\\\/07\\\/oliivioli-extra-virgin-coosur-arbequina-1l-pudel.png\",\"width\":800,\"height\":800},{\"@type\":\"BreadcrumbList\",\"@id\":\"https:\\\/\\\/saksavorst.ee\\\/fi\\\/tuote\\\/oliivioljy-extra-virgin-coosur-arbequina-1l\\\/#breadcrumb\",\"itemListElement\":[{\"@type\":\"ListItem\",\"position\":1,\"name\":\"Home\",\"item\":\"https:\\\/\\\/saksavorst.ee\\\/fi\\\/\"},{\"@type\":\"ListItem\",\"position\":2,\"name\":\"Kauppa\",\"item\":\"https:\\\/\\\/saksavorst.ee\\\/fi\\\/kauppa\\\/\"},{\"@type\":\"ListItem\",\"position\":3,\"name\":\"Oliivi\u00f6ljy extra virgin COOSUR ARBEQUINA 1L\"}]},{\"@type\":\"WebSite\",\"@id\":\"https:\\\/\\\/saksavorst.ee\\\/fi\\\/#website\",\"url\":\"https:\\\/\\\/saksavorst.ee\\\/fi\\\/\",\"name\":\"Saksavorst\",\"description\":\"Feel the taste of emotions\",\"publisher\":{\"@id\":\"https:\\\/\\\/saksavorst.ee\\\/fi\\\/#organization\"},\"alternateName\":\"Veikand\",\"potentialAction\":[{\"@type\":\"SearchAction\",\"target\":{\"@type\":\"EntryPoint\",\"urlTemplate\":\"https:\\\/\\\/saksavorst.ee\\\/fi\\\/?s={search_term_string}\"},\"query-input\":{\"@type\":\"PropertyValueSpecification\",\"valueRequired\":true,\"valueName\":\"search_term_string\"}}],\"inLanguage\":\"fi\"},{\"@type\":\"Organization\",\"@id\":\"https:\\\/\\\/saksavorst.ee\\\/fi\\\/#organization\",\"name\":\"Saksavorst\",\"alternateName\":\"Veikand\",\"url\":\"https:\\\/\\\/saksavorst.ee\\\/fi\\\/\",\"logo\":{\"@type\":\"ImageObject\",\"inLanguage\":\"fi\",\"@id\":\"https:\\\/\\\/saksavorst.ee\\\/fi\\\/#\\\/schema\\\/logo\\\/image\\\/\",\"url\":\"https:\\\/\\\/saksavorst.ee\\\/wp-content\\\/uploads\\\/2023\\\/05\\\/veikand-logo.jpg\",\"contentUrl\":\"https:\\\/\\\/saksavorst.ee\\\/wp-content\\\/uploads\\\/2023\\\/05\\\/veikand-logo.jpg\",\"width\":217,\"height\":217,\"caption\":\"Saksavorst\"},\"image\":{\"@id\":\"https:\\\/\\\/saksavorst.ee\\\/fi\\\/#\\\/schema\\\/logo\\\/image\\\/\"},\"sameAs\":[\"https:\\\/\\\/www.facebook.com\\\/Veikand\"]}]}<\/script>\n<!-- \/ Yoast SEO plugin. -->","yoast_head_json":{"title":"Oliivi\u00f6ljy extra virgin COOSUR ARBEQUINA 1L - Saksavorst","robots":{"index":"index","follow":"follow","max-snippet":"max-snippet:-1","max-image-preview":"max-image-preview:large","max-video-preview":"max-video-preview:-1"},"canonical":"https:\/\/saksavorst.ee\/fi\/tuote\/oliivioljy-extra-virgin-coosur-arbequina-1l\/","og_locale":"fi_FI","og_type":"article","og_title":"Oliivi\u00f6ljy extra virgin COOSUR ARBEQUINA 1L - Saksavorst","og_description":"T\u00e4m\u00e4 \u00f6ljylajike on eritt\u00e4in monipuolinen keitti\u00f6ss\u00e4; se sopii hyvin yhteen kermien tai riisiruokien kanssa ja sit\u00e4 voidaan k\u00e4ytt\u00e4\u00e4 jopa leivonnassa. Miedon makunsa ansiosta se sopii erinomaisesti herkullisten salaattien valmistukseen ja my\u00f6s kotitekoisten kastikkeiden, kuten majoneesin, valmistukseen sek\u00e4 lihan tai kalan marinointiin. Siksi Arbequina-\u00f6ljyn avulla voit nauttia monenlaisista resepteist\u00e4, yksinkertaisemmista ja nopeammista ruoista monimutkaisempiin valmisteisiin.","og_url":"https:\/\/saksavorst.ee\/fi\/tuote\/oliivioljy-extra-virgin-coosur-arbequina-1l\/","og_site_name":"Saksavorst","article_publisher":"https:\/\/www.facebook.com\/Veikand","article_modified_time":"2025-10-23T08:24:12+00:00","og_image":[{"width":800,"height":800,"url":"https:\/\/saksavorst.ee\/wp-content\/uploads\/2025\/07\/oliivioli-extra-virgin-coosur-arbequina-1l.png","type":"image\/png"}],"twitter_card":"summary_large_image","twitter_misc":{"Arvioitu lukuaika":"1 minuutti"},"schema":{"@context":"https:\/\/schema.org","@graph":[{"@type":"WebPage","@id":"https:\/\/saksavorst.ee\/fi\/tuote\/oliivioljy-extra-virgin-coosur-arbequina-1l\/","url":"https:\/\/saksavorst.ee\/fi\/tuote\/oliivioljy-extra-virgin-coosur-arbequina-1l\/","name":"Oliivi\u00f6ljy extra virgin COOSUR ARBEQUINA 1L - Saksavorst","isPartOf":{"@id":"https:\/\/saksavorst.ee\/fi\/#website"},"primaryImageOfPage":{"@id":"https:\/\/saksavorst.ee\/fi\/tuote\/oliivioljy-extra-virgin-coosur-arbequina-1l\/#primaryimage"},"image":{"@id":"https:\/\/saksavorst.ee\/fi\/tuote\/oliivioljy-extra-virgin-coosur-arbequina-1l\/#primaryimage"},"thumbnailUrl":"https:\/\/saksavorst.ee\/wp-content\/uploads\/2025\/07\/oliivioli-extra-virgin-coosur-arbequina-1l-pudel.png","datePublished":"2025-07-15T08:12:51+00:00","dateModified":"2025-10-23T08:24:12+00:00","breadcrumb":{"@id":"https:\/\/saksavorst.ee\/fi\/tuote\/oliivioljy-extra-virgin-coosur-arbequina-1l\/#breadcrumb"},"inLanguage":"fi","potentialAction":[{"@type":"ReadAction","target":["https:\/\/saksavorst.ee\/fi\/tuote\/oliivioljy-extra-virgin-coosur-arbequina-1l\/"]}]},{"@type":"ImageObject","inLanguage":"fi","@id":"https:\/\/saksavorst.ee\/fi\/tuote\/oliivioljy-extra-virgin-coosur-arbequina-1l\/#primaryimage","url":"https:\/\/saksavorst.ee\/wp-content\/uploads\/2025\/07\/oliivioli-extra-virgin-coosur-arbequina-1l-pudel.png","contentUrl":"https:\/\/saksavorst.ee\/wp-content\/uploads\/2025\/07\/oliivioli-extra-virgin-coosur-arbequina-1l-pudel.png","width":800,"height":800},{"@type":"BreadcrumbList","@id":"https:\/\/saksavorst.ee\/fi\/tuote\/oliivioljy-extra-virgin-coosur-arbequina-1l\/#breadcrumb","itemListElement":[{"@type":"ListItem","position":1,"name":"Home","item":"https:\/\/saksavorst.ee\/fi\/"},{"@type":"ListItem","position":2,"name":"Kauppa","item":"https:\/\/saksavorst.ee\/fi\/kauppa\/"},{"@type":"ListItem","position":3,"name":"Oliivi\u00f6ljy extra virgin COOSUR ARBEQUINA 1L"}]},{"@type":"WebSite","@id":"https:\/\/saksavorst.ee\/fi\/#website","url":"https:\/\/saksavorst.ee\/fi\/","name":"Saksavorst","description":"Feel the taste of emotions","publisher":{"@id":"https:\/\/saksavorst.ee\/fi\/#organization"},"alternateName":"Veikand","potentialAction":[{"@type":"SearchAction","target":{"@type":"EntryPoint","urlTemplate":"https:\/\/saksavorst.ee\/fi\/?s={search_term_string}"},"query-input":{"@type":"PropertyValueSpecification","valueRequired":true,"valueName":"search_term_string"}}],"inLanguage":"fi"},{"@type":"Organization","@id":"https:\/\/saksavorst.ee\/fi\/#organization","name":"Saksavorst","alternateName":"Veikand","url":"https:\/\/saksavorst.ee\/fi\/","logo":{"@type":"ImageObject","inLanguage":"fi","@id":"https:\/\/saksavorst.ee\/fi\/#\/schema\/logo\/image\/","url":"https:\/\/saksavorst.ee\/wp-content\/uploads\/2023\/05\/veikand-logo.jpg","contentUrl":"https:\/\/saksavorst.ee\/wp-content\/uploads\/2023\/05\/veikand-logo.jpg","width":217,"height":217,"caption":"Saksavorst"},"image":{"@id":"https:\/\/saksavorst.ee\/fi\/#\/schema\/logo\/image\/"},"sameAs":["https:\/\/www.facebook.com\/Veikand"]}]}},"_links":{"self":[{"href":"https:\/\/saksavorst.ee\/fi\/wp-json\/wp\/v2\/product\/43943","targetHints":{"allow":["GET"]}}],"collection":[{"href":"https:\/\/saksavorst.ee\/fi\/wp-json\/wp\/v2\/product"}],"about":[{"href":"https:\/\/saksavorst.ee\/fi\/wp-json\/wp\/v2\/types\/product"}],"version-history":[{"count":1,"href":"https:\/\/saksavorst.ee\/fi\/wp-json\/wp\/v2\/product\/43943\/revisions"}],"predecessor-version":[{"id":43960,"href":"https:\/\/saksavorst.ee\/fi\/wp-json\/wp\/v2\/product\/43943\/revisions\/43960"}],"wp:featuredmedia":[{"embeddable":true,"href":"https:\/\/saksavorst.ee\/fi\/wp-json\/wp\/v2\/media\/43953"}],"wp:attachment":[{"href":"https:\/\/saksavorst.ee\/fi\/wp-json\/wp\/v2\/media?parent=43943"}],"wp:term":[{"taxonomy":"product_brand","embeddable":true,"href":"https:\/\/saksavorst.ee\/fi\/wp-json\/wp\/v2\/product_brand?post=43943"},{"taxonomy":"product_cat","embeddable":true,"href":"https:\/\/saksavorst.ee\/fi\/wp-json\/wp\/v2\/product_cat?post=43943"},{"taxonomy":"product_tag","embeddable":true,"href":"https:\/\/saksavorst.ee\/fi\/wp-json\/wp\/v2\/product_tag?post=43943"}],"curies":[{"name":"wp","href":"https:\/\/api.w.org\/{rel}","templated":true}]}}