{"id":42791,"date":"2025-04-28T11:01:25","date_gmt":"2025-04-28T09:01:25","guid":{"rendered":"https:\/\/saksavorst.ee\/?post_type=product&#038;p=42791"},"modified":"2026-04-01T12:17:43","modified_gmt":"2026-04-01T10:17:43","slug":"hapate-pc-sam-3-lyo-2-d","status":"publish","type":"product","link":"https:\/\/saksavorst.ee\/fi\/tuote\/hapate-pc-sam-3-lyo-2-d\/","title":{"rendered":"Hapate PC SAM 3 LYO 2 D SALE"},"content":{"rendered":"<p><strong>Sis\u00e4lt\u00e4\u00e4: <\/strong><em>Penicillium candidum<\/em><\/p>\n<p><strong>K\u00e4ytt\u00f6: <\/strong>Suositeltu annostus:<\/p>\n<p>Camembert 3\u20135 annosta \/ 1000 l maitoa<\/p>\n<p>Brie 5\u20138 annosta \/ 1000 l maitoa<\/p>\n<p>10 annosta \/ 1000 litraa maitoa limakalvojen suojaamiseksi<\/p>\n<p>Ilmoitetut rokotusm\u00e4\u00e4r\u00e4t ovat suuntaa antavia.<\/p>\n<p><strong>K\u00e4ytt\u00f6ohje: <\/strong>Desinfioi pussi sopivalla desinfiointiaineella ennen avaamista (kuivaa tarvittaessa talouspaperilla, jotta pussin suuaukon ymp\u00e4rille ei muodostu paakkuuntumista). Kun pussi on avattu, lis\u00e4\u00e4 viljelm\u00e4 suoraan past\u00f6roituun seokseen. Sekoita noin 30 minuuttia alhaisella nopeudella.<\/p>\n<p><strong>S\u00e4ilytys: <\/strong>12 kuukautta valmistusp\u00e4iv\u00e4st\u00e4 &lt;= -18 \u00b0C. Kylm\u00e4kuivattu viljelm\u00e4 s\u00e4ilyy huoneenl\u00e4mm\u00f6ss\u00e4 enint\u00e4\u00e4n 2 viikkoa. T\u00e4m\u00e4 ei vaikuta viljelm\u00e4n aktiivisuuteen eik\u00e4 s\u00e4ilyvyyteen. Toimituksen j\u00e4lkeen s\u00e4ilyt\u00e4 viljelm\u00e4\u00e4 &lt;= -18 \u00b0C:ssa.<\/p>\n<p><strong> Valmistettu: <\/strong>Danisco France<\/p>\n<p>Halal- ja koshersertifioitu<\/p>\n","protected":false},"excerpt":{"rendered":"<p>Alennettu hinta l\u00e4hestyv\u00e4n parasta ennen -p\u00e4iv\u00e4yksen vuoksi. Kaikki tuotepakkaukset ovat avaamattomia!<\/p>\n<p>Hapate PC SAM 3 LYO 2 D fermentoitujen maitotuotteiden \u2013 pehme\u00e4n juuston valmistukseen \u2013 Camembert, Brie-juusto. Penicillium candidum -sienest\u00e4 valmistettu kypsytysviljelm\u00e4. Penicillium candidum on Penicillium camembertin yleisnimi. Hapate on pakastekuivattua jauhetta.<\/p>\n","protected":false},"featured_media":42796,"template":"","meta":{"_acf_changed":false},"product_brand":[],"product_cat":[219,258,261],"product_tag":[],"class_list":{"0":"post-42791","1":"product","2":"type-product","3":"status-publish","4":"has-post-thumbnail","6":"product_cat-alennetut-tuotteet","7":"product_cat-hapatteet","8":"product_cat-juusto","10":"first","11":"instock","12":"sale","13":"taxable","14":"shipping-taxable","15":"purchasable","16":"product-type-simple"},"acf":[],"yoast_head":"<!-- This site is optimized with the Yoast SEO plugin v27.3 - https:\/\/yoast.com\/product\/yoast-seo-wordpress\/ -->\n<title>Hapate PC SAM 3 LYO 2 D SALE - Saksavorst<\/title>\n<meta name=\"robots\" content=\"index, follow, max-snippet:-1, max-image-preview:large, max-video-preview:-1\" \/>\n<link rel=\"canonical\" href=\"https:\/\/saksavorst.ee\/fi\/tuote\/hapate-pc-sam-3-lyo-2-d\/\" \/>\n<meta property=\"og:locale\" content=\"fi_FI\" \/>\n<meta property=\"og:type\" content=\"article\" \/>\n<meta property=\"og:title\" content=\"Hapate PC SAM 3 LYO 2 D SALE - Saksavorst\" \/>\n<meta property=\"og:description\" content=\"Alennettu hinta l\u00e4hestyv\u00e4n parasta ennen -p\u00e4iv\u00e4yksen vuoksi. Kaikki tuotepakkaukset ovat avaamattomia!  Hapate PC SAM 3 LYO 2 D fermentoitujen maitotuotteiden \u2013 pehme\u00e4n juuston valmistukseen \u2013 Camembert, Brie-juusto. Penicillium candidum -sienest\u00e4 valmistettu kypsytysviljelm\u00e4. Penicillium candidum on Penicillium camembertin yleisnimi. Hapate on pakastekuivattua jauhetta.\" \/>\n<meta property=\"og:url\" content=\"https:\/\/saksavorst.ee\/fi\/tuote\/hapate-pc-sam-3-lyo-2-d\/\" \/>\n<meta property=\"og:site_name\" content=\"Saksavorst\" \/>\n<meta property=\"article:publisher\" content=\"https:\/\/www.facebook.com\/Veikand\" \/>\n<meta property=\"article:modified_time\" content=\"2026-04-01T10:17:43+00:00\" \/>\n<meta property=\"og:image\" content=\"https:\/\/saksavorst.ee\/wp-content\/uploads\/2025\/04\/juuretis-pc-sam-3-lyo-2-d.png\" \/>\n\t<meta property=\"og:image:width\" content=\"800\" \/>\n\t<meta property=\"og:image:height\" content=\"800\" \/>\n\t<meta property=\"og:image:type\" content=\"image\/png\" \/>\n<meta name=\"twitter:card\" content=\"summary_large_image\" \/>\n<meta name=\"twitter:label1\" content=\"Arvioitu lukuaika\" \/>\n\t<meta name=\"twitter:data1\" content=\"1 minuutti\" \/>\n<script type=\"application\/ld+json\" class=\"yoast-schema-graph\">{\"@context\":\"https:\\\/\\\/schema.org\",\"@graph\":[{\"@type\":\"WebPage\",\"@id\":\"https:\\\/\\\/saksavorst.ee\\\/fi\\\/tuote\\\/hapate-pc-sam-3-lyo-2-d\\\/\",\"url\":\"https:\\\/\\\/saksavorst.ee\\\/fi\\\/tuote\\\/hapate-pc-sam-3-lyo-2-d\\\/\",\"name\":\"Hapate PC SAM 3 LYO 2 D SALE - Saksavorst\",\"isPartOf\":{\"@id\":\"https:\\\/\\\/saksavorst.ee\\\/fi\\\/#website\"},\"primaryImageOfPage\":{\"@id\":\"https:\\\/\\\/saksavorst.ee\\\/fi\\\/tuote\\\/hapate-pc-sam-3-lyo-2-d\\\/#primaryimage\"},\"image\":{\"@id\":\"https:\\\/\\\/saksavorst.ee\\\/fi\\\/tuote\\\/hapate-pc-sam-3-lyo-2-d\\\/#primaryimage\"},\"thumbnailUrl\":\"https:\\\/\\\/saksavorst.ee\\\/wp-content\\\/uploads\\\/2025\\\/04\\\/juuretis-pc-sam-3-lyo-2-d.png\",\"datePublished\":\"2025-04-28T09:01:25+00:00\",\"dateModified\":\"2026-04-01T10:17:43+00:00\",\"breadcrumb\":{\"@id\":\"https:\\\/\\\/saksavorst.ee\\\/fi\\\/tuote\\\/hapate-pc-sam-3-lyo-2-d\\\/#breadcrumb\"},\"inLanguage\":\"fi\",\"potentialAction\":[{\"@type\":\"ReadAction\",\"target\":[\"https:\\\/\\\/saksavorst.ee\\\/fi\\\/tuote\\\/hapate-pc-sam-3-lyo-2-d\\\/\"]}]},{\"@type\":\"ImageObject\",\"inLanguage\":\"fi\",\"@id\":\"https:\\\/\\\/saksavorst.ee\\\/fi\\\/tuote\\\/hapate-pc-sam-3-lyo-2-d\\\/#primaryimage\",\"url\":\"https:\\\/\\\/saksavorst.ee\\\/wp-content\\\/uploads\\\/2025\\\/04\\\/juuretis-pc-sam-3-lyo-2-d.png\",\"contentUrl\":\"https:\\\/\\\/saksavorst.ee\\\/wp-content\\\/uploads\\\/2025\\\/04\\\/juuretis-pc-sam-3-lyo-2-d.png\",\"width\":800,\"height\":800},{\"@type\":\"BreadcrumbList\",\"@id\":\"https:\\\/\\\/saksavorst.ee\\\/fi\\\/tuote\\\/hapate-pc-sam-3-lyo-2-d\\\/#breadcrumb\",\"itemListElement\":[{\"@type\":\"ListItem\",\"position\":1,\"name\":\"Home\",\"item\":\"https:\\\/\\\/saksavorst.ee\\\/fi\\\/\"},{\"@type\":\"ListItem\",\"position\":2,\"name\":\"Kauppa\",\"item\":\"https:\\\/\\\/saksavorst.ee\\\/fi\\\/kauppa\\\/\"},{\"@type\":\"ListItem\",\"position\":3,\"name\":\"Hapate PC SAM 3 LYO 2 D SALE\"}]},{\"@type\":\"WebSite\",\"@id\":\"https:\\\/\\\/saksavorst.ee\\\/fi\\\/#website\",\"url\":\"https:\\\/\\\/saksavorst.ee\\\/fi\\\/\",\"name\":\"Saksavorst\",\"description\":\"Feel the taste of emotions\",\"publisher\":{\"@id\":\"https:\\\/\\\/saksavorst.ee\\\/fi\\\/#organization\"},\"alternateName\":\"Veikand\",\"potentialAction\":[{\"@type\":\"SearchAction\",\"target\":{\"@type\":\"EntryPoint\",\"urlTemplate\":\"https:\\\/\\\/saksavorst.ee\\\/fi\\\/?s={search_term_string}\"},\"query-input\":{\"@type\":\"PropertyValueSpecification\",\"valueRequired\":true,\"valueName\":\"search_term_string\"}}],\"inLanguage\":\"fi\"},{\"@type\":\"Organization\",\"@id\":\"https:\\\/\\\/saksavorst.ee\\\/fi\\\/#organization\",\"name\":\"Saksavorst\",\"alternateName\":\"Veikand\",\"url\":\"https:\\\/\\\/saksavorst.ee\\\/fi\\\/\",\"logo\":{\"@type\":\"ImageObject\",\"inLanguage\":\"fi\",\"@id\":\"https:\\\/\\\/saksavorst.ee\\\/fi\\\/#\\\/schema\\\/logo\\\/image\\\/\",\"url\":\"https:\\\/\\\/saksavorst.ee\\\/wp-content\\\/uploads\\\/2023\\\/05\\\/veikand-logo.jpg\",\"contentUrl\":\"https:\\\/\\\/saksavorst.ee\\\/wp-content\\\/uploads\\\/2023\\\/05\\\/veikand-logo.jpg\",\"width\":217,\"height\":217,\"caption\":\"Saksavorst\"},\"image\":{\"@id\":\"https:\\\/\\\/saksavorst.ee\\\/fi\\\/#\\\/schema\\\/logo\\\/image\\\/\"},\"sameAs\":[\"https:\\\/\\\/www.facebook.com\\\/Veikand\"]}]}<\/script>\n<!-- \/ Yoast SEO plugin. -->","yoast_head_json":{"title":"Hapate PC SAM 3 LYO 2 D SALE - Saksavorst","robots":{"index":"index","follow":"follow","max-snippet":"max-snippet:-1","max-image-preview":"max-image-preview:large","max-video-preview":"max-video-preview:-1"},"canonical":"https:\/\/saksavorst.ee\/fi\/tuote\/hapate-pc-sam-3-lyo-2-d\/","og_locale":"fi_FI","og_type":"article","og_title":"Hapate PC SAM 3 LYO 2 D SALE - Saksavorst","og_description":"Alennettu hinta l\u00e4hestyv\u00e4n parasta ennen -p\u00e4iv\u00e4yksen vuoksi. Kaikki tuotepakkaukset ovat avaamattomia!  Hapate PC SAM 3 LYO 2 D fermentoitujen maitotuotteiden \u2013 pehme\u00e4n juuston valmistukseen \u2013 Camembert, Brie-juusto. Penicillium candidum -sienest\u00e4 valmistettu kypsytysviljelm\u00e4. Penicillium candidum on Penicillium camembertin yleisnimi. Hapate on pakastekuivattua jauhetta.","og_url":"https:\/\/saksavorst.ee\/fi\/tuote\/hapate-pc-sam-3-lyo-2-d\/","og_site_name":"Saksavorst","article_publisher":"https:\/\/www.facebook.com\/Veikand","article_modified_time":"2026-04-01T10:17:43+00:00","og_image":[{"width":800,"height":800,"url":"https:\/\/saksavorst.ee\/wp-content\/uploads\/2025\/04\/juuretis-pc-sam-3-lyo-2-d.png","type":"image\/png"}],"twitter_card":"summary_large_image","twitter_misc":{"Arvioitu lukuaika":"1 minuutti"},"schema":{"@context":"https:\/\/schema.org","@graph":[{"@type":"WebPage","@id":"https:\/\/saksavorst.ee\/fi\/tuote\/hapate-pc-sam-3-lyo-2-d\/","url":"https:\/\/saksavorst.ee\/fi\/tuote\/hapate-pc-sam-3-lyo-2-d\/","name":"Hapate PC SAM 3 LYO 2 D SALE - Saksavorst","isPartOf":{"@id":"https:\/\/saksavorst.ee\/fi\/#website"},"primaryImageOfPage":{"@id":"https:\/\/saksavorst.ee\/fi\/tuote\/hapate-pc-sam-3-lyo-2-d\/#primaryimage"},"image":{"@id":"https:\/\/saksavorst.ee\/fi\/tuote\/hapate-pc-sam-3-lyo-2-d\/#primaryimage"},"thumbnailUrl":"https:\/\/saksavorst.ee\/wp-content\/uploads\/2025\/04\/juuretis-pc-sam-3-lyo-2-d.png","datePublished":"2025-04-28T09:01:25+00:00","dateModified":"2026-04-01T10:17:43+00:00","breadcrumb":{"@id":"https:\/\/saksavorst.ee\/fi\/tuote\/hapate-pc-sam-3-lyo-2-d\/#breadcrumb"},"inLanguage":"fi","potentialAction":[{"@type":"ReadAction","target":["https:\/\/saksavorst.ee\/fi\/tuote\/hapate-pc-sam-3-lyo-2-d\/"]}]},{"@type":"ImageObject","inLanguage":"fi","@id":"https:\/\/saksavorst.ee\/fi\/tuote\/hapate-pc-sam-3-lyo-2-d\/#primaryimage","url":"https:\/\/saksavorst.ee\/wp-content\/uploads\/2025\/04\/juuretis-pc-sam-3-lyo-2-d.png","contentUrl":"https:\/\/saksavorst.ee\/wp-content\/uploads\/2025\/04\/juuretis-pc-sam-3-lyo-2-d.png","width":800,"height":800},{"@type":"BreadcrumbList","@id":"https:\/\/saksavorst.ee\/fi\/tuote\/hapate-pc-sam-3-lyo-2-d\/#breadcrumb","itemListElement":[{"@type":"ListItem","position":1,"name":"Home","item":"https:\/\/saksavorst.ee\/fi\/"},{"@type":"ListItem","position":2,"name":"Kauppa","item":"https:\/\/saksavorst.ee\/fi\/kauppa\/"},{"@type":"ListItem","position":3,"name":"Hapate PC SAM 3 LYO 2 D SALE"}]},{"@type":"WebSite","@id":"https:\/\/saksavorst.ee\/fi\/#website","url":"https:\/\/saksavorst.ee\/fi\/","name":"Saksavorst","description":"Feel the taste of emotions","publisher":{"@id":"https:\/\/saksavorst.ee\/fi\/#organization"},"alternateName":"Veikand","potentialAction":[{"@type":"SearchAction","target":{"@type":"EntryPoint","urlTemplate":"https:\/\/saksavorst.ee\/fi\/?s={search_term_string}"},"query-input":{"@type":"PropertyValueSpecification","valueRequired":true,"valueName":"search_term_string"}}],"inLanguage":"fi"},{"@type":"Organization","@id":"https:\/\/saksavorst.ee\/fi\/#organization","name":"Saksavorst","alternateName":"Veikand","url":"https:\/\/saksavorst.ee\/fi\/","logo":{"@type":"ImageObject","inLanguage":"fi","@id":"https:\/\/saksavorst.ee\/fi\/#\/schema\/logo\/image\/","url":"https:\/\/saksavorst.ee\/wp-content\/uploads\/2023\/05\/veikand-logo.jpg","contentUrl":"https:\/\/saksavorst.ee\/wp-content\/uploads\/2023\/05\/veikand-logo.jpg","width":217,"height":217,"caption":"Saksavorst"},"image":{"@id":"https:\/\/saksavorst.ee\/fi\/#\/schema\/logo\/image\/"},"sameAs":["https:\/\/www.facebook.com\/Veikand"]}]}},"_links":{"self":[{"href":"https:\/\/saksavorst.ee\/fi\/wp-json\/wp\/v2\/product\/42791","targetHints":{"allow":["GET"]}}],"collection":[{"href":"https:\/\/saksavorst.ee\/fi\/wp-json\/wp\/v2\/product"}],"about":[{"href":"https:\/\/saksavorst.ee\/fi\/wp-json\/wp\/v2\/types\/product"}],"version-history":[{"count":3,"href":"https:\/\/saksavorst.ee\/fi\/wp-json\/wp\/v2\/product\/42791\/revisions"}],"predecessor-version":[{"id":50154,"href":"https:\/\/saksavorst.ee\/fi\/wp-json\/wp\/v2\/product\/42791\/revisions\/50154"}],"wp:featuredmedia":[{"embeddable":true,"href":"https:\/\/saksavorst.ee\/fi\/wp-json\/wp\/v2\/media\/42796"}],"wp:attachment":[{"href":"https:\/\/saksavorst.ee\/fi\/wp-json\/wp\/v2\/media?parent=42791"}],"wp:term":[{"taxonomy":"product_brand","embeddable":true,"href":"https:\/\/saksavorst.ee\/fi\/wp-json\/wp\/v2\/product_brand?post=42791"},{"taxonomy":"product_cat","embeddable":true,"href":"https:\/\/saksavorst.ee\/fi\/wp-json\/wp\/v2\/product_cat?post=42791"},{"taxonomy":"product_tag","embeddable":true,"href":"https:\/\/saksavorst.ee\/fi\/wp-json\/wp\/v2\/product_tag?post=42791"}],"curies":[{"name":"wp","href":"https:\/\/api.w.org\/{rel}","templated":true}]}}