{"id":42742,"date":"2025-04-23T12:07:29","date_gmt":"2025-04-23T10:07:29","guid":{"rendered":"https:\/\/saksavorst.ee\/?post_type=product&#038;p=42742"},"modified":"2025-11-17T13:36:32","modified_gmt":"2025-11-17T11:36:32","slug":"hapate-probat-222-lyo-100-dcu","status":"publish","type":"product","link":"https:\/\/saksavorst.ee\/fi\/tuote\/hapate-probat-222-lyo-100-dcu\/","title":{"rendered":"Hapate PROBAT 222 LYO 100 DCU SALE"},"content":{"rendered":"<p><strong>Sis\u00e4lt\u00e4\u00e4: <\/strong><em>Lactococcus lactis <\/em>subsp. <em>lactis, Lactococcus lactis <\/em>subsp. <em>cremoris, Lactococcus lactis <\/em>subsp. <em>lactis biovar.diacetylactis, Leuconostoc mesenteroides <\/em>subsp<em>.cremoris<\/em><\/p>\n<p><strong>K\u00e4ytt\u00f6: <\/strong>Suositeltu annostus:<\/p>\n<p>Smetana, piim\u00e4 10 \u2013 20 DCU \/ 100 l alv maitoa<\/p>\n<p>Tuorejuusto, rahka 5 \u2013 20 DCU \/ 100 l alv maitoa<\/p>\n<p>Puolikova juusto 15 \u2013 40 DCU \/ 100 l alv maitoa<\/p>\n<p>Voi 20 \u2013 50 DCU \/ 100 l alv maitoa<\/p>\n<p>Ilmoitettuja rokotusm\u00e4\u00e4ri\u00e4 tulee pit\u00e4\u00e4 ohjeina.<\/p>\n<p><strong>K\u00e4ytt\u00f6ohje: <\/strong>Desinfioi pussi sopivalla desinfiointiaineella ennen avaamista (kuivaa paperipyyhkeell\u00e4 tarvittaessa tp est\u00e4\u00e4 paakkuuntumisen pussin aukon ymp\u00e4rille). Kun pussi on avattu, lis\u00e4\u00e4 viljelm\u00e4 suoraan past\u00f6roituun seokseen. Sekoita n. 30 minuuttia alhaisella nopeudella.<br \/>\nSuositeltu inkubointil\u00e4mp\u00f6tila: 22 \u2026 30 \u00b0C.<\/p>\n<p><strong>S\u00e4ilytys: <\/strong>12 kuukautta valmistusp\u00e4iv\u00e4st\u00e4 &lt;= -18\u00b0C. Kylm\u00e4kuivatun viljelm\u00e4n s\u00e4ilytys huoneenl\u00e4mm\u00f6ss\u00e4 max 2 viikkoa, ei vaikuta viljelm\u00e4n aktiivisuuteen ja s\u00e4ilyvyyteen. Toimituksen j\u00e4lkeen viljelm\u00e4 s\u00e4ilytet\u00e4\u00e4n &lt;= -18\u00b0C:ssa.<\/p>\n<p><strong> Valmistettu: <\/strong>Danisco Nieb\u00fcll, Saksa<\/p>\n<p>Halal- ja koshersertifioitu<\/p>\n","protected":false},"excerpt":{"rendered":"<p>Alennettu hinta l\u00e4hestyv\u00e4n parasta ennen -p\u00e4iv\u00e4yksen vuoksi. Kaikki tuotepakkaukset ovat avaamattomia!<\/p>\n<p>Hapate PROBAT 222 LYO 100 DCU hapatettujen maitotuotteiden tuotantoon \u2013 piim\u00e4, smetana, tuorejuusto, rahka \u2013 m\u00e4\u00e4rittelem\u00e4t\u00f6n, mesofiilinen usean lajin DL-maitohappobakteeriviljelm\u00e4 maidon, maitopohjan ja muiden elintarvikek\u00e4ytt\u00f6\u00f6n tarkoitettujen suoraan altaassa. Hapate on pakastekuivattu jauhe.<\/p>\n","protected":false},"featured_media":42747,"template":"","meta":{"_acf_changed":false},"product_brand":[],"product_cat":[264,258,259,219,263],"product_tag":[],"class_list":{"0":"post-42742","1":"product","2":"type-product","3":"status-publish","4":"has-post-thumbnail","6":"product_cat-smetanaa","7":"product_cat-hapatteet","8":"product_cat-hapan-maito","9":"product_cat-alennetut-tuotteet","10":"product_cat-rahka","12":"first","13":"instock","14":"sale","15":"taxable","16":"shipping-taxable","17":"purchasable","18":"product-type-simple"},"acf":[],"yoast_head":"<!-- This site is optimized with the Yoast SEO plugin v27.3 - https:\/\/yoast.com\/product\/yoast-seo-wordpress\/ -->\n<title>Hapate PROBAT 222 LYO 100 DCU SALE - Saksavorst<\/title>\n<meta name=\"robots\" content=\"index, follow, max-snippet:-1, max-image-preview:large, max-video-preview:-1\" \/>\n<link rel=\"canonical\" href=\"https:\/\/saksavorst.ee\/fi\/tuote\/hapate-probat-222-lyo-100-dcu\/\" \/>\n<meta property=\"og:locale\" content=\"fi_FI\" \/>\n<meta property=\"og:type\" content=\"article\" \/>\n<meta property=\"og:title\" content=\"Hapate PROBAT 222 LYO 100 DCU SALE - Saksavorst\" \/>\n<meta property=\"og:description\" content=\"Alennettu hinta l\u00e4hestyv\u00e4n parasta ennen -p\u00e4iv\u00e4yksen vuoksi. Kaikki tuotepakkaukset ovat avaamattomia!  Hapate PROBAT 222 LYO 100 DCU hapatettujen maitotuotteiden tuotantoon \u2013 piim\u00e4, smetana, tuorejuusto, rahka \u2013 m\u00e4\u00e4rittelem\u00e4t\u00f6n, mesofiilinen usean lajin DL-maitohappobakteeriviljelm\u00e4 maidon, maitopohjan ja muiden elintarvikek\u00e4ytt\u00f6\u00f6n tarkoitettujen suoraan altaassa. Hapate on pakastekuivattu jauhe.\" \/>\n<meta property=\"og:url\" content=\"https:\/\/saksavorst.ee\/fi\/tuote\/hapate-probat-222-lyo-100-dcu\/\" \/>\n<meta property=\"og:site_name\" content=\"Saksavorst\" \/>\n<meta property=\"article:publisher\" content=\"https:\/\/www.facebook.com\/Veikand\" \/>\n<meta property=\"article:modified_time\" content=\"2025-11-17T11:36:32+00:00\" \/>\n<meta property=\"og:image\" content=\"https:\/\/saksavorst.ee\/wp-content\/uploads\/2025\/04\/juuretis-probat-222-lyo-100-dcu.png\" \/>\n\t<meta property=\"og:image:width\" content=\"800\" \/>\n\t<meta property=\"og:image:height\" content=\"800\" \/>\n\t<meta property=\"og:image:type\" content=\"image\/png\" \/>\n<meta name=\"twitter:card\" content=\"summary_large_image\" \/>\n<meta name=\"twitter:label1\" content=\"Arvioitu lukuaika\" \/>\n\t<meta name=\"twitter:data1\" content=\"1 minuutti\" \/>\n<script type=\"application\/ld+json\" class=\"yoast-schema-graph\">{\"@context\":\"https:\\\/\\\/schema.org\",\"@graph\":[{\"@type\":\"WebPage\",\"@id\":\"https:\\\/\\\/saksavorst.ee\\\/fi\\\/tuote\\\/hapate-probat-222-lyo-100-dcu\\\/\",\"url\":\"https:\\\/\\\/saksavorst.ee\\\/fi\\\/tuote\\\/hapate-probat-222-lyo-100-dcu\\\/\",\"name\":\"Hapate PROBAT 222 LYO 100 DCU SALE - Saksavorst\",\"isPartOf\":{\"@id\":\"https:\\\/\\\/saksavorst.ee\\\/fi\\\/#website\"},\"primaryImageOfPage\":{\"@id\":\"https:\\\/\\\/saksavorst.ee\\\/fi\\\/tuote\\\/hapate-probat-222-lyo-100-dcu\\\/#primaryimage\"},\"image\":{\"@id\":\"https:\\\/\\\/saksavorst.ee\\\/fi\\\/tuote\\\/hapate-probat-222-lyo-100-dcu\\\/#primaryimage\"},\"thumbnailUrl\":\"https:\\\/\\\/saksavorst.ee\\\/wp-content\\\/uploads\\\/2025\\\/04\\\/juuretis-probat-222-lyo-100-dcu.png\",\"datePublished\":\"2025-04-23T10:07:29+00:00\",\"dateModified\":\"2025-11-17T11:36:32+00:00\",\"breadcrumb\":{\"@id\":\"https:\\\/\\\/saksavorst.ee\\\/fi\\\/tuote\\\/hapate-probat-222-lyo-100-dcu\\\/#breadcrumb\"},\"inLanguage\":\"fi\",\"potentialAction\":[{\"@type\":\"ReadAction\",\"target\":[\"https:\\\/\\\/saksavorst.ee\\\/fi\\\/tuote\\\/hapate-probat-222-lyo-100-dcu\\\/\"]}]},{\"@type\":\"ImageObject\",\"inLanguage\":\"fi\",\"@id\":\"https:\\\/\\\/saksavorst.ee\\\/fi\\\/tuote\\\/hapate-probat-222-lyo-100-dcu\\\/#primaryimage\",\"url\":\"https:\\\/\\\/saksavorst.ee\\\/wp-content\\\/uploads\\\/2025\\\/04\\\/juuretis-probat-222-lyo-100-dcu.png\",\"contentUrl\":\"https:\\\/\\\/saksavorst.ee\\\/wp-content\\\/uploads\\\/2025\\\/04\\\/juuretis-probat-222-lyo-100-dcu.png\",\"width\":800,\"height\":800},{\"@type\":\"BreadcrumbList\",\"@id\":\"https:\\\/\\\/saksavorst.ee\\\/fi\\\/tuote\\\/hapate-probat-222-lyo-100-dcu\\\/#breadcrumb\",\"itemListElement\":[{\"@type\":\"ListItem\",\"position\":1,\"name\":\"Home\",\"item\":\"https:\\\/\\\/saksavorst.ee\\\/fi\\\/\"},{\"@type\":\"ListItem\",\"position\":2,\"name\":\"Kauppa\",\"item\":\"https:\\\/\\\/saksavorst.ee\\\/fi\\\/kauppa\\\/\"},{\"@type\":\"ListItem\",\"position\":3,\"name\":\"Hapate PROBAT 222 LYO 100 DCU SALE\"}]},{\"@type\":\"WebSite\",\"@id\":\"https:\\\/\\\/saksavorst.ee\\\/fi\\\/#website\",\"url\":\"https:\\\/\\\/saksavorst.ee\\\/fi\\\/\",\"name\":\"Saksavorst\",\"description\":\"Feel the taste of emotions\",\"publisher\":{\"@id\":\"https:\\\/\\\/saksavorst.ee\\\/fi\\\/#organization\"},\"alternateName\":\"Veikand\",\"potentialAction\":[{\"@type\":\"SearchAction\",\"target\":{\"@type\":\"EntryPoint\",\"urlTemplate\":\"https:\\\/\\\/saksavorst.ee\\\/fi\\\/?s={search_term_string}\"},\"query-input\":{\"@type\":\"PropertyValueSpecification\",\"valueRequired\":true,\"valueName\":\"search_term_string\"}}],\"inLanguage\":\"fi\"},{\"@type\":\"Organization\",\"@id\":\"https:\\\/\\\/saksavorst.ee\\\/fi\\\/#organization\",\"name\":\"Saksavorst\",\"alternateName\":\"Veikand\",\"url\":\"https:\\\/\\\/saksavorst.ee\\\/fi\\\/\",\"logo\":{\"@type\":\"ImageObject\",\"inLanguage\":\"fi\",\"@id\":\"https:\\\/\\\/saksavorst.ee\\\/fi\\\/#\\\/schema\\\/logo\\\/image\\\/\",\"url\":\"https:\\\/\\\/saksavorst.ee\\\/wp-content\\\/uploads\\\/2023\\\/05\\\/veikand-logo.jpg\",\"contentUrl\":\"https:\\\/\\\/saksavorst.ee\\\/wp-content\\\/uploads\\\/2023\\\/05\\\/veikand-logo.jpg\",\"width\":217,\"height\":217,\"caption\":\"Saksavorst\"},\"image\":{\"@id\":\"https:\\\/\\\/saksavorst.ee\\\/fi\\\/#\\\/schema\\\/logo\\\/image\\\/\"},\"sameAs\":[\"https:\\\/\\\/www.facebook.com\\\/Veikand\"]}]}<\/script>\n<!-- \/ Yoast SEO plugin. -->","yoast_head_json":{"title":"Hapate PROBAT 222 LYO 100 DCU SALE - Saksavorst","robots":{"index":"index","follow":"follow","max-snippet":"max-snippet:-1","max-image-preview":"max-image-preview:large","max-video-preview":"max-video-preview:-1"},"canonical":"https:\/\/saksavorst.ee\/fi\/tuote\/hapate-probat-222-lyo-100-dcu\/","og_locale":"fi_FI","og_type":"article","og_title":"Hapate PROBAT 222 LYO 100 DCU SALE - Saksavorst","og_description":"Alennettu hinta l\u00e4hestyv\u00e4n parasta ennen -p\u00e4iv\u00e4yksen vuoksi. Kaikki tuotepakkaukset ovat avaamattomia!  Hapate PROBAT 222 LYO 100 DCU hapatettujen maitotuotteiden tuotantoon \u2013 piim\u00e4, smetana, tuorejuusto, rahka \u2013 m\u00e4\u00e4rittelem\u00e4t\u00f6n, mesofiilinen usean lajin DL-maitohappobakteeriviljelm\u00e4 maidon, maitopohjan ja muiden elintarvikek\u00e4ytt\u00f6\u00f6n tarkoitettujen suoraan altaassa. Hapate on pakastekuivattu jauhe.","og_url":"https:\/\/saksavorst.ee\/fi\/tuote\/hapate-probat-222-lyo-100-dcu\/","og_site_name":"Saksavorst","article_publisher":"https:\/\/www.facebook.com\/Veikand","article_modified_time":"2025-11-17T11:36:32+00:00","og_image":[{"width":800,"height":800,"url":"https:\/\/saksavorst.ee\/wp-content\/uploads\/2025\/04\/juuretis-probat-222-lyo-100-dcu.png","type":"image\/png"}],"twitter_card":"summary_large_image","twitter_misc":{"Arvioitu lukuaika":"1 minuutti"},"schema":{"@context":"https:\/\/schema.org","@graph":[{"@type":"WebPage","@id":"https:\/\/saksavorst.ee\/fi\/tuote\/hapate-probat-222-lyo-100-dcu\/","url":"https:\/\/saksavorst.ee\/fi\/tuote\/hapate-probat-222-lyo-100-dcu\/","name":"Hapate PROBAT 222 LYO 100 DCU SALE - Saksavorst","isPartOf":{"@id":"https:\/\/saksavorst.ee\/fi\/#website"},"primaryImageOfPage":{"@id":"https:\/\/saksavorst.ee\/fi\/tuote\/hapate-probat-222-lyo-100-dcu\/#primaryimage"},"image":{"@id":"https:\/\/saksavorst.ee\/fi\/tuote\/hapate-probat-222-lyo-100-dcu\/#primaryimage"},"thumbnailUrl":"https:\/\/saksavorst.ee\/wp-content\/uploads\/2025\/04\/juuretis-probat-222-lyo-100-dcu.png","datePublished":"2025-04-23T10:07:29+00:00","dateModified":"2025-11-17T11:36:32+00:00","breadcrumb":{"@id":"https:\/\/saksavorst.ee\/fi\/tuote\/hapate-probat-222-lyo-100-dcu\/#breadcrumb"},"inLanguage":"fi","potentialAction":[{"@type":"ReadAction","target":["https:\/\/saksavorst.ee\/fi\/tuote\/hapate-probat-222-lyo-100-dcu\/"]}]},{"@type":"ImageObject","inLanguage":"fi","@id":"https:\/\/saksavorst.ee\/fi\/tuote\/hapate-probat-222-lyo-100-dcu\/#primaryimage","url":"https:\/\/saksavorst.ee\/wp-content\/uploads\/2025\/04\/juuretis-probat-222-lyo-100-dcu.png","contentUrl":"https:\/\/saksavorst.ee\/wp-content\/uploads\/2025\/04\/juuretis-probat-222-lyo-100-dcu.png","width":800,"height":800},{"@type":"BreadcrumbList","@id":"https:\/\/saksavorst.ee\/fi\/tuote\/hapate-probat-222-lyo-100-dcu\/#breadcrumb","itemListElement":[{"@type":"ListItem","position":1,"name":"Home","item":"https:\/\/saksavorst.ee\/fi\/"},{"@type":"ListItem","position":2,"name":"Kauppa","item":"https:\/\/saksavorst.ee\/fi\/kauppa\/"},{"@type":"ListItem","position":3,"name":"Hapate PROBAT 222 LYO 100 DCU SALE"}]},{"@type":"WebSite","@id":"https:\/\/saksavorst.ee\/fi\/#website","url":"https:\/\/saksavorst.ee\/fi\/","name":"Saksavorst","description":"Feel the taste of emotions","publisher":{"@id":"https:\/\/saksavorst.ee\/fi\/#organization"},"alternateName":"Veikand","potentialAction":[{"@type":"SearchAction","target":{"@type":"EntryPoint","urlTemplate":"https:\/\/saksavorst.ee\/fi\/?s={search_term_string}"},"query-input":{"@type":"PropertyValueSpecification","valueRequired":true,"valueName":"search_term_string"}}],"inLanguage":"fi"},{"@type":"Organization","@id":"https:\/\/saksavorst.ee\/fi\/#organization","name":"Saksavorst","alternateName":"Veikand","url":"https:\/\/saksavorst.ee\/fi\/","logo":{"@type":"ImageObject","inLanguage":"fi","@id":"https:\/\/saksavorst.ee\/fi\/#\/schema\/logo\/image\/","url":"https:\/\/saksavorst.ee\/wp-content\/uploads\/2023\/05\/veikand-logo.jpg","contentUrl":"https:\/\/saksavorst.ee\/wp-content\/uploads\/2023\/05\/veikand-logo.jpg","width":217,"height":217,"caption":"Saksavorst"},"image":{"@id":"https:\/\/saksavorst.ee\/fi\/#\/schema\/logo\/image\/"},"sameAs":["https:\/\/www.facebook.com\/Veikand"]}]}},"_links":{"self":[{"href":"https:\/\/saksavorst.ee\/fi\/wp-json\/wp\/v2\/product\/42742","targetHints":{"allow":["GET"]}}],"collection":[{"href":"https:\/\/saksavorst.ee\/fi\/wp-json\/wp\/v2\/product"}],"about":[{"href":"https:\/\/saksavorst.ee\/fi\/wp-json\/wp\/v2\/types\/product"}],"version-history":[{"count":2,"href":"https:\/\/saksavorst.ee\/fi\/wp-json\/wp\/v2\/product\/42742\/revisions"}],"predecessor-version":[{"id":47584,"href":"https:\/\/saksavorst.ee\/fi\/wp-json\/wp\/v2\/product\/42742\/revisions\/47584"}],"wp:featuredmedia":[{"embeddable":true,"href":"https:\/\/saksavorst.ee\/fi\/wp-json\/wp\/v2\/media\/42747"}],"wp:attachment":[{"href":"https:\/\/saksavorst.ee\/fi\/wp-json\/wp\/v2\/media?parent=42742"}],"wp:term":[{"taxonomy":"product_brand","embeddable":true,"href":"https:\/\/saksavorst.ee\/fi\/wp-json\/wp\/v2\/product_brand?post=42742"},{"taxonomy":"product_cat","embeddable":true,"href":"https:\/\/saksavorst.ee\/fi\/wp-json\/wp\/v2\/product_cat?post=42742"},{"taxonomy":"product_tag","embeddable":true,"href":"https:\/\/saksavorst.ee\/fi\/wp-json\/wp\/v2\/product_tag?post=42742"}],"curies":[{"name":"wp","href":"https:\/\/api.w.org\/{rel}","templated":true}]}}