{"id":42460,"date":"2025-04-10T11:48:02","date_gmt":"2025-04-10T09:48:02","guid":{"rendered":"https:\/\/saksavorst.ee\/?post_type=product&#038;p=42460"},"modified":"2025-09-14T16:24:31","modified_gmt":"2025-09-14T14:24:31","slug":"200x350mm-tyhjiopussit-100kpl","status":"publish","type":"product","link":"https:\/\/saksavorst.ee\/fi\/tuote\/200x350mm-tyhjiopussit-100kpl\/","title":{"rendered":"200x350mm tyhji\u00f6pussit 100kpl"},"content":{"rendered":"<p>Valmistaja:\u00a0UAB Letpaka<\/p>\n<p>Koko: 200 x 350 mm<\/p>\n<p>Paksuus: 70 mic<\/p>\n<p>Materiaali: PA\/PE<\/p>\n<p>M\u00e4\u00e4r\u00e4: 100 kpl pakkaus<\/p>\n","protected":false},"excerpt":{"rendered":"<p>Valmistaja:\u00a0UAB Letpaka Koko: 200 x 350 mm Paksuus: 70 mic Materiaali: PA\/PE M\u00e4\u00e4r\u00e4: 100 kpl pakkaus<\/p>\n","protected":false},"featured_media":42465,"template":"","meta":{"_acf_changed":false},"product_brand":[],"product_cat":[248,249,250],"product_tag":[],"class_list":{"0":"post-42460","1":"product","2":"type-product","3":"status-publish","4":"has-post-thumbnail","6":"product_cat-pakkaukset","7":"product_cat-vakuumipussit","8":"product_cat-tyhjiotiivistepussit","10":"first","11":"instock","12":"taxable","13":"shipping-taxable","14":"purchasable","15":"product-type-simple"},"acf":[],"yoast_head":"<!-- This site is optimized with the Yoast SEO plugin v27.3 - https:\/\/yoast.com\/product\/yoast-seo-wordpress\/ -->\n<title>200x350mm tyhji\u00f6pussit 100kpl - Saksavorst<\/title>\n<meta name=\"robots\" content=\"index, follow, max-snippet:-1, max-image-preview:large, max-video-preview:-1\" \/>\n<link rel=\"canonical\" href=\"https:\/\/saksavorst.ee\/fi\/tuote\/200x350mm-tyhjiopussit-100kpl\/\" \/>\n<meta property=\"og:locale\" content=\"fi_FI\" \/>\n<meta property=\"og:type\" content=\"article\" \/>\n<meta property=\"og:title\" content=\"200x350mm tyhji\u00f6pussit 100kpl - Saksavorst\" \/>\n<meta property=\"og:description\" content=\"Valmistaja:\u00a0UAB Letpaka Koko: 200 x 350 mm Paksuus: 70 mic Materiaali: PA\/PE M\u00e4\u00e4r\u00e4: 100 kpl pakkaus\" \/>\n<meta property=\"og:url\" content=\"https:\/\/saksavorst.ee\/fi\/tuote\/200x350mm-tyhjiopussit-100kpl\/\" \/>\n<meta property=\"og:site_name\" content=\"Saksavorst\" \/>\n<meta property=\"article:publisher\" content=\"https:\/\/www.facebook.com\/Veikand\" \/>\n<meta property=\"article:modified_time\" content=\"2025-09-14T14:24:31+00:00\" \/>\n<meta property=\"og:image\" content=\"https:\/\/saksavorst.ee\/wp-content\/uploads\/2025\/04\/200-x-350-mm-vaakumkotid-kanalita-100tk.png\" \/>\n\t<meta property=\"og:image:width\" content=\"800\" \/>\n\t<meta property=\"og:image:height\" content=\"800\" \/>\n\t<meta property=\"og:image:type\" content=\"image\/png\" \/>\n<meta name=\"twitter:card\" content=\"summary_large_image\" \/>\n<meta name=\"twitter:label1\" content=\"Arvioitu lukuaika\" \/>\n\t<meta name=\"twitter:data1\" content=\"1 minuutti\" \/>\n<script type=\"application\/ld+json\" class=\"yoast-schema-graph\">{\"@context\":\"https:\\\/\\\/schema.org\",\"@graph\":[{\"@type\":\"WebPage\",\"@id\":\"https:\\\/\\\/saksavorst.ee\\\/fi\\\/tuote\\\/200x350mm-tyhjiopussit-100kpl\\\/\",\"url\":\"https:\\\/\\\/saksavorst.ee\\\/fi\\\/tuote\\\/200x350mm-tyhjiopussit-100kpl\\\/\",\"name\":\"200x350mm tyhji\u00f6pussit 100kpl - Saksavorst\",\"isPartOf\":{\"@id\":\"https:\\\/\\\/saksavorst.ee\\\/fi\\\/#website\"},\"primaryImageOfPage\":{\"@id\":\"https:\\\/\\\/saksavorst.ee\\\/fi\\\/tuote\\\/200x350mm-tyhjiopussit-100kpl\\\/#primaryimage\"},\"image\":{\"@id\":\"https:\\\/\\\/saksavorst.ee\\\/fi\\\/tuote\\\/200x350mm-tyhjiopussit-100kpl\\\/#primaryimage\"},\"thumbnailUrl\":\"https:\\\/\\\/saksavorst.ee\\\/wp-content\\\/uploads\\\/2025\\\/04\\\/200-x-350-mm-vaakumkotid-kanalita-100tk.png\",\"datePublished\":\"2025-04-10T09:48:02+00:00\",\"dateModified\":\"2025-09-14T14:24:31+00:00\",\"breadcrumb\":{\"@id\":\"https:\\\/\\\/saksavorst.ee\\\/fi\\\/tuote\\\/200x350mm-tyhjiopussit-100kpl\\\/#breadcrumb\"},\"inLanguage\":\"fi\",\"potentialAction\":[{\"@type\":\"ReadAction\",\"target\":[\"https:\\\/\\\/saksavorst.ee\\\/fi\\\/tuote\\\/200x350mm-tyhjiopussit-100kpl\\\/\"]}]},{\"@type\":\"ImageObject\",\"inLanguage\":\"fi\",\"@id\":\"https:\\\/\\\/saksavorst.ee\\\/fi\\\/tuote\\\/200x350mm-tyhjiopussit-100kpl\\\/#primaryimage\",\"url\":\"https:\\\/\\\/saksavorst.ee\\\/wp-content\\\/uploads\\\/2025\\\/04\\\/200-x-350-mm-vaakumkotid-kanalita-100tk.png\",\"contentUrl\":\"https:\\\/\\\/saksavorst.ee\\\/wp-content\\\/uploads\\\/2025\\\/04\\\/200-x-350-mm-vaakumkotid-kanalita-100tk.png\",\"width\":800,\"height\":800},{\"@type\":\"BreadcrumbList\",\"@id\":\"https:\\\/\\\/saksavorst.ee\\\/fi\\\/tuote\\\/200x350mm-tyhjiopussit-100kpl\\\/#breadcrumb\",\"itemListElement\":[{\"@type\":\"ListItem\",\"position\":1,\"name\":\"Home\",\"item\":\"https:\\\/\\\/saksavorst.ee\\\/fi\\\/\"},{\"@type\":\"ListItem\",\"position\":2,\"name\":\"Kauppa\",\"item\":\"https:\\\/\\\/saksavorst.ee\\\/fi\\\/kauppa\\\/\"},{\"@type\":\"ListItem\",\"position\":3,\"name\":\"200x350mm tyhji\u00f6pussit 100kpl\"}]},{\"@type\":\"WebSite\",\"@id\":\"https:\\\/\\\/saksavorst.ee\\\/fi\\\/#website\",\"url\":\"https:\\\/\\\/saksavorst.ee\\\/fi\\\/\",\"name\":\"Saksavorst\",\"description\":\"Feel the taste of emotions\",\"publisher\":{\"@id\":\"https:\\\/\\\/saksavorst.ee\\\/fi\\\/#organization\"},\"alternateName\":\"Veikand\",\"potentialAction\":[{\"@type\":\"SearchAction\",\"target\":{\"@type\":\"EntryPoint\",\"urlTemplate\":\"https:\\\/\\\/saksavorst.ee\\\/fi\\\/?s={search_term_string}\"},\"query-input\":{\"@type\":\"PropertyValueSpecification\",\"valueRequired\":true,\"valueName\":\"search_term_string\"}}],\"inLanguage\":\"fi\"},{\"@type\":\"Organization\",\"@id\":\"https:\\\/\\\/saksavorst.ee\\\/fi\\\/#organization\",\"name\":\"Saksavorst\",\"alternateName\":\"Veikand\",\"url\":\"https:\\\/\\\/saksavorst.ee\\\/fi\\\/\",\"logo\":{\"@type\":\"ImageObject\",\"inLanguage\":\"fi\",\"@id\":\"https:\\\/\\\/saksavorst.ee\\\/fi\\\/#\\\/schema\\\/logo\\\/image\\\/\",\"url\":\"https:\\\/\\\/saksavorst.ee\\\/wp-content\\\/uploads\\\/2023\\\/05\\\/veikand-logo.jpg\",\"contentUrl\":\"https:\\\/\\\/saksavorst.ee\\\/wp-content\\\/uploads\\\/2023\\\/05\\\/veikand-logo.jpg\",\"width\":217,\"height\":217,\"caption\":\"Saksavorst\"},\"image\":{\"@id\":\"https:\\\/\\\/saksavorst.ee\\\/fi\\\/#\\\/schema\\\/logo\\\/image\\\/\"},\"sameAs\":[\"https:\\\/\\\/www.facebook.com\\\/Veikand\"]}]}<\/script>\n<!-- \/ Yoast SEO plugin. -->","yoast_head_json":{"title":"200x350mm tyhji\u00f6pussit 100kpl - Saksavorst","robots":{"index":"index","follow":"follow","max-snippet":"max-snippet:-1","max-image-preview":"max-image-preview:large","max-video-preview":"max-video-preview:-1"},"canonical":"https:\/\/saksavorst.ee\/fi\/tuote\/200x350mm-tyhjiopussit-100kpl\/","og_locale":"fi_FI","og_type":"article","og_title":"200x350mm tyhji\u00f6pussit 100kpl - Saksavorst","og_description":"Valmistaja:\u00a0UAB Letpaka Koko: 200 x 350 mm Paksuus: 70 mic Materiaali: PA\/PE M\u00e4\u00e4r\u00e4: 100 kpl pakkaus","og_url":"https:\/\/saksavorst.ee\/fi\/tuote\/200x350mm-tyhjiopussit-100kpl\/","og_site_name":"Saksavorst","article_publisher":"https:\/\/www.facebook.com\/Veikand","article_modified_time":"2025-09-14T14:24:31+00:00","og_image":[{"width":800,"height":800,"url":"https:\/\/saksavorst.ee\/wp-content\/uploads\/2025\/04\/200-x-350-mm-vaakumkotid-kanalita-100tk.png","type":"image\/png"}],"twitter_card":"summary_large_image","twitter_misc":{"Arvioitu lukuaika":"1 minuutti"},"schema":{"@context":"https:\/\/schema.org","@graph":[{"@type":"WebPage","@id":"https:\/\/saksavorst.ee\/fi\/tuote\/200x350mm-tyhjiopussit-100kpl\/","url":"https:\/\/saksavorst.ee\/fi\/tuote\/200x350mm-tyhjiopussit-100kpl\/","name":"200x350mm tyhji\u00f6pussit 100kpl - Saksavorst","isPartOf":{"@id":"https:\/\/saksavorst.ee\/fi\/#website"},"primaryImageOfPage":{"@id":"https:\/\/saksavorst.ee\/fi\/tuote\/200x350mm-tyhjiopussit-100kpl\/#primaryimage"},"image":{"@id":"https:\/\/saksavorst.ee\/fi\/tuote\/200x350mm-tyhjiopussit-100kpl\/#primaryimage"},"thumbnailUrl":"https:\/\/saksavorst.ee\/wp-content\/uploads\/2025\/04\/200-x-350-mm-vaakumkotid-kanalita-100tk.png","datePublished":"2025-04-10T09:48:02+00:00","dateModified":"2025-09-14T14:24:31+00:00","breadcrumb":{"@id":"https:\/\/saksavorst.ee\/fi\/tuote\/200x350mm-tyhjiopussit-100kpl\/#breadcrumb"},"inLanguage":"fi","potentialAction":[{"@type":"ReadAction","target":["https:\/\/saksavorst.ee\/fi\/tuote\/200x350mm-tyhjiopussit-100kpl\/"]}]},{"@type":"ImageObject","inLanguage":"fi","@id":"https:\/\/saksavorst.ee\/fi\/tuote\/200x350mm-tyhjiopussit-100kpl\/#primaryimage","url":"https:\/\/saksavorst.ee\/wp-content\/uploads\/2025\/04\/200-x-350-mm-vaakumkotid-kanalita-100tk.png","contentUrl":"https:\/\/saksavorst.ee\/wp-content\/uploads\/2025\/04\/200-x-350-mm-vaakumkotid-kanalita-100tk.png","width":800,"height":800},{"@type":"BreadcrumbList","@id":"https:\/\/saksavorst.ee\/fi\/tuote\/200x350mm-tyhjiopussit-100kpl\/#breadcrumb","itemListElement":[{"@type":"ListItem","position":1,"name":"Home","item":"https:\/\/saksavorst.ee\/fi\/"},{"@type":"ListItem","position":2,"name":"Kauppa","item":"https:\/\/saksavorst.ee\/fi\/kauppa\/"},{"@type":"ListItem","position":3,"name":"200x350mm tyhji\u00f6pussit 100kpl"}]},{"@type":"WebSite","@id":"https:\/\/saksavorst.ee\/fi\/#website","url":"https:\/\/saksavorst.ee\/fi\/","name":"Saksavorst","description":"Feel the taste of emotions","publisher":{"@id":"https:\/\/saksavorst.ee\/fi\/#organization"},"alternateName":"Veikand","potentialAction":[{"@type":"SearchAction","target":{"@type":"EntryPoint","urlTemplate":"https:\/\/saksavorst.ee\/fi\/?s={search_term_string}"},"query-input":{"@type":"PropertyValueSpecification","valueRequired":true,"valueName":"search_term_string"}}],"inLanguage":"fi"},{"@type":"Organization","@id":"https:\/\/saksavorst.ee\/fi\/#organization","name":"Saksavorst","alternateName":"Veikand","url":"https:\/\/saksavorst.ee\/fi\/","logo":{"@type":"ImageObject","inLanguage":"fi","@id":"https:\/\/saksavorst.ee\/fi\/#\/schema\/logo\/image\/","url":"https:\/\/saksavorst.ee\/wp-content\/uploads\/2023\/05\/veikand-logo.jpg","contentUrl":"https:\/\/saksavorst.ee\/wp-content\/uploads\/2023\/05\/veikand-logo.jpg","width":217,"height":217,"caption":"Saksavorst"},"image":{"@id":"https:\/\/saksavorst.ee\/fi\/#\/schema\/logo\/image\/"},"sameAs":["https:\/\/www.facebook.com\/Veikand"]}]}},"_links":{"self":[{"href":"https:\/\/saksavorst.ee\/fi\/wp-json\/wp\/v2\/product\/42460","targetHints":{"allow":["GET"]}}],"collection":[{"href":"https:\/\/saksavorst.ee\/fi\/wp-json\/wp\/v2\/product"}],"about":[{"href":"https:\/\/saksavorst.ee\/fi\/wp-json\/wp\/v2\/types\/product"}],"version-history":[{"count":2,"href":"https:\/\/saksavorst.ee\/fi\/wp-json\/wp\/v2\/product\/42460\/revisions"}],"predecessor-version":[{"id":42475,"href":"https:\/\/saksavorst.ee\/fi\/wp-json\/wp\/v2\/product\/42460\/revisions\/42475"}],"wp:featuredmedia":[{"embeddable":true,"href":"https:\/\/saksavorst.ee\/fi\/wp-json\/wp\/v2\/media\/42465"}],"wp:attachment":[{"href":"https:\/\/saksavorst.ee\/fi\/wp-json\/wp\/v2\/media?parent=42460"}],"wp:term":[{"taxonomy":"product_brand","embeddable":true,"href":"https:\/\/saksavorst.ee\/fi\/wp-json\/wp\/v2\/product_brand?post=42460"},{"taxonomy":"product_cat","embeddable":true,"href":"https:\/\/saksavorst.ee\/fi\/wp-json\/wp\/v2\/product_cat?post=42460"},{"taxonomy":"product_tag","embeddable":true,"href":"https:\/\/saksavorst.ee\/fi\/wp-json\/wp\/v2\/product_tag?post=42460"}],"curies":[{"name":"wp","href":"https:\/\/api.w.org\/{rel}","templated":true}]}}