{"id":42381,"date":"2025-04-07T13:37:47","date_gmt":"2025-04-07T11:37:47","guid":{"rendered":"https:\/\/saksavorst.ee\/?post_type=product&#038;p=42381"},"modified":"2025-07-01T14:57:41","modified_gmt":"2025-07-01T12:57:41","slug":"elintarvikevari-paprikanpunainen-rapsolution-nac-3-12kg","status":"publish","type":"product","link":"https:\/\/saksavorst.ee\/fi\/tuote\/elintarvikevari-paprikanpunainen-rapsolution-nac-3-12kg\/","title":{"rendered":"Elintarvikev\u00e4ri paprikanpunainen RAPSOLUTION NAC 3 1,2kg"},"content":{"rendered":"<h4>RAPSOLUTION NAC 3<\/h4>\n<h4><strong>Ainesosat:<\/strong><\/h4>\n<p>Sorbitolisiirappi E 420, mausteuutteet<\/p>\n<p>M\u00e4\u00e4r\u00e4: 1,2 kg = 0,891 l<\/p>\n<p>Suositeltu annostus: maun mukaan<\/p>\n<p>S\u00e4ilytet\u00e4\u00e4n viile\u00e4ss\u00e4 (11-25 \u00b0C), kuivassa ja pime\u00e4ss\u00e4<\/p>\n<p>Parasta ennen: katso pakkauksesta<\/p>\n<h4><strong>Ravintoarvo 100 g tuotetta kohden:<\/strong><\/h4>\n<p>Energiapitoisuus 824 kJ \/ 198 kcal<br \/>\nRasvoja 3,9 g<br \/>\njosta tyydyttyneit\u00e4 1,2 g<br \/>\nHiilihydraatteja 68 g<br \/>\njosta sokereita 0 g<br \/>\nProteiinia 0 g<br \/>\nSuolaa 0 g<\/p>\n<p>Valmistusmaa: Saksa<\/p>\n<p>Valmistaja: RAPS GmbH &amp; Co. KG<\/p>\n","protected":false},"excerpt":{"rendered":"<p>RAPSOLUTION NAC 3 Ainesosat: Sorbitolisiirappi E 420, mausteuutteet M\u00e4\u00e4r\u00e4: 1,2 kg = 0,891 l Suositeltu annostus: maun mukaan S\u00e4ilytet\u00e4\u00e4n viile\u00e4ss\u00e4<\/p>\n","protected":false},"featured_media":42386,"template":"","meta":{"_acf_changed":false},"product_brand":[],"product_cat":[220],"product_tag":[],"class_list":{"0":"post-42381","1":"product","2":"type-product","3":"status-publish","4":"has-post-thumbnail","6":"product_cat-marinadit","8":"first","9":"instock","10":"taxable","11":"shipping-taxable","12":"purchasable","13":"product-type-simple"},"acf":[],"yoast_head":"<!-- This site is optimized with the Yoast SEO plugin v27.3 - https:\/\/yoast.com\/product\/yoast-seo-wordpress\/ -->\n<title>Elintarvikev\u00e4ri paprikanpunainen RAPSOLUTION NAC 3 1,2kg - Saksavorst<\/title>\n<meta name=\"robots\" content=\"index, follow, max-snippet:-1, max-image-preview:large, max-video-preview:-1\" \/>\n<link rel=\"canonical\" href=\"https:\/\/saksavorst.ee\/fi\/tuote\/elintarvikevari-paprikanpunainen-rapsolution-nac-3-12kg\/\" \/>\n<meta property=\"og:locale\" content=\"fi_FI\" \/>\n<meta property=\"og:type\" content=\"article\" \/>\n<meta property=\"og:title\" content=\"Elintarvikev\u00e4ri paprikanpunainen RAPSOLUTION NAC 3 1,2kg - Saksavorst\" \/>\n<meta property=\"og:description\" content=\"RAPSOLUTION NAC 3 Ainesosat: Sorbitolisiirappi E 420, mausteuutteet M\u00e4\u00e4r\u00e4: 1,2 kg = 0,891 l Suositeltu annostus: maun mukaan S\u00e4ilytet\u00e4\u00e4n viile\u00e4ss\u00e4\" \/>\n<meta property=\"og:url\" content=\"https:\/\/saksavorst.ee\/fi\/tuote\/elintarvikevari-paprikanpunainen-rapsolution-nac-3-12kg\/\" \/>\n<meta property=\"og:site_name\" content=\"Saksavorst\" \/>\n<meta property=\"article:publisher\" content=\"https:\/\/www.facebook.com\/Veikand\" \/>\n<meta property=\"article:modified_time\" content=\"2025-07-01T12:57:41+00:00\" \/>\n<meta property=\"og:image\" content=\"https:\/\/saksavorst.ee\/wp-content\/uploads\/2025\/04\/toiduvarv-paprika-punane-rapsolution-nac-3-12kg.png\" \/>\n\t<meta property=\"og:image:width\" content=\"800\" \/>\n\t<meta property=\"og:image:height\" content=\"800\" \/>\n\t<meta property=\"og:image:type\" content=\"image\/png\" \/>\n<meta name=\"twitter:card\" content=\"summary_large_image\" \/>\n<meta name=\"twitter:label1\" content=\"Arvioitu lukuaika\" \/>\n\t<meta name=\"twitter:data1\" content=\"1 minuutti\" \/>\n<script type=\"application\/ld+json\" class=\"yoast-schema-graph\">{\"@context\":\"https:\\\/\\\/schema.org\",\"@graph\":[{\"@type\":\"WebPage\",\"@id\":\"https:\\\/\\\/saksavorst.ee\\\/fi\\\/tuote\\\/elintarvikevari-paprikanpunainen-rapsolution-nac-3-12kg\\\/\",\"url\":\"https:\\\/\\\/saksavorst.ee\\\/fi\\\/tuote\\\/elintarvikevari-paprikanpunainen-rapsolution-nac-3-12kg\\\/\",\"name\":\"Elintarvikev\u00e4ri paprikanpunainen RAPSOLUTION NAC 3 1,2kg - Saksavorst\",\"isPartOf\":{\"@id\":\"https:\\\/\\\/saksavorst.ee\\\/fi\\\/#website\"},\"primaryImageOfPage\":{\"@id\":\"https:\\\/\\\/saksavorst.ee\\\/fi\\\/tuote\\\/elintarvikevari-paprikanpunainen-rapsolution-nac-3-12kg\\\/#primaryimage\"},\"image\":{\"@id\":\"https:\\\/\\\/saksavorst.ee\\\/fi\\\/tuote\\\/elintarvikevari-paprikanpunainen-rapsolution-nac-3-12kg\\\/#primaryimage\"},\"thumbnailUrl\":\"https:\\\/\\\/saksavorst.ee\\\/wp-content\\\/uploads\\\/2025\\\/04\\\/toiduvarv-paprika-punane-rapsolution-nac-3-12kg.png\",\"datePublished\":\"2025-04-07T11:37:47+00:00\",\"dateModified\":\"2025-07-01T12:57:41+00:00\",\"breadcrumb\":{\"@id\":\"https:\\\/\\\/saksavorst.ee\\\/fi\\\/tuote\\\/elintarvikevari-paprikanpunainen-rapsolution-nac-3-12kg\\\/#breadcrumb\"},\"inLanguage\":\"fi\",\"potentialAction\":[{\"@type\":\"ReadAction\",\"target\":[\"https:\\\/\\\/saksavorst.ee\\\/fi\\\/tuote\\\/elintarvikevari-paprikanpunainen-rapsolution-nac-3-12kg\\\/\"]}]},{\"@type\":\"ImageObject\",\"inLanguage\":\"fi\",\"@id\":\"https:\\\/\\\/saksavorst.ee\\\/fi\\\/tuote\\\/elintarvikevari-paprikanpunainen-rapsolution-nac-3-12kg\\\/#primaryimage\",\"url\":\"https:\\\/\\\/saksavorst.ee\\\/wp-content\\\/uploads\\\/2025\\\/04\\\/toiduvarv-paprika-punane-rapsolution-nac-3-12kg.png\",\"contentUrl\":\"https:\\\/\\\/saksavorst.ee\\\/wp-content\\\/uploads\\\/2025\\\/04\\\/toiduvarv-paprika-punane-rapsolution-nac-3-12kg.png\",\"width\":800,\"height\":800},{\"@type\":\"BreadcrumbList\",\"@id\":\"https:\\\/\\\/saksavorst.ee\\\/fi\\\/tuote\\\/elintarvikevari-paprikanpunainen-rapsolution-nac-3-12kg\\\/#breadcrumb\",\"itemListElement\":[{\"@type\":\"ListItem\",\"position\":1,\"name\":\"Home\",\"item\":\"https:\\\/\\\/saksavorst.ee\\\/fi\\\/\"},{\"@type\":\"ListItem\",\"position\":2,\"name\":\"Kauppa\",\"item\":\"https:\\\/\\\/saksavorst.ee\\\/fi\\\/kauppa\\\/\"},{\"@type\":\"ListItem\",\"position\":3,\"name\":\"Elintarvikev\u00e4ri paprikanpunainen RAPSOLUTION NAC 3 1,2kg\"}]},{\"@type\":\"WebSite\",\"@id\":\"https:\\\/\\\/saksavorst.ee\\\/fi\\\/#website\",\"url\":\"https:\\\/\\\/saksavorst.ee\\\/fi\\\/\",\"name\":\"Saksavorst\",\"description\":\"Feel the taste of emotions\",\"publisher\":{\"@id\":\"https:\\\/\\\/saksavorst.ee\\\/fi\\\/#organization\"},\"alternateName\":\"Veikand\",\"potentialAction\":[{\"@type\":\"SearchAction\",\"target\":{\"@type\":\"EntryPoint\",\"urlTemplate\":\"https:\\\/\\\/saksavorst.ee\\\/fi\\\/?s={search_term_string}\"},\"query-input\":{\"@type\":\"PropertyValueSpecification\",\"valueRequired\":true,\"valueName\":\"search_term_string\"}}],\"inLanguage\":\"fi\"},{\"@type\":\"Organization\",\"@id\":\"https:\\\/\\\/saksavorst.ee\\\/fi\\\/#organization\",\"name\":\"Saksavorst\",\"alternateName\":\"Veikand\",\"url\":\"https:\\\/\\\/saksavorst.ee\\\/fi\\\/\",\"logo\":{\"@type\":\"ImageObject\",\"inLanguage\":\"fi\",\"@id\":\"https:\\\/\\\/saksavorst.ee\\\/fi\\\/#\\\/schema\\\/logo\\\/image\\\/\",\"url\":\"https:\\\/\\\/saksavorst.ee\\\/wp-content\\\/uploads\\\/2023\\\/05\\\/veikand-logo.jpg\",\"contentUrl\":\"https:\\\/\\\/saksavorst.ee\\\/wp-content\\\/uploads\\\/2023\\\/05\\\/veikand-logo.jpg\",\"width\":217,\"height\":217,\"caption\":\"Saksavorst\"},\"image\":{\"@id\":\"https:\\\/\\\/saksavorst.ee\\\/fi\\\/#\\\/schema\\\/logo\\\/image\\\/\"},\"sameAs\":[\"https:\\\/\\\/www.facebook.com\\\/Veikand\"]}]}<\/script>\n<!-- \/ Yoast SEO plugin. -->","yoast_head_json":{"title":"Elintarvikev\u00e4ri paprikanpunainen RAPSOLUTION NAC 3 1,2kg - Saksavorst","robots":{"index":"index","follow":"follow","max-snippet":"max-snippet:-1","max-image-preview":"max-image-preview:large","max-video-preview":"max-video-preview:-1"},"canonical":"https:\/\/saksavorst.ee\/fi\/tuote\/elintarvikevari-paprikanpunainen-rapsolution-nac-3-12kg\/","og_locale":"fi_FI","og_type":"article","og_title":"Elintarvikev\u00e4ri paprikanpunainen RAPSOLUTION NAC 3 1,2kg - Saksavorst","og_description":"RAPSOLUTION NAC 3 Ainesosat: Sorbitolisiirappi E 420, mausteuutteet M\u00e4\u00e4r\u00e4: 1,2 kg = 0,891 l Suositeltu annostus: maun mukaan S\u00e4ilytet\u00e4\u00e4n viile\u00e4ss\u00e4","og_url":"https:\/\/saksavorst.ee\/fi\/tuote\/elintarvikevari-paprikanpunainen-rapsolution-nac-3-12kg\/","og_site_name":"Saksavorst","article_publisher":"https:\/\/www.facebook.com\/Veikand","article_modified_time":"2025-07-01T12:57:41+00:00","og_image":[{"width":800,"height":800,"url":"https:\/\/saksavorst.ee\/wp-content\/uploads\/2025\/04\/toiduvarv-paprika-punane-rapsolution-nac-3-12kg.png","type":"image\/png"}],"twitter_card":"summary_large_image","twitter_misc":{"Arvioitu lukuaika":"1 minuutti"},"schema":{"@context":"https:\/\/schema.org","@graph":[{"@type":"WebPage","@id":"https:\/\/saksavorst.ee\/fi\/tuote\/elintarvikevari-paprikanpunainen-rapsolution-nac-3-12kg\/","url":"https:\/\/saksavorst.ee\/fi\/tuote\/elintarvikevari-paprikanpunainen-rapsolution-nac-3-12kg\/","name":"Elintarvikev\u00e4ri paprikanpunainen RAPSOLUTION NAC 3 1,2kg - Saksavorst","isPartOf":{"@id":"https:\/\/saksavorst.ee\/fi\/#website"},"primaryImageOfPage":{"@id":"https:\/\/saksavorst.ee\/fi\/tuote\/elintarvikevari-paprikanpunainen-rapsolution-nac-3-12kg\/#primaryimage"},"image":{"@id":"https:\/\/saksavorst.ee\/fi\/tuote\/elintarvikevari-paprikanpunainen-rapsolution-nac-3-12kg\/#primaryimage"},"thumbnailUrl":"https:\/\/saksavorst.ee\/wp-content\/uploads\/2025\/04\/toiduvarv-paprika-punane-rapsolution-nac-3-12kg.png","datePublished":"2025-04-07T11:37:47+00:00","dateModified":"2025-07-01T12:57:41+00:00","breadcrumb":{"@id":"https:\/\/saksavorst.ee\/fi\/tuote\/elintarvikevari-paprikanpunainen-rapsolution-nac-3-12kg\/#breadcrumb"},"inLanguage":"fi","potentialAction":[{"@type":"ReadAction","target":["https:\/\/saksavorst.ee\/fi\/tuote\/elintarvikevari-paprikanpunainen-rapsolution-nac-3-12kg\/"]}]},{"@type":"ImageObject","inLanguage":"fi","@id":"https:\/\/saksavorst.ee\/fi\/tuote\/elintarvikevari-paprikanpunainen-rapsolution-nac-3-12kg\/#primaryimage","url":"https:\/\/saksavorst.ee\/wp-content\/uploads\/2025\/04\/toiduvarv-paprika-punane-rapsolution-nac-3-12kg.png","contentUrl":"https:\/\/saksavorst.ee\/wp-content\/uploads\/2025\/04\/toiduvarv-paprika-punane-rapsolution-nac-3-12kg.png","width":800,"height":800},{"@type":"BreadcrumbList","@id":"https:\/\/saksavorst.ee\/fi\/tuote\/elintarvikevari-paprikanpunainen-rapsolution-nac-3-12kg\/#breadcrumb","itemListElement":[{"@type":"ListItem","position":1,"name":"Home","item":"https:\/\/saksavorst.ee\/fi\/"},{"@type":"ListItem","position":2,"name":"Kauppa","item":"https:\/\/saksavorst.ee\/fi\/kauppa\/"},{"@type":"ListItem","position":3,"name":"Elintarvikev\u00e4ri paprikanpunainen RAPSOLUTION NAC 3 1,2kg"}]},{"@type":"WebSite","@id":"https:\/\/saksavorst.ee\/fi\/#website","url":"https:\/\/saksavorst.ee\/fi\/","name":"Saksavorst","description":"Feel the taste of emotions","publisher":{"@id":"https:\/\/saksavorst.ee\/fi\/#organization"},"alternateName":"Veikand","potentialAction":[{"@type":"SearchAction","target":{"@type":"EntryPoint","urlTemplate":"https:\/\/saksavorst.ee\/fi\/?s={search_term_string}"},"query-input":{"@type":"PropertyValueSpecification","valueRequired":true,"valueName":"search_term_string"}}],"inLanguage":"fi"},{"@type":"Organization","@id":"https:\/\/saksavorst.ee\/fi\/#organization","name":"Saksavorst","alternateName":"Veikand","url":"https:\/\/saksavorst.ee\/fi\/","logo":{"@type":"ImageObject","inLanguage":"fi","@id":"https:\/\/saksavorst.ee\/fi\/#\/schema\/logo\/image\/","url":"https:\/\/saksavorst.ee\/wp-content\/uploads\/2023\/05\/veikand-logo.jpg","contentUrl":"https:\/\/saksavorst.ee\/wp-content\/uploads\/2023\/05\/veikand-logo.jpg","width":217,"height":217,"caption":"Saksavorst"},"image":{"@id":"https:\/\/saksavorst.ee\/fi\/#\/schema\/logo\/image\/"},"sameAs":["https:\/\/www.facebook.com\/Veikand"]}]}},"_links":{"self":[{"href":"https:\/\/saksavorst.ee\/fi\/wp-json\/wp\/v2\/product\/42381","targetHints":{"allow":["GET"]}}],"collection":[{"href":"https:\/\/saksavorst.ee\/fi\/wp-json\/wp\/v2\/product"}],"about":[{"href":"https:\/\/saksavorst.ee\/fi\/wp-json\/wp\/v2\/types\/product"}],"version-history":[{"count":2,"href":"https:\/\/saksavorst.ee\/fi\/wp-json\/wp\/v2\/product\/42381\/revisions"}],"predecessor-version":[{"id":43210,"href":"https:\/\/saksavorst.ee\/fi\/wp-json\/wp\/v2\/product\/42381\/revisions\/43210"}],"wp:featuredmedia":[{"embeddable":true,"href":"https:\/\/saksavorst.ee\/fi\/wp-json\/wp\/v2\/media\/42386"}],"wp:attachment":[{"href":"https:\/\/saksavorst.ee\/fi\/wp-json\/wp\/v2\/media?parent=42381"}],"wp:term":[{"taxonomy":"product_brand","embeddable":true,"href":"https:\/\/saksavorst.ee\/fi\/wp-json\/wp\/v2\/product_brand?post=42381"},{"taxonomy":"product_cat","embeddable":true,"href":"https:\/\/saksavorst.ee\/fi\/wp-json\/wp\/v2\/product_cat?post=42381"},{"taxonomy":"product_tag","embeddable":true,"href":"https:\/\/saksavorst.ee\/fi\/wp-json\/wp\/v2\/product_tag?post=42381"}],"curies":[{"name":"wp","href":"https:\/\/api.w.org\/{rel}","templated":true}]}}