{"id":40569,"date":"2024-12-20T15:22:02","date_gmt":"2024-12-20T12:22:02","guid":{"rendered":"https:\/\/saksavorst.ee\/?post_type=product&#038;p=40569"},"modified":"2025-12-05T14:06:35","modified_gmt":"2025-12-05T12:06:35","slug":"langaton-bluetooth-lampomittari-fm206","status":"publish","type":"product","link":"https:\/\/saksavorst.ee\/fi\/tuote\/langaton-bluetooth-lampomittari-fm206\/","title":{"rendered":"Langaton bluetooth l\u00e4mp\u00f6mittari FM206 SALE"},"content":{"rendered":"<ul>\n<li>Et\u00e4valvonta Wireless Smart Meat Thermometer 4 Probes Smart APP:lla<\/li>\n<li>L\u00e4mp\u00f6tila-alue: 0\u00baC ~ 100\u00baC<\/li>\n<li>L\u00e4mp\u00f6tilan muunnos \u00b0F &amp; \u00baC<\/li>\n<li>Langaton kantama ulkona: jopa 60 metri\u00e4<\/li>\n<li>Korkeimman ja alimman l\u00e4mp\u00f6tilan h\u00e4lytys<\/li>\n<li>Aikalaskurih\u00e4lytys<\/li>\n<li>Valmistustason asetus: Rare, Medium Rare, Medium, Medium Well, Well Done<\/li>\n<\/ul>\n","protected":false},"excerpt":{"rendered":"<p>Langaton lihal\u00e4mp\u00f6mittari auttaa ruoanlaitossa ammattimaisemmin, puhelimesi sovelluksesta voit seurata reaaliaikaisesti ruokaa tai uunin l\u00e4mp\u00f6tilaa vaikka olisit 70 metrin p\u00e4\u00e4ss\u00e4. Aseta ruoan tyyppi ja haluamasi kypsyysaste ja nauti elokuvan loppuosasta, puhelin h\u00e4lytt\u00e4\u00e4, kun ruoka on valmis.<\/p>\n","protected":false},"featured_media":40574,"template":"","meta":{"_acf_changed":false},"product_brand":[],"product_cat":[219,221,224,325],"product_tag":[],"class_list":{"0":"post-40569","1":"product","2":"type-product","3":"status-publish","4":"has-post-thumbnail","6":"product_cat-alennetut-tuotteet","7":"product_cat-kaikki-tuotteet","8":"product_cat-grillit-uunit","9":"product_cat-laitteet","11":"first","12":"instock","13":"sale","14":"taxable","15":"shipping-taxable","16":"purchasable","17":"product-type-simple"},"acf":[],"yoast_head":"<!-- This site is optimized with the Yoast SEO plugin v27.3 - https:\/\/yoast.com\/product\/yoast-seo-wordpress\/ -->\n<title>Langaton bluetooth l\u00e4mp\u00f6mittari FM206 SALE - Saksavorst<\/title>\n<meta name=\"robots\" content=\"index, follow, max-snippet:-1, max-image-preview:large, max-video-preview:-1\" \/>\n<link rel=\"canonical\" href=\"https:\/\/saksavorst.ee\/fi\/tuote\/langaton-bluetooth-lampomittari-fm206\/\" \/>\n<meta property=\"og:locale\" content=\"fi_FI\" \/>\n<meta property=\"og:type\" content=\"article\" \/>\n<meta property=\"og:title\" content=\"Langaton bluetooth l\u00e4mp\u00f6mittari FM206 SALE - Saksavorst\" \/>\n<meta property=\"og:description\" content=\"Langaton lihal\u00e4mp\u00f6mittari auttaa ruoanlaitossa ammattimaisemmin, puhelimesi sovelluksesta voit seurata reaaliaikaisesti ruokaa tai uunin l\u00e4mp\u00f6tilaa vaikka olisit 70 metrin p\u00e4\u00e4ss\u00e4. Aseta ruoan tyyppi ja haluamasi kypsyysaste ja nauti elokuvan loppuosasta, puhelin h\u00e4lytt\u00e4\u00e4, kun ruoka on valmis.\" \/>\n<meta property=\"og:url\" content=\"https:\/\/saksavorst.ee\/fi\/tuote\/langaton-bluetooth-lampomittari-fm206\/\" \/>\n<meta property=\"og:site_name\" content=\"Saksavorst\" \/>\n<meta property=\"article:publisher\" content=\"https:\/\/www.facebook.com\/Veikand\" \/>\n<meta property=\"article:modified_time\" content=\"2025-12-05T12:06:35+00:00\" \/>\n<meta property=\"og:image\" content=\"https:\/\/saksavorst.ee\/wp-content\/uploads\/2024\/12\/juhtmevaba-bluetooth-termomeeter-fm206-1.png\" \/>\n\t<meta property=\"og:image:width\" content=\"800\" \/>\n\t<meta property=\"og:image:height\" content=\"800\" \/>\n\t<meta property=\"og:image:type\" content=\"image\/png\" \/>\n<meta name=\"twitter:card\" content=\"summary_large_image\" \/>\n<meta name=\"twitter:label1\" content=\"Arvioitu lukuaika\" \/>\n\t<meta name=\"twitter:data1\" content=\"1 minuutti\" \/>\n<script type=\"application\/ld+json\" class=\"yoast-schema-graph\">{\"@context\":\"https:\\\/\\\/schema.org\",\"@graph\":[{\"@type\":\"WebPage\",\"@id\":\"https:\\\/\\\/saksavorst.ee\\\/fi\\\/tuote\\\/langaton-bluetooth-lampomittari-fm206\\\/\",\"url\":\"https:\\\/\\\/saksavorst.ee\\\/fi\\\/tuote\\\/langaton-bluetooth-lampomittari-fm206\\\/\",\"name\":\"Langaton bluetooth l\u00e4mp\u00f6mittari FM206 SALE - Saksavorst\",\"isPartOf\":{\"@id\":\"https:\\\/\\\/saksavorst.ee\\\/fi\\\/#website\"},\"primaryImageOfPage\":{\"@id\":\"https:\\\/\\\/saksavorst.ee\\\/fi\\\/tuote\\\/langaton-bluetooth-lampomittari-fm206\\\/#primaryimage\"},\"image\":{\"@id\":\"https:\\\/\\\/saksavorst.ee\\\/fi\\\/tuote\\\/langaton-bluetooth-lampomittari-fm206\\\/#primaryimage\"},\"thumbnailUrl\":\"https:\\\/\\\/saksavorst.ee\\\/wp-content\\\/uploads\\\/2024\\\/12\\\/juhtmevaba-bluetooth-termomeeter-fm206-1.png\",\"datePublished\":\"2024-12-20T12:22:02+00:00\",\"dateModified\":\"2025-12-05T12:06:35+00:00\",\"breadcrumb\":{\"@id\":\"https:\\\/\\\/saksavorst.ee\\\/fi\\\/tuote\\\/langaton-bluetooth-lampomittari-fm206\\\/#breadcrumb\"},\"inLanguage\":\"fi\",\"potentialAction\":[{\"@type\":\"ReadAction\",\"target\":[\"https:\\\/\\\/saksavorst.ee\\\/fi\\\/tuote\\\/langaton-bluetooth-lampomittari-fm206\\\/\"]}]},{\"@type\":\"ImageObject\",\"inLanguage\":\"fi\",\"@id\":\"https:\\\/\\\/saksavorst.ee\\\/fi\\\/tuote\\\/langaton-bluetooth-lampomittari-fm206\\\/#primaryimage\",\"url\":\"https:\\\/\\\/saksavorst.ee\\\/wp-content\\\/uploads\\\/2024\\\/12\\\/juhtmevaba-bluetooth-termomeeter-fm206-1.png\",\"contentUrl\":\"https:\\\/\\\/saksavorst.ee\\\/wp-content\\\/uploads\\\/2024\\\/12\\\/juhtmevaba-bluetooth-termomeeter-fm206-1.png\",\"width\":800,\"height\":800},{\"@type\":\"BreadcrumbList\",\"@id\":\"https:\\\/\\\/saksavorst.ee\\\/fi\\\/tuote\\\/langaton-bluetooth-lampomittari-fm206\\\/#breadcrumb\",\"itemListElement\":[{\"@type\":\"ListItem\",\"position\":1,\"name\":\"Home\",\"item\":\"https:\\\/\\\/saksavorst.ee\\\/fi\\\/\"},{\"@type\":\"ListItem\",\"position\":2,\"name\":\"Kauppa\",\"item\":\"https:\\\/\\\/saksavorst.ee\\\/fi\\\/kauppa\\\/\"},{\"@type\":\"ListItem\",\"position\":3,\"name\":\"Langaton bluetooth l\u00e4mp\u00f6mittari FM206 SALE\"}]},{\"@type\":\"WebSite\",\"@id\":\"https:\\\/\\\/saksavorst.ee\\\/fi\\\/#website\",\"url\":\"https:\\\/\\\/saksavorst.ee\\\/fi\\\/\",\"name\":\"Saksavorst\",\"description\":\"Feel the taste of emotions\",\"publisher\":{\"@id\":\"https:\\\/\\\/saksavorst.ee\\\/fi\\\/#organization\"},\"alternateName\":\"Veikand\",\"potentialAction\":[{\"@type\":\"SearchAction\",\"target\":{\"@type\":\"EntryPoint\",\"urlTemplate\":\"https:\\\/\\\/saksavorst.ee\\\/fi\\\/?s={search_term_string}\"},\"query-input\":{\"@type\":\"PropertyValueSpecification\",\"valueRequired\":true,\"valueName\":\"search_term_string\"}}],\"inLanguage\":\"fi\"},{\"@type\":\"Organization\",\"@id\":\"https:\\\/\\\/saksavorst.ee\\\/fi\\\/#organization\",\"name\":\"Saksavorst\",\"alternateName\":\"Veikand\",\"url\":\"https:\\\/\\\/saksavorst.ee\\\/fi\\\/\",\"logo\":{\"@type\":\"ImageObject\",\"inLanguage\":\"fi\",\"@id\":\"https:\\\/\\\/saksavorst.ee\\\/fi\\\/#\\\/schema\\\/logo\\\/image\\\/\",\"url\":\"https:\\\/\\\/saksavorst.ee\\\/wp-content\\\/uploads\\\/2023\\\/05\\\/veikand-logo.jpg\",\"contentUrl\":\"https:\\\/\\\/saksavorst.ee\\\/wp-content\\\/uploads\\\/2023\\\/05\\\/veikand-logo.jpg\",\"width\":217,\"height\":217,\"caption\":\"Saksavorst\"},\"image\":{\"@id\":\"https:\\\/\\\/saksavorst.ee\\\/fi\\\/#\\\/schema\\\/logo\\\/image\\\/\"},\"sameAs\":[\"https:\\\/\\\/www.facebook.com\\\/Veikand\"]}]}<\/script>\n<!-- \/ Yoast SEO plugin. -->","yoast_head_json":{"title":"Langaton bluetooth l\u00e4mp\u00f6mittari FM206 SALE - Saksavorst","robots":{"index":"index","follow":"follow","max-snippet":"max-snippet:-1","max-image-preview":"max-image-preview:large","max-video-preview":"max-video-preview:-1"},"canonical":"https:\/\/saksavorst.ee\/fi\/tuote\/langaton-bluetooth-lampomittari-fm206\/","og_locale":"fi_FI","og_type":"article","og_title":"Langaton bluetooth l\u00e4mp\u00f6mittari FM206 SALE - Saksavorst","og_description":"Langaton lihal\u00e4mp\u00f6mittari auttaa ruoanlaitossa ammattimaisemmin, puhelimesi sovelluksesta voit seurata reaaliaikaisesti ruokaa tai uunin l\u00e4mp\u00f6tilaa vaikka olisit 70 metrin p\u00e4\u00e4ss\u00e4. Aseta ruoan tyyppi ja haluamasi kypsyysaste ja nauti elokuvan loppuosasta, puhelin h\u00e4lytt\u00e4\u00e4, kun ruoka on valmis.","og_url":"https:\/\/saksavorst.ee\/fi\/tuote\/langaton-bluetooth-lampomittari-fm206\/","og_site_name":"Saksavorst","article_publisher":"https:\/\/www.facebook.com\/Veikand","article_modified_time":"2025-12-05T12:06:35+00:00","og_image":[{"width":800,"height":800,"url":"https:\/\/saksavorst.ee\/wp-content\/uploads\/2024\/12\/juhtmevaba-bluetooth-termomeeter-fm206-1.png","type":"image\/png"}],"twitter_card":"summary_large_image","twitter_misc":{"Arvioitu lukuaika":"1 minuutti"},"schema":{"@context":"https:\/\/schema.org","@graph":[{"@type":"WebPage","@id":"https:\/\/saksavorst.ee\/fi\/tuote\/langaton-bluetooth-lampomittari-fm206\/","url":"https:\/\/saksavorst.ee\/fi\/tuote\/langaton-bluetooth-lampomittari-fm206\/","name":"Langaton bluetooth l\u00e4mp\u00f6mittari FM206 SALE - Saksavorst","isPartOf":{"@id":"https:\/\/saksavorst.ee\/fi\/#website"},"primaryImageOfPage":{"@id":"https:\/\/saksavorst.ee\/fi\/tuote\/langaton-bluetooth-lampomittari-fm206\/#primaryimage"},"image":{"@id":"https:\/\/saksavorst.ee\/fi\/tuote\/langaton-bluetooth-lampomittari-fm206\/#primaryimage"},"thumbnailUrl":"https:\/\/saksavorst.ee\/wp-content\/uploads\/2024\/12\/juhtmevaba-bluetooth-termomeeter-fm206-1.png","datePublished":"2024-12-20T12:22:02+00:00","dateModified":"2025-12-05T12:06:35+00:00","breadcrumb":{"@id":"https:\/\/saksavorst.ee\/fi\/tuote\/langaton-bluetooth-lampomittari-fm206\/#breadcrumb"},"inLanguage":"fi","potentialAction":[{"@type":"ReadAction","target":["https:\/\/saksavorst.ee\/fi\/tuote\/langaton-bluetooth-lampomittari-fm206\/"]}]},{"@type":"ImageObject","inLanguage":"fi","@id":"https:\/\/saksavorst.ee\/fi\/tuote\/langaton-bluetooth-lampomittari-fm206\/#primaryimage","url":"https:\/\/saksavorst.ee\/wp-content\/uploads\/2024\/12\/juhtmevaba-bluetooth-termomeeter-fm206-1.png","contentUrl":"https:\/\/saksavorst.ee\/wp-content\/uploads\/2024\/12\/juhtmevaba-bluetooth-termomeeter-fm206-1.png","width":800,"height":800},{"@type":"BreadcrumbList","@id":"https:\/\/saksavorst.ee\/fi\/tuote\/langaton-bluetooth-lampomittari-fm206\/#breadcrumb","itemListElement":[{"@type":"ListItem","position":1,"name":"Home","item":"https:\/\/saksavorst.ee\/fi\/"},{"@type":"ListItem","position":2,"name":"Kauppa","item":"https:\/\/saksavorst.ee\/fi\/kauppa\/"},{"@type":"ListItem","position":3,"name":"Langaton bluetooth l\u00e4mp\u00f6mittari FM206 SALE"}]},{"@type":"WebSite","@id":"https:\/\/saksavorst.ee\/fi\/#website","url":"https:\/\/saksavorst.ee\/fi\/","name":"Saksavorst","description":"Feel the taste of emotions","publisher":{"@id":"https:\/\/saksavorst.ee\/fi\/#organization"},"alternateName":"Veikand","potentialAction":[{"@type":"SearchAction","target":{"@type":"EntryPoint","urlTemplate":"https:\/\/saksavorst.ee\/fi\/?s={search_term_string}"},"query-input":{"@type":"PropertyValueSpecification","valueRequired":true,"valueName":"search_term_string"}}],"inLanguage":"fi"},{"@type":"Organization","@id":"https:\/\/saksavorst.ee\/fi\/#organization","name":"Saksavorst","alternateName":"Veikand","url":"https:\/\/saksavorst.ee\/fi\/","logo":{"@type":"ImageObject","inLanguage":"fi","@id":"https:\/\/saksavorst.ee\/fi\/#\/schema\/logo\/image\/","url":"https:\/\/saksavorst.ee\/wp-content\/uploads\/2023\/05\/veikand-logo.jpg","contentUrl":"https:\/\/saksavorst.ee\/wp-content\/uploads\/2023\/05\/veikand-logo.jpg","width":217,"height":217,"caption":"Saksavorst"},"image":{"@id":"https:\/\/saksavorst.ee\/fi\/#\/schema\/logo\/image\/"},"sameAs":["https:\/\/www.facebook.com\/Veikand"]}]}},"_links":{"self":[{"href":"https:\/\/saksavorst.ee\/fi\/wp-json\/wp\/v2\/product\/40569","targetHints":{"allow":["GET"]}}],"collection":[{"href":"https:\/\/saksavorst.ee\/fi\/wp-json\/wp\/v2\/product"}],"about":[{"href":"https:\/\/saksavorst.ee\/fi\/wp-json\/wp\/v2\/types\/product"}],"version-history":[{"count":2,"href":"https:\/\/saksavorst.ee\/fi\/wp-json\/wp\/v2\/product\/40569\/revisions"}],"predecessor-version":[{"id":48149,"href":"https:\/\/saksavorst.ee\/fi\/wp-json\/wp\/v2\/product\/40569\/revisions\/48149"}],"wp:featuredmedia":[{"embeddable":true,"href":"https:\/\/saksavorst.ee\/fi\/wp-json\/wp\/v2\/media\/40574"}],"wp:attachment":[{"href":"https:\/\/saksavorst.ee\/fi\/wp-json\/wp\/v2\/media?parent=40569"}],"wp:term":[{"taxonomy":"product_brand","embeddable":true,"href":"https:\/\/saksavorst.ee\/fi\/wp-json\/wp\/v2\/product_brand?post=40569"},{"taxonomy":"product_cat","embeddable":true,"href":"https:\/\/saksavorst.ee\/fi\/wp-json\/wp\/v2\/product_cat?post=40569"},{"taxonomy":"product_tag","embeddable":true,"href":"https:\/\/saksavorst.ee\/fi\/wp-json\/wp\/v2\/product_tag?post=40569"}],"curies":[{"name":"wp","href":"https:\/\/api.w.org\/{rel}","templated":true}]}}