{"id":37897,"date":"2024-07-29T12:41:19","date_gmt":"2024-07-29T10:41:19","guid":{"rendered":"https:\/\/saksavorst.ee\/?post_type=product&#038;p=37897"},"modified":"2025-08-04T14:50:58","modified_gmt":"2025-08-04T12:50:58","slug":"nordwise-hapanruisleivan-leivonnan-aloituspakkaus-7g","status":"publish","type":"product","link":"https:\/\/saksavorst.ee\/fi\/tuote\/nordwise-hapanruisleivan-leivonnan-aloituspakkaus-7g\/","title":{"rendered":"Nordwise hapanruisleiv\u00e4n leivonnan aloituspakkaus 7g"},"content":{"rendered":"<p><strong>Composition: <\/strong>kuivahiiva Saccharomyces cerevisiae, maitohappobakteeri Lactobacillus plantarumTAK59<\/p>\n<p><strong>Quantity in group packaging:<\/strong> 10 pcs<\/p>\n<p>1 hapantaikina-alkupala tekee 1 leiv\u00e4n hapantaikinaleip\u00e4\u00e4 (~740g).<\/p>\n<p><strong>Instructions: Yhden leiv\u00e4n (~ 850 g) valmistus:<br \/>\n<\/strong>1. Lis\u00e4\u00e4 kulhoon 500 ml haaleaa vett\u00e4, 200 g ruisjauhoa ja paketti hapatejauhetta ja sekoita huolellisesti.<br \/>\n2. Peit\u00e4 kulho puhtaalla pellavapyyhkeell\u00e4 ja anna seoksen k\u00e4yd\u00e4 10-12 h huoneenl\u00e4mm\u00f6ss\u00e4.<br \/>\n3. Lis\u00e4\u00e4 fermentoituun taikinaan 50 g sokeria, 10 g suolaa ja pussi kuivahiivaa, jotta taikina kohoaa. Lis\u00e4\u00e4 lopuksi 250 g ruisjauhoa ja muut halutut lis\u00e4aineet.<br \/>\n4. Kaada taikina leip\u00e4vuokaan, joka on joko voideltu voilla tai peitetty leivinpaperilla. Tee sormilla muutama reik\u00e4 arvioimaan taikinan kohoamista (reikien pit\u00e4isi kadota taikinan kohoamisen yhteydess\u00e4).<br \/>\n5. Peit\u00e4 leip\u00e4vuoka liinalla ja anna kohota huoneenl\u00e4mm\u00f6ss\u00e4 tunnin ajan.<br \/>\n6. Voitele leip\u00e4taikinan pinta vedell\u00e4, jotta kuori ei riko paistamisen aikana.<br \/>\n7. Kuumenna uuni 220 \u00b0C:seen ja paista 20 minuuttia, alenna sitten l\u00e4mp\u00f6 180 \u00b0C:seen ja paista viel\u00e4 60 minuuttia.<br \/>\n8. Anna leiv\u00e4n j\u00e4\u00e4hty\u00e4 pyyhkeen alle. Kosteuden s\u00e4ilytt\u00e4miseksi sivele leip\u00e4\u00e4 hieman vedell\u00e4 tai voitele se vedell\u00e4.<\/p>\n<p><strong>Storage: <\/strong>Store at + 2\u2026 + 6 \u00b0 C in the original package. Allowed to be kept at room temperature for up to 72 hours.<\/p>\n<p><strong>Produced by: <\/strong>BioCC O\u00dc<\/p>\n<p>OHJEET L\u00d6YD\u00c4T <strong><a href=\"https:\/\/nordwise.eu\/pages\/hapusaia-valmistamine-nordwise%C2%AE-juuretisega\">T\u00c4\u00c4LT\u00c4!<\/a><\/strong><\/p>\n","protected":false},"excerpt":{"rendered":"<p>Hapatteiden menestyksen resepti on tarkasti tutkittu tiettyjen maitohappobakteerien L. plantarumTAK59. Hapanleiv\u00e4n aloituspakkaus sis\u00e4lt\u00e4\u00e4 paketin pakastekuivattua aloitusviljelm\u00e4\u00e4 ja paketin hiivaa.<\/p>\n","protected":false},"featured_media":37902,"template":"","meta":{"_acf_changed":false},"product_brand":[],"product_cat":[258],"product_tag":[],"class_list":{"0":"post-37897","1":"product","2":"type-product","3":"status-publish","4":"has-post-thumbnail","6":"product_cat-hapatteet","8":"first","9":"instock","10":"taxable","11":"shipping-taxable","12":"purchasable","13":"product-type-simple"},"acf":[],"yoast_head":"<!-- This site is optimized with the Yoast SEO plugin v27.3 - https:\/\/yoast.com\/product\/yoast-seo-wordpress\/ -->\n<title>Nordwise hapanruisleiv\u00e4n leivonnan aloituspakkaus 7g - Saksavorst<\/title>\n<meta name=\"robots\" content=\"index, follow, max-snippet:-1, max-image-preview:large, max-video-preview:-1\" \/>\n<link rel=\"canonical\" href=\"https:\/\/saksavorst.ee\/fi\/tuote\/nordwise-hapanruisleivan-leivonnan-aloituspakkaus-7g\/\" \/>\n<meta property=\"og:locale\" content=\"fi_FI\" \/>\n<meta property=\"og:type\" content=\"article\" \/>\n<meta property=\"og:title\" content=\"Nordwise hapanruisleiv\u00e4n leivonnan aloituspakkaus 7g - Saksavorst\" \/>\n<meta property=\"og:description\" content=\"Hapatteiden menestyksen resepti on tarkasti tutkittu tiettyjen maitohappobakteerien L. plantarumTAK59. Hapanleiv\u00e4n aloituspakkaus sis\u00e4lt\u00e4\u00e4 paketin pakastekuivattua aloitusviljelm\u00e4\u00e4 ja paketin hiivaa.\" \/>\n<meta property=\"og:url\" content=\"https:\/\/saksavorst.ee\/fi\/tuote\/nordwise-hapanruisleivan-leivonnan-aloituspakkaus-7g\/\" \/>\n<meta property=\"og:site_name\" content=\"Saksavorst\" \/>\n<meta property=\"article:publisher\" content=\"https:\/\/www.facebook.com\/Veikand\" \/>\n<meta property=\"article:modified_time\" content=\"2025-08-04T12:50:58+00:00\" \/>\n<meta property=\"og:image\" content=\"https:\/\/saksavorst.ee\/wp-content\/uploads\/2024\/07\/nordwise-hapusaia-juuretis-7g.png\" \/>\n\t<meta property=\"og:image:width\" content=\"800\" \/>\n\t<meta property=\"og:image:height\" content=\"800\" \/>\n\t<meta property=\"og:image:type\" content=\"image\/png\" \/>\n<meta name=\"twitter:card\" content=\"summary_large_image\" \/>\n<meta name=\"twitter:label1\" content=\"Arvioitu lukuaika\" \/>\n\t<meta name=\"twitter:data1\" content=\"2 minuuttia\" \/>\n<script type=\"application\/ld+json\" class=\"yoast-schema-graph\">{\"@context\":\"https:\\\/\\\/schema.org\",\"@graph\":[{\"@type\":\"WebPage\",\"@id\":\"https:\\\/\\\/saksavorst.ee\\\/fi\\\/tuote\\\/nordwise-hapanruisleivan-leivonnan-aloituspakkaus-7g\\\/\",\"url\":\"https:\\\/\\\/saksavorst.ee\\\/fi\\\/tuote\\\/nordwise-hapanruisleivan-leivonnan-aloituspakkaus-7g\\\/\",\"name\":\"Nordwise hapanruisleiv\u00e4n leivonnan aloituspakkaus 7g - Saksavorst\",\"isPartOf\":{\"@id\":\"https:\\\/\\\/saksavorst.ee\\\/fi\\\/#website\"},\"primaryImageOfPage\":{\"@id\":\"https:\\\/\\\/saksavorst.ee\\\/fi\\\/tuote\\\/nordwise-hapanruisleivan-leivonnan-aloituspakkaus-7g\\\/#primaryimage\"},\"image\":{\"@id\":\"https:\\\/\\\/saksavorst.ee\\\/fi\\\/tuote\\\/nordwise-hapanruisleivan-leivonnan-aloituspakkaus-7g\\\/#primaryimage\"},\"thumbnailUrl\":\"https:\\\/\\\/saksavorst.ee\\\/wp-content\\\/uploads\\\/2024\\\/07\\\/nordwise-hapusaia-juuretis-7g.png\",\"datePublished\":\"2024-07-29T10:41:19+00:00\",\"dateModified\":\"2025-08-04T12:50:58+00:00\",\"breadcrumb\":{\"@id\":\"https:\\\/\\\/saksavorst.ee\\\/fi\\\/tuote\\\/nordwise-hapanruisleivan-leivonnan-aloituspakkaus-7g\\\/#breadcrumb\"},\"inLanguage\":\"fi\",\"potentialAction\":[{\"@type\":\"ReadAction\",\"target\":[\"https:\\\/\\\/saksavorst.ee\\\/fi\\\/tuote\\\/nordwise-hapanruisleivan-leivonnan-aloituspakkaus-7g\\\/\"]}]},{\"@type\":\"ImageObject\",\"inLanguage\":\"fi\",\"@id\":\"https:\\\/\\\/saksavorst.ee\\\/fi\\\/tuote\\\/nordwise-hapanruisleivan-leivonnan-aloituspakkaus-7g\\\/#primaryimage\",\"url\":\"https:\\\/\\\/saksavorst.ee\\\/wp-content\\\/uploads\\\/2024\\\/07\\\/nordwise-hapusaia-juuretis-7g.png\",\"contentUrl\":\"https:\\\/\\\/saksavorst.ee\\\/wp-content\\\/uploads\\\/2024\\\/07\\\/nordwise-hapusaia-juuretis-7g.png\",\"width\":800,\"height\":800},{\"@type\":\"BreadcrumbList\",\"@id\":\"https:\\\/\\\/saksavorst.ee\\\/fi\\\/tuote\\\/nordwise-hapanruisleivan-leivonnan-aloituspakkaus-7g\\\/#breadcrumb\",\"itemListElement\":[{\"@type\":\"ListItem\",\"position\":1,\"name\":\"Home\",\"item\":\"https:\\\/\\\/saksavorst.ee\\\/fi\\\/\"},{\"@type\":\"ListItem\",\"position\":2,\"name\":\"Kauppa\",\"item\":\"https:\\\/\\\/saksavorst.ee\\\/fi\\\/kauppa\\\/\"},{\"@type\":\"ListItem\",\"position\":3,\"name\":\"Nordwise hapanruisleiv\u00e4n leivonnan aloituspakkaus 7g\"}]},{\"@type\":\"WebSite\",\"@id\":\"https:\\\/\\\/saksavorst.ee\\\/fi\\\/#website\",\"url\":\"https:\\\/\\\/saksavorst.ee\\\/fi\\\/\",\"name\":\"Saksavorst\",\"description\":\"Feel the taste of emotions\",\"publisher\":{\"@id\":\"https:\\\/\\\/saksavorst.ee\\\/fi\\\/#organization\"},\"alternateName\":\"Veikand\",\"potentialAction\":[{\"@type\":\"SearchAction\",\"target\":{\"@type\":\"EntryPoint\",\"urlTemplate\":\"https:\\\/\\\/saksavorst.ee\\\/fi\\\/?s={search_term_string}\"},\"query-input\":{\"@type\":\"PropertyValueSpecification\",\"valueRequired\":true,\"valueName\":\"search_term_string\"}}],\"inLanguage\":\"fi\"},{\"@type\":\"Organization\",\"@id\":\"https:\\\/\\\/saksavorst.ee\\\/fi\\\/#organization\",\"name\":\"Saksavorst\",\"alternateName\":\"Veikand\",\"url\":\"https:\\\/\\\/saksavorst.ee\\\/fi\\\/\",\"logo\":{\"@type\":\"ImageObject\",\"inLanguage\":\"fi\",\"@id\":\"https:\\\/\\\/saksavorst.ee\\\/fi\\\/#\\\/schema\\\/logo\\\/image\\\/\",\"url\":\"https:\\\/\\\/saksavorst.ee\\\/wp-content\\\/uploads\\\/2023\\\/05\\\/veikand-logo.jpg\",\"contentUrl\":\"https:\\\/\\\/saksavorst.ee\\\/wp-content\\\/uploads\\\/2023\\\/05\\\/veikand-logo.jpg\",\"width\":217,\"height\":217,\"caption\":\"Saksavorst\"},\"image\":{\"@id\":\"https:\\\/\\\/saksavorst.ee\\\/fi\\\/#\\\/schema\\\/logo\\\/image\\\/\"},\"sameAs\":[\"https:\\\/\\\/www.facebook.com\\\/Veikand\"]}]}<\/script>\n<!-- \/ Yoast SEO plugin. -->","yoast_head_json":{"title":"Nordwise hapanruisleiv\u00e4n leivonnan aloituspakkaus 7g - Saksavorst","robots":{"index":"index","follow":"follow","max-snippet":"max-snippet:-1","max-image-preview":"max-image-preview:large","max-video-preview":"max-video-preview:-1"},"canonical":"https:\/\/saksavorst.ee\/fi\/tuote\/nordwise-hapanruisleivan-leivonnan-aloituspakkaus-7g\/","og_locale":"fi_FI","og_type":"article","og_title":"Nordwise hapanruisleiv\u00e4n leivonnan aloituspakkaus 7g - Saksavorst","og_description":"Hapatteiden menestyksen resepti on tarkasti tutkittu tiettyjen maitohappobakteerien L. plantarumTAK59. Hapanleiv\u00e4n aloituspakkaus sis\u00e4lt\u00e4\u00e4 paketin pakastekuivattua aloitusviljelm\u00e4\u00e4 ja paketin hiivaa.","og_url":"https:\/\/saksavorst.ee\/fi\/tuote\/nordwise-hapanruisleivan-leivonnan-aloituspakkaus-7g\/","og_site_name":"Saksavorst","article_publisher":"https:\/\/www.facebook.com\/Veikand","article_modified_time":"2025-08-04T12:50:58+00:00","og_image":[{"width":800,"height":800,"url":"https:\/\/saksavorst.ee\/wp-content\/uploads\/2024\/07\/nordwise-hapusaia-juuretis-7g.png","type":"image\/png"}],"twitter_card":"summary_large_image","twitter_misc":{"Arvioitu lukuaika":"2 minuuttia"},"schema":{"@context":"https:\/\/schema.org","@graph":[{"@type":"WebPage","@id":"https:\/\/saksavorst.ee\/fi\/tuote\/nordwise-hapanruisleivan-leivonnan-aloituspakkaus-7g\/","url":"https:\/\/saksavorst.ee\/fi\/tuote\/nordwise-hapanruisleivan-leivonnan-aloituspakkaus-7g\/","name":"Nordwise hapanruisleiv\u00e4n leivonnan aloituspakkaus 7g - Saksavorst","isPartOf":{"@id":"https:\/\/saksavorst.ee\/fi\/#website"},"primaryImageOfPage":{"@id":"https:\/\/saksavorst.ee\/fi\/tuote\/nordwise-hapanruisleivan-leivonnan-aloituspakkaus-7g\/#primaryimage"},"image":{"@id":"https:\/\/saksavorst.ee\/fi\/tuote\/nordwise-hapanruisleivan-leivonnan-aloituspakkaus-7g\/#primaryimage"},"thumbnailUrl":"https:\/\/saksavorst.ee\/wp-content\/uploads\/2024\/07\/nordwise-hapusaia-juuretis-7g.png","datePublished":"2024-07-29T10:41:19+00:00","dateModified":"2025-08-04T12:50:58+00:00","breadcrumb":{"@id":"https:\/\/saksavorst.ee\/fi\/tuote\/nordwise-hapanruisleivan-leivonnan-aloituspakkaus-7g\/#breadcrumb"},"inLanguage":"fi","potentialAction":[{"@type":"ReadAction","target":["https:\/\/saksavorst.ee\/fi\/tuote\/nordwise-hapanruisleivan-leivonnan-aloituspakkaus-7g\/"]}]},{"@type":"ImageObject","inLanguage":"fi","@id":"https:\/\/saksavorst.ee\/fi\/tuote\/nordwise-hapanruisleivan-leivonnan-aloituspakkaus-7g\/#primaryimage","url":"https:\/\/saksavorst.ee\/wp-content\/uploads\/2024\/07\/nordwise-hapusaia-juuretis-7g.png","contentUrl":"https:\/\/saksavorst.ee\/wp-content\/uploads\/2024\/07\/nordwise-hapusaia-juuretis-7g.png","width":800,"height":800},{"@type":"BreadcrumbList","@id":"https:\/\/saksavorst.ee\/fi\/tuote\/nordwise-hapanruisleivan-leivonnan-aloituspakkaus-7g\/#breadcrumb","itemListElement":[{"@type":"ListItem","position":1,"name":"Home","item":"https:\/\/saksavorst.ee\/fi\/"},{"@type":"ListItem","position":2,"name":"Kauppa","item":"https:\/\/saksavorst.ee\/fi\/kauppa\/"},{"@type":"ListItem","position":3,"name":"Nordwise hapanruisleiv\u00e4n leivonnan aloituspakkaus 7g"}]},{"@type":"WebSite","@id":"https:\/\/saksavorst.ee\/fi\/#website","url":"https:\/\/saksavorst.ee\/fi\/","name":"Saksavorst","description":"Feel the taste of emotions","publisher":{"@id":"https:\/\/saksavorst.ee\/fi\/#organization"},"alternateName":"Veikand","potentialAction":[{"@type":"SearchAction","target":{"@type":"EntryPoint","urlTemplate":"https:\/\/saksavorst.ee\/fi\/?s={search_term_string}"},"query-input":{"@type":"PropertyValueSpecification","valueRequired":true,"valueName":"search_term_string"}}],"inLanguage":"fi"},{"@type":"Organization","@id":"https:\/\/saksavorst.ee\/fi\/#organization","name":"Saksavorst","alternateName":"Veikand","url":"https:\/\/saksavorst.ee\/fi\/","logo":{"@type":"ImageObject","inLanguage":"fi","@id":"https:\/\/saksavorst.ee\/fi\/#\/schema\/logo\/image\/","url":"https:\/\/saksavorst.ee\/wp-content\/uploads\/2023\/05\/veikand-logo.jpg","contentUrl":"https:\/\/saksavorst.ee\/wp-content\/uploads\/2023\/05\/veikand-logo.jpg","width":217,"height":217,"caption":"Saksavorst"},"image":{"@id":"https:\/\/saksavorst.ee\/fi\/#\/schema\/logo\/image\/"},"sameAs":["https:\/\/www.facebook.com\/Veikand"]}]}},"_links":{"self":[{"href":"https:\/\/saksavorst.ee\/fi\/wp-json\/wp\/v2\/product\/37897","targetHints":{"allow":["GET"]}}],"collection":[{"href":"https:\/\/saksavorst.ee\/fi\/wp-json\/wp\/v2\/product"}],"about":[{"href":"https:\/\/saksavorst.ee\/fi\/wp-json\/wp\/v2\/types\/product"}],"version-history":[{"count":1,"href":"https:\/\/saksavorst.ee\/fi\/wp-json\/wp\/v2\/product\/37897\/revisions"}],"predecessor-version":[{"id":44320,"href":"https:\/\/saksavorst.ee\/fi\/wp-json\/wp\/v2\/product\/37897\/revisions\/44320"}],"wp:featuredmedia":[{"embeddable":true,"href":"https:\/\/saksavorst.ee\/fi\/wp-json\/wp\/v2\/media\/37902"}],"wp:attachment":[{"href":"https:\/\/saksavorst.ee\/fi\/wp-json\/wp\/v2\/media?parent=37897"}],"wp:term":[{"taxonomy":"product_brand","embeddable":true,"href":"https:\/\/saksavorst.ee\/fi\/wp-json\/wp\/v2\/product_brand?post=37897"},{"taxonomy":"product_cat","embeddable":true,"href":"https:\/\/saksavorst.ee\/fi\/wp-json\/wp\/v2\/product_cat?post=37897"},{"taxonomy":"product_tag","embeddable":true,"href":"https:\/\/saksavorst.ee\/fi\/wp-json\/wp\/v2\/product_tag?post=37897"}],"curies":[{"name":"wp","href":"https:\/\/api.w.org\/{rel}","templated":true}]}}