{"id":37881,"date":"2024-07-29T09:44:16","date_gmt":"2024-07-29T07:44:16","guid":{"rendered":"https:\/\/saksavorst.ee\/?post_type=product&#038;p=37881"},"modified":"2025-07-01T14:58:07","modified_gmt":"2025-07-01T12:58:07","slug":"nordwise-luonnollinen-peittausaloitusviljelma-mausteilla-205g","status":"publish","type":"product","link":"https:\/\/saksavorst.ee\/fi\/tuote\/nordwise-luonnollinen-peittausaloitusviljelma-mausteilla-205g\/","title":{"rendered":"Nordwise luonnollinen peittausaloitusviljelm\u00e4 mausteilla 20,5g"},"content":{"rendered":"<p><strong>Composition:<\/strong>kuivattu tilli, korianteri, mustapippuri, piparjuuri, laakerinlehdet, maustepippuri, kuivattu valkosipuli, kuivattu porkkana, maitohappobakteeriLactobacillus plantarumTAK59<\/p>\n<p><strong>Quantity in group packaging:<\/strong> 12 pcs<\/p>\n<p>1 pakkaus mausteviljelm\u00e4\u00e4 tekee 2 kg k\u00e4ymiskurkkua.<\/p>\n<p><strong>Instructions: <\/strong><strong>Valmista 2 kg etikkaattomia suolakurkkuja:<br \/>\n<\/strong>1. Pese kurkut ja kasta ne hetkeksi kuumaan veteen.<br \/>\n2. Valmista suolavesi valitun purkin koon mukaan. Kiehauta 1 l vett\u00e4, lis\u00e4\u00e4 2 rkl suolaa ja 1 rkl sokeria. J\u00e4\u00e4hdyt\u00e4 vesi 40 \u00b0C:seen.<br \/>\n3. Pinoa kurkku purkkiin ja ripottele alkupala yrteill\u00e4 kurkkujen v\u00e4liin.<br \/>\n4. Kaada j\u00e4\u00e4htynyt suolavesi kurkkujen p\u00e4\u00e4lle niin, ett\u00e4 ne uppoavat kokonaan veteen. Sulje purkki v\u00e4litt\u00f6m\u00e4sti. J\u00e4t\u00e4 purkki noin 22\u00b0C:seen huoneeseen.<br \/>\n5. Halutusta happamuusasteesta riippuen k\u00e4yminen kest\u00e4\u00e4 1-2 p\u00e4iv\u00e4\u00e4. Suolakurkku voidaan nauttia heti sen j\u00e4lkeen tai s\u00e4ilytt\u00e4\u00e4 j\u00e4\u00e4kaapissa.<\/p>\n<p><strong>Storage: <\/strong>Store at + 2\u2026 + 6 \u00b0 C in the original package. Allowed to be kept at room temperature for up to 72 hours.<\/p>\n<p><strong>Produced by: <\/strong>BioCC O\u00dc<\/p>\n<p>&nbsp;<\/p>\n<p><iframe loading=\"lazy\" title=\"\ud83e\udd52 Kuidas valmistada hapukurke?\" width=\"500\" height=\"281\" src=\"https:\/\/www.youtube.com\/embed\/CWjFP1JBJyk?feature=oembed\" frameborder=\"0\" allow=\"accelerometer; autoplay; clipboard-write; encrypted-media; gyroscope; picture-in-picture; web-share\" referrerpolicy=\"strict-origin-when-cross-origin\" allowfullscreen><\/iframe><\/p>\n","protected":false},"excerpt":{"rendered":"<p>Ainutlaatuinen el\u00e4v\u00e4 maitohappobakteeri L. plantarumTAK59 yrttiseoksella k\u00e4ynnist\u00e4\u00e4 ja varmistaa oikean ja vakaan k\u00e4ymisprosessin alentaen kurkkujen pH-arvoa ensimm\u00e4isest\u00e4 p\u00e4iv\u00e4st\u00e4 k\u00e4ymisen loppuun asti.<\/p>\n","protected":false},"featured_media":37886,"template":"","meta":{"_acf_changed":false},"product_brand":[],"product_cat":[258],"product_tag":[],"class_list":{"0":"post-37881","1":"product","2":"type-product","3":"status-publish","4":"has-post-thumbnail","6":"product_cat-hapatteet","8":"first","9":"instock","10":"taxable","11":"shipping-taxable","12":"purchasable","13":"product-type-simple"},"acf":[],"yoast_head":"<!-- This site is optimized with the Yoast SEO plugin v27.3 - https:\/\/yoast.com\/product\/yoast-seo-wordpress\/ -->\n<title>Nordwise luonnollinen peittausaloitusviljelm\u00e4 mausteilla 20,5g - Saksavorst<\/title>\n<meta name=\"robots\" content=\"index, follow, max-snippet:-1, max-image-preview:large, max-video-preview:-1\" \/>\n<link rel=\"canonical\" href=\"https:\/\/saksavorst.ee\/fi\/tuote\/nordwise-luonnollinen-peittausaloitusviljelma-mausteilla-205g\/\" \/>\n<meta property=\"og:locale\" content=\"fi_FI\" \/>\n<meta property=\"og:type\" content=\"article\" \/>\n<meta property=\"og:title\" content=\"Nordwise luonnollinen peittausaloitusviljelm\u00e4 mausteilla 20,5g - Saksavorst\" \/>\n<meta property=\"og:description\" content=\"Ainutlaatuinen el\u00e4v\u00e4 maitohappobakteeri L. plantarumTAK59 yrttiseoksella k\u00e4ynnist\u00e4\u00e4 ja varmistaa oikean ja vakaan k\u00e4ymisprosessin alentaen kurkkujen pH-arvoa ensimm\u00e4isest\u00e4 p\u00e4iv\u00e4st\u00e4 k\u00e4ymisen loppuun asti.\" \/>\n<meta property=\"og:url\" content=\"https:\/\/saksavorst.ee\/fi\/tuote\/nordwise-luonnollinen-peittausaloitusviljelma-mausteilla-205g\/\" \/>\n<meta property=\"og:site_name\" content=\"Saksavorst\" \/>\n<meta property=\"article:publisher\" content=\"https:\/\/www.facebook.com\/Veikand\" \/>\n<meta property=\"article:modified_time\" content=\"2025-07-01T12:58:07+00:00\" \/>\n<meta property=\"og:image\" content=\"https:\/\/saksavorst.ee\/wp-content\/uploads\/2024\/07\/nordwise-kurkide-hapendamise-juuretis-204g.png\" \/>\n\t<meta property=\"og:image:width\" content=\"800\" \/>\n\t<meta property=\"og:image:height\" content=\"800\" \/>\n\t<meta property=\"og:image:type\" content=\"image\/png\" \/>\n<meta name=\"twitter:card\" content=\"summary_large_image\" \/>\n<meta name=\"twitter:label1\" content=\"Arvioitu lukuaika\" \/>\n\t<meta name=\"twitter:data1\" content=\"1 minuutti\" \/>\n<script type=\"application\/ld+json\" class=\"yoast-schema-graph\">{\"@context\":\"https:\\\/\\\/schema.org\",\"@graph\":[{\"@type\":\"WebPage\",\"@id\":\"https:\\\/\\\/saksavorst.ee\\\/fi\\\/tuote\\\/nordwise-luonnollinen-peittausaloitusviljelma-mausteilla-205g\\\/\",\"url\":\"https:\\\/\\\/saksavorst.ee\\\/fi\\\/tuote\\\/nordwise-luonnollinen-peittausaloitusviljelma-mausteilla-205g\\\/\",\"name\":\"Nordwise luonnollinen peittausaloitusviljelm\u00e4 mausteilla 20,5g - Saksavorst\",\"isPartOf\":{\"@id\":\"https:\\\/\\\/saksavorst.ee\\\/fi\\\/#website\"},\"primaryImageOfPage\":{\"@id\":\"https:\\\/\\\/saksavorst.ee\\\/fi\\\/tuote\\\/nordwise-luonnollinen-peittausaloitusviljelma-mausteilla-205g\\\/#primaryimage\"},\"image\":{\"@id\":\"https:\\\/\\\/saksavorst.ee\\\/fi\\\/tuote\\\/nordwise-luonnollinen-peittausaloitusviljelma-mausteilla-205g\\\/#primaryimage\"},\"thumbnailUrl\":\"https:\\\/\\\/saksavorst.ee\\\/wp-content\\\/uploads\\\/2024\\\/07\\\/nordwise-kurkide-hapendamise-juuretis-204g.png\",\"datePublished\":\"2024-07-29T07:44:16+00:00\",\"dateModified\":\"2025-07-01T12:58:07+00:00\",\"breadcrumb\":{\"@id\":\"https:\\\/\\\/saksavorst.ee\\\/fi\\\/tuote\\\/nordwise-luonnollinen-peittausaloitusviljelma-mausteilla-205g\\\/#breadcrumb\"},\"inLanguage\":\"fi\",\"potentialAction\":[{\"@type\":\"ReadAction\",\"target\":[\"https:\\\/\\\/saksavorst.ee\\\/fi\\\/tuote\\\/nordwise-luonnollinen-peittausaloitusviljelma-mausteilla-205g\\\/\"]}]},{\"@type\":\"ImageObject\",\"inLanguage\":\"fi\",\"@id\":\"https:\\\/\\\/saksavorst.ee\\\/fi\\\/tuote\\\/nordwise-luonnollinen-peittausaloitusviljelma-mausteilla-205g\\\/#primaryimage\",\"url\":\"https:\\\/\\\/saksavorst.ee\\\/wp-content\\\/uploads\\\/2024\\\/07\\\/nordwise-kurkide-hapendamise-juuretis-204g.png\",\"contentUrl\":\"https:\\\/\\\/saksavorst.ee\\\/wp-content\\\/uploads\\\/2024\\\/07\\\/nordwise-kurkide-hapendamise-juuretis-204g.png\",\"width\":800,\"height\":800},{\"@type\":\"BreadcrumbList\",\"@id\":\"https:\\\/\\\/saksavorst.ee\\\/fi\\\/tuote\\\/nordwise-luonnollinen-peittausaloitusviljelma-mausteilla-205g\\\/#breadcrumb\",\"itemListElement\":[{\"@type\":\"ListItem\",\"position\":1,\"name\":\"Home\",\"item\":\"https:\\\/\\\/saksavorst.ee\\\/fi\\\/\"},{\"@type\":\"ListItem\",\"position\":2,\"name\":\"Kauppa\",\"item\":\"https:\\\/\\\/saksavorst.ee\\\/fi\\\/kauppa\\\/\"},{\"@type\":\"ListItem\",\"position\":3,\"name\":\"Nordwise luonnollinen peittausaloitusviljelm\u00e4 mausteilla 20,5g\"}]},{\"@type\":\"WebSite\",\"@id\":\"https:\\\/\\\/saksavorst.ee\\\/fi\\\/#website\",\"url\":\"https:\\\/\\\/saksavorst.ee\\\/fi\\\/\",\"name\":\"Saksavorst\",\"description\":\"Feel the taste of emotions\",\"publisher\":{\"@id\":\"https:\\\/\\\/saksavorst.ee\\\/fi\\\/#organization\"},\"alternateName\":\"Veikand\",\"potentialAction\":[{\"@type\":\"SearchAction\",\"target\":{\"@type\":\"EntryPoint\",\"urlTemplate\":\"https:\\\/\\\/saksavorst.ee\\\/fi\\\/?s={search_term_string}\"},\"query-input\":{\"@type\":\"PropertyValueSpecification\",\"valueRequired\":true,\"valueName\":\"search_term_string\"}}],\"inLanguage\":\"fi\"},{\"@type\":\"Organization\",\"@id\":\"https:\\\/\\\/saksavorst.ee\\\/fi\\\/#organization\",\"name\":\"Saksavorst\",\"alternateName\":\"Veikand\",\"url\":\"https:\\\/\\\/saksavorst.ee\\\/fi\\\/\",\"logo\":{\"@type\":\"ImageObject\",\"inLanguage\":\"fi\",\"@id\":\"https:\\\/\\\/saksavorst.ee\\\/fi\\\/#\\\/schema\\\/logo\\\/image\\\/\",\"url\":\"https:\\\/\\\/saksavorst.ee\\\/wp-content\\\/uploads\\\/2023\\\/05\\\/veikand-logo.jpg\",\"contentUrl\":\"https:\\\/\\\/saksavorst.ee\\\/wp-content\\\/uploads\\\/2023\\\/05\\\/veikand-logo.jpg\",\"width\":217,\"height\":217,\"caption\":\"Saksavorst\"},\"image\":{\"@id\":\"https:\\\/\\\/saksavorst.ee\\\/fi\\\/#\\\/schema\\\/logo\\\/image\\\/\"},\"sameAs\":[\"https:\\\/\\\/www.facebook.com\\\/Veikand\"]}]}<\/script>\n<!-- \/ Yoast SEO plugin. -->","yoast_head_json":{"title":"Nordwise luonnollinen peittausaloitusviljelm\u00e4 mausteilla 20,5g - Saksavorst","robots":{"index":"index","follow":"follow","max-snippet":"max-snippet:-1","max-image-preview":"max-image-preview:large","max-video-preview":"max-video-preview:-1"},"canonical":"https:\/\/saksavorst.ee\/fi\/tuote\/nordwise-luonnollinen-peittausaloitusviljelma-mausteilla-205g\/","og_locale":"fi_FI","og_type":"article","og_title":"Nordwise luonnollinen peittausaloitusviljelm\u00e4 mausteilla 20,5g - Saksavorst","og_description":"Ainutlaatuinen el\u00e4v\u00e4 maitohappobakteeri L. plantarumTAK59 yrttiseoksella k\u00e4ynnist\u00e4\u00e4 ja varmistaa oikean ja vakaan k\u00e4ymisprosessin alentaen kurkkujen pH-arvoa ensimm\u00e4isest\u00e4 p\u00e4iv\u00e4st\u00e4 k\u00e4ymisen loppuun asti.","og_url":"https:\/\/saksavorst.ee\/fi\/tuote\/nordwise-luonnollinen-peittausaloitusviljelma-mausteilla-205g\/","og_site_name":"Saksavorst","article_publisher":"https:\/\/www.facebook.com\/Veikand","article_modified_time":"2025-07-01T12:58:07+00:00","og_image":[{"width":800,"height":800,"url":"https:\/\/saksavorst.ee\/wp-content\/uploads\/2024\/07\/nordwise-kurkide-hapendamise-juuretis-204g.png","type":"image\/png"}],"twitter_card":"summary_large_image","twitter_misc":{"Arvioitu lukuaika":"1 minuutti"},"schema":{"@context":"https:\/\/schema.org","@graph":[{"@type":"WebPage","@id":"https:\/\/saksavorst.ee\/fi\/tuote\/nordwise-luonnollinen-peittausaloitusviljelma-mausteilla-205g\/","url":"https:\/\/saksavorst.ee\/fi\/tuote\/nordwise-luonnollinen-peittausaloitusviljelma-mausteilla-205g\/","name":"Nordwise luonnollinen peittausaloitusviljelm\u00e4 mausteilla 20,5g - Saksavorst","isPartOf":{"@id":"https:\/\/saksavorst.ee\/fi\/#website"},"primaryImageOfPage":{"@id":"https:\/\/saksavorst.ee\/fi\/tuote\/nordwise-luonnollinen-peittausaloitusviljelma-mausteilla-205g\/#primaryimage"},"image":{"@id":"https:\/\/saksavorst.ee\/fi\/tuote\/nordwise-luonnollinen-peittausaloitusviljelma-mausteilla-205g\/#primaryimage"},"thumbnailUrl":"https:\/\/saksavorst.ee\/wp-content\/uploads\/2024\/07\/nordwise-kurkide-hapendamise-juuretis-204g.png","datePublished":"2024-07-29T07:44:16+00:00","dateModified":"2025-07-01T12:58:07+00:00","breadcrumb":{"@id":"https:\/\/saksavorst.ee\/fi\/tuote\/nordwise-luonnollinen-peittausaloitusviljelma-mausteilla-205g\/#breadcrumb"},"inLanguage":"fi","potentialAction":[{"@type":"ReadAction","target":["https:\/\/saksavorst.ee\/fi\/tuote\/nordwise-luonnollinen-peittausaloitusviljelma-mausteilla-205g\/"]}]},{"@type":"ImageObject","inLanguage":"fi","@id":"https:\/\/saksavorst.ee\/fi\/tuote\/nordwise-luonnollinen-peittausaloitusviljelma-mausteilla-205g\/#primaryimage","url":"https:\/\/saksavorst.ee\/wp-content\/uploads\/2024\/07\/nordwise-kurkide-hapendamise-juuretis-204g.png","contentUrl":"https:\/\/saksavorst.ee\/wp-content\/uploads\/2024\/07\/nordwise-kurkide-hapendamise-juuretis-204g.png","width":800,"height":800},{"@type":"BreadcrumbList","@id":"https:\/\/saksavorst.ee\/fi\/tuote\/nordwise-luonnollinen-peittausaloitusviljelma-mausteilla-205g\/#breadcrumb","itemListElement":[{"@type":"ListItem","position":1,"name":"Home","item":"https:\/\/saksavorst.ee\/fi\/"},{"@type":"ListItem","position":2,"name":"Kauppa","item":"https:\/\/saksavorst.ee\/fi\/kauppa\/"},{"@type":"ListItem","position":3,"name":"Nordwise luonnollinen peittausaloitusviljelm\u00e4 mausteilla 20,5g"}]},{"@type":"WebSite","@id":"https:\/\/saksavorst.ee\/fi\/#website","url":"https:\/\/saksavorst.ee\/fi\/","name":"Saksavorst","description":"Feel the taste of emotions","publisher":{"@id":"https:\/\/saksavorst.ee\/fi\/#organization"},"alternateName":"Veikand","potentialAction":[{"@type":"SearchAction","target":{"@type":"EntryPoint","urlTemplate":"https:\/\/saksavorst.ee\/fi\/?s={search_term_string}"},"query-input":{"@type":"PropertyValueSpecification","valueRequired":true,"valueName":"search_term_string"}}],"inLanguage":"fi"},{"@type":"Organization","@id":"https:\/\/saksavorst.ee\/fi\/#organization","name":"Saksavorst","alternateName":"Veikand","url":"https:\/\/saksavorst.ee\/fi\/","logo":{"@type":"ImageObject","inLanguage":"fi","@id":"https:\/\/saksavorst.ee\/fi\/#\/schema\/logo\/image\/","url":"https:\/\/saksavorst.ee\/wp-content\/uploads\/2023\/05\/veikand-logo.jpg","contentUrl":"https:\/\/saksavorst.ee\/wp-content\/uploads\/2023\/05\/veikand-logo.jpg","width":217,"height":217,"caption":"Saksavorst"},"image":{"@id":"https:\/\/saksavorst.ee\/fi\/#\/schema\/logo\/image\/"},"sameAs":["https:\/\/www.facebook.com\/Veikand"]}]}},"_links":{"self":[{"href":"https:\/\/saksavorst.ee\/fi\/wp-json\/wp\/v2\/product\/37881","targetHints":{"allow":["GET"]}}],"collection":[{"href":"https:\/\/saksavorst.ee\/fi\/wp-json\/wp\/v2\/product"}],"about":[{"href":"https:\/\/saksavorst.ee\/fi\/wp-json\/wp\/v2\/types\/product"}],"version-history":[{"count":1,"href":"https:\/\/saksavorst.ee\/fi\/wp-json\/wp\/v2\/product\/37881\/revisions"}],"predecessor-version":[{"id":43025,"href":"https:\/\/saksavorst.ee\/fi\/wp-json\/wp\/v2\/product\/37881\/revisions\/43025"}],"wp:featuredmedia":[{"embeddable":true,"href":"https:\/\/saksavorst.ee\/fi\/wp-json\/wp\/v2\/media\/37886"}],"wp:attachment":[{"href":"https:\/\/saksavorst.ee\/fi\/wp-json\/wp\/v2\/media?parent=37881"}],"wp:term":[{"taxonomy":"product_brand","embeddable":true,"href":"https:\/\/saksavorst.ee\/fi\/wp-json\/wp\/v2\/product_brand?post=37881"},{"taxonomy":"product_cat","embeddable":true,"href":"https:\/\/saksavorst.ee\/fi\/wp-json\/wp\/v2\/product_cat?post=37881"},{"taxonomy":"product_tag","embeddable":true,"href":"https:\/\/saksavorst.ee\/fi\/wp-json\/wp\/v2\/product_tag?post=37881"}],"curies":[{"name":"wp","href":"https:\/\/api.w.org\/{rel}","templated":true}]}}