{"id":33540,"date":"2024-04-02T10:22:56","date_gmt":"2024-04-02T08:22:56","guid":{"rendered":"https:\/\/saksavorst.ee\/?post_type=product&#038;p=33540"},"modified":"2025-08-04T15:19:23","modified_gmt":"2025-08-04T13:19:23","slug":"manuaalinen-kaare-jossa-pieni-pakkaustarjotin-italdibipack-jolly-work","status":"publish","type":"product","link":"https:\/\/saksavorst.ee\/fi\/tuote\/manuaalinen-kaare-jossa-pieni-pakkaustarjotin-italdibipack-jolly-work\/","title":{"rendered":"Manuaalinen k\u00e4\u00e4re, jossa pieni pakkaustarjotin ITALDIBIPACK JOLLY WORK"},"content":{"rendered":"<p>Jolly Work, k\u00e4\u00e4rint\u00e4 ja nostin, 3 in 1 -j\u00e4rjestelm\u00e4, joka ratkaisee kaikki pakkaustarpeet ja suojaa k\u00e4ytt\u00e4jien terveytt\u00e4. Se alkaa yksinkertaisella lavan k\u00e4\u00e4reell\u00e4, jossa on venytys ja esivenytetty kalvo (Jolly Wrap), mutta toisen rullatarvikkeen lis\u00e4\u00e4minen mahdollistaa lavan koostumuksen puolessa ajassa (Jolly Twin), kun siihen on lis\u00e4tty lis\u00e4levy. (Magic Plate), siit\u00e4 tulee my\u00f6s laatikonnostin ja k\u00e4\u00e4rint\u00e4 (Jolly Work), joka on uskomattoman hy\u00f6dyllinen kuorman valmistelussa.<\/p>\n<p>Eri lis\u00e4varusteilla varustettu laite voidaan muuntaa ilman asennus- ja purkuoperaatioita kuormalavan k\u00e4\u00e4reeksi tai laatikkok\u00e4\u00e4reeksi ja nostimeksi.<\/p>\n<p>&nbsp;<\/p>\n<p>Nostolevyn mitat: 500 x 450 mm<\/p>\n<p>Suurin nostopaino: jopa 50 kg<\/p>\n<p>Suurin nostokorkeus: 1500 mm \/ 50 kg<\/p>\n<p>Nostolevy alumiinia\/puuta<\/p>\n<p>Vakio 23 mikronin ja\/tai esivenytetty kalvo 9-10-12-15 \u00b5m<\/p>\n<p>Ulkoinen kalvorullan halkaisija: 105 mm<\/p>\n<p>Stretch-kalvorullan korkeus: 440-450 mm \/ 500 mm (tilauksesta)<\/p>\n<p>Pitimen korkeus: 460 mm \/ 520 mm (500 mm kalvo)<\/p>\n<p>Sis\u00e4ytimen \u00d8: 50 mm<\/p>\n<p>Lavan maksimikorkeus: 2000 mm \/ 2500 mm<\/p>\n<p>S\u00e4\u00e4dett\u00e4v\u00e4 filmikelkan nopeus<\/p>\n<p>Venytyskalvon j\u00e4nnityksen s\u00e4\u00e4t\u00f6 mekaanisen jarrun avulla<\/p>\n<p>Pikavapautusj\u00e4rjestelm\u00e4 s\u00e4\u00e4detyll\u00e4 jarrutasolla<\/p>\n<p>Manuaali <strong><a href=\"https:\/\/www.italdibipack.com\/wp-content\/uploads\/2023\/05\/ITALDIBIPACK-JOLLY-WORK-flyer-ENG-email.pdf\">T\u00c4ST\u00c4<\/a><\/strong><\/p>\n<p>&nbsp;<\/p>\n<div style=\"width: 1920px;\" class=\"wp-video\"><video class=\"wp-video-shortcode\" id=\"video-33540-1\" width=\"1920\" height=\"1080\" preload=\"metadata\" controls=\"controls\"><source type=\"video\/mp4\" src=\"https:\/\/saksavorst.ee\/wp-content\/uploads\/2024\/04\/italdibipack_presenta_jolly_work-1080p.mp4?_=1\" \/><a href=\"https:\/\/saksavorst.ee\/wp-content\/uploads\/2024\/04\/italdibipack_presenta_jolly_work-1080p.mp4\">https:\/\/saksavorst.ee\/wp-content\/uploads\/2024\/04\/italdibipack_presenta_jolly_work-1080p.mp4<\/a><\/video><\/div>\n","protected":false},"excerpt":{"rendered":"<p>Se s\u00e4\u00e4st\u00e4\u00e4 kuljettajan vaivaa, ehk\u00e4isee logistiikkatoimijoiden keskuudessa yleisesti levi\u00e4vi\u00e4 selk\u00e4vaurioita, lis\u00e4\u00e4 ty\u00f6n tuottavuutta ja kannattavuutta, parantaa tulosta, helpottaa ja mahdollistaa suurempien kuormien k\u00e4\u00e4rimisen.<\/p>\n","protected":false},"featured_media":33545,"template":"","meta":{"_acf_changed":false},"product_brand":[],"product_cat":[221,244,325],"product_tag":[],"class_list":{"0":"post-33540","1":"product","2":"type-product","3":"status-publish","4":"has-post-thumbnail","6":"product_cat-kaikki-tuotteet","7":"product_cat-pakkauslaitteet","8":"product_cat-laitteet","9":"product_shipping_class-ei-mahdu-pakettiautomaattiin","11":"first","12":"instock","13":"taxable","14":"shipping-taxable","15":"purchasable","16":"product-type-simple"},"acf":[],"yoast_head":"<!-- This site is optimized with the Yoast SEO plugin v27.3 - https:\/\/yoast.com\/product\/yoast-seo-wordpress\/ -->\n<title>Manuaalinen k\u00e4\u00e4re, jossa pieni pakkaustarjotin ITALDIBIPACK JOLLY WORK - Saksavorst<\/title>\n<meta name=\"robots\" content=\"index, follow, max-snippet:-1, max-image-preview:large, max-video-preview:-1\" \/>\n<link rel=\"canonical\" href=\"https:\/\/saksavorst.ee\/fi\/tuote\/manuaalinen-kaare-jossa-pieni-pakkaustarjotin-italdibipack-jolly-work\/\" \/>\n<meta property=\"og:locale\" content=\"fi_FI\" \/>\n<meta property=\"og:type\" content=\"article\" \/>\n<meta property=\"og:title\" content=\"Manuaalinen k\u00e4\u00e4re, jossa pieni pakkaustarjotin ITALDIBIPACK JOLLY WORK - Saksavorst\" \/>\n<meta property=\"og:description\" content=\"Se s\u00e4\u00e4st\u00e4\u00e4 kuljettajan vaivaa, ehk\u00e4isee logistiikkatoimijoiden keskuudessa yleisesti levi\u00e4vi\u00e4 selk\u00e4vaurioita, lis\u00e4\u00e4 ty\u00f6n tuottavuutta ja kannattavuutta, parantaa tulosta, helpottaa ja mahdollistaa suurempien kuormien k\u00e4\u00e4rimisen.\" \/>\n<meta property=\"og:url\" content=\"https:\/\/saksavorst.ee\/fi\/tuote\/manuaalinen-kaare-jossa-pieni-pakkaustarjotin-italdibipack-jolly-work\/\" \/>\n<meta property=\"og:site_name\" content=\"Saksavorst\" \/>\n<meta property=\"article:publisher\" content=\"https:\/\/www.facebook.com\/Veikand\" \/>\n<meta property=\"article:modified_time\" content=\"2025-08-04T13:19:23+00:00\" \/>\n<meta property=\"og:image\" content=\"https:\/\/saksavorst.ee\/wp-content\/uploads\/2024\/04\/manuaalne-aluse-kiletaja-koos-vaikepaki-pakkimisalusega-italdibipack-jolly-work.png\" \/>\n\t<meta property=\"og:image:width\" content=\"800\" \/>\n\t<meta property=\"og:image:height\" content=\"800\" \/>\n\t<meta property=\"og:image:type\" content=\"image\/png\" \/>\n<meta name=\"twitter:card\" content=\"summary_large_image\" \/>\n<meta name=\"twitter:label1\" content=\"Arvioitu lukuaika\" \/>\n\t<meta name=\"twitter:data1\" content=\"2 minuuttia\" \/>\n<script type=\"application\/ld+json\" class=\"yoast-schema-graph\">{\"@context\":\"https:\\\/\\\/schema.org\",\"@graph\":[{\"@type\":\"WebPage\",\"@id\":\"https:\\\/\\\/saksavorst.ee\\\/fi\\\/tuote\\\/manuaalinen-kaare-jossa-pieni-pakkaustarjotin-italdibipack-jolly-work\\\/\",\"url\":\"https:\\\/\\\/saksavorst.ee\\\/fi\\\/tuote\\\/manuaalinen-kaare-jossa-pieni-pakkaustarjotin-italdibipack-jolly-work\\\/\",\"name\":\"Manuaalinen k\u00e4\u00e4re, jossa pieni pakkaustarjotin ITALDIBIPACK JOLLY WORK - Saksavorst\",\"isPartOf\":{\"@id\":\"https:\\\/\\\/saksavorst.ee\\\/fi\\\/#website\"},\"primaryImageOfPage\":{\"@id\":\"https:\\\/\\\/saksavorst.ee\\\/fi\\\/tuote\\\/manuaalinen-kaare-jossa-pieni-pakkaustarjotin-italdibipack-jolly-work\\\/#primaryimage\"},\"image\":{\"@id\":\"https:\\\/\\\/saksavorst.ee\\\/fi\\\/tuote\\\/manuaalinen-kaare-jossa-pieni-pakkaustarjotin-italdibipack-jolly-work\\\/#primaryimage\"},\"thumbnailUrl\":\"https:\\\/\\\/saksavorst.ee\\\/wp-content\\\/uploads\\\/2024\\\/04\\\/manuaalne-aluse-kiletaja-koos-vaikepaki-pakkimisalusega-italdibipack-jolly-work.png\",\"datePublished\":\"2024-04-02T08:22:56+00:00\",\"dateModified\":\"2025-08-04T13:19:23+00:00\",\"breadcrumb\":{\"@id\":\"https:\\\/\\\/saksavorst.ee\\\/fi\\\/tuote\\\/manuaalinen-kaare-jossa-pieni-pakkaustarjotin-italdibipack-jolly-work\\\/#breadcrumb\"},\"inLanguage\":\"fi\",\"potentialAction\":[{\"@type\":\"ReadAction\",\"target\":[\"https:\\\/\\\/saksavorst.ee\\\/fi\\\/tuote\\\/manuaalinen-kaare-jossa-pieni-pakkaustarjotin-italdibipack-jolly-work\\\/\"]}]},{\"@type\":\"ImageObject\",\"inLanguage\":\"fi\",\"@id\":\"https:\\\/\\\/saksavorst.ee\\\/fi\\\/tuote\\\/manuaalinen-kaare-jossa-pieni-pakkaustarjotin-italdibipack-jolly-work\\\/#primaryimage\",\"url\":\"https:\\\/\\\/saksavorst.ee\\\/wp-content\\\/uploads\\\/2024\\\/04\\\/manuaalne-aluse-kiletaja-koos-vaikepaki-pakkimisalusega-italdibipack-jolly-work.png\",\"contentUrl\":\"https:\\\/\\\/saksavorst.ee\\\/wp-content\\\/uploads\\\/2024\\\/04\\\/manuaalne-aluse-kiletaja-koos-vaikepaki-pakkimisalusega-italdibipack-jolly-work.png\",\"width\":800,\"height\":800},{\"@type\":\"BreadcrumbList\",\"@id\":\"https:\\\/\\\/saksavorst.ee\\\/fi\\\/tuote\\\/manuaalinen-kaare-jossa-pieni-pakkaustarjotin-italdibipack-jolly-work\\\/#breadcrumb\",\"itemListElement\":[{\"@type\":\"ListItem\",\"position\":1,\"name\":\"Home\",\"item\":\"https:\\\/\\\/saksavorst.ee\\\/fi\\\/\"},{\"@type\":\"ListItem\",\"position\":2,\"name\":\"Kauppa\",\"item\":\"https:\\\/\\\/saksavorst.ee\\\/fi\\\/kauppa\\\/\"},{\"@type\":\"ListItem\",\"position\":3,\"name\":\"Manuaalinen k\u00e4\u00e4re, jossa pieni pakkaustarjotin ITALDIBIPACK JOLLY WORK\"}]},{\"@type\":\"WebSite\",\"@id\":\"https:\\\/\\\/saksavorst.ee\\\/fi\\\/#website\",\"url\":\"https:\\\/\\\/saksavorst.ee\\\/fi\\\/\",\"name\":\"Saksavorst\",\"description\":\"Feel the taste of emotions\",\"publisher\":{\"@id\":\"https:\\\/\\\/saksavorst.ee\\\/fi\\\/#organization\"},\"alternateName\":\"Veikand\",\"potentialAction\":[{\"@type\":\"SearchAction\",\"target\":{\"@type\":\"EntryPoint\",\"urlTemplate\":\"https:\\\/\\\/saksavorst.ee\\\/fi\\\/?s={search_term_string}\"},\"query-input\":{\"@type\":\"PropertyValueSpecification\",\"valueRequired\":true,\"valueName\":\"search_term_string\"}}],\"inLanguage\":\"fi\"},{\"@type\":\"Organization\",\"@id\":\"https:\\\/\\\/saksavorst.ee\\\/fi\\\/#organization\",\"name\":\"Saksavorst\",\"alternateName\":\"Veikand\",\"url\":\"https:\\\/\\\/saksavorst.ee\\\/fi\\\/\",\"logo\":{\"@type\":\"ImageObject\",\"inLanguage\":\"fi\",\"@id\":\"https:\\\/\\\/saksavorst.ee\\\/fi\\\/#\\\/schema\\\/logo\\\/image\\\/\",\"url\":\"https:\\\/\\\/saksavorst.ee\\\/wp-content\\\/uploads\\\/2023\\\/05\\\/veikand-logo.jpg\",\"contentUrl\":\"https:\\\/\\\/saksavorst.ee\\\/wp-content\\\/uploads\\\/2023\\\/05\\\/veikand-logo.jpg\",\"width\":217,\"height\":217,\"caption\":\"Saksavorst\"},\"image\":{\"@id\":\"https:\\\/\\\/saksavorst.ee\\\/fi\\\/#\\\/schema\\\/logo\\\/image\\\/\"},\"sameAs\":[\"https:\\\/\\\/www.facebook.com\\\/Veikand\"]}]}<\/script>\n<!-- \/ Yoast SEO plugin. -->","yoast_head_json":{"title":"Manuaalinen k\u00e4\u00e4re, jossa pieni pakkaustarjotin ITALDIBIPACK JOLLY WORK - Saksavorst","robots":{"index":"index","follow":"follow","max-snippet":"max-snippet:-1","max-image-preview":"max-image-preview:large","max-video-preview":"max-video-preview:-1"},"canonical":"https:\/\/saksavorst.ee\/fi\/tuote\/manuaalinen-kaare-jossa-pieni-pakkaustarjotin-italdibipack-jolly-work\/","og_locale":"fi_FI","og_type":"article","og_title":"Manuaalinen k\u00e4\u00e4re, jossa pieni pakkaustarjotin ITALDIBIPACK JOLLY WORK - Saksavorst","og_description":"Se s\u00e4\u00e4st\u00e4\u00e4 kuljettajan vaivaa, ehk\u00e4isee logistiikkatoimijoiden keskuudessa yleisesti levi\u00e4vi\u00e4 selk\u00e4vaurioita, lis\u00e4\u00e4 ty\u00f6n tuottavuutta ja kannattavuutta, parantaa tulosta, helpottaa ja mahdollistaa suurempien kuormien k\u00e4\u00e4rimisen.","og_url":"https:\/\/saksavorst.ee\/fi\/tuote\/manuaalinen-kaare-jossa-pieni-pakkaustarjotin-italdibipack-jolly-work\/","og_site_name":"Saksavorst","article_publisher":"https:\/\/www.facebook.com\/Veikand","article_modified_time":"2025-08-04T13:19:23+00:00","og_image":[{"width":800,"height":800,"url":"https:\/\/saksavorst.ee\/wp-content\/uploads\/2024\/04\/manuaalne-aluse-kiletaja-koos-vaikepaki-pakkimisalusega-italdibipack-jolly-work.png","type":"image\/png"}],"twitter_card":"summary_large_image","twitter_misc":{"Arvioitu lukuaika":"2 minuuttia"},"schema":{"@context":"https:\/\/schema.org","@graph":[{"@type":"WebPage","@id":"https:\/\/saksavorst.ee\/fi\/tuote\/manuaalinen-kaare-jossa-pieni-pakkaustarjotin-italdibipack-jolly-work\/","url":"https:\/\/saksavorst.ee\/fi\/tuote\/manuaalinen-kaare-jossa-pieni-pakkaustarjotin-italdibipack-jolly-work\/","name":"Manuaalinen k\u00e4\u00e4re, jossa pieni pakkaustarjotin ITALDIBIPACK JOLLY WORK - Saksavorst","isPartOf":{"@id":"https:\/\/saksavorst.ee\/fi\/#website"},"primaryImageOfPage":{"@id":"https:\/\/saksavorst.ee\/fi\/tuote\/manuaalinen-kaare-jossa-pieni-pakkaustarjotin-italdibipack-jolly-work\/#primaryimage"},"image":{"@id":"https:\/\/saksavorst.ee\/fi\/tuote\/manuaalinen-kaare-jossa-pieni-pakkaustarjotin-italdibipack-jolly-work\/#primaryimage"},"thumbnailUrl":"https:\/\/saksavorst.ee\/wp-content\/uploads\/2024\/04\/manuaalne-aluse-kiletaja-koos-vaikepaki-pakkimisalusega-italdibipack-jolly-work.png","datePublished":"2024-04-02T08:22:56+00:00","dateModified":"2025-08-04T13:19:23+00:00","breadcrumb":{"@id":"https:\/\/saksavorst.ee\/fi\/tuote\/manuaalinen-kaare-jossa-pieni-pakkaustarjotin-italdibipack-jolly-work\/#breadcrumb"},"inLanguage":"fi","potentialAction":[{"@type":"ReadAction","target":["https:\/\/saksavorst.ee\/fi\/tuote\/manuaalinen-kaare-jossa-pieni-pakkaustarjotin-italdibipack-jolly-work\/"]}]},{"@type":"ImageObject","inLanguage":"fi","@id":"https:\/\/saksavorst.ee\/fi\/tuote\/manuaalinen-kaare-jossa-pieni-pakkaustarjotin-italdibipack-jolly-work\/#primaryimage","url":"https:\/\/saksavorst.ee\/wp-content\/uploads\/2024\/04\/manuaalne-aluse-kiletaja-koos-vaikepaki-pakkimisalusega-italdibipack-jolly-work.png","contentUrl":"https:\/\/saksavorst.ee\/wp-content\/uploads\/2024\/04\/manuaalne-aluse-kiletaja-koos-vaikepaki-pakkimisalusega-italdibipack-jolly-work.png","width":800,"height":800},{"@type":"BreadcrumbList","@id":"https:\/\/saksavorst.ee\/fi\/tuote\/manuaalinen-kaare-jossa-pieni-pakkaustarjotin-italdibipack-jolly-work\/#breadcrumb","itemListElement":[{"@type":"ListItem","position":1,"name":"Home","item":"https:\/\/saksavorst.ee\/fi\/"},{"@type":"ListItem","position":2,"name":"Kauppa","item":"https:\/\/saksavorst.ee\/fi\/kauppa\/"},{"@type":"ListItem","position":3,"name":"Manuaalinen k\u00e4\u00e4re, jossa pieni pakkaustarjotin ITALDIBIPACK JOLLY WORK"}]},{"@type":"WebSite","@id":"https:\/\/saksavorst.ee\/fi\/#website","url":"https:\/\/saksavorst.ee\/fi\/","name":"Saksavorst","description":"Feel the taste of emotions","publisher":{"@id":"https:\/\/saksavorst.ee\/fi\/#organization"},"alternateName":"Veikand","potentialAction":[{"@type":"SearchAction","target":{"@type":"EntryPoint","urlTemplate":"https:\/\/saksavorst.ee\/fi\/?s={search_term_string}"},"query-input":{"@type":"PropertyValueSpecification","valueRequired":true,"valueName":"search_term_string"}}],"inLanguage":"fi"},{"@type":"Organization","@id":"https:\/\/saksavorst.ee\/fi\/#organization","name":"Saksavorst","alternateName":"Veikand","url":"https:\/\/saksavorst.ee\/fi\/","logo":{"@type":"ImageObject","inLanguage":"fi","@id":"https:\/\/saksavorst.ee\/fi\/#\/schema\/logo\/image\/","url":"https:\/\/saksavorst.ee\/wp-content\/uploads\/2023\/05\/veikand-logo.jpg","contentUrl":"https:\/\/saksavorst.ee\/wp-content\/uploads\/2023\/05\/veikand-logo.jpg","width":217,"height":217,"caption":"Saksavorst"},"image":{"@id":"https:\/\/saksavorst.ee\/fi\/#\/schema\/logo\/image\/"},"sameAs":["https:\/\/www.facebook.com\/Veikand"]}]}},"_links":{"self":[{"href":"https:\/\/saksavorst.ee\/fi\/wp-json\/wp\/v2\/product\/33540","targetHints":{"allow":["GET"]}}],"collection":[{"href":"https:\/\/saksavorst.ee\/fi\/wp-json\/wp\/v2\/product"}],"about":[{"href":"https:\/\/saksavorst.ee\/fi\/wp-json\/wp\/v2\/types\/product"}],"version-history":[{"count":1,"href":"https:\/\/saksavorst.ee\/fi\/wp-json\/wp\/v2\/product\/33540\/revisions"}],"predecessor-version":[{"id":44365,"href":"https:\/\/saksavorst.ee\/fi\/wp-json\/wp\/v2\/product\/33540\/revisions\/44365"}],"wp:featuredmedia":[{"embeddable":true,"href":"https:\/\/saksavorst.ee\/fi\/wp-json\/wp\/v2\/media\/33545"}],"wp:attachment":[{"href":"https:\/\/saksavorst.ee\/fi\/wp-json\/wp\/v2\/media?parent=33540"}],"wp:term":[{"taxonomy":"product_brand","embeddable":true,"href":"https:\/\/saksavorst.ee\/fi\/wp-json\/wp\/v2\/product_brand?post=33540"},{"taxonomy":"product_cat","embeddable":true,"href":"https:\/\/saksavorst.ee\/fi\/wp-json\/wp\/v2\/product_cat?post=33540"},{"taxonomy":"product_tag","embeddable":true,"href":"https:\/\/saksavorst.ee\/fi\/wp-json\/wp\/v2\/product_tag?post=33540"}],"curies":[{"name":"wp","href":"https:\/\/api.w.org\/{rel}","templated":true}]}}