{"id":32815,"date":"2024-03-14T13:31:46","date_gmt":"2024-03-14T11:31:46","guid":{"rendered":"https:\/\/saksavorst.ee\/?post_type=product&#038;p=32815"},"modified":"2025-10-25T10:08:45","modified_gmt":"2025-10-25T08:08:45","slug":"muovinen-tiiviste-sv3-5-7-makkarakoneeseen","status":"publish","type":"product","link":"https:\/\/saksavorst.ee\/fi\/tuote\/muovinen-tiiviste-sv3-5-7-makkarakoneeseen\/","title":{"rendered":"Muovinen tiiviste SV3-5-7 makkarakoneeseen"},"content":{"rendered":"<p>Yhteensopiva sek\u00e4 pysty- ett\u00e4 vaakasuuntaisten makkarakeittimien kanssa.<\/p>\n<p>Valmistettu korkealaatuisesta muovimateriaalista kest\u00e4vyyden ja pitk\u00e4ik\u00e4isyyden takaamiseksi.<\/p>\n<p>Luo tiiviin tiivistyksen est\u00e4m\u00e4\u00e4n ilmavuodot makkaran t\u00e4yt\u00f6n aikana.<\/p>\n<p>Helppo asentaa ja irrottaa k\u00e4tev\u00e4\u00e4 k\u00e4ytt\u00f6\u00e4 ja puhdistusta varten.<\/p>\n<p>T\u00e4ydellinen lis\u00e4varuste kodin lihanjalostukseen ja makkaran valmistukseen.<\/p>\n<p>Pese ennen k\u00e4ytt\u00f6\u00e4!<\/p>\n","protected":false},"excerpt":{"rendered":"<p>Yhteensopiva sek\u00e4 pysty- ett\u00e4 vaakasuuntaisten makkarakeittimien kanssa. Valmistettu korkealaatuisesta muovimateriaalista kest\u00e4vyyden ja pitk\u00e4ik\u00e4isyyden takaamiseksi. Luo tiiviin tiivistyksen est\u00e4m\u00e4\u00e4n ilmavuodot makkaran<\/p>\n","protected":false},"featured_media":32820,"template":"","meta":{"_acf_changed":false},"product_brand":[],"product_cat":[221,222,223,325],"product_tag":[],"class_list":{"0":"post-32815","1":"product","2":"type-product","3":"status-publish","4":"has-post-thumbnail","6":"product_cat-kaikki-tuotteet","7":"product_cat-varuosat","8":"product_cat-makkarapuristimet","9":"product_cat-laitteet","11":"first","12":"instock","13":"taxable","14":"shipping-taxable","15":"purchasable","16":"product-type-simple"},"acf":[],"yoast_head":"<!-- This site is optimized with the Yoast SEO plugin v27.3 - https:\/\/yoast.com\/product\/yoast-seo-wordpress\/ -->\n<title>Muovinen tiiviste SV3-5-7 makkarakoneeseen - Saksavorst<\/title>\n<meta name=\"robots\" content=\"index, follow, max-snippet:-1, max-image-preview:large, max-video-preview:-1\" \/>\n<link rel=\"canonical\" href=\"https:\/\/saksavorst.ee\/fi\/tuote\/muovinen-tiiviste-sv3-5-7-makkarakoneeseen\/\" \/>\n<meta property=\"og:locale\" content=\"fi_FI\" \/>\n<meta property=\"og:type\" content=\"article\" \/>\n<meta property=\"og:title\" content=\"Muovinen tiiviste SV3-5-7 makkarakoneeseen - Saksavorst\" \/>\n<meta property=\"og:description\" content=\"Yhteensopiva sek\u00e4 pysty- ett\u00e4 vaakasuuntaisten makkarakeittimien kanssa. Valmistettu korkealaatuisesta muovimateriaalista kest\u00e4vyyden ja pitk\u00e4ik\u00e4isyyden takaamiseksi. Luo tiiviin tiivistyksen est\u00e4m\u00e4\u00e4n ilmavuodot makkaran\" \/>\n<meta property=\"og:url\" content=\"https:\/\/saksavorst.ee\/fi\/tuote\/muovinen-tiiviste-sv3-5-7-makkarakoneeseen\/\" \/>\n<meta property=\"og:site_name\" content=\"Saksavorst\" \/>\n<meta property=\"article:publisher\" content=\"https:\/\/www.facebook.com\/Veikand\" \/>\n<meta property=\"article:modified_time\" content=\"2025-10-25T08:08:45+00:00\" \/>\n<meta property=\"og:image\" content=\"https:\/\/saksavorst.ee\/wp-content\/uploads\/2024\/03\/vorstipritsi-tihend-sv3-5-7.jpg\" \/>\n\t<meta property=\"og:image:width\" content=\"800\" \/>\n\t<meta property=\"og:image:height\" content=\"800\" \/>\n\t<meta property=\"og:image:type\" content=\"image\/jpeg\" \/>\n<meta name=\"twitter:card\" content=\"summary_large_image\" \/>\n<meta name=\"twitter:label1\" content=\"Arvioitu lukuaika\" \/>\n\t<meta name=\"twitter:data1\" content=\"1 minuutti\" \/>\n<script type=\"application\/ld+json\" class=\"yoast-schema-graph\">{\"@context\":\"https:\\\/\\\/schema.org\",\"@graph\":[{\"@type\":\"WebPage\",\"@id\":\"https:\\\/\\\/saksavorst.ee\\\/fi\\\/tuote\\\/muovinen-tiiviste-sv3-5-7-makkarakoneeseen\\\/\",\"url\":\"https:\\\/\\\/saksavorst.ee\\\/fi\\\/tuote\\\/muovinen-tiiviste-sv3-5-7-makkarakoneeseen\\\/\",\"name\":\"Muovinen tiiviste SV3-5-7 makkarakoneeseen - Saksavorst\",\"isPartOf\":{\"@id\":\"https:\\\/\\\/saksavorst.ee\\\/fi\\\/#website\"},\"primaryImageOfPage\":{\"@id\":\"https:\\\/\\\/saksavorst.ee\\\/fi\\\/tuote\\\/muovinen-tiiviste-sv3-5-7-makkarakoneeseen\\\/#primaryimage\"},\"image\":{\"@id\":\"https:\\\/\\\/saksavorst.ee\\\/fi\\\/tuote\\\/muovinen-tiiviste-sv3-5-7-makkarakoneeseen\\\/#primaryimage\"},\"thumbnailUrl\":\"https:\\\/\\\/saksavorst.ee\\\/wp-content\\\/uploads\\\/2024\\\/03\\\/vorstipritsi-tihend-sv3-5-7.jpg\",\"datePublished\":\"2024-03-14T11:31:46+00:00\",\"dateModified\":\"2025-10-25T08:08:45+00:00\",\"breadcrumb\":{\"@id\":\"https:\\\/\\\/saksavorst.ee\\\/fi\\\/tuote\\\/muovinen-tiiviste-sv3-5-7-makkarakoneeseen\\\/#breadcrumb\"},\"inLanguage\":\"fi\",\"potentialAction\":[{\"@type\":\"ReadAction\",\"target\":[\"https:\\\/\\\/saksavorst.ee\\\/fi\\\/tuote\\\/muovinen-tiiviste-sv3-5-7-makkarakoneeseen\\\/\"]}]},{\"@type\":\"ImageObject\",\"inLanguage\":\"fi\",\"@id\":\"https:\\\/\\\/saksavorst.ee\\\/fi\\\/tuote\\\/muovinen-tiiviste-sv3-5-7-makkarakoneeseen\\\/#primaryimage\",\"url\":\"https:\\\/\\\/saksavorst.ee\\\/wp-content\\\/uploads\\\/2024\\\/03\\\/vorstipritsi-tihend-sv3-5-7.jpg\",\"contentUrl\":\"https:\\\/\\\/saksavorst.ee\\\/wp-content\\\/uploads\\\/2024\\\/03\\\/vorstipritsi-tihend-sv3-5-7.jpg\",\"width\":800,\"height\":800},{\"@type\":\"BreadcrumbList\",\"@id\":\"https:\\\/\\\/saksavorst.ee\\\/fi\\\/tuote\\\/muovinen-tiiviste-sv3-5-7-makkarakoneeseen\\\/#breadcrumb\",\"itemListElement\":[{\"@type\":\"ListItem\",\"position\":1,\"name\":\"Home\",\"item\":\"https:\\\/\\\/saksavorst.ee\\\/fi\\\/\"},{\"@type\":\"ListItem\",\"position\":2,\"name\":\"Kauppa\",\"item\":\"https:\\\/\\\/saksavorst.ee\\\/fi\\\/kauppa\\\/\"},{\"@type\":\"ListItem\",\"position\":3,\"name\":\"Muovinen tiiviste SV3-5-7 makkarakoneeseen\"}]},{\"@type\":\"WebSite\",\"@id\":\"https:\\\/\\\/saksavorst.ee\\\/fi\\\/#website\",\"url\":\"https:\\\/\\\/saksavorst.ee\\\/fi\\\/\",\"name\":\"Saksavorst\",\"description\":\"Feel the taste of emotions\",\"publisher\":{\"@id\":\"https:\\\/\\\/saksavorst.ee\\\/fi\\\/#organization\"},\"alternateName\":\"Veikand\",\"potentialAction\":[{\"@type\":\"SearchAction\",\"target\":{\"@type\":\"EntryPoint\",\"urlTemplate\":\"https:\\\/\\\/saksavorst.ee\\\/fi\\\/?s={search_term_string}\"},\"query-input\":{\"@type\":\"PropertyValueSpecification\",\"valueRequired\":true,\"valueName\":\"search_term_string\"}}],\"inLanguage\":\"fi\"},{\"@type\":\"Organization\",\"@id\":\"https:\\\/\\\/saksavorst.ee\\\/fi\\\/#organization\",\"name\":\"Saksavorst\",\"alternateName\":\"Veikand\",\"url\":\"https:\\\/\\\/saksavorst.ee\\\/fi\\\/\",\"logo\":{\"@type\":\"ImageObject\",\"inLanguage\":\"fi\",\"@id\":\"https:\\\/\\\/saksavorst.ee\\\/fi\\\/#\\\/schema\\\/logo\\\/image\\\/\",\"url\":\"https:\\\/\\\/saksavorst.ee\\\/wp-content\\\/uploads\\\/2023\\\/05\\\/veikand-logo.jpg\",\"contentUrl\":\"https:\\\/\\\/saksavorst.ee\\\/wp-content\\\/uploads\\\/2023\\\/05\\\/veikand-logo.jpg\",\"width\":217,\"height\":217,\"caption\":\"Saksavorst\"},\"image\":{\"@id\":\"https:\\\/\\\/saksavorst.ee\\\/fi\\\/#\\\/schema\\\/logo\\\/image\\\/\"},\"sameAs\":[\"https:\\\/\\\/www.facebook.com\\\/Veikand\"]}]}<\/script>\n<!-- \/ Yoast SEO plugin. -->","yoast_head_json":{"title":"Muovinen tiiviste SV3-5-7 makkarakoneeseen - Saksavorst","robots":{"index":"index","follow":"follow","max-snippet":"max-snippet:-1","max-image-preview":"max-image-preview:large","max-video-preview":"max-video-preview:-1"},"canonical":"https:\/\/saksavorst.ee\/fi\/tuote\/muovinen-tiiviste-sv3-5-7-makkarakoneeseen\/","og_locale":"fi_FI","og_type":"article","og_title":"Muovinen tiiviste SV3-5-7 makkarakoneeseen - Saksavorst","og_description":"Yhteensopiva sek\u00e4 pysty- ett\u00e4 vaakasuuntaisten makkarakeittimien kanssa. Valmistettu korkealaatuisesta muovimateriaalista kest\u00e4vyyden ja pitk\u00e4ik\u00e4isyyden takaamiseksi. Luo tiiviin tiivistyksen est\u00e4m\u00e4\u00e4n ilmavuodot makkaran","og_url":"https:\/\/saksavorst.ee\/fi\/tuote\/muovinen-tiiviste-sv3-5-7-makkarakoneeseen\/","og_site_name":"Saksavorst","article_publisher":"https:\/\/www.facebook.com\/Veikand","article_modified_time":"2025-10-25T08:08:45+00:00","og_image":[{"width":800,"height":800,"url":"https:\/\/saksavorst.ee\/wp-content\/uploads\/2024\/03\/vorstipritsi-tihend-sv3-5-7.jpg","type":"image\/jpeg"}],"twitter_card":"summary_large_image","twitter_misc":{"Arvioitu lukuaika":"1 minuutti"},"schema":{"@context":"https:\/\/schema.org","@graph":[{"@type":"WebPage","@id":"https:\/\/saksavorst.ee\/fi\/tuote\/muovinen-tiiviste-sv3-5-7-makkarakoneeseen\/","url":"https:\/\/saksavorst.ee\/fi\/tuote\/muovinen-tiiviste-sv3-5-7-makkarakoneeseen\/","name":"Muovinen tiiviste SV3-5-7 makkarakoneeseen - Saksavorst","isPartOf":{"@id":"https:\/\/saksavorst.ee\/fi\/#website"},"primaryImageOfPage":{"@id":"https:\/\/saksavorst.ee\/fi\/tuote\/muovinen-tiiviste-sv3-5-7-makkarakoneeseen\/#primaryimage"},"image":{"@id":"https:\/\/saksavorst.ee\/fi\/tuote\/muovinen-tiiviste-sv3-5-7-makkarakoneeseen\/#primaryimage"},"thumbnailUrl":"https:\/\/saksavorst.ee\/wp-content\/uploads\/2024\/03\/vorstipritsi-tihend-sv3-5-7.jpg","datePublished":"2024-03-14T11:31:46+00:00","dateModified":"2025-10-25T08:08:45+00:00","breadcrumb":{"@id":"https:\/\/saksavorst.ee\/fi\/tuote\/muovinen-tiiviste-sv3-5-7-makkarakoneeseen\/#breadcrumb"},"inLanguage":"fi","potentialAction":[{"@type":"ReadAction","target":["https:\/\/saksavorst.ee\/fi\/tuote\/muovinen-tiiviste-sv3-5-7-makkarakoneeseen\/"]}]},{"@type":"ImageObject","inLanguage":"fi","@id":"https:\/\/saksavorst.ee\/fi\/tuote\/muovinen-tiiviste-sv3-5-7-makkarakoneeseen\/#primaryimage","url":"https:\/\/saksavorst.ee\/wp-content\/uploads\/2024\/03\/vorstipritsi-tihend-sv3-5-7.jpg","contentUrl":"https:\/\/saksavorst.ee\/wp-content\/uploads\/2024\/03\/vorstipritsi-tihend-sv3-5-7.jpg","width":800,"height":800},{"@type":"BreadcrumbList","@id":"https:\/\/saksavorst.ee\/fi\/tuote\/muovinen-tiiviste-sv3-5-7-makkarakoneeseen\/#breadcrumb","itemListElement":[{"@type":"ListItem","position":1,"name":"Home","item":"https:\/\/saksavorst.ee\/fi\/"},{"@type":"ListItem","position":2,"name":"Kauppa","item":"https:\/\/saksavorst.ee\/fi\/kauppa\/"},{"@type":"ListItem","position":3,"name":"Muovinen tiiviste SV3-5-7 makkarakoneeseen"}]},{"@type":"WebSite","@id":"https:\/\/saksavorst.ee\/fi\/#website","url":"https:\/\/saksavorst.ee\/fi\/","name":"Saksavorst","description":"Feel the taste of emotions","publisher":{"@id":"https:\/\/saksavorst.ee\/fi\/#organization"},"alternateName":"Veikand","potentialAction":[{"@type":"SearchAction","target":{"@type":"EntryPoint","urlTemplate":"https:\/\/saksavorst.ee\/fi\/?s={search_term_string}"},"query-input":{"@type":"PropertyValueSpecification","valueRequired":true,"valueName":"search_term_string"}}],"inLanguage":"fi"},{"@type":"Organization","@id":"https:\/\/saksavorst.ee\/fi\/#organization","name":"Saksavorst","alternateName":"Veikand","url":"https:\/\/saksavorst.ee\/fi\/","logo":{"@type":"ImageObject","inLanguage":"fi","@id":"https:\/\/saksavorst.ee\/fi\/#\/schema\/logo\/image\/","url":"https:\/\/saksavorst.ee\/wp-content\/uploads\/2023\/05\/veikand-logo.jpg","contentUrl":"https:\/\/saksavorst.ee\/wp-content\/uploads\/2023\/05\/veikand-logo.jpg","width":217,"height":217,"caption":"Saksavorst"},"image":{"@id":"https:\/\/saksavorst.ee\/fi\/#\/schema\/logo\/image\/"},"sameAs":["https:\/\/www.facebook.com\/Veikand"]}]}},"_links":{"self":[{"href":"https:\/\/saksavorst.ee\/fi\/wp-json\/wp\/v2\/product\/32815","targetHints":{"allow":["GET"]}}],"collection":[{"href":"https:\/\/saksavorst.ee\/fi\/wp-json\/wp\/v2\/product"}],"about":[{"href":"https:\/\/saksavorst.ee\/fi\/wp-json\/wp\/v2\/types\/product"}],"version-history":[{"count":1,"href":"https:\/\/saksavorst.ee\/fi\/wp-json\/wp\/v2\/product\/32815\/revisions"}],"predecessor-version":[{"id":44464,"href":"https:\/\/saksavorst.ee\/fi\/wp-json\/wp\/v2\/product\/32815\/revisions\/44464"}],"wp:featuredmedia":[{"embeddable":true,"href":"https:\/\/saksavorst.ee\/fi\/wp-json\/wp\/v2\/media\/32820"}],"wp:attachment":[{"href":"https:\/\/saksavorst.ee\/fi\/wp-json\/wp\/v2\/media?parent=32815"}],"wp:term":[{"taxonomy":"product_brand","embeddable":true,"href":"https:\/\/saksavorst.ee\/fi\/wp-json\/wp\/v2\/product_brand?post=32815"},{"taxonomy":"product_cat","embeddable":true,"href":"https:\/\/saksavorst.ee\/fi\/wp-json\/wp\/v2\/product_cat?post=32815"},{"taxonomy":"product_tag","embeddable":true,"href":"https:\/\/saksavorst.ee\/fi\/wp-json\/wp\/v2\/product_tag?post=32815"}],"curies":[{"name":"wp","href":"https:\/\/api.w.org\/{rel}","templated":true}]}}