{"id":29909,"date":"2023-10-25T12:52:46","date_gmt":"2023-10-25T10:52:46","guid":{"rendered":"https:\/\/saksavorst.ee\/?post_type=product&#038;p=29909"},"modified":"2025-08-05T15:14:16","modified_gmt":"2025-08-05T13:14:16","slug":"kuumuutta-ja-viiltoa-kestava-kasine-30cm","status":"publish","type":"product","link":"https:\/\/saksavorst.ee\/fi\/tuote\/kuumuutta-ja-viiltoa-kestava-kasine-30cm\/","title":{"rendered":"Kuumuutta ja viiltoa kest\u00e4v\u00e4 k\u00e4sine 30cm"},"content":{"rendered":"<p>Suojaa kuumuudelta ja viiltoilta<\/p>\n<p>Valmistettu erikoiskuidusta (viillonkest\u00e4v\u00e4)<\/p>\n<p>Kest\u00e4\u00e4 kuumennusta 350 \u00b0C asti<\/p>\n<p>Molemmilla puolilla silikoninauhat pitoa varten<\/p>\n<p>Miellytt\u00e4v\u00e4 sis\u00e4vuori takaa maksimaalisen k\u00e4ytt\u00f6mukavuuden<\/p>\n<p>Soveltuu kosketukseen elintarvikkeiden kanssa<\/p>\n<p>Vakiotiedot: Viiltosuoja standardin EN 388 mukaan<\/p>\n<p>M\u00e4\u00e4r\u00e4: 1 kpl<\/p>\n<p>K\u00e4sineen pituus: 30 cm<\/p>\n<p>K\u00e4sineen leveys: 16 cm<\/p>\n<h4>Hoito-ohjeet:<\/h4>\n<p>Pest\u00e4v\u00e4 40\u00b0C asti<\/p>\n<p>Ei valkaisuaineita<\/p>\n<p>Ei sovellu rumpukuivaukseen<\/p>\n<p>Ei kemiallista pesua<\/p>\n","protected":false},"excerpt":{"rendered":"<p>Neulottu suojak\u00e4sine, joka suojaa tehokkaasti viiltoilta ja kuumuudelta.<\/p>\n","protected":false},"featured_media":29914,"template":"","meta":{"_acf_changed":false},"product_brand":[],"product_cat":[232,236],"product_tag":[],"class_list":{"0":"post-29909","1":"product","2":"type-product","3":"status-publish","4":"has-post-thumbnail","6":"product_cat-veitset-ja-tarvikkeet","7":"product_cat-aputuotteet-veitset-ja-tarvikkeet","9":"first","10":"instock","11":"taxable","12":"shipping-taxable","13":"purchasable","14":"product-type-simple"},"acf":[],"yoast_head":"<!-- This site is optimized with the Yoast SEO plugin v27.3 - https:\/\/yoast.com\/product\/yoast-seo-wordpress\/ -->\n<title>Kuumuutta ja viiltoa kest\u00e4v\u00e4 k\u00e4sine 30cm - Saksavorst<\/title>\n<meta name=\"robots\" content=\"index, follow, max-snippet:-1, max-image-preview:large, max-video-preview:-1\" \/>\n<link rel=\"canonical\" href=\"https:\/\/saksavorst.ee\/fi\/tuote\/kuumuutta-ja-viiltoa-kestava-kasine-30cm\/\" \/>\n<meta property=\"og:locale\" content=\"fi_FI\" \/>\n<meta property=\"og:type\" content=\"article\" \/>\n<meta property=\"og:title\" content=\"Kuumuutta ja viiltoa kest\u00e4v\u00e4 k\u00e4sine 30cm - Saksavorst\" \/>\n<meta property=\"og:description\" content=\"Neulottu suojak\u00e4sine, joka suojaa tehokkaasti viiltoilta ja kuumuudelta.\" \/>\n<meta property=\"og:url\" content=\"https:\/\/saksavorst.ee\/fi\/tuote\/kuumuutta-ja-viiltoa-kestava-kasine-30cm\/\" \/>\n<meta property=\"og:site_name\" content=\"Saksavorst\" \/>\n<meta property=\"article:publisher\" content=\"https:\/\/www.facebook.com\/Veikand\" \/>\n<meta property=\"article:modified_time\" content=\"2025-08-05T13:14:16+00:00\" \/>\n<meta property=\"og:image\" content=\"https:\/\/saksavorst.ee\/wp-content\/uploads\/2023\/10\/loike-ja-kuumakaitse-kinnas-30cm.png\" \/>\n\t<meta property=\"og:image:width\" content=\"800\" \/>\n\t<meta property=\"og:image:height\" content=\"800\" \/>\n\t<meta property=\"og:image:type\" content=\"image\/png\" \/>\n<meta name=\"twitter:card\" content=\"summary_large_image\" \/>\n<meta name=\"twitter:label1\" content=\"Arvioitu lukuaika\" \/>\n\t<meta name=\"twitter:data1\" content=\"1 minuutti\" \/>\n<script type=\"application\/ld+json\" class=\"yoast-schema-graph\">{\"@context\":\"https:\\\/\\\/schema.org\",\"@graph\":[{\"@type\":\"WebPage\",\"@id\":\"https:\\\/\\\/saksavorst.ee\\\/fi\\\/tuote\\\/kuumuutta-ja-viiltoa-kestava-kasine-30cm\\\/\",\"url\":\"https:\\\/\\\/saksavorst.ee\\\/fi\\\/tuote\\\/kuumuutta-ja-viiltoa-kestava-kasine-30cm\\\/\",\"name\":\"Kuumuutta ja viiltoa kest\u00e4v\u00e4 k\u00e4sine 30cm - Saksavorst\",\"isPartOf\":{\"@id\":\"https:\\\/\\\/saksavorst.ee\\\/fi\\\/#website\"},\"primaryImageOfPage\":{\"@id\":\"https:\\\/\\\/saksavorst.ee\\\/fi\\\/tuote\\\/kuumuutta-ja-viiltoa-kestava-kasine-30cm\\\/#primaryimage\"},\"image\":{\"@id\":\"https:\\\/\\\/saksavorst.ee\\\/fi\\\/tuote\\\/kuumuutta-ja-viiltoa-kestava-kasine-30cm\\\/#primaryimage\"},\"thumbnailUrl\":\"https:\\\/\\\/saksavorst.ee\\\/wp-content\\\/uploads\\\/2023\\\/10\\\/loike-ja-kuumakaitse-kinnas-30cm.png\",\"datePublished\":\"2023-10-25T10:52:46+00:00\",\"dateModified\":\"2025-08-05T13:14:16+00:00\",\"breadcrumb\":{\"@id\":\"https:\\\/\\\/saksavorst.ee\\\/fi\\\/tuote\\\/kuumuutta-ja-viiltoa-kestava-kasine-30cm\\\/#breadcrumb\"},\"inLanguage\":\"fi\",\"potentialAction\":[{\"@type\":\"ReadAction\",\"target\":[\"https:\\\/\\\/saksavorst.ee\\\/fi\\\/tuote\\\/kuumuutta-ja-viiltoa-kestava-kasine-30cm\\\/\"]}]},{\"@type\":\"ImageObject\",\"inLanguage\":\"fi\",\"@id\":\"https:\\\/\\\/saksavorst.ee\\\/fi\\\/tuote\\\/kuumuutta-ja-viiltoa-kestava-kasine-30cm\\\/#primaryimage\",\"url\":\"https:\\\/\\\/saksavorst.ee\\\/wp-content\\\/uploads\\\/2023\\\/10\\\/loike-ja-kuumakaitse-kinnas-30cm.png\",\"contentUrl\":\"https:\\\/\\\/saksavorst.ee\\\/wp-content\\\/uploads\\\/2023\\\/10\\\/loike-ja-kuumakaitse-kinnas-30cm.png\",\"width\":800,\"height\":800},{\"@type\":\"BreadcrumbList\",\"@id\":\"https:\\\/\\\/saksavorst.ee\\\/fi\\\/tuote\\\/kuumuutta-ja-viiltoa-kestava-kasine-30cm\\\/#breadcrumb\",\"itemListElement\":[{\"@type\":\"ListItem\",\"position\":1,\"name\":\"Home\",\"item\":\"https:\\\/\\\/saksavorst.ee\\\/fi\\\/\"},{\"@type\":\"ListItem\",\"position\":2,\"name\":\"Kauppa\",\"item\":\"https:\\\/\\\/saksavorst.ee\\\/fi\\\/kauppa\\\/\"},{\"@type\":\"ListItem\",\"position\":3,\"name\":\"Kuumuutta ja viiltoa kest\u00e4v\u00e4 k\u00e4sine 30cm\"}]},{\"@type\":\"WebSite\",\"@id\":\"https:\\\/\\\/saksavorst.ee\\\/fi\\\/#website\",\"url\":\"https:\\\/\\\/saksavorst.ee\\\/fi\\\/\",\"name\":\"Saksavorst\",\"description\":\"Feel the taste of emotions\",\"publisher\":{\"@id\":\"https:\\\/\\\/saksavorst.ee\\\/fi\\\/#organization\"},\"alternateName\":\"Veikand\",\"potentialAction\":[{\"@type\":\"SearchAction\",\"target\":{\"@type\":\"EntryPoint\",\"urlTemplate\":\"https:\\\/\\\/saksavorst.ee\\\/fi\\\/?s={search_term_string}\"},\"query-input\":{\"@type\":\"PropertyValueSpecification\",\"valueRequired\":true,\"valueName\":\"search_term_string\"}}],\"inLanguage\":\"fi\"},{\"@type\":\"Organization\",\"@id\":\"https:\\\/\\\/saksavorst.ee\\\/fi\\\/#organization\",\"name\":\"Saksavorst\",\"alternateName\":\"Veikand\",\"url\":\"https:\\\/\\\/saksavorst.ee\\\/fi\\\/\",\"logo\":{\"@type\":\"ImageObject\",\"inLanguage\":\"fi\",\"@id\":\"https:\\\/\\\/saksavorst.ee\\\/fi\\\/#\\\/schema\\\/logo\\\/image\\\/\",\"url\":\"https:\\\/\\\/saksavorst.ee\\\/wp-content\\\/uploads\\\/2023\\\/05\\\/veikand-logo.jpg\",\"contentUrl\":\"https:\\\/\\\/saksavorst.ee\\\/wp-content\\\/uploads\\\/2023\\\/05\\\/veikand-logo.jpg\",\"width\":217,\"height\":217,\"caption\":\"Saksavorst\"},\"image\":{\"@id\":\"https:\\\/\\\/saksavorst.ee\\\/fi\\\/#\\\/schema\\\/logo\\\/image\\\/\"},\"sameAs\":[\"https:\\\/\\\/www.facebook.com\\\/Veikand\"]}]}<\/script>\n<!-- \/ Yoast SEO plugin. -->","yoast_head_json":{"title":"Kuumuutta ja viiltoa kest\u00e4v\u00e4 k\u00e4sine 30cm - Saksavorst","robots":{"index":"index","follow":"follow","max-snippet":"max-snippet:-1","max-image-preview":"max-image-preview:large","max-video-preview":"max-video-preview:-1"},"canonical":"https:\/\/saksavorst.ee\/fi\/tuote\/kuumuutta-ja-viiltoa-kestava-kasine-30cm\/","og_locale":"fi_FI","og_type":"article","og_title":"Kuumuutta ja viiltoa kest\u00e4v\u00e4 k\u00e4sine 30cm - Saksavorst","og_description":"Neulottu suojak\u00e4sine, joka suojaa tehokkaasti viiltoilta ja kuumuudelta.","og_url":"https:\/\/saksavorst.ee\/fi\/tuote\/kuumuutta-ja-viiltoa-kestava-kasine-30cm\/","og_site_name":"Saksavorst","article_publisher":"https:\/\/www.facebook.com\/Veikand","article_modified_time":"2025-08-05T13:14:16+00:00","og_image":[{"width":800,"height":800,"url":"https:\/\/saksavorst.ee\/wp-content\/uploads\/2023\/10\/loike-ja-kuumakaitse-kinnas-30cm.png","type":"image\/png"}],"twitter_card":"summary_large_image","twitter_misc":{"Arvioitu lukuaika":"1 minuutti"},"schema":{"@context":"https:\/\/schema.org","@graph":[{"@type":"WebPage","@id":"https:\/\/saksavorst.ee\/fi\/tuote\/kuumuutta-ja-viiltoa-kestava-kasine-30cm\/","url":"https:\/\/saksavorst.ee\/fi\/tuote\/kuumuutta-ja-viiltoa-kestava-kasine-30cm\/","name":"Kuumuutta ja viiltoa kest\u00e4v\u00e4 k\u00e4sine 30cm - Saksavorst","isPartOf":{"@id":"https:\/\/saksavorst.ee\/fi\/#website"},"primaryImageOfPage":{"@id":"https:\/\/saksavorst.ee\/fi\/tuote\/kuumuutta-ja-viiltoa-kestava-kasine-30cm\/#primaryimage"},"image":{"@id":"https:\/\/saksavorst.ee\/fi\/tuote\/kuumuutta-ja-viiltoa-kestava-kasine-30cm\/#primaryimage"},"thumbnailUrl":"https:\/\/saksavorst.ee\/wp-content\/uploads\/2023\/10\/loike-ja-kuumakaitse-kinnas-30cm.png","datePublished":"2023-10-25T10:52:46+00:00","dateModified":"2025-08-05T13:14:16+00:00","breadcrumb":{"@id":"https:\/\/saksavorst.ee\/fi\/tuote\/kuumuutta-ja-viiltoa-kestava-kasine-30cm\/#breadcrumb"},"inLanguage":"fi","potentialAction":[{"@type":"ReadAction","target":["https:\/\/saksavorst.ee\/fi\/tuote\/kuumuutta-ja-viiltoa-kestava-kasine-30cm\/"]}]},{"@type":"ImageObject","inLanguage":"fi","@id":"https:\/\/saksavorst.ee\/fi\/tuote\/kuumuutta-ja-viiltoa-kestava-kasine-30cm\/#primaryimage","url":"https:\/\/saksavorst.ee\/wp-content\/uploads\/2023\/10\/loike-ja-kuumakaitse-kinnas-30cm.png","contentUrl":"https:\/\/saksavorst.ee\/wp-content\/uploads\/2023\/10\/loike-ja-kuumakaitse-kinnas-30cm.png","width":800,"height":800},{"@type":"BreadcrumbList","@id":"https:\/\/saksavorst.ee\/fi\/tuote\/kuumuutta-ja-viiltoa-kestava-kasine-30cm\/#breadcrumb","itemListElement":[{"@type":"ListItem","position":1,"name":"Home","item":"https:\/\/saksavorst.ee\/fi\/"},{"@type":"ListItem","position":2,"name":"Kauppa","item":"https:\/\/saksavorst.ee\/fi\/kauppa\/"},{"@type":"ListItem","position":3,"name":"Kuumuutta ja viiltoa kest\u00e4v\u00e4 k\u00e4sine 30cm"}]},{"@type":"WebSite","@id":"https:\/\/saksavorst.ee\/fi\/#website","url":"https:\/\/saksavorst.ee\/fi\/","name":"Saksavorst","description":"Feel the taste of emotions","publisher":{"@id":"https:\/\/saksavorst.ee\/fi\/#organization"},"alternateName":"Veikand","potentialAction":[{"@type":"SearchAction","target":{"@type":"EntryPoint","urlTemplate":"https:\/\/saksavorst.ee\/fi\/?s={search_term_string}"},"query-input":{"@type":"PropertyValueSpecification","valueRequired":true,"valueName":"search_term_string"}}],"inLanguage":"fi"},{"@type":"Organization","@id":"https:\/\/saksavorst.ee\/fi\/#organization","name":"Saksavorst","alternateName":"Veikand","url":"https:\/\/saksavorst.ee\/fi\/","logo":{"@type":"ImageObject","inLanguage":"fi","@id":"https:\/\/saksavorst.ee\/fi\/#\/schema\/logo\/image\/","url":"https:\/\/saksavorst.ee\/wp-content\/uploads\/2023\/05\/veikand-logo.jpg","contentUrl":"https:\/\/saksavorst.ee\/wp-content\/uploads\/2023\/05\/veikand-logo.jpg","width":217,"height":217,"caption":"Saksavorst"},"image":{"@id":"https:\/\/saksavorst.ee\/fi\/#\/schema\/logo\/image\/"},"sameAs":["https:\/\/www.facebook.com\/Veikand"]}]}},"_links":{"self":[{"href":"https:\/\/saksavorst.ee\/fi\/wp-json\/wp\/v2\/product\/29909","targetHints":{"allow":["GET"]}}],"collection":[{"href":"https:\/\/saksavorst.ee\/fi\/wp-json\/wp\/v2\/product"}],"about":[{"href":"https:\/\/saksavorst.ee\/fi\/wp-json\/wp\/v2\/types\/product"}],"version-history":[{"count":1,"href":"https:\/\/saksavorst.ee\/fi\/wp-json\/wp\/v2\/product\/29909\/revisions"}],"predecessor-version":[{"id":44519,"href":"https:\/\/saksavorst.ee\/fi\/wp-json\/wp\/v2\/product\/29909\/revisions\/44519"}],"wp:featuredmedia":[{"embeddable":true,"href":"https:\/\/saksavorst.ee\/fi\/wp-json\/wp\/v2\/media\/29914"}],"wp:attachment":[{"href":"https:\/\/saksavorst.ee\/fi\/wp-json\/wp\/v2\/media?parent=29909"}],"wp:term":[{"taxonomy":"product_brand","embeddable":true,"href":"https:\/\/saksavorst.ee\/fi\/wp-json\/wp\/v2\/product_brand?post=29909"},{"taxonomy":"product_cat","embeddable":true,"href":"https:\/\/saksavorst.ee\/fi\/wp-json\/wp\/v2\/product_cat?post=29909"},{"taxonomy":"product_tag","embeddable":true,"href":"https:\/\/saksavorst.ee\/fi\/wp-json\/wp\/v2\/product_tag?post=29909"}],"curies":[{"name":"wp","href":"https:\/\/api.w.org\/{rel}","templated":true}]}}