{"id":29567,"date":"2016-10-24T08:08:09","date_gmt":"2016-10-24T06:08:09","guid":{"rendered":"https:\/\/saksavorst.ee\/?post_type=product&#038;p=29567"},"modified":"2025-07-25T11:43:54","modified_gmt":"2025-07-25T09:43:54","slug":"puoliautomaattinen-korkkikone-gcs-sa-06-twist-off-kansille","status":"publish","type":"product","link":"https:\/\/saksavorst.ee\/fi\/tuote\/puoliautomaattinen-korkkikone-gcs-sa-06-twist-off-kansille\/","title":{"rendered":"Puoliautomaattinen korkkikone GCS\/SA-06 TWIST OFF kansille"},"content":{"rendered":"<p>Tuottaja: Veikand Service Center<\/p>\n<p>Malli: GCS\/SA-06<\/p>\n<p>Purkkimuotit:\u00a0ei sis\u00e4lly<\/p>\n<p>Tuottavuus: max 300 purkkia tunnissa<\/p>\n<p>Kannen halkaisija: \u00d8 58-110 mm<\/p>\n<p>Purkin halkaisija: \u00d8 60-100 mm<\/p>\n<p>Purkin korkeus: n\u00e4ytteen mukaan tai enint\u00e4\u00e4n 170 mm. Korkeampi versio erikoispyynn\u00f6st\u00e4<\/p>\n<p>Tyhji\u00f6, vakiovaruste max. \u2013 0,75<\/p>\n<p>S\u00e4hk\u00f6teho: 0,25 kW \/ 230 V \/ 50 Hz<\/p>\n<p>Ulkomitat P x L x K: 560\u00a0x 825\u00a0x 865\u00a0mm<\/p>\n<p>Paino: 94 kg<\/p>\n<p>&nbsp;<\/p>\n<p><strong>HUOM! Lis\u00e4muotit (ei sis\u00e4lly):<\/strong><\/p>\n<p>1 sarja ty\u00f6kaluja\/muotteja (3 kpl) vakiomitat:\u00a0 \u00a0 \u00a0 \u00a0 \u00a0 \u00a0 \u00a0 \u00a0 \u00a0 \u00a0 \u00a0 \u00a0 \u00a0 \u00a0 \u00a0790,00 EUR + alv<\/p>\n<p>Lis\u00e4muotti eri halkaisijalle:\u00a0 \u00a0 \u00a0 \u00a0 \u00a0 \u00a0 \u00a0 \u00a0 \u00a0 \u00a0 \u00a0 \u00a0 \u00a0 \u00a0 \u00a0 \u00a0 \u00a0 \u00a0 \u00a0 \u00a0 \u00a0 \u00a0 \u00a0 \u00a0 \u00a0 \u00a0 \u00a0 \u00a0 \u00a0 \u00a0 \u00a0 \u00a0 1 975,00 EUR + alv<\/p>\n<p>Lis\u00e4muotti samalle purkin halkaisijalle, mutta uusi korkeus: 1 050,00 EUR + alv<\/p>\n<p><strong>Mahdolliset lis\u00e4tarvikkeet (ei sis\u00e4lly):<\/strong><\/p>\n<p>Tyhji\u00f6vaihtoehto, syv\u00e4imuri asti \u2013 0,98\u00a0 \u00a0 \u00a0 \u00a0 \u00a0 \u00a0 \u00a0 \u00a0 \u00a0 \u00a0 \u00a0 \u00a0 \u00a0 \u00a0 \u00a0 \u00a0 \u00a0 \u00a0 1 975,00 EUR + alv<\/p>\n<p>MAP-kaasuvaihtoehto (sekoitettu kaasu)\u00a0 \u00a0 \u00a0 \u00a0 \u00a0 \u00a0 \u00a0 \u00a0 \u00a0 \u00a0 \u00a0 \u00a0 \u00a0 \u00a0 \u00a0 \u00a0 \u00a01 950,00 EUR + alv<\/p>\n<p>Koneen alakaappi\/k\u00e4rry (610 x 905 x 720 mm)\u00a0 \u00a0 \u00a0 \u00a0 \u00a0 \u00a0 \u00a0 \u00a0 \u00a0 \u00a0 \u00a0 \u00a0 \u00a0550,00 EUR + alv<\/p>\n","protected":false},"excerpt":{"rendered":"<p>Kone on suunniteltu sulkemaan purkkeja, joissa on kierrett\u00e4v\u00e4 kansi tyhji\u00f6ymp\u00e4rist\u00f6n kanssa tai ilman. Kannet asetetaan purkkien p\u00e4\u00e4lle k\u00e4sin. Korkkiprosessin aikana ilma poistetaan purkista. Toimintaa ohjataan polkimella.<\/p>\n<p>HUOM! T\u00e4m\u00e4 on laitteen perushinta!<\/p>\n","protected":false},"featured_media":34704,"template":"","meta":{"_acf_changed":false},"product_brand":[],"product_cat":[244,221,325],"product_tag":[],"class_list":{"0":"post-29567","1":"product","2":"type-product","3":"status-publish","4":"has-post-thumbnail","6":"product_cat-pakkauslaitteet","7":"product_cat-kaikki-tuotteet","8":"product_cat-laitteet","9":"product_shipping_class-ei-mahdu-pakettiautomaattiin","11":"first","12":"instock","13":"taxable","14":"shipping-taxable","15":"purchasable","16":"product-type-simple"},"acf":[],"yoast_head":"<!-- This site is optimized with the Yoast SEO plugin v27.3 - https:\/\/yoast.com\/product\/yoast-seo-wordpress\/ -->\n<title>Puoliautomaattinen korkkikone GCS\/SA-06 TWIST OFF kansille - Saksavorst<\/title>\n<meta name=\"robots\" content=\"index, follow, max-snippet:-1, max-image-preview:large, max-video-preview:-1\" \/>\n<link rel=\"canonical\" href=\"https:\/\/saksavorst.ee\/fi\/tuote\/puoliautomaattinen-korkkikone-gcs-sa-06-twist-off-kansille\/\" \/>\n<meta property=\"og:locale\" content=\"fi_FI\" \/>\n<meta property=\"og:type\" content=\"article\" \/>\n<meta property=\"og:title\" content=\"Puoliautomaattinen korkkikone GCS\/SA-06 TWIST OFF kansille - Saksavorst\" \/>\n<meta property=\"og:description\" content=\"Kone on suunniteltu sulkemaan purkkeja, joissa on kierrett\u00e4v\u00e4 kansi tyhji\u00f6ymp\u00e4rist\u00f6n kanssa tai ilman. Kannet asetetaan purkkien p\u00e4\u00e4lle k\u00e4sin. Korkkiprosessin aikana ilma poistetaan purkista. Toimintaa ohjataan polkimella.  HUOM! T\u00e4m\u00e4 on laitteen perushinta!\" \/>\n<meta property=\"og:url\" content=\"https:\/\/saksavorst.ee\/fi\/tuote\/puoliautomaattinen-korkkikone-gcs-sa-06-twist-off-kansille\/\" \/>\n<meta property=\"og:site_name\" content=\"Saksavorst\" \/>\n<meta property=\"article:publisher\" content=\"https:\/\/www.facebook.com\/Veikand\" \/>\n<meta property=\"article:modified_time\" content=\"2025-07-25T09:43:54+00:00\" \/>\n<meta property=\"og:image\" content=\"https:\/\/saksavorst.ee\/wp-content\/uploads\/2016\/10\/poolautomaatne-vaakumiga-sulgemisseade-twist-off-kaantega-purkidele-gcssa-06-1.jpg\" \/>\n\t<meta property=\"og:image:width\" content=\"800\" \/>\n\t<meta property=\"og:image:height\" content=\"800\" \/>\n\t<meta property=\"og:image:type\" content=\"image\/jpeg\" \/>\n<meta name=\"twitter:card\" content=\"summary_large_image\" \/>\n<meta name=\"twitter:label1\" content=\"Arvioitu lukuaika\" \/>\n\t<meta name=\"twitter:data1\" content=\"1 minuutti\" \/>\n<script type=\"application\/ld+json\" class=\"yoast-schema-graph\">{\"@context\":\"https:\\\/\\\/schema.org\",\"@graph\":[{\"@type\":\"WebPage\",\"@id\":\"https:\\\/\\\/saksavorst.ee\\\/fi\\\/tuote\\\/puoliautomaattinen-korkkikone-gcs-sa-06-twist-off-kansille\\\/\",\"url\":\"https:\\\/\\\/saksavorst.ee\\\/fi\\\/tuote\\\/puoliautomaattinen-korkkikone-gcs-sa-06-twist-off-kansille\\\/\",\"name\":\"Puoliautomaattinen korkkikone GCS\\\/SA-06 TWIST OFF kansille - Saksavorst\",\"isPartOf\":{\"@id\":\"https:\\\/\\\/saksavorst.ee\\\/fi\\\/#website\"},\"primaryImageOfPage\":{\"@id\":\"https:\\\/\\\/saksavorst.ee\\\/fi\\\/tuote\\\/puoliautomaattinen-korkkikone-gcs-sa-06-twist-off-kansille\\\/#primaryimage\"},\"image\":{\"@id\":\"https:\\\/\\\/saksavorst.ee\\\/fi\\\/tuote\\\/puoliautomaattinen-korkkikone-gcs-sa-06-twist-off-kansille\\\/#primaryimage\"},\"thumbnailUrl\":\"https:\\\/\\\/saksavorst.ee\\\/wp-content\\\/uploads\\\/2016\\\/10\\\/poolautomaatne-vaakumiga-sulgemisseade-twist-off-kaantega-purkidele-gcssa-06-1.jpg\",\"datePublished\":\"2016-10-24T06:08:09+00:00\",\"dateModified\":\"2025-07-25T09:43:54+00:00\",\"breadcrumb\":{\"@id\":\"https:\\\/\\\/saksavorst.ee\\\/fi\\\/tuote\\\/puoliautomaattinen-korkkikone-gcs-sa-06-twist-off-kansille\\\/#breadcrumb\"},\"inLanguage\":\"fi\",\"potentialAction\":[{\"@type\":\"ReadAction\",\"target\":[\"https:\\\/\\\/saksavorst.ee\\\/fi\\\/tuote\\\/puoliautomaattinen-korkkikone-gcs-sa-06-twist-off-kansille\\\/\"]}]},{\"@type\":\"ImageObject\",\"inLanguage\":\"fi\",\"@id\":\"https:\\\/\\\/saksavorst.ee\\\/fi\\\/tuote\\\/puoliautomaattinen-korkkikone-gcs-sa-06-twist-off-kansille\\\/#primaryimage\",\"url\":\"https:\\\/\\\/saksavorst.ee\\\/wp-content\\\/uploads\\\/2016\\\/10\\\/poolautomaatne-vaakumiga-sulgemisseade-twist-off-kaantega-purkidele-gcssa-06-1.jpg\",\"contentUrl\":\"https:\\\/\\\/saksavorst.ee\\\/wp-content\\\/uploads\\\/2016\\\/10\\\/poolautomaatne-vaakumiga-sulgemisseade-twist-off-kaantega-purkidele-gcssa-06-1.jpg\",\"width\":800,\"height\":800},{\"@type\":\"BreadcrumbList\",\"@id\":\"https:\\\/\\\/saksavorst.ee\\\/fi\\\/tuote\\\/puoliautomaattinen-korkkikone-gcs-sa-06-twist-off-kansille\\\/#breadcrumb\",\"itemListElement\":[{\"@type\":\"ListItem\",\"position\":1,\"name\":\"Home\",\"item\":\"https:\\\/\\\/saksavorst.ee\\\/fi\\\/\"},{\"@type\":\"ListItem\",\"position\":2,\"name\":\"Kauppa\",\"item\":\"https:\\\/\\\/saksavorst.ee\\\/fi\\\/kauppa\\\/\"},{\"@type\":\"ListItem\",\"position\":3,\"name\":\"Puoliautomaattinen korkkikone GCS\\\/SA-06 TWIST OFF kansille\"}]},{\"@type\":\"WebSite\",\"@id\":\"https:\\\/\\\/saksavorst.ee\\\/fi\\\/#website\",\"url\":\"https:\\\/\\\/saksavorst.ee\\\/fi\\\/\",\"name\":\"Saksavorst\",\"description\":\"Feel the taste of emotions\",\"publisher\":{\"@id\":\"https:\\\/\\\/saksavorst.ee\\\/fi\\\/#organization\"},\"alternateName\":\"Veikand\",\"potentialAction\":[{\"@type\":\"SearchAction\",\"target\":{\"@type\":\"EntryPoint\",\"urlTemplate\":\"https:\\\/\\\/saksavorst.ee\\\/fi\\\/?s={search_term_string}\"},\"query-input\":{\"@type\":\"PropertyValueSpecification\",\"valueRequired\":true,\"valueName\":\"search_term_string\"}}],\"inLanguage\":\"fi\"},{\"@type\":\"Organization\",\"@id\":\"https:\\\/\\\/saksavorst.ee\\\/fi\\\/#organization\",\"name\":\"Saksavorst\",\"alternateName\":\"Veikand\",\"url\":\"https:\\\/\\\/saksavorst.ee\\\/fi\\\/\",\"logo\":{\"@type\":\"ImageObject\",\"inLanguage\":\"fi\",\"@id\":\"https:\\\/\\\/saksavorst.ee\\\/fi\\\/#\\\/schema\\\/logo\\\/image\\\/\",\"url\":\"https:\\\/\\\/saksavorst.ee\\\/wp-content\\\/uploads\\\/2023\\\/05\\\/veikand-logo.jpg\",\"contentUrl\":\"https:\\\/\\\/saksavorst.ee\\\/wp-content\\\/uploads\\\/2023\\\/05\\\/veikand-logo.jpg\",\"width\":217,\"height\":217,\"caption\":\"Saksavorst\"},\"image\":{\"@id\":\"https:\\\/\\\/saksavorst.ee\\\/fi\\\/#\\\/schema\\\/logo\\\/image\\\/\"},\"sameAs\":[\"https:\\\/\\\/www.facebook.com\\\/Veikand\"]}]}<\/script>\n<!-- \/ Yoast SEO plugin. -->","yoast_head_json":{"title":"Puoliautomaattinen korkkikone GCS\/SA-06 TWIST OFF kansille - Saksavorst","robots":{"index":"index","follow":"follow","max-snippet":"max-snippet:-1","max-image-preview":"max-image-preview:large","max-video-preview":"max-video-preview:-1"},"canonical":"https:\/\/saksavorst.ee\/fi\/tuote\/puoliautomaattinen-korkkikone-gcs-sa-06-twist-off-kansille\/","og_locale":"fi_FI","og_type":"article","og_title":"Puoliautomaattinen korkkikone GCS\/SA-06 TWIST OFF kansille - Saksavorst","og_description":"Kone on suunniteltu sulkemaan purkkeja, joissa on kierrett\u00e4v\u00e4 kansi tyhji\u00f6ymp\u00e4rist\u00f6n kanssa tai ilman. Kannet asetetaan purkkien p\u00e4\u00e4lle k\u00e4sin. Korkkiprosessin aikana ilma poistetaan purkista. Toimintaa ohjataan polkimella.  HUOM! T\u00e4m\u00e4 on laitteen perushinta!","og_url":"https:\/\/saksavorst.ee\/fi\/tuote\/puoliautomaattinen-korkkikone-gcs-sa-06-twist-off-kansille\/","og_site_name":"Saksavorst","article_publisher":"https:\/\/www.facebook.com\/Veikand","article_modified_time":"2025-07-25T09:43:54+00:00","og_image":[{"width":800,"height":800,"url":"https:\/\/saksavorst.ee\/wp-content\/uploads\/2016\/10\/poolautomaatne-vaakumiga-sulgemisseade-twist-off-kaantega-purkidele-gcssa-06-1.jpg","type":"image\/jpeg"}],"twitter_card":"summary_large_image","twitter_misc":{"Arvioitu lukuaika":"1 minuutti"},"schema":{"@context":"https:\/\/schema.org","@graph":[{"@type":"WebPage","@id":"https:\/\/saksavorst.ee\/fi\/tuote\/puoliautomaattinen-korkkikone-gcs-sa-06-twist-off-kansille\/","url":"https:\/\/saksavorst.ee\/fi\/tuote\/puoliautomaattinen-korkkikone-gcs-sa-06-twist-off-kansille\/","name":"Puoliautomaattinen korkkikone GCS\/SA-06 TWIST OFF kansille - Saksavorst","isPartOf":{"@id":"https:\/\/saksavorst.ee\/fi\/#website"},"primaryImageOfPage":{"@id":"https:\/\/saksavorst.ee\/fi\/tuote\/puoliautomaattinen-korkkikone-gcs-sa-06-twist-off-kansille\/#primaryimage"},"image":{"@id":"https:\/\/saksavorst.ee\/fi\/tuote\/puoliautomaattinen-korkkikone-gcs-sa-06-twist-off-kansille\/#primaryimage"},"thumbnailUrl":"https:\/\/saksavorst.ee\/wp-content\/uploads\/2016\/10\/poolautomaatne-vaakumiga-sulgemisseade-twist-off-kaantega-purkidele-gcssa-06-1.jpg","datePublished":"2016-10-24T06:08:09+00:00","dateModified":"2025-07-25T09:43:54+00:00","breadcrumb":{"@id":"https:\/\/saksavorst.ee\/fi\/tuote\/puoliautomaattinen-korkkikone-gcs-sa-06-twist-off-kansille\/#breadcrumb"},"inLanguage":"fi","potentialAction":[{"@type":"ReadAction","target":["https:\/\/saksavorst.ee\/fi\/tuote\/puoliautomaattinen-korkkikone-gcs-sa-06-twist-off-kansille\/"]}]},{"@type":"ImageObject","inLanguage":"fi","@id":"https:\/\/saksavorst.ee\/fi\/tuote\/puoliautomaattinen-korkkikone-gcs-sa-06-twist-off-kansille\/#primaryimage","url":"https:\/\/saksavorst.ee\/wp-content\/uploads\/2016\/10\/poolautomaatne-vaakumiga-sulgemisseade-twist-off-kaantega-purkidele-gcssa-06-1.jpg","contentUrl":"https:\/\/saksavorst.ee\/wp-content\/uploads\/2016\/10\/poolautomaatne-vaakumiga-sulgemisseade-twist-off-kaantega-purkidele-gcssa-06-1.jpg","width":800,"height":800},{"@type":"BreadcrumbList","@id":"https:\/\/saksavorst.ee\/fi\/tuote\/puoliautomaattinen-korkkikone-gcs-sa-06-twist-off-kansille\/#breadcrumb","itemListElement":[{"@type":"ListItem","position":1,"name":"Home","item":"https:\/\/saksavorst.ee\/fi\/"},{"@type":"ListItem","position":2,"name":"Kauppa","item":"https:\/\/saksavorst.ee\/fi\/kauppa\/"},{"@type":"ListItem","position":3,"name":"Puoliautomaattinen korkkikone GCS\/SA-06 TWIST OFF kansille"}]},{"@type":"WebSite","@id":"https:\/\/saksavorst.ee\/fi\/#website","url":"https:\/\/saksavorst.ee\/fi\/","name":"Saksavorst","description":"Feel the taste of emotions","publisher":{"@id":"https:\/\/saksavorst.ee\/fi\/#organization"},"alternateName":"Veikand","potentialAction":[{"@type":"SearchAction","target":{"@type":"EntryPoint","urlTemplate":"https:\/\/saksavorst.ee\/fi\/?s={search_term_string}"},"query-input":{"@type":"PropertyValueSpecification","valueRequired":true,"valueName":"search_term_string"}}],"inLanguage":"fi"},{"@type":"Organization","@id":"https:\/\/saksavorst.ee\/fi\/#organization","name":"Saksavorst","alternateName":"Veikand","url":"https:\/\/saksavorst.ee\/fi\/","logo":{"@type":"ImageObject","inLanguage":"fi","@id":"https:\/\/saksavorst.ee\/fi\/#\/schema\/logo\/image\/","url":"https:\/\/saksavorst.ee\/wp-content\/uploads\/2023\/05\/veikand-logo.jpg","contentUrl":"https:\/\/saksavorst.ee\/wp-content\/uploads\/2023\/05\/veikand-logo.jpg","width":217,"height":217,"caption":"Saksavorst"},"image":{"@id":"https:\/\/saksavorst.ee\/fi\/#\/schema\/logo\/image\/"},"sameAs":["https:\/\/www.facebook.com\/Veikand"]}]}},"_links":{"self":[{"href":"https:\/\/saksavorst.ee\/fi\/wp-json\/wp\/v2\/product\/29567","targetHints":{"allow":["GET"]}}],"collection":[{"href":"https:\/\/saksavorst.ee\/fi\/wp-json\/wp\/v2\/product"}],"about":[{"href":"https:\/\/saksavorst.ee\/fi\/wp-json\/wp\/v2\/types\/product"}],"version-history":[{"count":3,"href":"https:\/\/saksavorst.ee\/fi\/wp-json\/wp\/v2\/product\/29567\/revisions"}],"predecessor-version":[{"id":44211,"href":"https:\/\/saksavorst.ee\/fi\/wp-json\/wp\/v2\/product\/29567\/revisions\/44211"}],"wp:featuredmedia":[{"embeddable":true,"href":"https:\/\/saksavorst.ee\/fi\/wp-json\/wp\/v2\/media\/34704"}],"wp:attachment":[{"href":"https:\/\/saksavorst.ee\/fi\/wp-json\/wp\/v2\/media?parent=29567"}],"wp:term":[{"taxonomy":"product_brand","embeddable":true,"href":"https:\/\/saksavorst.ee\/fi\/wp-json\/wp\/v2\/product_brand?post=29567"},{"taxonomy":"product_cat","embeddable":true,"href":"https:\/\/saksavorst.ee\/fi\/wp-json\/wp\/v2\/product_cat?post=29567"},{"taxonomy":"product_tag","embeddable":true,"href":"https:\/\/saksavorst.ee\/fi\/wp-json\/wp\/v2\/product_tag?post=29567"}],"curies":[{"name":"wp","href":"https:\/\/api.w.org\/{rel}","templated":true}]}}