{"id":19732,"date":"2023-02-20T14:50:57","date_gmt":"2023-02-20T14:50:57","guid":{"rendered":"https:\/\/saksavorst.ee\/product\/vorstide-valmistamise-kursus\/"},"modified":"2026-02-19T23:02:33","modified_gmt":"2026-02-19T21:02:33","slug":"poolsuitsuvorstide-valmistamise-koolitus-08-09-2026","status":"publish","type":"product","link":"https:\/\/saksavorst.ee\/fi\/tuote\/poolsuitsuvorstide-valmistamise-koolitus-08-09-2026\/","title":{"rendered":"Poolsuitsuvorstide valmistamise koolitus 08.09.2026"},"content":{"rendered":"<p>P\u00e4evakava on j\u00e4rgmine:<\/p>\n<table style=\"height: 487px;\" width=\"478\">\n<tbody>\n<tr>\n<td style=\"text-align: left;\" width=\"118\">09.10 &#8211; 09.20<\/td>\n<td width=\"290\">Kogunemine, hommikukohv<\/td>\n<\/tr>\n<tr>\n<td style=\"text-align: left;\" width=\"118\">09.20<\/td>\n<td width=\"290\">Ohutustehnikaalane instrueerimine<\/td>\n<\/tr>\n<tr>\n<td width=\"118\">09.40<\/td>\n<td width=\"290\">Retseptuuri koostamine<\/td>\n<\/tr>\n<tr>\n<td width=\"118\">10.00<\/td>\n<td width=\"290\">Praktilised t\u00f6\u00f6d laboris<\/td>\n<\/tr>\n<tr>\n<td width=\"118\"><\/td>\n<td width=\"290\">Liha peenestamine<\/td>\n<\/tr>\n<tr>\n<td width=\"118\"><\/td>\n<td width=\"290\">Maitseainete kaalumine vastavalt retseptuurile<\/td>\n<\/tr>\n<tr>\n<td width=\"118\"><\/td>\n<td width=\"290\">Vorstimassi segamine<\/td>\n<\/tr>\n<tr>\n<td width=\"118\"><\/td>\n<td width=\"290\">Vorstimassi pritsimine ja klipsimine<\/td>\n<\/tr>\n<tr>\n<td width=\"118\"><\/td>\n<td width=\"290\">Vorstilattide keppidele asetamine<\/td>\n<\/tr>\n<tr>\n<td width=\"118\">12.00 &#8211; \u2026<\/td>\n<td width=\"290\">Poolsuitsuvorstide kuumt\u00f6\u00f6tlemine<\/td>\n<\/tr>\n<tr>\n<td width=\"118\">12.30 &#8211; 13.00<\/td>\n<td width=\"290\">Kohvipaus<\/td>\n<\/tr>\n<tr>\n<td width=\"118\">13.00 &#8211; 14.30<\/td>\n<td width=\"290\">PSV valmistamise teooria, teoreetilised k\u00fcsimused, vastused (seadmed, kestad, maitseained)<\/td>\n<\/tr>\n<tr>\n<td width=\"118\">14.30 &#8211; 15.30<\/td>\n<td width=\"290\">Soojade vorstide degusteerimine (Orienteeruv l\u00f5puaeg kujuneb vastavalt praktilise t\u00f6\u00f6 pikkusele!)<\/td>\n<\/tr>\n<\/tbody>\n<\/table>\n","protected":false},"excerpt":{"rendered":"<p>Koolituse viivad l\u00e4bi tehnoloogid Liina Raja ja Virgo Loide. Koolitus toimub eesti keeles.<\/p>\n","protected":false},"featured_media":47636,"template":"","meta":{"_acf_changed":false},"product_brand":[],"product_cat":[110,170],"product_tag":[],"class_list":{"0":"post-19732","1":"product","2":"type-product","3":"status-publish","4":"has-post-thumbnail","6":"product_cat-pakkumised","7":"product_cat-koolitused","9":"first","10":"instock","11":"virtual","12":"taxable","13":"purchasable","14":"product-type-simple"},"acf":[],"yoast_head":"<!-- This site is optimized with the Yoast SEO plugin v27.3 - https:\/\/yoast.com\/product\/yoast-seo-wordpress\/ -->\n<title>Poolsuitsuvorstide valmistamise koolitus 08.09.2026 - Saksavorst<\/title>\n<meta name=\"robots\" content=\"index, follow, max-snippet:-1, max-image-preview:large, max-video-preview:-1\" \/>\n<link rel=\"canonical\" href=\"https:\/\/saksavorst.ee\/fi\/tuote\/poolsuitsuvorstide-valmistamise-koolitus-08-09-2026\/\" \/>\n<meta property=\"og:locale\" content=\"fi_FI\" \/>\n<meta property=\"og:type\" content=\"article\" \/>\n<meta property=\"og:title\" content=\"Poolsuitsuvorstide valmistamise koolitus 08.09.2026 - Saksavorst\" \/>\n<meta property=\"og:description\" content=\"Koolituse viivad l\u00e4bi tehnoloogid Liina Raja ja Virgo Loide. Koolitus toimub eesti keeles.\" \/>\n<meta property=\"og:url\" content=\"https:\/\/saksavorst.ee\/fi\/tuote\/poolsuitsuvorstide-valmistamise-koolitus-08-09-2026\/\" \/>\n<meta property=\"og:site_name\" content=\"Saksavorst\" \/>\n<meta property=\"article:publisher\" content=\"https:\/\/www.facebook.com\/Veikand\" \/>\n<meta property=\"article:modified_time\" content=\"2026-02-19T21:02:33+00:00\" \/>\n<meta property=\"og:image\" content=\"https:\/\/saksavorst.ee\/wp-content\/uploads\/2023\/02\/poolsuitsuvorstide-valmistamise-koolitus-08.09.2026.png\" \/>\n\t<meta property=\"og:image:width\" content=\"1640\" \/>\n\t<meta property=\"og:image:height\" content=\"924\" \/>\n\t<meta property=\"og:image:type\" content=\"image\/png\" \/>\n<meta name=\"twitter:card\" content=\"summary_large_image\" \/>\n<meta name=\"twitter:label1\" content=\"Arvioitu lukuaika\" \/>\n\t<meta name=\"twitter:data1\" content=\"1 minuutti\" \/>\n<script type=\"application\/ld+json\" class=\"yoast-schema-graph\">{\"@context\":\"https:\\\/\\\/schema.org\",\"@graph\":[{\"@type\":\"WebPage\",\"@id\":\"https:\\\/\\\/saksavorst.ee\\\/fi\\\/tuote\\\/poolsuitsuvorstide-valmistamise-koolitus-08-09-2026\\\/\",\"url\":\"https:\\\/\\\/saksavorst.ee\\\/fi\\\/tuote\\\/poolsuitsuvorstide-valmistamise-koolitus-08-09-2026\\\/\",\"name\":\"Poolsuitsuvorstide valmistamise koolitus 08.09.2026 - Saksavorst\",\"isPartOf\":{\"@id\":\"https:\\\/\\\/saksavorst.ee\\\/fi\\\/#website\"},\"primaryImageOfPage\":{\"@id\":\"https:\\\/\\\/saksavorst.ee\\\/fi\\\/tuote\\\/poolsuitsuvorstide-valmistamise-koolitus-08-09-2026\\\/#primaryimage\"},\"image\":{\"@id\":\"https:\\\/\\\/saksavorst.ee\\\/fi\\\/tuote\\\/poolsuitsuvorstide-valmistamise-koolitus-08-09-2026\\\/#primaryimage\"},\"thumbnailUrl\":\"https:\\\/\\\/saksavorst.ee\\\/wp-content\\\/uploads\\\/2023\\\/02\\\/poolsuitsuvorstide-valmistamise-koolitus-08.09.2026.png\",\"datePublished\":\"2023-02-20T14:50:57+00:00\",\"dateModified\":\"2026-02-19T21:02:33+00:00\",\"breadcrumb\":{\"@id\":\"https:\\\/\\\/saksavorst.ee\\\/fi\\\/tuote\\\/poolsuitsuvorstide-valmistamise-koolitus-08-09-2026\\\/#breadcrumb\"},\"inLanguage\":\"fi\",\"potentialAction\":[{\"@type\":\"ReadAction\",\"target\":[\"https:\\\/\\\/saksavorst.ee\\\/fi\\\/tuote\\\/poolsuitsuvorstide-valmistamise-koolitus-08-09-2026\\\/\"]}]},{\"@type\":\"ImageObject\",\"inLanguage\":\"fi\",\"@id\":\"https:\\\/\\\/saksavorst.ee\\\/fi\\\/tuote\\\/poolsuitsuvorstide-valmistamise-koolitus-08-09-2026\\\/#primaryimage\",\"url\":\"https:\\\/\\\/saksavorst.ee\\\/wp-content\\\/uploads\\\/2023\\\/02\\\/poolsuitsuvorstide-valmistamise-koolitus-08.09.2026.png\",\"contentUrl\":\"https:\\\/\\\/saksavorst.ee\\\/wp-content\\\/uploads\\\/2023\\\/02\\\/poolsuitsuvorstide-valmistamise-koolitus-08.09.2026.png\",\"width\":1640,\"height\":924},{\"@type\":\"BreadcrumbList\",\"@id\":\"https:\\\/\\\/saksavorst.ee\\\/fi\\\/tuote\\\/poolsuitsuvorstide-valmistamise-koolitus-08-09-2026\\\/#breadcrumb\",\"itemListElement\":[{\"@type\":\"ListItem\",\"position\":1,\"name\":\"Home\",\"item\":\"https:\\\/\\\/saksavorst.ee\\\/fi\\\/\"},{\"@type\":\"ListItem\",\"position\":2,\"name\":\"Kauppa\",\"item\":\"https:\\\/\\\/saksavorst.ee\\\/fi\\\/kauppa\\\/\"},{\"@type\":\"ListItem\",\"position\":3,\"name\":\"Poolsuitsuvorstide valmistamise koolitus 08.09.2026\"}]},{\"@type\":\"WebSite\",\"@id\":\"https:\\\/\\\/saksavorst.ee\\\/fi\\\/#website\",\"url\":\"https:\\\/\\\/saksavorst.ee\\\/fi\\\/\",\"name\":\"Saksavorst\",\"description\":\"Feel the taste of emotions\",\"publisher\":{\"@id\":\"https:\\\/\\\/saksavorst.ee\\\/fi\\\/#organization\"},\"alternateName\":\"Veikand\",\"potentialAction\":[{\"@type\":\"SearchAction\",\"target\":{\"@type\":\"EntryPoint\",\"urlTemplate\":\"https:\\\/\\\/saksavorst.ee\\\/fi\\\/?s={search_term_string}\"},\"query-input\":{\"@type\":\"PropertyValueSpecification\",\"valueRequired\":true,\"valueName\":\"search_term_string\"}}],\"inLanguage\":\"fi\"},{\"@type\":\"Organization\",\"@id\":\"https:\\\/\\\/saksavorst.ee\\\/fi\\\/#organization\",\"name\":\"Saksavorst\",\"alternateName\":\"Veikand\",\"url\":\"https:\\\/\\\/saksavorst.ee\\\/fi\\\/\",\"logo\":{\"@type\":\"ImageObject\",\"inLanguage\":\"fi\",\"@id\":\"https:\\\/\\\/saksavorst.ee\\\/fi\\\/#\\\/schema\\\/logo\\\/image\\\/\",\"url\":\"https:\\\/\\\/saksavorst.ee\\\/wp-content\\\/uploads\\\/2023\\\/05\\\/veikand-logo.jpg\",\"contentUrl\":\"https:\\\/\\\/saksavorst.ee\\\/wp-content\\\/uploads\\\/2023\\\/05\\\/veikand-logo.jpg\",\"width\":217,\"height\":217,\"caption\":\"Saksavorst\"},\"image\":{\"@id\":\"https:\\\/\\\/saksavorst.ee\\\/fi\\\/#\\\/schema\\\/logo\\\/image\\\/\"},\"sameAs\":[\"https:\\\/\\\/www.facebook.com\\\/Veikand\"]}]}<\/script>\n<!-- \/ Yoast SEO plugin. -->","yoast_head_json":{"title":"Poolsuitsuvorstide valmistamise koolitus 08.09.2026 - Saksavorst","robots":{"index":"index","follow":"follow","max-snippet":"max-snippet:-1","max-image-preview":"max-image-preview:large","max-video-preview":"max-video-preview:-1"},"canonical":"https:\/\/saksavorst.ee\/fi\/tuote\/poolsuitsuvorstide-valmistamise-koolitus-08-09-2026\/","og_locale":"fi_FI","og_type":"article","og_title":"Poolsuitsuvorstide valmistamise koolitus 08.09.2026 - Saksavorst","og_description":"Koolituse viivad l\u00e4bi tehnoloogid Liina Raja ja Virgo Loide. Koolitus toimub eesti keeles.","og_url":"https:\/\/saksavorst.ee\/fi\/tuote\/poolsuitsuvorstide-valmistamise-koolitus-08-09-2026\/","og_site_name":"Saksavorst","article_publisher":"https:\/\/www.facebook.com\/Veikand","article_modified_time":"2026-02-19T21:02:33+00:00","og_image":[{"width":1640,"height":924,"url":"https:\/\/saksavorst.ee\/wp-content\/uploads\/2023\/02\/poolsuitsuvorstide-valmistamise-koolitus-08.09.2026.png","type":"image\/png"}],"twitter_card":"summary_large_image","twitter_misc":{"Arvioitu lukuaika":"1 minuutti"},"schema":{"@context":"https:\/\/schema.org","@graph":[{"@type":"WebPage","@id":"https:\/\/saksavorst.ee\/fi\/tuote\/poolsuitsuvorstide-valmistamise-koolitus-08-09-2026\/","url":"https:\/\/saksavorst.ee\/fi\/tuote\/poolsuitsuvorstide-valmistamise-koolitus-08-09-2026\/","name":"Poolsuitsuvorstide valmistamise koolitus 08.09.2026 - Saksavorst","isPartOf":{"@id":"https:\/\/saksavorst.ee\/fi\/#website"},"primaryImageOfPage":{"@id":"https:\/\/saksavorst.ee\/fi\/tuote\/poolsuitsuvorstide-valmistamise-koolitus-08-09-2026\/#primaryimage"},"image":{"@id":"https:\/\/saksavorst.ee\/fi\/tuote\/poolsuitsuvorstide-valmistamise-koolitus-08-09-2026\/#primaryimage"},"thumbnailUrl":"https:\/\/saksavorst.ee\/wp-content\/uploads\/2023\/02\/poolsuitsuvorstide-valmistamise-koolitus-08.09.2026.png","datePublished":"2023-02-20T14:50:57+00:00","dateModified":"2026-02-19T21:02:33+00:00","breadcrumb":{"@id":"https:\/\/saksavorst.ee\/fi\/tuote\/poolsuitsuvorstide-valmistamise-koolitus-08-09-2026\/#breadcrumb"},"inLanguage":"fi","potentialAction":[{"@type":"ReadAction","target":["https:\/\/saksavorst.ee\/fi\/tuote\/poolsuitsuvorstide-valmistamise-koolitus-08-09-2026\/"]}]},{"@type":"ImageObject","inLanguage":"fi","@id":"https:\/\/saksavorst.ee\/fi\/tuote\/poolsuitsuvorstide-valmistamise-koolitus-08-09-2026\/#primaryimage","url":"https:\/\/saksavorst.ee\/wp-content\/uploads\/2023\/02\/poolsuitsuvorstide-valmistamise-koolitus-08.09.2026.png","contentUrl":"https:\/\/saksavorst.ee\/wp-content\/uploads\/2023\/02\/poolsuitsuvorstide-valmistamise-koolitus-08.09.2026.png","width":1640,"height":924},{"@type":"BreadcrumbList","@id":"https:\/\/saksavorst.ee\/fi\/tuote\/poolsuitsuvorstide-valmistamise-koolitus-08-09-2026\/#breadcrumb","itemListElement":[{"@type":"ListItem","position":1,"name":"Home","item":"https:\/\/saksavorst.ee\/fi\/"},{"@type":"ListItem","position":2,"name":"Kauppa","item":"https:\/\/saksavorst.ee\/fi\/kauppa\/"},{"@type":"ListItem","position":3,"name":"Poolsuitsuvorstide valmistamise koolitus 08.09.2026"}]},{"@type":"WebSite","@id":"https:\/\/saksavorst.ee\/fi\/#website","url":"https:\/\/saksavorst.ee\/fi\/","name":"Saksavorst","description":"Feel the taste of emotions","publisher":{"@id":"https:\/\/saksavorst.ee\/fi\/#organization"},"alternateName":"Veikand","potentialAction":[{"@type":"SearchAction","target":{"@type":"EntryPoint","urlTemplate":"https:\/\/saksavorst.ee\/fi\/?s={search_term_string}"},"query-input":{"@type":"PropertyValueSpecification","valueRequired":true,"valueName":"search_term_string"}}],"inLanguage":"fi"},{"@type":"Organization","@id":"https:\/\/saksavorst.ee\/fi\/#organization","name":"Saksavorst","alternateName":"Veikand","url":"https:\/\/saksavorst.ee\/fi\/","logo":{"@type":"ImageObject","inLanguage":"fi","@id":"https:\/\/saksavorst.ee\/fi\/#\/schema\/logo\/image\/","url":"https:\/\/saksavorst.ee\/wp-content\/uploads\/2023\/05\/veikand-logo.jpg","contentUrl":"https:\/\/saksavorst.ee\/wp-content\/uploads\/2023\/05\/veikand-logo.jpg","width":217,"height":217,"caption":"Saksavorst"},"image":{"@id":"https:\/\/saksavorst.ee\/fi\/#\/schema\/logo\/image\/"},"sameAs":["https:\/\/www.facebook.com\/Veikand"]}]}},"_links":{"self":[{"href":"https:\/\/saksavorst.ee\/fi\/wp-json\/wp\/v2\/product\/19732","targetHints":{"allow":["GET"]}}],"collection":[{"href":"https:\/\/saksavorst.ee\/fi\/wp-json\/wp\/v2\/product"}],"about":[{"href":"https:\/\/saksavorst.ee\/fi\/wp-json\/wp\/v2\/types\/product"}],"version-history":[{"count":11,"href":"https:\/\/saksavorst.ee\/fi\/wp-json\/wp\/v2\/product\/19732\/revisions"}],"predecessor-version":[{"id":49213,"href":"https:\/\/saksavorst.ee\/fi\/wp-json\/wp\/v2\/product\/19732\/revisions\/49213"}],"wp:featuredmedia":[{"embeddable":true,"href":"https:\/\/saksavorst.ee\/fi\/wp-json\/wp\/v2\/media\/47636"}],"wp:attachment":[{"href":"https:\/\/saksavorst.ee\/fi\/wp-json\/wp\/v2\/media?parent=19732"}],"wp:term":[{"taxonomy":"product_brand","embeddable":true,"href":"https:\/\/saksavorst.ee\/fi\/wp-json\/wp\/v2\/product_brand?post=19732"},{"taxonomy":"product_cat","embeddable":true,"href":"https:\/\/saksavorst.ee\/fi\/wp-json\/wp\/v2\/product_cat?post=19732"},{"taxonomy":"product_tag","embeddable":true,"href":"https:\/\/saksavorst.ee\/fi\/wp-json\/wp\/v2\/product_tag?post=19732"}],"curies":[{"name":"wp","href":"https:\/\/api.w.org\/{rel}","templated":true}]}}