{"id":18482,"date":"2022-10-27T08:12:25","date_gmt":"2022-10-27T08:12:25","guid":{"rendered":"https:\/\/saksavorst.ee\/product\/sahkoinen-veitsen-teroitin-ke-280\/"},"modified":"2025-08-06T12:44:11","modified_gmt":"2025-08-06T10:44:11","slug":"sahkotoiminen-veitsenteroitin-ke-500","status":"publish","type":"product","link":"https:\/\/saksavorst.ee\/fi\/tuote\/sahkotoiminen-veitsenteroitin-ke-500\/","title":{"rendered":"S\u00e4hk\u00f6toiminen veitsenteroitin KE-500"},"content":{"rendered":"<p>Teroittimessa on kaksi sopivan pehme\u00e4\u00e4 hiontakiekkoa.<\/p>\n<p>Hiontakiekot on helppo puhdistaa ja vaihtaa vain minuutissa.<\/p>\n<p>Vasen py\u00f6r\u00e4 teroittaa ter\u00e4n vasemmalta puolelta ja oikea oikealta puolelta.<\/p>\n<p>Kisko pit\u00e4\u00e4 veitsen oikeassa kulmassa teroituksen aikana.<\/p>\n<p>Malli: KE-500<\/p>\n<p>J\u00e4nnite\/virransy\u00f6tt\u00f6: 100 V &#8211; 120 V AC \/ 180 W<\/p>\n<p>Ulkomitat P x L x K: 112 x 320 x 133 mm<\/p>\n","protected":false},"excerpt":{"rendered":"<p>S\u00e4hk\u00f6toimisessa veitenteroittimessa KE-500 on patentoitu kaltevassa asennossa ohjattava tyynykontaktij\u00e4rjestelm\u00e4, joten veitsien teroittaminen ja reunojen kiillotus kest\u00e4\u00e4 vain muutaman sekunnin.<\/p>\n","protected":false},"featured_media":29542,"template":"","meta":{"_acf_changed":false},"product_brand":[],"product_cat":[232,233,221,325],"product_tag":[],"class_list":{"0":"post-18482","1":"product","2":"type-product","3":"status-publish","4":"has-post-thumbnail","6":"product_cat-veitset-ja-tarvikkeet","7":"product_cat-teroittimet","8":"product_cat-kaikki-tuotteet","9":"product_cat-laitteet","11":"first","12":"instock","13":"taxable","14":"shipping-taxable","15":"purchasable","16":"product-type-simple"},"acf":[],"yoast_head":"<!-- This site is optimized with the Yoast SEO plugin v27.3 - https:\/\/yoast.com\/product\/yoast-seo-wordpress\/ -->\n<title>S\u00e4hk\u00f6toiminen veitsenteroitin KE-500 - Saksavorst<\/title>\n<meta name=\"robots\" content=\"index, follow, max-snippet:-1, max-image-preview:large, max-video-preview:-1\" \/>\n<link rel=\"canonical\" href=\"https:\/\/saksavorst.ee\/fi\/tuote\/sahkotoiminen-veitsenteroitin-ke-500\/\" \/>\n<meta property=\"og:locale\" content=\"fi_FI\" \/>\n<meta property=\"og:type\" content=\"article\" \/>\n<meta property=\"og:title\" content=\"S\u00e4hk\u00f6toiminen veitsenteroitin KE-500 - Saksavorst\" \/>\n<meta property=\"og:description\" content=\"S\u00e4hk\u00f6toimisessa veitenteroittimessa KE-500 on patentoitu kaltevassa asennossa ohjattava tyynykontaktij\u00e4rjestelm\u00e4, joten veitsien teroittaminen ja reunojen kiillotus kest\u00e4\u00e4 vain muutaman sekunnin.\" \/>\n<meta property=\"og:url\" content=\"https:\/\/saksavorst.ee\/fi\/tuote\/sahkotoiminen-veitsenteroitin-ke-500\/\" \/>\n<meta property=\"og:site_name\" content=\"Saksavorst\" \/>\n<meta property=\"article:publisher\" content=\"https:\/\/www.facebook.com\/Veikand\" \/>\n<meta property=\"article:modified_time\" content=\"2025-08-06T10:44:11+00:00\" \/>\n<meta property=\"og:image\" content=\"https:\/\/saksavorst.ee\/wp-content\/uploads\/2022\/10\/elektriline-nugade-teritaja-ke-500-1.png\" \/>\n\t<meta property=\"og:image:width\" content=\"800\" \/>\n\t<meta property=\"og:image:height\" content=\"800\" \/>\n\t<meta property=\"og:image:type\" content=\"image\/png\" \/>\n<meta name=\"twitter:card\" content=\"summary_large_image\" \/>\n<meta name=\"twitter:label1\" content=\"Arvioitu lukuaika\" \/>\n\t<meta name=\"twitter:data1\" content=\"1 minuutti\" \/>\n<script type=\"application\/ld+json\" class=\"yoast-schema-graph\">{\"@context\":\"https:\\\/\\\/schema.org\",\"@graph\":[{\"@type\":\"WebPage\",\"@id\":\"https:\\\/\\\/saksavorst.ee\\\/fi\\\/tuote\\\/sahkotoiminen-veitsenteroitin-ke-500\\\/\",\"url\":\"https:\\\/\\\/saksavorst.ee\\\/fi\\\/tuote\\\/sahkotoiminen-veitsenteroitin-ke-500\\\/\",\"name\":\"S\u00e4hk\u00f6toiminen veitsenteroitin KE-500 - Saksavorst\",\"isPartOf\":{\"@id\":\"https:\\\/\\\/saksavorst.ee\\\/fi\\\/#website\"},\"primaryImageOfPage\":{\"@id\":\"https:\\\/\\\/saksavorst.ee\\\/fi\\\/tuote\\\/sahkotoiminen-veitsenteroitin-ke-500\\\/#primaryimage\"},\"image\":{\"@id\":\"https:\\\/\\\/saksavorst.ee\\\/fi\\\/tuote\\\/sahkotoiminen-veitsenteroitin-ke-500\\\/#primaryimage\"},\"thumbnailUrl\":\"https:\\\/\\\/saksavorst.ee\\\/wp-content\\\/uploads\\\/2022\\\/10\\\/elektriline-nugade-teritaja-ke-500-1.png\",\"datePublished\":\"2022-10-27T08:12:25+00:00\",\"dateModified\":\"2025-08-06T10:44:11+00:00\",\"breadcrumb\":{\"@id\":\"https:\\\/\\\/saksavorst.ee\\\/fi\\\/tuote\\\/sahkotoiminen-veitsenteroitin-ke-500\\\/#breadcrumb\"},\"inLanguage\":\"fi\",\"potentialAction\":[{\"@type\":\"ReadAction\",\"target\":[\"https:\\\/\\\/saksavorst.ee\\\/fi\\\/tuote\\\/sahkotoiminen-veitsenteroitin-ke-500\\\/\"]}]},{\"@type\":\"ImageObject\",\"inLanguage\":\"fi\",\"@id\":\"https:\\\/\\\/saksavorst.ee\\\/fi\\\/tuote\\\/sahkotoiminen-veitsenteroitin-ke-500\\\/#primaryimage\",\"url\":\"https:\\\/\\\/saksavorst.ee\\\/wp-content\\\/uploads\\\/2022\\\/10\\\/elektriline-nugade-teritaja-ke-500-1.png\",\"contentUrl\":\"https:\\\/\\\/saksavorst.ee\\\/wp-content\\\/uploads\\\/2022\\\/10\\\/elektriline-nugade-teritaja-ke-500-1.png\",\"width\":800,\"height\":800},{\"@type\":\"BreadcrumbList\",\"@id\":\"https:\\\/\\\/saksavorst.ee\\\/fi\\\/tuote\\\/sahkotoiminen-veitsenteroitin-ke-500\\\/#breadcrumb\",\"itemListElement\":[{\"@type\":\"ListItem\",\"position\":1,\"name\":\"Home\",\"item\":\"https:\\\/\\\/saksavorst.ee\\\/fi\\\/\"},{\"@type\":\"ListItem\",\"position\":2,\"name\":\"Kauppa\",\"item\":\"https:\\\/\\\/saksavorst.ee\\\/fi\\\/kauppa\\\/\"},{\"@type\":\"ListItem\",\"position\":3,\"name\":\"S\u00e4hk\u00f6toiminen veitsenteroitin KE-500\"}]},{\"@type\":\"WebSite\",\"@id\":\"https:\\\/\\\/saksavorst.ee\\\/fi\\\/#website\",\"url\":\"https:\\\/\\\/saksavorst.ee\\\/fi\\\/\",\"name\":\"Saksavorst\",\"description\":\"Feel the taste of emotions\",\"publisher\":{\"@id\":\"https:\\\/\\\/saksavorst.ee\\\/fi\\\/#organization\"},\"alternateName\":\"Veikand\",\"potentialAction\":[{\"@type\":\"SearchAction\",\"target\":{\"@type\":\"EntryPoint\",\"urlTemplate\":\"https:\\\/\\\/saksavorst.ee\\\/fi\\\/?s={search_term_string}\"},\"query-input\":{\"@type\":\"PropertyValueSpecification\",\"valueRequired\":true,\"valueName\":\"search_term_string\"}}],\"inLanguage\":\"fi\"},{\"@type\":\"Organization\",\"@id\":\"https:\\\/\\\/saksavorst.ee\\\/fi\\\/#organization\",\"name\":\"Saksavorst\",\"alternateName\":\"Veikand\",\"url\":\"https:\\\/\\\/saksavorst.ee\\\/fi\\\/\",\"logo\":{\"@type\":\"ImageObject\",\"inLanguage\":\"fi\",\"@id\":\"https:\\\/\\\/saksavorst.ee\\\/fi\\\/#\\\/schema\\\/logo\\\/image\\\/\",\"url\":\"https:\\\/\\\/saksavorst.ee\\\/wp-content\\\/uploads\\\/2023\\\/05\\\/veikand-logo.jpg\",\"contentUrl\":\"https:\\\/\\\/saksavorst.ee\\\/wp-content\\\/uploads\\\/2023\\\/05\\\/veikand-logo.jpg\",\"width\":217,\"height\":217,\"caption\":\"Saksavorst\"},\"image\":{\"@id\":\"https:\\\/\\\/saksavorst.ee\\\/fi\\\/#\\\/schema\\\/logo\\\/image\\\/\"},\"sameAs\":[\"https:\\\/\\\/www.facebook.com\\\/Veikand\"]}]}<\/script>\n<!-- \/ Yoast SEO plugin. -->","yoast_head_json":{"title":"S\u00e4hk\u00f6toiminen veitsenteroitin KE-500 - Saksavorst","robots":{"index":"index","follow":"follow","max-snippet":"max-snippet:-1","max-image-preview":"max-image-preview:large","max-video-preview":"max-video-preview:-1"},"canonical":"https:\/\/saksavorst.ee\/fi\/tuote\/sahkotoiminen-veitsenteroitin-ke-500\/","og_locale":"fi_FI","og_type":"article","og_title":"S\u00e4hk\u00f6toiminen veitsenteroitin KE-500 - Saksavorst","og_description":"S\u00e4hk\u00f6toimisessa veitenteroittimessa KE-500 on patentoitu kaltevassa asennossa ohjattava tyynykontaktij\u00e4rjestelm\u00e4, joten veitsien teroittaminen ja reunojen kiillotus kest\u00e4\u00e4 vain muutaman sekunnin.","og_url":"https:\/\/saksavorst.ee\/fi\/tuote\/sahkotoiminen-veitsenteroitin-ke-500\/","og_site_name":"Saksavorst","article_publisher":"https:\/\/www.facebook.com\/Veikand","article_modified_time":"2025-08-06T10:44:11+00:00","og_image":[{"width":800,"height":800,"url":"https:\/\/saksavorst.ee\/wp-content\/uploads\/2022\/10\/elektriline-nugade-teritaja-ke-500-1.png","type":"image\/png"}],"twitter_card":"summary_large_image","twitter_misc":{"Arvioitu lukuaika":"1 minuutti"},"schema":{"@context":"https:\/\/schema.org","@graph":[{"@type":"WebPage","@id":"https:\/\/saksavorst.ee\/fi\/tuote\/sahkotoiminen-veitsenteroitin-ke-500\/","url":"https:\/\/saksavorst.ee\/fi\/tuote\/sahkotoiminen-veitsenteroitin-ke-500\/","name":"S\u00e4hk\u00f6toiminen veitsenteroitin KE-500 - Saksavorst","isPartOf":{"@id":"https:\/\/saksavorst.ee\/fi\/#website"},"primaryImageOfPage":{"@id":"https:\/\/saksavorst.ee\/fi\/tuote\/sahkotoiminen-veitsenteroitin-ke-500\/#primaryimage"},"image":{"@id":"https:\/\/saksavorst.ee\/fi\/tuote\/sahkotoiminen-veitsenteroitin-ke-500\/#primaryimage"},"thumbnailUrl":"https:\/\/saksavorst.ee\/wp-content\/uploads\/2022\/10\/elektriline-nugade-teritaja-ke-500-1.png","datePublished":"2022-10-27T08:12:25+00:00","dateModified":"2025-08-06T10:44:11+00:00","breadcrumb":{"@id":"https:\/\/saksavorst.ee\/fi\/tuote\/sahkotoiminen-veitsenteroitin-ke-500\/#breadcrumb"},"inLanguage":"fi","potentialAction":[{"@type":"ReadAction","target":["https:\/\/saksavorst.ee\/fi\/tuote\/sahkotoiminen-veitsenteroitin-ke-500\/"]}]},{"@type":"ImageObject","inLanguage":"fi","@id":"https:\/\/saksavorst.ee\/fi\/tuote\/sahkotoiminen-veitsenteroitin-ke-500\/#primaryimage","url":"https:\/\/saksavorst.ee\/wp-content\/uploads\/2022\/10\/elektriline-nugade-teritaja-ke-500-1.png","contentUrl":"https:\/\/saksavorst.ee\/wp-content\/uploads\/2022\/10\/elektriline-nugade-teritaja-ke-500-1.png","width":800,"height":800},{"@type":"BreadcrumbList","@id":"https:\/\/saksavorst.ee\/fi\/tuote\/sahkotoiminen-veitsenteroitin-ke-500\/#breadcrumb","itemListElement":[{"@type":"ListItem","position":1,"name":"Home","item":"https:\/\/saksavorst.ee\/fi\/"},{"@type":"ListItem","position":2,"name":"Kauppa","item":"https:\/\/saksavorst.ee\/fi\/kauppa\/"},{"@type":"ListItem","position":3,"name":"S\u00e4hk\u00f6toiminen veitsenteroitin KE-500"}]},{"@type":"WebSite","@id":"https:\/\/saksavorst.ee\/fi\/#website","url":"https:\/\/saksavorst.ee\/fi\/","name":"Saksavorst","description":"Feel the taste of emotions","publisher":{"@id":"https:\/\/saksavorst.ee\/fi\/#organization"},"alternateName":"Veikand","potentialAction":[{"@type":"SearchAction","target":{"@type":"EntryPoint","urlTemplate":"https:\/\/saksavorst.ee\/fi\/?s={search_term_string}"},"query-input":{"@type":"PropertyValueSpecification","valueRequired":true,"valueName":"search_term_string"}}],"inLanguage":"fi"},{"@type":"Organization","@id":"https:\/\/saksavorst.ee\/fi\/#organization","name":"Saksavorst","alternateName":"Veikand","url":"https:\/\/saksavorst.ee\/fi\/","logo":{"@type":"ImageObject","inLanguage":"fi","@id":"https:\/\/saksavorst.ee\/fi\/#\/schema\/logo\/image\/","url":"https:\/\/saksavorst.ee\/wp-content\/uploads\/2023\/05\/veikand-logo.jpg","contentUrl":"https:\/\/saksavorst.ee\/wp-content\/uploads\/2023\/05\/veikand-logo.jpg","width":217,"height":217,"caption":"Saksavorst"},"image":{"@id":"https:\/\/saksavorst.ee\/fi\/#\/schema\/logo\/image\/"},"sameAs":["https:\/\/www.facebook.com\/Veikand"]}]}},"_links":{"self":[{"href":"https:\/\/saksavorst.ee\/fi\/wp-json\/wp\/v2\/product\/18482","targetHints":{"allow":["GET"]}}],"collection":[{"href":"https:\/\/saksavorst.ee\/fi\/wp-json\/wp\/v2\/product"}],"about":[{"href":"https:\/\/saksavorst.ee\/fi\/wp-json\/wp\/v2\/types\/product"}],"version-history":[{"count":1,"href":"https:\/\/saksavorst.ee\/fi\/wp-json\/wp\/v2\/product\/18482\/revisions"}],"predecessor-version":[{"id":44637,"href":"https:\/\/saksavorst.ee\/fi\/wp-json\/wp\/v2\/product\/18482\/revisions\/44637"}],"wp:featuredmedia":[{"embeddable":true,"href":"https:\/\/saksavorst.ee\/fi\/wp-json\/wp\/v2\/media\/29542"}],"wp:attachment":[{"href":"https:\/\/saksavorst.ee\/fi\/wp-json\/wp\/v2\/media?parent=18482"}],"wp:term":[{"taxonomy":"product_brand","embeddable":true,"href":"https:\/\/saksavorst.ee\/fi\/wp-json\/wp\/v2\/product_brand?post=18482"},{"taxonomy":"product_cat","embeddable":true,"href":"https:\/\/saksavorst.ee\/fi\/wp-json\/wp\/v2\/product_cat?post=18482"},{"taxonomy":"product_tag","embeddable":true,"href":"https:\/\/saksavorst.ee\/fi\/wp-json\/wp\/v2\/product_tag?post=18482"}],"curies":[{"name":"wp","href":"https:\/\/api.w.org\/{rel}","templated":true}]}}