{"id":18460,"date":"2022-06-16T08:48:37","date_gmt":"2022-06-16T08:48:37","guid":{"rendered":"https:\/\/saksavorst.ee\/product\/lampaansuolet-wurstmachers-liebling-22-24-suolattu-15m\/"},"modified":"2026-04-06T13:13:54","modified_gmt":"2026-04-06T11:13:54","slug":"lampaansuolet-wurstmachers-liebling-22-24-suolattu","status":"publish","type":"product","link":"https:\/\/saksavorst.ee\/fi\/tuote\/lampaansuolet-wurstmachers-liebling-22-24-suolattu\/","title":{"rendered":"Lampaansuolet Wurstmachers Liebling 22\/24 suolattu"},"content":{"rendered":"<h4><strong>KUVAUS:<\/strong><\/h4>\n<p>M\u00e4\u00e4r\u00e4: 1 pakkaus<\/p>\n<p>Pituus: 15 m<\/p>\n<p>Menekki: Yhdest\u00e4 pakkauksesta saa 4-4,5 kg makkaraa<\/p>\n<p>S\u00e4ilytet\u00e4\u00e4n viile\u00e4ss\u00e4 (0-10 \u00b0C), kuivassa ja valolta suojattuna<\/p>\n<p>Parasta ennen: katso pakkauksesta<\/p>\n<p>Valmistettu Saksassa<\/p>\n<p>Valmistaja: Peter Gelhard Naturd\u00e4rme KG<\/p>\n<h4><strong>K\u00c4YTT\u00d6OHJE:<\/strong><\/h4>\n<p>Pese suoli juoksevassa kylm\u00e4ss\u00e4 vedess\u00e4 ja liota ennen k\u00e4ytt\u00f6\u00e4 30\u02daC vedess\u00e4 15-20 minuuttia, kunnes suolet ovat joustavia.<\/p>\n","protected":false},"excerpt":{"rendered":"<p>Luonnolliset suolatut lampaansuolet koossa 22\/24 sopivat erinomaisesti erilaisten makkaroiden valmistukseen.<\/p>\n","protected":false},"featured_media":16484,"template":"","meta":{"_acf_changed":false},"product_brand":[],"product_cat":[484,241,242],"product_tag":[],"class_list":{"0":"post-18460","1":"product","2":"type-product","3":"status-publish","4":"has-post-thumbnail","6":"product_cat-kausittaiset-suosikit","7":"product_cat-makkaran-kuoret-ja-tarvikkeet","8":"product_cat-luonnonsuolet","10":"first","11":"instock","12":"taxable","13":"shipping-taxable","14":"purchasable","15":"product-type-simple"},"acf":[],"yoast_head":"<!-- This site is optimized with the Yoast SEO plugin v27.3 - https:\/\/yoast.com\/product\/yoast-seo-wordpress\/ -->\n<title>Lampaansuolet Wurstmachers Liebling 22\/24 suolattu - Saksavorst<\/title>\n<meta name=\"robots\" content=\"index, follow, max-snippet:-1, max-image-preview:large, max-video-preview:-1\" \/>\n<link rel=\"canonical\" href=\"https:\/\/saksavorst.ee\/fi\/tuote\/lampaansuolet-wurstmachers-liebling-22-24-suolattu\/\" \/>\n<meta property=\"og:locale\" content=\"fi_FI\" \/>\n<meta property=\"og:type\" content=\"article\" \/>\n<meta property=\"og:title\" content=\"Lampaansuolet Wurstmachers Liebling 22\/24 suolattu - Saksavorst\" \/>\n<meta property=\"og:description\" content=\"Luonnolliset suolatut lampaansuolet koossa 22\/24 sopivat erinomaisesti erilaisten makkaroiden valmistukseen.\" \/>\n<meta property=\"og:url\" content=\"https:\/\/saksavorst.ee\/fi\/tuote\/lampaansuolet-wurstmachers-liebling-22-24-suolattu\/\" \/>\n<meta property=\"og:site_name\" content=\"Saksavorst\" \/>\n<meta property=\"article:publisher\" content=\"https:\/\/www.facebook.com\/Veikand\" \/>\n<meta property=\"article:modified_time\" content=\"2026-04-06T11:13:54+00:00\" \/>\n<meta property=\"og:image\" content=\"https:\/\/saksavorst.ee\/wp-content\/uploads\/2023\/02\/Lambasooled-22-24-Wurstmachers-Liebling-15m-pakk-1.jpg\" \/>\n\t<meta property=\"og:image:width\" content=\"800\" \/>\n\t<meta property=\"og:image:height\" content=\"800\" \/>\n\t<meta property=\"og:image:type\" content=\"image\/jpeg\" \/>\n<meta name=\"twitter:card\" content=\"summary_large_image\" \/>\n<meta name=\"twitter:label1\" content=\"Arvioitu lukuaika\" \/>\n\t<meta name=\"twitter:data1\" content=\"1 minuutti\" \/>\n<script type=\"application\/ld+json\" class=\"yoast-schema-graph\">{\"@context\":\"https:\\\/\\\/schema.org\",\"@graph\":[{\"@type\":\"WebPage\",\"@id\":\"https:\\\/\\\/saksavorst.ee\\\/fi\\\/tuote\\\/lampaansuolet-wurstmachers-liebling-22-24-suolattu\\\/\",\"url\":\"https:\\\/\\\/saksavorst.ee\\\/fi\\\/tuote\\\/lampaansuolet-wurstmachers-liebling-22-24-suolattu\\\/\",\"name\":\"Lampaansuolet Wurstmachers Liebling 22\\\/24 suolattu - Saksavorst\",\"isPartOf\":{\"@id\":\"https:\\\/\\\/saksavorst.ee\\\/fi\\\/#website\"},\"primaryImageOfPage\":{\"@id\":\"https:\\\/\\\/saksavorst.ee\\\/fi\\\/tuote\\\/lampaansuolet-wurstmachers-liebling-22-24-suolattu\\\/#primaryimage\"},\"image\":{\"@id\":\"https:\\\/\\\/saksavorst.ee\\\/fi\\\/tuote\\\/lampaansuolet-wurstmachers-liebling-22-24-suolattu\\\/#primaryimage\"},\"thumbnailUrl\":\"https:\\\/\\\/saksavorst.ee\\\/wp-content\\\/uploads\\\/2023\\\/02\\\/Lambasooled-22-24-Wurstmachers-Liebling-15m-pakk-1.jpg\",\"datePublished\":\"2022-06-16T08:48:37+00:00\",\"dateModified\":\"2026-04-06T11:13:54+00:00\",\"breadcrumb\":{\"@id\":\"https:\\\/\\\/saksavorst.ee\\\/fi\\\/tuote\\\/lampaansuolet-wurstmachers-liebling-22-24-suolattu\\\/#breadcrumb\"},\"inLanguage\":\"fi\",\"potentialAction\":[{\"@type\":\"ReadAction\",\"target\":[\"https:\\\/\\\/saksavorst.ee\\\/fi\\\/tuote\\\/lampaansuolet-wurstmachers-liebling-22-24-suolattu\\\/\"]}]},{\"@type\":\"ImageObject\",\"inLanguage\":\"fi\",\"@id\":\"https:\\\/\\\/saksavorst.ee\\\/fi\\\/tuote\\\/lampaansuolet-wurstmachers-liebling-22-24-suolattu\\\/#primaryimage\",\"url\":\"https:\\\/\\\/saksavorst.ee\\\/wp-content\\\/uploads\\\/2023\\\/02\\\/Lambasooled-22-24-Wurstmachers-Liebling-15m-pakk-1.jpg\",\"contentUrl\":\"https:\\\/\\\/saksavorst.ee\\\/wp-content\\\/uploads\\\/2023\\\/02\\\/Lambasooled-22-24-Wurstmachers-Liebling-15m-pakk-1.jpg\",\"width\":800,\"height\":800},{\"@type\":\"BreadcrumbList\",\"@id\":\"https:\\\/\\\/saksavorst.ee\\\/fi\\\/tuote\\\/lampaansuolet-wurstmachers-liebling-22-24-suolattu\\\/#breadcrumb\",\"itemListElement\":[{\"@type\":\"ListItem\",\"position\":1,\"name\":\"Home\",\"item\":\"https:\\\/\\\/saksavorst.ee\\\/fi\\\/\"},{\"@type\":\"ListItem\",\"position\":2,\"name\":\"Kauppa\",\"item\":\"https:\\\/\\\/saksavorst.ee\\\/fi\\\/kauppa\\\/\"},{\"@type\":\"ListItem\",\"position\":3,\"name\":\"Lampaansuolet Wurstmachers Liebling 22\\\/24 suolattu\"}]},{\"@type\":\"WebSite\",\"@id\":\"https:\\\/\\\/saksavorst.ee\\\/fi\\\/#website\",\"url\":\"https:\\\/\\\/saksavorst.ee\\\/fi\\\/\",\"name\":\"Saksavorst\",\"description\":\"Feel the taste of emotions\",\"publisher\":{\"@id\":\"https:\\\/\\\/saksavorst.ee\\\/fi\\\/#organization\"},\"alternateName\":\"Veikand\",\"potentialAction\":[{\"@type\":\"SearchAction\",\"target\":{\"@type\":\"EntryPoint\",\"urlTemplate\":\"https:\\\/\\\/saksavorst.ee\\\/fi\\\/?s={search_term_string}\"},\"query-input\":{\"@type\":\"PropertyValueSpecification\",\"valueRequired\":true,\"valueName\":\"search_term_string\"}}],\"inLanguage\":\"fi\"},{\"@type\":\"Organization\",\"@id\":\"https:\\\/\\\/saksavorst.ee\\\/fi\\\/#organization\",\"name\":\"Saksavorst\",\"alternateName\":\"Veikand\",\"url\":\"https:\\\/\\\/saksavorst.ee\\\/fi\\\/\",\"logo\":{\"@type\":\"ImageObject\",\"inLanguage\":\"fi\",\"@id\":\"https:\\\/\\\/saksavorst.ee\\\/fi\\\/#\\\/schema\\\/logo\\\/image\\\/\",\"url\":\"https:\\\/\\\/saksavorst.ee\\\/wp-content\\\/uploads\\\/2023\\\/05\\\/veikand-logo.jpg\",\"contentUrl\":\"https:\\\/\\\/saksavorst.ee\\\/wp-content\\\/uploads\\\/2023\\\/05\\\/veikand-logo.jpg\",\"width\":217,\"height\":217,\"caption\":\"Saksavorst\"},\"image\":{\"@id\":\"https:\\\/\\\/saksavorst.ee\\\/fi\\\/#\\\/schema\\\/logo\\\/image\\\/\"},\"sameAs\":[\"https:\\\/\\\/www.facebook.com\\\/Veikand\"]}]}<\/script>\n<!-- \/ Yoast SEO plugin. -->","yoast_head_json":{"title":"Lampaansuolet Wurstmachers Liebling 22\/24 suolattu - Saksavorst","robots":{"index":"index","follow":"follow","max-snippet":"max-snippet:-1","max-image-preview":"max-image-preview:large","max-video-preview":"max-video-preview:-1"},"canonical":"https:\/\/saksavorst.ee\/fi\/tuote\/lampaansuolet-wurstmachers-liebling-22-24-suolattu\/","og_locale":"fi_FI","og_type":"article","og_title":"Lampaansuolet Wurstmachers Liebling 22\/24 suolattu - Saksavorst","og_description":"Luonnolliset suolatut lampaansuolet koossa 22\/24 sopivat erinomaisesti erilaisten makkaroiden valmistukseen.","og_url":"https:\/\/saksavorst.ee\/fi\/tuote\/lampaansuolet-wurstmachers-liebling-22-24-suolattu\/","og_site_name":"Saksavorst","article_publisher":"https:\/\/www.facebook.com\/Veikand","article_modified_time":"2026-04-06T11:13:54+00:00","og_image":[{"width":800,"height":800,"url":"https:\/\/saksavorst.ee\/wp-content\/uploads\/2023\/02\/Lambasooled-22-24-Wurstmachers-Liebling-15m-pakk-1.jpg","type":"image\/jpeg"}],"twitter_card":"summary_large_image","twitter_misc":{"Arvioitu lukuaika":"1 minuutti"},"schema":{"@context":"https:\/\/schema.org","@graph":[{"@type":"WebPage","@id":"https:\/\/saksavorst.ee\/fi\/tuote\/lampaansuolet-wurstmachers-liebling-22-24-suolattu\/","url":"https:\/\/saksavorst.ee\/fi\/tuote\/lampaansuolet-wurstmachers-liebling-22-24-suolattu\/","name":"Lampaansuolet Wurstmachers Liebling 22\/24 suolattu - Saksavorst","isPartOf":{"@id":"https:\/\/saksavorst.ee\/fi\/#website"},"primaryImageOfPage":{"@id":"https:\/\/saksavorst.ee\/fi\/tuote\/lampaansuolet-wurstmachers-liebling-22-24-suolattu\/#primaryimage"},"image":{"@id":"https:\/\/saksavorst.ee\/fi\/tuote\/lampaansuolet-wurstmachers-liebling-22-24-suolattu\/#primaryimage"},"thumbnailUrl":"https:\/\/saksavorst.ee\/wp-content\/uploads\/2023\/02\/Lambasooled-22-24-Wurstmachers-Liebling-15m-pakk-1.jpg","datePublished":"2022-06-16T08:48:37+00:00","dateModified":"2026-04-06T11:13:54+00:00","breadcrumb":{"@id":"https:\/\/saksavorst.ee\/fi\/tuote\/lampaansuolet-wurstmachers-liebling-22-24-suolattu\/#breadcrumb"},"inLanguage":"fi","potentialAction":[{"@type":"ReadAction","target":["https:\/\/saksavorst.ee\/fi\/tuote\/lampaansuolet-wurstmachers-liebling-22-24-suolattu\/"]}]},{"@type":"ImageObject","inLanguage":"fi","@id":"https:\/\/saksavorst.ee\/fi\/tuote\/lampaansuolet-wurstmachers-liebling-22-24-suolattu\/#primaryimage","url":"https:\/\/saksavorst.ee\/wp-content\/uploads\/2023\/02\/Lambasooled-22-24-Wurstmachers-Liebling-15m-pakk-1.jpg","contentUrl":"https:\/\/saksavorst.ee\/wp-content\/uploads\/2023\/02\/Lambasooled-22-24-Wurstmachers-Liebling-15m-pakk-1.jpg","width":800,"height":800},{"@type":"BreadcrumbList","@id":"https:\/\/saksavorst.ee\/fi\/tuote\/lampaansuolet-wurstmachers-liebling-22-24-suolattu\/#breadcrumb","itemListElement":[{"@type":"ListItem","position":1,"name":"Home","item":"https:\/\/saksavorst.ee\/fi\/"},{"@type":"ListItem","position":2,"name":"Kauppa","item":"https:\/\/saksavorst.ee\/fi\/kauppa\/"},{"@type":"ListItem","position":3,"name":"Lampaansuolet Wurstmachers Liebling 22\/24 suolattu"}]},{"@type":"WebSite","@id":"https:\/\/saksavorst.ee\/fi\/#website","url":"https:\/\/saksavorst.ee\/fi\/","name":"Saksavorst","description":"Feel the taste of emotions","publisher":{"@id":"https:\/\/saksavorst.ee\/fi\/#organization"},"alternateName":"Veikand","potentialAction":[{"@type":"SearchAction","target":{"@type":"EntryPoint","urlTemplate":"https:\/\/saksavorst.ee\/fi\/?s={search_term_string}"},"query-input":{"@type":"PropertyValueSpecification","valueRequired":true,"valueName":"search_term_string"}}],"inLanguage":"fi"},{"@type":"Organization","@id":"https:\/\/saksavorst.ee\/fi\/#organization","name":"Saksavorst","alternateName":"Veikand","url":"https:\/\/saksavorst.ee\/fi\/","logo":{"@type":"ImageObject","inLanguage":"fi","@id":"https:\/\/saksavorst.ee\/fi\/#\/schema\/logo\/image\/","url":"https:\/\/saksavorst.ee\/wp-content\/uploads\/2023\/05\/veikand-logo.jpg","contentUrl":"https:\/\/saksavorst.ee\/wp-content\/uploads\/2023\/05\/veikand-logo.jpg","width":217,"height":217,"caption":"Saksavorst"},"image":{"@id":"https:\/\/saksavorst.ee\/fi\/#\/schema\/logo\/image\/"},"sameAs":["https:\/\/www.facebook.com\/Veikand"]}]}},"_links":{"self":[{"href":"https:\/\/saksavorst.ee\/fi\/wp-json\/wp\/v2\/product\/18460","targetHints":{"allow":["GET"]}}],"collection":[{"href":"https:\/\/saksavorst.ee\/fi\/wp-json\/wp\/v2\/product"}],"about":[{"href":"https:\/\/saksavorst.ee\/fi\/wp-json\/wp\/v2\/types\/product"}],"version-history":[{"count":1,"href":"https:\/\/saksavorst.ee\/fi\/wp-json\/wp\/v2\/product\/18460\/revisions"}],"predecessor-version":[{"id":44674,"href":"https:\/\/saksavorst.ee\/fi\/wp-json\/wp\/v2\/product\/18460\/revisions\/44674"}],"wp:featuredmedia":[{"embeddable":true,"href":"https:\/\/saksavorst.ee\/fi\/wp-json\/wp\/v2\/media\/16484"}],"wp:attachment":[{"href":"https:\/\/saksavorst.ee\/fi\/wp-json\/wp\/v2\/media?parent=18460"}],"wp:term":[{"taxonomy":"product_brand","embeddable":true,"href":"https:\/\/saksavorst.ee\/fi\/wp-json\/wp\/v2\/product_brand?post=18460"},{"taxonomy":"product_cat","embeddable":true,"href":"https:\/\/saksavorst.ee\/fi\/wp-json\/wp\/v2\/product_cat?post=18460"},{"taxonomy":"product_tag","embeddable":true,"href":"https:\/\/saksavorst.ee\/fi\/wp-json\/wp\/v2\/product_tag?post=18460"}],"curies":[{"name":"wp","href":"https:\/\/api.w.org\/{rel}","templated":true}]}}