{"id":18434,"date":"2022-02-15T08:25:03","date_gmt":"2022-02-15T06:25:03","guid":{"rendered":"https:\/\/saksavorst.ee\/product\/culture-choozit-eyes2-lyo-2-d\/"},"modified":"2025-08-07T09:07:38","modified_gmt":"2025-08-07T07:07:38","slug":"hapate-choozit-eyes2-lyo-2-d","status":"publish","type":"product","link":"https:\/\/saksavorst.ee\/fi\/tuote\/hapate-choozit-eyes2-lyo-2-d\/","title":{"rendered":"Hapate CHOOZIT EYES2 LYO 2 D"},"content":{"rendered":"<p><strong>Sis\u00e4lt\u00e4\u00e4: <\/strong><em>Propionibacterium freudenreichii subsp. shermanii.<\/em><\/p>\n<p><strong>K\u00e4ytt\u00f6: <\/strong>Suositeltu annostus:<\/p>\n<p>Kovat juustot \/ Emmental \/Baby Swiss: 0,02 \u2013 0,2 D \/ 100 l maitoa<\/p>\n<p>Amerikkalaiset sveitsil\u00e4istyyppiset juustot: 0,01 \u2013 0,02 D \/ 100 l maitoa<\/p>\n<p>Puolikovat Maasdammermaiset juustot (nopeasti valmistuvat isoreik\u00e4iset juustot: 0,1 \u2013 0,3 D \/ 100 l maitoa<\/p>\n<p>*Annosm\u00e4\u00e4r\u00e4t ovat suosituksia. K\u00e4ytett\u00e4v\u00e4 m\u00e4\u00e4r\u00e4 riippuu k\u00e4ytett\u00e4v\u00e4st\u00e4 teknologiasta, tuotteen rasvaisuudesta ja tavoitelluista lopputuotteen ominaisuuksista.<\/p>\n<p><strong>K\u00e4ytt\u00f6ohje: <\/strong>Desinfioi pakkaus desinfiointiaineella ennen pakkauksen avaamista (kuivaa tarvittaessa). Lis\u00e4\u00e4 s\u00e4il\u00f6nt\u00e4hapate suoraan avatusta pakkauksesta yhdess\u00e4 hapatushapatteen kanssa past\u00f6roituun ja hapatusta varten sopivan l\u00e4mp\u00f6iseen maitoon. Sekoita hitaasti ~5-10 minuuttia.<\/p>\n<p><strong>S\u00e4ilytys: <\/strong>Lyofilisoitujen hapatteiden s\u00e4ilytt\u00e4minen huoneenl\u00e4mm\u00f6ss\u00e4 enint\u00e4\u00e4n kaksi viikkoa ei vaikuta parasta ennen -p\u00e4iv\u00e4ykseen.<\/p>\n<p>S\u00e4ilytet\u00e4\u00e4n 12 kuukautta valmistusp\u00e4iv\u00e4st\u00e4 &#8211; 18 \u00b0C saapumisen j\u00e4lkeen<\/p>\n<p><strong> Valmistettu: <\/strong>Danisco Nieb\u00fcll, Saksa<\/p>\n<p>Halal- ja koshersertifioitu<\/p>\n","protected":false},"excerpt":{"rendered":"<p>Hapate puolikovien ja kovien juustojen valmistukseen. \u00a0Hapate on 100 % <em>Propionibacterium freudenreichii <\/em>ssp. <em>Shermanii<\/em>, jota k\u00e4ytet\u00e4\u00e4n sveitsil\u00e4istyyppisten isoreik\u00e4isten juustojen valmistukseen. Hapate saa aikaan juustolle ominaiset rei\u00e4t ja maun. Propioonihappo ja CO2 saadaan maitohaposta, jota saadaan fermentoimalla ensisijaisesti <em>Streptococcus thermophiluse <\/em>ja <em>Lactobacillus bulgaricuse<\/em> \u00a0hapatteiden vaikutuksesta sveitsil\u00e4istyyppisess\u00e4 juustoissa.<\/p>\n","protected":false},"featured_media":16410,"template":"","meta":{"_acf_changed":false},"product_brand":[],"product_cat":[258,261],"product_tag":[],"class_list":{"0":"post-18434","1":"product","2":"type-product","3":"status-publish","4":"has-post-thumbnail","6":"product_cat-hapatteet","7":"product_cat-juusto","9":"first","10":"instock","11":"taxable","12":"shipping-taxable","13":"purchasable","14":"product-type-simple"},"acf":[],"yoast_head":"<!-- This site is optimized with the Yoast SEO plugin v27.3 - https:\/\/yoast.com\/product\/yoast-seo-wordpress\/ -->\n<title>Hapate CHOOZIT EYES2 LYO 2 D - Saksavorst<\/title>\n<meta name=\"robots\" content=\"index, follow, max-snippet:-1, max-image-preview:large, max-video-preview:-1\" \/>\n<link rel=\"canonical\" href=\"https:\/\/saksavorst.ee\/fi\/tuote\/hapate-choozit-eyes2-lyo-2-d\/\" \/>\n<meta property=\"og:locale\" content=\"fi_FI\" \/>\n<meta property=\"og:type\" content=\"article\" \/>\n<meta property=\"og:title\" content=\"Hapate CHOOZIT EYES2 LYO 2 D - Saksavorst\" \/>\n<meta property=\"og:description\" content=\"Hapate puolikovien ja kovien juustojen valmistukseen. \u00a0Hapate on 100 % Propionibacterium freudenreichii ssp. Shermanii, jota k\u00e4ytet\u00e4\u00e4n sveitsil\u00e4istyyppisten isoreik\u00e4isten juustojen valmistukseen. Hapate saa aikaan juustolle ominaiset rei\u00e4t ja maun. Propioonihappo ja CO2 saadaan maitohaposta, jota saadaan fermentoimalla ensisijaisesti Streptococcus thermophiluse ja Lactobacillus bulgaricuse \u00a0hapatteiden vaikutuksesta sveitsil\u00e4istyyppisess\u00e4 juustoissa.\" \/>\n<meta property=\"og:url\" content=\"https:\/\/saksavorst.ee\/fi\/tuote\/hapate-choozit-eyes2-lyo-2-d\/\" \/>\n<meta property=\"og:site_name\" content=\"Saksavorst\" \/>\n<meta property=\"article:publisher\" content=\"https:\/\/www.facebook.com\/Veikand\" \/>\n<meta property=\"article:modified_time\" content=\"2025-08-07T07:07:38+00:00\" \/>\n<meta property=\"og:image\" content=\"https:\/\/saksavorst.ee\/wp-content\/uploads\/2023\/02\/Juuretis-CHOOZIT-EYES2-LYO-2-D-1.png\" \/>\n\t<meta property=\"og:image:width\" content=\"800\" \/>\n\t<meta property=\"og:image:height\" content=\"800\" \/>\n\t<meta property=\"og:image:type\" content=\"image\/png\" \/>\n<meta name=\"twitter:card\" content=\"summary_large_image\" \/>\n<meta name=\"twitter:label1\" content=\"Arvioitu lukuaika\" \/>\n\t<meta name=\"twitter:data1\" content=\"1 minuutti\" \/>\n<script type=\"application\/ld+json\" class=\"yoast-schema-graph\">{\"@context\":\"https:\\\/\\\/schema.org\",\"@graph\":[{\"@type\":\"WebPage\",\"@id\":\"https:\\\/\\\/saksavorst.ee\\\/fi\\\/tuote\\\/hapate-choozit-eyes2-lyo-2-d\\\/\",\"url\":\"https:\\\/\\\/saksavorst.ee\\\/fi\\\/tuote\\\/hapate-choozit-eyes2-lyo-2-d\\\/\",\"name\":\"Hapate CHOOZIT EYES2 LYO 2 D - Saksavorst\",\"isPartOf\":{\"@id\":\"https:\\\/\\\/saksavorst.ee\\\/fi\\\/#website\"},\"primaryImageOfPage\":{\"@id\":\"https:\\\/\\\/saksavorst.ee\\\/fi\\\/tuote\\\/hapate-choozit-eyes2-lyo-2-d\\\/#primaryimage\"},\"image\":{\"@id\":\"https:\\\/\\\/saksavorst.ee\\\/fi\\\/tuote\\\/hapate-choozit-eyes2-lyo-2-d\\\/#primaryimage\"},\"thumbnailUrl\":\"https:\\\/\\\/saksavorst.ee\\\/wp-content\\\/uploads\\\/2023\\\/02\\\/Juuretis-CHOOZIT-EYES2-LYO-2-D-1.png\",\"datePublished\":\"2022-02-15T06:25:03+00:00\",\"dateModified\":\"2025-08-07T07:07:38+00:00\",\"breadcrumb\":{\"@id\":\"https:\\\/\\\/saksavorst.ee\\\/fi\\\/tuote\\\/hapate-choozit-eyes2-lyo-2-d\\\/#breadcrumb\"},\"inLanguage\":\"fi\",\"potentialAction\":[{\"@type\":\"ReadAction\",\"target\":[\"https:\\\/\\\/saksavorst.ee\\\/fi\\\/tuote\\\/hapate-choozit-eyes2-lyo-2-d\\\/\"]}]},{\"@type\":\"ImageObject\",\"inLanguage\":\"fi\",\"@id\":\"https:\\\/\\\/saksavorst.ee\\\/fi\\\/tuote\\\/hapate-choozit-eyes2-lyo-2-d\\\/#primaryimage\",\"url\":\"https:\\\/\\\/saksavorst.ee\\\/wp-content\\\/uploads\\\/2023\\\/02\\\/Juuretis-CHOOZIT-EYES2-LYO-2-D-1.png\",\"contentUrl\":\"https:\\\/\\\/saksavorst.ee\\\/wp-content\\\/uploads\\\/2023\\\/02\\\/Juuretis-CHOOZIT-EYES2-LYO-2-D-1.png\",\"width\":800,\"height\":800},{\"@type\":\"BreadcrumbList\",\"@id\":\"https:\\\/\\\/saksavorst.ee\\\/fi\\\/tuote\\\/hapate-choozit-eyes2-lyo-2-d\\\/#breadcrumb\",\"itemListElement\":[{\"@type\":\"ListItem\",\"position\":1,\"name\":\"Home\",\"item\":\"https:\\\/\\\/saksavorst.ee\\\/fi\\\/\"},{\"@type\":\"ListItem\",\"position\":2,\"name\":\"Kauppa\",\"item\":\"https:\\\/\\\/saksavorst.ee\\\/fi\\\/kauppa\\\/\"},{\"@type\":\"ListItem\",\"position\":3,\"name\":\"Hapate CHOOZIT EYES2 LYO 2 D\"}]},{\"@type\":\"WebSite\",\"@id\":\"https:\\\/\\\/saksavorst.ee\\\/fi\\\/#website\",\"url\":\"https:\\\/\\\/saksavorst.ee\\\/fi\\\/\",\"name\":\"Saksavorst\",\"description\":\"Feel the taste of emotions\",\"publisher\":{\"@id\":\"https:\\\/\\\/saksavorst.ee\\\/fi\\\/#organization\"},\"alternateName\":\"Veikand\",\"potentialAction\":[{\"@type\":\"SearchAction\",\"target\":{\"@type\":\"EntryPoint\",\"urlTemplate\":\"https:\\\/\\\/saksavorst.ee\\\/fi\\\/?s={search_term_string}\"},\"query-input\":{\"@type\":\"PropertyValueSpecification\",\"valueRequired\":true,\"valueName\":\"search_term_string\"}}],\"inLanguage\":\"fi\"},{\"@type\":\"Organization\",\"@id\":\"https:\\\/\\\/saksavorst.ee\\\/fi\\\/#organization\",\"name\":\"Saksavorst\",\"alternateName\":\"Veikand\",\"url\":\"https:\\\/\\\/saksavorst.ee\\\/fi\\\/\",\"logo\":{\"@type\":\"ImageObject\",\"inLanguage\":\"fi\",\"@id\":\"https:\\\/\\\/saksavorst.ee\\\/fi\\\/#\\\/schema\\\/logo\\\/image\\\/\",\"url\":\"https:\\\/\\\/saksavorst.ee\\\/wp-content\\\/uploads\\\/2023\\\/05\\\/veikand-logo.jpg\",\"contentUrl\":\"https:\\\/\\\/saksavorst.ee\\\/wp-content\\\/uploads\\\/2023\\\/05\\\/veikand-logo.jpg\",\"width\":217,\"height\":217,\"caption\":\"Saksavorst\"},\"image\":{\"@id\":\"https:\\\/\\\/saksavorst.ee\\\/fi\\\/#\\\/schema\\\/logo\\\/image\\\/\"},\"sameAs\":[\"https:\\\/\\\/www.facebook.com\\\/Veikand\"]}]}<\/script>\n<!-- \/ Yoast SEO plugin. -->","yoast_head_json":{"title":"Hapate CHOOZIT EYES2 LYO 2 D - Saksavorst","robots":{"index":"index","follow":"follow","max-snippet":"max-snippet:-1","max-image-preview":"max-image-preview:large","max-video-preview":"max-video-preview:-1"},"canonical":"https:\/\/saksavorst.ee\/fi\/tuote\/hapate-choozit-eyes2-lyo-2-d\/","og_locale":"fi_FI","og_type":"article","og_title":"Hapate CHOOZIT EYES2 LYO 2 D - Saksavorst","og_description":"Hapate puolikovien ja kovien juustojen valmistukseen. \u00a0Hapate on 100 % Propionibacterium freudenreichii ssp. Shermanii, jota k\u00e4ytet\u00e4\u00e4n sveitsil\u00e4istyyppisten isoreik\u00e4isten juustojen valmistukseen. Hapate saa aikaan juustolle ominaiset rei\u00e4t ja maun. Propioonihappo ja CO2 saadaan maitohaposta, jota saadaan fermentoimalla ensisijaisesti Streptococcus thermophiluse ja Lactobacillus bulgaricuse \u00a0hapatteiden vaikutuksesta sveitsil\u00e4istyyppisess\u00e4 juustoissa.","og_url":"https:\/\/saksavorst.ee\/fi\/tuote\/hapate-choozit-eyes2-lyo-2-d\/","og_site_name":"Saksavorst","article_publisher":"https:\/\/www.facebook.com\/Veikand","article_modified_time":"2025-08-07T07:07:38+00:00","og_image":[{"width":800,"height":800,"url":"https:\/\/saksavorst.ee\/wp-content\/uploads\/2023\/02\/Juuretis-CHOOZIT-EYES2-LYO-2-D-1.png","type":"image\/png"}],"twitter_card":"summary_large_image","twitter_misc":{"Arvioitu lukuaika":"1 minuutti"},"schema":{"@context":"https:\/\/schema.org","@graph":[{"@type":"WebPage","@id":"https:\/\/saksavorst.ee\/fi\/tuote\/hapate-choozit-eyes2-lyo-2-d\/","url":"https:\/\/saksavorst.ee\/fi\/tuote\/hapate-choozit-eyes2-lyo-2-d\/","name":"Hapate CHOOZIT EYES2 LYO 2 D - Saksavorst","isPartOf":{"@id":"https:\/\/saksavorst.ee\/fi\/#website"},"primaryImageOfPage":{"@id":"https:\/\/saksavorst.ee\/fi\/tuote\/hapate-choozit-eyes2-lyo-2-d\/#primaryimage"},"image":{"@id":"https:\/\/saksavorst.ee\/fi\/tuote\/hapate-choozit-eyes2-lyo-2-d\/#primaryimage"},"thumbnailUrl":"https:\/\/saksavorst.ee\/wp-content\/uploads\/2023\/02\/Juuretis-CHOOZIT-EYES2-LYO-2-D-1.png","datePublished":"2022-02-15T06:25:03+00:00","dateModified":"2025-08-07T07:07:38+00:00","breadcrumb":{"@id":"https:\/\/saksavorst.ee\/fi\/tuote\/hapate-choozit-eyes2-lyo-2-d\/#breadcrumb"},"inLanguage":"fi","potentialAction":[{"@type":"ReadAction","target":["https:\/\/saksavorst.ee\/fi\/tuote\/hapate-choozit-eyes2-lyo-2-d\/"]}]},{"@type":"ImageObject","inLanguage":"fi","@id":"https:\/\/saksavorst.ee\/fi\/tuote\/hapate-choozit-eyes2-lyo-2-d\/#primaryimage","url":"https:\/\/saksavorst.ee\/wp-content\/uploads\/2023\/02\/Juuretis-CHOOZIT-EYES2-LYO-2-D-1.png","contentUrl":"https:\/\/saksavorst.ee\/wp-content\/uploads\/2023\/02\/Juuretis-CHOOZIT-EYES2-LYO-2-D-1.png","width":800,"height":800},{"@type":"BreadcrumbList","@id":"https:\/\/saksavorst.ee\/fi\/tuote\/hapate-choozit-eyes2-lyo-2-d\/#breadcrumb","itemListElement":[{"@type":"ListItem","position":1,"name":"Home","item":"https:\/\/saksavorst.ee\/fi\/"},{"@type":"ListItem","position":2,"name":"Kauppa","item":"https:\/\/saksavorst.ee\/fi\/kauppa\/"},{"@type":"ListItem","position":3,"name":"Hapate CHOOZIT EYES2 LYO 2 D"}]},{"@type":"WebSite","@id":"https:\/\/saksavorst.ee\/fi\/#website","url":"https:\/\/saksavorst.ee\/fi\/","name":"Saksavorst","description":"Feel the taste of emotions","publisher":{"@id":"https:\/\/saksavorst.ee\/fi\/#organization"},"alternateName":"Veikand","potentialAction":[{"@type":"SearchAction","target":{"@type":"EntryPoint","urlTemplate":"https:\/\/saksavorst.ee\/fi\/?s={search_term_string}"},"query-input":{"@type":"PropertyValueSpecification","valueRequired":true,"valueName":"search_term_string"}}],"inLanguage":"fi"},{"@type":"Organization","@id":"https:\/\/saksavorst.ee\/fi\/#organization","name":"Saksavorst","alternateName":"Veikand","url":"https:\/\/saksavorst.ee\/fi\/","logo":{"@type":"ImageObject","inLanguage":"fi","@id":"https:\/\/saksavorst.ee\/fi\/#\/schema\/logo\/image\/","url":"https:\/\/saksavorst.ee\/wp-content\/uploads\/2023\/05\/veikand-logo.jpg","contentUrl":"https:\/\/saksavorst.ee\/wp-content\/uploads\/2023\/05\/veikand-logo.jpg","width":217,"height":217,"caption":"Saksavorst"},"image":{"@id":"https:\/\/saksavorst.ee\/fi\/#\/schema\/logo\/image\/"},"sameAs":["https:\/\/www.facebook.com\/Veikand"]}]}},"_links":{"self":[{"href":"https:\/\/saksavorst.ee\/fi\/wp-json\/wp\/v2\/product\/18434","targetHints":{"allow":["GET"]}}],"collection":[{"href":"https:\/\/saksavorst.ee\/fi\/wp-json\/wp\/v2\/product"}],"about":[{"href":"https:\/\/saksavorst.ee\/fi\/wp-json\/wp\/v2\/types\/product"}],"version-history":[{"count":1,"href":"https:\/\/saksavorst.ee\/fi\/wp-json\/wp\/v2\/product\/18434\/revisions"}],"predecessor-version":[{"id":44719,"href":"https:\/\/saksavorst.ee\/fi\/wp-json\/wp\/v2\/product\/18434\/revisions\/44719"}],"wp:featuredmedia":[{"embeddable":true,"href":"https:\/\/saksavorst.ee\/fi\/wp-json\/wp\/v2\/media\/16410"}],"wp:attachment":[{"href":"https:\/\/saksavorst.ee\/fi\/wp-json\/wp\/v2\/media?parent=18434"}],"wp:term":[{"taxonomy":"product_brand","embeddable":true,"href":"https:\/\/saksavorst.ee\/fi\/wp-json\/wp\/v2\/product_brand?post=18434"},{"taxonomy":"product_cat","embeddable":true,"href":"https:\/\/saksavorst.ee\/fi\/wp-json\/wp\/v2\/product_cat?post=18434"},{"taxonomy":"product_tag","embeddable":true,"href":"https:\/\/saksavorst.ee\/fi\/wp-json\/wp\/v2\/product_tag?post=18434"}],"curies":[{"name":"wp","href":"https:\/\/api.w.org\/{rel}","templated":true}]}}