{"id":18366,"date":"2015-06-01T10:36:06","date_gmt":"2015-06-01T08:36:06","guid":{"rendered":"https:\/\/saksavorst.ee\/product\/sous-vide-setti-idrochef-316-komplekt\/"},"modified":"2025-09-16T14:48:24","modified_gmt":"2025-09-16T12:48:24","slug":"sous-vide-cooker-idrochef-316-setti","status":"publish","type":"product","link":"https:\/\/saksavorst.ee\/fi\/tuote\/sous-vide-cooker-idrochef-316-setti\/","title":{"rendered":"Sous Vide Cooker IDROCHEF 316 setti"},"content":{"rendered":"<p>Setti: Sous Vide, l\u00e4pin\u00e4kyv\u00e4 GN 1\/1 astia, korkeus 200 mm ja sopiva kansi<\/p>\n<p>Laitteen tiedot:<\/p>\n<ul>\n<li>Runko ruostumatonta ter\u00e4st\u00e4<\/li>\n<li>Voidaan k\u00e4ytt\u00e4\u00e4 enint\u00e4\u00e4n 70 litran vesihauteessa<\/li>\n<li>S\u00e4hk\u00f6inen l\u00e4mp\u00f6tilans\u00e4\u00e4t\u00f6 1\/10\u00a0\u00b0C tarkkuudella (sykevalvonta)<\/li>\n<li>S\u00e4\u00e4dett\u00e4v\u00e4 l\u00e4mp\u00f6tila 0-95 \u00b0C<\/li>\n<li>Turvatermostaatti<\/li>\n<li>Vedenkierto 16 litraa minuutissa<\/li>\n<\/ul>\n<p>Laitteen mitat P x L x K: 164 x 220 x 332 mm<\/p>\n<p>Teho: 2,00 kW<\/p>\n<p>Paino: 8 kg<\/p>\n<p><strong>Sous Vide\u2019n edut:<\/strong><\/p>\n<p>&#8211; Paras mahdollinen ruoanlaatu<br \/>\n&#8211; Kaikki ravintoaineet s\u00e4ilyv\u00e4t<br \/>\n&#8211; S\u00e4\u00e4st\u00e4\u00e4 aikaa ja vaivaa<br \/>\n&#8211; Pident\u00e4\u00e4 s\u00e4ilyvyytt\u00e4 laadusta tinkim\u00e4tt\u00e4 (jopa 21 p\u00e4iv\u00e4\u00e4)<br \/>\n&#8211; V\u00e4hent\u00e4\u00e4 ruokah\u00e4vikki\u00e4 jopa 5 %.<br \/>\n&#8211; Luonnolliset maut s\u00e4ilyv\u00e4t<br \/>\n&#8211; V\u00e4hent\u00e4\u00e4 nesteiden haihtumista<br \/>\n&#8211; Suolaa, \u00f6ljy\u00e4 ja yrttej\u00e4 kuluu huomattavasti v\u00e4hemm\u00e4n<br \/>\n&#8211; Est\u00e4\u00e4 ylikypsennyksen<\/p>\n<p>Katso esittelyvideo <strong><a href=\"https:\/\/www.youtube.com\/watch?v=APUisogkh7w\">T\u00c4ST\u00c4!<\/a><\/strong><\/p>\n","protected":false},"excerpt":{"rendered":"<p><em>Sous vide<\/em> kypsent\u00e4\u00e4 tyhji\u00f6pakatun ruoan vesihauteessa tarkasti s\u00e4\u00e4detyss\u00e4 ja tasaisessa l\u00e4mp\u00f6tilassa.\u00a0N\u00e4in ruoan s\u00e4ilyv\u00e4t pitenee eik\u00e4 maku tai koostumus muutu. My\u00f6s vitamiinit, ravintoaineet ja mineraalisuolat s\u00e4ilyv\u00e4t.<\/p>\n","protected":false},"featured_media":13508,"template":"","meta":{"_acf_changed":false},"product_brand":[],"product_cat":[221,325],"product_tag":[],"class_list":{"0":"post-18366","1":"product","2":"type-product","3":"status-publish","4":"has-post-thumbnail","6":"product_cat-kaikki-tuotteet","7":"product_cat-laitteet","8":"product_shipping_class-ei-mahdu-pakettiautomaattiin","10":"first","11":"instock","12":"taxable","13":"shipping-taxable","14":"purchasable","15":"product-type-simple"},"acf":[],"yoast_head":"<!-- This site is optimized with the Yoast SEO plugin v27.3 - https:\/\/yoast.com\/product\/yoast-seo-wordpress\/ -->\n<title>Sous Vide Cooker IDROCHEF 316 setti - Saksavorst<\/title>\n<meta name=\"robots\" content=\"index, follow, max-snippet:-1, max-image-preview:large, max-video-preview:-1\" \/>\n<link rel=\"canonical\" href=\"https:\/\/saksavorst.ee\/fi\/tuote\/sous-vide-cooker-idrochef-316-setti\/\" \/>\n<meta property=\"og:locale\" content=\"fi_FI\" \/>\n<meta property=\"og:type\" content=\"article\" \/>\n<meta property=\"og:title\" content=\"Sous Vide Cooker IDROCHEF 316 setti - Saksavorst\" \/>\n<meta property=\"og:description\" content=\"Sous vide kypsent\u00e4\u00e4 tyhji\u00f6pakatun ruoan vesihauteessa tarkasti s\u00e4\u00e4detyss\u00e4 ja tasaisessa l\u00e4mp\u00f6tilassa.\u00a0N\u00e4in ruoan s\u00e4ilyv\u00e4t pitenee eik\u00e4 maku tai koostumus muutu. My\u00f6s vitamiinit, ravintoaineet ja mineraalisuolat s\u00e4ilyv\u00e4t.\" \/>\n<meta property=\"og:url\" content=\"https:\/\/saksavorst.ee\/fi\/tuote\/sous-vide-cooker-idrochef-316-setti\/\" \/>\n<meta property=\"og:site_name\" content=\"Saksavorst\" \/>\n<meta property=\"article:publisher\" content=\"https:\/\/www.facebook.com\/Veikand\" \/>\n<meta property=\"article:modified_time\" content=\"2025-09-16T12:48:24+00:00\" \/>\n<meta property=\"og:image\" content=\"https:\/\/saksavorst.ee\/wp-content\/uploads\/2023\/02\/Sous-Vide-Cooker-IDROCHEF-316-komplekt-2-1.png\" \/>\n\t<meta property=\"og:image:width\" content=\"800\" \/>\n\t<meta property=\"og:image:height\" content=\"800\" \/>\n\t<meta property=\"og:image:type\" content=\"image\/png\" \/>\n<meta name=\"twitter:card\" content=\"summary_large_image\" \/>\n<meta name=\"twitter:label1\" content=\"Arvioitu lukuaika\" \/>\n\t<meta name=\"twitter:data1\" content=\"1 minuutti\" \/>\n<script type=\"application\/ld+json\" class=\"yoast-schema-graph\">{\"@context\":\"https:\\\/\\\/schema.org\",\"@graph\":[{\"@type\":\"WebPage\",\"@id\":\"https:\\\/\\\/saksavorst.ee\\\/fi\\\/tuote\\\/sous-vide-cooker-idrochef-316-setti\\\/\",\"url\":\"https:\\\/\\\/saksavorst.ee\\\/fi\\\/tuote\\\/sous-vide-cooker-idrochef-316-setti\\\/\",\"name\":\"Sous Vide Cooker IDROCHEF 316 setti - Saksavorst\",\"isPartOf\":{\"@id\":\"https:\\\/\\\/saksavorst.ee\\\/fi\\\/#website\"},\"primaryImageOfPage\":{\"@id\":\"https:\\\/\\\/saksavorst.ee\\\/fi\\\/tuote\\\/sous-vide-cooker-idrochef-316-setti\\\/#primaryimage\"},\"image\":{\"@id\":\"https:\\\/\\\/saksavorst.ee\\\/fi\\\/tuote\\\/sous-vide-cooker-idrochef-316-setti\\\/#primaryimage\"},\"thumbnailUrl\":\"https:\\\/\\\/saksavorst.ee\\\/wp-content\\\/uploads\\\/2023\\\/02\\\/Sous-Vide-Cooker-IDROCHEF-316-komplekt-2-1.png\",\"datePublished\":\"2015-06-01T08:36:06+00:00\",\"dateModified\":\"2025-09-16T12:48:24+00:00\",\"breadcrumb\":{\"@id\":\"https:\\\/\\\/saksavorst.ee\\\/fi\\\/tuote\\\/sous-vide-cooker-idrochef-316-setti\\\/#breadcrumb\"},\"inLanguage\":\"fi\",\"potentialAction\":[{\"@type\":\"ReadAction\",\"target\":[\"https:\\\/\\\/saksavorst.ee\\\/fi\\\/tuote\\\/sous-vide-cooker-idrochef-316-setti\\\/\"]}]},{\"@type\":\"ImageObject\",\"inLanguage\":\"fi\",\"@id\":\"https:\\\/\\\/saksavorst.ee\\\/fi\\\/tuote\\\/sous-vide-cooker-idrochef-316-setti\\\/#primaryimage\",\"url\":\"https:\\\/\\\/saksavorst.ee\\\/wp-content\\\/uploads\\\/2023\\\/02\\\/Sous-Vide-Cooker-IDROCHEF-316-komplekt-2-1.png\",\"contentUrl\":\"https:\\\/\\\/saksavorst.ee\\\/wp-content\\\/uploads\\\/2023\\\/02\\\/Sous-Vide-Cooker-IDROCHEF-316-komplekt-2-1.png\",\"width\":800,\"height\":800},{\"@type\":\"BreadcrumbList\",\"@id\":\"https:\\\/\\\/saksavorst.ee\\\/fi\\\/tuote\\\/sous-vide-cooker-idrochef-316-setti\\\/#breadcrumb\",\"itemListElement\":[{\"@type\":\"ListItem\",\"position\":1,\"name\":\"Home\",\"item\":\"https:\\\/\\\/saksavorst.ee\\\/fi\\\/\"},{\"@type\":\"ListItem\",\"position\":2,\"name\":\"Kauppa\",\"item\":\"https:\\\/\\\/saksavorst.ee\\\/fi\\\/kauppa\\\/\"},{\"@type\":\"ListItem\",\"position\":3,\"name\":\"Sous Vide Cooker IDROCHEF 316 setti\"}]},{\"@type\":\"WebSite\",\"@id\":\"https:\\\/\\\/saksavorst.ee\\\/fi\\\/#website\",\"url\":\"https:\\\/\\\/saksavorst.ee\\\/fi\\\/\",\"name\":\"Saksavorst\",\"description\":\"Feel the taste of emotions\",\"publisher\":{\"@id\":\"https:\\\/\\\/saksavorst.ee\\\/fi\\\/#organization\"},\"alternateName\":\"Veikand\",\"potentialAction\":[{\"@type\":\"SearchAction\",\"target\":{\"@type\":\"EntryPoint\",\"urlTemplate\":\"https:\\\/\\\/saksavorst.ee\\\/fi\\\/?s={search_term_string}\"},\"query-input\":{\"@type\":\"PropertyValueSpecification\",\"valueRequired\":true,\"valueName\":\"search_term_string\"}}],\"inLanguage\":\"fi\"},{\"@type\":\"Organization\",\"@id\":\"https:\\\/\\\/saksavorst.ee\\\/fi\\\/#organization\",\"name\":\"Saksavorst\",\"alternateName\":\"Veikand\",\"url\":\"https:\\\/\\\/saksavorst.ee\\\/fi\\\/\",\"logo\":{\"@type\":\"ImageObject\",\"inLanguage\":\"fi\",\"@id\":\"https:\\\/\\\/saksavorst.ee\\\/fi\\\/#\\\/schema\\\/logo\\\/image\\\/\",\"url\":\"https:\\\/\\\/saksavorst.ee\\\/wp-content\\\/uploads\\\/2023\\\/05\\\/veikand-logo.jpg\",\"contentUrl\":\"https:\\\/\\\/saksavorst.ee\\\/wp-content\\\/uploads\\\/2023\\\/05\\\/veikand-logo.jpg\",\"width\":217,\"height\":217,\"caption\":\"Saksavorst\"},\"image\":{\"@id\":\"https:\\\/\\\/saksavorst.ee\\\/fi\\\/#\\\/schema\\\/logo\\\/image\\\/\"},\"sameAs\":[\"https:\\\/\\\/www.facebook.com\\\/Veikand\"]}]}<\/script>\n<!-- \/ Yoast SEO plugin. -->","yoast_head_json":{"title":"Sous Vide Cooker IDROCHEF 316 setti - Saksavorst","robots":{"index":"index","follow":"follow","max-snippet":"max-snippet:-1","max-image-preview":"max-image-preview:large","max-video-preview":"max-video-preview:-1"},"canonical":"https:\/\/saksavorst.ee\/fi\/tuote\/sous-vide-cooker-idrochef-316-setti\/","og_locale":"fi_FI","og_type":"article","og_title":"Sous Vide Cooker IDROCHEF 316 setti - Saksavorst","og_description":"Sous vide kypsent\u00e4\u00e4 tyhji\u00f6pakatun ruoan vesihauteessa tarkasti s\u00e4\u00e4detyss\u00e4 ja tasaisessa l\u00e4mp\u00f6tilassa.\u00a0N\u00e4in ruoan s\u00e4ilyv\u00e4t pitenee eik\u00e4 maku tai koostumus muutu. My\u00f6s vitamiinit, ravintoaineet ja mineraalisuolat s\u00e4ilyv\u00e4t.","og_url":"https:\/\/saksavorst.ee\/fi\/tuote\/sous-vide-cooker-idrochef-316-setti\/","og_site_name":"Saksavorst","article_publisher":"https:\/\/www.facebook.com\/Veikand","article_modified_time":"2025-09-16T12:48:24+00:00","og_image":[{"width":800,"height":800,"url":"https:\/\/saksavorst.ee\/wp-content\/uploads\/2023\/02\/Sous-Vide-Cooker-IDROCHEF-316-komplekt-2-1.png","type":"image\/png"}],"twitter_card":"summary_large_image","twitter_misc":{"Arvioitu lukuaika":"1 minuutti"},"schema":{"@context":"https:\/\/schema.org","@graph":[{"@type":"WebPage","@id":"https:\/\/saksavorst.ee\/fi\/tuote\/sous-vide-cooker-idrochef-316-setti\/","url":"https:\/\/saksavorst.ee\/fi\/tuote\/sous-vide-cooker-idrochef-316-setti\/","name":"Sous Vide Cooker IDROCHEF 316 setti - Saksavorst","isPartOf":{"@id":"https:\/\/saksavorst.ee\/fi\/#website"},"primaryImageOfPage":{"@id":"https:\/\/saksavorst.ee\/fi\/tuote\/sous-vide-cooker-idrochef-316-setti\/#primaryimage"},"image":{"@id":"https:\/\/saksavorst.ee\/fi\/tuote\/sous-vide-cooker-idrochef-316-setti\/#primaryimage"},"thumbnailUrl":"https:\/\/saksavorst.ee\/wp-content\/uploads\/2023\/02\/Sous-Vide-Cooker-IDROCHEF-316-komplekt-2-1.png","datePublished":"2015-06-01T08:36:06+00:00","dateModified":"2025-09-16T12:48:24+00:00","breadcrumb":{"@id":"https:\/\/saksavorst.ee\/fi\/tuote\/sous-vide-cooker-idrochef-316-setti\/#breadcrumb"},"inLanguage":"fi","potentialAction":[{"@type":"ReadAction","target":["https:\/\/saksavorst.ee\/fi\/tuote\/sous-vide-cooker-idrochef-316-setti\/"]}]},{"@type":"ImageObject","inLanguage":"fi","@id":"https:\/\/saksavorst.ee\/fi\/tuote\/sous-vide-cooker-idrochef-316-setti\/#primaryimage","url":"https:\/\/saksavorst.ee\/wp-content\/uploads\/2023\/02\/Sous-Vide-Cooker-IDROCHEF-316-komplekt-2-1.png","contentUrl":"https:\/\/saksavorst.ee\/wp-content\/uploads\/2023\/02\/Sous-Vide-Cooker-IDROCHEF-316-komplekt-2-1.png","width":800,"height":800},{"@type":"BreadcrumbList","@id":"https:\/\/saksavorst.ee\/fi\/tuote\/sous-vide-cooker-idrochef-316-setti\/#breadcrumb","itemListElement":[{"@type":"ListItem","position":1,"name":"Home","item":"https:\/\/saksavorst.ee\/fi\/"},{"@type":"ListItem","position":2,"name":"Kauppa","item":"https:\/\/saksavorst.ee\/fi\/kauppa\/"},{"@type":"ListItem","position":3,"name":"Sous Vide Cooker IDROCHEF 316 setti"}]},{"@type":"WebSite","@id":"https:\/\/saksavorst.ee\/fi\/#website","url":"https:\/\/saksavorst.ee\/fi\/","name":"Saksavorst","description":"Feel the taste of emotions","publisher":{"@id":"https:\/\/saksavorst.ee\/fi\/#organization"},"alternateName":"Veikand","potentialAction":[{"@type":"SearchAction","target":{"@type":"EntryPoint","urlTemplate":"https:\/\/saksavorst.ee\/fi\/?s={search_term_string}"},"query-input":{"@type":"PropertyValueSpecification","valueRequired":true,"valueName":"search_term_string"}}],"inLanguage":"fi"},{"@type":"Organization","@id":"https:\/\/saksavorst.ee\/fi\/#organization","name":"Saksavorst","alternateName":"Veikand","url":"https:\/\/saksavorst.ee\/fi\/","logo":{"@type":"ImageObject","inLanguage":"fi","@id":"https:\/\/saksavorst.ee\/fi\/#\/schema\/logo\/image\/","url":"https:\/\/saksavorst.ee\/wp-content\/uploads\/2023\/05\/veikand-logo.jpg","contentUrl":"https:\/\/saksavorst.ee\/wp-content\/uploads\/2023\/05\/veikand-logo.jpg","width":217,"height":217,"caption":"Saksavorst"},"image":{"@id":"https:\/\/saksavorst.ee\/fi\/#\/schema\/logo\/image\/"},"sameAs":["https:\/\/www.facebook.com\/Veikand"]}]}},"_links":{"self":[{"href":"https:\/\/saksavorst.ee\/fi\/wp-json\/wp\/v2\/product\/18366","targetHints":{"allow":["GET"]}}],"collection":[{"href":"https:\/\/saksavorst.ee\/fi\/wp-json\/wp\/v2\/product"}],"about":[{"href":"https:\/\/saksavorst.ee\/fi\/wp-json\/wp\/v2\/types\/product"}],"version-history":[{"count":1,"href":"https:\/\/saksavorst.ee\/fi\/wp-json\/wp\/v2\/product\/18366\/revisions"}],"predecessor-version":[{"id":45954,"href":"https:\/\/saksavorst.ee\/fi\/wp-json\/wp\/v2\/product\/18366\/revisions\/45954"}],"wp:featuredmedia":[{"embeddable":true,"href":"https:\/\/saksavorst.ee\/fi\/wp-json\/wp\/v2\/media\/13508"}],"wp:attachment":[{"href":"https:\/\/saksavorst.ee\/fi\/wp-json\/wp\/v2\/media?parent=18366"}],"wp:term":[{"taxonomy":"product_brand","embeddable":true,"href":"https:\/\/saksavorst.ee\/fi\/wp-json\/wp\/v2\/product_brand?post=18366"},{"taxonomy":"product_cat","embeddable":true,"href":"https:\/\/saksavorst.ee\/fi\/wp-json\/wp\/v2\/product_cat?post=18366"},{"taxonomy":"product_tag","embeddable":true,"href":"https:\/\/saksavorst.ee\/fi\/wp-json\/wp\/v2\/product_tag?post=18366"}],"curies":[{"name":"wp","href":"https:\/\/api.w.org\/{rel}","templated":true}]}}