{"id":18354,"date":"2015-07-22T14:28:53","date_gmt":"2015-07-22T12:28:53","guid":{"rendered":"https:\/\/saksavorst.ee\/product\/hamburger-kyljyspuristin-maxima-o-100mm\/"},"modified":"2025-09-16T13:51:19","modified_gmt":"2025-09-16T11:51:19","slug":"hampurilaispuristin-maxima-o100mm","status":"publish","type":"product","link":"https:\/\/saksavorst.ee\/fi\/tuote\/hampurilaispuristin-maxima-o100mm\/","title":{"rendered":"Hampurilaispuristin Maxima \u00d8100mm"},"content":{"rendered":"<p>Valmistaja: Maxima<\/p>\n<p>Ruostumaton ter\u00e4s<\/p>\n<p>Hampurilaispihvin halkaisija \u00d8 100mm<\/p>\n<p>Mukana 500 vahattua aluspaperia<\/p>\n<p>Jaloissa kumiset imukupit<\/p>\n<p>Ulkomitat P x L x K: 275 x 235 x 230 mm<\/p>\n<p>Paino: 5,85 kg<\/p>\n<p>Lataa k\u00e4ytt\u00f6ohje <strong><a href=\"https:\/\/saksavorst.ee\/wp-content\/uploads\/2015\/07\/Hamburgeri-kotleti-press-Maxima-\u00d8-100mm-kasutusjuhend.pdf\">T\u00c4ST\u00c4<\/a><\/strong><\/p>\n","protected":false},"excerpt":{"rendered":"<p>Hampurilaispuristin Maxima \u00d8 100 mm on tehty alumiinista ja ruostumattomasta ter\u00e4ksest\u00e4 Puristin sopii lihalle, kalalle ja vihanneksille.<\/p>\n","protected":false},"featured_media":13666,"template":"","meta":{"_acf_changed":false},"product_brand":[],"product_cat":[255,221,325],"product_tag":[],"class_list":{"0":"post-18354","1":"product","2":"type-product","3":"status-publish","4":"has-post-thumbnail","6":"product_cat-puristimet-muotoilijat","7":"product_cat-kaikki-tuotteet","8":"product_cat-laitteet","9":"product_shipping_class-ei-mahdu-pakettiautomaattiin","11":"first","12":"instock","13":"taxable","14":"shipping-taxable","15":"purchasable","16":"product-type-simple"},"acf":[],"yoast_head":"<!-- This site is optimized with the Yoast SEO plugin v27.3 - https:\/\/yoast.com\/product\/yoast-seo-wordpress\/ -->\n<title>Hampurilaispuristin Maxima \u00d8100mm - Saksavorst<\/title>\n<meta name=\"robots\" content=\"index, follow, max-snippet:-1, max-image-preview:large, max-video-preview:-1\" \/>\n<link rel=\"canonical\" href=\"https:\/\/saksavorst.ee\/fi\/tuote\/hampurilaispuristin-maxima-o100mm\/\" \/>\n<meta property=\"og:locale\" content=\"fi_FI\" \/>\n<meta property=\"og:type\" content=\"article\" \/>\n<meta property=\"og:title\" content=\"Hampurilaispuristin Maxima \u00d8100mm - Saksavorst\" \/>\n<meta property=\"og:description\" content=\"Hampurilaispuristin Maxima \u00d8 100 mm on tehty alumiinista ja ruostumattomasta ter\u00e4ksest\u00e4 Puristin sopii lihalle, kalalle ja vihanneksille.\" \/>\n<meta property=\"og:url\" content=\"https:\/\/saksavorst.ee\/fi\/tuote\/hampurilaispuristin-maxima-o100mm\/\" \/>\n<meta property=\"og:site_name\" content=\"Saksavorst\" \/>\n<meta property=\"article:publisher\" content=\"https:\/\/www.facebook.com\/Veikand\" \/>\n<meta property=\"article:modified_time\" content=\"2025-09-16T11:51:19+00:00\" \/>\n<meta property=\"og:image\" content=\"https:\/\/saksavorst.ee\/wp-content\/uploads\/2023\/02\/Hamburgeri-kotleti-press-Maxima-O-100mm-1-1.jpg\" \/>\n\t<meta property=\"og:image:width\" content=\"800\" \/>\n\t<meta property=\"og:image:height\" content=\"800\" \/>\n\t<meta property=\"og:image:type\" content=\"image\/jpeg\" \/>\n<meta name=\"twitter:card\" content=\"summary_large_image\" \/>\n<meta name=\"twitter:label1\" content=\"Arvioitu lukuaika\" \/>\n\t<meta name=\"twitter:data1\" content=\"1 minuutti\" \/>\n<script type=\"application\/ld+json\" class=\"yoast-schema-graph\">{\"@context\":\"https:\\\/\\\/schema.org\",\"@graph\":[{\"@type\":\"WebPage\",\"@id\":\"https:\\\/\\\/saksavorst.ee\\\/fi\\\/tuote\\\/hampurilaispuristin-maxima-o100mm\\\/\",\"url\":\"https:\\\/\\\/saksavorst.ee\\\/fi\\\/tuote\\\/hampurilaispuristin-maxima-o100mm\\\/\",\"name\":\"Hampurilaispuristin Maxima \u00d8100mm - Saksavorst\",\"isPartOf\":{\"@id\":\"https:\\\/\\\/saksavorst.ee\\\/fi\\\/#website\"},\"primaryImageOfPage\":{\"@id\":\"https:\\\/\\\/saksavorst.ee\\\/fi\\\/tuote\\\/hampurilaispuristin-maxima-o100mm\\\/#primaryimage\"},\"image\":{\"@id\":\"https:\\\/\\\/saksavorst.ee\\\/fi\\\/tuote\\\/hampurilaispuristin-maxima-o100mm\\\/#primaryimage\"},\"thumbnailUrl\":\"https:\\\/\\\/saksavorst.ee\\\/wp-content\\\/uploads\\\/2023\\\/02\\\/Hamburgeri-kotleti-press-Maxima-O-100mm-1-1.jpg\",\"datePublished\":\"2015-07-22T12:28:53+00:00\",\"dateModified\":\"2025-09-16T11:51:19+00:00\",\"breadcrumb\":{\"@id\":\"https:\\\/\\\/saksavorst.ee\\\/fi\\\/tuote\\\/hampurilaispuristin-maxima-o100mm\\\/#breadcrumb\"},\"inLanguage\":\"fi\",\"potentialAction\":[{\"@type\":\"ReadAction\",\"target\":[\"https:\\\/\\\/saksavorst.ee\\\/fi\\\/tuote\\\/hampurilaispuristin-maxima-o100mm\\\/\"]}]},{\"@type\":\"ImageObject\",\"inLanguage\":\"fi\",\"@id\":\"https:\\\/\\\/saksavorst.ee\\\/fi\\\/tuote\\\/hampurilaispuristin-maxima-o100mm\\\/#primaryimage\",\"url\":\"https:\\\/\\\/saksavorst.ee\\\/wp-content\\\/uploads\\\/2023\\\/02\\\/Hamburgeri-kotleti-press-Maxima-O-100mm-1-1.jpg\",\"contentUrl\":\"https:\\\/\\\/saksavorst.ee\\\/wp-content\\\/uploads\\\/2023\\\/02\\\/Hamburgeri-kotleti-press-Maxima-O-100mm-1-1.jpg\",\"width\":800,\"height\":800},{\"@type\":\"BreadcrumbList\",\"@id\":\"https:\\\/\\\/saksavorst.ee\\\/fi\\\/tuote\\\/hampurilaispuristin-maxima-o100mm\\\/#breadcrumb\",\"itemListElement\":[{\"@type\":\"ListItem\",\"position\":1,\"name\":\"Home\",\"item\":\"https:\\\/\\\/saksavorst.ee\\\/fi\\\/\"},{\"@type\":\"ListItem\",\"position\":2,\"name\":\"Kauppa\",\"item\":\"https:\\\/\\\/saksavorst.ee\\\/fi\\\/kauppa\\\/\"},{\"@type\":\"ListItem\",\"position\":3,\"name\":\"Hampurilaispuristin Maxima \u00d8100mm\"}]},{\"@type\":\"WebSite\",\"@id\":\"https:\\\/\\\/saksavorst.ee\\\/fi\\\/#website\",\"url\":\"https:\\\/\\\/saksavorst.ee\\\/fi\\\/\",\"name\":\"Saksavorst\",\"description\":\"Feel the taste of emotions\",\"publisher\":{\"@id\":\"https:\\\/\\\/saksavorst.ee\\\/fi\\\/#organization\"},\"alternateName\":\"Veikand\",\"potentialAction\":[{\"@type\":\"SearchAction\",\"target\":{\"@type\":\"EntryPoint\",\"urlTemplate\":\"https:\\\/\\\/saksavorst.ee\\\/fi\\\/?s={search_term_string}\"},\"query-input\":{\"@type\":\"PropertyValueSpecification\",\"valueRequired\":true,\"valueName\":\"search_term_string\"}}],\"inLanguage\":\"fi\"},{\"@type\":\"Organization\",\"@id\":\"https:\\\/\\\/saksavorst.ee\\\/fi\\\/#organization\",\"name\":\"Saksavorst\",\"alternateName\":\"Veikand\",\"url\":\"https:\\\/\\\/saksavorst.ee\\\/fi\\\/\",\"logo\":{\"@type\":\"ImageObject\",\"inLanguage\":\"fi\",\"@id\":\"https:\\\/\\\/saksavorst.ee\\\/fi\\\/#\\\/schema\\\/logo\\\/image\\\/\",\"url\":\"https:\\\/\\\/saksavorst.ee\\\/wp-content\\\/uploads\\\/2023\\\/05\\\/veikand-logo.jpg\",\"contentUrl\":\"https:\\\/\\\/saksavorst.ee\\\/wp-content\\\/uploads\\\/2023\\\/05\\\/veikand-logo.jpg\",\"width\":217,\"height\":217,\"caption\":\"Saksavorst\"},\"image\":{\"@id\":\"https:\\\/\\\/saksavorst.ee\\\/fi\\\/#\\\/schema\\\/logo\\\/image\\\/\"},\"sameAs\":[\"https:\\\/\\\/www.facebook.com\\\/Veikand\"]}]}<\/script>\n<!-- \/ Yoast SEO plugin. -->","yoast_head_json":{"title":"Hampurilaispuristin Maxima \u00d8100mm - Saksavorst","robots":{"index":"index","follow":"follow","max-snippet":"max-snippet:-1","max-image-preview":"max-image-preview:large","max-video-preview":"max-video-preview:-1"},"canonical":"https:\/\/saksavorst.ee\/fi\/tuote\/hampurilaispuristin-maxima-o100mm\/","og_locale":"fi_FI","og_type":"article","og_title":"Hampurilaispuristin Maxima \u00d8100mm - Saksavorst","og_description":"Hampurilaispuristin Maxima \u00d8 100 mm on tehty alumiinista ja ruostumattomasta ter\u00e4ksest\u00e4 Puristin sopii lihalle, kalalle ja vihanneksille.","og_url":"https:\/\/saksavorst.ee\/fi\/tuote\/hampurilaispuristin-maxima-o100mm\/","og_site_name":"Saksavorst","article_publisher":"https:\/\/www.facebook.com\/Veikand","article_modified_time":"2025-09-16T11:51:19+00:00","og_image":[{"width":800,"height":800,"url":"https:\/\/saksavorst.ee\/wp-content\/uploads\/2023\/02\/Hamburgeri-kotleti-press-Maxima-O-100mm-1-1.jpg","type":"image\/jpeg"}],"twitter_card":"summary_large_image","twitter_misc":{"Arvioitu lukuaika":"1 minuutti"},"schema":{"@context":"https:\/\/schema.org","@graph":[{"@type":"WebPage","@id":"https:\/\/saksavorst.ee\/fi\/tuote\/hampurilaispuristin-maxima-o100mm\/","url":"https:\/\/saksavorst.ee\/fi\/tuote\/hampurilaispuristin-maxima-o100mm\/","name":"Hampurilaispuristin Maxima \u00d8100mm - Saksavorst","isPartOf":{"@id":"https:\/\/saksavorst.ee\/fi\/#website"},"primaryImageOfPage":{"@id":"https:\/\/saksavorst.ee\/fi\/tuote\/hampurilaispuristin-maxima-o100mm\/#primaryimage"},"image":{"@id":"https:\/\/saksavorst.ee\/fi\/tuote\/hampurilaispuristin-maxima-o100mm\/#primaryimage"},"thumbnailUrl":"https:\/\/saksavorst.ee\/wp-content\/uploads\/2023\/02\/Hamburgeri-kotleti-press-Maxima-O-100mm-1-1.jpg","datePublished":"2015-07-22T12:28:53+00:00","dateModified":"2025-09-16T11:51:19+00:00","breadcrumb":{"@id":"https:\/\/saksavorst.ee\/fi\/tuote\/hampurilaispuristin-maxima-o100mm\/#breadcrumb"},"inLanguage":"fi","potentialAction":[{"@type":"ReadAction","target":["https:\/\/saksavorst.ee\/fi\/tuote\/hampurilaispuristin-maxima-o100mm\/"]}]},{"@type":"ImageObject","inLanguage":"fi","@id":"https:\/\/saksavorst.ee\/fi\/tuote\/hampurilaispuristin-maxima-o100mm\/#primaryimage","url":"https:\/\/saksavorst.ee\/wp-content\/uploads\/2023\/02\/Hamburgeri-kotleti-press-Maxima-O-100mm-1-1.jpg","contentUrl":"https:\/\/saksavorst.ee\/wp-content\/uploads\/2023\/02\/Hamburgeri-kotleti-press-Maxima-O-100mm-1-1.jpg","width":800,"height":800},{"@type":"BreadcrumbList","@id":"https:\/\/saksavorst.ee\/fi\/tuote\/hampurilaispuristin-maxima-o100mm\/#breadcrumb","itemListElement":[{"@type":"ListItem","position":1,"name":"Home","item":"https:\/\/saksavorst.ee\/fi\/"},{"@type":"ListItem","position":2,"name":"Kauppa","item":"https:\/\/saksavorst.ee\/fi\/kauppa\/"},{"@type":"ListItem","position":3,"name":"Hampurilaispuristin Maxima \u00d8100mm"}]},{"@type":"WebSite","@id":"https:\/\/saksavorst.ee\/fi\/#website","url":"https:\/\/saksavorst.ee\/fi\/","name":"Saksavorst","description":"Feel the taste of emotions","publisher":{"@id":"https:\/\/saksavorst.ee\/fi\/#organization"},"alternateName":"Veikand","potentialAction":[{"@type":"SearchAction","target":{"@type":"EntryPoint","urlTemplate":"https:\/\/saksavorst.ee\/fi\/?s={search_term_string}"},"query-input":{"@type":"PropertyValueSpecification","valueRequired":true,"valueName":"search_term_string"}}],"inLanguage":"fi"},{"@type":"Organization","@id":"https:\/\/saksavorst.ee\/fi\/#organization","name":"Saksavorst","alternateName":"Veikand","url":"https:\/\/saksavorst.ee\/fi\/","logo":{"@type":"ImageObject","inLanguage":"fi","@id":"https:\/\/saksavorst.ee\/fi\/#\/schema\/logo\/image\/","url":"https:\/\/saksavorst.ee\/wp-content\/uploads\/2023\/05\/veikand-logo.jpg","contentUrl":"https:\/\/saksavorst.ee\/wp-content\/uploads\/2023\/05\/veikand-logo.jpg","width":217,"height":217,"caption":"Saksavorst"},"image":{"@id":"https:\/\/saksavorst.ee\/fi\/#\/schema\/logo\/image\/"},"sameAs":["https:\/\/www.facebook.com\/Veikand"]}]}},"_links":{"self":[{"href":"https:\/\/saksavorst.ee\/fi\/wp-json\/wp\/v2\/product\/18354","targetHints":{"allow":["GET"]}}],"collection":[{"href":"https:\/\/saksavorst.ee\/fi\/wp-json\/wp\/v2\/product"}],"about":[{"href":"https:\/\/saksavorst.ee\/fi\/wp-json\/wp\/v2\/types\/product"}],"version-history":[{"count":1,"href":"https:\/\/saksavorst.ee\/fi\/wp-json\/wp\/v2\/product\/18354\/revisions"}],"predecessor-version":[{"id":45921,"href":"https:\/\/saksavorst.ee\/fi\/wp-json\/wp\/v2\/product\/18354\/revisions\/45921"}],"wp:featuredmedia":[{"embeddable":true,"href":"https:\/\/saksavorst.ee\/fi\/wp-json\/wp\/v2\/media\/13666"}],"wp:attachment":[{"href":"https:\/\/saksavorst.ee\/fi\/wp-json\/wp\/v2\/media?parent=18354"}],"wp:term":[{"taxonomy":"product_brand","embeddable":true,"href":"https:\/\/saksavorst.ee\/fi\/wp-json\/wp\/v2\/product_brand?post=18354"},{"taxonomy":"product_cat","embeddable":true,"href":"https:\/\/saksavorst.ee\/fi\/wp-json\/wp\/v2\/product_cat?post=18354"},{"taxonomy":"product_tag","embeddable":true,"href":"https:\/\/saksavorst.ee\/fi\/wp-json\/wp\/v2\/product_tag?post=18354"}],"curies":[{"name":"wp","href":"https:\/\/api.w.org\/{rel}","templated":true}]}}