{"id":18308,"date":"2015-07-03T13:39:53","date_gmt":"2015-07-03T11:39:53","guid":{"rendered":"https:\/\/saksavorst.ee\/product\/culture-choozit-ma-4001-lyo-5-dcu\/"},"modified":"2026-04-04T22:13:03","modified_gmt":"2026-04-04T20:13:03","slug":"hapate-choozit-ma-4001-lyo-5-dcu","status":"publish","type":"product","link":"https:\/\/saksavorst.ee\/fi\/tuote\/hapate-choozit-ma-4001-lyo-5-dcu\/","title":{"rendered":"Hapate CHOOZIT MA 4001 LYO 5 DCU"},"content":{"rendered":"<p><strong>Sis\u00e4lt\u00e4\u00e4: <\/strong><em>Lactococcus lactis <\/em>subsp. <em>lactis, Lactococcus lactis <\/em>subsp. <em>cremoris, Lactococcus lactis <\/em>subsp. <em>lactis biovar.diacetylactis, Streptococcus thermophilus<\/em><\/p>\n<p><strong>K\u00e4ytt\u00f6: <\/strong>Suositeltu annostus:<\/p>\n<p>Rahka 2,5 \u2013 5 DCU \/ 100 l maitoa<\/p>\n<p>Smetana, piim\u00e4 2,5 \u2013 5 DCU \/ 100 l maitoa<\/p>\n<p>Pehme\u00e4t juustot 5 \u2013 10 DCU \/ 100 l maitoa<\/p>\n<p>Puolikovat juustot\u00a0 5 \u2013 10 DCU \/ 100 l maitoa<\/p>\n<p>*Annosm\u00e4\u00e4r\u00e4t ovat suosituksia. K\u00e4ytett\u00e4v\u00e4 m\u00e4\u00e4r\u00e4 riippuu k\u00e4ytett\u00e4v\u00e4st\u00e4 teknologiasta, tuotteen rasvaisuudesta ja tavoitelluista lopputuotteen ominaisuuksista.<\/p>\n<p><strong>K\u00e4ytt\u00f6ohje: <\/strong>S\u00e4ilytet\u00e4\u00e4n kuivassa paikassa enint\u00e4\u00e4n 4 \u00b0C\u00a0 l\u00e4mp\u00f6tilassa. Jos pakastetaan, pakkauksen on ennen k\u00e4ytt\u00f6\u00e4 annettava olla huoneenl\u00e4mm\u00f6ss\u00e4 30-60 minuuttia (viljelm\u00e4n aktiivisuuden varmistamiseksi). Ennen k\u00e4ytt\u00f6\u00e4 on tarkistettava, ett\u00e4 hapate on varmasti jauhemaista. Lis\u00e4t\u00e4\u00e4n suoraan valmistettavan maitoon heti, kun sekoittimen vispil\u00e4t ovat maidon peitossa. Ilman p\u00e4\u00e4sy\u00e4 maitoon sek\u00e4 vaahdon muodostumista on v\u00e4ltett\u00e4v\u00e4.<\/p>\n<p><u>T\u00e4rke\u00e4 neuvo: <\/u>jos tuote on kiinte\u00e4\u00e4 massaa, se ei ole en\u00e4\u00e4 k\u00e4ytt\u00f6kelpoista ja t\u00e4ytyy heitt\u00e4\u00e4 pois fagien aiheuttaman saastumisen vaaran v\u00e4ltt\u00e4miseksi, ja asianomaiset tuotantotilat ja laitteet on pest\u00e4v\u00e4 sek\u00e4 desinfioitava s\u00e4\u00e4nn\u00f6llisesti bakteriofagien v\u00e4hent\u00e4miseksi. Bakteriofagien levi\u00e4mist\u00e4 on rajoitettava poistamalla sellaiset j\u00e4rjestelm\u00e4t, jossa osa lopputuotteesta voi p\u00e4\u00e4st\u00e4 takaisin tuotantolinjan alkuun.<\/p>\n<p><strong>S\u00e4ilytys: <\/strong>S\u00e4ilytet\u00e4\u00e4n 18 kuukautta valmistusp\u00e4iv\u00e4st\u00e4 &lt;= +4 \u00b0C l\u00e4mp\u00f6tilassa.<\/p>\n<p><strong>Valmistaja: <\/strong>DuPont Danisco France SAS<\/p>\n<p>Halal- ja koshersertifioitu<\/p>\n","protected":false},"excerpt":{"rendered":"<p>Heterofermentatiivinen mesofiilisten maitohappobakteerien viljelm\u00e4 jogurtin ja hapatettujen maitotuotteiden valmistukseen. Hapate on lyofilisoitu jauhemainen ja voidaan lis\u00e4t\u00e4 suoraan tuotteeseen.<\/p>\n","protected":false},"featured_media":13580,"template":"","meta":{"_acf_changed":false},"product_brand":[],"product_cat":[258,259,261,263,264],"product_tag":[],"class_list":{"0":"post-18308","1":"product","2":"type-product","3":"status-publish","4":"has-post-thumbnail","6":"product_cat-hapatteet","7":"product_cat-hapan-maito","8":"product_cat-juusto","9":"product_cat-rahka","10":"product_cat-smetanaa","12":"first","13":"outofstock","14":"taxable","15":"shipping-taxable","16":"purchasable","17":"product-type-simple"},"acf":[],"yoast_head":"<!-- This site is optimized with the Yoast SEO plugin v27.3 - https:\/\/yoast.com\/product\/yoast-seo-wordpress\/ -->\n<title>Hapate CHOOZIT MA 4001 LYO 5 DCU - Saksavorst<\/title>\n<meta name=\"robots\" content=\"index, follow, max-snippet:-1, max-image-preview:large, max-video-preview:-1\" \/>\n<link rel=\"canonical\" href=\"https:\/\/saksavorst.ee\/fi\/tuote\/hapate-choozit-ma-4001-lyo-5-dcu\/\" \/>\n<meta property=\"og:locale\" content=\"fi_FI\" \/>\n<meta property=\"og:type\" content=\"article\" \/>\n<meta property=\"og:title\" content=\"Hapate CHOOZIT MA 4001 LYO 5 DCU - Saksavorst\" \/>\n<meta property=\"og:description\" content=\"Heterofermentatiivinen mesofiilisten maitohappobakteerien viljelm\u00e4 jogurtin ja hapatettujen maitotuotteiden valmistukseen. Hapate on lyofilisoitu jauhemainen ja voidaan lis\u00e4t\u00e4 suoraan tuotteeseen.\" \/>\n<meta property=\"og:url\" content=\"https:\/\/saksavorst.ee\/fi\/tuote\/hapate-choozit-ma-4001-lyo-5-dcu\/\" \/>\n<meta property=\"og:site_name\" content=\"Saksavorst\" \/>\n<meta property=\"article:publisher\" content=\"https:\/\/www.facebook.com\/Veikand\" \/>\n<meta property=\"article:modified_time\" content=\"2026-04-04T20:13:03+00:00\" \/>\n<meta property=\"og:image\" content=\"https:\/\/saksavorst.ee\/wp-content\/uploads\/2023\/02\/Juuretis-CHOOZIT-MA-4001-LYO-5-DCU-1.png\" \/>\n\t<meta property=\"og:image:width\" content=\"800\" \/>\n\t<meta property=\"og:image:height\" content=\"800\" \/>\n\t<meta property=\"og:image:type\" content=\"image\/png\" \/>\n<meta name=\"twitter:card\" content=\"summary_large_image\" \/>\n<meta name=\"twitter:label1\" content=\"Arvioitu lukuaika\" \/>\n\t<meta name=\"twitter:data1\" content=\"2 minuuttia\" \/>\n<script type=\"application\/ld+json\" class=\"yoast-schema-graph\">{\"@context\":\"https:\\\/\\\/schema.org\",\"@graph\":[{\"@type\":\"WebPage\",\"@id\":\"https:\\\/\\\/saksavorst.ee\\\/fi\\\/tuote\\\/hapate-choozit-ma-4001-lyo-5-dcu\\\/\",\"url\":\"https:\\\/\\\/saksavorst.ee\\\/fi\\\/tuote\\\/hapate-choozit-ma-4001-lyo-5-dcu\\\/\",\"name\":\"Hapate CHOOZIT MA 4001 LYO 5 DCU - Saksavorst\",\"isPartOf\":{\"@id\":\"https:\\\/\\\/saksavorst.ee\\\/fi\\\/#website\"},\"primaryImageOfPage\":{\"@id\":\"https:\\\/\\\/saksavorst.ee\\\/fi\\\/tuote\\\/hapate-choozit-ma-4001-lyo-5-dcu\\\/#primaryimage\"},\"image\":{\"@id\":\"https:\\\/\\\/saksavorst.ee\\\/fi\\\/tuote\\\/hapate-choozit-ma-4001-lyo-5-dcu\\\/#primaryimage\"},\"thumbnailUrl\":\"https:\\\/\\\/saksavorst.ee\\\/wp-content\\\/uploads\\\/2023\\\/02\\\/Juuretis-CHOOZIT-MA-4001-LYO-5-DCU-1.png\",\"datePublished\":\"2015-07-03T11:39:53+00:00\",\"dateModified\":\"2026-04-04T20:13:03+00:00\",\"breadcrumb\":{\"@id\":\"https:\\\/\\\/saksavorst.ee\\\/fi\\\/tuote\\\/hapate-choozit-ma-4001-lyo-5-dcu\\\/#breadcrumb\"},\"inLanguage\":\"fi\",\"potentialAction\":[{\"@type\":\"ReadAction\",\"target\":[\"https:\\\/\\\/saksavorst.ee\\\/fi\\\/tuote\\\/hapate-choozit-ma-4001-lyo-5-dcu\\\/\"]}]},{\"@type\":\"ImageObject\",\"inLanguage\":\"fi\",\"@id\":\"https:\\\/\\\/saksavorst.ee\\\/fi\\\/tuote\\\/hapate-choozit-ma-4001-lyo-5-dcu\\\/#primaryimage\",\"url\":\"https:\\\/\\\/saksavorst.ee\\\/wp-content\\\/uploads\\\/2023\\\/02\\\/Juuretis-CHOOZIT-MA-4001-LYO-5-DCU-1.png\",\"contentUrl\":\"https:\\\/\\\/saksavorst.ee\\\/wp-content\\\/uploads\\\/2023\\\/02\\\/Juuretis-CHOOZIT-MA-4001-LYO-5-DCU-1.png\",\"width\":800,\"height\":800},{\"@type\":\"BreadcrumbList\",\"@id\":\"https:\\\/\\\/saksavorst.ee\\\/fi\\\/tuote\\\/hapate-choozit-ma-4001-lyo-5-dcu\\\/#breadcrumb\",\"itemListElement\":[{\"@type\":\"ListItem\",\"position\":1,\"name\":\"Home\",\"item\":\"https:\\\/\\\/saksavorst.ee\\\/fi\\\/\"},{\"@type\":\"ListItem\",\"position\":2,\"name\":\"Kauppa\",\"item\":\"https:\\\/\\\/saksavorst.ee\\\/fi\\\/kauppa\\\/\"},{\"@type\":\"ListItem\",\"position\":3,\"name\":\"Hapate CHOOZIT MA 4001 LYO 5 DCU\"}]},{\"@type\":\"WebSite\",\"@id\":\"https:\\\/\\\/saksavorst.ee\\\/fi\\\/#website\",\"url\":\"https:\\\/\\\/saksavorst.ee\\\/fi\\\/\",\"name\":\"Saksavorst\",\"description\":\"Feel the taste of emotions\",\"publisher\":{\"@id\":\"https:\\\/\\\/saksavorst.ee\\\/fi\\\/#organization\"},\"alternateName\":\"Veikand\",\"potentialAction\":[{\"@type\":\"SearchAction\",\"target\":{\"@type\":\"EntryPoint\",\"urlTemplate\":\"https:\\\/\\\/saksavorst.ee\\\/fi\\\/?s={search_term_string}\"},\"query-input\":{\"@type\":\"PropertyValueSpecification\",\"valueRequired\":true,\"valueName\":\"search_term_string\"}}],\"inLanguage\":\"fi\"},{\"@type\":\"Organization\",\"@id\":\"https:\\\/\\\/saksavorst.ee\\\/fi\\\/#organization\",\"name\":\"Saksavorst\",\"alternateName\":\"Veikand\",\"url\":\"https:\\\/\\\/saksavorst.ee\\\/fi\\\/\",\"logo\":{\"@type\":\"ImageObject\",\"inLanguage\":\"fi\",\"@id\":\"https:\\\/\\\/saksavorst.ee\\\/fi\\\/#\\\/schema\\\/logo\\\/image\\\/\",\"url\":\"https:\\\/\\\/saksavorst.ee\\\/wp-content\\\/uploads\\\/2023\\\/05\\\/veikand-logo.jpg\",\"contentUrl\":\"https:\\\/\\\/saksavorst.ee\\\/wp-content\\\/uploads\\\/2023\\\/05\\\/veikand-logo.jpg\",\"width\":217,\"height\":217,\"caption\":\"Saksavorst\"},\"image\":{\"@id\":\"https:\\\/\\\/saksavorst.ee\\\/fi\\\/#\\\/schema\\\/logo\\\/image\\\/\"},\"sameAs\":[\"https:\\\/\\\/www.facebook.com\\\/Veikand\"]}]}<\/script>\n<!-- \/ Yoast SEO plugin. -->","yoast_head_json":{"title":"Hapate CHOOZIT MA 4001 LYO 5 DCU - Saksavorst","robots":{"index":"index","follow":"follow","max-snippet":"max-snippet:-1","max-image-preview":"max-image-preview:large","max-video-preview":"max-video-preview:-1"},"canonical":"https:\/\/saksavorst.ee\/fi\/tuote\/hapate-choozit-ma-4001-lyo-5-dcu\/","og_locale":"fi_FI","og_type":"article","og_title":"Hapate CHOOZIT MA 4001 LYO 5 DCU - Saksavorst","og_description":"Heterofermentatiivinen mesofiilisten maitohappobakteerien viljelm\u00e4 jogurtin ja hapatettujen maitotuotteiden valmistukseen. Hapate on lyofilisoitu jauhemainen ja voidaan lis\u00e4t\u00e4 suoraan tuotteeseen.","og_url":"https:\/\/saksavorst.ee\/fi\/tuote\/hapate-choozit-ma-4001-lyo-5-dcu\/","og_site_name":"Saksavorst","article_publisher":"https:\/\/www.facebook.com\/Veikand","article_modified_time":"2026-04-04T20:13:03+00:00","og_image":[{"width":800,"height":800,"url":"https:\/\/saksavorst.ee\/wp-content\/uploads\/2023\/02\/Juuretis-CHOOZIT-MA-4001-LYO-5-DCU-1.png","type":"image\/png"}],"twitter_card":"summary_large_image","twitter_misc":{"Arvioitu lukuaika":"2 minuuttia"},"schema":{"@context":"https:\/\/schema.org","@graph":[{"@type":"WebPage","@id":"https:\/\/saksavorst.ee\/fi\/tuote\/hapate-choozit-ma-4001-lyo-5-dcu\/","url":"https:\/\/saksavorst.ee\/fi\/tuote\/hapate-choozit-ma-4001-lyo-5-dcu\/","name":"Hapate CHOOZIT MA 4001 LYO 5 DCU - Saksavorst","isPartOf":{"@id":"https:\/\/saksavorst.ee\/fi\/#website"},"primaryImageOfPage":{"@id":"https:\/\/saksavorst.ee\/fi\/tuote\/hapate-choozit-ma-4001-lyo-5-dcu\/#primaryimage"},"image":{"@id":"https:\/\/saksavorst.ee\/fi\/tuote\/hapate-choozit-ma-4001-lyo-5-dcu\/#primaryimage"},"thumbnailUrl":"https:\/\/saksavorst.ee\/wp-content\/uploads\/2023\/02\/Juuretis-CHOOZIT-MA-4001-LYO-5-DCU-1.png","datePublished":"2015-07-03T11:39:53+00:00","dateModified":"2026-04-04T20:13:03+00:00","breadcrumb":{"@id":"https:\/\/saksavorst.ee\/fi\/tuote\/hapate-choozit-ma-4001-lyo-5-dcu\/#breadcrumb"},"inLanguage":"fi","potentialAction":[{"@type":"ReadAction","target":["https:\/\/saksavorst.ee\/fi\/tuote\/hapate-choozit-ma-4001-lyo-5-dcu\/"]}]},{"@type":"ImageObject","inLanguage":"fi","@id":"https:\/\/saksavorst.ee\/fi\/tuote\/hapate-choozit-ma-4001-lyo-5-dcu\/#primaryimage","url":"https:\/\/saksavorst.ee\/wp-content\/uploads\/2023\/02\/Juuretis-CHOOZIT-MA-4001-LYO-5-DCU-1.png","contentUrl":"https:\/\/saksavorst.ee\/wp-content\/uploads\/2023\/02\/Juuretis-CHOOZIT-MA-4001-LYO-5-DCU-1.png","width":800,"height":800},{"@type":"BreadcrumbList","@id":"https:\/\/saksavorst.ee\/fi\/tuote\/hapate-choozit-ma-4001-lyo-5-dcu\/#breadcrumb","itemListElement":[{"@type":"ListItem","position":1,"name":"Home","item":"https:\/\/saksavorst.ee\/fi\/"},{"@type":"ListItem","position":2,"name":"Kauppa","item":"https:\/\/saksavorst.ee\/fi\/kauppa\/"},{"@type":"ListItem","position":3,"name":"Hapate CHOOZIT MA 4001 LYO 5 DCU"}]},{"@type":"WebSite","@id":"https:\/\/saksavorst.ee\/fi\/#website","url":"https:\/\/saksavorst.ee\/fi\/","name":"Saksavorst","description":"Feel the taste of emotions","publisher":{"@id":"https:\/\/saksavorst.ee\/fi\/#organization"},"alternateName":"Veikand","potentialAction":[{"@type":"SearchAction","target":{"@type":"EntryPoint","urlTemplate":"https:\/\/saksavorst.ee\/fi\/?s={search_term_string}"},"query-input":{"@type":"PropertyValueSpecification","valueRequired":true,"valueName":"search_term_string"}}],"inLanguage":"fi"},{"@type":"Organization","@id":"https:\/\/saksavorst.ee\/fi\/#organization","name":"Saksavorst","alternateName":"Veikand","url":"https:\/\/saksavorst.ee\/fi\/","logo":{"@type":"ImageObject","inLanguage":"fi","@id":"https:\/\/saksavorst.ee\/fi\/#\/schema\/logo\/image\/","url":"https:\/\/saksavorst.ee\/wp-content\/uploads\/2023\/05\/veikand-logo.jpg","contentUrl":"https:\/\/saksavorst.ee\/wp-content\/uploads\/2023\/05\/veikand-logo.jpg","width":217,"height":217,"caption":"Saksavorst"},"image":{"@id":"https:\/\/saksavorst.ee\/fi\/#\/schema\/logo\/image\/"},"sameAs":["https:\/\/www.facebook.com\/Veikand"]}]}},"_links":{"self":[{"href":"https:\/\/saksavorst.ee\/fi\/wp-json\/wp\/v2\/product\/18308","targetHints":{"allow":["GET"]}}],"collection":[{"href":"https:\/\/saksavorst.ee\/fi\/wp-json\/wp\/v2\/product"}],"about":[{"href":"https:\/\/saksavorst.ee\/fi\/wp-json\/wp\/v2\/types\/product"}],"version-history":[{"count":1,"href":"https:\/\/saksavorst.ee\/fi\/wp-json\/wp\/v2\/product\/18308\/revisions"}],"predecessor-version":[{"id":45925,"href":"https:\/\/saksavorst.ee\/fi\/wp-json\/wp\/v2\/product\/18308\/revisions\/45925"}],"wp:featuredmedia":[{"embeddable":true,"href":"https:\/\/saksavorst.ee\/fi\/wp-json\/wp\/v2\/media\/13580"}],"wp:attachment":[{"href":"https:\/\/saksavorst.ee\/fi\/wp-json\/wp\/v2\/media?parent=18308"}],"wp:term":[{"taxonomy":"product_brand","embeddable":true,"href":"https:\/\/saksavorst.ee\/fi\/wp-json\/wp\/v2\/product_brand?post=18308"},{"taxonomy":"product_cat","embeddable":true,"href":"https:\/\/saksavorst.ee\/fi\/wp-json\/wp\/v2\/product_cat?post=18308"},{"taxonomy":"product_tag","embeddable":true,"href":"https:\/\/saksavorst.ee\/fi\/wp-json\/wp\/v2\/product_tag?post=18308"}],"curies":[{"name":"wp","href":"https:\/\/api.w.org\/{rel}","templated":true}]}}