{"id":18244,"date":"2021-02-10T11:58:19","date_gmt":"2021-02-10T11:58:19","guid":{"rendered":"https:\/\/saksavorst.ee\/product\/katkaisuveitsi-27-542-31-keltainen\/"},"modified":"2025-07-01T14:59:26","modified_gmt":"2025-07-01T12:59:26","slug":"murskausveitsi-27-542-31-keltainen","status":"publish","type":"product","link":"https:\/\/saksavorst.ee\/fi\/tuote\/murskausveitsi-27-542-31-keltainen\/","title":{"rendered":"Murskausveitsi 27.542.31 keltainen"},"content":{"rendered":"<p>Laadukas ter\u00e4<\/p>\n<p>Ter\u00e4: j\u00e4ykk\u00e4<\/p>\n<p>V\u00e4ri: keltainen<\/p>\n<p>Koodi: 27.542.31<\/p>\n<p>Veitsen pituus: 440 mm<\/p>\n<p>Ter\u00e4n pituus: 310 mm<\/p>\n<p>Paino: 250 g<\/p>\n<p>Valmistaja: Eicker Messer<\/p>\n","protected":false},"excerpt":{"rendered":"<p>Laadukas ter\u00e4 Ter\u00e4: j\u00e4ykk\u00e4 V\u00e4ri: keltainen Koodi: 27.542.31 Veitsen pituus: 440 mm Ter\u00e4n pituus: 310 mm Paino: 250 g Valmistaja:<\/p>\n","protected":false},"featured_media":15705,"template":"","meta":{"_acf_changed":false},"product_brand":[],"product_cat":[232,239],"product_tag":[],"class_list":{"0":"post-18244","1":"product","2":"type-product","3":"status-publish","4":"has-post-thumbnail","6":"product_cat-veitset-ja-tarvikkeet","7":"product_cat-veitset","9":"first","10":"instock","11":"taxable","12":"shipping-taxable","13":"purchasable","14":"product-type-simple"},"acf":[],"yoast_head":"<!-- This site is optimized with the Yoast SEO plugin v27.3 - https:\/\/yoast.com\/product\/yoast-seo-wordpress\/ -->\n<title>Murskausveitsi 27.542.31 keltainen - Saksavorst<\/title>\n<meta name=\"robots\" content=\"index, follow, max-snippet:-1, max-image-preview:large, max-video-preview:-1\" \/>\n<link rel=\"canonical\" href=\"https:\/\/saksavorst.ee\/fi\/tuote\/murskausveitsi-27-542-31-keltainen\/\" \/>\n<meta property=\"og:locale\" content=\"fi_FI\" \/>\n<meta property=\"og:type\" content=\"article\" \/>\n<meta property=\"og:title\" content=\"Murskausveitsi 27.542.31 keltainen - Saksavorst\" \/>\n<meta property=\"og:description\" content=\"Laadukas ter\u00e4 Ter\u00e4: j\u00e4ykk\u00e4 V\u00e4ri: keltainen Koodi: 27.542.31 Veitsen pituus: 440 mm Ter\u00e4n pituus: 310 mm Paino: 250 g Valmistaja:\" \/>\n<meta property=\"og:url\" content=\"https:\/\/saksavorst.ee\/fi\/tuote\/murskausveitsi-27-542-31-keltainen\/\" \/>\n<meta property=\"og:site_name\" content=\"Saksavorst\" \/>\n<meta property=\"article:publisher\" content=\"https:\/\/www.facebook.com\/Veikand\" \/>\n<meta property=\"article:modified_time\" content=\"2025-07-01T12:59:26+00:00\" \/>\n<meta property=\"og:image\" content=\"https:\/\/saksavorst.ee\/wp-content\/uploads\/2023\/02\/Purustamisnuga-27.542.31-kollane-1-1.png\" \/>\n\t<meta property=\"og:image:width\" content=\"800\" \/>\n\t<meta property=\"og:image:height\" content=\"800\" \/>\n\t<meta property=\"og:image:type\" content=\"image\/png\" \/>\n<meta name=\"twitter:card\" content=\"summary_large_image\" \/>\n<meta name=\"twitter:label1\" content=\"Arvioitu lukuaika\" \/>\n\t<meta name=\"twitter:data1\" content=\"1 minuutti\" \/>\n<script type=\"application\/ld+json\" class=\"yoast-schema-graph\">{\"@context\":\"https:\\\/\\\/schema.org\",\"@graph\":[{\"@type\":\"WebPage\",\"@id\":\"https:\\\/\\\/saksavorst.ee\\\/fi\\\/tuote\\\/murskausveitsi-27-542-31-keltainen\\\/\",\"url\":\"https:\\\/\\\/saksavorst.ee\\\/fi\\\/tuote\\\/murskausveitsi-27-542-31-keltainen\\\/\",\"name\":\"Murskausveitsi 27.542.31 keltainen - Saksavorst\",\"isPartOf\":{\"@id\":\"https:\\\/\\\/saksavorst.ee\\\/fi\\\/#website\"},\"primaryImageOfPage\":{\"@id\":\"https:\\\/\\\/saksavorst.ee\\\/fi\\\/tuote\\\/murskausveitsi-27-542-31-keltainen\\\/#primaryimage\"},\"image\":{\"@id\":\"https:\\\/\\\/saksavorst.ee\\\/fi\\\/tuote\\\/murskausveitsi-27-542-31-keltainen\\\/#primaryimage\"},\"thumbnailUrl\":\"https:\\\/\\\/saksavorst.ee\\\/wp-content\\\/uploads\\\/2023\\\/02\\\/Purustamisnuga-27.542.31-kollane-1-1.png\",\"datePublished\":\"2021-02-10T11:58:19+00:00\",\"dateModified\":\"2025-07-01T12:59:26+00:00\",\"breadcrumb\":{\"@id\":\"https:\\\/\\\/saksavorst.ee\\\/fi\\\/tuote\\\/murskausveitsi-27-542-31-keltainen\\\/#breadcrumb\"},\"inLanguage\":\"fi\",\"potentialAction\":[{\"@type\":\"ReadAction\",\"target\":[\"https:\\\/\\\/saksavorst.ee\\\/fi\\\/tuote\\\/murskausveitsi-27-542-31-keltainen\\\/\"]}]},{\"@type\":\"ImageObject\",\"inLanguage\":\"fi\",\"@id\":\"https:\\\/\\\/saksavorst.ee\\\/fi\\\/tuote\\\/murskausveitsi-27-542-31-keltainen\\\/#primaryimage\",\"url\":\"https:\\\/\\\/saksavorst.ee\\\/wp-content\\\/uploads\\\/2023\\\/02\\\/Purustamisnuga-27.542.31-kollane-1-1.png\",\"contentUrl\":\"https:\\\/\\\/saksavorst.ee\\\/wp-content\\\/uploads\\\/2023\\\/02\\\/Purustamisnuga-27.542.31-kollane-1-1.png\",\"width\":800,\"height\":800},{\"@type\":\"BreadcrumbList\",\"@id\":\"https:\\\/\\\/saksavorst.ee\\\/fi\\\/tuote\\\/murskausveitsi-27-542-31-keltainen\\\/#breadcrumb\",\"itemListElement\":[{\"@type\":\"ListItem\",\"position\":1,\"name\":\"Home\",\"item\":\"https:\\\/\\\/saksavorst.ee\\\/fi\\\/\"},{\"@type\":\"ListItem\",\"position\":2,\"name\":\"Kauppa\",\"item\":\"https:\\\/\\\/saksavorst.ee\\\/fi\\\/kauppa\\\/\"},{\"@type\":\"ListItem\",\"position\":3,\"name\":\"Murskausveitsi 27.542.31 keltainen\"}]},{\"@type\":\"WebSite\",\"@id\":\"https:\\\/\\\/saksavorst.ee\\\/fi\\\/#website\",\"url\":\"https:\\\/\\\/saksavorst.ee\\\/fi\\\/\",\"name\":\"Saksavorst\",\"description\":\"Feel the taste of emotions\",\"publisher\":{\"@id\":\"https:\\\/\\\/saksavorst.ee\\\/fi\\\/#organization\"},\"alternateName\":\"Veikand\",\"potentialAction\":[{\"@type\":\"SearchAction\",\"target\":{\"@type\":\"EntryPoint\",\"urlTemplate\":\"https:\\\/\\\/saksavorst.ee\\\/fi\\\/?s={search_term_string}\"},\"query-input\":{\"@type\":\"PropertyValueSpecification\",\"valueRequired\":true,\"valueName\":\"search_term_string\"}}],\"inLanguage\":\"fi\"},{\"@type\":\"Organization\",\"@id\":\"https:\\\/\\\/saksavorst.ee\\\/fi\\\/#organization\",\"name\":\"Saksavorst\",\"alternateName\":\"Veikand\",\"url\":\"https:\\\/\\\/saksavorst.ee\\\/fi\\\/\",\"logo\":{\"@type\":\"ImageObject\",\"inLanguage\":\"fi\",\"@id\":\"https:\\\/\\\/saksavorst.ee\\\/fi\\\/#\\\/schema\\\/logo\\\/image\\\/\",\"url\":\"https:\\\/\\\/saksavorst.ee\\\/wp-content\\\/uploads\\\/2023\\\/05\\\/veikand-logo.jpg\",\"contentUrl\":\"https:\\\/\\\/saksavorst.ee\\\/wp-content\\\/uploads\\\/2023\\\/05\\\/veikand-logo.jpg\",\"width\":217,\"height\":217,\"caption\":\"Saksavorst\"},\"image\":{\"@id\":\"https:\\\/\\\/saksavorst.ee\\\/fi\\\/#\\\/schema\\\/logo\\\/image\\\/\"},\"sameAs\":[\"https:\\\/\\\/www.facebook.com\\\/Veikand\"]}]}<\/script>\n<!-- \/ Yoast SEO plugin. -->","yoast_head_json":{"title":"Murskausveitsi 27.542.31 keltainen - Saksavorst","robots":{"index":"index","follow":"follow","max-snippet":"max-snippet:-1","max-image-preview":"max-image-preview:large","max-video-preview":"max-video-preview:-1"},"canonical":"https:\/\/saksavorst.ee\/fi\/tuote\/murskausveitsi-27-542-31-keltainen\/","og_locale":"fi_FI","og_type":"article","og_title":"Murskausveitsi 27.542.31 keltainen - Saksavorst","og_description":"Laadukas ter\u00e4 Ter\u00e4: j\u00e4ykk\u00e4 V\u00e4ri: keltainen Koodi: 27.542.31 Veitsen pituus: 440 mm Ter\u00e4n pituus: 310 mm Paino: 250 g Valmistaja:","og_url":"https:\/\/saksavorst.ee\/fi\/tuote\/murskausveitsi-27-542-31-keltainen\/","og_site_name":"Saksavorst","article_publisher":"https:\/\/www.facebook.com\/Veikand","article_modified_time":"2025-07-01T12:59:26+00:00","og_image":[{"width":800,"height":800,"url":"https:\/\/saksavorst.ee\/wp-content\/uploads\/2023\/02\/Purustamisnuga-27.542.31-kollane-1-1.png","type":"image\/png"}],"twitter_card":"summary_large_image","twitter_misc":{"Arvioitu lukuaika":"1 minuutti"},"schema":{"@context":"https:\/\/schema.org","@graph":[{"@type":"WebPage","@id":"https:\/\/saksavorst.ee\/fi\/tuote\/murskausveitsi-27-542-31-keltainen\/","url":"https:\/\/saksavorst.ee\/fi\/tuote\/murskausveitsi-27-542-31-keltainen\/","name":"Murskausveitsi 27.542.31 keltainen - Saksavorst","isPartOf":{"@id":"https:\/\/saksavorst.ee\/fi\/#website"},"primaryImageOfPage":{"@id":"https:\/\/saksavorst.ee\/fi\/tuote\/murskausveitsi-27-542-31-keltainen\/#primaryimage"},"image":{"@id":"https:\/\/saksavorst.ee\/fi\/tuote\/murskausveitsi-27-542-31-keltainen\/#primaryimage"},"thumbnailUrl":"https:\/\/saksavorst.ee\/wp-content\/uploads\/2023\/02\/Purustamisnuga-27.542.31-kollane-1-1.png","datePublished":"2021-02-10T11:58:19+00:00","dateModified":"2025-07-01T12:59:26+00:00","breadcrumb":{"@id":"https:\/\/saksavorst.ee\/fi\/tuote\/murskausveitsi-27-542-31-keltainen\/#breadcrumb"},"inLanguage":"fi","potentialAction":[{"@type":"ReadAction","target":["https:\/\/saksavorst.ee\/fi\/tuote\/murskausveitsi-27-542-31-keltainen\/"]}]},{"@type":"ImageObject","inLanguage":"fi","@id":"https:\/\/saksavorst.ee\/fi\/tuote\/murskausveitsi-27-542-31-keltainen\/#primaryimage","url":"https:\/\/saksavorst.ee\/wp-content\/uploads\/2023\/02\/Purustamisnuga-27.542.31-kollane-1-1.png","contentUrl":"https:\/\/saksavorst.ee\/wp-content\/uploads\/2023\/02\/Purustamisnuga-27.542.31-kollane-1-1.png","width":800,"height":800},{"@type":"BreadcrumbList","@id":"https:\/\/saksavorst.ee\/fi\/tuote\/murskausveitsi-27-542-31-keltainen\/#breadcrumb","itemListElement":[{"@type":"ListItem","position":1,"name":"Home","item":"https:\/\/saksavorst.ee\/fi\/"},{"@type":"ListItem","position":2,"name":"Kauppa","item":"https:\/\/saksavorst.ee\/fi\/kauppa\/"},{"@type":"ListItem","position":3,"name":"Murskausveitsi 27.542.31 keltainen"}]},{"@type":"WebSite","@id":"https:\/\/saksavorst.ee\/fi\/#website","url":"https:\/\/saksavorst.ee\/fi\/","name":"Saksavorst","description":"Feel the taste of emotions","publisher":{"@id":"https:\/\/saksavorst.ee\/fi\/#organization"},"alternateName":"Veikand","potentialAction":[{"@type":"SearchAction","target":{"@type":"EntryPoint","urlTemplate":"https:\/\/saksavorst.ee\/fi\/?s={search_term_string}"},"query-input":{"@type":"PropertyValueSpecification","valueRequired":true,"valueName":"search_term_string"}}],"inLanguage":"fi"},{"@type":"Organization","@id":"https:\/\/saksavorst.ee\/fi\/#organization","name":"Saksavorst","alternateName":"Veikand","url":"https:\/\/saksavorst.ee\/fi\/","logo":{"@type":"ImageObject","inLanguage":"fi","@id":"https:\/\/saksavorst.ee\/fi\/#\/schema\/logo\/image\/","url":"https:\/\/saksavorst.ee\/wp-content\/uploads\/2023\/05\/veikand-logo.jpg","contentUrl":"https:\/\/saksavorst.ee\/wp-content\/uploads\/2023\/05\/veikand-logo.jpg","width":217,"height":217,"caption":"Saksavorst"},"image":{"@id":"https:\/\/saksavorst.ee\/fi\/#\/schema\/logo\/image\/"},"sameAs":["https:\/\/www.facebook.com\/Veikand"]}]}},"_links":{"self":[{"href":"https:\/\/saksavorst.ee\/fi\/wp-json\/wp\/v2\/product\/18244","targetHints":{"allow":["GET"]}}],"collection":[{"href":"https:\/\/saksavorst.ee\/fi\/wp-json\/wp\/v2\/product"}],"about":[{"href":"https:\/\/saksavorst.ee\/fi\/wp-json\/wp\/v2\/types\/product"}],"version-history":[{"count":1,"href":"https:\/\/saksavorst.ee\/fi\/wp-json\/wp\/v2\/product\/18244\/revisions"}],"predecessor-version":[{"id":43150,"href":"https:\/\/saksavorst.ee\/fi\/wp-json\/wp\/v2\/product\/18244\/revisions\/43150"}],"wp:featuredmedia":[{"embeddable":true,"href":"https:\/\/saksavorst.ee\/fi\/wp-json\/wp\/v2\/media\/15705"}],"wp:attachment":[{"href":"https:\/\/saksavorst.ee\/fi\/wp-json\/wp\/v2\/media?parent=18244"}],"wp:term":[{"taxonomy":"product_brand","embeddable":true,"href":"https:\/\/saksavorst.ee\/fi\/wp-json\/wp\/v2\/product_brand?post=18244"},{"taxonomy":"product_cat","embeddable":true,"href":"https:\/\/saksavorst.ee\/fi\/wp-json\/wp\/v2\/product_cat?post=18244"},{"taxonomy":"product_tag","embeddable":true,"href":"https:\/\/saksavorst.ee\/fi\/wp-json\/wp\/v2\/product_tag?post=18244"}],"curies":[{"name":"wp","href":"https:\/\/api.w.org\/{rel}","templated":true}]}}