{"id":18217,"date":"2020-12-14T11:54:17","date_gmt":"2020-12-14T11:54:17","guid":{"rendered":"https:\/\/saksavorst.ee\/product\/sahkoinen-makkarapuristin-15l\/"},"modified":"2025-08-08T14:41:30","modified_gmt":"2025-08-08T12:41:30","slug":"sahkotoiminen-makkarapuristin-15l","status":"publish","type":"product","link":"https:\/\/saksavorst.ee\/fi\/tuote\/sahkotoiminen-makkarapuristin-15l\/","title":{"rendered":"S\u00e4hk\u00f6toiminen makkarapuristin 15L"},"content":{"rendered":"<p>Suuri kapasiteetti: Ruostumattomasta ter\u00e4ksest\u00e4 valmistettu s\u00e4hk\u00f6inen makkarat\u00e4yte on 10 litraa. T\u00e4m\u00e4 tarkoittaa, ett\u00e4 voit valmistaa suuren m\u00e4\u00e4r\u00e4n makkaraa yhdell\u00e4 kertaa, mik\u00e4 s\u00e4\u00e4st\u00e4\u00e4 aikaa ja vaivaa.<\/p>\n<p>Muuttuva nopeuss\u00e4\u00e4din: T\u00e4ytteen mukana tulee muuttuva nopeuss\u00e4\u00e4din, jonka avulla voit s\u00e4\u00e4t\u00e4\u00e4 nopeutta hitaasta nopeaan. T\u00e4m\u00e4 ominaisuus varmistaa, ett\u00e4 voit valmistaa makkaraa sinulle parhaiten sopivassa tahdissa, mik\u00e4 tekee prosessista tehokkaamman.<\/p>\n<p>Kest\u00e4v\u00e4 rakenne: T\u00e4m\u00e4 t\u00e4yte on valmistettu tyypin 304 ruostumattomasta ter\u00e4ksest\u00e4, materiaalista, joka tunnetaan kest\u00e4vyydest\u00e4\u00e4n. Lis\u00e4ksi irrotettava ruostumattomasta ter\u00e4ksest\u00e4 valmistettu kallistettava kanisteri tekee t\u00e4ytteen puhdistamisesta nopeaa ja helppoa.<\/p>\n<p>Useita putkiliitoksia: T\u00e4ytteen mukana tulee nelj\u00e4 erilaista ruostumattomasta ter\u00e4ksest\u00e4 valmistettua suppiloa 16mm 22mm 32mm 38mm. N\u00e4in voit valmistaa erikokoisia ja -muotoisia makkaraa, mik\u00e4 varmistaa, ett\u00e4 pystyt vastaamaan asiakkaidesi tarpeisiin.<\/p>\n<p>Helppok\u00e4ytt\u00f6inen: T\u00e4ytteell\u00e4 on yksinkertainen ja suoraviivainen muotoilu, joka tekee siit\u00e4 helppok\u00e4ytt\u00f6isen. Se on t\u00e4ydellinen sek\u00e4 aloittelijoille ett\u00e4 kokeneille makkarantekij\u00f6ille, koska se ei vaadi erityisi\u00e4 taitoja tai tietoja.<\/p>\n<p>&nbsp;<\/p>\n<p>Ruostumaton ter\u00e4s<\/p>\n<p>Mukana 4 erikokoista ruostumatonta ter\u00e4sputkea: Halkaisijat 19, 26, 38 ja 42 mm<\/p>\n<p>S\u00e4ili\u00f6n koko: 15 L<\/p>\n<p>Teho: 260 W<\/p>\n<p>S\u00e4hk\u00f6: 240 V \/ 50 Hz<\/p>\n<p>Ulkomitat P x L x K: 885 x 500 x 400 mm<\/p>\n<p>Sylinterin mitat: \u00d8220 x 410 mm<\/p>\n<p>Paino: 35 kg<\/p>\n","protected":false},"excerpt":{"rendered":"<p>Sopii sek\u00e4 mets\u00e4st\u00e4jille ett\u00e4 kotik\u00e4ytt\u00f6\u00f6n.<\/p>\n","protected":false},"featured_media":32927,"template":"","meta":{"_acf_changed":false},"product_brand":[],"product_cat":[221,223,325],"product_tag":[],"class_list":{"0":"post-18217","1":"product","2":"type-product","3":"status-publish","4":"has-post-thumbnail","6":"product_cat-kaikki-tuotteet","7":"product_cat-makkarapuristimet","8":"product_cat-laitteet","9":"product_shipping_class-ei-mahdu-pakettiautomaattiin","11":"first","12":"instock","13":"sold-individually","14":"taxable","15":"shipping-taxable","16":"purchasable","17":"product-type-simple"},"acf":[],"yoast_head":"<!-- This site is optimized with the Yoast SEO plugin v27.3 - https:\/\/yoast.com\/product\/yoast-seo-wordpress\/ -->\n<title>S\u00e4hk\u00f6toiminen makkarapuristin 15L - Saksavorst<\/title>\n<meta name=\"robots\" content=\"index, follow, max-snippet:-1, max-image-preview:large, max-video-preview:-1\" \/>\n<link rel=\"canonical\" href=\"https:\/\/saksavorst.ee\/fi\/tuote\/sahkotoiminen-makkarapuristin-15l\/\" \/>\n<meta property=\"og:locale\" content=\"fi_FI\" \/>\n<meta property=\"og:type\" content=\"article\" \/>\n<meta property=\"og:title\" content=\"S\u00e4hk\u00f6toiminen makkarapuristin 15L - Saksavorst\" \/>\n<meta property=\"og:description\" content=\"Sopii sek\u00e4 mets\u00e4st\u00e4jille ett\u00e4 kotik\u00e4ytt\u00f6\u00f6n.\" \/>\n<meta property=\"og:url\" content=\"https:\/\/saksavorst.ee\/fi\/tuote\/sahkotoiminen-makkarapuristin-15l\/\" \/>\n<meta property=\"og:site_name\" content=\"Saksavorst\" \/>\n<meta property=\"article:publisher\" content=\"https:\/\/www.facebook.com\/Veikand\" \/>\n<meta property=\"article:modified_time\" content=\"2025-08-08T12:41:30+00:00\" \/>\n<meta property=\"og:image\" content=\"https:\/\/saksavorst.ee\/wp-content\/uploads\/2020\/12\/elektriline-vorstiprits-15l-1-1.png\" \/>\n\t<meta property=\"og:image:width\" content=\"900\" \/>\n\t<meta property=\"og:image:height\" content=\"900\" \/>\n\t<meta property=\"og:image:type\" content=\"image\/png\" \/>\n<meta name=\"twitter:card\" content=\"summary_large_image\" \/>\n<meta name=\"twitter:label1\" content=\"Arvioitu lukuaika\" \/>\n\t<meta name=\"twitter:data1\" content=\"2 minuuttia\" \/>\n<script type=\"application\/ld+json\" class=\"yoast-schema-graph\">{\"@context\":\"https:\\\/\\\/schema.org\",\"@graph\":[{\"@type\":\"WebPage\",\"@id\":\"https:\\\/\\\/saksavorst.ee\\\/fi\\\/tuote\\\/sahkotoiminen-makkarapuristin-15l\\\/\",\"url\":\"https:\\\/\\\/saksavorst.ee\\\/fi\\\/tuote\\\/sahkotoiminen-makkarapuristin-15l\\\/\",\"name\":\"S\u00e4hk\u00f6toiminen makkarapuristin 15L - Saksavorst\",\"isPartOf\":{\"@id\":\"https:\\\/\\\/saksavorst.ee\\\/fi\\\/#website\"},\"primaryImageOfPage\":{\"@id\":\"https:\\\/\\\/saksavorst.ee\\\/fi\\\/tuote\\\/sahkotoiminen-makkarapuristin-15l\\\/#primaryimage\"},\"image\":{\"@id\":\"https:\\\/\\\/saksavorst.ee\\\/fi\\\/tuote\\\/sahkotoiminen-makkarapuristin-15l\\\/#primaryimage\"},\"thumbnailUrl\":\"https:\\\/\\\/saksavorst.ee\\\/wp-content\\\/uploads\\\/2020\\\/12\\\/elektriline-vorstiprits-15l-1-1.png\",\"datePublished\":\"2020-12-14T11:54:17+00:00\",\"dateModified\":\"2025-08-08T12:41:30+00:00\",\"breadcrumb\":{\"@id\":\"https:\\\/\\\/saksavorst.ee\\\/fi\\\/tuote\\\/sahkotoiminen-makkarapuristin-15l\\\/#breadcrumb\"},\"inLanguage\":\"fi\",\"potentialAction\":[{\"@type\":\"ReadAction\",\"target\":[\"https:\\\/\\\/saksavorst.ee\\\/fi\\\/tuote\\\/sahkotoiminen-makkarapuristin-15l\\\/\"]}]},{\"@type\":\"ImageObject\",\"inLanguage\":\"fi\",\"@id\":\"https:\\\/\\\/saksavorst.ee\\\/fi\\\/tuote\\\/sahkotoiminen-makkarapuristin-15l\\\/#primaryimage\",\"url\":\"https:\\\/\\\/saksavorst.ee\\\/wp-content\\\/uploads\\\/2020\\\/12\\\/elektriline-vorstiprits-15l-1-1.png\",\"contentUrl\":\"https:\\\/\\\/saksavorst.ee\\\/wp-content\\\/uploads\\\/2020\\\/12\\\/elektriline-vorstiprits-15l-1-1.png\",\"width\":900,\"height\":900},{\"@type\":\"BreadcrumbList\",\"@id\":\"https:\\\/\\\/saksavorst.ee\\\/fi\\\/tuote\\\/sahkotoiminen-makkarapuristin-15l\\\/#breadcrumb\",\"itemListElement\":[{\"@type\":\"ListItem\",\"position\":1,\"name\":\"Home\",\"item\":\"https:\\\/\\\/saksavorst.ee\\\/fi\\\/\"},{\"@type\":\"ListItem\",\"position\":2,\"name\":\"Kauppa\",\"item\":\"https:\\\/\\\/saksavorst.ee\\\/fi\\\/kauppa\\\/\"},{\"@type\":\"ListItem\",\"position\":3,\"name\":\"S\u00e4hk\u00f6toiminen makkarapuristin 15L\"}]},{\"@type\":\"WebSite\",\"@id\":\"https:\\\/\\\/saksavorst.ee\\\/fi\\\/#website\",\"url\":\"https:\\\/\\\/saksavorst.ee\\\/fi\\\/\",\"name\":\"Saksavorst\",\"description\":\"Feel the taste of emotions\",\"publisher\":{\"@id\":\"https:\\\/\\\/saksavorst.ee\\\/fi\\\/#organization\"},\"alternateName\":\"Veikand\",\"potentialAction\":[{\"@type\":\"SearchAction\",\"target\":{\"@type\":\"EntryPoint\",\"urlTemplate\":\"https:\\\/\\\/saksavorst.ee\\\/fi\\\/?s={search_term_string}\"},\"query-input\":{\"@type\":\"PropertyValueSpecification\",\"valueRequired\":true,\"valueName\":\"search_term_string\"}}],\"inLanguage\":\"fi\"},{\"@type\":\"Organization\",\"@id\":\"https:\\\/\\\/saksavorst.ee\\\/fi\\\/#organization\",\"name\":\"Saksavorst\",\"alternateName\":\"Veikand\",\"url\":\"https:\\\/\\\/saksavorst.ee\\\/fi\\\/\",\"logo\":{\"@type\":\"ImageObject\",\"inLanguage\":\"fi\",\"@id\":\"https:\\\/\\\/saksavorst.ee\\\/fi\\\/#\\\/schema\\\/logo\\\/image\\\/\",\"url\":\"https:\\\/\\\/saksavorst.ee\\\/wp-content\\\/uploads\\\/2023\\\/05\\\/veikand-logo.jpg\",\"contentUrl\":\"https:\\\/\\\/saksavorst.ee\\\/wp-content\\\/uploads\\\/2023\\\/05\\\/veikand-logo.jpg\",\"width\":217,\"height\":217,\"caption\":\"Saksavorst\"},\"image\":{\"@id\":\"https:\\\/\\\/saksavorst.ee\\\/fi\\\/#\\\/schema\\\/logo\\\/image\\\/\"},\"sameAs\":[\"https:\\\/\\\/www.facebook.com\\\/Veikand\"]}]}<\/script>\n<!-- \/ Yoast SEO plugin. -->","yoast_head_json":{"title":"S\u00e4hk\u00f6toiminen makkarapuristin 15L - Saksavorst","robots":{"index":"index","follow":"follow","max-snippet":"max-snippet:-1","max-image-preview":"max-image-preview:large","max-video-preview":"max-video-preview:-1"},"canonical":"https:\/\/saksavorst.ee\/fi\/tuote\/sahkotoiminen-makkarapuristin-15l\/","og_locale":"fi_FI","og_type":"article","og_title":"S\u00e4hk\u00f6toiminen makkarapuristin 15L - Saksavorst","og_description":"Sopii sek\u00e4 mets\u00e4st\u00e4jille ett\u00e4 kotik\u00e4ytt\u00f6\u00f6n.","og_url":"https:\/\/saksavorst.ee\/fi\/tuote\/sahkotoiminen-makkarapuristin-15l\/","og_site_name":"Saksavorst","article_publisher":"https:\/\/www.facebook.com\/Veikand","article_modified_time":"2025-08-08T12:41:30+00:00","og_image":[{"width":900,"height":900,"url":"https:\/\/saksavorst.ee\/wp-content\/uploads\/2020\/12\/elektriline-vorstiprits-15l-1-1.png","type":"image\/png"}],"twitter_card":"summary_large_image","twitter_misc":{"Arvioitu lukuaika":"2 minuuttia"},"schema":{"@context":"https:\/\/schema.org","@graph":[{"@type":"WebPage","@id":"https:\/\/saksavorst.ee\/fi\/tuote\/sahkotoiminen-makkarapuristin-15l\/","url":"https:\/\/saksavorst.ee\/fi\/tuote\/sahkotoiminen-makkarapuristin-15l\/","name":"S\u00e4hk\u00f6toiminen makkarapuristin 15L - Saksavorst","isPartOf":{"@id":"https:\/\/saksavorst.ee\/fi\/#website"},"primaryImageOfPage":{"@id":"https:\/\/saksavorst.ee\/fi\/tuote\/sahkotoiminen-makkarapuristin-15l\/#primaryimage"},"image":{"@id":"https:\/\/saksavorst.ee\/fi\/tuote\/sahkotoiminen-makkarapuristin-15l\/#primaryimage"},"thumbnailUrl":"https:\/\/saksavorst.ee\/wp-content\/uploads\/2020\/12\/elektriline-vorstiprits-15l-1-1.png","datePublished":"2020-12-14T11:54:17+00:00","dateModified":"2025-08-08T12:41:30+00:00","breadcrumb":{"@id":"https:\/\/saksavorst.ee\/fi\/tuote\/sahkotoiminen-makkarapuristin-15l\/#breadcrumb"},"inLanguage":"fi","potentialAction":[{"@type":"ReadAction","target":["https:\/\/saksavorst.ee\/fi\/tuote\/sahkotoiminen-makkarapuristin-15l\/"]}]},{"@type":"ImageObject","inLanguage":"fi","@id":"https:\/\/saksavorst.ee\/fi\/tuote\/sahkotoiminen-makkarapuristin-15l\/#primaryimage","url":"https:\/\/saksavorst.ee\/wp-content\/uploads\/2020\/12\/elektriline-vorstiprits-15l-1-1.png","contentUrl":"https:\/\/saksavorst.ee\/wp-content\/uploads\/2020\/12\/elektriline-vorstiprits-15l-1-1.png","width":900,"height":900},{"@type":"BreadcrumbList","@id":"https:\/\/saksavorst.ee\/fi\/tuote\/sahkotoiminen-makkarapuristin-15l\/#breadcrumb","itemListElement":[{"@type":"ListItem","position":1,"name":"Home","item":"https:\/\/saksavorst.ee\/fi\/"},{"@type":"ListItem","position":2,"name":"Kauppa","item":"https:\/\/saksavorst.ee\/fi\/kauppa\/"},{"@type":"ListItem","position":3,"name":"S\u00e4hk\u00f6toiminen makkarapuristin 15L"}]},{"@type":"WebSite","@id":"https:\/\/saksavorst.ee\/fi\/#website","url":"https:\/\/saksavorst.ee\/fi\/","name":"Saksavorst","description":"Feel the taste of emotions","publisher":{"@id":"https:\/\/saksavorst.ee\/fi\/#organization"},"alternateName":"Veikand","potentialAction":[{"@type":"SearchAction","target":{"@type":"EntryPoint","urlTemplate":"https:\/\/saksavorst.ee\/fi\/?s={search_term_string}"},"query-input":{"@type":"PropertyValueSpecification","valueRequired":true,"valueName":"search_term_string"}}],"inLanguage":"fi"},{"@type":"Organization","@id":"https:\/\/saksavorst.ee\/fi\/#organization","name":"Saksavorst","alternateName":"Veikand","url":"https:\/\/saksavorst.ee\/fi\/","logo":{"@type":"ImageObject","inLanguage":"fi","@id":"https:\/\/saksavorst.ee\/fi\/#\/schema\/logo\/image\/","url":"https:\/\/saksavorst.ee\/wp-content\/uploads\/2023\/05\/veikand-logo.jpg","contentUrl":"https:\/\/saksavorst.ee\/wp-content\/uploads\/2023\/05\/veikand-logo.jpg","width":217,"height":217,"caption":"Saksavorst"},"image":{"@id":"https:\/\/saksavorst.ee\/fi\/#\/schema\/logo\/image\/"},"sameAs":["https:\/\/www.facebook.com\/Veikand"]}]}},"_links":{"self":[{"href":"https:\/\/saksavorst.ee\/fi\/wp-json\/wp\/v2\/product\/18217","targetHints":{"allow":["GET"]}}],"collection":[{"href":"https:\/\/saksavorst.ee\/fi\/wp-json\/wp\/v2\/product"}],"about":[{"href":"https:\/\/saksavorst.ee\/fi\/wp-json\/wp\/v2\/types\/product"}],"version-history":[{"count":1,"href":"https:\/\/saksavorst.ee\/fi\/wp-json\/wp\/v2\/product\/18217\/revisions"}],"predecessor-version":[{"id":45110,"href":"https:\/\/saksavorst.ee\/fi\/wp-json\/wp\/v2\/product\/18217\/revisions\/45110"}],"wp:featuredmedia":[{"embeddable":true,"href":"https:\/\/saksavorst.ee\/fi\/wp-json\/wp\/v2\/media\/32927"}],"wp:attachment":[{"href":"https:\/\/saksavorst.ee\/fi\/wp-json\/wp\/v2\/media?parent=18217"}],"wp:term":[{"taxonomy":"product_brand","embeddable":true,"href":"https:\/\/saksavorst.ee\/fi\/wp-json\/wp\/v2\/product_brand?post=18217"},{"taxonomy":"product_cat","embeddable":true,"href":"https:\/\/saksavorst.ee\/fi\/wp-json\/wp\/v2\/product_cat?post=18217"},{"taxonomy":"product_tag","embeddable":true,"href":"https:\/\/saksavorst.ee\/fi\/wp-json\/wp\/v2\/product_tag?post=18217"}],"curies":[{"name":"wp","href":"https:\/\/api.w.org\/{rel}","templated":true}]}}