{"id":18211,"date":"2020-12-07T13:23:56","date_gmt":"2020-12-07T11:23:56","guid":{"rendered":"https:\/\/saksavorst.ee\/product\/vihannesleikkuri-vc450\/"},"modified":"2025-08-08T14:57:06","modified_gmt":"2025-08-08T12:57:06","slug":"vihannesleikkuri-vc450","status":"publish","type":"product","link":"https:\/\/saksavorst.ee\/fi\/tuote\/vihannesleikkuri-vc450\/","title":{"rendered":"Vihannesleikkuri VC450"},"content":{"rendered":"<h4><strong>KUVAUS<\/strong><\/h4>\n<p>\u2013 Leve\u00e4 sy\u00f6tt\u00f6aukko isommille vihanneksille<br \/>\n\u2013 Pieni sy\u00f6tt\u00f6aukko ja survin pitkille vihanneksille<br \/>\n\u2013 Alumiinirunko<br \/>\n\u2013 2 ilmanvaihtoj\u00e4rjestelm\u00e4\u00e4: toisessa kierteet kiinnitt\u00e4v\u00e4t kannen paikoilleen ja toisessa puolestaan s\u00e4hk\u00f6magneettinen anturi (kantta nostettaessa leikkuri kytkeytyy pois p\u00e4\u00e4lt\u00e4)<br \/>\n\u2013 Kytkin on eurooppalaisten vaatimusten mukainen ja komission direktiivin B osan vaatimuksia<\/p>\n<p>Yhdess\u00e4 pakkauksessa on 5 ter\u00e4\u00e4:<br \/>\nVakioleikkuri 2 mm<br \/>\nVakioleikkuri 4 mm<br \/>\nRaastin 3 mm<br \/>\nRaastin 4 mm<br \/>\nRaastin 7 mm<\/p>\n<p>Valmistaja: Maxima<\/p>\n<p>Ulkomitat P x L x K: 24 x 54 x 45 cm<\/p>\n<p>Paino: 24 kg<\/p>\n<p>230 V\/50 Hz \/ yksivaihevirta 550 W<\/p>\n","protected":false},"excerpt":{"rendered":"<p>Vihannesleikkuri on tarkoitettu suurien vihannesm\u00e4\u00e4rien pilkkomiseen.<\/p>\n","protected":false},"featured_media":15550,"template":"","meta":{"_acf_changed":false},"product_brand":[],"product_cat":[221,325],"product_tag":[],"class_list":{"0":"post-18211","1":"product","2":"type-product","3":"status-publish","4":"has-post-thumbnail","6":"product_cat-kaikki-tuotteet","7":"product_cat-laitteet","8":"product_shipping_class-ei-mahdu-pakettiautomaattiin","10":"first","11":"instock","12":"taxable","13":"shipping-taxable","14":"purchasable","15":"product-type-simple"},"acf":[],"yoast_head":"<!-- This site is optimized with the Yoast SEO plugin v27.3 - https:\/\/yoast.com\/product\/yoast-seo-wordpress\/ -->\n<title>Vihannesleikkuri VC450 - Saksavorst<\/title>\n<meta name=\"robots\" content=\"index, follow, max-snippet:-1, max-image-preview:large, max-video-preview:-1\" \/>\n<link rel=\"canonical\" href=\"https:\/\/saksavorst.ee\/fi\/tuote\/vihannesleikkuri-vc450\/\" \/>\n<meta property=\"og:locale\" content=\"fi_FI\" \/>\n<meta property=\"og:type\" content=\"article\" \/>\n<meta property=\"og:title\" content=\"Vihannesleikkuri VC450 - Saksavorst\" \/>\n<meta property=\"og:description\" content=\"Vihannesleikkuri on tarkoitettu suurien vihannesm\u00e4\u00e4rien pilkkomiseen.\" \/>\n<meta property=\"og:url\" content=\"https:\/\/saksavorst.ee\/fi\/tuote\/vihannesleikkuri-vc450\/\" \/>\n<meta property=\"og:site_name\" content=\"Saksavorst\" \/>\n<meta property=\"article:publisher\" content=\"https:\/\/www.facebook.com\/Veikand\" \/>\n<meta property=\"article:modified_time\" content=\"2025-08-08T12:57:06+00:00\" \/>\n<meta property=\"og:image\" content=\"https:\/\/saksavorst.ee\/wp-content\/uploads\/2023\/02\/Juurviljaloikur-VC450-1-1.png\" \/>\n\t<meta property=\"og:image:width\" content=\"800\" \/>\n\t<meta property=\"og:image:height\" content=\"800\" \/>\n\t<meta property=\"og:image:type\" content=\"image\/png\" \/>\n<meta name=\"twitter:card\" content=\"summary_large_image\" \/>\n<meta name=\"twitter:label1\" content=\"Arvioitu lukuaika\" \/>\n\t<meta name=\"twitter:data1\" content=\"1 minuutti\" \/>\n<script type=\"application\/ld+json\" class=\"yoast-schema-graph\">{\"@context\":\"https:\\\/\\\/schema.org\",\"@graph\":[{\"@type\":\"WebPage\",\"@id\":\"https:\\\/\\\/saksavorst.ee\\\/fi\\\/tuote\\\/vihannesleikkuri-vc450\\\/\",\"url\":\"https:\\\/\\\/saksavorst.ee\\\/fi\\\/tuote\\\/vihannesleikkuri-vc450\\\/\",\"name\":\"Vihannesleikkuri VC450 - Saksavorst\",\"isPartOf\":{\"@id\":\"https:\\\/\\\/saksavorst.ee\\\/fi\\\/#website\"},\"primaryImageOfPage\":{\"@id\":\"https:\\\/\\\/saksavorst.ee\\\/fi\\\/tuote\\\/vihannesleikkuri-vc450\\\/#primaryimage\"},\"image\":{\"@id\":\"https:\\\/\\\/saksavorst.ee\\\/fi\\\/tuote\\\/vihannesleikkuri-vc450\\\/#primaryimage\"},\"thumbnailUrl\":\"https:\\\/\\\/saksavorst.ee\\\/wp-content\\\/uploads\\\/2023\\\/02\\\/Juurviljaloikur-VC450-1-1.png\",\"datePublished\":\"2020-12-07T11:23:56+00:00\",\"dateModified\":\"2025-08-08T12:57:06+00:00\",\"breadcrumb\":{\"@id\":\"https:\\\/\\\/saksavorst.ee\\\/fi\\\/tuote\\\/vihannesleikkuri-vc450\\\/#breadcrumb\"},\"inLanguage\":\"fi\",\"potentialAction\":[{\"@type\":\"ReadAction\",\"target\":[\"https:\\\/\\\/saksavorst.ee\\\/fi\\\/tuote\\\/vihannesleikkuri-vc450\\\/\"]}]},{\"@type\":\"ImageObject\",\"inLanguage\":\"fi\",\"@id\":\"https:\\\/\\\/saksavorst.ee\\\/fi\\\/tuote\\\/vihannesleikkuri-vc450\\\/#primaryimage\",\"url\":\"https:\\\/\\\/saksavorst.ee\\\/wp-content\\\/uploads\\\/2023\\\/02\\\/Juurviljaloikur-VC450-1-1.png\",\"contentUrl\":\"https:\\\/\\\/saksavorst.ee\\\/wp-content\\\/uploads\\\/2023\\\/02\\\/Juurviljaloikur-VC450-1-1.png\",\"width\":800,\"height\":800},{\"@type\":\"BreadcrumbList\",\"@id\":\"https:\\\/\\\/saksavorst.ee\\\/fi\\\/tuote\\\/vihannesleikkuri-vc450\\\/#breadcrumb\",\"itemListElement\":[{\"@type\":\"ListItem\",\"position\":1,\"name\":\"Home\",\"item\":\"https:\\\/\\\/saksavorst.ee\\\/fi\\\/\"},{\"@type\":\"ListItem\",\"position\":2,\"name\":\"Kauppa\",\"item\":\"https:\\\/\\\/saksavorst.ee\\\/fi\\\/kauppa\\\/\"},{\"@type\":\"ListItem\",\"position\":3,\"name\":\"Vihannesleikkuri VC450\"}]},{\"@type\":\"WebSite\",\"@id\":\"https:\\\/\\\/saksavorst.ee\\\/fi\\\/#website\",\"url\":\"https:\\\/\\\/saksavorst.ee\\\/fi\\\/\",\"name\":\"Saksavorst\",\"description\":\"Feel the taste of emotions\",\"publisher\":{\"@id\":\"https:\\\/\\\/saksavorst.ee\\\/fi\\\/#organization\"},\"alternateName\":\"Veikand\",\"potentialAction\":[{\"@type\":\"SearchAction\",\"target\":{\"@type\":\"EntryPoint\",\"urlTemplate\":\"https:\\\/\\\/saksavorst.ee\\\/fi\\\/?s={search_term_string}\"},\"query-input\":{\"@type\":\"PropertyValueSpecification\",\"valueRequired\":true,\"valueName\":\"search_term_string\"}}],\"inLanguage\":\"fi\"},{\"@type\":\"Organization\",\"@id\":\"https:\\\/\\\/saksavorst.ee\\\/fi\\\/#organization\",\"name\":\"Saksavorst\",\"alternateName\":\"Veikand\",\"url\":\"https:\\\/\\\/saksavorst.ee\\\/fi\\\/\",\"logo\":{\"@type\":\"ImageObject\",\"inLanguage\":\"fi\",\"@id\":\"https:\\\/\\\/saksavorst.ee\\\/fi\\\/#\\\/schema\\\/logo\\\/image\\\/\",\"url\":\"https:\\\/\\\/saksavorst.ee\\\/wp-content\\\/uploads\\\/2023\\\/05\\\/veikand-logo.jpg\",\"contentUrl\":\"https:\\\/\\\/saksavorst.ee\\\/wp-content\\\/uploads\\\/2023\\\/05\\\/veikand-logo.jpg\",\"width\":217,\"height\":217,\"caption\":\"Saksavorst\"},\"image\":{\"@id\":\"https:\\\/\\\/saksavorst.ee\\\/fi\\\/#\\\/schema\\\/logo\\\/image\\\/\"},\"sameAs\":[\"https:\\\/\\\/www.facebook.com\\\/Veikand\"]}]}<\/script>\n<!-- \/ Yoast SEO plugin. -->","yoast_head_json":{"title":"Vihannesleikkuri VC450 - Saksavorst","robots":{"index":"index","follow":"follow","max-snippet":"max-snippet:-1","max-image-preview":"max-image-preview:large","max-video-preview":"max-video-preview:-1"},"canonical":"https:\/\/saksavorst.ee\/fi\/tuote\/vihannesleikkuri-vc450\/","og_locale":"fi_FI","og_type":"article","og_title":"Vihannesleikkuri VC450 - Saksavorst","og_description":"Vihannesleikkuri on tarkoitettu suurien vihannesm\u00e4\u00e4rien pilkkomiseen.","og_url":"https:\/\/saksavorst.ee\/fi\/tuote\/vihannesleikkuri-vc450\/","og_site_name":"Saksavorst","article_publisher":"https:\/\/www.facebook.com\/Veikand","article_modified_time":"2025-08-08T12:57:06+00:00","og_image":[{"width":800,"height":800,"url":"https:\/\/saksavorst.ee\/wp-content\/uploads\/2023\/02\/Juurviljaloikur-VC450-1-1.png","type":"image\/png"}],"twitter_card":"summary_large_image","twitter_misc":{"Arvioitu lukuaika":"1 minuutti"},"schema":{"@context":"https:\/\/schema.org","@graph":[{"@type":"WebPage","@id":"https:\/\/saksavorst.ee\/fi\/tuote\/vihannesleikkuri-vc450\/","url":"https:\/\/saksavorst.ee\/fi\/tuote\/vihannesleikkuri-vc450\/","name":"Vihannesleikkuri VC450 - Saksavorst","isPartOf":{"@id":"https:\/\/saksavorst.ee\/fi\/#website"},"primaryImageOfPage":{"@id":"https:\/\/saksavorst.ee\/fi\/tuote\/vihannesleikkuri-vc450\/#primaryimage"},"image":{"@id":"https:\/\/saksavorst.ee\/fi\/tuote\/vihannesleikkuri-vc450\/#primaryimage"},"thumbnailUrl":"https:\/\/saksavorst.ee\/wp-content\/uploads\/2023\/02\/Juurviljaloikur-VC450-1-1.png","datePublished":"2020-12-07T11:23:56+00:00","dateModified":"2025-08-08T12:57:06+00:00","breadcrumb":{"@id":"https:\/\/saksavorst.ee\/fi\/tuote\/vihannesleikkuri-vc450\/#breadcrumb"},"inLanguage":"fi","potentialAction":[{"@type":"ReadAction","target":["https:\/\/saksavorst.ee\/fi\/tuote\/vihannesleikkuri-vc450\/"]}]},{"@type":"ImageObject","inLanguage":"fi","@id":"https:\/\/saksavorst.ee\/fi\/tuote\/vihannesleikkuri-vc450\/#primaryimage","url":"https:\/\/saksavorst.ee\/wp-content\/uploads\/2023\/02\/Juurviljaloikur-VC450-1-1.png","contentUrl":"https:\/\/saksavorst.ee\/wp-content\/uploads\/2023\/02\/Juurviljaloikur-VC450-1-1.png","width":800,"height":800},{"@type":"BreadcrumbList","@id":"https:\/\/saksavorst.ee\/fi\/tuote\/vihannesleikkuri-vc450\/#breadcrumb","itemListElement":[{"@type":"ListItem","position":1,"name":"Home","item":"https:\/\/saksavorst.ee\/fi\/"},{"@type":"ListItem","position":2,"name":"Kauppa","item":"https:\/\/saksavorst.ee\/fi\/kauppa\/"},{"@type":"ListItem","position":3,"name":"Vihannesleikkuri VC450"}]},{"@type":"WebSite","@id":"https:\/\/saksavorst.ee\/fi\/#website","url":"https:\/\/saksavorst.ee\/fi\/","name":"Saksavorst","description":"Feel the taste of emotions","publisher":{"@id":"https:\/\/saksavorst.ee\/fi\/#organization"},"alternateName":"Veikand","potentialAction":[{"@type":"SearchAction","target":{"@type":"EntryPoint","urlTemplate":"https:\/\/saksavorst.ee\/fi\/?s={search_term_string}"},"query-input":{"@type":"PropertyValueSpecification","valueRequired":true,"valueName":"search_term_string"}}],"inLanguage":"fi"},{"@type":"Organization","@id":"https:\/\/saksavorst.ee\/fi\/#organization","name":"Saksavorst","alternateName":"Veikand","url":"https:\/\/saksavorst.ee\/fi\/","logo":{"@type":"ImageObject","inLanguage":"fi","@id":"https:\/\/saksavorst.ee\/fi\/#\/schema\/logo\/image\/","url":"https:\/\/saksavorst.ee\/wp-content\/uploads\/2023\/05\/veikand-logo.jpg","contentUrl":"https:\/\/saksavorst.ee\/wp-content\/uploads\/2023\/05\/veikand-logo.jpg","width":217,"height":217,"caption":"Saksavorst"},"image":{"@id":"https:\/\/saksavorst.ee\/fi\/#\/schema\/logo\/image\/"},"sameAs":["https:\/\/www.facebook.com\/Veikand"]}]}},"_links":{"self":[{"href":"https:\/\/saksavorst.ee\/fi\/wp-json\/wp\/v2\/product\/18211","targetHints":{"allow":["GET"]}}],"collection":[{"href":"https:\/\/saksavorst.ee\/fi\/wp-json\/wp\/v2\/product"}],"about":[{"href":"https:\/\/saksavorst.ee\/fi\/wp-json\/wp\/v2\/types\/product"}],"version-history":[{"count":1,"href":"https:\/\/saksavorst.ee\/fi\/wp-json\/wp\/v2\/product\/18211\/revisions"}],"predecessor-version":[{"id":45119,"href":"https:\/\/saksavorst.ee\/fi\/wp-json\/wp\/v2\/product\/18211\/revisions\/45119"}],"wp:featuredmedia":[{"embeddable":true,"href":"https:\/\/saksavorst.ee\/fi\/wp-json\/wp\/v2\/media\/15550"}],"wp:attachment":[{"href":"https:\/\/saksavorst.ee\/fi\/wp-json\/wp\/v2\/media?parent=18211"}],"wp:term":[{"taxonomy":"product_brand","embeddable":true,"href":"https:\/\/saksavorst.ee\/fi\/wp-json\/wp\/v2\/product_brand?post=18211"},{"taxonomy":"product_cat","embeddable":true,"href":"https:\/\/saksavorst.ee\/fi\/wp-json\/wp\/v2\/product_cat?post=18211"},{"taxonomy":"product_tag","embeddable":true,"href":"https:\/\/saksavorst.ee\/fi\/wp-json\/wp\/v2\/product_tag?post=18211"}],"curies":[{"name":"wp","href":"https:\/\/api.w.org\/{rel}","templated":true}]}}