{"id":18195,"date":"2020-10-29T09:10:11","date_gmt":"2020-10-29T07:10:11","guid":{"rendered":"https:\/\/saksavorst.ee\/product\/polyamidikuori-amiflex-ekspress-58-pink\/"},"modified":"2025-12-17T17:39:25","modified_gmt":"2025-12-17T15:39:25","slug":"polyamidikuori-amiflex-ekspress-58-vaaleanpunainen","status":"publish","type":"product","link":"https:\/\/saksavorst.ee\/fi\/tuote\/polyamidikuori-amiflex-ekspress-58-vaaleanpunainen\/","title":{"rendered":"Polyamidikuori Amiflex Ekspress 58 vaaleanpunainen"},"content":{"rendered":"<h4><strong>KUVAUS:<\/strong><\/h4>\n<p>M\u00e4\u00e4r\u00e4: 1 aaltomainen osa<\/p>\n<p>Pituus: 40 m<\/p>\n<p>Menekki: yhdest\u00e4 40 metrin pakkauksesta riitt\u00e4\u00e4 noin 80 kg:lle makkaraa<\/p>\n<p>S\u00e4ilytet\u00e4\u00e4n viile\u00e4ss\u00e4 (11-25 \u00b0C), kuivassa ja valolta suojattuna<\/p>\n<p>Parasta ennen: katso pakkauksesta (36 kk valmistuksesta)<\/p>\n<p>Valmistettu T\u0161ekin tasavallassa<\/p>\n<p>Valmistaja: Atlantis-Pak<\/p>\n<h4><strong>K\u00c4YTT\u00d6OHJE:<\/strong><\/h4>\n<p>Ei tarvitse liottaa vaan voidaan ruiskuttaa kuoreen kuivana.<\/p>\n","protected":false},"excerpt":{"rendered":"<p>Polyamidikuori, joka sopii jauhelihan pakkaamiseen sek\u00e4 my\u00f6s keittomakkaroiden ja keittokinkkujen valmistukseen. Kuori on v\u00e4rilt\u00e4\u00e4n vaaleanpunainen. Kuoren koostumus takaa tuotteen pitk\u00e4n s\u00e4ilyvyyden. Kuori ei l\u00e4p\u00e4ise savua.<\/p>\n","protected":false},"featured_media":30320,"template":"","meta":{"_acf_changed":false},"product_brand":[],"product_cat":[243,241],"product_tag":[],"class_list":{"0":"post-18195","1":"product","2":"type-product","3":"status-publish","4":"has-post-thumbnail","6":"product_cat-keinokuoret","7":"product_cat-makkaran-kuoret-ja-tarvikkeet","9":"first","10":"instock","11":"taxable","12":"shipping-taxable","13":"purchasable","14":"product-type-simple"},"acf":[],"yoast_head":"<!-- This site is optimized with the Yoast SEO plugin v27.3 - https:\/\/yoast.com\/product\/yoast-seo-wordpress\/ -->\n<title>Polyamidikuori Amiflex Ekspress 58 vaaleanpunainen - Saksavorst<\/title>\n<meta name=\"robots\" content=\"index, follow, max-snippet:-1, max-image-preview:large, max-video-preview:-1\" \/>\n<link rel=\"canonical\" href=\"https:\/\/saksavorst.ee\/fi\/tuote\/polyamidikuori-amiflex-ekspress-58-vaaleanpunainen\/\" \/>\n<meta property=\"og:locale\" content=\"fi_FI\" \/>\n<meta property=\"og:type\" content=\"article\" \/>\n<meta property=\"og:title\" content=\"Polyamidikuori Amiflex Ekspress 58 vaaleanpunainen - Saksavorst\" \/>\n<meta property=\"og:description\" content=\"Polyamidikuori, joka sopii jauhelihan pakkaamiseen sek\u00e4 my\u00f6s keittomakkaroiden ja keittokinkkujen valmistukseen. Kuori on v\u00e4rilt\u00e4\u00e4n vaaleanpunainen. Kuoren koostumus takaa tuotteen pitk\u00e4n s\u00e4ilyvyyden. Kuori ei l\u00e4p\u00e4ise savua.\" \/>\n<meta property=\"og:url\" content=\"https:\/\/saksavorst.ee\/fi\/tuote\/polyamidikuori-amiflex-ekspress-58-vaaleanpunainen\/\" \/>\n<meta property=\"og:site_name\" content=\"Saksavorst\" \/>\n<meta property=\"article:publisher\" content=\"https:\/\/www.facebook.com\/Veikand\" \/>\n<meta property=\"article:modified_time\" content=\"2025-12-17T15:39:25+00:00\" \/>\n<meta property=\"og:image\" content=\"https:\/\/saksavorst.ee\/wp-content\/uploads\/2020\/10\/poluamiidkest-amiflex-ekspress-58-pink-1.png\" \/>\n\t<meta property=\"og:image:width\" content=\"800\" \/>\n\t<meta property=\"og:image:height\" content=\"800\" \/>\n\t<meta property=\"og:image:type\" content=\"image\/png\" \/>\n<meta name=\"twitter:card\" content=\"summary_large_image\" \/>\n<meta name=\"twitter:label1\" content=\"Arvioitu lukuaika\" \/>\n\t<meta name=\"twitter:data1\" content=\"1 minuutti\" \/>\n<script type=\"application\/ld+json\" class=\"yoast-schema-graph\">{\"@context\":\"https:\\\/\\\/schema.org\",\"@graph\":[{\"@type\":\"WebPage\",\"@id\":\"https:\\\/\\\/saksavorst.ee\\\/fi\\\/tuote\\\/polyamidikuori-amiflex-ekspress-58-vaaleanpunainen\\\/\",\"url\":\"https:\\\/\\\/saksavorst.ee\\\/fi\\\/tuote\\\/polyamidikuori-amiflex-ekspress-58-vaaleanpunainen\\\/\",\"name\":\"Polyamidikuori Amiflex Ekspress 58 vaaleanpunainen - Saksavorst\",\"isPartOf\":{\"@id\":\"https:\\\/\\\/saksavorst.ee\\\/fi\\\/#website\"},\"primaryImageOfPage\":{\"@id\":\"https:\\\/\\\/saksavorst.ee\\\/fi\\\/tuote\\\/polyamidikuori-amiflex-ekspress-58-vaaleanpunainen\\\/#primaryimage\"},\"image\":{\"@id\":\"https:\\\/\\\/saksavorst.ee\\\/fi\\\/tuote\\\/polyamidikuori-amiflex-ekspress-58-vaaleanpunainen\\\/#primaryimage\"},\"thumbnailUrl\":\"https:\\\/\\\/saksavorst.ee\\\/wp-content\\\/uploads\\\/2020\\\/10\\\/poluamiidkest-amiflex-ekspress-58-pink-1.png\",\"datePublished\":\"2020-10-29T07:10:11+00:00\",\"dateModified\":\"2025-12-17T15:39:25+00:00\",\"breadcrumb\":{\"@id\":\"https:\\\/\\\/saksavorst.ee\\\/fi\\\/tuote\\\/polyamidikuori-amiflex-ekspress-58-vaaleanpunainen\\\/#breadcrumb\"},\"inLanguage\":\"fi\",\"potentialAction\":[{\"@type\":\"ReadAction\",\"target\":[\"https:\\\/\\\/saksavorst.ee\\\/fi\\\/tuote\\\/polyamidikuori-amiflex-ekspress-58-vaaleanpunainen\\\/\"]}]},{\"@type\":\"ImageObject\",\"inLanguage\":\"fi\",\"@id\":\"https:\\\/\\\/saksavorst.ee\\\/fi\\\/tuote\\\/polyamidikuori-amiflex-ekspress-58-vaaleanpunainen\\\/#primaryimage\",\"url\":\"https:\\\/\\\/saksavorst.ee\\\/wp-content\\\/uploads\\\/2020\\\/10\\\/poluamiidkest-amiflex-ekspress-58-pink-1.png\",\"contentUrl\":\"https:\\\/\\\/saksavorst.ee\\\/wp-content\\\/uploads\\\/2020\\\/10\\\/poluamiidkest-amiflex-ekspress-58-pink-1.png\",\"width\":800,\"height\":800},{\"@type\":\"BreadcrumbList\",\"@id\":\"https:\\\/\\\/saksavorst.ee\\\/fi\\\/tuote\\\/polyamidikuori-amiflex-ekspress-58-vaaleanpunainen\\\/#breadcrumb\",\"itemListElement\":[{\"@type\":\"ListItem\",\"position\":1,\"name\":\"Home\",\"item\":\"https:\\\/\\\/saksavorst.ee\\\/fi\\\/\"},{\"@type\":\"ListItem\",\"position\":2,\"name\":\"Kauppa\",\"item\":\"https:\\\/\\\/saksavorst.ee\\\/fi\\\/kauppa\\\/\"},{\"@type\":\"ListItem\",\"position\":3,\"name\":\"Polyamidikuori Amiflex Ekspress 58 vaaleanpunainen\"}]},{\"@type\":\"WebSite\",\"@id\":\"https:\\\/\\\/saksavorst.ee\\\/fi\\\/#website\",\"url\":\"https:\\\/\\\/saksavorst.ee\\\/fi\\\/\",\"name\":\"Saksavorst\",\"description\":\"Feel the taste of emotions\",\"publisher\":{\"@id\":\"https:\\\/\\\/saksavorst.ee\\\/fi\\\/#organization\"},\"alternateName\":\"Veikand\",\"potentialAction\":[{\"@type\":\"SearchAction\",\"target\":{\"@type\":\"EntryPoint\",\"urlTemplate\":\"https:\\\/\\\/saksavorst.ee\\\/fi\\\/?s={search_term_string}\"},\"query-input\":{\"@type\":\"PropertyValueSpecification\",\"valueRequired\":true,\"valueName\":\"search_term_string\"}}],\"inLanguage\":\"fi\"},{\"@type\":\"Organization\",\"@id\":\"https:\\\/\\\/saksavorst.ee\\\/fi\\\/#organization\",\"name\":\"Saksavorst\",\"alternateName\":\"Veikand\",\"url\":\"https:\\\/\\\/saksavorst.ee\\\/fi\\\/\",\"logo\":{\"@type\":\"ImageObject\",\"inLanguage\":\"fi\",\"@id\":\"https:\\\/\\\/saksavorst.ee\\\/fi\\\/#\\\/schema\\\/logo\\\/image\\\/\",\"url\":\"https:\\\/\\\/saksavorst.ee\\\/wp-content\\\/uploads\\\/2023\\\/05\\\/veikand-logo.jpg\",\"contentUrl\":\"https:\\\/\\\/saksavorst.ee\\\/wp-content\\\/uploads\\\/2023\\\/05\\\/veikand-logo.jpg\",\"width\":217,\"height\":217,\"caption\":\"Saksavorst\"},\"image\":{\"@id\":\"https:\\\/\\\/saksavorst.ee\\\/fi\\\/#\\\/schema\\\/logo\\\/image\\\/\"},\"sameAs\":[\"https:\\\/\\\/www.facebook.com\\\/Veikand\"]}]}<\/script>\n<!-- \/ Yoast SEO plugin. -->","yoast_head_json":{"title":"Polyamidikuori Amiflex Ekspress 58 vaaleanpunainen - Saksavorst","robots":{"index":"index","follow":"follow","max-snippet":"max-snippet:-1","max-image-preview":"max-image-preview:large","max-video-preview":"max-video-preview:-1"},"canonical":"https:\/\/saksavorst.ee\/fi\/tuote\/polyamidikuori-amiflex-ekspress-58-vaaleanpunainen\/","og_locale":"fi_FI","og_type":"article","og_title":"Polyamidikuori Amiflex Ekspress 58 vaaleanpunainen - Saksavorst","og_description":"Polyamidikuori, joka sopii jauhelihan pakkaamiseen sek\u00e4 my\u00f6s keittomakkaroiden ja keittokinkkujen valmistukseen. Kuori on v\u00e4rilt\u00e4\u00e4n vaaleanpunainen. Kuoren koostumus takaa tuotteen pitk\u00e4n s\u00e4ilyvyyden. Kuori ei l\u00e4p\u00e4ise savua.","og_url":"https:\/\/saksavorst.ee\/fi\/tuote\/polyamidikuori-amiflex-ekspress-58-vaaleanpunainen\/","og_site_name":"Saksavorst","article_publisher":"https:\/\/www.facebook.com\/Veikand","article_modified_time":"2025-12-17T15:39:25+00:00","og_image":[{"width":800,"height":800,"url":"https:\/\/saksavorst.ee\/wp-content\/uploads\/2020\/10\/poluamiidkest-amiflex-ekspress-58-pink-1.png","type":"image\/png"}],"twitter_card":"summary_large_image","twitter_misc":{"Arvioitu lukuaika":"1 minuutti"},"schema":{"@context":"https:\/\/schema.org","@graph":[{"@type":"WebPage","@id":"https:\/\/saksavorst.ee\/fi\/tuote\/polyamidikuori-amiflex-ekspress-58-vaaleanpunainen\/","url":"https:\/\/saksavorst.ee\/fi\/tuote\/polyamidikuori-amiflex-ekspress-58-vaaleanpunainen\/","name":"Polyamidikuori Amiflex Ekspress 58 vaaleanpunainen - Saksavorst","isPartOf":{"@id":"https:\/\/saksavorst.ee\/fi\/#website"},"primaryImageOfPage":{"@id":"https:\/\/saksavorst.ee\/fi\/tuote\/polyamidikuori-amiflex-ekspress-58-vaaleanpunainen\/#primaryimage"},"image":{"@id":"https:\/\/saksavorst.ee\/fi\/tuote\/polyamidikuori-amiflex-ekspress-58-vaaleanpunainen\/#primaryimage"},"thumbnailUrl":"https:\/\/saksavorst.ee\/wp-content\/uploads\/2020\/10\/poluamiidkest-amiflex-ekspress-58-pink-1.png","datePublished":"2020-10-29T07:10:11+00:00","dateModified":"2025-12-17T15:39:25+00:00","breadcrumb":{"@id":"https:\/\/saksavorst.ee\/fi\/tuote\/polyamidikuori-amiflex-ekspress-58-vaaleanpunainen\/#breadcrumb"},"inLanguage":"fi","potentialAction":[{"@type":"ReadAction","target":["https:\/\/saksavorst.ee\/fi\/tuote\/polyamidikuori-amiflex-ekspress-58-vaaleanpunainen\/"]}]},{"@type":"ImageObject","inLanguage":"fi","@id":"https:\/\/saksavorst.ee\/fi\/tuote\/polyamidikuori-amiflex-ekspress-58-vaaleanpunainen\/#primaryimage","url":"https:\/\/saksavorst.ee\/wp-content\/uploads\/2020\/10\/poluamiidkest-amiflex-ekspress-58-pink-1.png","contentUrl":"https:\/\/saksavorst.ee\/wp-content\/uploads\/2020\/10\/poluamiidkest-amiflex-ekspress-58-pink-1.png","width":800,"height":800},{"@type":"BreadcrumbList","@id":"https:\/\/saksavorst.ee\/fi\/tuote\/polyamidikuori-amiflex-ekspress-58-vaaleanpunainen\/#breadcrumb","itemListElement":[{"@type":"ListItem","position":1,"name":"Home","item":"https:\/\/saksavorst.ee\/fi\/"},{"@type":"ListItem","position":2,"name":"Kauppa","item":"https:\/\/saksavorst.ee\/fi\/kauppa\/"},{"@type":"ListItem","position":3,"name":"Polyamidikuori Amiflex Ekspress 58 vaaleanpunainen"}]},{"@type":"WebSite","@id":"https:\/\/saksavorst.ee\/fi\/#website","url":"https:\/\/saksavorst.ee\/fi\/","name":"Saksavorst","description":"Feel the taste of emotions","publisher":{"@id":"https:\/\/saksavorst.ee\/fi\/#organization"},"alternateName":"Veikand","potentialAction":[{"@type":"SearchAction","target":{"@type":"EntryPoint","urlTemplate":"https:\/\/saksavorst.ee\/fi\/?s={search_term_string}"},"query-input":{"@type":"PropertyValueSpecification","valueRequired":true,"valueName":"search_term_string"}}],"inLanguage":"fi"},{"@type":"Organization","@id":"https:\/\/saksavorst.ee\/fi\/#organization","name":"Saksavorst","alternateName":"Veikand","url":"https:\/\/saksavorst.ee\/fi\/","logo":{"@type":"ImageObject","inLanguage":"fi","@id":"https:\/\/saksavorst.ee\/fi\/#\/schema\/logo\/image\/","url":"https:\/\/saksavorst.ee\/wp-content\/uploads\/2023\/05\/veikand-logo.jpg","contentUrl":"https:\/\/saksavorst.ee\/wp-content\/uploads\/2023\/05\/veikand-logo.jpg","width":217,"height":217,"caption":"Saksavorst"},"image":{"@id":"https:\/\/saksavorst.ee\/fi\/#\/schema\/logo\/image\/"},"sameAs":["https:\/\/www.facebook.com\/Veikand"]}]}},"_links":{"self":[{"href":"https:\/\/saksavorst.ee\/fi\/wp-json\/wp\/v2\/product\/18195","targetHints":{"allow":["GET"]}}],"collection":[{"href":"https:\/\/saksavorst.ee\/fi\/wp-json\/wp\/v2\/product"}],"about":[{"href":"https:\/\/saksavorst.ee\/fi\/wp-json\/wp\/v2\/types\/product"}],"version-history":[{"count":1,"href":"https:\/\/saksavorst.ee\/fi\/wp-json\/wp\/v2\/product\/18195\/revisions"}],"predecessor-version":[{"id":41934,"href":"https:\/\/saksavorst.ee\/fi\/wp-json\/wp\/v2\/product\/18195\/revisions\/41934"}],"wp:featuredmedia":[{"embeddable":true,"href":"https:\/\/saksavorst.ee\/fi\/wp-json\/wp\/v2\/media\/30320"}],"wp:attachment":[{"href":"https:\/\/saksavorst.ee\/fi\/wp-json\/wp\/v2\/media?parent=18195"}],"wp:term":[{"taxonomy":"product_brand","embeddable":true,"href":"https:\/\/saksavorst.ee\/fi\/wp-json\/wp\/v2\/product_brand?post=18195"},{"taxonomy":"product_cat","embeddable":true,"href":"https:\/\/saksavorst.ee\/fi\/wp-json\/wp\/v2\/product_cat?post=18195"},{"taxonomy":"product_tag","embeddable":true,"href":"https:\/\/saksavorst.ee\/fi\/wp-json\/wp\/v2\/product_tag?post=18195"}],"curies":[{"name":"wp","href":"https:\/\/api.w.org\/{rel}","templated":true}]}}