{"id":18166,"date":"2020-09-18T08:43:27","date_gmt":"2020-09-18T06:43:27","guid":{"rendered":"https:\/\/saksavorst.ee\/product\/maldon-merisuolahiutaleet-14kg\/"},"modified":"2025-12-05T13:53:53","modified_gmt":"2025-12-05T11:53:53","slug":"hiutalesuola-maldon-sea-salt-flakes-14kg","status":"publish","type":"product","link":"https:\/\/saksavorst.ee\/fi\/tuote\/hiutalesuola-maldon-sea-salt-flakes-14kg\/","title":{"rendered":"Hiutalesuola MALDON SEA SALT FLAKES 1,4kg"},"content":{"rendered":"<h4><strong>HIUTALESUOLA<\/strong><\/h4>\n<h4><strong>Ainesosat:<\/strong><\/h4>\n<p>Suola<\/p>\n<p>M\u00e4\u00e4r\u00e4: 1,4 kg<\/p>\n<p>Suositeltu annostus: maun mukaan<\/p>\n<p>S\u00e4ilytet\u00e4\u00e4n viile\u00e4ss\u00e4 (11-25 \u00b0C), kuivassa ja pime\u00e4ss\u00e4<\/p>\n<p>Parasta ennen: katso pakkauksesta<\/p>\n<h4><strong>Ravintoarvo 100 g tuotetta kohden:<\/strong><\/h4>\n<p>Energiasis\u00e4lt\u00f6 kJ \/ kcal<br \/>\nRasvoja g<br \/>\njosta tyydyttyneit\u00e4 g<br \/>\nHiilihydraatteja g<br \/>\njosta sokereita g<br \/>\nProteiinia g<br \/>\nSuolaa g<\/p>\n<p>Valmistusmaa: Englanti<\/p>\n<p>Valmistaja: Maldon Salt Companyn<\/p>\n","protected":false},"excerpt":{"rendered":"<p>Maldon sopii lihan, kalan, merenantimien, vihannesten, kastikkeiden, keittojen ja marinadien maustamiseen. K\u00e4ytet\u00e4\u00e4n ensisijaisesti ruokien maun viimeistelyyn, esimerkiksi ripotellaan jo lautasella olevan lihan p\u00e4\u00e4lle.<\/p>\n","protected":false},"featured_media":15280,"template":"","meta":{"_acf_changed":false},"product_brand":[],"product_cat":[227,228,229],"product_tag":[],"class_list":{"0":"post-18166","1":"product","2":"type-product","3":"status-publish","4":"has-post-thumbnail","6":"product_cat-mausteet","7":"product_cat-jauheliha-tuotteiden-mausteet","8":"product_cat-mausteet-mausteet","10":"first","11":"instock","12":"taxable","13":"shipping-taxable","14":"purchasable","15":"product-type-simple"},"acf":[],"yoast_head":"<!-- This site is optimized with the Yoast SEO plugin v27.3 - https:\/\/yoast.com\/product\/yoast-seo-wordpress\/ -->\n<title>Hiutalesuola MALDON SEA SALT FLAKES 1,4kg - Saksavorst<\/title>\n<meta name=\"robots\" content=\"index, follow, max-snippet:-1, max-image-preview:large, max-video-preview:-1\" \/>\n<link rel=\"canonical\" href=\"https:\/\/saksavorst.ee\/fi\/tuote\/hiutalesuola-maldon-sea-salt-flakes-14kg\/\" \/>\n<meta property=\"og:locale\" content=\"fi_FI\" \/>\n<meta property=\"og:type\" content=\"article\" \/>\n<meta property=\"og:title\" content=\"Hiutalesuola MALDON SEA SALT FLAKES 1,4kg - Saksavorst\" \/>\n<meta property=\"og:description\" content=\"Maldon sopii lihan, kalan, merenantimien, vihannesten, kastikkeiden, keittojen ja marinadien maustamiseen. K\u00e4ytet\u00e4\u00e4n ensisijaisesti ruokien maun viimeistelyyn, esimerkiksi ripotellaan jo lautasella olevan lihan p\u00e4\u00e4lle.\" \/>\n<meta property=\"og:url\" content=\"https:\/\/saksavorst.ee\/fi\/tuote\/hiutalesuola-maldon-sea-salt-flakes-14kg\/\" \/>\n<meta property=\"og:site_name\" content=\"Saksavorst\" \/>\n<meta property=\"article:publisher\" content=\"https:\/\/www.facebook.com\/Veikand\" \/>\n<meta property=\"article:modified_time\" content=\"2025-12-05T11:53:53+00:00\" \/>\n<meta property=\"og:image\" content=\"https:\/\/saksavorst.ee\/wp-content\/uploads\/2023\/02\/Helvessool-Maldon-Sea-Salt-Flakes-1.png\" \/>\n\t<meta property=\"og:image:width\" content=\"800\" \/>\n\t<meta property=\"og:image:height\" content=\"800\" \/>\n\t<meta property=\"og:image:type\" content=\"image\/png\" \/>\n<meta name=\"twitter:card\" content=\"summary_large_image\" \/>\n<meta name=\"twitter:label1\" content=\"Arvioitu lukuaika\" \/>\n\t<meta name=\"twitter:data1\" content=\"1 minuutti\" \/>\n<script type=\"application\/ld+json\" class=\"yoast-schema-graph\">{\"@context\":\"https:\\\/\\\/schema.org\",\"@graph\":[{\"@type\":\"WebPage\",\"@id\":\"https:\\\/\\\/saksavorst.ee\\\/fi\\\/tuote\\\/hiutalesuola-maldon-sea-salt-flakes-14kg\\\/\",\"url\":\"https:\\\/\\\/saksavorst.ee\\\/fi\\\/tuote\\\/hiutalesuola-maldon-sea-salt-flakes-14kg\\\/\",\"name\":\"Hiutalesuola MALDON SEA SALT FLAKES 1,4kg - Saksavorst\",\"isPartOf\":{\"@id\":\"https:\\\/\\\/saksavorst.ee\\\/fi\\\/#website\"},\"primaryImageOfPage\":{\"@id\":\"https:\\\/\\\/saksavorst.ee\\\/fi\\\/tuote\\\/hiutalesuola-maldon-sea-salt-flakes-14kg\\\/#primaryimage\"},\"image\":{\"@id\":\"https:\\\/\\\/saksavorst.ee\\\/fi\\\/tuote\\\/hiutalesuola-maldon-sea-salt-flakes-14kg\\\/#primaryimage\"},\"thumbnailUrl\":\"https:\\\/\\\/saksavorst.ee\\\/wp-content\\\/uploads\\\/2023\\\/02\\\/Helvessool-Maldon-Sea-Salt-Flakes-1.png\",\"datePublished\":\"2020-09-18T06:43:27+00:00\",\"dateModified\":\"2025-12-05T11:53:53+00:00\",\"breadcrumb\":{\"@id\":\"https:\\\/\\\/saksavorst.ee\\\/fi\\\/tuote\\\/hiutalesuola-maldon-sea-salt-flakes-14kg\\\/#breadcrumb\"},\"inLanguage\":\"fi\",\"potentialAction\":[{\"@type\":\"ReadAction\",\"target\":[\"https:\\\/\\\/saksavorst.ee\\\/fi\\\/tuote\\\/hiutalesuola-maldon-sea-salt-flakes-14kg\\\/\"]}]},{\"@type\":\"ImageObject\",\"inLanguage\":\"fi\",\"@id\":\"https:\\\/\\\/saksavorst.ee\\\/fi\\\/tuote\\\/hiutalesuola-maldon-sea-salt-flakes-14kg\\\/#primaryimage\",\"url\":\"https:\\\/\\\/saksavorst.ee\\\/wp-content\\\/uploads\\\/2023\\\/02\\\/Helvessool-Maldon-Sea-Salt-Flakes-1.png\",\"contentUrl\":\"https:\\\/\\\/saksavorst.ee\\\/wp-content\\\/uploads\\\/2023\\\/02\\\/Helvessool-Maldon-Sea-Salt-Flakes-1.png\",\"width\":800,\"height\":800},{\"@type\":\"BreadcrumbList\",\"@id\":\"https:\\\/\\\/saksavorst.ee\\\/fi\\\/tuote\\\/hiutalesuola-maldon-sea-salt-flakes-14kg\\\/#breadcrumb\",\"itemListElement\":[{\"@type\":\"ListItem\",\"position\":1,\"name\":\"Home\",\"item\":\"https:\\\/\\\/saksavorst.ee\\\/fi\\\/\"},{\"@type\":\"ListItem\",\"position\":2,\"name\":\"Kauppa\",\"item\":\"https:\\\/\\\/saksavorst.ee\\\/fi\\\/kauppa\\\/\"},{\"@type\":\"ListItem\",\"position\":3,\"name\":\"Hiutalesuola MALDON SEA SALT FLAKES 1,4kg\"}]},{\"@type\":\"WebSite\",\"@id\":\"https:\\\/\\\/saksavorst.ee\\\/fi\\\/#website\",\"url\":\"https:\\\/\\\/saksavorst.ee\\\/fi\\\/\",\"name\":\"Saksavorst\",\"description\":\"Feel the taste of emotions\",\"publisher\":{\"@id\":\"https:\\\/\\\/saksavorst.ee\\\/fi\\\/#organization\"},\"alternateName\":\"Veikand\",\"potentialAction\":[{\"@type\":\"SearchAction\",\"target\":{\"@type\":\"EntryPoint\",\"urlTemplate\":\"https:\\\/\\\/saksavorst.ee\\\/fi\\\/?s={search_term_string}\"},\"query-input\":{\"@type\":\"PropertyValueSpecification\",\"valueRequired\":true,\"valueName\":\"search_term_string\"}}],\"inLanguage\":\"fi\"},{\"@type\":\"Organization\",\"@id\":\"https:\\\/\\\/saksavorst.ee\\\/fi\\\/#organization\",\"name\":\"Saksavorst\",\"alternateName\":\"Veikand\",\"url\":\"https:\\\/\\\/saksavorst.ee\\\/fi\\\/\",\"logo\":{\"@type\":\"ImageObject\",\"inLanguage\":\"fi\",\"@id\":\"https:\\\/\\\/saksavorst.ee\\\/fi\\\/#\\\/schema\\\/logo\\\/image\\\/\",\"url\":\"https:\\\/\\\/saksavorst.ee\\\/wp-content\\\/uploads\\\/2023\\\/05\\\/veikand-logo.jpg\",\"contentUrl\":\"https:\\\/\\\/saksavorst.ee\\\/wp-content\\\/uploads\\\/2023\\\/05\\\/veikand-logo.jpg\",\"width\":217,\"height\":217,\"caption\":\"Saksavorst\"},\"image\":{\"@id\":\"https:\\\/\\\/saksavorst.ee\\\/fi\\\/#\\\/schema\\\/logo\\\/image\\\/\"},\"sameAs\":[\"https:\\\/\\\/www.facebook.com\\\/Veikand\"]}]}<\/script>\n<!-- \/ Yoast SEO plugin. -->","yoast_head_json":{"title":"Hiutalesuola MALDON SEA SALT FLAKES 1,4kg - Saksavorst","robots":{"index":"index","follow":"follow","max-snippet":"max-snippet:-1","max-image-preview":"max-image-preview:large","max-video-preview":"max-video-preview:-1"},"canonical":"https:\/\/saksavorst.ee\/fi\/tuote\/hiutalesuola-maldon-sea-salt-flakes-14kg\/","og_locale":"fi_FI","og_type":"article","og_title":"Hiutalesuola MALDON SEA SALT FLAKES 1,4kg - Saksavorst","og_description":"Maldon sopii lihan, kalan, merenantimien, vihannesten, kastikkeiden, keittojen ja marinadien maustamiseen. K\u00e4ytet\u00e4\u00e4n ensisijaisesti ruokien maun viimeistelyyn, esimerkiksi ripotellaan jo lautasella olevan lihan p\u00e4\u00e4lle.","og_url":"https:\/\/saksavorst.ee\/fi\/tuote\/hiutalesuola-maldon-sea-salt-flakes-14kg\/","og_site_name":"Saksavorst","article_publisher":"https:\/\/www.facebook.com\/Veikand","article_modified_time":"2025-12-05T11:53:53+00:00","og_image":[{"width":800,"height":800,"url":"https:\/\/saksavorst.ee\/wp-content\/uploads\/2023\/02\/Helvessool-Maldon-Sea-Salt-Flakes-1.png","type":"image\/png"}],"twitter_card":"summary_large_image","twitter_misc":{"Arvioitu lukuaika":"1 minuutti"},"schema":{"@context":"https:\/\/schema.org","@graph":[{"@type":"WebPage","@id":"https:\/\/saksavorst.ee\/fi\/tuote\/hiutalesuola-maldon-sea-salt-flakes-14kg\/","url":"https:\/\/saksavorst.ee\/fi\/tuote\/hiutalesuola-maldon-sea-salt-flakes-14kg\/","name":"Hiutalesuola MALDON SEA SALT FLAKES 1,4kg - Saksavorst","isPartOf":{"@id":"https:\/\/saksavorst.ee\/fi\/#website"},"primaryImageOfPage":{"@id":"https:\/\/saksavorst.ee\/fi\/tuote\/hiutalesuola-maldon-sea-salt-flakes-14kg\/#primaryimage"},"image":{"@id":"https:\/\/saksavorst.ee\/fi\/tuote\/hiutalesuola-maldon-sea-salt-flakes-14kg\/#primaryimage"},"thumbnailUrl":"https:\/\/saksavorst.ee\/wp-content\/uploads\/2023\/02\/Helvessool-Maldon-Sea-Salt-Flakes-1.png","datePublished":"2020-09-18T06:43:27+00:00","dateModified":"2025-12-05T11:53:53+00:00","breadcrumb":{"@id":"https:\/\/saksavorst.ee\/fi\/tuote\/hiutalesuola-maldon-sea-salt-flakes-14kg\/#breadcrumb"},"inLanguage":"fi","potentialAction":[{"@type":"ReadAction","target":["https:\/\/saksavorst.ee\/fi\/tuote\/hiutalesuola-maldon-sea-salt-flakes-14kg\/"]}]},{"@type":"ImageObject","inLanguage":"fi","@id":"https:\/\/saksavorst.ee\/fi\/tuote\/hiutalesuola-maldon-sea-salt-flakes-14kg\/#primaryimage","url":"https:\/\/saksavorst.ee\/wp-content\/uploads\/2023\/02\/Helvessool-Maldon-Sea-Salt-Flakes-1.png","contentUrl":"https:\/\/saksavorst.ee\/wp-content\/uploads\/2023\/02\/Helvessool-Maldon-Sea-Salt-Flakes-1.png","width":800,"height":800},{"@type":"BreadcrumbList","@id":"https:\/\/saksavorst.ee\/fi\/tuote\/hiutalesuola-maldon-sea-salt-flakes-14kg\/#breadcrumb","itemListElement":[{"@type":"ListItem","position":1,"name":"Home","item":"https:\/\/saksavorst.ee\/fi\/"},{"@type":"ListItem","position":2,"name":"Kauppa","item":"https:\/\/saksavorst.ee\/fi\/kauppa\/"},{"@type":"ListItem","position":3,"name":"Hiutalesuola MALDON SEA SALT FLAKES 1,4kg"}]},{"@type":"WebSite","@id":"https:\/\/saksavorst.ee\/fi\/#website","url":"https:\/\/saksavorst.ee\/fi\/","name":"Saksavorst","description":"Feel the taste of emotions","publisher":{"@id":"https:\/\/saksavorst.ee\/fi\/#organization"},"alternateName":"Veikand","potentialAction":[{"@type":"SearchAction","target":{"@type":"EntryPoint","urlTemplate":"https:\/\/saksavorst.ee\/fi\/?s={search_term_string}"},"query-input":{"@type":"PropertyValueSpecification","valueRequired":true,"valueName":"search_term_string"}}],"inLanguage":"fi"},{"@type":"Organization","@id":"https:\/\/saksavorst.ee\/fi\/#organization","name":"Saksavorst","alternateName":"Veikand","url":"https:\/\/saksavorst.ee\/fi\/","logo":{"@type":"ImageObject","inLanguage":"fi","@id":"https:\/\/saksavorst.ee\/fi\/#\/schema\/logo\/image\/","url":"https:\/\/saksavorst.ee\/wp-content\/uploads\/2023\/05\/veikand-logo.jpg","contentUrl":"https:\/\/saksavorst.ee\/wp-content\/uploads\/2023\/05\/veikand-logo.jpg","width":217,"height":217,"caption":"Saksavorst"},"image":{"@id":"https:\/\/saksavorst.ee\/fi\/#\/schema\/logo\/image\/"},"sameAs":["https:\/\/www.facebook.com\/Veikand"]}]}},"_links":{"self":[{"href":"https:\/\/saksavorst.ee\/fi\/wp-json\/wp\/v2\/product\/18166","targetHints":{"allow":["GET"]}}],"collection":[{"href":"https:\/\/saksavorst.ee\/fi\/wp-json\/wp\/v2\/product"}],"about":[{"href":"https:\/\/saksavorst.ee\/fi\/wp-json\/wp\/v2\/types\/product"}],"version-history":[{"count":2,"href":"https:\/\/saksavorst.ee\/fi\/wp-json\/wp\/v2\/product\/18166\/revisions"}],"predecessor-version":[{"id":48129,"href":"https:\/\/saksavorst.ee\/fi\/wp-json\/wp\/v2\/product\/18166\/revisions\/48129"}],"wp:featuredmedia":[{"embeddable":true,"href":"https:\/\/saksavorst.ee\/fi\/wp-json\/wp\/v2\/media\/15280"}],"wp:attachment":[{"href":"https:\/\/saksavorst.ee\/fi\/wp-json\/wp\/v2\/media?parent=18166"}],"wp:term":[{"taxonomy":"product_brand","embeddable":true,"href":"https:\/\/saksavorst.ee\/fi\/wp-json\/wp\/v2\/product_brand?post=18166"},{"taxonomy":"product_cat","embeddable":true,"href":"https:\/\/saksavorst.ee\/fi\/wp-json\/wp\/v2\/product_cat?post=18166"},{"taxonomy":"product_tag","embeddable":true,"href":"https:\/\/saksavorst.ee\/fi\/wp-json\/wp\/v2\/product_tag?post=18166"}],"curies":[{"name":"wp","href":"https:\/\/api.w.org\/{rel}","templated":true}]}}