{"id":18126,"date":"2020-05-22T11:57:24","date_gmt":"2020-05-22T09:57:24","guid":{"rendered":"https:\/\/saksavorst.ee\/product\/tyhjiosukka-kanavalla-90-mm-x-8-m\/"},"modified":"2025-09-15T13:14:03","modified_gmt":"2025-09-15T11:14:03","slug":"ilmakanavoitu-tyhjiotiivistysrulla-90mm-x-8m","status":"publish","type":"product","link":"https:\/\/saksavorst.ee\/fi\/tuote\/ilmakanavoitu-tyhjiotiivistysrulla-90mm-x-8m\/","title":{"rendered":"Ilmakanavoitu tyhji\u00f6tiivistysrulla 90mm x 8m"},"content":{"rendered":"<p>Tyhji\u00f6pussirullasta voidaan leikata sopivan pituisia tyhji\u00f6pusseja.<\/p>\n<p>Sopii pakkaamiseen tyhji\u00f6laitteella, ja ilmakanavat takaavat perusteellisen ilmanpoiston pakkauksesta.<\/p>\n<p>Rullasta sopivan tyhji\u00f6pussiin leikkaamiseen tarvitaan hitsaustoiminnolla varustettu tyhji\u00f6pakkauslaite.<\/p>\n<p>Mittaa sopiva pituus ja varaa toiseen p\u00e4\u00e4h\u00e4n noin 2 cm hitsausta varten ja toiseen p\u00e4\u00e4h\u00e4n noin 4-5 cm kutistumista varten.<\/p>\n<p>Hitsaa pussin pohja kiinni tyhji\u00f6pakkauslaitteella ja k\u00e4yt\u00e4 sitten kuin tavallista ilmakanavalla varustettua tyhji\u00f6pussia.<\/p>\n<p>Rullan materiaali on hyv\u00e4ksytty elintarvikek\u00e4ytt\u00f6\u00f6n.<\/p>\n<p>M\u00e4\u00e4r\u00e4: 2 rullaa<\/p>\n<p>Rulla: 4 m<\/p>\n","protected":false},"excerpt":{"rendered":"<p>Toiselta puolelta sile\u00e4 ja toiselta puolelta ilmakanavilla varustettu tyhji\u00f6tiivistysrulla, joka sopii pituudeltaan erilaisten tuotteiden pakkaamiseen.<\/p>\n","protected":false},"featured_media":24522,"template":"","meta":{"_acf_changed":false},"product_brand":[],"product_cat":[248,249,257],"product_tag":[],"class_list":{"0":"post-18126","1":"product","2":"type-product","3":"status-publish","4":"has-post-thumbnail","6":"product_cat-pakkaukset","7":"product_cat-vakuumipussit","8":"product_cat-tyhjioputki-kanavalla","10":"first","11":"instock","12":"taxable","13":"shipping-taxable","14":"purchasable","15":"product-type-simple"},"acf":[],"yoast_head":"<!-- This site is optimized with the Yoast SEO plugin v27.3 - https:\/\/yoast.com\/product\/yoast-seo-wordpress\/ -->\n<title>Ilmakanavoitu tyhji\u00f6tiivistysrulla 90mm x 8m - Saksavorst<\/title>\n<meta name=\"robots\" content=\"index, follow, max-snippet:-1, max-image-preview:large, max-video-preview:-1\" \/>\n<link rel=\"canonical\" href=\"https:\/\/saksavorst.ee\/fi\/tuote\/ilmakanavoitu-tyhjiotiivistysrulla-90mm-x-8m\/\" \/>\n<meta property=\"og:locale\" content=\"fi_FI\" \/>\n<meta property=\"og:type\" content=\"article\" \/>\n<meta property=\"og:title\" content=\"Ilmakanavoitu tyhji\u00f6tiivistysrulla 90mm x 8m - Saksavorst\" \/>\n<meta property=\"og:description\" content=\"Toiselta puolelta sile\u00e4 ja toiselta puolelta ilmakanavilla varustettu tyhji\u00f6tiivistysrulla, joka sopii pituudeltaan erilaisten tuotteiden pakkaamiseen.\" \/>\n<meta property=\"og:url\" content=\"https:\/\/saksavorst.ee\/fi\/tuote\/ilmakanavoitu-tyhjiotiivistysrulla-90mm-x-8m\/\" \/>\n<meta property=\"og:site_name\" content=\"Saksavorst\" \/>\n<meta property=\"article:publisher\" content=\"https:\/\/www.facebook.com\/Veikand\" \/>\n<meta property=\"article:modified_time\" content=\"2025-09-15T11:14:03+00:00\" \/>\n<meta property=\"og:image\" content=\"https:\/\/saksavorst.ee\/wp-content\/uploads\/2020\/05\/Kanaliga-vaakumsukk-90-mm-x-8-m-1.png\" \/>\n\t<meta property=\"og:image:width\" content=\"800\" \/>\n\t<meta property=\"og:image:height\" content=\"800\" \/>\n\t<meta property=\"og:image:type\" content=\"image\/png\" \/>\n<meta name=\"twitter:card\" content=\"summary_large_image\" \/>\n<meta name=\"twitter:label1\" content=\"Arvioitu lukuaika\" \/>\n\t<meta name=\"twitter:data1\" content=\"1 minuutti\" \/>\n<script type=\"application\/ld+json\" class=\"yoast-schema-graph\">{\"@context\":\"https:\\\/\\\/schema.org\",\"@graph\":[{\"@type\":\"WebPage\",\"@id\":\"https:\\\/\\\/saksavorst.ee\\\/fi\\\/tuote\\\/ilmakanavoitu-tyhjiotiivistysrulla-90mm-x-8m\\\/\",\"url\":\"https:\\\/\\\/saksavorst.ee\\\/fi\\\/tuote\\\/ilmakanavoitu-tyhjiotiivistysrulla-90mm-x-8m\\\/\",\"name\":\"Ilmakanavoitu tyhji\u00f6tiivistysrulla 90mm x 8m - Saksavorst\",\"isPartOf\":{\"@id\":\"https:\\\/\\\/saksavorst.ee\\\/fi\\\/#website\"},\"primaryImageOfPage\":{\"@id\":\"https:\\\/\\\/saksavorst.ee\\\/fi\\\/tuote\\\/ilmakanavoitu-tyhjiotiivistysrulla-90mm-x-8m\\\/#primaryimage\"},\"image\":{\"@id\":\"https:\\\/\\\/saksavorst.ee\\\/fi\\\/tuote\\\/ilmakanavoitu-tyhjiotiivistysrulla-90mm-x-8m\\\/#primaryimage\"},\"thumbnailUrl\":\"https:\\\/\\\/saksavorst.ee\\\/wp-content\\\/uploads\\\/2020\\\/05\\\/Kanaliga-vaakumsukk-90-mm-x-8-m-1.png\",\"datePublished\":\"2020-05-22T09:57:24+00:00\",\"dateModified\":\"2025-09-15T11:14:03+00:00\",\"breadcrumb\":{\"@id\":\"https:\\\/\\\/saksavorst.ee\\\/fi\\\/tuote\\\/ilmakanavoitu-tyhjiotiivistysrulla-90mm-x-8m\\\/#breadcrumb\"},\"inLanguage\":\"fi\",\"potentialAction\":[{\"@type\":\"ReadAction\",\"target\":[\"https:\\\/\\\/saksavorst.ee\\\/fi\\\/tuote\\\/ilmakanavoitu-tyhjiotiivistysrulla-90mm-x-8m\\\/\"]}]},{\"@type\":\"ImageObject\",\"inLanguage\":\"fi\",\"@id\":\"https:\\\/\\\/saksavorst.ee\\\/fi\\\/tuote\\\/ilmakanavoitu-tyhjiotiivistysrulla-90mm-x-8m\\\/#primaryimage\",\"url\":\"https:\\\/\\\/saksavorst.ee\\\/wp-content\\\/uploads\\\/2020\\\/05\\\/Kanaliga-vaakumsukk-90-mm-x-8-m-1.png\",\"contentUrl\":\"https:\\\/\\\/saksavorst.ee\\\/wp-content\\\/uploads\\\/2020\\\/05\\\/Kanaliga-vaakumsukk-90-mm-x-8-m-1.png\",\"width\":800,\"height\":800},{\"@type\":\"BreadcrumbList\",\"@id\":\"https:\\\/\\\/saksavorst.ee\\\/fi\\\/tuote\\\/ilmakanavoitu-tyhjiotiivistysrulla-90mm-x-8m\\\/#breadcrumb\",\"itemListElement\":[{\"@type\":\"ListItem\",\"position\":1,\"name\":\"Home\",\"item\":\"https:\\\/\\\/saksavorst.ee\\\/fi\\\/\"},{\"@type\":\"ListItem\",\"position\":2,\"name\":\"Kauppa\",\"item\":\"https:\\\/\\\/saksavorst.ee\\\/fi\\\/kauppa\\\/\"},{\"@type\":\"ListItem\",\"position\":3,\"name\":\"Ilmakanavoitu tyhji\u00f6tiivistysrulla 90mm x 8m\"}]},{\"@type\":\"WebSite\",\"@id\":\"https:\\\/\\\/saksavorst.ee\\\/fi\\\/#website\",\"url\":\"https:\\\/\\\/saksavorst.ee\\\/fi\\\/\",\"name\":\"Saksavorst\",\"description\":\"Feel the taste of emotions\",\"publisher\":{\"@id\":\"https:\\\/\\\/saksavorst.ee\\\/fi\\\/#organization\"},\"alternateName\":\"Veikand\",\"potentialAction\":[{\"@type\":\"SearchAction\",\"target\":{\"@type\":\"EntryPoint\",\"urlTemplate\":\"https:\\\/\\\/saksavorst.ee\\\/fi\\\/?s={search_term_string}\"},\"query-input\":{\"@type\":\"PropertyValueSpecification\",\"valueRequired\":true,\"valueName\":\"search_term_string\"}}],\"inLanguage\":\"fi\"},{\"@type\":\"Organization\",\"@id\":\"https:\\\/\\\/saksavorst.ee\\\/fi\\\/#organization\",\"name\":\"Saksavorst\",\"alternateName\":\"Veikand\",\"url\":\"https:\\\/\\\/saksavorst.ee\\\/fi\\\/\",\"logo\":{\"@type\":\"ImageObject\",\"inLanguage\":\"fi\",\"@id\":\"https:\\\/\\\/saksavorst.ee\\\/fi\\\/#\\\/schema\\\/logo\\\/image\\\/\",\"url\":\"https:\\\/\\\/saksavorst.ee\\\/wp-content\\\/uploads\\\/2023\\\/05\\\/veikand-logo.jpg\",\"contentUrl\":\"https:\\\/\\\/saksavorst.ee\\\/wp-content\\\/uploads\\\/2023\\\/05\\\/veikand-logo.jpg\",\"width\":217,\"height\":217,\"caption\":\"Saksavorst\"},\"image\":{\"@id\":\"https:\\\/\\\/saksavorst.ee\\\/fi\\\/#\\\/schema\\\/logo\\\/image\\\/\"},\"sameAs\":[\"https:\\\/\\\/www.facebook.com\\\/Veikand\"]}]}<\/script>\n<!-- \/ Yoast SEO plugin. -->","yoast_head_json":{"title":"Ilmakanavoitu tyhji\u00f6tiivistysrulla 90mm x 8m - Saksavorst","robots":{"index":"index","follow":"follow","max-snippet":"max-snippet:-1","max-image-preview":"max-image-preview:large","max-video-preview":"max-video-preview:-1"},"canonical":"https:\/\/saksavorst.ee\/fi\/tuote\/ilmakanavoitu-tyhjiotiivistysrulla-90mm-x-8m\/","og_locale":"fi_FI","og_type":"article","og_title":"Ilmakanavoitu tyhji\u00f6tiivistysrulla 90mm x 8m - Saksavorst","og_description":"Toiselta puolelta sile\u00e4 ja toiselta puolelta ilmakanavilla varustettu tyhji\u00f6tiivistysrulla, joka sopii pituudeltaan erilaisten tuotteiden pakkaamiseen.","og_url":"https:\/\/saksavorst.ee\/fi\/tuote\/ilmakanavoitu-tyhjiotiivistysrulla-90mm-x-8m\/","og_site_name":"Saksavorst","article_publisher":"https:\/\/www.facebook.com\/Veikand","article_modified_time":"2025-09-15T11:14:03+00:00","og_image":[{"width":800,"height":800,"url":"https:\/\/saksavorst.ee\/wp-content\/uploads\/2020\/05\/Kanaliga-vaakumsukk-90-mm-x-8-m-1.png","type":"image\/png"}],"twitter_card":"summary_large_image","twitter_misc":{"Arvioitu lukuaika":"1 minuutti"},"schema":{"@context":"https:\/\/schema.org","@graph":[{"@type":"WebPage","@id":"https:\/\/saksavorst.ee\/fi\/tuote\/ilmakanavoitu-tyhjiotiivistysrulla-90mm-x-8m\/","url":"https:\/\/saksavorst.ee\/fi\/tuote\/ilmakanavoitu-tyhjiotiivistysrulla-90mm-x-8m\/","name":"Ilmakanavoitu tyhji\u00f6tiivistysrulla 90mm x 8m - Saksavorst","isPartOf":{"@id":"https:\/\/saksavorst.ee\/fi\/#website"},"primaryImageOfPage":{"@id":"https:\/\/saksavorst.ee\/fi\/tuote\/ilmakanavoitu-tyhjiotiivistysrulla-90mm-x-8m\/#primaryimage"},"image":{"@id":"https:\/\/saksavorst.ee\/fi\/tuote\/ilmakanavoitu-tyhjiotiivistysrulla-90mm-x-8m\/#primaryimage"},"thumbnailUrl":"https:\/\/saksavorst.ee\/wp-content\/uploads\/2020\/05\/Kanaliga-vaakumsukk-90-mm-x-8-m-1.png","datePublished":"2020-05-22T09:57:24+00:00","dateModified":"2025-09-15T11:14:03+00:00","breadcrumb":{"@id":"https:\/\/saksavorst.ee\/fi\/tuote\/ilmakanavoitu-tyhjiotiivistysrulla-90mm-x-8m\/#breadcrumb"},"inLanguage":"fi","potentialAction":[{"@type":"ReadAction","target":["https:\/\/saksavorst.ee\/fi\/tuote\/ilmakanavoitu-tyhjiotiivistysrulla-90mm-x-8m\/"]}]},{"@type":"ImageObject","inLanguage":"fi","@id":"https:\/\/saksavorst.ee\/fi\/tuote\/ilmakanavoitu-tyhjiotiivistysrulla-90mm-x-8m\/#primaryimage","url":"https:\/\/saksavorst.ee\/wp-content\/uploads\/2020\/05\/Kanaliga-vaakumsukk-90-mm-x-8-m-1.png","contentUrl":"https:\/\/saksavorst.ee\/wp-content\/uploads\/2020\/05\/Kanaliga-vaakumsukk-90-mm-x-8-m-1.png","width":800,"height":800},{"@type":"BreadcrumbList","@id":"https:\/\/saksavorst.ee\/fi\/tuote\/ilmakanavoitu-tyhjiotiivistysrulla-90mm-x-8m\/#breadcrumb","itemListElement":[{"@type":"ListItem","position":1,"name":"Home","item":"https:\/\/saksavorst.ee\/fi\/"},{"@type":"ListItem","position":2,"name":"Kauppa","item":"https:\/\/saksavorst.ee\/fi\/kauppa\/"},{"@type":"ListItem","position":3,"name":"Ilmakanavoitu tyhji\u00f6tiivistysrulla 90mm x 8m"}]},{"@type":"WebSite","@id":"https:\/\/saksavorst.ee\/fi\/#website","url":"https:\/\/saksavorst.ee\/fi\/","name":"Saksavorst","description":"Feel the taste of emotions","publisher":{"@id":"https:\/\/saksavorst.ee\/fi\/#organization"},"alternateName":"Veikand","potentialAction":[{"@type":"SearchAction","target":{"@type":"EntryPoint","urlTemplate":"https:\/\/saksavorst.ee\/fi\/?s={search_term_string}"},"query-input":{"@type":"PropertyValueSpecification","valueRequired":true,"valueName":"search_term_string"}}],"inLanguage":"fi"},{"@type":"Organization","@id":"https:\/\/saksavorst.ee\/fi\/#organization","name":"Saksavorst","alternateName":"Veikand","url":"https:\/\/saksavorst.ee\/fi\/","logo":{"@type":"ImageObject","inLanguage":"fi","@id":"https:\/\/saksavorst.ee\/fi\/#\/schema\/logo\/image\/","url":"https:\/\/saksavorst.ee\/wp-content\/uploads\/2023\/05\/veikand-logo.jpg","contentUrl":"https:\/\/saksavorst.ee\/wp-content\/uploads\/2023\/05\/veikand-logo.jpg","width":217,"height":217,"caption":"Saksavorst"},"image":{"@id":"https:\/\/saksavorst.ee\/fi\/#\/schema\/logo\/image\/"},"sameAs":["https:\/\/www.facebook.com\/Veikand"]}]}},"_links":{"self":[{"href":"https:\/\/saksavorst.ee\/fi\/wp-json\/wp\/v2\/product\/18126","targetHints":{"allow":["GET"]}}],"collection":[{"href":"https:\/\/saksavorst.ee\/fi\/wp-json\/wp\/v2\/product"}],"about":[{"href":"https:\/\/saksavorst.ee\/fi\/wp-json\/wp\/v2\/types\/product"}],"version-history":[{"count":1,"href":"https:\/\/saksavorst.ee\/fi\/wp-json\/wp\/v2\/product\/18126\/revisions"}],"predecessor-version":[{"id":45603,"href":"https:\/\/saksavorst.ee\/fi\/wp-json\/wp\/v2\/product\/18126\/revisions\/45603"}],"wp:featuredmedia":[{"embeddable":true,"href":"https:\/\/saksavorst.ee\/fi\/wp-json\/wp\/v2\/media\/24522"}],"wp:attachment":[{"href":"https:\/\/saksavorst.ee\/fi\/wp-json\/wp\/v2\/media?parent=18126"}],"wp:term":[{"taxonomy":"product_brand","embeddable":true,"href":"https:\/\/saksavorst.ee\/fi\/wp-json\/wp\/v2\/product_brand?post=18126"},{"taxonomy":"product_cat","embeddable":true,"href":"https:\/\/saksavorst.ee\/fi\/wp-json\/wp\/v2\/product_cat?post=18126"},{"taxonomy":"product_tag","embeddable":true,"href":"https:\/\/saksavorst.ee\/fi\/wp-json\/wp\/v2\/product_tag?post=18126"}],"curies":[{"name":"wp","href":"https:\/\/api.w.org\/{rel}","templated":true}]}}