{"id":18121,"date":"2020-05-19T08:09:39","date_gmt":"2020-05-19T06:09:39","guid":{"rendered":"https:\/\/saksavorst.ee\/product\/makkarakotelon-kiinnitys\/"},"modified":"2025-09-15T13:19:06","modified_gmt":"2025-09-15T11:19:06","slug":"kasikayttoinen-suljentalaite","status":"publish","type":"product","link":"https:\/\/saksavorst.ee\/fi\/tuote\/kasikayttoinen-suljentalaite\/","title":{"rendered":"K\u00e4sik\u00e4ytt\u00f6inen suljentalaite"},"content":{"rendered":"<p>Kaikki elintarvikkeiden kanssa kosketuksiin joutuvat osat ovat ruostumatonta metallia.<\/p>\n<p>Reilun kokoinen ja vakaa aluslevy.<\/p>\n<p>Muovirunko<\/p>\n<p>Ulkomitat P x L x K: 37,5 x 18 x 60 cm<\/p>\n<p>Paino: 10 kg<\/p>\n","protected":false},"excerpt":{"rendered":"<p>K\u00e4sik\u00e4ytt\u00f6inen suljentalaite on tarkoitettu makkaraseoksella t\u00e4ytett\u00e4vien kuorien sulkemiseen metalliklipseill\u00e4 sek\u00e4 my\u00f6s erilaisten kinkkuverkkojen ja tyhji\u00f6pussien sulkemiseen.<\/p>\n","protected":false},"featured_media":23304,"template":"","meta":{"_acf_changed":false},"product_brand":[],"product_cat":[244,221,325],"product_tag":[],"class_list":{"0":"post-18121","1":"product","2":"type-product","3":"status-publish","4":"has-post-thumbnail","6":"product_cat-pakkauslaitteet","7":"product_cat-kaikki-tuotteet","8":"product_cat-laitteet","9":"product_shipping_class-ei-mahdu-pakettiautomaattiin","11":"first","12":"instock","13":"taxable","14":"shipping-taxable","15":"purchasable","16":"product-type-simple"},"acf":[],"yoast_head":"<!-- This site is optimized with the Yoast SEO plugin v27.3 - https:\/\/yoast.com\/product\/yoast-seo-wordpress\/ -->\n<title>K\u00e4sik\u00e4ytt\u00f6inen suljentalaite - Saksavorst<\/title>\n<meta name=\"robots\" content=\"index, follow, max-snippet:-1, max-image-preview:large, max-video-preview:-1\" \/>\n<link rel=\"canonical\" href=\"https:\/\/saksavorst.ee\/fi\/tuote\/kasikayttoinen-suljentalaite\/\" \/>\n<meta property=\"og:locale\" content=\"fi_FI\" \/>\n<meta property=\"og:type\" content=\"article\" \/>\n<meta property=\"og:title\" content=\"K\u00e4sik\u00e4ytt\u00f6inen suljentalaite - Saksavorst\" \/>\n<meta property=\"og:description\" content=\"K\u00e4sik\u00e4ytt\u00f6inen suljentalaite on tarkoitettu makkaraseoksella t\u00e4ytett\u00e4vien kuorien sulkemiseen metalliklipseill\u00e4 sek\u00e4 my\u00f6s erilaisten kinkkuverkkojen ja tyhji\u00f6pussien sulkemiseen.\" \/>\n<meta property=\"og:url\" content=\"https:\/\/saksavorst.ee\/fi\/tuote\/kasikayttoinen-suljentalaite\/\" \/>\n<meta property=\"og:site_name\" content=\"Saksavorst\" \/>\n<meta property=\"article:publisher\" content=\"https:\/\/www.facebook.com\/Veikand\" \/>\n<meta property=\"article:modified_time\" content=\"2025-09-15T11:19:06+00:00\" \/>\n<meta property=\"og:image\" content=\"https:\/\/saksavorst.ee\/wp-content\/uploads\/2020\/05\/Kasiklipsaator-1.jpg\" \/>\n\t<meta property=\"og:image:width\" content=\"800\" \/>\n\t<meta property=\"og:image:height\" content=\"800\" \/>\n\t<meta property=\"og:image:type\" content=\"image\/jpeg\" \/>\n<meta name=\"twitter:card\" content=\"summary_large_image\" \/>\n<meta name=\"twitter:label1\" content=\"Arvioitu lukuaika\" \/>\n\t<meta name=\"twitter:data1\" content=\"1 minuutti\" \/>\n<script type=\"application\/ld+json\" class=\"yoast-schema-graph\">{\"@context\":\"https:\\\/\\\/schema.org\",\"@graph\":[{\"@type\":\"WebPage\",\"@id\":\"https:\\\/\\\/saksavorst.ee\\\/fi\\\/tuote\\\/kasikayttoinen-suljentalaite\\\/\",\"url\":\"https:\\\/\\\/saksavorst.ee\\\/fi\\\/tuote\\\/kasikayttoinen-suljentalaite\\\/\",\"name\":\"K\u00e4sik\u00e4ytt\u00f6inen suljentalaite - Saksavorst\",\"isPartOf\":{\"@id\":\"https:\\\/\\\/saksavorst.ee\\\/fi\\\/#website\"},\"primaryImageOfPage\":{\"@id\":\"https:\\\/\\\/saksavorst.ee\\\/fi\\\/tuote\\\/kasikayttoinen-suljentalaite\\\/#primaryimage\"},\"image\":{\"@id\":\"https:\\\/\\\/saksavorst.ee\\\/fi\\\/tuote\\\/kasikayttoinen-suljentalaite\\\/#primaryimage\"},\"thumbnailUrl\":\"https:\\\/\\\/saksavorst.ee\\\/wp-content\\\/uploads\\\/2020\\\/05\\\/Kasiklipsaator-1.jpg\",\"datePublished\":\"2020-05-19T06:09:39+00:00\",\"dateModified\":\"2025-09-15T11:19:06+00:00\",\"breadcrumb\":{\"@id\":\"https:\\\/\\\/saksavorst.ee\\\/fi\\\/tuote\\\/kasikayttoinen-suljentalaite\\\/#breadcrumb\"},\"inLanguage\":\"fi\",\"potentialAction\":[{\"@type\":\"ReadAction\",\"target\":[\"https:\\\/\\\/saksavorst.ee\\\/fi\\\/tuote\\\/kasikayttoinen-suljentalaite\\\/\"]}]},{\"@type\":\"ImageObject\",\"inLanguage\":\"fi\",\"@id\":\"https:\\\/\\\/saksavorst.ee\\\/fi\\\/tuote\\\/kasikayttoinen-suljentalaite\\\/#primaryimage\",\"url\":\"https:\\\/\\\/saksavorst.ee\\\/wp-content\\\/uploads\\\/2020\\\/05\\\/Kasiklipsaator-1.jpg\",\"contentUrl\":\"https:\\\/\\\/saksavorst.ee\\\/wp-content\\\/uploads\\\/2020\\\/05\\\/Kasiklipsaator-1.jpg\",\"width\":800,\"height\":800},{\"@type\":\"BreadcrumbList\",\"@id\":\"https:\\\/\\\/saksavorst.ee\\\/fi\\\/tuote\\\/kasikayttoinen-suljentalaite\\\/#breadcrumb\",\"itemListElement\":[{\"@type\":\"ListItem\",\"position\":1,\"name\":\"Home\",\"item\":\"https:\\\/\\\/saksavorst.ee\\\/fi\\\/\"},{\"@type\":\"ListItem\",\"position\":2,\"name\":\"Kauppa\",\"item\":\"https:\\\/\\\/saksavorst.ee\\\/fi\\\/kauppa\\\/\"},{\"@type\":\"ListItem\",\"position\":3,\"name\":\"K\u00e4sik\u00e4ytt\u00f6inen suljentalaite\"}]},{\"@type\":\"WebSite\",\"@id\":\"https:\\\/\\\/saksavorst.ee\\\/fi\\\/#website\",\"url\":\"https:\\\/\\\/saksavorst.ee\\\/fi\\\/\",\"name\":\"Saksavorst\",\"description\":\"Feel the taste of emotions\",\"publisher\":{\"@id\":\"https:\\\/\\\/saksavorst.ee\\\/fi\\\/#organization\"},\"alternateName\":\"Veikand\",\"potentialAction\":[{\"@type\":\"SearchAction\",\"target\":{\"@type\":\"EntryPoint\",\"urlTemplate\":\"https:\\\/\\\/saksavorst.ee\\\/fi\\\/?s={search_term_string}\"},\"query-input\":{\"@type\":\"PropertyValueSpecification\",\"valueRequired\":true,\"valueName\":\"search_term_string\"}}],\"inLanguage\":\"fi\"},{\"@type\":\"Organization\",\"@id\":\"https:\\\/\\\/saksavorst.ee\\\/fi\\\/#organization\",\"name\":\"Saksavorst\",\"alternateName\":\"Veikand\",\"url\":\"https:\\\/\\\/saksavorst.ee\\\/fi\\\/\",\"logo\":{\"@type\":\"ImageObject\",\"inLanguage\":\"fi\",\"@id\":\"https:\\\/\\\/saksavorst.ee\\\/fi\\\/#\\\/schema\\\/logo\\\/image\\\/\",\"url\":\"https:\\\/\\\/saksavorst.ee\\\/wp-content\\\/uploads\\\/2023\\\/05\\\/veikand-logo.jpg\",\"contentUrl\":\"https:\\\/\\\/saksavorst.ee\\\/wp-content\\\/uploads\\\/2023\\\/05\\\/veikand-logo.jpg\",\"width\":217,\"height\":217,\"caption\":\"Saksavorst\"},\"image\":{\"@id\":\"https:\\\/\\\/saksavorst.ee\\\/fi\\\/#\\\/schema\\\/logo\\\/image\\\/\"},\"sameAs\":[\"https:\\\/\\\/www.facebook.com\\\/Veikand\"]}]}<\/script>\n<!-- \/ Yoast SEO plugin. -->","yoast_head_json":{"title":"K\u00e4sik\u00e4ytt\u00f6inen suljentalaite - Saksavorst","robots":{"index":"index","follow":"follow","max-snippet":"max-snippet:-1","max-image-preview":"max-image-preview:large","max-video-preview":"max-video-preview:-1"},"canonical":"https:\/\/saksavorst.ee\/fi\/tuote\/kasikayttoinen-suljentalaite\/","og_locale":"fi_FI","og_type":"article","og_title":"K\u00e4sik\u00e4ytt\u00f6inen suljentalaite - Saksavorst","og_description":"K\u00e4sik\u00e4ytt\u00f6inen suljentalaite on tarkoitettu makkaraseoksella t\u00e4ytett\u00e4vien kuorien sulkemiseen metalliklipseill\u00e4 sek\u00e4 my\u00f6s erilaisten kinkkuverkkojen ja tyhji\u00f6pussien sulkemiseen.","og_url":"https:\/\/saksavorst.ee\/fi\/tuote\/kasikayttoinen-suljentalaite\/","og_site_name":"Saksavorst","article_publisher":"https:\/\/www.facebook.com\/Veikand","article_modified_time":"2025-09-15T11:19:06+00:00","og_image":[{"width":800,"height":800,"url":"https:\/\/saksavorst.ee\/wp-content\/uploads\/2020\/05\/Kasiklipsaator-1.jpg","type":"image\/jpeg"}],"twitter_card":"summary_large_image","twitter_misc":{"Arvioitu lukuaika":"1 minuutti"},"schema":{"@context":"https:\/\/schema.org","@graph":[{"@type":"WebPage","@id":"https:\/\/saksavorst.ee\/fi\/tuote\/kasikayttoinen-suljentalaite\/","url":"https:\/\/saksavorst.ee\/fi\/tuote\/kasikayttoinen-suljentalaite\/","name":"K\u00e4sik\u00e4ytt\u00f6inen suljentalaite - Saksavorst","isPartOf":{"@id":"https:\/\/saksavorst.ee\/fi\/#website"},"primaryImageOfPage":{"@id":"https:\/\/saksavorst.ee\/fi\/tuote\/kasikayttoinen-suljentalaite\/#primaryimage"},"image":{"@id":"https:\/\/saksavorst.ee\/fi\/tuote\/kasikayttoinen-suljentalaite\/#primaryimage"},"thumbnailUrl":"https:\/\/saksavorst.ee\/wp-content\/uploads\/2020\/05\/Kasiklipsaator-1.jpg","datePublished":"2020-05-19T06:09:39+00:00","dateModified":"2025-09-15T11:19:06+00:00","breadcrumb":{"@id":"https:\/\/saksavorst.ee\/fi\/tuote\/kasikayttoinen-suljentalaite\/#breadcrumb"},"inLanguage":"fi","potentialAction":[{"@type":"ReadAction","target":["https:\/\/saksavorst.ee\/fi\/tuote\/kasikayttoinen-suljentalaite\/"]}]},{"@type":"ImageObject","inLanguage":"fi","@id":"https:\/\/saksavorst.ee\/fi\/tuote\/kasikayttoinen-suljentalaite\/#primaryimage","url":"https:\/\/saksavorst.ee\/wp-content\/uploads\/2020\/05\/Kasiklipsaator-1.jpg","contentUrl":"https:\/\/saksavorst.ee\/wp-content\/uploads\/2020\/05\/Kasiklipsaator-1.jpg","width":800,"height":800},{"@type":"BreadcrumbList","@id":"https:\/\/saksavorst.ee\/fi\/tuote\/kasikayttoinen-suljentalaite\/#breadcrumb","itemListElement":[{"@type":"ListItem","position":1,"name":"Home","item":"https:\/\/saksavorst.ee\/fi\/"},{"@type":"ListItem","position":2,"name":"Kauppa","item":"https:\/\/saksavorst.ee\/fi\/kauppa\/"},{"@type":"ListItem","position":3,"name":"K\u00e4sik\u00e4ytt\u00f6inen suljentalaite"}]},{"@type":"WebSite","@id":"https:\/\/saksavorst.ee\/fi\/#website","url":"https:\/\/saksavorst.ee\/fi\/","name":"Saksavorst","description":"Feel the taste of emotions","publisher":{"@id":"https:\/\/saksavorst.ee\/fi\/#organization"},"alternateName":"Veikand","potentialAction":[{"@type":"SearchAction","target":{"@type":"EntryPoint","urlTemplate":"https:\/\/saksavorst.ee\/fi\/?s={search_term_string}"},"query-input":{"@type":"PropertyValueSpecification","valueRequired":true,"valueName":"search_term_string"}}],"inLanguage":"fi"},{"@type":"Organization","@id":"https:\/\/saksavorst.ee\/fi\/#organization","name":"Saksavorst","alternateName":"Veikand","url":"https:\/\/saksavorst.ee\/fi\/","logo":{"@type":"ImageObject","inLanguage":"fi","@id":"https:\/\/saksavorst.ee\/fi\/#\/schema\/logo\/image\/","url":"https:\/\/saksavorst.ee\/wp-content\/uploads\/2023\/05\/veikand-logo.jpg","contentUrl":"https:\/\/saksavorst.ee\/wp-content\/uploads\/2023\/05\/veikand-logo.jpg","width":217,"height":217,"caption":"Saksavorst"},"image":{"@id":"https:\/\/saksavorst.ee\/fi\/#\/schema\/logo\/image\/"},"sameAs":["https:\/\/www.facebook.com\/Veikand"]}]}},"_links":{"self":[{"href":"https:\/\/saksavorst.ee\/fi\/wp-json\/wp\/v2\/product\/18121","targetHints":{"allow":["GET"]}}],"collection":[{"href":"https:\/\/saksavorst.ee\/fi\/wp-json\/wp\/v2\/product"}],"about":[{"href":"https:\/\/saksavorst.ee\/fi\/wp-json\/wp\/v2\/types\/product"}],"version-history":[{"count":1,"href":"https:\/\/saksavorst.ee\/fi\/wp-json\/wp\/v2\/product\/18121\/revisions"}],"predecessor-version":[{"id":45612,"href":"https:\/\/saksavorst.ee\/fi\/wp-json\/wp\/v2\/product\/18121\/revisions\/45612"}],"wp:featuredmedia":[{"embeddable":true,"href":"https:\/\/saksavorst.ee\/fi\/wp-json\/wp\/v2\/media\/23304"}],"wp:attachment":[{"href":"https:\/\/saksavorst.ee\/fi\/wp-json\/wp\/v2\/media?parent=18121"}],"wp:term":[{"taxonomy":"product_brand","embeddable":true,"href":"https:\/\/saksavorst.ee\/fi\/wp-json\/wp\/v2\/product_brand?post=18121"},{"taxonomy":"product_cat","embeddable":true,"href":"https:\/\/saksavorst.ee\/fi\/wp-json\/wp\/v2\/product_cat?post=18121"},{"taxonomy":"product_tag","embeddable":true,"href":"https:\/\/saksavorst.ee\/fi\/wp-json\/wp\/v2\/product_tag?post=18121"}],"curies":[{"name":"wp","href":"https:\/\/api.w.org\/{rel}","templated":true}]}}