{"id":18055,"date":"2019-01-25T11:00:59","date_gmt":"2019-01-25T09:00:59","guid":{"rendered":"https:\/\/saksavorst.ee\/product\/pippurisukka-nalospice-80-mustapippurilla\/"},"modified":"2025-09-15T15:08:18","modified_gmt":"2025-09-15T13:08:18","slug":"pippurikuori-nalospice-80-mustapippurilla","status":"publish","type":"product","link":"https:\/\/saksavorst.ee\/fi\/tuote\/pippurikuori-nalospice-80-mustapippurilla\/","title":{"rendered":"Pippurikuori NaloSpice 80 mustapippurilla"},"content":{"rendered":"<h4><strong>KUVAUS:<\/strong><\/h4>\n<p>M\u00e4\u00e4r\u00e4: 10 kpl<\/p>\n<p>Pituus: 50 cm + 5 cm suljinta varten<\/p>\n<p>Menekki: yksi kuori riitt\u00e4\u00e4 noin 1,7 kg:lle makkaraa<\/p>\n<p>S\u00e4ilytet\u00e4\u00e4n viile\u00e4ss\u00e4 (11-25 \u00b0C), kuivassa ja valolta suojattuna<\/p>\n<p>Parasta ennen: katso pakkauksesta (24 kk valmistuksesta)<\/p>\n<p>Valmistettu Saksassa<\/p>\n<p>Valmistaja: Kalle GmbH<\/p>\n<h4><strong>K\u00c4YTT\u00d6OHJE:<\/strong><\/h4>\n<p>Ei tarvitse liottaa vaan voidaan ruiskuttaa kuoreen kuivana.<\/p>\n<p>L\u00e4mp\u00f6k\u00e4sitellyn ja tuotteen j\u00e4\u00e4htymisen j\u00e4lkeen kuori poistetaan tarttumalla py\u00f6ristetyn p\u00e4\u00e4n naruun ja rep\u00e4isem\u00e4ll\u00e4 kuoren ommelta pitkin.<\/p>\n","protected":false},"excerpt":{"rendered":"<p>Savua l\u00e4p\u00e4isev\u00e4 kollageenikuori kevytsavustetuille ja savustetuille makkaroille sek\u00e4 keittokinkulle.<\/p>\n","protected":false},"featured_media":14720,"template":"","meta":{"_acf_changed":false},"product_brand":[],"product_cat":[243,241],"product_tag":[],"class_list":{"0":"post-18055","1":"product","2":"type-product","3":"status-publish","4":"has-post-thumbnail","6":"product_cat-keinokuoret","7":"product_cat-makkaran-kuoret-ja-tarvikkeet","9":"first","10":"instock","11":"taxable","12":"shipping-taxable","13":"purchasable","14":"product-type-simple"},"acf":[],"yoast_head":"<!-- This site is optimized with the Yoast SEO plugin v27.3 - https:\/\/yoast.com\/product\/yoast-seo-wordpress\/ -->\n<title>Pippurikuori NaloSpice 80 mustapippurilla - Saksavorst<\/title>\n<meta name=\"robots\" content=\"index, follow, max-snippet:-1, max-image-preview:large, max-video-preview:-1\" \/>\n<link rel=\"canonical\" href=\"https:\/\/saksavorst.ee\/fi\/tuote\/pippurikuori-nalospice-80-mustapippurilla\/\" \/>\n<meta property=\"og:locale\" content=\"fi_FI\" \/>\n<meta property=\"og:type\" content=\"article\" \/>\n<meta property=\"og:title\" content=\"Pippurikuori NaloSpice 80 mustapippurilla - Saksavorst\" \/>\n<meta property=\"og:description\" content=\"Savua l\u00e4p\u00e4isev\u00e4 kollageenikuori kevytsavustetuille ja savustetuille makkaroille sek\u00e4 keittokinkulle.\" \/>\n<meta property=\"og:url\" content=\"https:\/\/saksavorst.ee\/fi\/tuote\/pippurikuori-nalospice-80-mustapippurilla\/\" \/>\n<meta property=\"og:site_name\" content=\"Saksavorst\" \/>\n<meta property=\"article:publisher\" content=\"https:\/\/www.facebook.com\/Veikand\" \/>\n<meta property=\"article:modified_time\" content=\"2025-09-15T13:08:18+00:00\" \/>\n<meta property=\"og:image\" content=\"https:\/\/saksavorst.ee\/wp-content\/uploads\/2023\/02\/Piprasukk-NaloSpice-80-musta-pipraga-1.png\" \/>\n\t<meta property=\"og:image:width\" content=\"797\" \/>\n\t<meta property=\"og:image:height\" content=\"797\" \/>\n\t<meta property=\"og:image:type\" content=\"image\/png\" \/>\n<meta name=\"twitter:card\" content=\"summary_large_image\" \/>\n<meta name=\"twitter:label1\" content=\"Arvioitu lukuaika\" \/>\n\t<meta name=\"twitter:data1\" content=\"1 minuutti\" \/>\n<script type=\"application\/ld+json\" class=\"yoast-schema-graph\">{\"@context\":\"https:\\\/\\\/schema.org\",\"@graph\":[{\"@type\":\"WebPage\",\"@id\":\"https:\\\/\\\/saksavorst.ee\\\/fi\\\/tuote\\\/pippurikuori-nalospice-80-mustapippurilla\\\/\",\"url\":\"https:\\\/\\\/saksavorst.ee\\\/fi\\\/tuote\\\/pippurikuori-nalospice-80-mustapippurilla\\\/\",\"name\":\"Pippurikuori NaloSpice 80 mustapippurilla - Saksavorst\",\"isPartOf\":{\"@id\":\"https:\\\/\\\/saksavorst.ee\\\/fi\\\/#website\"},\"primaryImageOfPage\":{\"@id\":\"https:\\\/\\\/saksavorst.ee\\\/fi\\\/tuote\\\/pippurikuori-nalospice-80-mustapippurilla\\\/#primaryimage\"},\"image\":{\"@id\":\"https:\\\/\\\/saksavorst.ee\\\/fi\\\/tuote\\\/pippurikuori-nalospice-80-mustapippurilla\\\/#primaryimage\"},\"thumbnailUrl\":\"https:\\\/\\\/saksavorst.ee\\\/wp-content\\\/uploads\\\/2023\\\/02\\\/Piprasukk-NaloSpice-80-musta-pipraga-1.png\",\"datePublished\":\"2019-01-25T09:00:59+00:00\",\"dateModified\":\"2025-09-15T13:08:18+00:00\",\"breadcrumb\":{\"@id\":\"https:\\\/\\\/saksavorst.ee\\\/fi\\\/tuote\\\/pippurikuori-nalospice-80-mustapippurilla\\\/#breadcrumb\"},\"inLanguage\":\"fi\",\"potentialAction\":[{\"@type\":\"ReadAction\",\"target\":[\"https:\\\/\\\/saksavorst.ee\\\/fi\\\/tuote\\\/pippurikuori-nalospice-80-mustapippurilla\\\/\"]}]},{\"@type\":\"ImageObject\",\"inLanguage\":\"fi\",\"@id\":\"https:\\\/\\\/saksavorst.ee\\\/fi\\\/tuote\\\/pippurikuori-nalospice-80-mustapippurilla\\\/#primaryimage\",\"url\":\"https:\\\/\\\/saksavorst.ee\\\/wp-content\\\/uploads\\\/2023\\\/02\\\/Piprasukk-NaloSpice-80-musta-pipraga-1.png\",\"contentUrl\":\"https:\\\/\\\/saksavorst.ee\\\/wp-content\\\/uploads\\\/2023\\\/02\\\/Piprasukk-NaloSpice-80-musta-pipraga-1.png\",\"width\":797,\"height\":797},{\"@type\":\"BreadcrumbList\",\"@id\":\"https:\\\/\\\/saksavorst.ee\\\/fi\\\/tuote\\\/pippurikuori-nalospice-80-mustapippurilla\\\/#breadcrumb\",\"itemListElement\":[{\"@type\":\"ListItem\",\"position\":1,\"name\":\"Home\",\"item\":\"https:\\\/\\\/saksavorst.ee\\\/fi\\\/\"},{\"@type\":\"ListItem\",\"position\":2,\"name\":\"Kauppa\",\"item\":\"https:\\\/\\\/saksavorst.ee\\\/fi\\\/kauppa\\\/\"},{\"@type\":\"ListItem\",\"position\":3,\"name\":\"Pippurikuori NaloSpice 80 mustapippurilla\"}]},{\"@type\":\"WebSite\",\"@id\":\"https:\\\/\\\/saksavorst.ee\\\/fi\\\/#website\",\"url\":\"https:\\\/\\\/saksavorst.ee\\\/fi\\\/\",\"name\":\"Saksavorst\",\"description\":\"Feel the taste of emotions\",\"publisher\":{\"@id\":\"https:\\\/\\\/saksavorst.ee\\\/fi\\\/#organization\"},\"alternateName\":\"Veikand\",\"potentialAction\":[{\"@type\":\"SearchAction\",\"target\":{\"@type\":\"EntryPoint\",\"urlTemplate\":\"https:\\\/\\\/saksavorst.ee\\\/fi\\\/?s={search_term_string}\"},\"query-input\":{\"@type\":\"PropertyValueSpecification\",\"valueRequired\":true,\"valueName\":\"search_term_string\"}}],\"inLanguage\":\"fi\"},{\"@type\":\"Organization\",\"@id\":\"https:\\\/\\\/saksavorst.ee\\\/fi\\\/#organization\",\"name\":\"Saksavorst\",\"alternateName\":\"Veikand\",\"url\":\"https:\\\/\\\/saksavorst.ee\\\/fi\\\/\",\"logo\":{\"@type\":\"ImageObject\",\"inLanguage\":\"fi\",\"@id\":\"https:\\\/\\\/saksavorst.ee\\\/fi\\\/#\\\/schema\\\/logo\\\/image\\\/\",\"url\":\"https:\\\/\\\/saksavorst.ee\\\/wp-content\\\/uploads\\\/2023\\\/05\\\/veikand-logo.jpg\",\"contentUrl\":\"https:\\\/\\\/saksavorst.ee\\\/wp-content\\\/uploads\\\/2023\\\/05\\\/veikand-logo.jpg\",\"width\":217,\"height\":217,\"caption\":\"Saksavorst\"},\"image\":{\"@id\":\"https:\\\/\\\/saksavorst.ee\\\/fi\\\/#\\\/schema\\\/logo\\\/image\\\/\"},\"sameAs\":[\"https:\\\/\\\/www.facebook.com\\\/Veikand\"]}]}<\/script>\n<!-- \/ Yoast SEO plugin. -->","yoast_head_json":{"title":"Pippurikuori NaloSpice 80 mustapippurilla - Saksavorst","robots":{"index":"index","follow":"follow","max-snippet":"max-snippet:-1","max-image-preview":"max-image-preview:large","max-video-preview":"max-video-preview:-1"},"canonical":"https:\/\/saksavorst.ee\/fi\/tuote\/pippurikuori-nalospice-80-mustapippurilla\/","og_locale":"fi_FI","og_type":"article","og_title":"Pippurikuori NaloSpice 80 mustapippurilla - Saksavorst","og_description":"Savua l\u00e4p\u00e4isev\u00e4 kollageenikuori kevytsavustetuille ja savustetuille makkaroille sek\u00e4 keittokinkulle.","og_url":"https:\/\/saksavorst.ee\/fi\/tuote\/pippurikuori-nalospice-80-mustapippurilla\/","og_site_name":"Saksavorst","article_publisher":"https:\/\/www.facebook.com\/Veikand","article_modified_time":"2025-09-15T13:08:18+00:00","og_image":[{"width":797,"height":797,"url":"https:\/\/saksavorst.ee\/wp-content\/uploads\/2023\/02\/Piprasukk-NaloSpice-80-musta-pipraga-1.png","type":"image\/png"}],"twitter_card":"summary_large_image","twitter_misc":{"Arvioitu lukuaika":"1 minuutti"},"schema":{"@context":"https:\/\/schema.org","@graph":[{"@type":"WebPage","@id":"https:\/\/saksavorst.ee\/fi\/tuote\/pippurikuori-nalospice-80-mustapippurilla\/","url":"https:\/\/saksavorst.ee\/fi\/tuote\/pippurikuori-nalospice-80-mustapippurilla\/","name":"Pippurikuori NaloSpice 80 mustapippurilla - Saksavorst","isPartOf":{"@id":"https:\/\/saksavorst.ee\/fi\/#website"},"primaryImageOfPage":{"@id":"https:\/\/saksavorst.ee\/fi\/tuote\/pippurikuori-nalospice-80-mustapippurilla\/#primaryimage"},"image":{"@id":"https:\/\/saksavorst.ee\/fi\/tuote\/pippurikuori-nalospice-80-mustapippurilla\/#primaryimage"},"thumbnailUrl":"https:\/\/saksavorst.ee\/wp-content\/uploads\/2023\/02\/Piprasukk-NaloSpice-80-musta-pipraga-1.png","datePublished":"2019-01-25T09:00:59+00:00","dateModified":"2025-09-15T13:08:18+00:00","breadcrumb":{"@id":"https:\/\/saksavorst.ee\/fi\/tuote\/pippurikuori-nalospice-80-mustapippurilla\/#breadcrumb"},"inLanguage":"fi","potentialAction":[{"@type":"ReadAction","target":["https:\/\/saksavorst.ee\/fi\/tuote\/pippurikuori-nalospice-80-mustapippurilla\/"]}]},{"@type":"ImageObject","inLanguage":"fi","@id":"https:\/\/saksavorst.ee\/fi\/tuote\/pippurikuori-nalospice-80-mustapippurilla\/#primaryimage","url":"https:\/\/saksavorst.ee\/wp-content\/uploads\/2023\/02\/Piprasukk-NaloSpice-80-musta-pipraga-1.png","contentUrl":"https:\/\/saksavorst.ee\/wp-content\/uploads\/2023\/02\/Piprasukk-NaloSpice-80-musta-pipraga-1.png","width":797,"height":797},{"@type":"BreadcrumbList","@id":"https:\/\/saksavorst.ee\/fi\/tuote\/pippurikuori-nalospice-80-mustapippurilla\/#breadcrumb","itemListElement":[{"@type":"ListItem","position":1,"name":"Home","item":"https:\/\/saksavorst.ee\/fi\/"},{"@type":"ListItem","position":2,"name":"Kauppa","item":"https:\/\/saksavorst.ee\/fi\/kauppa\/"},{"@type":"ListItem","position":3,"name":"Pippurikuori NaloSpice 80 mustapippurilla"}]},{"@type":"WebSite","@id":"https:\/\/saksavorst.ee\/fi\/#website","url":"https:\/\/saksavorst.ee\/fi\/","name":"Saksavorst","description":"Feel the taste of emotions","publisher":{"@id":"https:\/\/saksavorst.ee\/fi\/#organization"},"alternateName":"Veikand","potentialAction":[{"@type":"SearchAction","target":{"@type":"EntryPoint","urlTemplate":"https:\/\/saksavorst.ee\/fi\/?s={search_term_string}"},"query-input":{"@type":"PropertyValueSpecification","valueRequired":true,"valueName":"search_term_string"}}],"inLanguage":"fi"},{"@type":"Organization","@id":"https:\/\/saksavorst.ee\/fi\/#organization","name":"Saksavorst","alternateName":"Veikand","url":"https:\/\/saksavorst.ee\/fi\/","logo":{"@type":"ImageObject","inLanguage":"fi","@id":"https:\/\/saksavorst.ee\/fi\/#\/schema\/logo\/image\/","url":"https:\/\/saksavorst.ee\/wp-content\/uploads\/2023\/05\/veikand-logo.jpg","contentUrl":"https:\/\/saksavorst.ee\/wp-content\/uploads\/2023\/05\/veikand-logo.jpg","width":217,"height":217,"caption":"Saksavorst"},"image":{"@id":"https:\/\/saksavorst.ee\/fi\/#\/schema\/logo\/image\/"},"sameAs":["https:\/\/www.facebook.com\/Veikand"]}]}},"_links":{"self":[{"href":"https:\/\/saksavorst.ee\/fi\/wp-json\/wp\/v2\/product\/18055","targetHints":{"allow":["GET"]}}],"collection":[{"href":"https:\/\/saksavorst.ee\/fi\/wp-json\/wp\/v2\/product"}],"about":[{"href":"https:\/\/saksavorst.ee\/fi\/wp-json\/wp\/v2\/types\/product"}],"version-history":[{"count":1,"href":"https:\/\/saksavorst.ee\/fi\/wp-json\/wp\/v2\/product\/18055\/revisions"}],"predecessor-version":[{"id":45745,"href":"https:\/\/saksavorst.ee\/fi\/wp-json\/wp\/v2\/product\/18055\/revisions\/45745"}],"wp:featuredmedia":[{"embeddable":true,"href":"https:\/\/saksavorst.ee\/fi\/wp-json\/wp\/v2\/media\/14720"}],"wp:attachment":[{"href":"https:\/\/saksavorst.ee\/fi\/wp-json\/wp\/v2\/media?parent=18055"}],"wp:term":[{"taxonomy":"product_brand","embeddable":true,"href":"https:\/\/saksavorst.ee\/fi\/wp-json\/wp\/v2\/product_brand?post=18055"},{"taxonomy":"product_cat","embeddable":true,"href":"https:\/\/saksavorst.ee\/fi\/wp-json\/wp\/v2\/product_cat?post=18055"},{"taxonomy":"product_tag","embeddable":true,"href":"https:\/\/saksavorst.ee\/fi\/wp-json\/wp\/v2\/product_tag?post=18055"}],"curies":[{"name":"wp","href":"https:\/\/api.w.org\/{rel}","templated":true}]}}